{"id":4381179,"date":"2026-04-06T13:56:28","date_gmt":"2026-04-06T12:56:28","guid":{"rendered":"https:\/\/tupique.com\/produit\/tablette-apple-md7j4ty-a-11-128-gb-rose-m4\/"},"modified":"2026-04-06T13:56:28","modified_gmt":"2026-04-06T12:56:28","slug":"tablette-apple-md7j4ty-a-11-128-gb-rose-m4","status":"publish","type":"product","link":"https:\/\/tupique.com\/pt\/produto\/tablette-apple-md7j4ty-a-11-128-gb-rose-m4\/","title":{"rendered":"Tablette Apple MD7J4TY\/A 11&#8243; 128 GB Rose M4"},"content":{"rendered":"<p>Se \u00e9 apaixonado por\u2019<b>inform\u00e1tica e eletr\u00f3nica<\/b>, Se est\u00e1 na vanguarda da tecnologia e n\u00e3o quer perder nada, compre <b>Tablette Apple MD7J4TY\/A 11&#8243; 128 GB Rose M4<\/b> ao melhor pre\u00e7o.<\/p>\n<p>La <b>comprimido<\/b> Apple en couleur <b>rose<\/b> pr\u00e9sente un design \u00e9l\u00e9gant et moderne, associ\u00e9 \u00e0 des performances techniques adapt\u00e9es tant aux professionnels qu\u2019aux utilisateurs recherchant un appareil polyvalent pour le divertissement. Elle dispose d\u2019un <b>Ecr\u00e3 de 11 polegadas<\/b> offrant un large espace visuel pour lire, naviguer, \u00e9diter des documents ou profiter de contenus multim\u00e9dias en haute d\u00e9finition. Sa <b>capacit\u00e9 de stockage de 128 Go<\/b> permet de conserver de nombreuses applications, fichiers, photos et vid\u00e9os sans souci d\u2019espace. C\u00f4t\u00e9 connectivit\u00e9, elle int\u00e8gre un port <b>USB-C<\/b> facilitant le transfert rapide de donn\u00e9es et la connexion avec les p\u00e9riph\u00e9riques actuels, ainsi que la technologie <b>Bluetooth<\/b> pour associer des accessoires sans fil comme claviers ou casques. Cette tablette est con\u00e7ue pour une utilisation mobile gr\u00e2ce \u00e0 sa prise en charge de la <b>connexion 5G<\/b>, garantissant une navigation stable et rapide partout o\u00f9 le r\u00e9seau est disponible. Concernant les formats multim\u00e9dias, elle est compatible avec l\u2019audio <b>AAC, ALAC e FLAC<\/b> pour une restitution sonore de haute qualit\u00e9, tandis que ses capacit\u00e9s vid\u00e9o supportent les standards <b>H.264 et HEVC<\/b>, id\u00e9aux pour visionner des contenus en haute d\u00e9finition. Cet ensemble de caract\u00e9ristiques fait de cet appareil un produit \u00e9quilibr\u00e9 alliant portabilit\u00e9, performance et connectivit\u00e9 avanc\u00e9e, id\u00e9al pour les utilisateurs recherchant une tablette fiable et \u00e0 jour dans l\u2019\u00e9cosyst\u00e8me Apple.<\/p>\n<ul>\n<li>Tipo:\n<ul>\n<li>Tablet<\/li>\n<li>Flash<\/li>\n<\/ul>\n<\/li>\n<li>Tipo de tomada: tomada UE<\/li>\n<li>Produto de encaixe: Sim<\/li>\n<li>Conectividade:\n<ul>\n<li>Wi-Fi<\/li>\n<li>Bluetooth<\/li>\n<li>GPS<\/li>\n<li>5G<\/li>\n<li>eSIM<\/li>\n<li>6 GHz Wi-Fi<\/li>\n<li>Bluetooth 5.3<\/li>\n<\/ul>\n<\/li>\n<li>Cor:\n<ul>\n<li>Ros\u00e9<\/li>\n<li>Rosa<\/li>\n<\/ul>\n<\/li>\n<li>M\u00e9moire RAM: 128 GB<\/li>\n<li>Formatos: AAC<\/li>\n<li>Carater\u00edsticas:\n<ul>\n<li>Sensor de luz ambiente<\/li>\n<li>eSIM<\/li>\n<li>Controlo por voz<\/li>\n<li>C\u00e2mara frontal<\/li>\n<li>Microfone incorporado<\/li>\n<li>Autofocus<\/li>\n<li>Pilha inclu\u00edda<\/li>\n<li>Estabilizador de imagem<\/li>\n<li>2 altifalantes<\/li>\n<li>Leitor de impress\u00f5es digitais<\/li>\n<li>Liga\u00e7\u00e3o \u00e0 rede m\u00f3vel<\/li>\n<li>B\u00fassola eletr\u00f3nica<\/li>\n<li>Ecr\u00e3 com cantos arredondados<\/li>\n<\/ul>\n<\/li>\n<li>Profondeur: 7 mm<\/li>\n<li>Liga\u00e7\u00f5es:\n<ul>\n<li>USB-C<\/li>\n<li>USB-C 2.0<\/li>\n<\/ul>\n<\/li>\n<li>C\u00e2mara:\n<ul>\n<li>12 mpx<\/li>\n<li>12 MP<\/li>\n<li>Traseira<\/li>\n<\/ul>\n<\/li>\n<li>Sistema operativo:\n<ul>\n<li>iPadOS<\/li>\n<li>iOS<\/li>\n<\/ul>\n<\/li>\n<li>Ecr\u00e3: 11\u2033<\/li>\n<li>Mem\u00f3ria interna: 128 GB<\/li>\n<li>Material: Alum\u00ednio<\/li>\n<li>Fun\u00e7\u00f5es:\n<ul>\n<li>Bar\u00f3metro<\/li>\n<li>Aceler\u00f3metro<\/li>\n<li>Geolocaliza\u00e7\u00e3o<\/li>\n<\/ul>\n<\/li>\n<li>Abertura: F\/1.8<\/li>\n<li>Tecnologia:\n<ul>\n<li>LED<\/li>\n<li>IPS<\/li>\n<li>M\u00edmica<\/li>\n<li>Capacitivo<\/li>\n<\/ul>\n<\/li>\n<li>Fonte de alimenta\u00e7\u00e3o: USB<\/li>\n<li>Brilho: 500 cd\/m2<\/li>\n<li>N\u00e3o inclu\u00eddo: adaptador AC<\/li>\n<li>Certificado: ENERGY STAR<\/li>\n<li>Compat\u00edvel: iPadOS<\/li>\n<li>Tipo de bateria: i\u00f5es de l\u00edtio<\/li>\n<li>Resolu\u00e7\u00e3o: 2360 x 1640 px<\/li>\n<li>N\u00facleos: 16 n\u00facleos<\/li>\n<li>Resolu\u00e7\u00e3o (px):\n<ul>\n<li>3840 x 2160 px<\/li>\n<li>2160 px<\/li>\n<\/ul>\n<\/li>\n<li>Diagonal do ecr\u00e3 (cm): 27,9 cm<\/li>\n<li>Tempo de funcionamento aproximado: 10 horas<\/li>\n<li>Processeur: M4<\/li>\n<\/ul>","protected":false},"excerpt":{"rendered":"<p>Si vous \u00eates passionn\u00e9 d&#8217;informatique et d&#8217;\u00e9lectronique, si vous \u00eates \u00e0 la pointe de la technologie et qu&#8217;aucun d\u00e9tail ne<\/p>","protected":false},"featured_media":4381159,"comment_status":"open","ping_status":"closed","template":"","meta":{"_joinchat":[]},"product_brand":[157892],"product_cat":[157523,157516,157560],"product_tag":[157522,157515],"class_list":{"0":"post-4381179","1":"product","2":"type-product","3":"status-publish","4":"has-post-thumbnail","6":"product_brand-brandp_533","7":"product_cat-electronique-telephonie-et-tablettes","8":"product_cat-informatique-electronique","9":"product_cat-tablettes","10":"product_tag-tag_547","11":"product_tag-tag_1295","13":"first","14":"instock","15":"taxable","16":"shipping-taxable","17":"purchasable","18":"product-type-simple"},"yoast_head":"<!-- This site is optimized with the Yoast SEO plugin v27.2 - https:\/\/yoast.com\/product\/yoast-seo-wordpress\/ -->\n<title>Tablette Apple MD7J4TY\/A 11&quot; 128 GB Rose M4 - Tupique<\/title>\n<meta name=\"description\" content=\"Vous cherchez Tablette Apple MD7J4TY\/A 11&quot; 128 GB Rose M4 ? Achetez des produits chez Tupique. Profitez de la livraison gratuite pour obtenir Tablette Apple MD7J4TY\/A 11&quot; 128 GB Rose M4 d\u00e8s maintenant.\" \/>\n<meta name=\"robots\" content=\"index, follow, max-snippet:-1, max-image-preview:large, max-video-preview:-1\" \/>\n<link rel=\"canonical\" href=\"https:\/\/tupique.com\/pt\/produto\/tablette-apple-md7j4ty-a-11-128-gb-rose-m4\/\" \/>\n<meta property=\"og:locale\" content=\"pt_PT\" \/>\n<meta property=\"og:type\" content=\"article\" \/>\n<meta property=\"og:title\" content=\"Tablette Apple MD7J4TY\/A 11&quot; 128 GB Rose M4 - Tupique\" \/>\n<meta property=\"og:description\" content=\"Vous cherchez Tablette Apple MD7J4TY\/A 11&quot; 128 GB Rose M4 ? Achetez des produits chez Tupique. Profitez de la livraison gratuite pour obtenir Tablette Apple MD7J4TY\/A 11&quot; 128 GB Rose M4 d\u00e8s maintenant.\" \/>\n<meta property=\"og:url\" content=\"https:\/\/tupique.com\/pt\/produto\/tablette-apple-md7j4ty-a-11-128-gb-rose-m4\/\" \/>\n<meta property=\"og:site_name\" content=\"Tupique\" \/>\n<meta name=\"twitter:card\" content=\"summary_large_image\" \/>\n<meta name=\"twitter:label1\" content=\"Tempo estimado de leitura\" \/>\n\t<meta name=\"twitter:data1\" content=\"2 minutos\" \/>\n<script type=\"application\/ld+json\" class=\"yoast-schema-graph\">{\"@context\":\"https:\/\/schema.org\",\"@graph\":[{\"@type\":\"WebPage\",\"@id\":\"https:\/\/tupique.com\/produit\/tablette-apple-md7j4ty-a-11-128-gb-rose-m4\/\",\"url\":\"https:\/\/tupique.com\/produit\/tablette-apple-md7j4ty-a-11-128-gb-rose-m4\/\",\"name\":\"Tablette Apple MD7J4TY\/A 11\\\" 128 GB Rose M4 - Tupique\",\"isPartOf\":{\"@id\":\"https:\/\/tupique.com\/#website\"},\"primaryImageOfPage\":{\"@id\":\"https:\/\/tupique.com\/produit\/tablette-apple-md7j4ty-a-11-128-gb-rose-m4\/#primaryimage\"},\"image\":{\"@id\":\"https:\/\/tupique.com\/produit\/tablette-apple-md7j4ty-a-11-128-gb-rose-m4\/#primaryimage\"},\"thumbnailUrl\":\"https:\/\/tupique.com\/wp-content\/uploads\/2026\/04\/0195950105391_S71014944_P01.jpg\",\"datePublished\":\"2026-04-06T12:56:28+00:00\",\"description\":\"Vous cherchez Tablette Apple MD7J4TY\/A 11\\\" 128 GB Rose M4 ? Achetez des produits chez Tupique. Profitez de la livraison gratuite pour obtenir Tablette Apple MD7J4TY\/A 11\\\" 128 GB Rose M4 d\u00e8s maintenant.\",\"breadcrumb\":{\"@id\":\"https:\/\/tupique.com\/produit\/tablette-apple-md7j4ty-a-11-128-gb-rose-m4\/#breadcrumb\"},\"inLanguage\":\"pt-PT\",\"potentialAction\":[{\"@type\":\"ReadAction\",\"target\":[\"https:\/\/tupique.com\/produit\/tablette-apple-md7j4ty-a-11-128-gb-rose-m4\/\"]}]},{\"@type\":\"ImageObject\",\"inLanguage\":\"pt-PT\",\"@id\":\"https:\/\/tupique.com\/produit\/tablette-apple-md7j4ty-a-11-128-gb-rose-m4\/#primaryimage\",\"url\":\"https:\/\/tupique.com\/wp-content\/uploads\/2026\/04\/0195950105391_S71014944_P01.jpg\",\"contentUrl\":\"https:\/\/tupique.com\/wp-content\/uploads\/2026\/04\/0195950105391_S71014944_P01.jpg\",\"width\":1200,\"height\":1200,\"caption\":\"M0805854_0\"},{\"@type\":\"BreadcrumbList\",\"@id\":\"https:\/\/tupique.com\/produit\/tablette-apple-md7j4ty-a-11-128-gb-rose-m4\/#breadcrumb\",\"itemListElement\":[{\"@type\":\"ListItem\",\"position\":1,\"name\":\"In\u00edcio\",\"item\":\"https:\/\/tupique.com\/\"},{\"@type\":\"ListItem\",\"position\":2,\"name\":\"Boutique\",\"item\":\"https:\/\/tupique.com\/en\/boutique\/\"},{\"@type\":\"ListItem\",\"position\":3,\"name\":\"Tablette Apple MD7J4TY\/A 11&#8243; 128 GB Rose M4\"}]},{\"@type\":\"WebSite\",\"@id\":\"https:\/\/tupique.com\/#website\",\"url\":\"https:\/\/tupique.com\/\",\"name\":\"Tupique\",\"description\":\"Marketplace\",\"publisher\":{\"@id\":\"https:\/\/tupique.com\/#organization\"},\"potentialAction\":[{\"@type\":\"SearchAction\",\"target\":{\"@type\":\"EntryPoint\",\"urlTemplate\":\"https:\/\/tupique.com\/?s={search_term_string}\"},\"query-input\":{\"@type\":\"PropertyValueSpecification\",\"valueRequired\":true,\"valueName\":\"search_term_string\"}}],\"inLanguage\":\"pt-PT\"},{\"@type\":\"Organization\",\"@id\":\"https:\/\/tupique.com\/#organization\",\"name\":\"Tupique\",\"url\":\"https:\/\/tupique.com\/\",\"logo\":{\"@type\":\"ImageObject\",\"inLanguage\":\"pt-PT\",\"@id\":\"https:\/\/tupique.com\/#\/schema\/logo\/image\/\",\"url\":\"https:\/\/tupique.com\/wp-content\/uploads\/2024\/09\/logo.png\",\"contentUrl\":\"https:\/\/tupique.com\/wp-content\/uploads\/2024\/09\/logo.png\",\"width\":1118,\"height\":310,\"caption\":\"Tupique\"},\"image\":{\"@id\":\"https:\/\/tupique.com\/#\/schema\/logo\/image\/\"}}]}<\/script>\n<!-- \/ Yoast SEO plugin. -->","yoast_head_json":{"title":"Tablette Apple MD7J4TY\/A 11\" 128 GB Rose M4 - Tupique","description":"Vous cherchez Tablette Apple MD7J4TY\/A 11\" 128 GB Rose M4 ? Achetez des produits chez Tupique. Profitez de la livraison gratuite pour obtenir Tablette Apple MD7J4TY\/A 11\" 128 GB Rose M4 d\u00e8s maintenant.","robots":{"index":"index","follow":"follow","max-snippet":"max-snippet:-1","max-image-preview":"max-image-preview:large","max-video-preview":"max-video-preview:-1"},"canonical":"https:\/\/tupique.com\/pt\/produto\/tablette-apple-md7j4ty-a-11-128-gb-rose-m4\/","og_locale":"pt_PT","og_type":"article","og_title":"Tablette Apple MD7J4TY\/A 11\" 128 GB Rose M4 - Tupique","og_description":"Vous cherchez Tablette Apple MD7J4TY\/A 11\" 128 GB Rose M4 ? Achetez des produits chez Tupique. Profitez de la livraison gratuite pour obtenir Tablette Apple MD7J4TY\/A 11\" 128 GB Rose M4 d\u00e8s maintenant.","og_url":"https:\/\/tupique.com\/pt\/produto\/tablette-apple-md7j4ty-a-11-128-gb-rose-m4\/","og_site_name":"Tupique","twitter_card":"summary_large_image","twitter_misc":{"Tempo estimado de leitura":"2 minutos"},"schema":{"@context":"https:\/\/schema.org","@graph":[{"@type":"WebPage","@id":"https:\/\/tupique.com\/produit\/tablette-apple-md7j4ty-a-11-128-gb-rose-m4\/","url":"https:\/\/tupique.com\/produit\/tablette-apple-md7j4ty-a-11-128-gb-rose-m4\/","name":"Tablette Apple MD7J4TY\/A 11\" 128 GB Rose M4 - Tupique","isPartOf":{"@id":"https:\/\/tupique.com\/#website"},"primaryImageOfPage":{"@id":"https:\/\/tupique.com\/produit\/tablette-apple-md7j4ty-a-11-128-gb-rose-m4\/#primaryimage"},"image":{"@id":"https:\/\/tupique.com\/produit\/tablette-apple-md7j4ty-a-11-128-gb-rose-m4\/#primaryimage"},"thumbnailUrl":"https:\/\/tupique.com\/wp-content\/uploads\/2026\/04\/0195950105391_S71014944_P01.jpg","datePublished":"2026-04-06T12:56:28+00:00","description":"Vous cherchez Tablette Apple MD7J4TY\/A 11\" 128 GB Rose M4 ? Achetez des produits chez Tupique. Profitez de la livraison gratuite pour obtenir Tablette Apple MD7J4TY\/A 11\" 128 GB Rose M4 d\u00e8s maintenant.","breadcrumb":{"@id":"https:\/\/tupique.com\/produit\/tablette-apple-md7j4ty-a-11-128-gb-rose-m4\/#breadcrumb"},"inLanguage":"pt-PT","potentialAction":[{"@type":"ReadAction","target":["https:\/\/tupique.com\/produit\/tablette-apple-md7j4ty-a-11-128-gb-rose-m4\/"]}]},{"@type":"ImageObject","inLanguage":"pt-PT","@id":"https:\/\/tupique.com\/produit\/tablette-apple-md7j4ty-a-11-128-gb-rose-m4\/#primaryimage","url":"https:\/\/tupique.com\/wp-content\/uploads\/2026\/04\/0195950105391_S71014944_P01.jpg","contentUrl":"https:\/\/tupique.com\/wp-content\/uploads\/2026\/04\/0195950105391_S71014944_P01.jpg","width":1200,"height":1200,"caption":"M0805854_0"},{"@type":"BreadcrumbList","@id":"https:\/\/tupique.com\/produit\/tablette-apple-md7j4ty-a-11-128-gb-rose-m4\/#breadcrumb","itemListElement":[{"@type":"ListItem","position":1,"name":"In\u00edcio","item":"https:\/\/tupique.com\/"},{"@type":"ListItem","position":2,"name":"Boutique","item":"https:\/\/tupique.com\/en\/boutique\/"},{"@type":"ListItem","position":3,"name":"Tablette Apple MD7J4TY\/A 11&#8243; 128 GB Rose M4"}]},{"@type":"WebSite","@id":"https:\/\/tupique.com\/#website","url":"https:\/\/tupique.com\/","name":"Tupique","description":"Marketplace","publisher":{"@id":"https:\/\/tupique.com\/#organization"},"potentialAction":[{"@type":"SearchAction","target":{"@type":"EntryPoint","urlTemplate":"https:\/\/tupique.com\/?s={search_term_string}"},"query-input":{"@type":"PropertyValueSpecification","valueRequired":true,"valueName":"search_term_string"}}],"inLanguage":"pt-PT"},{"@type":"Organization","@id":"https:\/\/tupique.com\/#organization","name":"Tupique","url":"https:\/\/tupique.com\/","logo":{"@type":"ImageObject","inLanguage":"pt-PT","@id":"https:\/\/tupique.com\/#\/schema\/logo\/image\/","url":"https:\/\/tupique.com\/wp-content\/uploads\/2024\/09\/logo.png","contentUrl":"https:\/\/tupique.com\/wp-content\/uploads\/2024\/09\/logo.png","width":1118,"height":310,"caption":"Tupique"},"image":{"@id":"https:\/\/tupique.com\/#\/schema\/logo\/image\/"}}]}},"jetpack_sharing_enabled":true,"_links":{"self":[{"href":"https:\/\/tupique.com\/pt\/wp-json\/wp\/v2\/product\/4381179","targetHints":{"allow":["GET"]}}],"collection":[{"href":"https:\/\/tupique.com\/pt\/wp-json\/wp\/v2\/product"}],"about":[{"href":"https:\/\/tupique.com\/pt\/wp-json\/wp\/v2\/types\/product"}],"replies":[{"embeddable":true,"href":"https:\/\/tupique.com\/pt\/wp-json\/wp\/v2\/comments?post=4381179"}],"wp:featuredmedia":[{"embeddable":true,"href":"https:\/\/tupique.com\/pt\/wp-json\/wp\/v2\/media\/4381159"}],"wp:attachment":[{"href":"https:\/\/tupique.com\/pt\/wp-json\/wp\/v2\/media?parent=4381179"}],"wp:term":[{"taxonomy":"product_brand","embeddable":true,"href":"https:\/\/tupique.com\/pt\/wp-json\/wp\/v2\/product_brand?post=4381179"},{"taxonomy":"product_cat","embeddable":true,"href":"https:\/\/tupique.com\/pt\/wp-json\/wp\/v2\/product_cat?post=4381179"},{"taxonomy":"product_tag","embeddable":true,"href":"https:\/\/tupique.com\/pt\/wp-json\/wp\/v2\/product_tag?post=4381179"}],"curies":[{"name":"wp","href":"https:\/\/api.w.org\/{rel}","templated":true}]}}