{"id":4381609,"date":"2026-04-07T14:56:08","date_gmt":"2026-04-07T13:56:08","guid":{"rendered":"https:\/\/tupique.com\/produit\/smartphone-honor-brp-nx1-678-octa-core-8-gb-ram-512-gb-pourpre\/"},"modified":"2026-04-07T14:56:08","modified_gmt":"2026-04-07T13:56:08","slug":"smartphone-honor-brp-nx1-678-octa-core-8-gb-ram-512-gb-pourpre","status":"publish","type":"product","link":"https:\/\/tupique.com\/pt\/produto\/smartphone-honor-brp-nx1-678-octa-core-8-gb-ram-512-gb-pourpre\/","title":{"rendered":"Smartphone Honor BRP-NX1 6,78&#8243; Octa Core 8 GB RAM 512 GB Pourpre"},"content":{"rendered":"<p>Se \u00e9 apaixonado por\u2019<b>inform\u00e1tica e eletr\u00f3nica<\/b>, Se est\u00e1 na vanguarda da tecnologia e n\u00e3o quer perder nada, compre <b>Smartphone Honor BRP-NX1 6,78&#8243; Octa Core 8 GB RAM 512 GB Pourpre<\/b> ao melhor pre\u00e7o.<\/p>\n<p>Le <b>smartphone Honor<\/b> se distingue par sa combinaison de performance polyvalente et de design moderne dans une couleur <b>violette<\/b> attrayante. Il est \u00e9quip\u00e9 d\u2019une m\u00e9moire g\u00e9n\u00e9reuse de <b>8 Go de RAM<\/b>, permettant un multit\u00e2che fluide et une bonne gestion des applications exigeantes, ainsi que d\u2019une grande capacit\u00e9 de stockage interne de <b>512 Go<\/b>, id\u00e9ale pour les utilisateurs ayant besoin d\u2019espace pour fichiers multim\u00e9dias, applications et documents sans souci de place. Son \u00e9cran de <b>6,78 pouces<\/b> offre un format large facilitant le visionnage confortable de contenus, la navigation et la lecture de vid\u00e9os, maximisant l\u2019exp\u00e9rience visuelle. Pour la connectivit\u00e9, il int\u00e8gre des technologies adapt\u00e9es aux communications actuelles telles que <b>USB-C<\/b> et r\u00e9seaux <b>4G<\/b>, garantissant des transferts rapides et des connexions stables, et assure la compatibilit\u00e9 avec les standards habituels des smartphones Android, favorisant la flexibilit\u00e9 d\u2019usage et de charge. Fabriqu\u00e9 en Chine, l\u2019appareil pr\u00e9sente les caract\u00e9ristiques typiques d\u2019un t\u00e9l\u00e9phone Android, destin\u00e9 aux utilisateurs recherchant des fonctions pratiques et un \u00e9quilibre de performance dans un terminal \u00e0 grande capacit\u00e9 m\u00e9moire et stockage. Dans l\u2019ensemble, cet Honor est une option solide pour ceux qui cherchent un <b>smartphone avec haute capacit\u00e9 de m\u00e9moire et d\u2019espace<\/b>, adapt\u00e9 \u00e0 un usage intensif quotidien et multim\u00e9dia.<\/p>\n<ul>\n<li>Tipo de tomada: tomada UE<\/li>\n<li>Tipo: Smartphone<\/li>\n<li>Produto de encaixe: Sim<\/li>\n<li>Diagonale de l&#8217;\u00e9cran (cm): 17,2 cm<\/li>\n<li>Facteur de forme: Bar<\/li>\n<li>M\u00e9moire RAM:\n<ul>\n<li>8 GB<\/li>\n<li>8 GB RAM<\/li>\n<\/ul>\n<\/li>\n<li>Inclut: C\u00e2ble USB-C<\/li>\n<li>Processeur:\n<ul>\n<li>Qualcomm<\/li>\n<li>Octa Core<\/li>\n<\/ul>\n<\/li>\n<li>Sistema operativo:\n<ul>\n<li>Android 14<\/li>\n<li>Android<\/li>\n<\/ul>\n<\/li>\n<li>Bloc d\u2019Alimentation: r\u00e9seau \u00e9lectrique<\/li>\n<li>Indice de r\u00e9parabilit\u00e9: 8.2<\/li>\n<li>Tecnologia:\n<ul>\n<li>AMOLED<\/li>\n<li>OLED<\/li>\n<\/ul>\n<\/li>\n<li>Capacit\u00e9 de la batterie: 6600 MAH<\/li>\n<li>Ecran: 6,78&#8243;<\/li>\n<li>puissance: 66 W<\/li>\n<li>Conectividade:\n<ul>\n<li>Wi-Fi<\/li>\n<li>NFC<\/li>\n<li>4G<\/li>\n<li>5G<\/li>\n<\/ul>\n<\/li>\n<li>C\u00e2mara:\n<ul>\n<li>16 mpx<\/li>\n<li>Dual<\/li>\n<li>5 Mp<\/li>\n<li>16 MP<\/li>\n<li>Frente<\/li>\n<li>108 Mp<\/li>\n<\/ul>\n<\/li>\n<li>Liga\u00e7\u00f5es:\n<ul>\n<li>USB-C<\/li>\n<li>USB<\/li>\n<\/ul>\n<\/li>\n<li>Mem\u00f3ria interna: 512 GB<\/li>\n<li>Couleur: Pourpre<\/li>\n<li>Classifica\u00e7\u00e3o energ\u00e9tica: B<\/li>\n<li>Batterie au lithium rechargeable: 6600 mAh<\/li>\n<li>N\u00e3o inclu\u00eddo: adaptador AC<\/li>\n<li>Fr\u00e9quence: 120 Hz<\/li>\n<li>Fam\u00edlia de processadores: Qualcomm Snapdragon<\/li>\n<li>Caract\u00e9ristiques: \u00c9cran plat<\/li>\n<\/ul>","protected":false},"excerpt":{"rendered":"<p>Si vous \u00eates passionn\u00e9 d&#8217;informatique et d&#8217;\u00e9lectronique, si vous \u00eates \u00e0 la pointe de la technologie et qu&#8217;aucun d\u00e9tail ne<\/p>","protected":false},"featured_media":4381598,"comment_status":"open","ping_status":"closed","template":"","meta":{"_joinchat":[]},"product_brand":[158128],"product_cat":[157523,157516,157524],"product_tag":[157514,157522,157515],"class_list":{"0":"post-4381609","1":"product","2":"type-product","3":"status-publish","4":"has-post-thumbnail","6":"product_brand-brandp_1272","7":"product_cat-electronique-telephonie-et-tablettes","8":"product_cat-informatique-electronique","9":"product_cat-telephones-portables","10":"product_tag-tag_933","11":"product_tag-tag_547","12":"product_tag-tag_1295","14":"first","15":"outofstock","16":"taxable","17":"shipping-taxable","18":"purchasable","19":"product-type-simple"},"yoast_head":"<!-- This site is optimized with the Yoast SEO plugin v27.2 - https:\/\/yoast.com\/product\/yoast-seo-wordpress\/ -->\n<title>Smartphone Honor BRP-NX1 6,78&quot; Octa Core 8 GB RAM 512 GB Pourpre - Tupique<\/title>\n<meta name=\"description\" content=\"Vous cherchez Smartphone Honor BRP-NX1 6,78&quot; Octa Core 8 GB RAM 512 GB Pourpre ? Achetez des produits chez Tupique. Profitez de la livraison gratuite pour obtenir Smartphone Honor BRP-NX1 6,78&quot; Octa Core 8 GB RAM 512 GB Pourpre d\u00e8s maintenant.\" \/>\n<meta name=\"robots\" content=\"index, follow, max-snippet:-1, max-image-preview:large, max-video-preview:-1\" \/>\n<link rel=\"canonical\" href=\"https:\/\/tupique.com\/pt\/produto\/smartphone-honor-brp-nx1-678-octa-core-8-gb-ram-512-gb-pourpre\/\" \/>\n<meta property=\"og:locale\" content=\"pt_PT\" \/>\n<meta property=\"og:type\" content=\"article\" \/>\n<meta property=\"og:title\" content=\"Smartphone Honor BRP-NX1 6,78&quot; Octa Core 8 GB RAM 512 GB Pourpre - Tupique\" \/>\n<meta property=\"og:description\" content=\"Vous cherchez Smartphone Honor BRP-NX1 6,78&quot; Octa Core 8 GB RAM 512 GB Pourpre ? Achetez des produits chez Tupique. Profitez de la livraison gratuite pour obtenir Smartphone Honor BRP-NX1 6,78&quot; Octa Core 8 GB RAM 512 GB Pourpre d\u00e8s maintenant.\" \/>\n<meta property=\"og:url\" content=\"https:\/\/tupique.com\/pt\/produto\/smartphone-honor-brp-nx1-678-octa-core-8-gb-ram-512-gb-pourpre\/\" \/>\n<meta property=\"og:site_name\" content=\"Tupique\" \/>\n<meta name=\"twitter:card\" content=\"summary_large_image\" \/>\n<meta name=\"twitter:label1\" content=\"Tempo estimado de leitura\" \/>\n\t<meta name=\"twitter:data1\" content=\"2 minutos\" \/>\n<script type=\"application\/ld+json\" class=\"yoast-schema-graph\">{\"@context\":\"https:\/\/schema.org\",\"@graph\":[{\"@type\":\"WebPage\",\"@id\":\"https:\/\/tupique.com\/produit\/smartphone-honor-brp-nx1-678-octa-core-8-gb-ram-512-gb-pourpre\/\",\"url\":\"https:\/\/tupique.com\/produit\/smartphone-honor-brp-nx1-678-octa-core-8-gb-ram-512-gb-pourpre\/\",\"name\":\"Smartphone Honor BRP-NX1 6,78\\\" Octa Core 8 GB RAM 512 GB Pourpre - Tupique\",\"isPartOf\":{\"@id\":\"https:\/\/tupique.com\/#website\"},\"primaryImageOfPage\":{\"@id\":\"https:\/\/tupique.com\/produit\/smartphone-honor-brp-nx1-678-octa-core-8-gb-ram-512-gb-pourpre\/#primaryimage\"},\"image\":{\"@id\":\"https:\/\/tupique.com\/produit\/smartphone-honor-brp-nx1-678-octa-core-8-gb-ram-512-gb-pourpre\/#primaryimage\"},\"thumbnailUrl\":\"https:\/\/tupique.com\/wp-content\/uploads\/2026\/04\/6936520858682_M0325712_P01.jpg\",\"datePublished\":\"2026-04-07T13:56:08+00:00\",\"description\":\"Vous cherchez Smartphone Honor BRP-NX1 6,78\\\" Octa Core 8 GB RAM 512 GB Pourpre ? Achetez des produits chez Tupique. Profitez de la livraison gratuite pour obtenir Smartphone Honor BRP-NX1 6,78\\\" Octa Core 8 GB RAM 512 GB Pourpre d\u00e8s maintenant.\",\"breadcrumb\":{\"@id\":\"https:\/\/tupique.com\/produit\/smartphone-honor-brp-nx1-678-octa-core-8-gb-ram-512-gb-pourpre\/#breadcrumb\"},\"inLanguage\":\"pt-PT\",\"potentialAction\":[{\"@type\":\"ReadAction\",\"target\":[\"https:\/\/tupique.com\/produit\/smartphone-honor-brp-nx1-678-octa-core-8-gb-ram-512-gb-pourpre\/\"]}]},{\"@type\":\"ImageObject\",\"inLanguage\":\"pt-PT\",\"@id\":\"https:\/\/tupique.com\/produit\/smartphone-honor-brp-nx1-678-octa-core-8-gb-ram-512-gb-pourpre\/#primaryimage\",\"url\":\"https:\/\/tupique.com\/wp-content\/uploads\/2026\/04\/6936520858682_M0325712_P01.jpg\",\"contentUrl\":\"https:\/\/tupique.com\/wp-content\/uploads\/2026\/04\/6936520858682_M0325712_P01.jpg\",\"width\":1200,\"height\":1200,\"caption\":\"M0805900_0\"},{\"@type\":\"BreadcrumbList\",\"@id\":\"https:\/\/tupique.com\/produit\/smartphone-honor-brp-nx1-678-octa-core-8-gb-ram-512-gb-pourpre\/#breadcrumb\",\"itemListElement\":[{\"@type\":\"ListItem\",\"position\":1,\"name\":\"In\u00edcio\",\"item\":\"https:\/\/tupique.com\/\"},{\"@type\":\"ListItem\",\"position\":2,\"name\":\"Boutique\",\"item\":\"https:\/\/tupique.com\/en\/boutique\/\"},{\"@type\":\"ListItem\",\"position\":3,\"name\":\"Smartphone Honor BRP-NX1 6,78&#8243; Octa Core 8 GB RAM 512 GB Pourpre\"}]},{\"@type\":\"WebSite\",\"@id\":\"https:\/\/tupique.com\/#website\",\"url\":\"https:\/\/tupique.com\/\",\"name\":\"Tupique\",\"description\":\"Marketplace\",\"publisher\":{\"@id\":\"https:\/\/tupique.com\/#organization\"},\"potentialAction\":[{\"@type\":\"SearchAction\",\"target\":{\"@type\":\"EntryPoint\",\"urlTemplate\":\"https:\/\/tupique.com\/?s={search_term_string}\"},\"query-input\":{\"@type\":\"PropertyValueSpecification\",\"valueRequired\":true,\"valueName\":\"search_term_string\"}}],\"inLanguage\":\"pt-PT\"},{\"@type\":\"Organization\",\"@id\":\"https:\/\/tupique.com\/#organization\",\"name\":\"Tupique\",\"url\":\"https:\/\/tupique.com\/\",\"logo\":{\"@type\":\"ImageObject\",\"inLanguage\":\"pt-PT\",\"@id\":\"https:\/\/tupique.com\/#\/schema\/logo\/image\/\",\"url\":\"https:\/\/tupique.com\/wp-content\/uploads\/2024\/09\/logo.png\",\"contentUrl\":\"https:\/\/tupique.com\/wp-content\/uploads\/2024\/09\/logo.png\",\"width\":1118,\"height\":310,\"caption\":\"Tupique\"},\"image\":{\"@id\":\"https:\/\/tupique.com\/#\/schema\/logo\/image\/\"}}]}<\/script>\n<!-- \/ Yoast SEO plugin. -->","yoast_head_json":{"title":"Smartphone Honor BRP-NX1 6,78\" Octa Core 8 GB RAM 512 GB Pourpre - Tupique","description":"Vous cherchez Smartphone Honor BRP-NX1 6,78\" Octa Core 8 GB RAM 512 GB Pourpre ? Achetez des produits chez Tupique. Profitez de la livraison gratuite pour obtenir Smartphone Honor BRP-NX1 6,78\" Octa Core 8 GB RAM 512 GB Pourpre d\u00e8s maintenant.","robots":{"index":"index","follow":"follow","max-snippet":"max-snippet:-1","max-image-preview":"max-image-preview:large","max-video-preview":"max-video-preview:-1"},"canonical":"https:\/\/tupique.com\/pt\/produto\/smartphone-honor-brp-nx1-678-octa-core-8-gb-ram-512-gb-pourpre\/","og_locale":"pt_PT","og_type":"article","og_title":"Smartphone Honor BRP-NX1 6,78\" Octa Core 8 GB RAM 512 GB Pourpre - Tupique","og_description":"Vous cherchez Smartphone Honor BRP-NX1 6,78\" Octa Core 8 GB RAM 512 GB Pourpre ? Achetez des produits chez Tupique. Profitez de la livraison gratuite pour obtenir Smartphone Honor BRP-NX1 6,78\" Octa Core 8 GB RAM 512 GB Pourpre d\u00e8s maintenant.","og_url":"https:\/\/tupique.com\/pt\/produto\/smartphone-honor-brp-nx1-678-octa-core-8-gb-ram-512-gb-pourpre\/","og_site_name":"Tupique","twitter_card":"summary_large_image","twitter_misc":{"Tempo estimado de leitura":"2 minutos"},"schema":{"@context":"https:\/\/schema.org","@graph":[{"@type":"WebPage","@id":"https:\/\/tupique.com\/produit\/smartphone-honor-brp-nx1-678-octa-core-8-gb-ram-512-gb-pourpre\/","url":"https:\/\/tupique.com\/produit\/smartphone-honor-brp-nx1-678-octa-core-8-gb-ram-512-gb-pourpre\/","name":"Smartphone Honor BRP-NX1 6,78\" Octa Core 8 GB RAM 512 GB Pourpre - Tupique","isPartOf":{"@id":"https:\/\/tupique.com\/#website"},"primaryImageOfPage":{"@id":"https:\/\/tupique.com\/produit\/smartphone-honor-brp-nx1-678-octa-core-8-gb-ram-512-gb-pourpre\/#primaryimage"},"image":{"@id":"https:\/\/tupique.com\/produit\/smartphone-honor-brp-nx1-678-octa-core-8-gb-ram-512-gb-pourpre\/#primaryimage"},"thumbnailUrl":"https:\/\/tupique.com\/wp-content\/uploads\/2026\/04\/6936520858682_M0325712_P01.jpg","datePublished":"2026-04-07T13:56:08+00:00","description":"Vous cherchez Smartphone Honor BRP-NX1 6,78\" Octa Core 8 GB RAM 512 GB Pourpre ? Achetez des produits chez Tupique. Profitez de la livraison gratuite pour obtenir Smartphone Honor BRP-NX1 6,78\" Octa Core 8 GB RAM 512 GB Pourpre d\u00e8s maintenant.","breadcrumb":{"@id":"https:\/\/tupique.com\/produit\/smartphone-honor-brp-nx1-678-octa-core-8-gb-ram-512-gb-pourpre\/#breadcrumb"},"inLanguage":"pt-PT","potentialAction":[{"@type":"ReadAction","target":["https:\/\/tupique.com\/produit\/smartphone-honor-brp-nx1-678-octa-core-8-gb-ram-512-gb-pourpre\/"]}]},{"@type":"ImageObject","inLanguage":"pt-PT","@id":"https:\/\/tupique.com\/produit\/smartphone-honor-brp-nx1-678-octa-core-8-gb-ram-512-gb-pourpre\/#primaryimage","url":"https:\/\/tupique.com\/wp-content\/uploads\/2026\/04\/6936520858682_M0325712_P01.jpg","contentUrl":"https:\/\/tupique.com\/wp-content\/uploads\/2026\/04\/6936520858682_M0325712_P01.jpg","width":1200,"height":1200,"caption":"M0805900_0"},{"@type":"BreadcrumbList","@id":"https:\/\/tupique.com\/produit\/smartphone-honor-brp-nx1-678-octa-core-8-gb-ram-512-gb-pourpre\/#breadcrumb","itemListElement":[{"@type":"ListItem","position":1,"name":"In\u00edcio","item":"https:\/\/tupique.com\/"},{"@type":"ListItem","position":2,"name":"Boutique","item":"https:\/\/tupique.com\/en\/boutique\/"},{"@type":"ListItem","position":3,"name":"Smartphone Honor BRP-NX1 6,78&#8243; Octa Core 8 GB RAM 512 GB Pourpre"}]},{"@type":"WebSite","@id":"https:\/\/tupique.com\/#website","url":"https:\/\/tupique.com\/","name":"Tupique","description":"Marketplace","publisher":{"@id":"https:\/\/tupique.com\/#organization"},"potentialAction":[{"@type":"SearchAction","target":{"@type":"EntryPoint","urlTemplate":"https:\/\/tupique.com\/?s={search_term_string}"},"query-input":{"@type":"PropertyValueSpecification","valueRequired":true,"valueName":"search_term_string"}}],"inLanguage":"pt-PT"},{"@type":"Organization","@id":"https:\/\/tupique.com\/#organization","name":"Tupique","url":"https:\/\/tupique.com\/","logo":{"@type":"ImageObject","inLanguage":"pt-PT","@id":"https:\/\/tupique.com\/#\/schema\/logo\/image\/","url":"https:\/\/tupique.com\/wp-content\/uploads\/2024\/09\/logo.png","contentUrl":"https:\/\/tupique.com\/wp-content\/uploads\/2024\/09\/logo.png","width":1118,"height":310,"caption":"Tupique"},"image":{"@id":"https:\/\/tupique.com\/#\/schema\/logo\/image\/"}}]}},"jetpack_sharing_enabled":true,"_links":{"self":[{"href":"https:\/\/tupique.com\/pt\/wp-json\/wp\/v2\/product\/4381609","targetHints":{"allow":["GET"]}}],"collection":[{"href":"https:\/\/tupique.com\/pt\/wp-json\/wp\/v2\/product"}],"about":[{"href":"https:\/\/tupique.com\/pt\/wp-json\/wp\/v2\/types\/product"}],"replies":[{"embeddable":true,"href":"https:\/\/tupique.com\/pt\/wp-json\/wp\/v2\/comments?post=4381609"}],"wp:featuredmedia":[{"embeddable":true,"href":"https:\/\/tupique.com\/pt\/wp-json\/wp\/v2\/media\/4381598"}],"wp:attachment":[{"href":"https:\/\/tupique.com\/pt\/wp-json\/wp\/v2\/media?parent=4381609"}],"wp:term":[{"taxonomy":"product_brand","embeddable":true,"href":"https:\/\/tupique.com\/pt\/wp-json\/wp\/v2\/product_brand?post=4381609"},{"taxonomy":"product_cat","embeddable":true,"href":"https:\/\/tupique.com\/pt\/wp-json\/wp\/v2\/product_cat?post=4381609"},{"taxonomy":"product_tag","embeddable":true,"href":"https:\/\/tupique.com\/pt\/wp-json\/wp\/v2\/product_tag?post=4381609"}],"curies":[{"name":"wp","href":"https:\/\/api.w.org\/{rel}","templated":true}]}}