{"id":4381831,"date":"2026-04-07T16:55:35","date_gmt":"2026-04-07T15:55:35","guid":{"rendered":"https:\/\/tupique.com\/produit\/camescope-de-surveillance-axis-01965-002-1920-x-1080-px-blanc\/"},"modified":"2026-04-07T23:00:26","modified_gmt":"2026-04-07T22:00:26","slug":"camescope-de-surveillance-axis-01965-002-1920-x-1080-px-blanc","status":"publish","type":"product","link":"https:\/\/tupique.com\/pt\/produto\/camescope-de-surveillance-axis-01965-002-1920-x-1080-px-blanc\/","title":{"rendered":"Camescope de surveillance Axis 01965-002 1920 x 1080 px Blanc"},"content":{"rendered":"<p>Se \u00e9 apaixonado por\u2019<b>inform\u00e1tica e eletr\u00f3nica<\/b>, Se est\u00e1 na vanguarda da tecnologia e n\u00e3o quer perder nada, compre <b>Camescope de surveillance Axis 01965-002 1920 x 1080 px Blanc<\/b> ao melhor pre\u00e7o.<\/p>\n<ul>\n<li>Cor:\n<ul>\n<li>Branco<\/li>\n<li>Preto<\/li>\n<\/ul>\n<\/li>\n<li>Tipo:\n<ul>\n<li>Com fio<\/li>\n<li>Cam\u00e9scope<\/li>\n<li>Cam\u00e9ra de s\u00e9curit\u00e9 IP<\/li>\n<\/ul>\n<\/li>\n<li>Liga\u00e7\u00f5es:\n<ul>\n<li>LAN Ethernet<\/li>\n<li>RJ45<\/li>\n<li>Jack 3.5 mm<\/li>\n<\/ul>\n<\/li>\n<li>Cartes M\u00e9moire Compatibles: MicroSD (TransFlash),MicroSDHC,MicroSDXC<\/li>\n<li>Alimenta\u00e7\u00e3o el\u00e9ctrica:\n<ul>\n<li>CC<\/li>\n<li>DC<\/li>\n<\/ul>\n<\/li>\n<li>Sensor: CMOS<\/li>\n<li>Nombre de cam\u00e9ras: 1<\/li>\n<li>Resolu\u00e7\u00e3o (px):\n<ul>\n<li>1080 px<\/li>\n<li>1920 x 1080 px<\/li>\n<\/ul>\n<\/li>\n<li>Material: Pl\u00e1stico<\/li>\n<li>Carater\u00edsticas:\n<ul>\n<li>Contr\u00f4le de l&#8217;inclinaison<\/li>\n<li>Alarme<\/li>\n<li>Lecteur de Cartes<\/li>\n<li>Prote\u00e7\u00e3o de dados\/palavra-passe<\/li>\n<\/ul>\n<\/li>\n<li>R\u00e9solution: 1080 p<\/li>\n<li>R\u00e9solution vid\u00e9o: 1080 px<\/li>\n<li>consommation d&#8217;\u00e9nergie: 25 kWh<\/li>\n<li>V\u00eddeo: 1080 p<\/li>\n<li>Tipo de instala\u00e7\u00e3o: Montagem na parede<\/li>\n<li>\u00c9lev\u00e9: 18 cm<\/li>\n<li>Ann\u00e9e: 2021<\/li>\n<li>Paire de lunettes: x1<\/li>\n<li>Inclut: Manuel de l&#8217;utilisateur<\/li>\n<li>Utilisation recommand\u00e9e: Int\u00e9rieur<\/li>\n<\/ul>","protected":false},"excerpt":{"rendered":"<p>Si vous \u00eates passionn\u00e9 d&#8217;informatique et d&#8217;\u00e9lectronique, si vous \u00eates \u00e0 la pointe de la technologie et qu&#8217;aucun d\u00e9tail ne<\/p>","protected":false},"featured_media":4382067,"comment_status":"open","ping_status":"closed","template":"","meta":{"_joinchat":[]},"product_brand":[157974],"product_cat":[157582,157535,157581],"product_tag":[157580,157531],"class_list":{"0":"post-4381831","1":"product","2":"type-product","3":"status-publish","4":"has-post-thumbnail","6":"product_brand-brandp_4776","7":"product_cat-cameras-de-surveillance-video","8":"product_cat-maison-jardin","9":"product_cat-securite-a-la-maison","10":"product_tag-tag_556","11":"product_tag-tag_25","13":"first","14":"outofstock","15":"taxable","16":"shipping-taxable","17":"purchasable","18":"product-type-simple"},"yoast_head":"<!-- This site is optimized with the Yoast SEO plugin v27.2 - https:\/\/yoast.com\/product\/yoast-seo-wordpress\/ -->\n<title>Camescope de surveillance Axis 01965-002 1920 x 1080 px Blanc - Tupique<\/title>\n<meta name=\"description\" content=\"Vous cherchez Camescope de surveillance Axis 01965-002 1920 x 1080 px Blanc ? Achetez des produits chez Tupique. Profitez de la livraison gratuite pour obtenir Camescope de surveillance Axis 01965-002 1920 x 1080 px Blanc d\u00e8s maintenant.\" \/>\n<meta name=\"robots\" content=\"index, follow, max-snippet:-1, max-image-preview:large, max-video-preview:-1\" \/>\n<link rel=\"canonical\" href=\"https:\/\/tupique.com\/pt\/produto\/camescope-de-surveillance-axis-01965-002-1920-x-1080-px-blanc\/\" \/>\n<meta property=\"og:locale\" content=\"pt_PT\" \/>\n<meta property=\"og:type\" content=\"article\" \/>\n<meta property=\"og:title\" content=\"Camescope de surveillance Axis 01965-002 1920 x 1080 px Blanc - Tupique\" \/>\n<meta property=\"og:description\" content=\"Vous cherchez Camescope de surveillance Axis 01965-002 1920 x 1080 px Blanc ? Achetez des produits chez Tupique. Profitez de la livraison gratuite pour obtenir Camescope de surveillance Axis 01965-002 1920 x 1080 px Blanc d\u00e8s maintenant.\" \/>\n<meta property=\"og:url\" content=\"https:\/\/tupique.com\/pt\/produto\/camescope-de-surveillance-axis-01965-002-1920-x-1080-px-blanc\/\" \/>\n<meta property=\"og:site_name\" content=\"Tupique\" \/>\n<meta property=\"article:modified_time\" content=\"2026-04-07T22:00:26+00:00\" \/>\n<meta name=\"twitter:card\" content=\"summary_large_image\" \/>\n<meta name=\"twitter:label1\" content=\"Tempo estimado de leitura\" \/>\n\t<meta name=\"twitter:data1\" content=\"1 minuto\" \/>\n<script type=\"application\/ld+json\" class=\"yoast-schema-graph\">{\"@context\":\"https:\/\/schema.org\",\"@graph\":[{\"@type\":\"WebPage\",\"@id\":\"https:\/\/tupique.com\/produit\/camescope-de-surveillance-axis-01965-002-1920-x-1080-px-blanc\/\",\"url\":\"https:\/\/tupique.com\/produit\/camescope-de-surveillance-axis-01965-002-1920-x-1080-px-blanc\/\",\"name\":\"Camescope de surveillance Axis 01965-002 1920 x 1080 px Blanc - Tupique\",\"isPartOf\":{\"@id\":\"https:\/\/tupique.com\/#website\"},\"primaryImageOfPage\":{\"@id\":\"https:\/\/tupique.com\/produit\/camescope-de-surveillance-axis-01965-002-1920-x-1080-px-blanc\/#primaryimage\"},\"image\":{\"@id\":\"https:\/\/tupique.com\/produit\/camescope-de-surveillance-axis-01965-002-1920-x-1080-px-blanc\/#primaryimage\"},\"thumbnailUrl\":\"https:\/\/tupique.com\/wp-content\/uploads\/2026\/04\/7331021070974_I91.jpg\",\"datePublished\":\"2026-04-07T15:55:35+00:00\",\"dateModified\":\"2026-04-07T22:00:26+00:00\",\"description\":\"Vous cherchez Camescope de surveillance Axis 01965-002 1920 x 1080 px Blanc ? Achetez des produits chez Tupique. Profitez de la livraison gratuite pour obtenir Camescope de surveillance Axis 01965-002 1920 x 1080 px Blanc d\u00e8s maintenant.\",\"breadcrumb\":{\"@id\":\"https:\/\/tupique.com\/produit\/camescope-de-surveillance-axis-01965-002-1920-x-1080-px-blanc\/#breadcrumb\"},\"inLanguage\":\"pt-PT\",\"potentialAction\":[{\"@type\":\"ReadAction\",\"target\":[\"https:\/\/tupique.com\/produit\/camescope-de-surveillance-axis-01965-002-1920-x-1080-px-blanc\/\"]}]},{\"@type\":\"ImageObject\",\"inLanguage\":\"pt-PT\",\"@id\":\"https:\/\/tupique.com\/produit\/camescope-de-surveillance-axis-01965-002-1920-x-1080-px-blanc\/#primaryimage\",\"url\":\"https:\/\/tupique.com\/wp-content\/uploads\/2026\/04\/7331021070974_I91.jpg\",\"contentUrl\":\"https:\/\/tupique.com\/wp-content\/uploads\/2026\/04\/7331021070974_I91.jpg\",\"width\":1200,\"height\":1200,\"caption\":\"S55007127_0\"},{\"@type\":\"BreadcrumbList\",\"@id\":\"https:\/\/tupique.com\/produit\/camescope-de-surveillance-axis-01965-002-1920-x-1080-px-blanc\/#breadcrumb\",\"itemListElement\":[{\"@type\":\"ListItem\",\"position\":1,\"name\":\"In\u00edcio\",\"item\":\"https:\/\/tupique.com\/\"},{\"@type\":\"ListItem\",\"position\":2,\"name\":\"Boutique\",\"item\":\"https:\/\/tupique.com\/en\/boutique\/\"},{\"@type\":\"ListItem\",\"position\":3,\"name\":\"Camescope de surveillance Axis 01965-002 1920 x 1080 px Blanc\"}]},{\"@type\":\"WebSite\",\"@id\":\"https:\/\/tupique.com\/#website\",\"url\":\"https:\/\/tupique.com\/\",\"name\":\"Tupique\",\"description\":\"Marketplace\",\"publisher\":{\"@id\":\"https:\/\/tupique.com\/#organization\"},\"potentialAction\":[{\"@type\":\"SearchAction\",\"target\":{\"@type\":\"EntryPoint\",\"urlTemplate\":\"https:\/\/tupique.com\/?s={search_term_string}\"},\"query-input\":{\"@type\":\"PropertyValueSpecification\",\"valueRequired\":true,\"valueName\":\"search_term_string\"}}],\"inLanguage\":\"pt-PT\"},{\"@type\":\"Organization\",\"@id\":\"https:\/\/tupique.com\/#organization\",\"name\":\"Tupique\",\"url\":\"https:\/\/tupique.com\/\",\"logo\":{\"@type\":\"ImageObject\",\"inLanguage\":\"pt-PT\",\"@id\":\"https:\/\/tupique.com\/#\/schema\/logo\/image\/\",\"url\":\"https:\/\/tupique.com\/wp-content\/uploads\/2024\/09\/logo.png\",\"contentUrl\":\"https:\/\/tupique.com\/wp-content\/uploads\/2024\/09\/logo.png\",\"width\":1118,\"height\":310,\"caption\":\"Tupique\"},\"image\":{\"@id\":\"https:\/\/tupique.com\/#\/schema\/logo\/image\/\"}}]}<\/script>\n<!-- \/ Yoast SEO plugin. -->","yoast_head_json":{"title":"Camescope de surveillance Axis 01965-002 1920 x 1080 px Blanc - Tupique","description":"Vous cherchez Camescope de surveillance Axis 01965-002 1920 x 1080 px Blanc ? Achetez des produits chez Tupique. Profitez de la livraison gratuite pour obtenir Camescope de surveillance Axis 01965-002 1920 x 1080 px Blanc d\u00e8s maintenant.","robots":{"index":"index","follow":"follow","max-snippet":"max-snippet:-1","max-image-preview":"max-image-preview:large","max-video-preview":"max-video-preview:-1"},"canonical":"https:\/\/tupique.com\/pt\/produto\/camescope-de-surveillance-axis-01965-002-1920-x-1080-px-blanc\/","og_locale":"pt_PT","og_type":"article","og_title":"Camescope de surveillance Axis 01965-002 1920 x 1080 px Blanc - Tupique","og_description":"Vous cherchez Camescope de surveillance Axis 01965-002 1920 x 1080 px Blanc ? Achetez des produits chez Tupique. Profitez de la livraison gratuite pour obtenir Camescope de surveillance Axis 01965-002 1920 x 1080 px Blanc d\u00e8s maintenant.","og_url":"https:\/\/tupique.com\/pt\/produto\/camescope-de-surveillance-axis-01965-002-1920-x-1080-px-blanc\/","og_site_name":"Tupique","article_modified_time":"2026-04-07T22:00:26+00:00","twitter_card":"summary_large_image","twitter_misc":{"Tempo estimado de leitura":"1 minuto"},"schema":{"@context":"https:\/\/schema.org","@graph":[{"@type":"WebPage","@id":"https:\/\/tupique.com\/produit\/camescope-de-surveillance-axis-01965-002-1920-x-1080-px-blanc\/","url":"https:\/\/tupique.com\/produit\/camescope-de-surveillance-axis-01965-002-1920-x-1080-px-blanc\/","name":"Camescope de surveillance Axis 01965-002 1920 x 1080 px Blanc - Tupique","isPartOf":{"@id":"https:\/\/tupique.com\/#website"},"primaryImageOfPage":{"@id":"https:\/\/tupique.com\/produit\/camescope-de-surveillance-axis-01965-002-1920-x-1080-px-blanc\/#primaryimage"},"image":{"@id":"https:\/\/tupique.com\/produit\/camescope-de-surveillance-axis-01965-002-1920-x-1080-px-blanc\/#primaryimage"},"thumbnailUrl":"https:\/\/tupique.com\/wp-content\/uploads\/2026\/04\/7331021070974_I91.jpg","datePublished":"2026-04-07T15:55:35+00:00","dateModified":"2026-04-07T22:00:26+00:00","description":"Vous cherchez Camescope de surveillance Axis 01965-002 1920 x 1080 px Blanc ? Achetez des produits chez Tupique. Profitez de la livraison gratuite pour obtenir Camescope de surveillance Axis 01965-002 1920 x 1080 px Blanc d\u00e8s maintenant.","breadcrumb":{"@id":"https:\/\/tupique.com\/produit\/camescope-de-surveillance-axis-01965-002-1920-x-1080-px-blanc\/#breadcrumb"},"inLanguage":"pt-PT","potentialAction":[{"@type":"ReadAction","target":["https:\/\/tupique.com\/produit\/camescope-de-surveillance-axis-01965-002-1920-x-1080-px-blanc\/"]}]},{"@type":"ImageObject","inLanguage":"pt-PT","@id":"https:\/\/tupique.com\/produit\/camescope-de-surveillance-axis-01965-002-1920-x-1080-px-blanc\/#primaryimage","url":"https:\/\/tupique.com\/wp-content\/uploads\/2026\/04\/7331021070974_I91.jpg","contentUrl":"https:\/\/tupique.com\/wp-content\/uploads\/2026\/04\/7331021070974_I91.jpg","width":1200,"height":1200,"caption":"S55007127_0"},{"@type":"BreadcrumbList","@id":"https:\/\/tupique.com\/produit\/camescope-de-surveillance-axis-01965-002-1920-x-1080-px-blanc\/#breadcrumb","itemListElement":[{"@type":"ListItem","position":1,"name":"In\u00edcio","item":"https:\/\/tupique.com\/"},{"@type":"ListItem","position":2,"name":"Boutique","item":"https:\/\/tupique.com\/en\/boutique\/"},{"@type":"ListItem","position":3,"name":"Camescope de surveillance Axis 01965-002 1920 x 1080 px Blanc"}]},{"@type":"WebSite","@id":"https:\/\/tupique.com\/#website","url":"https:\/\/tupique.com\/","name":"Tupique","description":"Marketplace","publisher":{"@id":"https:\/\/tupique.com\/#organization"},"potentialAction":[{"@type":"SearchAction","target":{"@type":"EntryPoint","urlTemplate":"https:\/\/tupique.com\/?s={search_term_string}"},"query-input":{"@type":"PropertyValueSpecification","valueRequired":true,"valueName":"search_term_string"}}],"inLanguage":"pt-PT"},{"@type":"Organization","@id":"https:\/\/tupique.com\/#organization","name":"Tupique","url":"https:\/\/tupique.com\/","logo":{"@type":"ImageObject","inLanguage":"pt-PT","@id":"https:\/\/tupique.com\/#\/schema\/logo\/image\/","url":"https:\/\/tupique.com\/wp-content\/uploads\/2024\/09\/logo.png","contentUrl":"https:\/\/tupique.com\/wp-content\/uploads\/2024\/09\/logo.png","width":1118,"height":310,"caption":"Tupique"},"image":{"@id":"https:\/\/tupique.com\/#\/schema\/logo\/image\/"}}]}},"jetpack_sharing_enabled":true,"_links":{"self":[{"href":"https:\/\/tupique.com\/pt\/wp-json\/wp\/v2\/product\/4381831","targetHints":{"allow":["GET"]}}],"collection":[{"href":"https:\/\/tupique.com\/pt\/wp-json\/wp\/v2\/product"}],"about":[{"href":"https:\/\/tupique.com\/pt\/wp-json\/wp\/v2\/types\/product"}],"replies":[{"embeddable":true,"href":"https:\/\/tupique.com\/pt\/wp-json\/wp\/v2\/comments?post=4381831"}],"wp:featuredmedia":[{"embeddable":true,"href":"https:\/\/tupique.com\/pt\/wp-json\/wp\/v2\/media\/4382067"}],"wp:attachment":[{"href":"https:\/\/tupique.com\/pt\/wp-json\/wp\/v2\/media?parent=4381831"}],"wp:term":[{"taxonomy":"product_brand","embeddable":true,"href":"https:\/\/tupique.com\/pt\/wp-json\/wp\/v2\/product_brand?post=4381831"},{"taxonomy":"product_cat","embeddable":true,"href":"https:\/\/tupique.com\/pt\/wp-json\/wp\/v2\/product_cat?post=4381831"},{"taxonomy":"product_tag","embeddable":true,"href":"https:\/\/tupique.com\/pt\/wp-json\/wp\/v2\/product_tag?post=4381831"}],"curies":[{"name":"wp","href":"https:\/\/api.w.org\/{rel}","templated":true}]}}