{"id":4382113,"date":"2026-04-07T23:01:57","date_gmt":"2026-04-07T22:01:57","guid":{"rendered":"https:\/\/tupique.com\/produit\/switch-netgear-gsm4230px-100eus\/"},"modified":"2026-04-07T23:01:57","modified_gmt":"2026-04-07T22:01:57","slug":"switch-netgear-gsm4230px-100eus","status":"publish","type":"product","link":"https:\/\/tupique.com\/pt\/produto\/switch-netgear-gsm4230px-100eus\/","title":{"rendered":"Switch Netgear GSM4230PX-100EUS"},"content":{"rendered":"<p>Se \u00e9 apaixonado por\u2019<b>inform\u00e1tica e eletr\u00f3nica<\/b>, Se est\u00e1 na vanguarda da tecnologia e n\u00e3o quer perder nada, compre <b>Switch Netgear GSM4230PX-100EUS<\/b> ao melhor pre\u00e7o.<\/p>\n<p>Le <b>NETGEAR GSM4230PX-100EUS<\/b> \u00e9 um <b>switch manageable<\/b> haute performance con\u00e7u pour les environnements professionnels n\u00e9cessitant une gestion avanc\u00e9e du r\u00e9seau et une efficacit\u00e9 optimale. Cet appareil offre <b>24 ports RJ45 Ethernet LAN Gigabit (10\/100\/1000 Mbps)<\/b>, id\u00e9aux pour connecter plusieurs dispositifs sur un r\u00e9seau local avec grande stabilit\u00e9 et rapidit\u00e9, ainsi qu\u2019un <b>port USB 2.0<\/b> facilitant la gestion et les mises \u00e0 jour. Sa capacit\u00e9 de commutation atteint <b>132 Gbit\/s<\/b>, assurant un flux de donn\u00e9es optimal sans goulots d\u2019\u00e9tranglement, tandis que sa table d\u2019adresses MAC supporte jusqu\u2019\u00e0 <b>16 000 entr\u00e9es<\/b>, permettant une gestion flexible et pr\u00e9cise du trafic. Le switch prend en charge les fonctions de <b>couche 2 et couche 3<\/b>, c\u2019est-\u00e0-dire qu\u2019il g\u00e8re \u00e0 la fois la commutation basique et le routage interne, \u00e9largissant ainsi sa polyvalence pour des architectures r\u00e9seau complexes. De plus, il int\u00e8gre la <b>PoE+ (Power over Ethernet)<\/b>, fournissant de l\u2019\u00e9nergie aux dispositifs compatibles comme les t\u00e9l\u00e9phones IP ou cam\u00e9ras de surveillance, \u00e9vitant l\u2019usage de c\u00e2bles suppl\u00e9mentaires. Con\u00e7u pour un montage en rack au format <b>1U<\/b> et finition <b>preto<\/b>, il s\u2019adapte aux centres de donn\u00e9es et salles de t\u00e9l\u00e9communications professionnelles. Ses caract\u00e9ristiques techniques font de ce switch une solution robuste et efficace pour les entreprises souhaitant \u00e9tendre et g\u00e9rer leurs r\u00e9seaux avec fiabilit\u00e9 et s\u00e9curit\u00e9. En r\u00e9sum\u00e9, le NETGEAR GSM4230PX-100EUS est un \u00e9quipement fiable et technique r\u00e9pondant aux exigences des r\u00e9seaux d\u2019entreprise avanc\u00e9s.<\/p>\n<ul>\n<li>puissance: 480 W<\/li>\n<li>Tipo:\n<ul>\n<li>Arm\u00e1rio de comuta\u00e7\u00e3o de rede<\/li>\n<li>Interruptor<\/li>\n<\/ul>\n<\/li>\n<li>Liga\u00e7\u00f5es:\n<ul>\n<li>SFP+ x 4<\/li>\n<li>RJ45<\/li>\n<li>USB 2.0<\/li>\n<li>RJ45 x 24<\/li>\n<li>PoE x 1<\/li>\n<li>LAN Ethernet<\/li>\n<\/ul>\n<\/li>\n<li>Cor: preto<\/li>\n<li>Produto de encaixe: Sim<\/li>\n<li>Tipo de tomada: tomada UE<\/li>\n<li>Alimenta\u00e7\u00e3o el\u00e9ctrica:\n<ul>\n<li>r\u00e9seau \u00e9lectrique<\/li>\n<li>Incluses<\/li>\n<\/ul>\n<\/li>\n<li>Niveau sonore: 42 dB<\/li>\n<li>N\u00b0 de rainures: 4<\/li>\n<li>Ports: 6<\/li>\n<li>Fonctions: Capteur de temp\u00e9rature<\/li>\n<li>Largura: 44 cm<\/li>\n<li>\u00c9lev\u00e9: 40 cm<\/li>\n<li>Fator de forma: 1U<\/li>\n<\/ul>","protected":false},"excerpt":{"rendered":"<p>Si vous \u00eates passionn\u00e9 d&#8217;informatique et d&#8217;\u00e9lectronique, si vous \u00eates \u00e0 la pointe de la technologie et qu&#8217;aucun d\u00e9tail ne<\/p>","protected":false},"featured_media":4382110,"comment_status":"open","ping_status":"closed","template":"","meta":{"_joinchat":[]},"product_brand":[158073],"product_cat":[157516,157520,157585],"product_tag":[157515],"class_list":{"0":"post-4382113","1":"product","2":"type-product","3":"status-publish","4":"has-post-thumbnail","6":"product_brand-brandp_567","7":"product_cat-informatique-electronique","8":"product_cat-informatique-reseaux-et-composants","9":"product_cat-switch","10":"product_tag-tag_1295","12":"first","13":"instock","14":"taxable","15":"shipping-taxable","16":"purchasable","17":"product-type-simple"},"yoast_head":"<!-- This site is optimized with the Yoast SEO plugin v27.2 - https:\/\/yoast.com\/product\/yoast-seo-wordpress\/ -->\n<title>Switch Netgear GSM4230PX-100EUS - Tupique<\/title>\n<meta name=\"description\" content=\"Vous cherchez Switch Netgear GSM4230PX-100EUS ? Achetez des produits chez Tupique. Profitez de la livraison gratuite pour obtenir Switch Netgear GSM4230PX-100EUS d\u00e8s maintenant.\" \/>\n<meta name=\"robots\" content=\"index, follow, max-snippet:-1, max-image-preview:large, max-video-preview:-1\" \/>\n<link rel=\"canonical\" href=\"https:\/\/tupique.com\/pt\/produto\/switch-netgear-gsm4230px-100eus\/\" \/>\n<meta property=\"og:locale\" content=\"pt_PT\" \/>\n<meta property=\"og:type\" content=\"article\" \/>\n<meta property=\"og:title\" content=\"Switch Netgear GSM4230PX-100EUS - Tupique\" \/>\n<meta property=\"og:description\" content=\"Vous cherchez Switch Netgear GSM4230PX-100EUS ? Achetez des produits chez Tupique. Profitez de la livraison gratuite pour obtenir Switch Netgear GSM4230PX-100EUS d\u00e8s maintenant.\" \/>\n<meta property=\"og:url\" content=\"https:\/\/tupique.com\/pt\/produto\/switch-netgear-gsm4230px-100eus\/\" \/>\n<meta property=\"og:site_name\" content=\"Tupique\" \/>\n<meta name=\"twitter:card\" content=\"summary_large_image\" \/>\n<meta name=\"twitter:label1\" content=\"Tempo estimado de leitura\" \/>\n\t<meta name=\"twitter:data1\" content=\"2 minutos\" \/>\n<script type=\"application\/ld+json\" class=\"yoast-schema-graph\">{\"@context\":\"https:\/\/schema.org\",\"@graph\":[{\"@type\":\"WebPage\",\"@id\":\"https:\/\/tupique.com\/produit\/switch-netgear-gsm4230px-100eus\/\",\"url\":\"https:\/\/tupique.com\/produit\/switch-netgear-gsm4230px-100eus\/\",\"name\":\"Switch Netgear GSM4230PX-100EUS - Tupique\",\"isPartOf\":{\"@id\":\"https:\/\/tupique.com\/#website\"},\"primaryImageOfPage\":{\"@id\":\"https:\/\/tupique.com\/produit\/switch-netgear-gsm4230px-100eus\/#primaryimage\"},\"image\":{\"@id\":\"https:\/\/tupique.com\/produit\/switch-netgear-gsm4230px-100eus\/#primaryimage\"},\"thumbnailUrl\":\"https:\/\/tupique.com\/wp-content\/uploads\/2026\/04\/569414062.jpg\",\"datePublished\":\"2026-04-07T22:01:57+00:00\",\"description\":\"Vous cherchez Switch Netgear GSM4230PX-100EUS ? Achetez des produits chez Tupique. Profitez de la livraison gratuite pour obtenir Switch Netgear GSM4230PX-100EUS d\u00e8s maintenant.\",\"breadcrumb\":{\"@id\":\"https:\/\/tupique.com\/produit\/switch-netgear-gsm4230px-100eus\/#breadcrumb\"},\"inLanguage\":\"pt-PT\",\"potentialAction\":[{\"@type\":\"ReadAction\",\"target\":[\"https:\/\/tupique.com\/produit\/switch-netgear-gsm4230px-100eus\/\"]}]},{\"@type\":\"ImageObject\",\"inLanguage\":\"pt-PT\",\"@id\":\"https:\/\/tupique.com\/produit\/switch-netgear-gsm4230px-100eus\/#primaryimage\",\"url\":\"https:\/\/tupique.com\/wp-content\/uploads\/2026\/04\/569414062.jpg\",\"contentUrl\":\"https:\/\/tupique.com\/wp-content\/uploads\/2026\/04\/569414062.jpg\",\"width\":1200,\"height\":1200,\"caption\":\"S55011185_0\"},{\"@type\":\"BreadcrumbList\",\"@id\":\"https:\/\/tupique.com\/produit\/switch-netgear-gsm4230px-100eus\/#breadcrumb\",\"itemListElement\":[{\"@type\":\"ListItem\",\"position\":1,\"name\":\"In\u00edcio\",\"item\":\"https:\/\/tupique.com\/\"},{\"@type\":\"ListItem\",\"position\":2,\"name\":\"Boutique\",\"item\":\"https:\/\/tupique.com\/en\/boutique\/\"},{\"@type\":\"ListItem\",\"position\":3,\"name\":\"Switch Netgear GSM4230PX-100EUS\"}]},{\"@type\":\"WebSite\",\"@id\":\"https:\/\/tupique.com\/#website\",\"url\":\"https:\/\/tupique.com\/\",\"name\":\"Tupique\",\"description\":\"Marketplace\",\"publisher\":{\"@id\":\"https:\/\/tupique.com\/#organization\"},\"potentialAction\":[{\"@type\":\"SearchAction\",\"target\":{\"@type\":\"EntryPoint\",\"urlTemplate\":\"https:\/\/tupique.com\/?s={search_term_string}\"},\"query-input\":{\"@type\":\"PropertyValueSpecification\",\"valueRequired\":true,\"valueName\":\"search_term_string\"}}],\"inLanguage\":\"pt-PT\"},{\"@type\":\"Organization\",\"@id\":\"https:\/\/tupique.com\/#organization\",\"name\":\"Tupique\",\"url\":\"https:\/\/tupique.com\/\",\"logo\":{\"@type\":\"ImageObject\",\"inLanguage\":\"pt-PT\",\"@id\":\"https:\/\/tupique.com\/#\/schema\/logo\/image\/\",\"url\":\"https:\/\/tupique.com\/wp-content\/uploads\/2024\/09\/logo.png\",\"contentUrl\":\"https:\/\/tupique.com\/wp-content\/uploads\/2024\/09\/logo.png\",\"width\":1118,\"height\":310,\"caption\":\"Tupique\"},\"image\":{\"@id\":\"https:\/\/tupique.com\/#\/schema\/logo\/image\/\"}}]}<\/script>\n<!-- \/ Yoast SEO plugin. -->","yoast_head_json":{"title":"Switch Netgear GSM4230PX-100EUS - Tupique","description":"Vous cherchez Switch Netgear GSM4230PX-100EUS ? Achetez des produits chez Tupique. Profitez de la livraison gratuite pour obtenir Switch Netgear GSM4230PX-100EUS d\u00e8s maintenant.","robots":{"index":"index","follow":"follow","max-snippet":"max-snippet:-1","max-image-preview":"max-image-preview:large","max-video-preview":"max-video-preview:-1"},"canonical":"https:\/\/tupique.com\/pt\/produto\/switch-netgear-gsm4230px-100eus\/","og_locale":"pt_PT","og_type":"article","og_title":"Switch Netgear GSM4230PX-100EUS - Tupique","og_description":"Vous cherchez Switch Netgear GSM4230PX-100EUS ? Achetez des produits chez Tupique. Profitez de la livraison gratuite pour obtenir Switch Netgear GSM4230PX-100EUS d\u00e8s maintenant.","og_url":"https:\/\/tupique.com\/pt\/produto\/switch-netgear-gsm4230px-100eus\/","og_site_name":"Tupique","twitter_card":"summary_large_image","twitter_misc":{"Tempo estimado de leitura":"2 minutos"},"schema":{"@context":"https:\/\/schema.org","@graph":[{"@type":"WebPage","@id":"https:\/\/tupique.com\/produit\/switch-netgear-gsm4230px-100eus\/","url":"https:\/\/tupique.com\/produit\/switch-netgear-gsm4230px-100eus\/","name":"Switch Netgear GSM4230PX-100EUS - Tupique","isPartOf":{"@id":"https:\/\/tupique.com\/#website"},"primaryImageOfPage":{"@id":"https:\/\/tupique.com\/produit\/switch-netgear-gsm4230px-100eus\/#primaryimage"},"image":{"@id":"https:\/\/tupique.com\/produit\/switch-netgear-gsm4230px-100eus\/#primaryimage"},"thumbnailUrl":"https:\/\/tupique.com\/wp-content\/uploads\/2026\/04\/569414062.jpg","datePublished":"2026-04-07T22:01:57+00:00","description":"Vous cherchez Switch Netgear GSM4230PX-100EUS ? Achetez des produits chez Tupique. Profitez de la livraison gratuite pour obtenir Switch Netgear GSM4230PX-100EUS d\u00e8s maintenant.","breadcrumb":{"@id":"https:\/\/tupique.com\/produit\/switch-netgear-gsm4230px-100eus\/#breadcrumb"},"inLanguage":"pt-PT","potentialAction":[{"@type":"ReadAction","target":["https:\/\/tupique.com\/produit\/switch-netgear-gsm4230px-100eus\/"]}]},{"@type":"ImageObject","inLanguage":"pt-PT","@id":"https:\/\/tupique.com\/produit\/switch-netgear-gsm4230px-100eus\/#primaryimage","url":"https:\/\/tupique.com\/wp-content\/uploads\/2026\/04\/569414062.jpg","contentUrl":"https:\/\/tupique.com\/wp-content\/uploads\/2026\/04\/569414062.jpg","width":1200,"height":1200,"caption":"S55011185_0"},{"@type":"BreadcrumbList","@id":"https:\/\/tupique.com\/produit\/switch-netgear-gsm4230px-100eus\/#breadcrumb","itemListElement":[{"@type":"ListItem","position":1,"name":"In\u00edcio","item":"https:\/\/tupique.com\/"},{"@type":"ListItem","position":2,"name":"Boutique","item":"https:\/\/tupique.com\/en\/boutique\/"},{"@type":"ListItem","position":3,"name":"Switch Netgear GSM4230PX-100EUS"}]},{"@type":"WebSite","@id":"https:\/\/tupique.com\/#website","url":"https:\/\/tupique.com\/","name":"Tupique","description":"Marketplace","publisher":{"@id":"https:\/\/tupique.com\/#organization"},"potentialAction":[{"@type":"SearchAction","target":{"@type":"EntryPoint","urlTemplate":"https:\/\/tupique.com\/?s={search_term_string}"},"query-input":{"@type":"PropertyValueSpecification","valueRequired":true,"valueName":"search_term_string"}}],"inLanguage":"pt-PT"},{"@type":"Organization","@id":"https:\/\/tupique.com\/#organization","name":"Tupique","url":"https:\/\/tupique.com\/","logo":{"@type":"ImageObject","inLanguage":"pt-PT","@id":"https:\/\/tupique.com\/#\/schema\/logo\/image\/","url":"https:\/\/tupique.com\/wp-content\/uploads\/2024\/09\/logo.png","contentUrl":"https:\/\/tupique.com\/wp-content\/uploads\/2024\/09\/logo.png","width":1118,"height":310,"caption":"Tupique"},"image":{"@id":"https:\/\/tupique.com\/#\/schema\/logo\/image\/"}}]}},"jetpack_sharing_enabled":true,"_links":{"self":[{"href":"https:\/\/tupique.com\/pt\/wp-json\/wp\/v2\/product\/4382113","targetHints":{"allow":["GET"]}}],"collection":[{"href":"https:\/\/tupique.com\/pt\/wp-json\/wp\/v2\/product"}],"about":[{"href":"https:\/\/tupique.com\/pt\/wp-json\/wp\/v2\/types\/product"}],"replies":[{"embeddable":true,"href":"https:\/\/tupique.com\/pt\/wp-json\/wp\/v2\/comments?post=4382113"}],"wp:featuredmedia":[{"embeddable":true,"href":"https:\/\/tupique.com\/pt\/wp-json\/wp\/v2\/media\/4382110"}],"wp:attachment":[{"href":"https:\/\/tupique.com\/pt\/wp-json\/wp\/v2\/media?parent=4382113"}],"wp:term":[{"taxonomy":"product_brand","embeddable":true,"href":"https:\/\/tupique.com\/pt\/wp-json\/wp\/v2\/product_brand?post=4382113"},{"taxonomy":"product_cat","embeddable":true,"href":"https:\/\/tupique.com\/pt\/wp-json\/wp\/v2\/product_cat?post=4382113"},{"taxonomy":"product_tag","embeddable":true,"href":"https:\/\/tupique.com\/pt\/wp-json\/wp\/v2\/product_tag?post=4382113"}],"curies":[{"name":"wp","href":"https:\/\/api.w.org\/{rel}","templated":true}]}}