{"id":4382492,"date":"2026-04-08T01:58:08","date_gmt":"2026-04-08T00:58:08","guid":{"rendered":"https:\/\/tupique.com\/produit\/ordinateur-portable-microsoft-zgp-00048-espagnol-qwerty-16-gb-ram-512-gb-ssd\/"},"modified":"2026-04-08T01:58:08","modified_gmt":"2026-04-08T00:58:08","slug":"ordinateur-portable-microsoft-zgp-00048-espagnol-qwerty-16-gb-ram-512-gb-ssd","status":"publish","type":"product","link":"https:\/\/tupique.com\/pt\/produto\/ordinateur-portable-microsoft-zgp-00048-espagnol-qwerty-16-gb-ram-512-gb-ssd\/","title":{"rendered":"Ordinateur Portable Microsoft ZGP-00048 Espagnol Qwerty 16 GB RAM 512 GB SSD"},"content":{"rendered":"<p>Se \u00e9 apaixonado por\u2019<b>inform\u00e1tica e eletr\u00f3nica<\/b>, Se est\u00e1 na vanguarda da tecnologia e n\u00e3o quer perder nada, compre <b>Ordinateur Portable Microsoft ZGP-00048 Espagnol Qwerty 16 GB RAM 512 GB SSD<\/b> ao melhor pre\u00e7o.<\/p>\n<p>Le <b>Surface Laptop 7e \u00e9dition<\/b> de <b>Microsoft<\/b> \u00e9 um <b>ordinateur portable<\/b> con\u00e7u pour offrir un \u00e9quilibre parfait entre puissance, intelligence artificielle et portabilit\u00e9 dans un format \u00e0 clapet. Il int\u00e8gre un processeur Qualcomm Snapdragon mod\u00e8le X1E-80-100 cadenc\u00e9 \u00e0 3,4 GHz, garantissant des performances fluides et efficaces, id\u00e9al pour ceux qui souhaitent maximiser leur productivit\u00e9 sans sacrifier autonomie ni connectivit\u00e9. Il dispose de <b>16 Go de m\u00e9moire RAM LPDDR5x-SDRAM<\/b>, facilitant l\u2019ex\u00e9cution simultan\u00e9e de plusieurs applications et t\u00e2ches complexes, ainsi que d\u2019une <b>unit\u00e9 de stockage SSD de 512 Go<\/b> offrant une capacit\u00e9 suffisante et un acc\u00e8s rapide aux donn\u00e9es et programmes. Son \u00e9cran tactile PixelSense Flow de <b>13,8 pouces (35 cm)<\/b> avec une r\u00e9solution de <b>2304 x 1536 pixels<\/b> offre une image tr\u00e8s nette et lumineuse, avec prise en charge HDR am\u00e9liorant les contrastes et rendant les couleurs et d\u00e9tails plus vifs, pour une exp\u00e9rience visuelle immersive et naturelle. Cet appareil est \u00e9quip\u00e9 d\u2019une connectivit\u00e9 USB et Bluetooth int\u00e9gr\u00e9e, ainsi que d\u2019une cam\u00e9ra Full HD Surface Studio am\u00e9lior\u00e9e par intelligence artificielle, combin\u00e9e aux Effets Windows Studio pour optimiser la qualit\u00e9 et le professionnalisme des appels vid\u00e9o. Le syst\u00e8me d\u2019exploitation install\u00e9 est <b>Windows 11 Home<\/b>, garantissant l\u2019acc\u00e8s aux derni\u00e8res fonctionnalit\u00e9s et une exp\u00e9rience utilisateur moderne adapt\u00e9e aux besoins actuels. Le design \u00e9l\u00e9gant en noir int\u00e8gre un clavier QWERTY espagnol facilitant la saisie, avec une attention particuli\u00e8re port\u00e9e \u00e0 la durabilit\u00e9, utilisant des mat\u00e9riaux recycl\u00e9s et un emballage \u00e0 faible impact environnemental. De plus, l\u2019int\u00e9gration de Copilot dans Windows fait de ce portable un compagnon intelligent propuls\u00e9 par IA, capable d\u2019ex\u00e9cuter 45 billions d\u2019op\u00e9rations par seconde pour vous aider \u00e0 travailler plus efficacement et cr\u00e9ativement. En r\u00e9sum\u00e9, le Surface Laptop 7e \u00e9dition se positionne comme un appareil avanc\u00e9, sophistiqu\u00e9 et polyvalent, id\u00e9al pour les utilisateurs exigeants recherchant performance, innovation technologique et design soign\u00e9 dans un format compact et facile \u00e0 transporter.<\/p>\n<ul>\n<li>Clavier: Espagnol Qwerty<\/li>\n<li>Produto de encaixe: Sim<\/li>\n<li>Tipo de tomada: tomada UE<\/li>\n<li>Type: Ordinateur Portable<\/li>\n<li>Type de m\u00e9moire: SDRAM<\/li>\n<li>Contr\u00f4leur graphique: Qualcomm Adreno<\/li>\n<li>Bloc d\u2019Alimentation: r\u00e9seau \u00e9lectrique<\/li>\n<li>Cor: preto<\/li>\n<li>Inclui:\n<ul>\n<li>Touchpad<\/li>\n<li>Webcam<\/li>\n<\/ul>\n<\/li>\n<li>Frequ\u00eancia: 50-60 Hz<\/li>\n<li>Capacit\u00e9 de la batterie: 54 Wh<\/li>\n<li>Type d&#8217;unit\u00e9 optique: Non<\/li>\n<li>Syst\u00e8me d&#8217;exploitation: Windows 11 Home<\/li>\n<li>Type de stockage: SSD<\/li>\n<li>Conectividade: Bluetooth<\/li>\n<li>Liga\u00e7\u00f5es: USB<\/li>\n<li>Caract\u00e9ristiques: Ecran tactile<\/li>\n<li>Ecran: 13,8&#8243;<\/li>\n<li>Processeur:\n<ul>\n<li>Qualcomm<\/li>\n<li>Snapdragon X Elite (X1E)<\/li>\n<\/ul>\n<\/li>\n<li>Mem\u00f3ria RAM: 16 GB de RAM<\/li>\n<li>Disque dur: 512 GB SSD<\/li>\n<li>Carte Graphique: Int\u00e9gr\u00e9e<\/li>\n<\/ul>","protected":false},"excerpt":{"rendered":"<p>Si vous \u00eates passionn\u00e9 d&#8217;informatique et d&#8217;\u00e9lectronique, si vous \u00eates \u00e0 la pointe de la technologie et qu&#8217;aucun d\u00e9tail ne<\/p>","protected":false},"featured_media":4382491,"comment_status":"open","ping_status":"closed","template":"","meta":{"_joinchat":[]},"product_brand":[158112],"product_cat":[157516,157583,155043],"product_tag":[157514,157515],"class_list":{"0":"post-4382492","1":"product","2":"type-product","3":"status-publish","4":"has-post-thumbnail","6":"product_brand-brandp_564","7":"product_cat-informatique-electronique","8":"product_cat-informatique-ordinateurs","9":"product_cat-notebooks","10":"product_tag-tag_933","11":"product_tag-tag_1295","13":"first","14":"outofstock","15":"taxable","16":"shipping-taxable","17":"purchasable","18":"product-type-simple"},"yoast_head":"<!-- This site is optimized with the Yoast SEO plugin v27.2 - https:\/\/yoast.com\/product\/yoast-seo-wordpress\/ -->\n<title>Ordinateur Portable Microsoft ZGP-00048 Espagnol Qwerty 16 GB RAM 512 GB SSD - Tupique<\/title>\n<meta name=\"description\" content=\"Vous cherchez Ordinateur Portable Microsoft ZGP-00048 Espagnol Qwerty 16 GB RAM 512 GB SSD ? Achetez des produits chez Tupique. Profitez de la livraison gratuite pour obtenir Ordinateur Portable Microsoft ZGP-00048 Espagnol Qwerty 16 GB RAM 512 GB SSD d\u00e8s maintenant.\" \/>\n<meta name=\"robots\" content=\"index, follow, max-snippet:-1, max-image-preview:large, max-video-preview:-1\" \/>\n<link rel=\"canonical\" href=\"https:\/\/tupique.com\/pt\/produto\/ordinateur-portable-microsoft-zgp-00048-espagnol-qwerty-16-gb-ram-512-gb-ssd\/\" \/>\n<meta property=\"og:locale\" content=\"pt_PT\" \/>\n<meta property=\"og:type\" content=\"article\" \/>\n<meta property=\"og:title\" content=\"Ordinateur Portable Microsoft ZGP-00048 Espagnol Qwerty 16 GB RAM 512 GB SSD - Tupique\" \/>\n<meta property=\"og:description\" content=\"Vous cherchez Ordinateur Portable Microsoft ZGP-00048 Espagnol Qwerty 16 GB RAM 512 GB SSD ? Achetez des produits chez Tupique. Profitez de la livraison gratuite pour obtenir Ordinateur Portable Microsoft ZGP-00048 Espagnol Qwerty 16 GB RAM 512 GB SSD d\u00e8s maintenant.\" \/>\n<meta property=\"og:url\" content=\"https:\/\/tupique.com\/pt\/produto\/ordinateur-portable-microsoft-zgp-00048-espagnol-qwerty-16-gb-ram-512-gb-ssd\/\" \/>\n<meta property=\"og:site_name\" content=\"Tupique\" \/>\n<meta name=\"twitter:card\" content=\"summary_large_image\" \/>\n<meta name=\"twitter:label1\" content=\"Tempo estimado de leitura\" \/>\n\t<meta name=\"twitter:data1\" content=\"2 minutos\" \/>\n<script type=\"application\/ld+json\" class=\"yoast-schema-graph\">{\"@context\":\"https:\/\/schema.org\",\"@graph\":[{\"@type\":\"WebPage\",\"@id\":\"https:\/\/tupique.com\/produit\/ordinateur-portable-microsoft-zgp-00048-espagnol-qwerty-16-gb-ram-512-gb-ssd\/\",\"url\":\"https:\/\/tupique.com\/produit\/ordinateur-portable-microsoft-zgp-00048-espagnol-qwerty-16-gb-ram-512-gb-ssd\/\",\"name\":\"Ordinateur Portable Microsoft ZGP-00048 Espagnol Qwerty 16 GB RAM 512 GB SSD - Tupique\",\"isPartOf\":{\"@id\":\"https:\/\/tupique.com\/#website\"},\"primaryImageOfPage\":{\"@id\":\"https:\/\/tupique.com\/produit\/ordinateur-portable-microsoft-zgp-00048-espagnol-qwerty-16-gb-ram-512-gb-ssd\/#primaryimage\"},\"image\":{\"@id\":\"https:\/\/tupique.com\/produit\/ordinateur-portable-microsoft-zgp-00048-espagnol-qwerty-16-gb-ram-512-gb-ssd\/#primaryimage\"},\"thumbnailUrl\":\"https:\/\/tupique.com\/wp-content\/uploads\/2026\/04\/0196388283514_R00.jpg\",\"datePublished\":\"2026-04-08T00:58:08+00:00\",\"description\":\"Vous cherchez Ordinateur Portable Microsoft ZGP-00048 Espagnol Qwerty 16 GB RAM 512 GB SSD ? Achetez des produits chez Tupique. Profitez de la livraison gratuite pour obtenir Ordinateur Portable Microsoft ZGP-00048 Espagnol Qwerty 16 GB RAM 512 GB SSD d\u00e8s maintenant.\",\"breadcrumb\":{\"@id\":\"https:\/\/tupique.com\/produit\/ordinateur-portable-microsoft-zgp-00048-espagnol-qwerty-16-gb-ram-512-gb-ssd\/#breadcrumb\"},\"inLanguage\":\"pt-PT\",\"potentialAction\":[{\"@type\":\"ReadAction\",\"target\":[\"https:\/\/tupique.com\/produit\/ordinateur-portable-microsoft-zgp-00048-espagnol-qwerty-16-gb-ram-512-gb-ssd\/\"]}]},{\"@type\":\"ImageObject\",\"inLanguage\":\"pt-PT\",\"@id\":\"https:\/\/tupique.com\/produit\/ordinateur-portable-microsoft-zgp-00048-espagnol-qwerty-16-gb-ram-512-gb-ssd\/#primaryimage\",\"url\":\"https:\/\/tupique.com\/wp-content\/uploads\/2026\/04\/0196388283514_R00.jpg\",\"contentUrl\":\"https:\/\/tupique.com\/wp-content\/uploads\/2026\/04\/0196388283514_R00.jpg\",\"width\":1200,\"height\":1200,\"caption\":\"S55284273_0\"},{\"@type\":\"BreadcrumbList\",\"@id\":\"https:\/\/tupique.com\/produit\/ordinateur-portable-microsoft-zgp-00048-espagnol-qwerty-16-gb-ram-512-gb-ssd\/#breadcrumb\",\"itemListElement\":[{\"@type\":\"ListItem\",\"position\":1,\"name\":\"In\u00edcio\",\"item\":\"https:\/\/tupique.com\/\"},{\"@type\":\"ListItem\",\"position\":2,\"name\":\"Boutique\",\"item\":\"https:\/\/tupique.com\/en\/boutique\/\"},{\"@type\":\"ListItem\",\"position\":3,\"name\":\"Ordinateur Portable Microsoft ZGP-00048 Espagnol Qwerty 16 GB RAM 512 GB SSD\"}]},{\"@type\":\"WebSite\",\"@id\":\"https:\/\/tupique.com\/#website\",\"url\":\"https:\/\/tupique.com\/\",\"name\":\"Tupique\",\"description\":\"Marketplace\",\"publisher\":{\"@id\":\"https:\/\/tupique.com\/#organization\"},\"potentialAction\":[{\"@type\":\"SearchAction\",\"target\":{\"@type\":\"EntryPoint\",\"urlTemplate\":\"https:\/\/tupique.com\/?s={search_term_string}\"},\"query-input\":{\"@type\":\"PropertyValueSpecification\",\"valueRequired\":true,\"valueName\":\"search_term_string\"}}],\"inLanguage\":\"pt-PT\"},{\"@type\":\"Organization\",\"@id\":\"https:\/\/tupique.com\/#organization\",\"name\":\"Tupique\",\"url\":\"https:\/\/tupique.com\/\",\"logo\":{\"@type\":\"ImageObject\",\"inLanguage\":\"pt-PT\",\"@id\":\"https:\/\/tupique.com\/#\/schema\/logo\/image\/\",\"url\":\"https:\/\/tupique.com\/wp-content\/uploads\/2024\/09\/logo.png\",\"contentUrl\":\"https:\/\/tupique.com\/wp-content\/uploads\/2024\/09\/logo.png\",\"width\":1118,\"height\":310,\"caption\":\"Tupique\"},\"image\":{\"@id\":\"https:\/\/tupique.com\/#\/schema\/logo\/image\/\"}}]}<\/script>\n<!-- \/ Yoast SEO plugin. -->","yoast_head_json":{"title":"Ordinateur Portable Microsoft ZGP-00048 Espagnol Qwerty 16 GB RAM 512 GB SSD - Tupique","description":"Vous cherchez Ordinateur Portable Microsoft ZGP-00048 Espagnol Qwerty 16 GB RAM 512 GB SSD ? Achetez des produits chez Tupique. Profitez de la livraison gratuite pour obtenir Ordinateur Portable Microsoft ZGP-00048 Espagnol Qwerty 16 GB RAM 512 GB SSD d\u00e8s maintenant.","robots":{"index":"index","follow":"follow","max-snippet":"max-snippet:-1","max-image-preview":"max-image-preview:large","max-video-preview":"max-video-preview:-1"},"canonical":"https:\/\/tupique.com\/pt\/produto\/ordinateur-portable-microsoft-zgp-00048-espagnol-qwerty-16-gb-ram-512-gb-ssd\/","og_locale":"pt_PT","og_type":"article","og_title":"Ordinateur Portable Microsoft ZGP-00048 Espagnol Qwerty 16 GB RAM 512 GB SSD - Tupique","og_description":"Vous cherchez Ordinateur Portable Microsoft ZGP-00048 Espagnol Qwerty 16 GB RAM 512 GB SSD ? Achetez des produits chez Tupique. Profitez de la livraison gratuite pour obtenir Ordinateur Portable Microsoft ZGP-00048 Espagnol Qwerty 16 GB RAM 512 GB SSD d\u00e8s maintenant.","og_url":"https:\/\/tupique.com\/pt\/produto\/ordinateur-portable-microsoft-zgp-00048-espagnol-qwerty-16-gb-ram-512-gb-ssd\/","og_site_name":"Tupique","twitter_card":"summary_large_image","twitter_misc":{"Tempo estimado de leitura":"2 minutos"},"schema":{"@context":"https:\/\/schema.org","@graph":[{"@type":"WebPage","@id":"https:\/\/tupique.com\/produit\/ordinateur-portable-microsoft-zgp-00048-espagnol-qwerty-16-gb-ram-512-gb-ssd\/","url":"https:\/\/tupique.com\/produit\/ordinateur-portable-microsoft-zgp-00048-espagnol-qwerty-16-gb-ram-512-gb-ssd\/","name":"Ordinateur Portable Microsoft ZGP-00048 Espagnol Qwerty 16 GB RAM 512 GB SSD - Tupique","isPartOf":{"@id":"https:\/\/tupique.com\/#website"},"primaryImageOfPage":{"@id":"https:\/\/tupique.com\/produit\/ordinateur-portable-microsoft-zgp-00048-espagnol-qwerty-16-gb-ram-512-gb-ssd\/#primaryimage"},"image":{"@id":"https:\/\/tupique.com\/produit\/ordinateur-portable-microsoft-zgp-00048-espagnol-qwerty-16-gb-ram-512-gb-ssd\/#primaryimage"},"thumbnailUrl":"https:\/\/tupique.com\/wp-content\/uploads\/2026\/04\/0196388283514_R00.jpg","datePublished":"2026-04-08T00:58:08+00:00","description":"Vous cherchez Ordinateur Portable Microsoft ZGP-00048 Espagnol Qwerty 16 GB RAM 512 GB SSD ? Achetez des produits chez Tupique. Profitez de la livraison gratuite pour obtenir Ordinateur Portable Microsoft ZGP-00048 Espagnol Qwerty 16 GB RAM 512 GB SSD d\u00e8s maintenant.","breadcrumb":{"@id":"https:\/\/tupique.com\/produit\/ordinateur-portable-microsoft-zgp-00048-espagnol-qwerty-16-gb-ram-512-gb-ssd\/#breadcrumb"},"inLanguage":"pt-PT","potentialAction":[{"@type":"ReadAction","target":["https:\/\/tupique.com\/produit\/ordinateur-portable-microsoft-zgp-00048-espagnol-qwerty-16-gb-ram-512-gb-ssd\/"]}]},{"@type":"ImageObject","inLanguage":"pt-PT","@id":"https:\/\/tupique.com\/produit\/ordinateur-portable-microsoft-zgp-00048-espagnol-qwerty-16-gb-ram-512-gb-ssd\/#primaryimage","url":"https:\/\/tupique.com\/wp-content\/uploads\/2026\/04\/0196388283514_R00.jpg","contentUrl":"https:\/\/tupique.com\/wp-content\/uploads\/2026\/04\/0196388283514_R00.jpg","width":1200,"height":1200,"caption":"S55284273_0"},{"@type":"BreadcrumbList","@id":"https:\/\/tupique.com\/produit\/ordinateur-portable-microsoft-zgp-00048-espagnol-qwerty-16-gb-ram-512-gb-ssd\/#breadcrumb","itemListElement":[{"@type":"ListItem","position":1,"name":"In\u00edcio","item":"https:\/\/tupique.com\/"},{"@type":"ListItem","position":2,"name":"Boutique","item":"https:\/\/tupique.com\/en\/boutique\/"},{"@type":"ListItem","position":3,"name":"Ordinateur Portable Microsoft ZGP-00048 Espagnol Qwerty 16 GB RAM 512 GB SSD"}]},{"@type":"WebSite","@id":"https:\/\/tupique.com\/#website","url":"https:\/\/tupique.com\/","name":"Tupique","description":"Marketplace","publisher":{"@id":"https:\/\/tupique.com\/#organization"},"potentialAction":[{"@type":"SearchAction","target":{"@type":"EntryPoint","urlTemplate":"https:\/\/tupique.com\/?s={search_term_string}"},"query-input":{"@type":"PropertyValueSpecification","valueRequired":true,"valueName":"search_term_string"}}],"inLanguage":"pt-PT"},{"@type":"Organization","@id":"https:\/\/tupique.com\/#organization","name":"Tupique","url":"https:\/\/tupique.com\/","logo":{"@type":"ImageObject","inLanguage":"pt-PT","@id":"https:\/\/tupique.com\/#\/schema\/logo\/image\/","url":"https:\/\/tupique.com\/wp-content\/uploads\/2024\/09\/logo.png","contentUrl":"https:\/\/tupique.com\/wp-content\/uploads\/2024\/09\/logo.png","width":1118,"height":310,"caption":"Tupique"},"image":{"@id":"https:\/\/tupique.com\/#\/schema\/logo\/image\/"}}]}},"jetpack_sharing_enabled":true,"_links":{"self":[{"href":"https:\/\/tupique.com\/pt\/wp-json\/wp\/v2\/product\/4382492","targetHints":{"allow":["GET"]}}],"collection":[{"href":"https:\/\/tupique.com\/pt\/wp-json\/wp\/v2\/product"}],"about":[{"href":"https:\/\/tupique.com\/pt\/wp-json\/wp\/v2\/types\/product"}],"replies":[{"embeddable":true,"href":"https:\/\/tupique.com\/pt\/wp-json\/wp\/v2\/comments?post=4382492"}],"wp:featuredmedia":[{"embeddable":true,"href":"https:\/\/tupique.com\/pt\/wp-json\/wp\/v2\/media\/4382491"}],"wp:attachment":[{"href":"https:\/\/tupique.com\/pt\/wp-json\/wp\/v2\/media?parent=4382492"}],"wp:term":[{"taxonomy":"product_brand","embeddable":true,"href":"https:\/\/tupique.com\/pt\/wp-json\/wp\/v2\/product_brand?post=4382492"},{"taxonomy":"product_cat","embeddable":true,"href":"https:\/\/tupique.com\/pt\/wp-json\/wp\/v2\/product_cat?post=4382492"},{"taxonomy":"product_tag","embeddable":true,"href":"https:\/\/tupique.com\/pt\/wp-json\/wp\/v2\/product_tag?post=4382492"}],"curies":[{"name":"wp","href":"https:\/\/api.w.org\/{rel}","templated":true}]}}