{"id":4382571,"date":"2026-04-08T01:59:40","date_gmt":"2026-04-08T00:59:40","guid":{"rendered":"https:\/\/tupique.com\/produit\/switch-hpe-jl676a-rj-45\/"},"modified":"2026-04-08T01:59:40","modified_gmt":"2026-04-08T00:59:40","slug":"switch-hpe-jl676a-rj-45","status":"publish","type":"product","link":"https:\/\/tupique.com\/pt\/produto\/switch-hpe-jl676a-rj-45\/","title":{"rendered":"Switch HPE JL676A RJ-45"},"content":{"rendered":"<p>Se \u00e9 apaixonado por\u2019<b>inform\u00e1tica e eletr\u00f3nica<\/b>, Se est\u00e1 na vanguarda da tecnologia e n\u00e3o quer perder nada, compre <b>Switch HPE JL676A RJ-45<\/b> ao melhor pre\u00e7o.<\/p>\n<ul>\n<li>Liga\u00e7\u00f5es:\n<ul>\n<li>RJ45<\/li>\n<li>RJ45 x 48<\/li>\n<li>RJ-45 x 48<\/li>\n<li>PoE<\/li>\n<li>LAN Ethernet<\/li>\n<\/ul>\n<\/li>\n<li>Produto de encaixe: Sim<\/li>\n<li>Tipo de tomada: tomada UE<\/li>\n<li>Tipo:\n<ul>\n<li>Interruptor<\/li>\n<li>Empilh\u00e1vel<\/li>\n<\/ul>\n<\/li>\n<li>Alimenta\u00e7\u00e3o el\u00e9ctrica:\n<ul>\n<li>r\u00e9seau \u00e9lectrique<\/li>\n<li>Incluses<\/li>\n<\/ul>\n<\/li>\n<li>Cor: preto<\/li>\n<li>Tens\u00e3o:\n<ul>\n<li>100-240 V<\/li>\n<li>100 - 240 V<\/li>\n<\/ul>\n<\/li>\n<li>Frequ\u00eancia:\n<ul>\n<li>50-60 Hz<\/li>\n<li>50 &#8211; 60 Hz<\/li>\n<\/ul>\n<\/li>\n<li>Mem\u00f3ria flash: 16 MB<\/li>\n<li>Suporte: Multisuporte<\/li>\n<li>N\u00b0 de rainures: 4<\/li>\n<li>Processador: ARM Cortex A9<\/li>\n<li>Fator de forma: 1U<\/li>\n<li>Temperatura aproximada: -40\u00ba \/ 70\u00ba C<\/li>\n<li>Mem\u00f3ria RAM: 4 GB<\/li>\n<\/ul>","protected":false},"excerpt":{"rendered":"<p>Si vous \u00eates passionn\u00e9 d&#8217;informatique et d&#8217;\u00e9lectronique, si vous \u00eates \u00e0 la pointe de la technologie et qu&#8217;aucun d\u00e9tail ne<\/p>","protected":false},"featured_media":4382568,"comment_status":"open","ping_status":"closed","template":"","meta":{"_joinchat":[]},"product_brand":[157889],"product_cat":[157516,157520,157585],"product_tag":[157576,157515],"class_list":{"0":"post-4382571","1":"product","2":"type-product","3":"status-publish","4":"has-post-thumbnail","6":"product_brand-brandp_662","7":"product_cat-informatique-electronique","8":"product_cat-informatique-reseaux-et-composants","9":"product_cat-switch","10":"product_tag-tag_1279","11":"product_tag-tag_1295","13":"first","14":"instock","15":"taxable","16":"shipping-taxable","17":"purchasable","18":"product-type-simple"},"yoast_head":"<!-- This site is optimized with the Yoast SEO plugin v27.2 - https:\/\/yoast.com\/product\/yoast-seo-wordpress\/ -->\n<title>Switch HPE JL676A RJ-45 - Tupique<\/title>\n<meta name=\"description\" content=\"Vous cherchez Switch HPE JL676A RJ-45 ? Achetez des produits chez Tupique. Profitez de la livraison gratuite pour obtenir Switch HPE JL676A RJ-45 d\u00e8s maintenant.\" \/>\n<meta name=\"robots\" content=\"index, follow, max-snippet:-1, max-image-preview:large, max-video-preview:-1\" \/>\n<link rel=\"canonical\" href=\"https:\/\/tupique.com\/pt\/produto\/switch-hpe-jl676a-rj-45\/\" \/>\n<meta property=\"og:locale\" content=\"pt_PT\" \/>\n<meta property=\"og:type\" content=\"article\" \/>\n<meta property=\"og:title\" content=\"Switch HPE JL676A RJ-45 - Tupique\" \/>\n<meta property=\"og:description\" content=\"Vous cherchez Switch HPE JL676A RJ-45 ? Achetez des produits chez Tupique. Profitez de la livraison gratuite pour obtenir Switch HPE JL676A RJ-45 d\u00e8s maintenant.\" \/>\n<meta property=\"og:url\" content=\"https:\/\/tupique.com\/pt\/produto\/switch-hpe-jl676a-rj-45\/\" \/>\n<meta property=\"og:site_name\" content=\"Tupique\" \/>\n<meta name=\"twitter:card\" content=\"summary_large_image\" \/>\n<script type=\"application\/ld+json\" class=\"yoast-schema-graph\">{\"@context\":\"https:\/\/schema.org\",\"@graph\":[{\"@type\":\"WebPage\",\"@id\":\"https:\/\/tupique.com\/produit\/switch-hpe-jl676a-rj-45\/\",\"url\":\"https:\/\/tupique.com\/produit\/switch-hpe-jl676a-rj-45\/\",\"name\":\"Switch HPE JL676A RJ-45 - Tupique\",\"isPartOf\":{\"@id\":\"https:\/\/tupique.com\/#website\"},\"primaryImageOfPage\":{\"@id\":\"https:\/\/tupique.com\/produit\/switch-hpe-jl676a-rj-45\/#primaryimage\"},\"image\":{\"@id\":\"https:\/\/tupique.com\/produit\/switch-hpe-jl676a-rj-45\/#primaryimage\"},\"thumbnailUrl\":\"https:\/\/tupique.com\/wp-content\/uploads\/2026\/04\/497715141.jpg\",\"datePublished\":\"2026-04-08T00:59:40+00:00\",\"description\":\"Vous cherchez Switch HPE JL676A RJ-45 ? Achetez des produits chez Tupique. Profitez de la livraison gratuite pour obtenir Switch HPE JL676A RJ-45 d\u00e8s maintenant.\",\"breadcrumb\":{\"@id\":\"https:\/\/tupique.com\/produit\/switch-hpe-jl676a-rj-45\/#breadcrumb\"},\"inLanguage\":\"pt-PT\",\"potentialAction\":[{\"@type\":\"ReadAction\",\"target\":[\"https:\/\/tupique.com\/produit\/switch-hpe-jl676a-rj-45\/\"]}]},{\"@type\":\"ImageObject\",\"inLanguage\":\"pt-PT\",\"@id\":\"https:\/\/tupique.com\/produit\/switch-hpe-jl676a-rj-45\/#primaryimage\",\"url\":\"https:\/\/tupique.com\/wp-content\/uploads\/2026\/04\/497715141.jpg\",\"contentUrl\":\"https:\/\/tupique.com\/wp-content\/uploads\/2026\/04\/497715141.jpg\",\"width\":1200,\"height\":1200,\"caption\":\"S55077828_0\"},{\"@type\":\"BreadcrumbList\",\"@id\":\"https:\/\/tupique.com\/produit\/switch-hpe-jl676a-rj-45\/#breadcrumb\",\"itemListElement\":[{\"@type\":\"ListItem\",\"position\":1,\"name\":\"In\u00edcio\",\"item\":\"https:\/\/tupique.com\/\"},{\"@type\":\"ListItem\",\"position\":2,\"name\":\"Boutique\",\"item\":\"https:\/\/tupique.com\/en\/boutique\/\"},{\"@type\":\"ListItem\",\"position\":3,\"name\":\"Switch HPE JL676A RJ-45\"}]},{\"@type\":\"WebSite\",\"@id\":\"https:\/\/tupique.com\/#website\",\"url\":\"https:\/\/tupique.com\/\",\"name\":\"Tupique\",\"description\":\"Marketplace\",\"publisher\":{\"@id\":\"https:\/\/tupique.com\/#organization\"},\"potentialAction\":[{\"@type\":\"SearchAction\",\"target\":{\"@type\":\"EntryPoint\",\"urlTemplate\":\"https:\/\/tupique.com\/?s={search_term_string}\"},\"query-input\":{\"@type\":\"PropertyValueSpecification\",\"valueRequired\":true,\"valueName\":\"search_term_string\"}}],\"inLanguage\":\"pt-PT\"},{\"@type\":\"Organization\",\"@id\":\"https:\/\/tupique.com\/#organization\",\"name\":\"Tupique\",\"url\":\"https:\/\/tupique.com\/\",\"logo\":{\"@type\":\"ImageObject\",\"inLanguage\":\"pt-PT\",\"@id\":\"https:\/\/tupique.com\/#\/schema\/logo\/image\/\",\"url\":\"https:\/\/tupique.com\/wp-content\/uploads\/2024\/09\/logo.png\",\"contentUrl\":\"https:\/\/tupique.com\/wp-content\/uploads\/2024\/09\/logo.png\",\"width\":1118,\"height\":310,\"caption\":\"Tupique\"},\"image\":{\"@id\":\"https:\/\/tupique.com\/#\/schema\/logo\/image\/\"}}]}<\/script>\n<!-- \/ Yoast SEO plugin. -->","yoast_head_json":{"title":"Switch HPE JL676A RJ-45 - Tupique","description":"Vous cherchez Switch HPE JL676A RJ-45 ? Achetez des produits chez Tupique. Profitez de la livraison gratuite pour obtenir Switch HPE JL676A RJ-45 d\u00e8s maintenant.","robots":{"index":"index","follow":"follow","max-snippet":"max-snippet:-1","max-image-preview":"max-image-preview:large","max-video-preview":"max-video-preview:-1"},"canonical":"https:\/\/tupique.com\/pt\/produto\/switch-hpe-jl676a-rj-45\/","og_locale":"pt_PT","og_type":"article","og_title":"Switch HPE JL676A RJ-45 - Tupique","og_description":"Vous cherchez Switch HPE JL676A RJ-45 ? Achetez des produits chez Tupique. Profitez de la livraison gratuite pour obtenir Switch HPE JL676A RJ-45 d\u00e8s maintenant.","og_url":"https:\/\/tupique.com\/pt\/produto\/switch-hpe-jl676a-rj-45\/","og_site_name":"Tupique","twitter_card":"summary_large_image","schema":{"@context":"https:\/\/schema.org","@graph":[{"@type":"WebPage","@id":"https:\/\/tupique.com\/produit\/switch-hpe-jl676a-rj-45\/","url":"https:\/\/tupique.com\/produit\/switch-hpe-jl676a-rj-45\/","name":"Switch HPE JL676A RJ-45 - Tupique","isPartOf":{"@id":"https:\/\/tupique.com\/#website"},"primaryImageOfPage":{"@id":"https:\/\/tupique.com\/produit\/switch-hpe-jl676a-rj-45\/#primaryimage"},"image":{"@id":"https:\/\/tupique.com\/produit\/switch-hpe-jl676a-rj-45\/#primaryimage"},"thumbnailUrl":"https:\/\/tupique.com\/wp-content\/uploads\/2026\/04\/497715141.jpg","datePublished":"2026-04-08T00:59:40+00:00","description":"Vous cherchez Switch HPE JL676A RJ-45 ? Achetez des produits chez Tupique. Profitez de la livraison gratuite pour obtenir Switch HPE JL676A RJ-45 d\u00e8s maintenant.","breadcrumb":{"@id":"https:\/\/tupique.com\/produit\/switch-hpe-jl676a-rj-45\/#breadcrumb"},"inLanguage":"pt-PT","potentialAction":[{"@type":"ReadAction","target":["https:\/\/tupique.com\/produit\/switch-hpe-jl676a-rj-45\/"]}]},{"@type":"ImageObject","inLanguage":"pt-PT","@id":"https:\/\/tupique.com\/produit\/switch-hpe-jl676a-rj-45\/#primaryimage","url":"https:\/\/tupique.com\/wp-content\/uploads\/2026\/04\/497715141.jpg","contentUrl":"https:\/\/tupique.com\/wp-content\/uploads\/2026\/04\/497715141.jpg","width":1200,"height":1200,"caption":"S55077828_0"},{"@type":"BreadcrumbList","@id":"https:\/\/tupique.com\/produit\/switch-hpe-jl676a-rj-45\/#breadcrumb","itemListElement":[{"@type":"ListItem","position":1,"name":"In\u00edcio","item":"https:\/\/tupique.com\/"},{"@type":"ListItem","position":2,"name":"Boutique","item":"https:\/\/tupique.com\/en\/boutique\/"},{"@type":"ListItem","position":3,"name":"Switch HPE JL676A RJ-45"}]},{"@type":"WebSite","@id":"https:\/\/tupique.com\/#website","url":"https:\/\/tupique.com\/","name":"Tupique","description":"Marketplace","publisher":{"@id":"https:\/\/tupique.com\/#organization"},"potentialAction":[{"@type":"SearchAction","target":{"@type":"EntryPoint","urlTemplate":"https:\/\/tupique.com\/?s={search_term_string}"},"query-input":{"@type":"PropertyValueSpecification","valueRequired":true,"valueName":"search_term_string"}}],"inLanguage":"pt-PT"},{"@type":"Organization","@id":"https:\/\/tupique.com\/#organization","name":"Tupique","url":"https:\/\/tupique.com\/","logo":{"@type":"ImageObject","inLanguage":"pt-PT","@id":"https:\/\/tupique.com\/#\/schema\/logo\/image\/","url":"https:\/\/tupique.com\/wp-content\/uploads\/2024\/09\/logo.png","contentUrl":"https:\/\/tupique.com\/wp-content\/uploads\/2024\/09\/logo.png","width":1118,"height":310,"caption":"Tupique"},"image":{"@id":"https:\/\/tupique.com\/#\/schema\/logo\/image\/"}}]}},"jetpack_sharing_enabled":true,"_links":{"self":[{"href":"https:\/\/tupique.com\/pt\/wp-json\/wp\/v2\/product\/4382571","targetHints":{"allow":["GET"]}}],"collection":[{"href":"https:\/\/tupique.com\/pt\/wp-json\/wp\/v2\/product"}],"about":[{"href":"https:\/\/tupique.com\/pt\/wp-json\/wp\/v2\/types\/product"}],"replies":[{"embeddable":true,"href":"https:\/\/tupique.com\/pt\/wp-json\/wp\/v2\/comments?post=4382571"}],"wp:featuredmedia":[{"embeddable":true,"href":"https:\/\/tupique.com\/pt\/wp-json\/wp\/v2\/media\/4382568"}],"wp:attachment":[{"href":"https:\/\/tupique.com\/pt\/wp-json\/wp\/v2\/media?parent=4382571"}],"wp:term":[{"taxonomy":"product_brand","embeddable":true,"href":"https:\/\/tupique.com\/pt\/wp-json\/wp\/v2\/product_brand?post=4382571"},{"taxonomy":"product_cat","embeddable":true,"href":"https:\/\/tupique.com\/pt\/wp-json\/wp\/v2\/product_cat?post=4382571"},{"taxonomy":"product_tag","embeddable":true,"href":"https:\/\/tupique.com\/pt\/wp-json\/wp\/v2\/product_tag?post=4382571"}],"curies":[{"name":"wp","href":"https:\/\/api.w.org\/{rel}","templated":true}]}}