{"id":4382654,"date":"2026-04-08T02:03:21","date_gmt":"2026-04-08T01:03:21","guid":{"rendered":"https:\/\/tupique.com\/produit\/ordinateur-portable-medion-s30-14-snapdragon-x-elite-x1e-16-gb-ram-512-gb-ssd\/"},"modified":"2026-04-08T02:55:23","modified_gmt":"2026-04-08T01:55:23","slug":"ordinateur-portable-medion-s30-14-snapdragon-x-elite-x1e-16-gb-ram-512-gb-ssd","status":"publish","type":"product","link":"https:\/\/tupique.com\/pt\/produto\/ordinateur-portable-medion-s30-14-snapdragon-x-elite-x1e-16-gb-ram-512-gb-ssd\/","title":{"rendered":"Ordinateur Portable Medion S30 14&#8243; Snapdragon X Elite (X1E) 16 GB RAM 512 GB SSD"},"content":{"rendered":"<p>Se \u00e9 apaixonado por\u2019<b>inform\u00e1tica e eletr\u00f3nica<\/b>, Se est\u00e1 na vanguarda da tecnologia e n\u00e3o quer perder nada, compre <b>Ordinateur Portable Medion S30 14&#8243; Snapdragon X Elite (X1E) 16 GB RAM 512 GB SSD<\/b> ao melhor pre\u00e7o.<\/p>\n<p>Le <b>Medion S30<\/b> \u00e9 um <b>laptop<\/b> compact et performant qui allie technologie avanc\u00e9e et design fonctionnel, id\u00e9al pour ceux qui recherchent de la puissance en mobilit\u00e9. \u00c9quip\u00e9 du processeur derni\u00e8re g\u00e9n\u00e9ration <b>Snapdragon X Elite<\/b>, il offre une exp\u00e9rience rapide et efficace pour les t\u00e2ches quotidiennes et productives, soutenue par une m\u00e9moire de <b>16 GB RAM SDRAM<\/b> permettant un multit\u00e2che fluide et une gestion optimale des applications exigeantes. Son stockage interne rapide de <b>512 GB SSD<\/b> garantit des temps de chargement et de transfert r\u00e9duits, tout en offrant suffisamment d\u2019espace pour documents, programmes et contenus multim\u00e9dias. L\u2019\u00e9cran de <b>14 pouces<\/b> (soit 35,6 cm) propose une taille \u00e9quilibr\u00e9e facilitant la portabilit\u00e9 sans sacrifier un affichage confortable et net, parfait pour professionnels et \u00e9tudiants n\u00e9cessitant un appareil polyvalent. Ce portable est livr\u00e9 avec un clavier <b>QWERTY en espagnol<\/b>, adapt\u00e9 aux utilisateurs qui privil\u00e9gient confort et pr\u00e9cision \u00e0 la frappe. Il int\u00e8gre une connectivit\u00e9 avanc\u00e9e avec support du <b>Wi-Fi 7<\/b>, assurant des connexions sans fil plus rapides et stables pour naviguer, travailler dans le cloud ou faire des visioconf\u00e9rences sans interruption. Il fonctionne sous le syst\u00e8me <b>Windows 11 Home<\/b>, offrant une interface moderne et l\u2019acc\u00e8s aux derni\u00e8res fonctionnalit\u00e9s du logiciel Microsoft, r\u00e9pondant \u00e0 un large \u00e9ventail de besoins num\u00e9riques. De plus, il inclut une prise EU, facilitant son utilisation imm\u00e9diate dans les pays avec cette norme \u00e9lectrique. En somme, le Medion S30 repr\u00e9sente une solution technologique \u00e9quilibr\u00e9e, destin\u00e9e aux utilisateurs recherchant un portable puissant, avec capacit\u00e9 de stockage et connectivit\u00e9 avanc\u00e9e, sans compromettre la mobilit\u00e9.<\/p>\n<p>Ce mod\u00e8le se positionne comme une option polyvalente et efficace dans le segment des ordinateurs portables modernes.<\/p>\n<ul>\n<li>Clavier: Espagnol Qwerty<\/li>\n<li>Type: Ordinateur Portable<\/li>\n<li>Produto de encaixe: Sim<\/li>\n<li>Type de m\u00e9moire: SDRAM<\/li>\n<li>Tipo de tomada: tomada UE<\/li>\n<li>Mem\u00f3ria RAM: 16 GB de RAM<\/li>\n<li>Disque dur: 512 GB SSD<\/li>\n<li>Ecr\u00e3:\n<ul>\n<li>14&#8243;<\/li>\n<li>14&#8221;<\/li>\n<\/ul>\n<\/li>\n<li>Processeur: Snapdragon X Elite (X1E)<\/li>\n<li>Diagonale de l&#8217;\u00e9cran (cm): 35,6 cm<\/li>\n<li>Contr\u00f4leur graphique: Qualcomm Adreno<\/li>\n<li>Type de stockage: SSD<\/li>\n<li>Bloc d\u2019Alimentation: r\u00e9seau \u00e9lectrique<\/li>\n<li>Connectivit\u00e9: WI-FI 7<\/li>\n<\/ul>","protected":false},"excerpt":{"rendered":"<p>Si vous \u00eates passionn\u00e9 d&#8217;informatique et d&#8217;\u00e9lectronique, si vous \u00eates \u00e0 la pointe de la technologie et qu&#8217;aucun d\u00e9tail ne<\/p>","protected":false},"featured_media":4382653,"comment_status":"open","ping_status":"closed","template":"","meta":{"_joinchat":[]},"product_brand":[158237],"product_cat":[157516,157583,155043],"product_tag":[157514,157515],"class_list":{"0":"post-4382654","1":"product","2":"type-product","3":"status-publish","4":"has-post-thumbnail","6":"product_brand-brandp_3439","7":"product_cat-informatique-electronique","8":"product_cat-informatique-ordinateurs","9":"product_cat-notebooks","10":"product_tag-tag_933","11":"product_tag-tag_1295","13":"first","14":"instock","15":"taxable","16":"shipping-taxable","17":"purchasable","18":"product-type-simple"},"yoast_head":"<!-- This site is optimized with the Yoast SEO plugin v27.2 - https:\/\/yoast.com\/product\/yoast-seo-wordpress\/ -->\n<title>Ordinateur Portable Medion S30 14&quot; Snapdragon X Elite (X1E) 16 GB RAM 512 GB SSD - Tupique<\/title>\n<meta name=\"description\" content=\"Vous cherchez Ordinateur Portable Medion S30 14&quot; Snapdragon X Elite (X1E) 16 GB RAM 512 GB SSD ? Achetez des produits chez Tupique. Profitez de la livraison gratuite pour obtenir Ordinateur Portable Medion S30 14&quot; Snapdragon X Elite (X1E) 16 GB RAM 512 GB SSD d\u00e8s maintenant.\" \/>\n<meta name=\"robots\" content=\"index, follow, max-snippet:-1, max-image-preview:large, max-video-preview:-1\" \/>\n<link rel=\"canonical\" href=\"https:\/\/tupique.com\/pt\/produto\/ordinateur-portable-medion-s30-14-snapdragon-x-elite-x1e-16-gb-ram-512-gb-ssd\/\" \/>\n<meta property=\"og:locale\" content=\"pt_PT\" \/>\n<meta property=\"og:type\" content=\"article\" \/>\n<meta property=\"og:title\" content=\"Ordinateur Portable Medion S30 14&quot; Snapdragon X Elite (X1E) 16 GB RAM 512 GB SSD - Tupique\" \/>\n<meta property=\"og:description\" content=\"Vous cherchez Ordinateur Portable Medion S30 14&quot; Snapdragon X Elite (X1E) 16 GB RAM 512 GB SSD ? Achetez des produits chez Tupique. Profitez de la livraison gratuite pour obtenir Ordinateur Portable Medion S30 14&quot; Snapdragon X Elite (X1E) 16 GB RAM 512 GB SSD d\u00e8s maintenant.\" \/>\n<meta property=\"og:url\" content=\"https:\/\/tupique.com\/pt\/produto\/ordinateur-portable-medion-s30-14-snapdragon-x-elite-x1e-16-gb-ram-512-gb-ssd\/\" \/>\n<meta property=\"og:site_name\" content=\"Tupique\" \/>\n<meta property=\"article:modified_time\" content=\"2026-04-08T01:55:23+00:00\" \/>\n<meta property=\"og:image\" content=\"https:\/\/tupique.com\/wp-content\/uploads\/2026\/04\/S0460880_40612752352270.jpg\" \/>\n\t<meta property=\"og:image:width\" content=\"1200\" \/>\n\t<meta property=\"og:image:height\" content=\"1200\" \/>\n\t<meta property=\"og:image:type\" content=\"image\/jpeg\" \/>\n<meta name=\"twitter:card\" content=\"summary_large_image\" \/>\n<meta name=\"twitter:label1\" content=\"Tempo estimado de leitura\" \/>\n\t<meta name=\"twitter:data1\" content=\"2 minutos\" \/>\n<script type=\"application\/ld+json\" class=\"yoast-schema-graph\">{\"@context\":\"https:\/\/schema.org\",\"@graph\":[{\"@type\":\"WebPage\",\"@id\":\"https:\/\/tupique.com\/produit\/ordinateur-portable-medion-s30-14-snapdragon-x-elite-x1e-16-gb-ram-512-gb-ssd\/\",\"url\":\"https:\/\/tupique.com\/produit\/ordinateur-portable-medion-s30-14-snapdragon-x-elite-x1e-16-gb-ram-512-gb-ssd\/\",\"name\":\"Ordinateur Portable Medion S30 14\\\" Snapdragon X Elite (X1E) 16 GB RAM 512 GB SSD - Tupique\",\"isPartOf\":{\"@id\":\"https:\/\/tupique.com\/#website\"},\"primaryImageOfPage\":{\"@id\":\"https:\/\/tupique.com\/produit\/ordinateur-portable-medion-s30-14-snapdragon-x-elite-x1e-16-gb-ram-512-gb-ssd\/#primaryimage\"},\"image\":{\"@id\":\"https:\/\/tupique.com\/produit\/ordinateur-portable-medion-s30-14-snapdragon-x-elite-x1e-16-gb-ram-512-gb-ssd\/#primaryimage\"},\"thumbnailUrl\":\"https:\/\/tupique.com\/wp-content\/uploads\/2026\/04\/S0460880_40612752352270.jpg\",\"datePublished\":\"2026-04-08T01:03:21+00:00\",\"dateModified\":\"2026-04-08T01:55:23+00:00\",\"description\":\"Vous cherchez Ordinateur Portable Medion S30 14\\\" Snapdragon X Elite (X1E) 16 GB RAM 512 GB SSD ? Achetez des produits chez Tupique. Profitez de la livraison gratuite pour obtenir Ordinateur Portable Medion S30 14\\\" Snapdragon X Elite (X1E) 16 GB RAM 512 GB SSD d\u00e8s maintenant.\",\"breadcrumb\":{\"@id\":\"https:\/\/tupique.com\/produit\/ordinateur-portable-medion-s30-14-snapdragon-x-elite-x1e-16-gb-ram-512-gb-ssd\/#breadcrumb\"},\"inLanguage\":\"pt-PT\",\"potentialAction\":[{\"@type\":\"ReadAction\",\"target\":[\"https:\/\/tupique.com\/produit\/ordinateur-portable-medion-s30-14-snapdragon-x-elite-x1e-16-gb-ram-512-gb-ssd\/\"]}]},{\"@type\":\"ImageObject\",\"inLanguage\":\"pt-PT\",\"@id\":\"https:\/\/tupique.com\/produit\/ordinateur-portable-medion-s30-14-snapdragon-x-elite-x1e-16-gb-ram-512-gb-ssd\/#primaryimage\",\"url\":\"https:\/\/tupique.com\/wp-content\/uploads\/2026\/04\/S0460880_40612752352270.jpg\",\"contentUrl\":\"https:\/\/tupique.com\/wp-content\/uploads\/2026\/04\/S0460880_40612752352270.jpg\",\"width\":1200,\"height\":1200,\"caption\":\"S0460880_0\"},{\"@type\":\"BreadcrumbList\",\"@id\":\"https:\/\/tupique.com\/produit\/ordinateur-portable-medion-s30-14-snapdragon-x-elite-x1e-16-gb-ram-512-gb-ssd\/#breadcrumb\",\"itemListElement\":[{\"@type\":\"ListItem\",\"position\":1,\"name\":\"In\u00edcio\",\"item\":\"https:\/\/tupique.com\/\"},{\"@type\":\"ListItem\",\"position\":2,\"name\":\"Boutique\",\"item\":\"https:\/\/tupique.com\/en\/boutique\/\"},{\"@type\":\"ListItem\",\"position\":3,\"name\":\"Ordinateur Portable Medion S30 14&#8243; Snapdragon X Elite (X1E) 16 GB RAM 512 GB SSD\"}]},{\"@type\":\"WebSite\",\"@id\":\"https:\/\/tupique.com\/#website\",\"url\":\"https:\/\/tupique.com\/\",\"name\":\"Tupique\",\"description\":\"Marketplace\",\"publisher\":{\"@id\":\"https:\/\/tupique.com\/#organization\"},\"potentialAction\":[{\"@type\":\"SearchAction\",\"target\":{\"@type\":\"EntryPoint\",\"urlTemplate\":\"https:\/\/tupique.com\/?s={search_term_string}\"},\"query-input\":{\"@type\":\"PropertyValueSpecification\",\"valueRequired\":true,\"valueName\":\"search_term_string\"}}],\"inLanguage\":\"pt-PT\"},{\"@type\":\"Organization\",\"@id\":\"https:\/\/tupique.com\/#organization\",\"name\":\"Tupique\",\"url\":\"https:\/\/tupique.com\/\",\"logo\":{\"@type\":\"ImageObject\",\"inLanguage\":\"pt-PT\",\"@id\":\"https:\/\/tupique.com\/#\/schema\/logo\/image\/\",\"url\":\"https:\/\/tupique.com\/wp-content\/uploads\/2024\/09\/logo.png\",\"contentUrl\":\"https:\/\/tupique.com\/wp-content\/uploads\/2024\/09\/logo.png\",\"width\":1118,\"height\":310,\"caption\":\"Tupique\"},\"image\":{\"@id\":\"https:\/\/tupique.com\/#\/schema\/logo\/image\/\"}}]}<\/script>\n<!-- \/ Yoast SEO plugin. -->","yoast_head_json":{"title":"Ordinateur Portable Medion S30 14\" Snapdragon X Elite (X1E) 16 GB RAM 512 GB SSD - Tupique","description":"Vous cherchez Ordinateur Portable Medion S30 14\" Snapdragon X Elite (X1E) 16 GB RAM 512 GB SSD ? Achetez des produits chez Tupique. Profitez de la livraison gratuite pour obtenir Ordinateur Portable Medion S30 14\" Snapdragon X Elite (X1E) 16 GB RAM 512 GB SSD d\u00e8s maintenant.","robots":{"index":"index","follow":"follow","max-snippet":"max-snippet:-1","max-image-preview":"max-image-preview:large","max-video-preview":"max-video-preview:-1"},"canonical":"https:\/\/tupique.com\/pt\/produto\/ordinateur-portable-medion-s30-14-snapdragon-x-elite-x1e-16-gb-ram-512-gb-ssd\/","og_locale":"pt_PT","og_type":"article","og_title":"Ordinateur Portable Medion S30 14\" Snapdragon X Elite (X1E) 16 GB RAM 512 GB SSD - Tupique","og_description":"Vous cherchez Ordinateur Portable Medion S30 14\" Snapdragon X Elite (X1E) 16 GB RAM 512 GB SSD ? Achetez des produits chez Tupique. Profitez de la livraison gratuite pour obtenir Ordinateur Portable Medion S30 14\" Snapdragon X Elite (X1E) 16 GB RAM 512 GB SSD d\u00e8s maintenant.","og_url":"https:\/\/tupique.com\/pt\/produto\/ordinateur-portable-medion-s30-14-snapdragon-x-elite-x1e-16-gb-ram-512-gb-ssd\/","og_site_name":"Tupique","article_modified_time":"2026-04-08T01:55:23+00:00","og_image":[{"width":1200,"height":1200,"url":"https:\/\/tupique.com\/wp-content\/uploads\/2026\/04\/S0460880_40612752352270.jpg","type":"image\/jpeg"}],"twitter_card":"summary_large_image","twitter_misc":{"Tempo estimado de leitura":"2 minutos"},"schema":{"@context":"https:\/\/schema.org","@graph":[{"@type":"WebPage","@id":"https:\/\/tupique.com\/produit\/ordinateur-portable-medion-s30-14-snapdragon-x-elite-x1e-16-gb-ram-512-gb-ssd\/","url":"https:\/\/tupique.com\/produit\/ordinateur-portable-medion-s30-14-snapdragon-x-elite-x1e-16-gb-ram-512-gb-ssd\/","name":"Ordinateur Portable Medion S30 14\" Snapdragon X Elite (X1E) 16 GB RAM 512 GB SSD - Tupique","isPartOf":{"@id":"https:\/\/tupique.com\/#website"},"primaryImageOfPage":{"@id":"https:\/\/tupique.com\/produit\/ordinateur-portable-medion-s30-14-snapdragon-x-elite-x1e-16-gb-ram-512-gb-ssd\/#primaryimage"},"image":{"@id":"https:\/\/tupique.com\/produit\/ordinateur-portable-medion-s30-14-snapdragon-x-elite-x1e-16-gb-ram-512-gb-ssd\/#primaryimage"},"thumbnailUrl":"https:\/\/tupique.com\/wp-content\/uploads\/2026\/04\/S0460880_40612752352270.jpg","datePublished":"2026-04-08T01:03:21+00:00","dateModified":"2026-04-08T01:55:23+00:00","description":"Vous cherchez Ordinateur Portable Medion S30 14\" Snapdragon X Elite (X1E) 16 GB RAM 512 GB SSD ? Achetez des produits chez Tupique. Profitez de la livraison gratuite pour obtenir Ordinateur Portable Medion S30 14\" Snapdragon X Elite (X1E) 16 GB RAM 512 GB SSD d\u00e8s maintenant.","breadcrumb":{"@id":"https:\/\/tupique.com\/produit\/ordinateur-portable-medion-s30-14-snapdragon-x-elite-x1e-16-gb-ram-512-gb-ssd\/#breadcrumb"},"inLanguage":"pt-PT","potentialAction":[{"@type":"ReadAction","target":["https:\/\/tupique.com\/produit\/ordinateur-portable-medion-s30-14-snapdragon-x-elite-x1e-16-gb-ram-512-gb-ssd\/"]}]},{"@type":"ImageObject","inLanguage":"pt-PT","@id":"https:\/\/tupique.com\/produit\/ordinateur-portable-medion-s30-14-snapdragon-x-elite-x1e-16-gb-ram-512-gb-ssd\/#primaryimage","url":"https:\/\/tupique.com\/wp-content\/uploads\/2026\/04\/S0460880_40612752352270.jpg","contentUrl":"https:\/\/tupique.com\/wp-content\/uploads\/2026\/04\/S0460880_40612752352270.jpg","width":1200,"height":1200,"caption":"S0460880_0"},{"@type":"BreadcrumbList","@id":"https:\/\/tupique.com\/produit\/ordinateur-portable-medion-s30-14-snapdragon-x-elite-x1e-16-gb-ram-512-gb-ssd\/#breadcrumb","itemListElement":[{"@type":"ListItem","position":1,"name":"In\u00edcio","item":"https:\/\/tupique.com\/"},{"@type":"ListItem","position":2,"name":"Boutique","item":"https:\/\/tupique.com\/en\/boutique\/"},{"@type":"ListItem","position":3,"name":"Ordinateur Portable Medion S30 14&#8243; Snapdragon X Elite (X1E) 16 GB RAM 512 GB SSD"}]},{"@type":"WebSite","@id":"https:\/\/tupique.com\/#website","url":"https:\/\/tupique.com\/","name":"Tupique","description":"Marketplace","publisher":{"@id":"https:\/\/tupique.com\/#organization"},"potentialAction":[{"@type":"SearchAction","target":{"@type":"EntryPoint","urlTemplate":"https:\/\/tupique.com\/?s={search_term_string}"},"query-input":{"@type":"PropertyValueSpecification","valueRequired":true,"valueName":"search_term_string"}}],"inLanguage":"pt-PT"},{"@type":"Organization","@id":"https:\/\/tupique.com\/#organization","name":"Tupique","url":"https:\/\/tupique.com\/","logo":{"@type":"ImageObject","inLanguage":"pt-PT","@id":"https:\/\/tupique.com\/#\/schema\/logo\/image\/","url":"https:\/\/tupique.com\/wp-content\/uploads\/2024\/09\/logo.png","contentUrl":"https:\/\/tupique.com\/wp-content\/uploads\/2024\/09\/logo.png","width":1118,"height":310,"caption":"Tupique"},"image":{"@id":"https:\/\/tupique.com\/#\/schema\/logo\/image\/"}}]}},"jetpack_sharing_enabled":true,"_links":{"self":[{"href":"https:\/\/tupique.com\/pt\/wp-json\/wp\/v2\/product\/4382654","targetHints":{"allow":["GET"]}}],"collection":[{"href":"https:\/\/tupique.com\/pt\/wp-json\/wp\/v2\/product"}],"about":[{"href":"https:\/\/tupique.com\/pt\/wp-json\/wp\/v2\/types\/product"}],"replies":[{"embeddable":true,"href":"https:\/\/tupique.com\/pt\/wp-json\/wp\/v2\/comments?post=4382654"}],"wp:featuredmedia":[{"embeddable":true,"href":"https:\/\/tupique.com\/pt\/wp-json\/wp\/v2\/media\/4382653"}],"wp:attachment":[{"href":"https:\/\/tupique.com\/pt\/wp-json\/wp\/v2\/media?parent=4382654"}],"wp:term":[{"taxonomy":"product_brand","embeddable":true,"href":"https:\/\/tupique.com\/pt\/wp-json\/wp\/v2\/product_brand?post=4382654"},{"taxonomy":"product_cat","embeddable":true,"href":"https:\/\/tupique.com\/pt\/wp-json\/wp\/v2\/product_cat?post=4382654"},{"taxonomy":"product_tag","embeddable":true,"href":"https:\/\/tupique.com\/pt\/wp-json\/wp\/v2\/product_tag?post=4382654"}],"curies":[{"name":"wp","href":"https:\/\/api.w.org\/{rel}","templated":true}]}}