{"id":4382884,"date":"2026-04-08T02:59:39","date_gmt":"2026-04-08T01:59:39","guid":{"rendered":"https:\/\/tupique.com\/produit\/cafetiere-superautomatique-melitta-barista-se-f830-003-noir-1450-w-15-bar\/"},"modified":"2026-04-08T02:59:39","modified_gmt":"2026-04-08T01:59:39","slug":"cafetiere-superautomatique-melitta-barista-se-f830-003-noir-1450-w-15-bar","status":"publish","type":"product","link":"https:\/\/tupique.com\/pt\/produto\/cafetiere-superautomatique-melitta-barista-se-f830-003-noir-1450-w-15-bar\/","title":{"rendered":"Cafeti\u00e8re superautomatique Melitta Barista SE F830-003 Noir 1450 W 15 bar"},"content":{"rendered":"<p>Se procura electrodom\u00e9sticos para a sua casa aos melhores pre\u00e7os, n\u00e3o perca <b>Cafeti\u00e8re superautomatique Melitta Barista SE F830-003 Noir 1450 W 15 bar<\/b> e uma vasta sele\u00e7\u00e3o de pequenos electrodom\u00e9sticos de qualidade!<\/p>\n<p>La <b>Melitta Barista SE F830-003<\/b> \u00e9 um <b>machine \u00e0 caf\u00e9 super-automatique<\/b> con\u00e7ue pour offrir un caf\u00e9 de qualit\u00e9 professionnelle \u00e0 la maison avec un maximum de confort et de pr\u00e9cision. Ce mod\u00e8le int\u00e8gre une <b>pression de 15 bars<\/b> et une <b>puissance de 1450 W<\/b> pour garantir une extraction optimale des ar\u00f4mes et saveurs, s\u2019adaptant aussi bien aux expressos intenses qu\u2019aux caf\u00e9s plus doux. Son <b>r\u00e9servoir d\u2019eau de 1,8 litre<\/b> permet de pr\u00e9parer plusieurs tasses cons\u00e9cutives sans besoin de remplir constamment, tandis que l\u2019<b>arr\u00eat automatique<\/b> assure s\u00e9curit\u00e9 et efficacit\u00e9 \u00e9nerg\u00e9tique apr\u00e8s chaque utilisation. Gr\u00e2ce \u00e0 sa <b>fonction m\u00e9moire<\/b>, il est possible de personnaliser et sauvegarder des pr\u00e9f\u00e9rences individuelles pour acc\u00e9der rapidement aux pr\u00e9parations favorites ; son <b>\u00e9cran intuitif<\/b> facilite la navigation entre diff\u00e9rents r\u00e9glages et recettes, rendant l\u2019utilisation simple pour tous les utilisateurs. La <b>couleur noire<\/b> apporte une touche \u00e9l\u00e9gante et moderne, s\u2019int\u00e9grant parfaitement dans toute cuisine. De plus, la machine est con\u00e7ue pour un entretien facile, avec un syst\u00e8me simple \u00e0 nettoyer qui fait gagner du temps et des efforts au quotidien. En r\u00e9sum\u00e9, la Melitta Barista SE F830-003 repr\u00e9sente une solution avanc\u00e9e et fonctionnelle pour ceux qui exigent des r\u00e9sultats professionnels sans renoncer au confort domestique.<\/p>\n<ul>\n<li>Tipo:\n<ul>\n<li>Cafeti\u00e8re superautomatique<\/li>\n<li>Machine \u00e0 espresso<\/li>\n<\/ul>\n<\/li>\n<li>Produto de encaixe: Sim<\/li>\n<li>Cor: preto<\/li>\n<li>puissance: 1450 W<\/li>\n<li>Press\u00e3o: 15 bar<\/li>\n<li>Capacit\u00e9: 1,8 L<\/li>\n<li>Carater\u00edsticas:\n<ul>\n<li>Paragem autom\u00e1tica<\/li>\n<li>Fonction de m\u00e9moire<\/li>\n<li>F\u00e1cil de limpar<\/li>\n<li>Temperatura regul\u00e1vel<\/li>\n<\/ul>\n<\/li>\n<li>Inclui: Ecr\u00e3<\/li>\n<li>Type de commande: Tactile<\/li>\n<li>Niveaux de temp\u00e9rature: 3 niveaux<\/li>\n<\/ul>","protected":false},"excerpt":{"rendered":"<p>Si vous recherchez des \u00e9lectrom\u00e9nagers pour votre maison aux meilleurs prix, ne manquez pas Cafeti\u00e8re superautomatique Melitta Barista SE F830-003<\/p>","protected":false},"featured_media":4382879,"comment_status":"open","ping_status":"closed","template":"","meta":{"_joinchat":[]},"product_brand":[158246],"product_cat":[158151,157538,157539],"product_tag":[157546,157545],"class_list":{"0":"post-4382884","1":"product","2":"type-product","3":"status-publish","4":"has-post-thumbnail","6":"product_brand-brandp_4976","7":"product_cat-cafetieres","8":"product_cat-cuisine-gourmet","9":"product_cat-petit-electromenager","10":"product_tag-tag_1304","11":"product_tag-tag_930","13":"first","14":"instock","15":"taxable","16":"shipping-taxable","17":"purchasable","18":"product-type-simple"},"yoast_head":"<!-- This site is optimized with the Yoast SEO plugin v27.2 - https:\/\/yoast.com\/product\/yoast-seo-wordpress\/ -->\n<title>Cafeti\u00e8re superautomatique Melitta Barista SE F830-003 Noir 1450 W 15 bar - Tupique<\/title>\n<meta name=\"description\" content=\"Vous cherchez Cafeti\u00e8re superautomatique Melitta Barista SE F830-003 Noir 1450 W 15 bar ? Achetez des produits chez Tupique. Profitez de la livraison gratuite pour obtenir Cafeti\u00e8re superautomatique Melitta Barista SE F830-003 Noir 1450 W 15 bar d\u00e8s maintenant.\" \/>\n<meta name=\"robots\" content=\"index, follow, max-snippet:-1, max-image-preview:large, max-video-preview:-1\" \/>\n<link rel=\"canonical\" href=\"https:\/\/tupique.com\/pt\/produto\/cafetiere-superautomatique-melitta-barista-se-f830-003-noir-1450-w-15-bar\/\" \/>\n<meta property=\"og:locale\" content=\"pt_PT\" \/>\n<meta property=\"og:type\" content=\"article\" \/>\n<meta property=\"og:title\" content=\"Cafeti\u00e8re superautomatique Melitta Barista SE F830-003 Noir 1450 W 15 bar - Tupique\" \/>\n<meta property=\"og:description\" content=\"Vous cherchez Cafeti\u00e8re superautomatique Melitta Barista SE F830-003 Noir 1450 W 15 bar ? Achetez des produits chez Tupique. Profitez de la livraison gratuite pour obtenir Cafeti\u00e8re superautomatique Melitta Barista SE F830-003 Noir 1450 W 15 bar d\u00e8s maintenant.\" \/>\n<meta property=\"og:url\" content=\"https:\/\/tupique.com\/pt\/produto\/cafetiere-superautomatique-melitta-barista-se-f830-003-noir-1450-w-15-bar\/\" \/>\n<meta property=\"og:site_name\" content=\"Tupique\" \/>\n<meta name=\"twitter:card\" content=\"summary_large_image\" \/>\n<meta name=\"twitter:label1\" content=\"Tempo estimado de leitura\" \/>\n\t<meta name=\"twitter:data1\" content=\"1 minuto\" \/>\n<script type=\"application\/ld+json\" class=\"yoast-schema-graph\">{\"@context\":\"https:\/\/schema.org\",\"@graph\":[{\"@type\":\"WebPage\",\"@id\":\"https:\/\/tupique.com\/produit\/cafetiere-superautomatique-melitta-barista-se-f830-003-noir-1450-w-15-bar\/\",\"url\":\"https:\/\/tupique.com\/produit\/cafetiere-superautomatique-melitta-barista-se-f830-003-noir-1450-w-15-bar\/\",\"name\":\"Cafeti\u00e8re superautomatique Melitta Barista SE F830-003 Noir 1450 W 15 bar - Tupique\",\"isPartOf\":{\"@id\":\"https:\/\/tupique.com\/#website\"},\"primaryImageOfPage\":{\"@id\":\"https:\/\/tupique.com\/produit\/cafetiere-superautomatique-melitta-barista-se-f830-003-noir-1450-w-15-bar\/#primaryimage\"},\"image\":{\"@id\":\"https:\/\/tupique.com\/produit\/cafetiere-superautomatique-melitta-barista-se-f830-003-noir-1450-w-15-bar\/#primaryimage\"},\"thumbnailUrl\":\"https:\/\/tupique.com\/wp-content\/uploads\/2026\/04\/4006508230945_S71013655_P00.jpg\",\"datePublished\":\"2026-04-08T01:59:39+00:00\",\"description\":\"Vous cherchez Cafeti\u00e8re superautomatique Melitta Barista SE F830-003 Noir 1450 W 15 bar ? Achetez des produits chez Tupique. Profitez de la livraison gratuite pour obtenir Cafeti\u00e8re superautomatique Melitta Barista SE F830-003 Noir 1450 W 15 bar d\u00e8s maintenant.\",\"breadcrumb\":{\"@id\":\"https:\/\/tupique.com\/produit\/cafetiere-superautomatique-melitta-barista-se-f830-003-noir-1450-w-15-bar\/#breadcrumb\"},\"inLanguage\":\"pt-PT\",\"potentialAction\":[{\"@type\":\"ReadAction\",\"target\":[\"https:\/\/tupique.com\/produit\/cafetiere-superautomatique-melitta-barista-se-f830-003-noir-1450-w-15-bar\/\"]}]},{\"@type\":\"ImageObject\",\"inLanguage\":\"pt-PT\",\"@id\":\"https:\/\/tupique.com\/produit\/cafetiere-superautomatique-melitta-barista-se-f830-003-noir-1450-w-15-bar\/#primaryimage\",\"url\":\"https:\/\/tupique.com\/wp-content\/uploads\/2026\/04\/4006508230945_S71013655_P00.jpg\",\"contentUrl\":\"https:\/\/tupique.com\/wp-content\/uploads\/2026\/04\/4006508230945_S71013655_P00.jpg\",\"width\":1200,\"height\":1200,\"caption\":\"S71013655_0\"},{\"@type\":\"BreadcrumbList\",\"@id\":\"https:\/\/tupique.com\/produit\/cafetiere-superautomatique-melitta-barista-se-f830-003-noir-1450-w-15-bar\/#breadcrumb\",\"itemListElement\":[{\"@type\":\"ListItem\",\"position\":1,\"name\":\"In\u00edcio\",\"item\":\"https:\/\/tupique.com\/\"},{\"@type\":\"ListItem\",\"position\":2,\"name\":\"Boutique\",\"item\":\"https:\/\/tupique.com\/en\/boutique\/\"},{\"@type\":\"ListItem\",\"position\":3,\"name\":\"Cafeti\u00e8re superautomatique Melitta Barista SE F830-003 Noir 1450 W 15 bar\"}]},{\"@type\":\"WebSite\",\"@id\":\"https:\/\/tupique.com\/#website\",\"url\":\"https:\/\/tupique.com\/\",\"name\":\"Tupique\",\"description\":\"Marketplace\",\"publisher\":{\"@id\":\"https:\/\/tupique.com\/#organization\"},\"potentialAction\":[{\"@type\":\"SearchAction\",\"target\":{\"@type\":\"EntryPoint\",\"urlTemplate\":\"https:\/\/tupique.com\/?s={search_term_string}\"},\"query-input\":{\"@type\":\"PropertyValueSpecification\",\"valueRequired\":true,\"valueName\":\"search_term_string\"}}],\"inLanguage\":\"pt-PT\"},{\"@type\":\"Organization\",\"@id\":\"https:\/\/tupique.com\/#organization\",\"name\":\"Tupique\",\"url\":\"https:\/\/tupique.com\/\",\"logo\":{\"@type\":\"ImageObject\",\"inLanguage\":\"pt-PT\",\"@id\":\"https:\/\/tupique.com\/#\/schema\/logo\/image\/\",\"url\":\"https:\/\/tupique.com\/wp-content\/uploads\/2024\/09\/logo.png\",\"contentUrl\":\"https:\/\/tupique.com\/wp-content\/uploads\/2024\/09\/logo.png\",\"width\":1118,\"height\":310,\"caption\":\"Tupique\"},\"image\":{\"@id\":\"https:\/\/tupique.com\/#\/schema\/logo\/image\/\"}}]}<\/script>\n<!-- \/ Yoast SEO plugin. -->","yoast_head_json":{"title":"Cafeti\u00e8re superautomatique Melitta Barista SE F830-003 Noir 1450 W 15 bar - Tupique","description":"Vous cherchez Cafeti\u00e8re superautomatique Melitta Barista SE F830-003 Noir 1450 W 15 bar ? Achetez des produits chez Tupique. Profitez de la livraison gratuite pour obtenir Cafeti\u00e8re superautomatique Melitta Barista SE F830-003 Noir 1450 W 15 bar d\u00e8s maintenant.","robots":{"index":"index","follow":"follow","max-snippet":"max-snippet:-1","max-image-preview":"max-image-preview:large","max-video-preview":"max-video-preview:-1"},"canonical":"https:\/\/tupique.com\/pt\/produto\/cafetiere-superautomatique-melitta-barista-se-f830-003-noir-1450-w-15-bar\/","og_locale":"pt_PT","og_type":"article","og_title":"Cafeti\u00e8re superautomatique Melitta Barista SE F830-003 Noir 1450 W 15 bar - Tupique","og_description":"Vous cherchez Cafeti\u00e8re superautomatique Melitta Barista SE F830-003 Noir 1450 W 15 bar ? Achetez des produits chez Tupique. Profitez de la livraison gratuite pour obtenir Cafeti\u00e8re superautomatique Melitta Barista SE F830-003 Noir 1450 W 15 bar d\u00e8s maintenant.","og_url":"https:\/\/tupique.com\/pt\/produto\/cafetiere-superautomatique-melitta-barista-se-f830-003-noir-1450-w-15-bar\/","og_site_name":"Tupique","twitter_card":"summary_large_image","twitter_misc":{"Tempo estimado de leitura":"1 minuto"},"schema":{"@context":"https:\/\/schema.org","@graph":[{"@type":"WebPage","@id":"https:\/\/tupique.com\/produit\/cafetiere-superautomatique-melitta-barista-se-f830-003-noir-1450-w-15-bar\/","url":"https:\/\/tupique.com\/produit\/cafetiere-superautomatique-melitta-barista-se-f830-003-noir-1450-w-15-bar\/","name":"Cafeti\u00e8re superautomatique Melitta Barista SE F830-003 Noir 1450 W 15 bar - Tupique","isPartOf":{"@id":"https:\/\/tupique.com\/#website"},"primaryImageOfPage":{"@id":"https:\/\/tupique.com\/produit\/cafetiere-superautomatique-melitta-barista-se-f830-003-noir-1450-w-15-bar\/#primaryimage"},"image":{"@id":"https:\/\/tupique.com\/produit\/cafetiere-superautomatique-melitta-barista-se-f830-003-noir-1450-w-15-bar\/#primaryimage"},"thumbnailUrl":"https:\/\/tupique.com\/wp-content\/uploads\/2026\/04\/4006508230945_S71013655_P00.jpg","datePublished":"2026-04-08T01:59:39+00:00","description":"Vous cherchez Cafeti\u00e8re superautomatique Melitta Barista SE F830-003 Noir 1450 W 15 bar ? Achetez des produits chez Tupique. Profitez de la livraison gratuite pour obtenir Cafeti\u00e8re superautomatique Melitta Barista SE F830-003 Noir 1450 W 15 bar d\u00e8s maintenant.","breadcrumb":{"@id":"https:\/\/tupique.com\/produit\/cafetiere-superautomatique-melitta-barista-se-f830-003-noir-1450-w-15-bar\/#breadcrumb"},"inLanguage":"pt-PT","potentialAction":[{"@type":"ReadAction","target":["https:\/\/tupique.com\/produit\/cafetiere-superautomatique-melitta-barista-se-f830-003-noir-1450-w-15-bar\/"]}]},{"@type":"ImageObject","inLanguage":"pt-PT","@id":"https:\/\/tupique.com\/produit\/cafetiere-superautomatique-melitta-barista-se-f830-003-noir-1450-w-15-bar\/#primaryimage","url":"https:\/\/tupique.com\/wp-content\/uploads\/2026\/04\/4006508230945_S71013655_P00.jpg","contentUrl":"https:\/\/tupique.com\/wp-content\/uploads\/2026\/04\/4006508230945_S71013655_P00.jpg","width":1200,"height":1200,"caption":"S71013655_0"},{"@type":"BreadcrumbList","@id":"https:\/\/tupique.com\/produit\/cafetiere-superautomatique-melitta-barista-se-f830-003-noir-1450-w-15-bar\/#breadcrumb","itemListElement":[{"@type":"ListItem","position":1,"name":"In\u00edcio","item":"https:\/\/tupique.com\/"},{"@type":"ListItem","position":2,"name":"Boutique","item":"https:\/\/tupique.com\/en\/boutique\/"},{"@type":"ListItem","position":3,"name":"Cafeti\u00e8re superautomatique Melitta Barista SE F830-003 Noir 1450 W 15 bar"}]},{"@type":"WebSite","@id":"https:\/\/tupique.com\/#website","url":"https:\/\/tupique.com\/","name":"Tupique","description":"Marketplace","publisher":{"@id":"https:\/\/tupique.com\/#organization"},"potentialAction":[{"@type":"SearchAction","target":{"@type":"EntryPoint","urlTemplate":"https:\/\/tupique.com\/?s={search_term_string}"},"query-input":{"@type":"PropertyValueSpecification","valueRequired":true,"valueName":"search_term_string"}}],"inLanguage":"pt-PT"},{"@type":"Organization","@id":"https:\/\/tupique.com\/#organization","name":"Tupique","url":"https:\/\/tupique.com\/","logo":{"@type":"ImageObject","inLanguage":"pt-PT","@id":"https:\/\/tupique.com\/#\/schema\/logo\/image\/","url":"https:\/\/tupique.com\/wp-content\/uploads\/2024\/09\/logo.png","contentUrl":"https:\/\/tupique.com\/wp-content\/uploads\/2024\/09\/logo.png","width":1118,"height":310,"caption":"Tupique"},"image":{"@id":"https:\/\/tupique.com\/#\/schema\/logo\/image\/"}}]}},"jetpack_sharing_enabled":true,"_links":{"self":[{"href":"https:\/\/tupique.com\/pt\/wp-json\/wp\/v2\/product\/4382884","targetHints":{"allow":["GET"]}}],"collection":[{"href":"https:\/\/tupique.com\/pt\/wp-json\/wp\/v2\/product"}],"about":[{"href":"https:\/\/tupique.com\/pt\/wp-json\/wp\/v2\/types\/product"}],"replies":[{"embeddable":true,"href":"https:\/\/tupique.com\/pt\/wp-json\/wp\/v2\/comments?post=4382884"}],"wp:featuredmedia":[{"embeddable":true,"href":"https:\/\/tupique.com\/pt\/wp-json\/wp\/v2\/media\/4382879"}],"wp:attachment":[{"href":"https:\/\/tupique.com\/pt\/wp-json\/wp\/v2\/media?parent=4382884"}],"wp:term":[{"taxonomy":"product_brand","embeddable":true,"href":"https:\/\/tupique.com\/pt\/wp-json\/wp\/v2\/product_brand?post=4382884"},{"taxonomy":"product_cat","embeddable":true,"href":"https:\/\/tupique.com\/pt\/wp-json\/wp\/v2\/product_cat?post=4382884"},{"taxonomy":"product_tag","embeddable":true,"href":"https:\/\/tupique.com\/pt\/wp-json\/wp\/v2\/product_tag?post=4382884"}],"curies":[{"name":"wp","href":"https:\/\/api.w.org\/{rel}","templated":true}]}}