{"id":4382901,"date":"2026-04-08T02:59:57","date_gmt":"2026-04-08T01:59:57","guid":{"rendered":"https:\/\/tupique.com\/produit\/tv-intelligente-lg-49uh7n-e-aeu-4k-ultra-hd-49-led-ips-edge-led\/"},"modified":"2026-04-08T02:59:57","modified_gmt":"2026-04-08T01:59:57","slug":"tv-intelligente-lg-49uh7n-e-aeu-4k-ultra-hd-49-led-ips-edge-led","status":"publish","type":"product","link":"https:\/\/tupique.com\/pt\/produto\/tv-intelligente-lg-49uh7n-e-aeu-4k-ultra-hd-49-led-ips-edge-led\/","title":{"rendered":"TV intelligente LG 49UH7N-E.AEU 4K Ultra HD 49&#8243; LED IPS Edge-LED"},"content":{"rendered":"<p>Se \u00e9 apaixonado por\u2019<b>inform\u00e1tica e eletr\u00f3nica<\/b>, Se est\u00e1 na vanguarda da tecnologia e n\u00e3o quer perder nada, compre <b>TV intelligente LG 49UH7N-E.AEU 4K Ultra HD 49&#8243; LED IPS Edge-LED<\/b> ao melhor pre\u00e7o.<\/p>\n<p>Le <b>moniteur<\/b> LG est une solution polyvalente et fiable pour diverses applications informatiques, gr\u00e2ce \u00e0 la qualit\u00e9 reconnue de la marque LG en technologie visuelle. Bien que les caract\u00e9ristiques d\u00e9taill\u00e9es ne soient pas pr\u00e9cis\u00e9es, les moniteurs de cette marque int\u00e8grent g\u00e9n\u00e9ralement des <b>\u00e9crans haute r\u00e9solution<\/b> garantissant une image nette et claire, id\u00e9ale pour le bureau, le design ou le divertissement. Les technologies typiques de LG, comme les dalles IPS ou LED, assurent une reproduction fid\u00e8le des couleurs et de larges angles de vision, facilitant la collaboration et r\u00e9duisant la fatigue visuelle lors de longues sessions. De plus, les moniteurs LG offrent souvent plusieurs options de connectivit\u00e9, permettant de brancher plusieurs appareils simultan\u00e9ment via des ports HDMI, DisplayPort ou USB, s\u2019adaptant \u00e0 diff\u00e9rentes configurations de travail ou de jeu. Leur design allie g\u00e9n\u00e9ralement fonctionnalit\u00e9 et esth\u00e9tique moderne, avec des cadres fins qui optimisent l\u2019espace et permettent des configurations multi-\u00e9crans plus immersives. La fiabilit\u00e9 et la durabilit\u00e9 de LG sont \u00e9galement des atouts majeurs, offrant une performance constante r\u00e9pondant aux attentes des professionnels comme des particuliers. En r\u00e9sum\u00e9, ce moniteur LG est un outil efficace et adaptable pour ceux qui recherchent qualit\u00e9 visuelle et confort dans l\u2019usage quotidien de leur ordinateur.<\/p>\n<ul>\n<li>Produto de encaixe: Sim<\/li>\n<li>Tipo de tomada: tomada UE<\/li>\n<li>Diagonale de l&#8217;\u00e9cran (cm): 124,5 cm<\/li>\n<li>Type: T\u00e9l\u00e9vision<\/li>\n<li>Smart TV: Sim<\/li>\n<li>Ecran: 49&#8243;<\/li>\n<li>Bloc d\u2019Alimentation: r\u00e9seau \u00e9lectrique<\/li>\n<li>Cor: preto<\/li>\n<li>Carater\u00edsticas:\n<ul>\n<li>Altifalantes integrados<\/li>\n<li>Universal<\/li>\n<li>2 altifalantes<\/li>\n<\/ul>\n<\/li>\n<li>Liga\u00e7\u00f5es:\n<ul>\n<li>USB<\/li>\n<li>USB-C<\/li>\n<li>RJ45<\/li>\n<li>USB x 2<\/li>\n<li>DisplayPort x 2<\/li>\n<li>HDCP<\/li>\n<li>HDMI x 2<\/li>\n<\/ul>\n<\/li>\n<li>R\u00e1cio de aspeto: 16:9<\/li>\n<li>Conectividade: Wi-Fi<\/li>\n<li>Classifica\u00e7\u00e3o energ\u00e9tica: G<\/li>\n<li>puissance: 20 W<\/li>\n<li>Syst\u00e8me d&#8217;exploitation: webOS<\/li>\n<li>Montage:\n<ul>\n<li>Montage mural<\/li>\n<li>VESA<\/li>\n<\/ul>\n<\/li>\n<li>Tecnologia:\n<ul>\n<li>LED<\/li>\n<li>IPS<\/li>\n<li>Edge-LED<\/li>\n<\/ul>\n<\/li>\n<li>Interface: Ethernet<\/li>\n<li>Sortie audio: Oui<\/li>\n<li>Frequ\u00eancia:\n<ul>\n<li>50 &#8211; 60 Hz<\/li>\n<li>60 Hz<\/li>\n<\/ul>\n<\/li>\n<li>Inclui: Controlo remoto<\/li>\n<li>VESA: 30 x 30 cm<\/li>\n<li>Resolu\u00e7\u00e3o: 4K Ultra HD<\/li>\n<li>Tens\u00e3o: 100 - 240 V<\/li>\n<li>consommation d&#8217;\u00e9nergie: 130 kWh<\/li>\n<li>Angle: 178\u00ba<\/li>\n<li>Classification IP: IPX5<\/li>\n<li>Brille: 700 cd\/m\u00b2<\/li>\n<li>Resolu\u00e7\u00e3o (px): 3840 x 2160 px<\/li>\n<li>Temps de r\u00e9ponse: 8 ms<\/li>\n<\/ul>","protected":false},"excerpt":{"rendered":"<p>Si vous \u00eates passionn\u00e9 d&#8217;informatique et d&#8217;\u00e9lectronique, si vous \u00eates \u00e0 la pointe de la technologie et qu&#8217;aucun d\u00e9tail ne<\/p>","protected":false},"featured_media":4382900,"comment_status":"open","ping_status":"closed","template":"","meta":{"_joinchat":[]},"product_brand":[157916],"product_cat":[157626,157516,157803],"product_tag":[157576],"class_list":{"0":"post-4382901","1":"product","2":"type-product","3":"status-publish","4":"has-post-thumbnail","6":"product_brand-brandp_559","7":"product_cat-electronique-television","8":"product_cat-informatique-electronique","9":"product_cat-televisions-et-smart-tv","10":"product_tag-tag_1279","12":"first","13":"outofstock","14":"taxable","15":"shipping-taxable","16":"purchasable","17":"product-type-simple"},"yoast_head":"<!-- This site is optimized with the Yoast SEO plugin v27.2 - https:\/\/yoast.com\/product\/yoast-seo-wordpress\/ -->\n<title>TV intelligente LG 49UH7N-E.AEU 4K Ultra HD 49&quot; LED IPS Edge-LED - Tupique<\/title>\n<meta name=\"description\" content=\"Vous cherchez TV intelligente LG 49UH7N-E.AEU 4K Ultra HD 49&quot; LED IPS Edge-LED ? Achetez des produits chez Tupique. Profitez de la livraison gratuite pour obtenir TV intelligente LG 49UH7N-E.AEU 4K Ultra HD 49&quot; LED IPS Edge-LED d\u00e8s maintenant.\" \/>\n<meta name=\"robots\" content=\"index, follow, max-snippet:-1, max-image-preview:large, max-video-preview:-1\" \/>\n<link rel=\"canonical\" href=\"https:\/\/tupique.com\/pt\/produto\/tv-intelligente-lg-49uh7n-e-aeu-4k-ultra-hd-49-led-ips-edge-led\/\" \/>\n<meta property=\"og:locale\" content=\"pt_PT\" \/>\n<meta property=\"og:type\" content=\"article\" \/>\n<meta property=\"og:title\" content=\"TV intelligente LG 49UH7N-E.AEU 4K Ultra HD 49&quot; LED IPS Edge-LED - Tupique\" \/>\n<meta property=\"og:description\" content=\"Vous cherchez TV intelligente LG 49UH7N-E.AEU 4K Ultra HD 49&quot; LED IPS Edge-LED ? Achetez des produits chez Tupique. Profitez de la livraison gratuite pour obtenir TV intelligente LG 49UH7N-E.AEU 4K Ultra HD 49&quot; LED IPS Edge-LED d\u00e8s maintenant.\" \/>\n<meta property=\"og:url\" content=\"https:\/\/tupique.com\/pt\/produto\/tv-intelligente-lg-49uh7n-e-aeu-4k-ultra-hd-49-led-ips-edge-led\/\" \/>\n<meta property=\"og:site_name\" content=\"Tupique\" \/>\n<meta name=\"twitter:card\" content=\"summary_large_image\" \/>\n<meta name=\"twitter:label1\" content=\"Tempo estimado de leitura\" \/>\n\t<meta name=\"twitter:data1\" content=\"2 minutos\" \/>\n<script type=\"application\/ld+json\" class=\"yoast-schema-graph\">{\"@context\":\"https:\/\/schema.org\",\"@graph\":[{\"@type\":\"WebPage\",\"@id\":\"https:\/\/tupique.com\/produit\/tv-intelligente-lg-49uh7n-e-aeu-4k-ultra-hd-49-led-ips-edge-led\/\",\"url\":\"https:\/\/tupique.com\/produit\/tv-intelligente-lg-49uh7n-e-aeu-4k-ultra-hd-49-led-ips-edge-led\/\",\"name\":\"TV intelligente LG 49UH7N-E.AEU 4K Ultra HD 49\\\" LED IPS Edge-LED - Tupique\",\"isPartOf\":{\"@id\":\"https:\/\/tupique.com\/#website\"},\"primaryImageOfPage\":{\"@id\":\"https:\/\/tupique.com\/produit\/tv-intelligente-lg-49uh7n-e-aeu-4k-ultra-hd-49-led-ips-edge-led\/#primaryimage\"},\"image\":{\"@id\":\"https:\/\/tupique.com\/produit\/tv-intelligente-lg-49uh7n-e-aeu-4k-ultra-hd-49-led-ips-edge-led\/#primaryimage\"},\"thumbnailUrl\":\"https:\/\/tupique.com\/wp-content\/uploads\/2026\/04\/M0322338_P00.jpg\",\"datePublished\":\"2026-04-08T01:59:57+00:00\",\"description\":\"Vous cherchez TV intelligente LG 49UH7N-E.AEU 4K Ultra HD 49\\\" LED IPS Edge-LED ? Achetez des produits chez Tupique. Profitez de la livraison gratuite pour obtenir TV intelligente LG 49UH7N-E.AEU 4K Ultra HD 49\\\" LED IPS Edge-LED d\u00e8s maintenant.\",\"breadcrumb\":{\"@id\":\"https:\/\/tupique.com\/produit\/tv-intelligente-lg-49uh7n-e-aeu-4k-ultra-hd-49-led-ips-edge-led\/#breadcrumb\"},\"inLanguage\":\"pt-PT\",\"potentialAction\":[{\"@type\":\"ReadAction\",\"target\":[\"https:\/\/tupique.com\/produit\/tv-intelligente-lg-49uh7n-e-aeu-4k-ultra-hd-49-led-ips-edge-led\/\"]}]},{\"@type\":\"ImageObject\",\"inLanguage\":\"pt-PT\",\"@id\":\"https:\/\/tupique.com\/produit\/tv-intelligente-lg-49uh7n-e-aeu-4k-ultra-hd-49-led-ips-edge-led\/#primaryimage\",\"url\":\"https:\/\/tupique.com\/wp-content\/uploads\/2026\/04\/M0322338_P00.jpg\",\"contentUrl\":\"https:\/\/tupique.com\/wp-content\/uploads\/2026\/04\/M0322338_P00.jpg\",\"width\":1200,\"height\":1200,\"caption\":\"S55270636_0\"},{\"@type\":\"BreadcrumbList\",\"@id\":\"https:\/\/tupique.com\/produit\/tv-intelligente-lg-49uh7n-e-aeu-4k-ultra-hd-49-led-ips-edge-led\/#breadcrumb\",\"itemListElement\":[{\"@type\":\"ListItem\",\"position\":1,\"name\":\"In\u00edcio\",\"item\":\"https:\/\/tupique.com\/\"},{\"@type\":\"ListItem\",\"position\":2,\"name\":\"Boutique\",\"item\":\"https:\/\/tupique.com\/en\/boutique\/\"},{\"@type\":\"ListItem\",\"position\":3,\"name\":\"TV intelligente LG 49UH7N-E.AEU 4K Ultra HD 49&#8243; LED IPS Edge-LED\"}]},{\"@type\":\"WebSite\",\"@id\":\"https:\/\/tupique.com\/#website\",\"url\":\"https:\/\/tupique.com\/\",\"name\":\"Tupique\",\"description\":\"Marketplace\",\"publisher\":{\"@id\":\"https:\/\/tupique.com\/#organization\"},\"potentialAction\":[{\"@type\":\"SearchAction\",\"target\":{\"@type\":\"EntryPoint\",\"urlTemplate\":\"https:\/\/tupique.com\/?s={search_term_string}\"},\"query-input\":{\"@type\":\"PropertyValueSpecification\",\"valueRequired\":true,\"valueName\":\"search_term_string\"}}],\"inLanguage\":\"pt-PT\"},{\"@type\":\"Organization\",\"@id\":\"https:\/\/tupique.com\/#organization\",\"name\":\"Tupique\",\"url\":\"https:\/\/tupique.com\/\",\"logo\":{\"@type\":\"ImageObject\",\"inLanguage\":\"pt-PT\",\"@id\":\"https:\/\/tupique.com\/#\/schema\/logo\/image\/\",\"url\":\"https:\/\/tupique.com\/wp-content\/uploads\/2024\/09\/logo.png\",\"contentUrl\":\"https:\/\/tupique.com\/wp-content\/uploads\/2024\/09\/logo.png\",\"width\":1118,\"height\":310,\"caption\":\"Tupique\"},\"image\":{\"@id\":\"https:\/\/tupique.com\/#\/schema\/logo\/image\/\"}}]}<\/script>\n<!-- \/ Yoast SEO plugin. -->","yoast_head_json":{"title":"TV intelligente LG 49UH7N-E.AEU 4K Ultra HD 49\" LED IPS Edge-LED - Tupique","description":"Vous cherchez TV intelligente LG 49UH7N-E.AEU 4K Ultra HD 49\" LED IPS Edge-LED ? Achetez des produits chez Tupique. Profitez de la livraison gratuite pour obtenir TV intelligente LG 49UH7N-E.AEU 4K Ultra HD 49\" LED IPS Edge-LED d\u00e8s maintenant.","robots":{"index":"index","follow":"follow","max-snippet":"max-snippet:-1","max-image-preview":"max-image-preview:large","max-video-preview":"max-video-preview:-1"},"canonical":"https:\/\/tupique.com\/pt\/produto\/tv-intelligente-lg-49uh7n-e-aeu-4k-ultra-hd-49-led-ips-edge-led\/","og_locale":"pt_PT","og_type":"article","og_title":"TV intelligente LG 49UH7N-E.AEU 4K Ultra HD 49\" LED IPS Edge-LED - Tupique","og_description":"Vous cherchez TV intelligente LG 49UH7N-E.AEU 4K Ultra HD 49\" LED IPS Edge-LED ? Achetez des produits chez Tupique. Profitez de la livraison gratuite pour obtenir TV intelligente LG 49UH7N-E.AEU 4K Ultra HD 49\" LED IPS Edge-LED d\u00e8s maintenant.","og_url":"https:\/\/tupique.com\/pt\/produto\/tv-intelligente-lg-49uh7n-e-aeu-4k-ultra-hd-49-led-ips-edge-led\/","og_site_name":"Tupique","twitter_card":"summary_large_image","twitter_misc":{"Tempo estimado de leitura":"2 minutos"},"schema":{"@context":"https:\/\/schema.org","@graph":[{"@type":"WebPage","@id":"https:\/\/tupique.com\/produit\/tv-intelligente-lg-49uh7n-e-aeu-4k-ultra-hd-49-led-ips-edge-led\/","url":"https:\/\/tupique.com\/produit\/tv-intelligente-lg-49uh7n-e-aeu-4k-ultra-hd-49-led-ips-edge-led\/","name":"TV intelligente LG 49UH7N-E.AEU 4K Ultra HD 49\" LED IPS Edge-LED - Tupique","isPartOf":{"@id":"https:\/\/tupique.com\/#website"},"primaryImageOfPage":{"@id":"https:\/\/tupique.com\/produit\/tv-intelligente-lg-49uh7n-e-aeu-4k-ultra-hd-49-led-ips-edge-led\/#primaryimage"},"image":{"@id":"https:\/\/tupique.com\/produit\/tv-intelligente-lg-49uh7n-e-aeu-4k-ultra-hd-49-led-ips-edge-led\/#primaryimage"},"thumbnailUrl":"https:\/\/tupique.com\/wp-content\/uploads\/2026\/04\/M0322338_P00.jpg","datePublished":"2026-04-08T01:59:57+00:00","description":"Vous cherchez TV intelligente LG 49UH7N-E.AEU 4K Ultra HD 49\" LED IPS Edge-LED ? Achetez des produits chez Tupique. Profitez de la livraison gratuite pour obtenir TV intelligente LG 49UH7N-E.AEU 4K Ultra HD 49\" LED IPS Edge-LED d\u00e8s maintenant.","breadcrumb":{"@id":"https:\/\/tupique.com\/produit\/tv-intelligente-lg-49uh7n-e-aeu-4k-ultra-hd-49-led-ips-edge-led\/#breadcrumb"},"inLanguage":"pt-PT","potentialAction":[{"@type":"ReadAction","target":["https:\/\/tupique.com\/produit\/tv-intelligente-lg-49uh7n-e-aeu-4k-ultra-hd-49-led-ips-edge-led\/"]}]},{"@type":"ImageObject","inLanguage":"pt-PT","@id":"https:\/\/tupique.com\/produit\/tv-intelligente-lg-49uh7n-e-aeu-4k-ultra-hd-49-led-ips-edge-led\/#primaryimage","url":"https:\/\/tupique.com\/wp-content\/uploads\/2026\/04\/M0322338_P00.jpg","contentUrl":"https:\/\/tupique.com\/wp-content\/uploads\/2026\/04\/M0322338_P00.jpg","width":1200,"height":1200,"caption":"S55270636_0"},{"@type":"BreadcrumbList","@id":"https:\/\/tupique.com\/produit\/tv-intelligente-lg-49uh7n-e-aeu-4k-ultra-hd-49-led-ips-edge-led\/#breadcrumb","itemListElement":[{"@type":"ListItem","position":1,"name":"In\u00edcio","item":"https:\/\/tupique.com\/"},{"@type":"ListItem","position":2,"name":"Boutique","item":"https:\/\/tupique.com\/en\/boutique\/"},{"@type":"ListItem","position":3,"name":"TV intelligente LG 49UH7N-E.AEU 4K Ultra HD 49&#8243; LED IPS Edge-LED"}]},{"@type":"WebSite","@id":"https:\/\/tupique.com\/#website","url":"https:\/\/tupique.com\/","name":"Tupique","description":"Marketplace","publisher":{"@id":"https:\/\/tupique.com\/#organization"},"potentialAction":[{"@type":"SearchAction","target":{"@type":"EntryPoint","urlTemplate":"https:\/\/tupique.com\/?s={search_term_string}"},"query-input":{"@type":"PropertyValueSpecification","valueRequired":true,"valueName":"search_term_string"}}],"inLanguage":"pt-PT"},{"@type":"Organization","@id":"https:\/\/tupique.com\/#organization","name":"Tupique","url":"https:\/\/tupique.com\/","logo":{"@type":"ImageObject","inLanguage":"pt-PT","@id":"https:\/\/tupique.com\/#\/schema\/logo\/image\/","url":"https:\/\/tupique.com\/wp-content\/uploads\/2024\/09\/logo.png","contentUrl":"https:\/\/tupique.com\/wp-content\/uploads\/2024\/09\/logo.png","width":1118,"height":310,"caption":"Tupique"},"image":{"@id":"https:\/\/tupique.com\/#\/schema\/logo\/image\/"}}]}},"jetpack_sharing_enabled":true,"_links":{"self":[{"href":"https:\/\/tupique.com\/pt\/wp-json\/wp\/v2\/product\/4382901","targetHints":{"allow":["GET"]}}],"collection":[{"href":"https:\/\/tupique.com\/pt\/wp-json\/wp\/v2\/product"}],"about":[{"href":"https:\/\/tupique.com\/pt\/wp-json\/wp\/v2\/types\/product"}],"replies":[{"embeddable":true,"href":"https:\/\/tupique.com\/pt\/wp-json\/wp\/v2\/comments?post=4382901"}],"wp:featuredmedia":[{"embeddable":true,"href":"https:\/\/tupique.com\/pt\/wp-json\/wp\/v2\/media\/4382900"}],"wp:attachment":[{"href":"https:\/\/tupique.com\/pt\/wp-json\/wp\/v2\/media?parent=4382901"}],"wp:term":[{"taxonomy":"product_brand","embeddable":true,"href":"https:\/\/tupique.com\/pt\/wp-json\/wp\/v2\/product_brand?post=4382901"},{"taxonomy":"product_cat","embeddable":true,"href":"https:\/\/tupique.com\/pt\/wp-json\/wp\/v2\/product_cat?post=4382901"},{"taxonomy":"product_tag","embeddable":true,"href":"https:\/\/tupique.com\/pt\/wp-json\/wp\/v2\/product_tag?post=4382901"}],"curies":[{"name":"wp","href":"https:\/\/api.w.org\/{rel}","templated":true}]}}