{"id":4383069,"date":"2026-04-08T03:59:04","date_gmt":"2026-04-08T02:59:04","guid":{"rendered":"https:\/\/tupique.com\/produit\/ordinateur-portable-lg-17z90t-g-ad8bb-17-intel-core-ultra-7-255h-32-gb-ram-2-tb-ssd\/"},"modified":"2026-04-08T03:59:04","modified_gmt":"2026-04-08T02:59:04","slug":"ordinateur-portable-lg-17z90t-g-ad8bb-17-intel-core-ultra-7-255h-32-gb-ram-2-tb-ssd","status":"publish","type":"product","link":"https:\/\/tupique.com\/pt\/produto\/ordinateur-portable-lg-17z90t-g-ad8bb-17-intel-core-ultra-7-255h-32-gb-ram-2-tb-ssd\/","title":{"rendered":"Ordinateur Portable LG 17Z90T-G.AD8BB 17&#8243; intel core ultra 7 255H 32 GB RAM 2 TB SSD"},"content":{"rendered":"<p>Se est\u00e1 \u00e0 procura das \u00faltimas tend\u00eancias do mercado, temos tudo o que precisa. <b>Ordinateur Portable LG 17Z90T-G.AD8BB 17&#8243; intel core ultra 7 255H 32 GB RAM 2 TB SSD<\/b> !<\/p>\n<p>Le <b>laptop LG mod\u00e8le 17Z90T-G.AD8BB<\/b> est un appareil con\u00e7u pour les utilisateurs professionnels et cr\u00e9atifs qui n\u00e9cessitent une grande puissance de traitement et de stockage dans un format robuste. Il dispose d\u2019un imposant <b>\u00e9cran de 17 pouces<\/b>, id\u00e9al pour une visualisation \u00e9tendue de contenu, le montage multim\u00e9dia et le multit\u00e2che efficace. Sa <b>m\u00e9moire RAM de 32 Go<\/b> permet d\u2019ex\u00e9cuter sans difficult\u00e9 plusieurs applications exigeantes et de g\u00e9rer de gros volumes de donn\u00e9es simultan\u00e9ment, garantissant des performances fluides et stables. Il offre une large <b>capacit\u00e9 de stockage SSD de 2 To<\/b>, assurant une grande vitesse d\u2019acc\u00e8s et de transfert des fichiers, tout en fournissant un espace suffisant pour les projets et logiciels volumineux. La finition en <b>preto<\/b> lui conf\u00e8re un aspect professionnel et sobre, adapt\u00e9 aux environnements corporatifs et cr\u00e9atifs. C\u00f4t\u00e9 connectivit\u00e9, ce laptop est \u00e9quip\u00e9 du <b>Bluetooth<\/b> pour une liaison sans fil avec p\u00e9riph\u00e9riques et appareils mobiles, tandis que son ensemble de <b>six ports USB<\/b> facilite la connexion simultan\u00e9e de multiples accessoires, des disques externes aux dispositifs d\u2019entr\u00e9e et sortie. Ce mod\u00e8le se positionne comme une option avanc\u00e9e combinant un grand \u00e9cran et des capacit\u00e9s techniques remarquables, parfaite pour les professionnels recherchant productivit\u00e9 maximale et polyvalence dans un appareil haute performance.<\/p>\n<ul>\n<li>Cor: preto<\/li>\n<li>Conectividade:\n<ul>\n<li>Bluetooth<\/li>\n<li>Bluetooth 5.3<\/li>\n<li>WI-FI 7<\/li>\n<\/ul>\n<\/li>\n<li>Disco r\u00edgido:\n<ul>\n<li>2 TB SSD<\/li>\n<li>2 TB HDD<\/li>\n<\/ul>\n<\/li>\n<li>Ecran: 17&#8243;<\/li>\n<li>Liga\u00e7\u00f5es:\n<ul>\n<li>USB x 6<\/li>\n<li>HDMI<\/li>\n<li>USB<\/li>\n<li>M.2<\/li>\n<li>HDMI 2.1 x 1<\/li>\n<li>USB A 3.2 Gen 2 (3.1 Gen 2) x 2<\/li>\n<li>C\u00e2ble jack 3,3 mm<\/li>\n<\/ul>\n<\/li>\n<li>Tecnologia:\n<ul>\n<li>IPS<\/li>\n<li>Dolby Atmos<\/li>\n<\/ul>\n<\/li>\n<li>R\u00e9solution:\n<ul>\n<li>WQXGA<\/li>\n<li>Full HD<\/li>\n<li>4K Ultra HD<\/li>\n<\/ul>\n<\/li>\n<li>Tipo de tomada: tomada UE<\/li>\n<li>Type de m\u00e9moire:\n<ul>\n<li>SDRAM<\/li>\n<li>LPDDR5X<\/li>\n<\/ul>\n<\/li>\n<li>Tipo:\n<ul>\n<li>Ordinateur Portable<\/li>\n<li>Clavier num\u00e9rique<\/li>\n<li>Touchpad<\/li>\n<li>Clavier complet<\/li>\n<li>HDD<\/li>\n<\/ul>\n<\/li>\n<li>Type de stockage: SSD<\/li>\n<li>Sistema operativo:\n<ul>\n<li>Windows 11<\/li>\n<li>Windows 11 Home<\/li>\n<\/ul>\n<\/li>\n<li>Produto de encaixe: Sim<\/li>\n<li>M\u00e9moire RAM: 32 GB RAM<\/li>\n<li>Resolu\u00e7\u00e3o (px):\n<ul>\n<li>2560 x 1600 px<\/li>\n<li>1920 x 1080 px<\/li>\n<\/ul>\n<\/li>\n<li>Diagonale de l&#8217;\u00e9cran (cm): 43,2 cm<\/li>\n<li>Contr\u00f4leur graphique: INTEL ARC GRAPHICS<\/li>\n<li>Processeur:\n<ul>\n<li>intel core ultra 7 255H<\/li>\n<li>intel core ultra 7<\/li>\n<\/ul>\n<\/li>\n<li>Clavier: Espagnol Qwerty<\/li>\n<li>Bloc d\u2019Alimentation: r\u00e9seau \u00e9lectrique<\/li>\n<li>Ecr\u00e3 t\u00e1til: N\u00e3o<\/li>\n<li>Type d&#8217;unit\u00e9 optique: Non<\/li>\n<li>Son: 2 W<\/li>\n<li>Inclui:\n<ul>\n<li>Touchpad<\/li>\n<li>Webcam<\/li>\n<\/ul>\n<\/li>\n<li>Carater\u00edsticas:\n<ul>\n<li>C\u00e2mara frontal<\/li>\n<li>Microfone incorporado<\/li>\n<li>2 altifalantes<\/li>\n<li>Leitor de impress\u00f5es digitais<\/li>\n<li>Prote\u00e7\u00e3o de dados\/palavra-passe<\/li>\n<li>Adaptateur graphique int\u00e9gr\u00e9<\/li>\n<\/ul>\n<\/li>\n<li>Rapport d&#8217;aspect: 16:10<\/li>\n<li>puissance: 65 W<\/li>\n<li>Non Inclus:\n<ul>\n<li>Type d&#8217;unit\u00e9 optique<\/li>\n<li>Adaptateur AC<\/li>\n<li>Liga\u00e7\u00e3o \u00e0 rede m\u00f3vel<\/li>\n<li>Adaptateur graphique discret<\/li>\n<\/ul>\n<\/li>\n<li>Format: M.2<\/li>\n<li>Cartes M\u00e9moire Compatibles: SD,SDHC,SDXC<\/li>\n<li>Flux lumineux: 400 lm<\/li>\n<li>Connecteurs: Kensington<\/li>\n<li>Fr\u00e9quence: 5,1 GHz<\/li>\n<li>Autonomie approx.: 20 heures<\/li>\n<li>N\u00facleos: 16 n\u00facleos<\/li>\n<li>Fam\u00edlia de processadores: Intel<\/li>\n<\/ul>","protected":false},"excerpt":{"rendered":"<p>Si vous \u00eates \u00e0 la recherche de nouvelles tendances sur le march\u00e9, nous vous pr\u00e9sentons Ordinateur Portable LG 17Z90T-G.AD8BB 17&#8243;<\/p>","protected":false},"featured_media":4383068,"comment_status":"open","ping_status":"closed","template":"","meta":{"_joinchat":[]},"product_brand":[157916],"product_cat":[157516,157583,155043],"product_tag":[157514,157515],"class_list":{"0":"post-4383069","1":"product","2":"type-product","3":"status-publish","4":"has-post-thumbnail","6":"product_brand-brandp_559","7":"product_cat-informatique-electronique","8":"product_cat-informatique-ordinateurs","9":"product_cat-notebooks","10":"product_tag-tag_933","11":"product_tag-tag_1295","13":"first","14":"instock","15":"taxable","16":"shipping-taxable","17":"purchasable","18":"product-type-simple"},"yoast_head":"<!-- This site is optimized with the Yoast SEO plugin v27.2 - https:\/\/yoast.com\/product\/yoast-seo-wordpress\/ -->\n<title>Ordinateur Portable LG 17Z90T-G.AD8BB 17&quot; intel core ultra 7 255H 32 GB RAM 2 TB SSD - Tupique<\/title>\n<meta name=\"description\" content=\"Vous cherchez Ordinateur Portable LG 17Z90T-G.AD8BB 17&quot; intel core ultra 7 255H 32 GB RAM 2 TB SSD ? Achetez des produits chez Tupique. Profitez de la livraison gratuite pour obtenir Ordinateur Portable LG 17Z90T-G.AD8BB 17&quot; intel core ultra 7 255H 32 GB RAM 2 TB SSD d\u00e8s maintenant.\" \/>\n<meta name=\"robots\" content=\"index, follow, max-snippet:-1, max-image-preview:large, max-video-preview:-1\" \/>\n<link rel=\"canonical\" href=\"https:\/\/tupique.com\/pt\/produto\/ordinateur-portable-lg-17z90t-g-ad8bb-17-intel-core-ultra-7-255h-32-gb-ram-2-tb-ssd\/\" \/>\n<meta property=\"og:locale\" content=\"pt_PT\" \/>\n<meta property=\"og:type\" content=\"article\" \/>\n<meta property=\"og:title\" content=\"Ordinateur Portable LG 17Z90T-G.AD8BB 17&quot; intel core ultra 7 255H 32 GB RAM 2 TB SSD - Tupique\" \/>\n<meta property=\"og:description\" content=\"Vous cherchez Ordinateur Portable LG 17Z90T-G.AD8BB 17&quot; intel core ultra 7 255H 32 GB RAM 2 TB SSD ? Achetez des produits chez Tupique. Profitez de la livraison gratuite pour obtenir Ordinateur Portable LG 17Z90T-G.AD8BB 17&quot; intel core ultra 7 255H 32 GB RAM 2 TB SSD d\u00e8s maintenant.\" \/>\n<meta property=\"og:url\" content=\"https:\/\/tupique.com\/pt\/produto\/ordinateur-portable-lg-17z90t-g-ad8bb-17-intel-core-ultra-7-255h-32-gb-ram-2-tb-ssd\/\" \/>\n<meta property=\"og:site_name\" content=\"Tupique\" \/>\n<meta name=\"twitter:card\" content=\"summary_large_image\" \/>\n<meta name=\"twitter:label1\" content=\"Tempo estimado de leitura\" \/>\n\t<meta name=\"twitter:data1\" content=\"2 minutos\" \/>\n<script type=\"application\/ld+json\" class=\"yoast-schema-graph\">{\"@context\":\"https:\/\/schema.org\",\"@graph\":[{\"@type\":\"WebPage\",\"@id\":\"https:\/\/tupique.com\/produit\/ordinateur-portable-lg-17z90t-g-ad8bb-17-intel-core-ultra-7-255h-32-gb-ram-2-tb-ssd\/\",\"url\":\"https:\/\/tupique.com\/produit\/ordinateur-portable-lg-17z90t-g-ad8bb-17-intel-core-ultra-7-255h-32-gb-ram-2-tb-ssd\/\",\"name\":\"Ordinateur Portable LG 17Z90T-G.AD8BB 17\\\" intel core ultra 7 255H 32 GB RAM 2 TB SSD - Tupique\",\"isPartOf\":{\"@id\":\"https:\/\/tupique.com\/#website\"},\"primaryImageOfPage\":{\"@id\":\"https:\/\/tupique.com\/produit\/ordinateur-portable-lg-17z90t-g-ad8bb-17-intel-core-ultra-7-255h-32-gb-ram-2-tb-ssd\/#primaryimage\"},\"image\":{\"@id\":\"https:\/\/tupique.com\/produit\/ordinateur-portable-lg-17z90t-g-ad8bb-17-intel-core-ultra-7-255h-32-gb-ram-2-tb-ssd\/#primaryimage\"},\"thumbnailUrl\":\"https:\/\/tupique.com\/wp-content\/uploads\/2026\/04\/D1502189_88060964581500.jpg\",\"datePublished\":\"2026-04-08T02:59:04+00:00\",\"description\":\"Vous cherchez Ordinateur Portable LG 17Z90T-G.AD8BB 17\\\" intel core ultra 7 255H 32 GB RAM 2 TB SSD ? Achetez des produits chez Tupique. Profitez de la livraison gratuite pour obtenir Ordinateur Portable LG 17Z90T-G.AD8BB 17\\\" intel core ultra 7 255H 32 GB RAM 2 TB SSD d\u00e8s maintenant.\",\"breadcrumb\":{\"@id\":\"https:\/\/tupique.com\/produit\/ordinateur-portable-lg-17z90t-g-ad8bb-17-intel-core-ultra-7-255h-32-gb-ram-2-tb-ssd\/#breadcrumb\"},\"inLanguage\":\"pt-PT\",\"potentialAction\":[{\"@type\":\"ReadAction\",\"target\":[\"https:\/\/tupique.com\/produit\/ordinateur-portable-lg-17z90t-g-ad8bb-17-intel-core-ultra-7-255h-32-gb-ram-2-tb-ssd\/\"]}]},{\"@type\":\"ImageObject\",\"inLanguage\":\"pt-PT\",\"@id\":\"https:\/\/tupique.com\/produit\/ordinateur-portable-lg-17z90t-g-ad8bb-17-intel-core-ultra-7-255h-32-gb-ram-2-tb-ssd\/#primaryimage\",\"url\":\"https:\/\/tupique.com\/wp-content\/uploads\/2026\/04\/D1502189_88060964581500.jpg\",\"contentUrl\":\"https:\/\/tupique.com\/wp-content\/uploads\/2026\/04\/D1502189_88060964581500.jpg\",\"width\":1200,\"height\":1200,\"caption\":\"S55303650_0\"},{\"@type\":\"BreadcrumbList\",\"@id\":\"https:\/\/tupique.com\/produit\/ordinateur-portable-lg-17z90t-g-ad8bb-17-intel-core-ultra-7-255h-32-gb-ram-2-tb-ssd\/#breadcrumb\",\"itemListElement\":[{\"@type\":\"ListItem\",\"position\":1,\"name\":\"In\u00edcio\",\"item\":\"https:\/\/tupique.com\/\"},{\"@type\":\"ListItem\",\"position\":2,\"name\":\"Boutique\",\"item\":\"https:\/\/tupique.com\/en\/boutique\/\"},{\"@type\":\"ListItem\",\"position\":3,\"name\":\"Ordinateur Portable LG 17Z90T-G.AD8BB 17&#8243; intel core ultra 7 255H 32 GB RAM 2 TB SSD\"}]},{\"@type\":\"WebSite\",\"@id\":\"https:\/\/tupique.com\/#website\",\"url\":\"https:\/\/tupique.com\/\",\"name\":\"Tupique\",\"description\":\"Marketplace\",\"publisher\":{\"@id\":\"https:\/\/tupique.com\/#organization\"},\"potentialAction\":[{\"@type\":\"SearchAction\",\"target\":{\"@type\":\"EntryPoint\",\"urlTemplate\":\"https:\/\/tupique.com\/?s={search_term_string}\"},\"query-input\":{\"@type\":\"PropertyValueSpecification\",\"valueRequired\":true,\"valueName\":\"search_term_string\"}}],\"inLanguage\":\"pt-PT\"},{\"@type\":\"Organization\",\"@id\":\"https:\/\/tupique.com\/#organization\",\"name\":\"Tupique\",\"url\":\"https:\/\/tupique.com\/\",\"logo\":{\"@type\":\"ImageObject\",\"inLanguage\":\"pt-PT\",\"@id\":\"https:\/\/tupique.com\/#\/schema\/logo\/image\/\",\"url\":\"https:\/\/tupique.com\/wp-content\/uploads\/2024\/09\/logo.png\",\"contentUrl\":\"https:\/\/tupique.com\/wp-content\/uploads\/2024\/09\/logo.png\",\"width\":1118,\"height\":310,\"caption\":\"Tupique\"},\"image\":{\"@id\":\"https:\/\/tupique.com\/#\/schema\/logo\/image\/\"}}]}<\/script>\n<!-- \/ Yoast SEO plugin. -->","yoast_head_json":{"title":"Ordinateur Portable LG 17Z90T-G.AD8BB 17\" intel core ultra 7 255H 32 GB RAM 2 TB SSD - Tupique","description":"Vous cherchez Ordinateur Portable LG 17Z90T-G.AD8BB 17\" intel core ultra 7 255H 32 GB RAM 2 TB SSD ? Achetez des produits chez Tupique. Profitez de la livraison gratuite pour obtenir Ordinateur Portable LG 17Z90T-G.AD8BB 17\" intel core ultra 7 255H 32 GB RAM 2 TB SSD d\u00e8s maintenant.","robots":{"index":"index","follow":"follow","max-snippet":"max-snippet:-1","max-image-preview":"max-image-preview:large","max-video-preview":"max-video-preview:-1"},"canonical":"https:\/\/tupique.com\/pt\/produto\/ordinateur-portable-lg-17z90t-g-ad8bb-17-intel-core-ultra-7-255h-32-gb-ram-2-tb-ssd\/","og_locale":"pt_PT","og_type":"article","og_title":"Ordinateur Portable LG 17Z90T-G.AD8BB 17\" intel core ultra 7 255H 32 GB RAM 2 TB SSD - Tupique","og_description":"Vous cherchez Ordinateur Portable LG 17Z90T-G.AD8BB 17\" intel core ultra 7 255H 32 GB RAM 2 TB SSD ? Achetez des produits chez Tupique. Profitez de la livraison gratuite pour obtenir Ordinateur Portable LG 17Z90T-G.AD8BB 17\" intel core ultra 7 255H 32 GB RAM 2 TB SSD d\u00e8s maintenant.","og_url":"https:\/\/tupique.com\/pt\/produto\/ordinateur-portable-lg-17z90t-g-ad8bb-17-intel-core-ultra-7-255h-32-gb-ram-2-tb-ssd\/","og_site_name":"Tupique","twitter_card":"summary_large_image","twitter_misc":{"Tempo estimado de leitura":"2 minutos"},"schema":{"@context":"https:\/\/schema.org","@graph":[{"@type":"WebPage","@id":"https:\/\/tupique.com\/produit\/ordinateur-portable-lg-17z90t-g-ad8bb-17-intel-core-ultra-7-255h-32-gb-ram-2-tb-ssd\/","url":"https:\/\/tupique.com\/produit\/ordinateur-portable-lg-17z90t-g-ad8bb-17-intel-core-ultra-7-255h-32-gb-ram-2-tb-ssd\/","name":"Ordinateur Portable LG 17Z90T-G.AD8BB 17\" intel core ultra 7 255H 32 GB RAM 2 TB SSD - Tupique","isPartOf":{"@id":"https:\/\/tupique.com\/#website"},"primaryImageOfPage":{"@id":"https:\/\/tupique.com\/produit\/ordinateur-portable-lg-17z90t-g-ad8bb-17-intel-core-ultra-7-255h-32-gb-ram-2-tb-ssd\/#primaryimage"},"image":{"@id":"https:\/\/tupique.com\/produit\/ordinateur-portable-lg-17z90t-g-ad8bb-17-intel-core-ultra-7-255h-32-gb-ram-2-tb-ssd\/#primaryimage"},"thumbnailUrl":"https:\/\/tupique.com\/wp-content\/uploads\/2026\/04\/D1502189_88060964581500.jpg","datePublished":"2026-04-08T02:59:04+00:00","description":"Vous cherchez Ordinateur Portable LG 17Z90T-G.AD8BB 17\" intel core ultra 7 255H 32 GB RAM 2 TB SSD ? Achetez des produits chez Tupique. Profitez de la livraison gratuite pour obtenir Ordinateur Portable LG 17Z90T-G.AD8BB 17\" intel core ultra 7 255H 32 GB RAM 2 TB SSD d\u00e8s maintenant.","breadcrumb":{"@id":"https:\/\/tupique.com\/produit\/ordinateur-portable-lg-17z90t-g-ad8bb-17-intel-core-ultra-7-255h-32-gb-ram-2-tb-ssd\/#breadcrumb"},"inLanguage":"pt-PT","potentialAction":[{"@type":"ReadAction","target":["https:\/\/tupique.com\/produit\/ordinateur-portable-lg-17z90t-g-ad8bb-17-intel-core-ultra-7-255h-32-gb-ram-2-tb-ssd\/"]}]},{"@type":"ImageObject","inLanguage":"pt-PT","@id":"https:\/\/tupique.com\/produit\/ordinateur-portable-lg-17z90t-g-ad8bb-17-intel-core-ultra-7-255h-32-gb-ram-2-tb-ssd\/#primaryimage","url":"https:\/\/tupique.com\/wp-content\/uploads\/2026\/04\/D1502189_88060964581500.jpg","contentUrl":"https:\/\/tupique.com\/wp-content\/uploads\/2026\/04\/D1502189_88060964581500.jpg","width":1200,"height":1200,"caption":"S55303650_0"},{"@type":"BreadcrumbList","@id":"https:\/\/tupique.com\/produit\/ordinateur-portable-lg-17z90t-g-ad8bb-17-intel-core-ultra-7-255h-32-gb-ram-2-tb-ssd\/#breadcrumb","itemListElement":[{"@type":"ListItem","position":1,"name":"In\u00edcio","item":"https:\/\/tupique.com\/"},{"@type":"ListItem","position":2,"name":"Boutique","item":"https:\/\/tupique.com\/en\/boutique\/"},{"@type":"ListItem","position":3,"name":"Ordinateur Portable LG 17Z90T-G.AD8BB 17&#8243; intel core ultra 7 255H 32 GB RAM 2 TB SSD"}]},{"@type":"WebSite","@id":"https:\/\/tupique.com\/#website","url":"https:\/\/tupique.com\/","name":"Tupique","description":"Marketplace","publisher":{"@id":"https:\/\/tupique.com\/#organization"},"potentialAction":[{"@type":"SearchAction","target":{"@type":"EntryPoint","urlTemplate":"https:\/\/tupique.com\/?s={search_term_string}"},"query-input":{"@type":"PropertyValueSpecification","valueRequired":true,"valueName":"search_term_string"}}],"inLanguage":"pt-PT"},{"@type":"Organization","@id":"https:\/\/tupique.com\/#organization","name":"Tupique","url":"https:\/\/tupique.com\/","logo":{"@type":"ImageObject","inLanguage":"pt-PT","@id":"https:\/\/tupique.com\/#\/schema\/logo\/image\/","url":"https:\/\/tupique.com\/wp-content\/uploads\/2024\/09\/logo.png","contentUrl":"https:\/\/tupique.com\/wp-content\/uploads\/2024\/09\/logo.png","width":1118,"height":310,"caption":"Tupique"},"image":{"@id":"https:\/\/tupique.com\/#\/schema\/logo\/image\/"}}]}},"jetpack_sharing_enabled":true,"_links":{"self":[{"href":"https:\/\/tupique.com\/pt\/wp-json\/wp\/v2\/product\/4383069","targetHints":{"allow":["GET"]}}],"collection":[{"href":"https:\/\/tupique.com\/pt\/wp-json\/wp\/v2\/product"}],"about":[{"href":"https:\/\/tupique.com\/pt\/wp-json\/wp\/v2\/types\/product"}],"replies":[{"embeddable":true,"href":"https:\/\/tupique.com\/pt\/wp-json\/wp\/v2\/comments?post=4383069"}],"wp:featuredmedia":[{"embeddable":true,"href":"https:\/\/tupique.com\/pt\/wp-json\/wp\/v2\/media\/4383068"}],"wp:attachment":[{"href":"https:\/\/tupique.com\/pt\/wp-json\/wp\/v2\/media?parent=4383069"}],"wp:term":[{"taxonomy":"product_brand","embeddable":true,"href":"https:\/\/tupique.com\/pt\/wp-json\/wp\/v2\/product_brand?post=4383069"},{"taxonomy":"product_cat","embeddable":true,"href":"https:\/\/tupique.com\/pt\/wp-json\/wp\/v2\/product_cat?post=4383069"},{"taxonomy":"product_tag","embeddable":true,"href":"https:\/\/tupique.com\/pt\/wp-json\/wp\/v2\/product_tag?post=4383069"}],"curies":[{"name":"wp","href":"https:\/\/api.w.org\/{rel}","templated":true}]}}