{"id":4383149,"date":"2026-04-08T04:00:46","date_gmt":"2026-04-08T03:00:46","guid":{"rendered":"https:\/\/tupique.com\/produit\/ordinateur-portable-lenovo-14-intel-core-i5-13420h-16-gb-ram-1-tb-ssd\/"},"modified":"2026-04-08T05:55:22","modified_gmt":"2026-04-08T04:55:22","slug":"ordinateur-portable-lenovo-14-intel-core-i5-13420h-16-gb-ram-1-tb-ssd","status":"publish","type":"product","link":"https:\/\/tupique.com\/pt\/produto\/ordinateur-portable-lenovo-14-intel-core-i5-13420h-16-gb-ram-1-tb-ssd\/","title":{"rendered":"Ordinateur Portable Lenovo 14&#8243; intel core i5-13420h 16 GB RAM 1 TB SSD"},"content":{"rendered":"<p>Se est\u00e1 \u00e0 procura das \u00faltimas tend\u00eancias do mercado, temos tudo o que precisa. <b>Ordinateur Portable Lenovo 14&#8243; intel core i5-13420h 16 GB RAM 1 TB SSD<\/b> !<\/p>\n<p>Le <b>portable Lenovo IdeaPad Slim 5 14IRH10<\/b> est un ordinateur portable con\u00e7u pour les utilisateurs recherchant un \u00e9quilibre entre performance et mobilit\u00e9. Il int\u00e8gre un processeur <b>Intel Core i5-13420H<\/b>, offrant une r\u00e9activit\u00e9 rapide et une capacit\u00e9 adapt\u00e9e aux t\u00e2ches productives comme multim\u00e9dias. Son <b>\u00e9cran de 14 pouces avec r\u00e9solution WUXGA et technologie IPS<\/b> garantit une image nette et des couleurs constantes sous diff\u00e9rents angles, id\u00e9al pour travailler sur des documents, profiter de contenus audiovisuels ou r\u00e9aliser des visioconf\u00e9rences de qualit\u00e9. Il est \u00e9quip\u00e9 de <b>16 Go de m\u00e9moire RAM<\/b>, facilitant le multit\u00e2che fluide et l\u2019utilisation simultan\u00e9e d\u2019applications exigeantes sans perte de performance. C\u00f4t\u00e9 stockage, son <b>disque dur SSD de 1 To<\/b> allie grande capacit\u00e9 et rapidit\u00e9 d\u2019acc\u00e8s aux fichiers ainsi que des temps de d\u00e9marrage r\u00e9duits. Le ch\u00e2ssis en <b>aluminium gris<\/b> offre une construction robuste et moderne tout en conservant un profil fin et l\u00e9ger, propre \u00e0 la s\u00e9rie Slim. Cette version dispose d\u2019un <b>clavier AZERTY fran\u00e7ais<\/b>, adapt\u00e9 aux utilisateurs pr\u00e9f\u00e9rant cette disposition pour une saisie confortable et efficace dans cette langue. Ne comprenant pas de syst\u00e8me d\u2019exploitation Windows pr\u00e9install\u00e9, il permet \u00e0 l\u2019utilisateur de choisir librement le logiciel qui correspond le mieux \u00e0 ses besoins. En r\u00e9sum\u00e9, le Lenovo IdeaPad Slim 5 14IRH10 est un portable polyvalent et actuel, adapt\u00e9 aux professionnels et \u00e9tudiants qui recherchent une configuration \u00e9quilibr\u00e9e entre puissance, capacit\u00e9 de stockage et qualit\u00e9 visuelle dans un design portable et attrayant.<\/p>\n<ul>\n<li>Diagonale de l&#8217;\u00e9cran (cm): 35,6 cm<\/li>\n<li>Tipo:\n<ul>\n<li>Ordinateur Portable<\/li>\n<li>Touchpad<\/li>\n<\/ul>\n<\/li>\n<li>Produto de encaixe: Sim<\/li>\n<li>Type de m\u00e9moire:\n<ul>\n<li>SDRAM<\/li>\n<li>DDR4 SDRAM<\/li>\n<li>DDR5 SDRAM<\/li>\n<\/ul>\n<\/li>\n<li>Clavier:\n<ul>\n<li>Azerty Fran\u00e7ais<\/li>\n<li>AZERTY<\/li>\n<\/ul>\n<\/li>\n<li>Tipo de tomada: tomada UE<\/li>\n<li>Alimenta\u00e7\u00e3o el\u00e9ctrica:\n<ul>\n<li>r\u00e9seau \u00e9lectrique<\/li>\n<li>USB<\/li>\n<\/ul>\n<\/li>\n<li>Cor: cinzento<\/li>\n<li>Contr\u00f4leur graphique:\n<ul>\n<li>Intel\u00ae UHD Graphics<\/li>\n<li>Intel UHD Graphics<\/li>\n<\/ul>\n<\/li>\n<li>Tecnologia:\n<ul>\n<li>IPS<\/li>\n<li>LED<\/li>\n<\/ul>\n<\/li>\n<li>Frequ\u00eancia:\n<ul>\n<li>2,3 GHz<\/li>\n<li>50 &#8211; 60 Hz<\/li>\n<\/ul>\n<\/li>\n<li>Famille de processeurs:\n<ul>\n<li>Intel<\/li>\n<li>Intel Core i5<\/li>\n<\/ul>\n<\/li>\n<li>Type de stockage: SSD<\/li>\n<li>Conectividade:\n<ul>\n<li>Bluetooth 5.2<\/li>\n<li>Bluetooth<\/li>\n<li>6 GHz Wi-Fi<\/li>\n<\/ul>\n<\/li>\n<li>Poids: 1,45 kg<\/li>\n<li>Processeur:\n<ul>\n<li>Core i5<\/li>\n<li>intel core i5-13420h<\/li>\n<\/ul>\n<\/li>\n<li>Mem\u00f3ria RAM: 16 GB de RAM<\/li>\n<li>Disco r\u00edgido:\n<ul>\n<li>SSD<\/li>\n<li>1 TB SSD<\/li>\n<\/ul>\n<\/li>\n<li>Dimensions approx.: 46 x 8 x 29 cm<\/li>\n<li>Material: Alum\u00ednio<\/li>\n<li>Carater\u00edsticas:\n<ul>\n<li>C\u00e2mara frontal<\/li>\n<li>Microfone incorporado<\/li>\n<li>Retroiluminado<\/li>\n<li>Lecteur de Cartes<\/li>\n<li>2 altifalantes<\/li>\n<li>Adaptateur graphique int\u00e9gr\u00e9<\/li>\n<\/ul>\n<\/li>\n<li>Liga\u00e7\u00f5es:\n<ul>\n<li>HDMI<\/li>\n<li>HDMI 1.4<\/li>\n<li>USB-C 3.2 Gen 1 (3.1 Gen 1) x 2<\/li>\n<li>PCI Express 4.0<\/li>\n<li>USB-A 3.2<\/li>\n<li>C\u00e2ble jack 3,3 mm<\/li>\n<\/ul>\n<\/li>\n<li>Rapport d&#8217;aspect: 16:10<\/li>\n<li>R\u00e9solution:\n<ul>\n<li>Full HD<\/li>\n<li>WUXGA<\/li>\n<\/ul>\n<\/li>\n<li>L\u00edngua: franc\u00eas<\/li>\n<li>Standard: NTSC<\/li>\n<li>Cache: 12 MB<\/li>\n<li>Ecran: 14&#8243;<\/li>\n<li>puissance: 65 W<\/li>\n<li>Tens\u00e3o: 100 - 240 V<\/li>\n<li>Syst\u00e8me d&#8217;exploitation: Non<\/li>\n<li>Non Inclus:\n<ul>\n<li>Type d&#8217;unit\u00e9 optique<\/li>\n<li>Adaptateur AC<\/li>\n<li>Clavier num\u00e9rique<\/li>\n<li>Liga\u00e7\u00e3o \u00e0 rede m\u00f3vel<\/li>\n<li>Adaptateur graphique discret<\/li>\n<\/ul>\n<\/li>\n<li>Format:\n<ul>\n<li>M.2<\/li>\n<li>2 x 8 GB<\/li>\n<\/ul>\n<\/li>\n<li>Ethernet: Non<\/li>\n<li>Ecr\u00e3 t\u00e1til: N\u00e3o<\/li>\n<li>Flux lumineux: 300 Lm<\/li>\n<li>Facteur de forme: SO-DIMM<\/li>\n<li>Cart\u00f5es de mem\u00f3ria compat\u00edveis: MicroSD (TransFlash)<\/li>\n<li>Chipset: Intel SoC<\/li>\n<li>Inclui: SSD x 1<\/li>\n<li>Tipo de bateria: i\u00f5es de l\u00edtio<\/li>\n<li>N\u00facleos: 8 n\u00facleos<\/li>\n<li>vitesse: 4.6 GHz<\/li>\n<li>Resolu\u00e7\u00e3o (px):\n<ul>\n<li>1920 x 1080 px<\/li>\n<li>1920 x 1200 px<\/li>\n<\/ul>\n<\/li>\n<\/ul>","protected":false},"excerpt":{"rendered":"<p>Si vous \u00eates \u00e0 la recherche de nouvelles tendances sur le march\u00e9, nous vous pr\u00e9sentons Ordinateur Portable Lenovo 14&#8243; intel<\/p>","protected":false},"featured_media":4383143,"comment_status":"open","ping_status":"closed","template":"","meta":{"_joinchat":[]},"product_brand":[157965],"product_cat":[157516,157583,155043],"product_tag":[157514,157546,157515],"class_list":{"0":"post-4383149","1":"product","2":"type-product","3":"status-publish","4":"has-post-thumbnail","6":"product_brand-brandp_558","7":"product_cat-informatique-electronique","8":"product_cat-informatique-ordinateurs","9":"product_cat-notebooks","10":"product_tag-tag_933","11":"product_tag-tag_1304","12":"product_tag-tag_1295","14":"first","15":"instock","16":"taxable","17":"shipping-taxable","18":"purchasable","19":"product-type-simple"},"yoast_head":"<!-- This site is optimized with the Yoast SEO plugin v27.2 - https:\/\/yoast.com\/product\/yoast-seo-wordpress\/ -->\n<title>Ordinateur Portable Lenovo 14&quot; intel core i5-13420h 16 GB RAM 1 TB SSD - Tupique<\/title>\n<meta name=\"description\" content=\"Vous cherchez Ordinateur Portable Lenovo 14&quot; intel core i5-13420h 16 GB RAM 1 TB SSD ? Achetez des produits chez Tupique. Profitez de la livraison gratuite pour obtenir Ordinateur Portable Lenovo 14&quot; intel core i5-13420h 16 GB RAM 1 TB SSD d\u00e8s maintenant.\" \/>\n<meta name=\"robots\" content=\"index, follow, max-snippet:-1, max-image-preview:large, max-video-preview:-1\" \/>\n<link rel=\"canonical\" href=\"https:\/\/tupique.com\/pt\/produto\/ordinateur-portable-lenovo-14-intel-core-i5-13420h-16-gb-ram-1-tb-ssd\/\" \/>\n<meta property=\"og:locale\" content=\"pt_PT\" \/>\n<meta property=\"og:type\" content=\"article\" \/>\n<meta property=\"og:title\" content=\"Ordinateur Portable Lenovo 14&quot; intel core i5-13420h 16 GB RAM 1 TB SSD - Tupique\" \/>\n<meta property=\"og:description\" content=\"Vous cherchez Ordinateur Portable Lenovo 14&quot; intel core i5-13420h 16 GB RAM 1 TB SSD ? Achetez des produits chez Tupique. Profitez de la livraison gratuite pour obtenir Ordinateur Portable Lenovo 14&quot; intel core i5-13420h 16 GB RAM 1 TB SSD d\u00e8s maintenant.\" \/>\n<meta property=\"og:url\" content=\"https:\/\/tupique.com\/pt\/produto\/ordinateur-portable-lenovo-14-intel-core-i5-13420h-16-gb-ram-1-tb-ssd\/\" \/>\n<meta property=\"og:site_name\" content=\"Tupique\" \/>\n<meta property=\"article:modified_time\" content=\"2026-04-08T04:55:22+00:00\" \/>\n<meta property=\"og:image\" content=\"https:\/\/tupique.com\/wp-content\/uploads\/2026\/04\/0198155735752_S71015495_P00.jpg\" \/>\n\t<meta property=\"og:image:width\" content=\"1200\" \/>\n\t<meta property=\"og:image:height\" content=\"1200\" \/>\n\t<meta property=\"og:image:type\" content=\"image\/jpeg\" \/>\n<meta name=\"twitter:card\" content=\"summary_large_image\" \/>\n<meta name=\"twitter:label1\" content=\"Tempo estimado de leitura\" \/>\n\t<meta name=\"twitter:data1\" content=\"2 minutos\" \/>\n<script type=\"application\/ld+json\" class=\"yoast-schema-graph\">{\"@context\":\"https:\/\/schema.org\",\"@graph\":[{\"@type\":\"WebPage\",\"@id\":\"https:\/\/tupique.com\/produit\/ordinateur-portable-lenovo-14-intel-core-i5-13420h-16-gb-ram-1-tb-ssd\/\",\"url\":\"https:\/\/tupique.com\/produit\/ordinateur-portable-lenovo-14-intel-core-i5-13420h-16-gb-ram-1-tb-ssd\/\",\"name\":\"Ordinateur Portable Lenovo 14\\\" intel core i5-13420h 16 GB RAM 1 TB SSD - Tupique\",\"isPartOf\":{\"@id\":\"https:\/\/tupique.com\/#website\"},\"primaryImageOfPage\":{\"@id\":\"https:\/\/tupique.com\/produit\/ordinateur-portable-lenovo-14-intel-core-i5-13420h-16-gb-ram-1-tb-ssd\/#primaryimage\"},\"image\":{\"@id\":\"https:\/\/tupique.com\/produit\/ordinateur-portable-lenovo-14-intel-core-i5-13420h-16-gb-ram-1-tb-ssd\/#primaryimage\"},\"thumbnailUrl\":\"https:\/\/tupique.com\/wp-content\/uploads\/2026\/04\/0198155735752_S71015495_P00.jpg\",\"datePublished\":\"2026-04-08T03:00:46+00:00\",\"dateModified\":\"2026-04-08T04:55:22+00:00\",\"description\":\"Vous cherchez Ordinateur Portable Lenovo 14\\\" intel core i5-13420h 16 GB RAM 1 TB SSD ? Achetez des produits chez Tupique. Profitez de la livraison gratuite pour obtenir Ordinateur Portable Lenovo 14\\\" intel core i5-13420h 16 GB RAM 1 TB SSD d\u00e8s maintenant.\",\"breadcrumb\":{\"@id\":\"https:\/\/tupique.com\/produit\/ordinateur-portable-lenovo-14-intel-core-i5-13420h-16-gb-ram-1-tb-ssd\/#breadcrumb\"},\"inLanguage\":\"pt-PT\",\"potentialAction\":[{\"@type\":\"ReadAction\",\"target\":[\"https:\/\/tupique.com\/produit\/ordinateur-portable-lenovo-14-intel-core-i5-13420h-16-gb-ram-1-tb-ssd\/\"]}]},{\"@type\":\"ImageObject\",\"inLanguage\":\"pt-PT\",\"@id\":\"https:\/\/tupique.com\/produit\/ordinateur-portable-lenovo-14-intel-core-i5-13420h-16-gb-ram-1-tb-ssd\/#primaryimage\",\"url\":\"https:\/\/tupique.com\/wp-content\/uploads\/2026\/04\/0198155735752_S71015495_P00.jpg\",\"contentUrl\":\"https:\/\/tupique.com\/wp-content\/uploads\/2026\/04\/0198155735752_S71015495_P00.jpg\",\"width\":1200,\"height\":1200,\"caption\":\"S71015495_0\"},{\"@type\":\"BreadcrumbList\",\"@id\":\"https:\/\/tupique.com\/produit\/ordinateur-portable-lenovo-14-intel-core-i5-13420h-16-gb-ram-1-tb-ssd\/#breadcrumb\",\"itemListElement\":[{\"@type\":\"ListItem\",\"position\":1,\"name\":\"In\u00edcio\",\"item\":\"https:\/\/tupique.com\/\"},{\"@type\":\"ListItem\",\"position\":2,\"name\":\"Boutique\",\"item\":\"https:\/\/tupique.com\/en\/boutique\/\"},{\"@type\":\"ListItem\",\"position\":3,\"name\":\"Ordinateur Portable Lenovo 14&#8243; intel core i5-13420h 16 GB RAM 1 TB SSD\"}]},{\"@type\":\"WebSite\",\"@id\":\"https:\/\/tupique.com\/#website\",\"url\":\"https:\/\/tupique.com\/\",\"name\":\"Tupique\",\"description\":\"Marketplace\",\"publisher\":{\"@id\":\"https:\/\/tupique.com\/#organization\"},\"potentialAction\":[{\"@type\":\"SearchAction\",\"target\":{\"@type\":\"EntryPoint\",\"urlTemplate\":\"https:\/\/tupique.com\/?s={search_term_string}\"},\"query-input\":{\"@type\":\"PropertyValueSpecification\",\"valueRequired\":true,\"valueName\":\"search_term_string\"}}],\"inLanguage\":\"pt-PT\"},{\"@type\":\"Organization\",\"@id\":\"https:\/\/tupique.com\/#organization\",\"name\":\"Tupique\",\"url\":\"https:\/\/tupique.com\/\",\"logo\":{\"@type\":\"ImageObject\",\"inLanguage\":\"pt-PT\",\"@id\":\"https:\/\/tupique.com\/#\/schema\/logo\/image\/\",\"url\":\"https:\/\/tupique.com\/wp-content\/uploads\/2024\/09\/logo.png\",\"contentUrl\":\"https:\/\/tupique.com\/wp-content\/uploads\/2024\/09\/logo.png\",\"width\":1118,\"height\":310,\"caption\":\"Tupique\"},\"image\":{\"@id\":\"https:\/\/tupique.com\/#\/schema\/logo\/image\/\"}}]}<\/script>\n<!-- \/ Yoast SEO plugin. -->","yoast_head_json":{"title":"Ordinateur Portable Lenovo 14\" intel core i5-13420h 16 GB RAM 1 TB SSD - Tupique","description":"Vous cherchez Ordinateur Portable Lenovo 14\" intel core i5-13420h 16 GB RAM 1 TB SSD ? Achetez des produits chez Tupique. Profitez de la livraison gratuite pour obtenir Ordinateur Portable Lenovo 14\" intel core i5-13420h 16 GB RAM 1 TB SSD d\u00e8s maintenant.","robots":{"index":"index","follow":"follow","max-snippet":"max-snippet:-1","max-image-preview":"max-image-preview:large","max-video-preview":"max-video-preview:-1"},"canonical":"https:\/\/tupique.com\/pt\/produto\/ordinateur-portable-lenovo-14-intel-core-i5-13420h-16-gb-ram-1-tb-ssd\/","og_locale":"pt_PT","og_type":"article","og_title":"Ordinateur Portable Lenovo 14\" intel core i5-13420h 16 GB RAM 1 TB SSD - Tupique","og_description":"Vous cherchez Ordinateur Portable Lenovo 14\" intel core i5-13420h 16 GB RAM 1 TB SSD ? Achetez des produits chez Tupique. Profitez de la livraison gratuite pour obtenir Ordinateur Portable Lenovo 14\" intel core i5-13420h 16 GB RAM 1 TB SSD d\u00e8s maintenant.","og_url":"https:\/\/tupique.com\/pt\/produto\/ordinateur-portable-lenovo-14-intel-core-i5-13420h-16-gb-ram-1-tb-ssd\/","og_site_name":"Tupique","article_modified_time":"2026-04-08T04:55:22+00:00","og_image":[{"width":1200,"height":1200,"url":"https:\/\/tupique.com\/wp-content\/uploads\/2026\/04\/0198155735752_S71015495_P00.jpg","type":"image\/jpeg"}],"twitter_card":"summary_large_image","twitter_misc":{"Tempo estimado de leitura":"2 minutos"},"schema":{"@context":"https:\/\/schema.org","@graph":[{"@type":"WebPage","@id":"https:\/\/tupique.com\/produit\/ordinateur-portable-lenovo-14-intel-core-i5-13420h-16-gb-ram-1-tb-ssd\/","url":"https:\/\/tupique.com\/produit\/ordinateur-portable-lenovo-14-intel-core-i5-13420h-16-gb-ram-1-tb-ssd\/","name":"Ordinateur Portable Lenovo 14\" intel core i5-13420h 16 GB RAM 1 TB SSD - Tupique","isPartOf":{"@id":"https:\/\/tupique.com\/#website"},"primaryImageOfPage":{"@id":"https:\/\/tupique.com\/produit\/ordinateur-portable-lenovo-14-intel-core-i5-13420h-16-gb-ram-1-tb-ssd\/#primaryimage"},"image":{"@id":"https:\/\/tupique.com\/produit\/ordinateur-portable-lenovo-14-intel-core-i5-13420h-16-gb-ram-1-tb-ssd\/#primaryimage"},"thumbnailUrl":"https:\/\/tupique.com\/wp-content\/uploads\/2026\/04\/0198155735752_S71015495_P00.jpg","datePublished":"2026-04-08T03:00:46+00:00","dateModified":"2026-04-08T04:55:22+00:00","description":"Vous cherchez Ordinateur Portable Lenovo 14\" intel core i5-13420h 16 GB RAM 1 TB SSD ? Achetez des produits chez Tupique. Profitez de la livraison gratuite pour obtenir Ordinateur Portable Lenovo 14\" intel core i5-13420h 16 GB RAM 1 TB SSD d\u00e8s maintenant.","breadcrumb":{"@id":"https:\/\/tupique.com\/produit\/ordinateur-portable-lenovo-14-intel-core-i5-13420h-16-gb-ram-1-tb-ssd\/#breadcrumb"},"inLanguage":"pt-PT","potentialAction":[{"@type":"ReadAction","target":["https:\/\/tupique.com\/produit\/ordinateur-portable-lenovo-14-intel-core-i5-13420h-16-gb-ram-1-tb-ssd\/"]}]},{"@type":"ImageObject","inLanguage":"pt-PT","@id":"https:\/\/tupique.com\/produit\/ordinateur-portable-lenovo-14-intel-core-i5-13420h-16-gb-ram-1-tb-ssd\/#primaryimage","url":"https:\/\/tupique.com\/wp-content\/uploads\/2026\/04\/0198155735752_S71015495_P00.jpg","contentUrl":"https:\/\/tupique.com\/wp-content\/uploads\/2026\/04\/0198155735752_S71015495_P00.jpg","width":1200,"height":1200,"caption":"S71015495_0"},{"@type":"BreadcrumbList","@id":"https:\/\/tupique.com\/produit\/ordinateur-portable-lenovo-14-intel-core-i5-13420h-16-gb-ram-1-tb-ssd\/#breadcrumb","itemListElement":[{"@type":"ListItem","position":1,"name":"In\u00edcio","item":"https:\/\/tupique.com\/"},{"@type":"ListItem","position":2,"name":"Boutique","item":"https:\/\/tupique.com\/en\/boutique\/"},{"@type":"ListItem","position":3,"name":"Ordinateur Portable Lenovo 14&#8243; intel core i5-13420h 16 GB RAM 1 TB SSD"}]},{"@type":"WebSite","@id":"https:\/\/tupique.com\/#website","url":"https:\/\/tupique.com\/","name":"Tupique","description":"Marketplace","publisher":{"@id":"https:\/\/tupique.com\/#organization"},"potentialAction":[{"@type":"SearchAction","target":{"@type":"EntryPoint","urlTemplate":"https:\/\/tupique.com\/?s={search_term_string}"},"query-input":{"@type":"PropertyValueSpecification","valueRequired":true,"valueName":"search_term_string"}}],"inLanguage":"pt-PT"},{"@type":"Organization","@id":"https:\/\/tupique.com\/#organization","name":"Tupique","url":"https:\/\/tupique.com\/","logo":{"@type":"ImageObject","inLanguage":"pt-PT","@id":"https:\/\/tupique.com\/#\/schema\/logo\/image\/","url":"https:\/\/tupique.com\/wp-content\/uploads\/2024\/09\/logo.png","contentUrl":"https:\/\/tupique.com\/wp-content\/uploads\/2024\/09\/logo.png","width":1118,"height":310,"caption":"Tupique"},"image":{"@id":"https:\/\/tupique.com\/#\/schema\/logo\/image\/"}}]}},"jetpack_sharing_enabled":true,"_links":{"self":[{"href":"https:\/\/tupique.com\/pt\/wp-json\/wp\/v2\/product\/4383149","targetHints":{"allow":["GET"]}}],"collection":[{"href":"https:\/\/tupique.com\/pt\/wp-json\/wp\/v2\/product"}],"about":[{"href":"https:\/\/tupique.com\/pt\/wp-json\/wp\/v2\/types\/product"}],"replies":[{"embeddable":true,"href":"https:\/\/tupique.com\/pt\/wp-json\/wp\/v2\/comments?post=4383149"}],"wp:featuredmedia":[{"embeddable":true,"href":"https:\/\/tupique.com\/pt\/wp-json\/wp\/v2\/media\/4383143"}],"wp:attachment":[{"href":"https:\/\/tupique.com\/pt\/wp-json\/wp\/v2\/media?parent=4383149"}],"wp:term":[{"taxonomy":"product_brand","embeddable":true,"href":"https:\/\/tupique.com\/pt\/wp-json\/wp\/v2\/product_brand?post=4383149"},{"taxonomy":"product_cat","embeddable":true,"href":"https:\/\/tupique.com\/pt\/wp-json\/wp\/v2\/product_cat?post=4383149"},{"taxonomy":"product_tag","embeddable":true,"href":"https:\/\/tupique.com\/pt\/wp-json\/wp\/v2\/product_tag?post=4383149"}],"curies":[{"name":"wp","href":"https:\/\/api.w.org\/{rel}","templated":true}]}}