{"id":4383282,"date":"2026-04-08T05:55:57","date_gmt":"2026-04-08T04:55:57","guid":{"rendered":"https:\/\/tupique.com\/produit\/ordinateur-portable-apple-macbook-air-m4-136-m4-16-gb-ram-256-gb-ssd-2\/"},"modified":"2026-04-08T05:55:57","modified_gmt":"2026-04-08T04:55:57","slug":"ordinateur-portable-apple-macbook-air-m4-136-m4-16-gb-ram-256-gb-ssd-2","status":"publish","type":"product","link":"https:\/\/tupique.com\/pt\/produto\/ordinateur-portable-apple-macbook-air-m4-136-m4-16-gb-ram-256-gb-ssd-2\/","title":{"rendered":"Ordinateur Portable Apple MacBook Air M4 13,6&#8243; M4 16 GB RAM 256 GB SSD"},"content":{"rendered":"<p>Se \u00e9 apaixonado por\u2019<b>inform\u00e1tica e eletr\u00f3nica<\/b>, Se est\u00e1 na vanguarda da tecnologia e n\u00e3o quer perder nada, compre <b>Ordinateur Portable Apple MacBook Air M4 13,6&#8243; M4 16 GB RAM 256 GB SSD<\/b> ao melhor pre\u00e7o.<\/p>\n<p>Le <b>MacBook Air M4<\/b> d\u2019<b>Apple<\/b> \u00e9 um <b>ordinateur portable<\/b> qui allie un design soign\u00e9 \u00e0 une finition \u00e9l\u00e9gante <b>noir Minuit<\/b> avec un ch\u00e2ssis en <b>alum\u00ednio<\/b> \u00e0 la fois robuste et l\u00e9ger. \u00c9quip\u00e9 d\u2019un processeur puissant \u00e0 <b>10 c\u0153urs<\/b> et d\u2019un GPU \u00e0 <b>8 c\u0153urs<\/b>, ce mod\u00e8le offre des performances remarquables pour les t\u00e2ches professionnelles, la cr\u00e9ation et le multit\u00e2che intensif. Il dispose de <b>16 Go de m\u00e9moire RAM<\/b>, garantissant une ex\u00e9cution fluide de plusieurs applications simultan\u00e9ment, ainsi que d\u2019un stockage rapide et fiable gr\u00e2ce \u00e0 son <b>SSD de 256 Go<\/b>, suffisant pour stocker documents, applications et projets avec un acc\u00e8s rapide. Son <b>\u00e9cran de 13,6 pouces<\/b> offre une exp\u00e9rience visuelle nette et dynamique, adapt\u00e9e au travail pr\u00e9cis, au divertissement et aux visioconf\u00e9rences, soutenue par des fonctionnalit\u00e9s comme le HDR pour am\u00e9liorer la plage dynamique et une cam\u00e9ra frontale int\u00e9gr\u00e9e facilitant une communication claire et de qualit\u00e9. Le clavier r\u00e9tro\u00e9clair\u00e9 avec disposition <b>azerty<\/b> assure confort et pr\u00e9cision de frappe, m\u00eame en faible luminosit\u00e9, tandis que le microphone int\u00e9gr\u00e9 am\u00e9liore la capture vocale pour des r\u00e9unions et enregistrements clairs. Dans l\u2019ensemble, ces caract\u00e9ristiques font du <b>MacBook Air M4<\/b> une option avanc\u00e9e qui \u00e9quilibre puissance, portabilit\u00e9 et style, convenant aux utilisateurs recherchant un appareil professionnel, efficace et fiable au sein de l\u2019\u00e9cosyst\u00e8me Apple.<\/p>\n<ul>\n<li>Diagonale de l&#8217;\u00e9cran (cm): 34,5 cm<\/li>\n<li>Tipo:\n<ul>\n<li>Ordinateur Portable<\/li>\n<li>SSD<\/li>\n<\/ul>\n<\/li>\n<li>Produto de encaixe: Sim<\/li>\n<li>Type de m\u00e9moire: SDRAM<\/li>\n<li>Clavier:\n<ul>\n<li>Azerty Fran\u00e7ais<\/li>\n<li>AZERTY<\/li>\n<\/ul>\n<\/li>\n<li>Tipo de tomada: tomada UE<\/li>\n<li>Bloc d\u2019Alimentation: r\u00e9seau \u00e9lectrique<\/li>\n<li>Compatible: PC<\/li>\n<li>USB: 2<\/li>\n<li>Syst\u00e8me d&#8217;exploitation: macOS<\/li>\n<li>R\u00e9solution:\n<ul>\n<li>12 MP<\/li>\n<li>Full HD<\/li>\n<li>4K Ultra HD<\/li>\n<\/ul>\n<\/li>\n<li>Type de stockage: SSD<\/li>\n<li>Conectividade:\n<ul>\n<li>Bluetooth<\/li>\n<li>6 GHz Wi-Fi<\/li>\n<li>Bluetooth 5.3<\/li>\n<\/ul>\n<\/li>\n<li>Cor:\n<ul>\n<li>Preto<\/li>\n<li>Awesome Navy<\/li>\n<\/ul>\n<\/li>\n<li>Liga\u00e7\u00f5es:\n<ul>\n<li>2<\/li>\n<li>Thunderbolt 4 x 2<\/li>\n<\/ul>\n<\/li>\n<li>Indice de r\u00e9parabilit\u00e9:\n<ul>\n<li>6.7<\/li>\n<li>6.8<\/li>\n<\/ul>\n<\/li>\n<li>R\u00e1cio de aspeto: 16:9<\/li>\n<li>Poids: 1,24 Kg<\/li>\n<li>Mem\u00f3ria RAM: 16 GB de RAM<\/li>\n<li>Disco r\u00edgido:\n<ul>\n<li>SSD<\/li>\n<li>SSD DE 256 GB<\/li>\n<\/ul>\n<\/li>\n<li>Dimens\u00f5es aproximadas\n<ul>\n<li>21,5 cm<\/li>\n<li>1\/13 cm<\/li>\n<\/ul>\n<\/li>\n<li>Material: Alum\u00ednio<\/li>\n<li>Carater\u00edsticas:\n<ul>\n<li>C\u00e2mara frontal<\/li>\n<li>HDR<\/li>\n<li>Microfone incorporado<\/li>\n<li>Retroiluminado<\/li>\n<li>4 altifalantes<\/li>\n<li>Leitor de impress\u00f5es digitais<\/li>\n<li>Adaptateur graphique int\u00e9gr\u00e9<\/li>\n<\/ul>\n<\/li>\n<li>puissance: 30 W<\/li>\n<li>Tecnologia:\n<ul>\n<li>LED<\/li>\n<li>IPS<\/li>\n<\/ul>\n<\/li>\n<li>Fr\u00e9quence: 50 &#8211; 60 Hz<\/li>\n<li>Brilho: 500 cd\/m2<\/li>\n<li>Tens\u00e3o: 100 - 240 V<\/li>\n<li>Non Inclus:\n<ul>\n<li>Type d&#8217;unit\u00e9 optique<\/li>\n<li>Adaptateur AC<\/li>\n<li>Clavier num\u00e9rique<\/li>\n<li>Liga\u00e7\u00e3o \u00e0 rede m\u00f3vel<\/li>\n<li>Adaptateur graphique discret<\/li>\n<\/ul>\n<\/li>\n<li>Ethernet: Non<\/li>\n<li>Ecr\u00e3 t\u00e1til: N\u00e3o<\/li>\n<li>Precis\u00e3o (humidade relativa): 0 % - 90 %<\/li>\n<li>Autonomie de reproduction approx.: 18 heures<\/li>\n<li>Certificado: ENERGY STAR<\/li>\n<li>Inclui: SSD x 1<\/li>\n<li>Tipo de bateria: i\u00f5es de l\u00edtio<\/li>\n<li>Ecran: 13,6&#8243;<\/li>\n<li>N\u00facleos:\n<ul>\n<li>10 Noyaux<\/li>\n<li>16 n\u00facleos<\/li>\n<\/ul>\n<\/li>\n<li>R\u00e9solution (px): 1920 x 1080 px<\/li>\n<li>Famille de processeurs: Apple M<\/li>\n<li>Processeur: M4<\/li>\n<li>Dispositif intelligent: Apple Intelligence<\/li>\n<\/ul>","protected":false},"excerpt":{"rendered":"<p>Si vous \u00eates passionn\u00e9 d&#8217;informatique et d&#8217;\u00e9lectronique, si vous \u00eates \u00e0 la pointe de la technologie et qu&#8217;aucun d\u00e9tail ne<\/p>","protected":false},"featured_media":4383273,"comment_status":"open","ping_status":"closed","template":"","meta":{"_joinchat":[]},"product_brand":[157892],"product_cat":[157516,157583,155043],"product_tag":[157514,157546,157515],"class_list":{"0":"post-4383282","1":"product","2":"type-product","3":"status-publish","4":"has-post-thumbnail","6":"product_brand-brandp_533","7":"product_cat-informatique-electronique","8":"product_cat-informatique-ordinateurs","9":"product_cat-notebooks","10":"product_tag-tag_933","11":"product_tag-tag_1304","12":"product_tag-tag_1295","14":"first","15":"instock","16":"taxable","17":"shipping-taxable","18":"purchasable","19":"product-type-simple"},"yoast_head":"<!-- This site is optimized with the Yoast SEO plugin v27.2 - https:\/\/yoast.com\/product\/yoast-seo-wordpress\/ -->\n<title>Ordinateur Portable Apple MacBook Air M4 13,6&quot; M4 16 GB RAM 256 GB SSD - Tupique<\/title>\n<meta name=\"description\" content=\"Vous cherchez Ordinateur Portable Apple MacBook Air M4 13,6&quot; M4 16 GB RAM 256 GB SSD ? Achetez des produits chez Tupique. Profitez de la livraison gratuite pour obtenir Ordinateur Portable Apple MacBook Air M4 13,6&quot; M4 16 GB RAM 256 GB SSD d\u00e8s maintenant.\" \/>\n<meta name=\"robots\" content=\"index, follow, max-snippet:-1, max-image-preview:large, max-video-preview:-1\" \/>\n<link rel=\"canonical\" href=\"https:\/\/tupique.com\/pt\/produto\/ordinateur-portable-apple-macbook-air-m4-136-m4-16-gb-ram-256-gb-ssd-2\/\" \/>\n<meta property=\"og:locale\" content=\"pt_PT\" \/>\n<meta property=\"og:type\" content=\"article\" \/>\n<meta property=\"og:title\" content=\"Ordinateur Portable Apple MacBook Air M4 13,6&quot; M4 16 GB RAM 256 GB SSD - Tupique\" \/>\n<meta property=\"og:description\" content=\"Vous cherchez Ordinateur Portable Apple MacBook Air M4 13,6&quot; M4 16 GB RAM 256 GB SSD ? Achetez des produits chez Tupique. Profitez de la livraison gratuite pour obtenir Ordinateur Portable Apple MacBook Air M4 13,6&quot; M4 16 GB RAM 256 GB SSD d\u00e8s maintenant.\" \/>\n<meta property=\"og:url\" content=\"https:\/\/tupique.com\/pt\/produto\/ordinateur-portable-apple-macbook-air-m4-136-m4-16-gb-ram-256-gb-ssd-2\/\" \/>\n<meta property=\"og:site_name\" content=\"Tupique\" \/>\n<meta name=\"twitter:card\" content=\"summary_large_image\" \/>\n<meta name=\"twitter:label1\" content=\"Tempo estimado de leitura\" \/>\n\t<meta name=\"twitter:data1\" content=\"2 minutos\" \/>\n<script type=\"application\/ld+json\" class=\"yoast-schema-graph\">{\"@context\":\"https:\/\/schema.org\",\"@graph\":[{\"@type\":\"WebPage\",\"@id\":\"https:\/\/tupique.com\/produit\/ordinateur-portable-apple-macbook-air-m4-136-m4-16-gb-ram-256-gb-ssd-2\/\",\"url\":\"https:\/\/tupique.com\/produit\/ordinateur-portable-apple-macbook-air-m4-136-m4-16-gb-ram-256-gb-ssd-2\/\",\"name\":\"Ordinateur Portable Apple MacBook Air M4 13,6\\\" M4 16 GB RAM 256 GB SSD - Tupique\",\"isPartOf\":{\"@id\":\"https:\/\/tupique.com\/#website\"},\"primaryImageOfPage\":{\"@id\":\"https:\/\/tupique.com\/produit\/ordinateur-portable-apple-macbook-air-m4-136-m4-16-gb-ram-256-gb-ssd-2\/#primaryimage\"},\"image\":{\"@id\":\"https:\/\/tupique.com\/produit\/ordinateur-portable-apple-macbook-air-m4-136-m4-16-gb-ram-256-gb-ssd-2\/#primaryimage\"},\"thumbnailUrl\":\"https:\/\/tupique.com\/wp-content\/uploads\/2026\/04\/0195949838026_S71014824_P00-1.jpg\",\"datePublished\":\"2026-04-08T04:55:57+00:00\",\"description\":\"Vous cherchez Ordinateur Portable Apple MacBook Air M4 13,6\\\" M4 16 GB RAM 256 GB SSD ? Achetez des produits chez Tupique. Profitez de la livraison gratuite pour obtenir Ordinateur Portable Apple MacBook Air M4 13,6\\\" M4 16 GB RAM 256 GB SSD d\u00e8s maintenant.\",\"breadcrumb\":{\"@id\":\"https:\/\/tupique.com\/produit\/ordinateur-portable-apple-macbook-air-m4-136-m4-16-gb-ram-256-gb-ssd-2\/#breadcrumb\"},\"inLanguage\":\"pt-PT\",\"potentialAction\":[{\"@type\":\"ReadAction\",\"target\":[\"https:\/\/tupique.com\/produit\/ordinateur-portable-apple-macbook-air-m4-136-m4-16-gb-ram-256-gb-ssd-2\/\"]}]},{\"@type\":\"ImageObject\",\"inLanguage\":\"pt-PT\",\"@id\":\"https:\/\/tupique.com\/produit\/ordinateur-portable-apple-macbook-air-m4-136-m4-16-gb-ram-256-gb-ssd-2\/#primaryimage\",\"url\":\"https:\/\/tupique.com\/wp-content\/uploads\/2026\/04\/0195949838026_S71014824_P00-1.jpg\",\"contentUrl\":\"https:\/\/tupique.com\/wp-content\/uploads\/2026\/04\/0195949838026_S71014824_P00-1.jpg\",\"width\":1200,\"height\":1200,\"caption\":\"S71014824_0\"},{\"@type\":\"BreadcrumbList\",\"@id\":\"https:\/\/tupique.com\/produit\/ordinateur-portable-apple-macbook-air-m4-136-m4-16-gb-ram-256-gb-ssd-2\/#breadcrumb\",\"itemListElement\":[{\"@type\":\"ListItem\",\"position\":1,\"name\":\"In\u00edcio\",\"item\":\"https:\/\/tupique.com\/\"},{\"@type\":\"ListItem\",\"position\":2,\"name\":\"Boutique\",\"item\":\"https:\/\/tupique.com\/en\/boutique\/\"},{\"@type\":\"ListItem\",\"position\":3,\"name\":\"Ordinateur Portable Apple MacBook Air M4 13,6&#8243; M4 16 GB RAM 256 GB SSD\"}]},{\"@type\":\"WebSite\",\"@id\":\"https:\/\/tupique.com\/#website\",\"url\":\"https:\/\/tupique.com\/\",\"name\":\"Tupique\",\"description\":\"Marketplace\",\"publisher\":{\"@id\":\"https:\/\/tupique.com\/#organization\"},\"potentialAction\":[{\"@type\":\"SearchAction\",\"target\":{\"@type\":\"EntryPoint\",\"urlTemplate\":\"https:\/\/tupique.com\/?s={search_term_string}\"},\"query-input\":{\"@type\":\"PropertyValueSpecification\",\"valueRequired\":true,\"valueName\":\"search_term_string\"}}],\"inLanguage\":\"pt-PT\"},{\"@type\":\"Organization\",\"@id\":\"https:\/\/tupique.com\/#organization\",\"name\":\"Tupique\",\"url\":\"https:\/\/tupique.com\/\",\"logo\":{\"@type\":\"ImageObject\",\"inLanguage\":\"pt-PT\",\"@id\":\"https:\/\/tupique.com\/#\/schema\/logo\/image\/\",\"url\":\"https:\/\/tupique.com\/wp-content\/uploads\/2024\/09\/logo.png\",\"contentUrl\":\"https:\/\/tupique.com\/wp-content\/uploads\/2024\/09\/logo.png\",\"width\":1118,\"height\":310,\"caption\":\"Tupique\"},\"image\":{\"@id\":\"https:\/\/tupique.com\/#\/schema\/logo\/image\/\"}}]}<\/script>\n<!-- \/ Yoast SEO plugin. -->","yoast_head_json":{"title":"Ordinateur Portable Apple MacBook Air M4 13,6\" M4 16 GB RAM 256 GB SSD - Tupique","description":"Vous cherchez Ordinateur Portable Apple MacBook Air M4 13,6\" M4 16 GB RAM 256 GB SSD ? Achetez des produits chez Tupique. Profitez de la livraison gratuite pour obtenir Ordinateur Portable Apple MacBook Air M4 13,6\" M4 16 GB RAM 256 GB SSD d\u00e8s maintenant.","robots":{"index":"index","follow":"follow","max-snippet":"max-snippet:-1","max-image-preview":"max-image-preview:large","max-video-preview":"max-video-preview:-1"},"canonical":"https:\/\/tupique.com\/pt\/produto\/ordinateur-portable-apple-macbook-air-m4-136-m4-16-gb-ram-256-gb-ssd-2\/","og_locale":"pt_PT","og_type":"article","og_title":"Ordinateur Portable Apple MacBook Air M4 13,6\" M4 16 GB RAM 256 GB SSD - Tupique","og_description":"Vous cherchez Ordinateur Portable Apple MacBook Air M4 13,6\" M4 16 GB RAM 256 GB SSD ? Achetez des produits chez Tupique. Profitez de la livraison gratuite pour obtenir Ordinateur Portable Apple MacBook Air M4 13,6\" M4 16 GB RAM 256 GB SSD d\u00e8s maintenant.","og_url":"https:\/\/tupique.com\/pt\/produto\/ordinateur-portable-apple-macbook-air-m4-136-m4-16-gb-ram-256-gb-ssd-2\/","og_site_name":"Tupique","twitter_card":"summary_large_image","twitter_misc":{"Tempo estimado de leitura":"2 minutos"},"schema":{"@context":"https:\/\/schema.org","@graph":[{"@type":"WebPage","@id":"https:\/\/tupique.com\/produit\/ordinateur-portable-apple-macbook-air-m4-136-m4-16-gb-ram-256-gb-ssd-2\/","url":"https:\/\/tupique.com\/produit\/ordinateur-portable-apple-macbook-air-m4-136-m4-16-gb-ram-256-gb-ssd-2\/","name":"Ordinateur Portable Apple MacBook Air M4 13,6\" M4 16 GB RAM 256 GB SSD - Tupique","isPartOf":{"@id":"https:\/\/tupique.com\/#website"},"primaryImageOfPage":{"@id":"https:\/\/tupique.com\/produit\/ordinateur-portable-apple-macbook-air-m4-136-m4-16-gb-ram-256-gb-ssd-2\/#primaryimage"},"image":{"@id":"https:\/\/tupique.com\/produit\/ordinateur-portable-apple-macbook-air-m4-136-m4-16-gb-ram-256-gb-ssd-2\/#primaryimage"},"thumbnailUrl":"https:\/\/tupique.com\/wp-content\/uploads\/2026\/04\/0195949838026_S71014824_P00-1.jpg","datePublished":"2026-04-08T04:55:57+00:00","description":"Vous cherchez Ordinateur Portable Apple MacBook Air M4 13,6\" M4 16 GB RAM 256 GB SSD ? Achetez des produits chez Tupique. Profitez de la livraison gratuite pour obtenir Ordinateur Portable Apple MacBook Air M4 13,6\" M4 16 GB RAM 256 GB SSD d\u00e8s maintenant.","breadcrumb":{"@id":"https:\/\/tupique.com\/produit\/ordinateur-portable-apple-macbook-air-m4-136-m4-16-gb-ram-256-gb-ssd-2\/#breadcrumb"},"inLanguage":"pt-PT","potentialAction":[{"@type":"ReadAction","target":["https:\/\/tupique.com\/produit\/ordinateur-portable-apple-macbook-air-m4-136-m4-16-gb-ram-256-gb-ssd-2\/"]}]},{"@type":"ImageObject","inLanguage":"pt-PT","@id":"https:\/\/tupique.com\/produit\/ordinateur-portable-apple-macbook-air-m4-136-m4-16-gb-ram-256-gb-ssd-2\/#primaryimage","url":"https:\/\/tupique.com\/wp-content\/uploads\/2026\/04\/0195949838026_S71014824_P00-1.jpg","contentUrl":"https:\/\/tupique.com\/wp-content\/uploads\/2026\/04\/0195949838026_S71014824_P00-1.jpg","width":1200,"height":1200,"caption":"S71014824_0"},{"@type":"BreadcrumbList","@id":"https:\/\/tupique.com\/produit\/ordinateur-portable-apple-macbook-air-m4-136-m4-16-gb-ram-256-gb-ssd-2\/#breadcrumb","itemListElement":[{"@type":"ListItem","position":1,"name":"In\u00edcio","item":"https:\/\/tupique.com\/"},{"@type":"ListItem","position":2,"name":"Boutique","item":"https:\/\/tupique.com\/en\/boutique\/"},{"@type":"ListItem","position":3,"name":"Ordinateur Portable Apple MacBook Air M4 13,6&#8243; M4 16 GB RAM 256 GB SSD"}]},{"@type":"WebSite","@id":"https:\/\/tupique.com\/#website","url":"https:\/\/tupique.com\/","name":"Tupique","description":"Marketplace","publisher":{"@id":"https:\/\/tupique.com\/#organization"},"potentialAction":[{"@type":"SearchAction","target":{"@type":"EntryPoint","urlTemplate":"https:\/\/tupique.com\/?s={search_term_string}"},"query-input":{"@type":"PropertyValueSpecification","valueRequired":true,"valueName":"search_term_string"}}],"inLanguage":"pt-PT"},{"@type":"Organization","@id":"https:\/\/tupique.com\/#organization","name":"Tupique","url":"https:\/\/tupique.com\/","logo":{"@type":"ImageObject","inLanguage":"pt-PT","@id":"https:\/\/tupique.com\/#\/schema\/logo\/image\/","url":"https:\/\/tupique.com\/wp-content\/uploads\/2024\/09\/logo.png","contentUrl":"https:\/\/tupique.com\/wp-content\/uploads\/2024\/09\/logo.png","width":1118,"height":310,"caption":"Tupique"},"image":{"@id":"https:\/\/tupique.com\/#\/schema\/logo\/image\/"}}]}},"jetpack_sharing_enabled":true,"_links":{"self":[{"href":"https:\/\/tupique.com\/pt\/wp-json\/wp\/v2\/product\/4383282","targetHints":{"allow":["GET"]}}],"collection":[{"href":"https:\/\/tupique.com\/pt\/wp-json\/wp\/v2\/product"}],"about":[{"href":"https:\/\/tupique.com\/pt\/wp-json\/wp\/v2\/types\/product"}],"replies":[{"embeddable":true,"href":"https:\/\/tupique.com\/pt\/wp-json\/wp\/v2\/comments?post=4383282"}],"wp:featuredmedia":[{"embeddable":true,"href":"https:\/\/tupique.com\/pt\/wp-json\/wp\/v2\/media\/4383273"}],"wp:attachment":[{"href":"https:\/\/tupique.com\/pt\/wp-json\/wp\/v2\/media?parent=4383282"}],"wp:term":[{"taxonomy":"product_brand","embeddable":true,"href":"https:\/\/tupique.com\/pt\/wp-json\/wp\/v2\/product_brand?post=4383282"},{"taxonomy":"product_cat","embeddable":true,"href":"https:\/\/tupique.com\/pt\/wp-json\/wp\/v2\/product_cat?post=4383282"},{"taxonomy":"product_tag","embeddable":true,"href":"https:\/\/tupique.com\/pt\/wp-json\/wp\/v2\/product_tag?post=4383282"}],"curies":[{"name":"wp","href":"https:\/\/api.w.org\/{rel}","templated":true}]}}