{"id":4383821,"date":"2026-04-08T07:01:24","date_gmt":"2026-04-08T06:01:24","guid":{"rendered":"https:\/\/tupique.com\/produit\/ordinateur-portable-hp-ad2u5etabe-14-intel-core-ultra-5-16-gb-ram-512-gb-ssd\/"},"modified":"2026-04-08T07:01:24","modified_gmt":"2026-04-08T06:01:24","slug":"ordinateur-portable-hp-ad2u5etabe-14-intel-core-ultra-5-16-gb-ram-512-gb-ssd","status":"publish","type":"product","link":"https:\/\/tupique.com\/pt\/produto\/ordinateur-portable-hp-ad2u5etabe-14-intel-core-ultra-5-16-gb-ram-512-gb-ssd\/","title":{"rendered":"Ordinateur Portable HP AD2U5ET#ABE 14&#8243; intel core ultra 5 16 GB RAM 512 GB SSD"},"content":{"rendered":"<p>Se est\u00e1 \u00e0 procura das \u00faltimas tend\u00eancias do mercado, temos tudo o que precisa. <b>Ordinateur Portable HP AD2U5ET#ABE 14&#8243; intel core ultra 5 16 GB RAM 512 GB SSD<\/b> !<\/p>\n<p>Le <b>HP AD2U5ET#ABE<\/b> \u00e9 um <b>laptop<\/b> professionnel con\u00e7u pour r\u00e9pondre aux besoins de mobilit\u00e9, de performance et de s\u00e9curit\u00e9 des utilisateurs exigeants, qu&#8217;ils soient professionnels ou particuliers. Cet ordinateur portable int\u00e8gre un <b>processeur Intel Core Ultra 5 225U<\/b> avanc\u00e9, garantissant une exp\u00e9rience fluide en multit\u00e2che et dans les applications professionnelles, accompagn\u00e9 de <b>16 Go de m\u00e9moire RAM DDR5<\/b> pour une gestion efficace des donn\u00e9es et une grande r\u00e9activit\u00e9, m\u00eame sous forte sollicitation. Le stockage est assur\u00e9 par un <b>SSD de 512 Go<\/b>, offrant un acc\u00e8s rapide aux fichiers et la possibilit\u00e9 de conserver de grands volumes d&#8217;informations en toute s\u00e9curit\u00e9. L&#8217;<b>\u00e9cran 14 pouces WUXGA<\/b> (1920 x 1200 pixels) optimise l&#8217;affichage avec un format panoramique et un excellent niveau de d\u00e9tail, id\u00e9al pour le travail bureautique comme pour le multim\u00e9dia, tandis que sa finition argent\u00e9e conf\u00e8re un aspect moderne et professionnel. Il dispose de <b>haut-parleurs et microphone int\u00e9gr\u00e9s<\/b>, d&#8217;une <b>c\u00e2mara frontal<\/b> pour des appels vid\u00e9o de qualit\u00e9 et d&#8217;un <b>clavier r\u00e9tro\u00e9clair\u00e9<\/b> facilitant l&#8217;utilisation dans les environnements peu \u00e9clair\u00e9s. Il est \u00e9galement \u00e9quip\u00e9 d&#8217;un <b>port HDMI<\/b> pour connecter facilement des moniteurs ou projecteurs externes. Livr\u00e9 avec <b>Windows 11 Pro<\/b> pr\u00e9install\u00e9, il offre les derni\u00e8res fonctionnalit\u00e9s en mati\u00e8re de s\u00e9curit\u00e9 et de productivit\u00e9, et se distingue par sa l\u00e9g\u00e8ret\u00e9 de seulement 1,39 kg, id\u00e9ale pour une portabilit\u00e9 quotidienne. Le HP AD2U5ET#ABE constitue une solution \u00e9quilibr\u00e9e pour les professionnels recherchant fiabilit\u00e9, performance et connectivit\u00e9 compl\u00e8te dans un format compact et \u00e9l\u00e9gant.<\/p>\n<ul>\n<li>Clavier: Espagnol Qwerty<\/li>\n<li>Tipo:\n<ul>\n<li>Ordinateur Portable<\/li>\n<li>Utilisation Quotidienne<\/li>\n<\/ul>\n<\/li>\n<li>Produto de encaixe: Sim<\/li>\n<li>Type de m\u00e9moire:\n<ul>\n<li>SDRAM<\/li>\n<li>DDR5 SDRAM<\/li>\n<\/ul>\n<\/li>\n<li>Tipo de tomada: tomada UE<\/li>\n<li>Alimenta\u00e7\u00e3o el\u00e9ctrica:\n<ul>\n<li>r\u00e9seau \u00e9lectrique<\/li>\n<li>USB<\/li>\n<\/ul>\n<\/li>\n<li>Cor:\n<ul>\n<li>Prata<\/li>\n<li>sRGB<\/li>\n<\/ul>\n<\/li>\n<li>Diagonale de l&#8217;\u00e9cran (cm): 35,6 cm<\/li>\n<li>Ecr\u00e3 t\u00e1til: N\u00e3o<\/li>\n<li>Type d&#8217;unit\u00e9 optique: Non<\/li>\n<li>Inclui:\n<ul>\n<li>Webcam<\/li>\n<li>Teclado<\/li>\n<li>SSD x 1<\/li>\n<\/ul>\n<\/li>\n<li>Technologie: IPS<\/li>\n<li>Capacit\u00e9 de la batterie: 56 Wh<\/li>\n<li>Resolu\u00e7\u00e3o (px):\n<ul>\n<li>1920 x 1200 px<\/li>\n<li>1920 x 1080 px<\/li>\n<\/ul>\n<\/li>\n<li>Sistema operativo: Windows 11 Pro<\/li>\n<li>R\u00e9solution:\n<ul>\n<li>WUXGA<\/li>\n<li>Full HD<\/li>\n<\/ul>\n<\/li>\n<li>Type de stockage: SSD<\/li>\n<li>Conectividade:\n<ul>\n<li>Bluetooth<\/li>\n<li>Wi-Fi<\/li>\n<li>LAN Ethernet<\/li>\n<li>6 GHz Wi-Fi<\/li>\n<li>Bluetooth 5.3<\/li>\n<li>Wi-Fi 6E ghz<\/li>\n<\/ul>\n<\/li>\n<li>Liga\u00e7\u00f5es:\n<ul>\n<li>HDMI<\/li>\n<li>USB<\/li>\n<li>LAN Ethernet<\/li>\n<li>2<\/li>\n<li>SO-DIMM<\/li>\n<li>RJ45<\/li>\n<li>HDMI 2.1 x 1<\/li>\n<li>USB-A 3.2<\/li>\n<li>C\u00e2ble jack 3,3 mm<\/li>\n<\/ul>\n<\/li>\n<li>Ecran: 14&#8243;<\/li>\n<li>Processeur:\n<ul>\n<li>intel core ultra 5<\/li>\n<li>Intel Core Ultra 5 225U<\/li>\n<\/ul>\n<\/li>\n<li>Mem\u00f3ria RAM: 16 GB de RAM<\/li>\n<li>Disque dur: 512 GB SSD<\/li>\n<li>Carater\u00edsticas:\n<ul>\n<li>Altifalantes integrados<\/li>\n<li>C\u00e2mara frontal<\/li>\n<li>Microfone incorporado<\/li>\n<li>Retroiluminado<\/li>\n<li>2 altifalantes<\/li>\n<li>Leitor de impress\u00f5es digitais<\/li>\n<li>Prote\u00e7\u00e3o de dados\/palavra-passe<\/li>\n<li>Adaptateur graphique int\u00e9gr\u00e9<\/li>\n<\/ul>\n<\/li>\n<li>G\u00e9n\u00e9ration: primera generacion<\/li>\n<li>Cache: 12 MB<\/li>\n<li>Compatible: PCI Express<\/li>\n<li>Frequ\u00eancia:\n<ul>\n<li>50 &#8211; 60 Hz<\/li>\n<li>4,8 GHz<\/li>\n<\/ul>\n<\/li>\n<li>puissance: 65 W<\/li>\n<li>Tens\u00e3o: 100 - 240 V<\/li>\n<li>Non Inclus:\n<ul>\n<li>Type d&#8217;unit\u00e9 optique<\/li>\n<li>Clavier num\u00e9rique<\/li>\n<li>Liga\u00e7\u00e3o \u00e0 rede m\u00f3vel<\/li>\n<li>Adaptateur graphique discret<\/li>\n<\/ul>\n<\/li>\n<li>vitesse:\n<ul>\n<li>10\/100\/1000 Mbps<\/li>\n<li>3,8 GHz<\/li>\n<\/ul>\n<\/li>\n<li>Cartes M\u00e9moire Compatibles: SD,SDHC,SDXC<\/li>\n<li>Flux lumineux: 300 Lm<\/li>\n<li>Facteur de forme: SO-DIMM<\/li>\n<li>Format: 1 x 16 GB<\/li>\n<li>Tipo de bateria: i\u00f5es de l\u00edtio<\/li>\n<li>Noyaux: 12 Noyaux<\/li>\n<li>Fam\u00edlia de processadores: Intel<\/li>\n<li>Temps de charge approx.: 30 minutes<\/li>\n<li>Taille: 14&#8221;<\/li>\n<\/ul>","protected":false},"excerpt":{"rendered":"<p>Si vous \u00eates \u00e0 la recherche de nouvelles tendances sur le march\u00e9, nous vous pr\u00e9sentons Ordinateur Portable HP AD2U5ET#ABE 14&#8243;<\/p>","protected":false},"featured_media":4383819,"comment_status":"open","ping_status":"closed","template":"","meta":{"_joinchat":[]},"product_brand":[158040],"product_cat":[157516,157583,155043],"product_tag":[157514,157515],"class_list":{"0":"post-4383821","1":"product","2":"type-product","3":"status-publish","4":"has-post-thumbnail","6":"product_brand-brandp_909","7":"product_cat-informatique-electronique","8":"product_cat-informatique-ordinateurs","9":"product_cat-notebooks","10":"product_tag-tag_933","11":"product_tag-tag_1295","13":"first","14":"instock","15":"taxable","16":"shipping-taxable","17":"purchasable","18":"product-type-simple"},"yoast_head":"<!-- This site is optimized with the Yoast SEO plugin v27.2 - https:\/\/yoast.com\/product\/yoast-seo-wordpress\/ -->\n<title>Ordinateur Portable HP AD2U5ET#ABE 14&quot; intel core ultra 5 16 GB RAM 512 GB SSD - Tupique<\/title>\n<meta name=\"description\" content=\"Vous cherchez Ordinateur Portable HP AD2U5ET#ABE 14&quot; intel core ultra 5 16 GB RAM 512 GB SSD ? Achetez des produits chez Tupique. Profitez de la livraison gratuite pour obtenir Ordinateur Portable HP AD2U5ET#ABE 14&quot; intel core ultra 5 16 GB RAM 512 GB SSD d\u00e8s maintenant.\" \/>\n<meta name=\"robots\" content=\"index, follow, max-snippet:-1, max-image-preview:large, max-video-preview:-1\" \/>\n<link rel=\"canonical\" href=\"https:\/\/tupique.com\/pt\/produto\/ordinateur-portable-hp-ad2u5etabe-14-intel-core-ultra-5-16-gb-ram-512-gb-ssd\/\" \/>\n<meta property=\"og:locale\" content=\"pt_PT\" \/>\n<meta property=\"og:type\" content=\"article\" \/>\n<meta property=\"og:title\" content=\"Ordinateur Portable HP AD2U5ET#ABE 14&quot; intel core ultra 5 16 GB RAM 512 GB SSD - Tupique\" \/>\n<meta property=\"og:description\" content=\"Vous cherchez Ordinateur Portable HP AD2U5ET#ABE 14&quot; intel core ultra 5 16 GB RAM 512 GB SSD ? Achetez des produits chez Tupique. Profitez de la livraison gratuite pour obtenir Ordinateur Portable HP AD2U5ET#ABE 14&quot; intel core ultra 5 16 GB RAM 512 GB SSD d\u00e8s maintenant.\" \/>\n<meta property=\"og:url\" content=\"https:\/\/tupique.com\/pt\/produto\/ordinateur-portable-hp-ad2u5etabe-14-intel-core-ultra-5-16-gb-ram-512-gb-ssd\/\" \/>\n<meta property=\"og:site_name\" content=\"Tupique\" \/>\n<meta name=\"twitter:card\" content=\"summary_large_image\" \/>\n<meta name=\"twitter:label1\" content=\"Tempo estimado de leitura\" \/>\n\t<meta name=\"twitter:data1\" content=\"2 minutos\" \/>\n<script type=\"application\/ld+json\" class=\"yoast-schema-graph\">{\"@context\":\"https:\/\/schema.org\",\"@graph\":[{\"@type\":\"WebPage\",\"@id\":\"https:\/\/tupique.com\/produit\/ordinateur-portable-hp-ad2u5etabe-14-intel-core-ultra-5-16-gb-ram-512-gb-ssd\/\",\"url\":\"https:\/\/tupique.com\/produit\/ordinateur-portable-hp-ad2u5etabe-14-intel-core-ultra-5-16-gb-ram-512-gb-ssd\/\",\"name\":\"Ordinateur Portable HP AD2U5ET#ABE 14\\\" intel core ultra 5 16 GB RAM 512 GB SSD - Tupique\",\"isPartOf\":{\"@id\":\"https:\/\/tupique.com\/#website\"},\"primaryImageOfPage\":{\"@id\":\"https:\/\/tupique.com\/produit\/ordinateur-portable-hp-ad2u5etabe-14-intel-core-ultra-5-16-gb-ram-512-gb-ssd\/#primaryimage\"},\"image\":{\"@id\":\"https:\/\/tupique.com\/produit\/ordinateur-portable-hp-ad2u5etabe-14-intel-core-ultra-5-16-gb-ram-512-gb-ssd\/#primaryimage\"},\"thumbnailUrl\":\"https:\/\/tupique.com\/wp-content\/uploads\/2026\/04\/0199251580437_I00.jpg\",\"datePublished\":\"2026-04-08T06:01:24+00:00\",\"description\":\"Vous cherchez Ordinateur Portable HP AD2U5ET#ABE 14\\\" intel core ultra 5 16 GB RAM 512 GB SSD ? Achetez des produits chez Tupique. Profitez de la livraison gratuite pour obtenir Ordinateur Portable HP AD2U5ET#ABE 14\\\" intel core ultra 5 16 GB RAM 512 GB SSD d\u00e8s maintenant.\",\"breadcrumb\":{\"@id\":\"https:\/\/tupique.com\/produit\/ordinateur-portable-hp-ad2u5etabe-14-intel-core-ultra-5-16-gb-ram-512-gb-ssd\/#breadcrumb\"},\"inLanguage\":\"pt-PT\",\"potentialAction\":[{\"@type\":\"ReadAction\",\"target\":[\"https:\/\/tupique.com\/produit\/ordinateur-portable-hp-ad2u5etabe-14-intel-core-ultra-5-16-gb-ram-512-gb-ssd\/\"]}]},{\"@type\":\"ImageObject\",\"inLanguage\":\"pt-PT\",\"@id\":\"https:\/\/tupique.com\/produit\/ordinateur-portable-hp-ad2u5etabe-14-intel-core-ultra-5-16-gb-ram-512-gb-ssd\/#primaryimage\",\"url\":\"https:\/\/tupique.com\/wp-content\/uploads\/2026\/04\/0199251580437_I00.jpg\",\"contentUrl\":\"https:\/\/tupique.com\/wp-content\/uploads\/2026\/04\/0199251580437_I00.jpg\",\"width\":1200,\"height\":1200,\"caption\":\"S55302983_0\"},{\"@type\":\"BreadcrumbList\",\"@id\":\"https:\/\/tupique.com\/produit\/ordinateur-portable-hp-ad2u5etabe-14-intel-core-ultra-5-16-gb-ram-512-gb-ssd\/#breadcrumb\",\"itemListElement\":[{\"@type\":\"ListItem\",\"position\":1,\"name\":\"In\u00edcio\",\"item\":\"https:\/\/tupique.com\/\"},{\"@type\":\"ListItem\",\"position\":2,\"name\":\"Boutique\",\"item\":\"https:\/\/tupique.com\/en\/boutique\/\"},{\"@type\":\"ListItem\",\"position\":3,\"name\":\"Ordinateur Portable HP AD2U5ET#ABE 14&#8243; intel core ultra 5 16 GB RAM 512 GB SSD\"}]},{\"@type\":\"WebSite\",\"@id\":\"https:\/\/tupique.com\/#website\",\"url\":\"https:\/\/tupique.com\/\",\"name\":\"Tupique\",\"description\":\"Marketplace\",\"publisher\":{\"@id\":\"https:\/\/tupique.com\/#organization\"},\"potentialAction\":[{\"@type\":\"SearchAction\",\"target\":{\"@type\":\"EntryPoint\",\"urlTemplate\":\"https:\/\/tupique.com\/?s={search_term_string}\"},\"query-input\":{\"@type\":\"PropertyValueSpecification\",\"valueRequired\":true,\"valueName\":\"search_term_string\"}}],\"inLanguage\":\"pt-PT\"},{\"@type\":\"Organization\",\"@id\":\"https:\/\/tupique.com\/#organization\",\"name\":\"Tupique\",\"url\":\"https:\/\/tupique.com\/\",\"logo\":{\"@type\":\"ImageObject\",\"inLanguage\":\"pt-PT\",\"@id\":\"https:\/\/tupique.com\/#\/schema\/logo\/image\/\",\"url\":\"https:\/\/tupique.com\/wp-content\/uploads\/2024\/09\/logo.png\",\"contentUrl\":\"https:\/\/tupique.com\/wp-content\/uploads\/2024\/09\/logo.png\",\"width\":1118,\"height\":310,\"caption\":\"Tupique\"},\"image\":{\"@id\":\"https:\/\/tupique.com\/#\/schema\/logo\/image\/\"}}]}<\/script>\n<!-- \/ Yoast SEO plugin. -->","yoast_head_json":{"title":"Ordinateur Portable HP AD2U5ET#ABE 14\" intel core ultra 5 16 GB RAM 512 GB SSD - Tupique","description":"Vous cherchez Ordinateur Portable HP AD2U5ET#ABE 14\" intel core ultra 5 16 GB RAM 512 GB SSD ? Achetez des produits chez Tupique. Profitez de la livraison gratuite pour obtenir Ordinateur Portable HP AD2U5ET#ABE 14\" intel core ultra 5 16 GB RAM 512 GB SSD d\u00e8s maintenant.","robots":{"index":"index","follow":"follow","max-snippet":"max-snippet:-1","max-image-preview":"max-image-preview:large","max-video-preview":"max-video-preview:-1"},"canonical":"https:\/\/tupique.com\/pt\/produto\/ordinateur-portable-hp-ad2u5etabe-14-intel-core-ultra-5-16-gb-ram-512-gb-ssd\/","og_locale":"pt_PT","og_type":"article","og_title":"Ordinateur Portable HP AD2U5ET#ABE 14\" intel core ultra 5 16 GB RAM 512 GB SSD - Tupique","og_description":"Vous cherchez Ordinateur Portable HP AD2U5ET#ABE 14\" intel core ultra 5 16 GB RAM 512 GB SSD ? Achetez des produits chez Tupique. Profitez de la livraison gratuite pour obtenir Ordinateur Portable HP AD2U5ET#ABE 14\" intel core ultra 5 16 GB RAM 512 GB SSD d\u00e8s maintenant.","og_url":"https:\/\/tupique.com\/pt\/produto\/ordinateur-portable-hp-ad2u5etabe-14-intel-core-ultra-5-16-gb-ram-512-gb-ssd\/","og_site_name":"Tupique","twitter_card":"summary_large_image","twitter_misc":{"Tempo estimado de leitura":"2 minutos"},"schema":{"@context":"https:\/\/schema.org","@graph":[{"@type":"WebPage","@id":"https:\/\/tupique.com\/produit\/ordinateur-portable-hp-ad2u5etabe-14-intel-core-ultra-5-16-gb-ram-512-gb-ssd\/","url":"https:\/\/tupique.com\/produit\/ordinateur-portable-hp-ad2u5etabe-14-intel-core-ultra-5-16-gb-ram-512-gb-ssd\/","name":"Ordinateur Portable HP AD2U5ET#ABE 14\" intel core ultra 5 16 GB RAM 512 GB SSD - Tupique","isPartOf":{"@id":"https:\/\/tupique.com\/#website"},"primaryImageOfPage":{"@id":"https:\/\/tupique.com\/produit\/ordinateur-portable-hp-ad2u5etabe-14-intel-core-ultra-5-16-gb-ram-512-gb-ssd\/#primaryimage"},"image":{"@id":"https:\/\/tupique.com\/produit\/ordinateur-portable-hp-ad2u5etabe-14-intel-core-ultra-5-16-gb-ram-512-gb-ssd\/#primaryimage"},"thumbnailUrl":"https:\/\/tupique.com\/wp-content\/uploads\/2026\/04\/0199251580437_I00.jpg","datePublished":"2026-04-08T06:01:24+00:00","description":"Vous cherchez Ordinateur Portable HP AD2U5ET#ABE 14\" intel core ultra 5 16 GB RAM 512 GB SSD ? Achetez des produits chez Tupique. Profitez de la livraison gratuite pour obtenir Ordinateur Portable HP AD2U5ET#ABE 14\" intel core ultra 5 16 GB RAM 512 GB SSD d\u00e8s maintenant.","breadcrumb":{"@id":"https:\/\/tupique.com\/produit\/ordinateur-portable-hp-ad2u5etabe-14-intel-core-ultra-5-16-gb-ram-512-gb-ssd\/#breadcrumb"},"inLanguage":"pt-PT","potentialAction":[{"@type":"ReadAction","target":["https:\/\/tupique.com\/produit\/ordinateur-portable-hp-ad2u5etabe-14-intel-core-ultra-5-16-gb-ram-512-gb-ssd\/"]}]},{"@type":"ImageObject","inLanguage":"pt-PT","@id":"https:\/\/tupique.com\/produit\/ordinateur-portable-hp-ad2u5etabe-14-intel-core-ultra-5-16-gb-ram-512-gb-ssd\/#primaryimage","url":"https:\/\/tupique.com\/wp-content\/uploads\/2026\/04\/0199251580437_I00.jpg","contentUrl":"https:\/\/tupique.com\/wp-content\/uploads\/2026\/04\/0199251580437_I00.jpg","width":1200,"height":1200,"caption":"S55302983_0"},{"@type":"BreadcrumbList","@id":"https:\/\/tupique.com\/produit\/ordinateur-portable-hp-ad2u5etabe-14-intel-core-ultra-5-16-gb-ram-512-gb-ssd\/#breadcrumb","itemListElement":[{"@type":"ListItem","position":1,"name":"In\u00edcio","item":"https:\/\/tupique.com\/"},{"@type":"ListItem","position":2,"name":"Boutique","item":"https:\/\/tupique.com\/en\/boutique\/"},{"@type":"ListItem","position":3,"name":"Ordinateur Portable HP AD2U5ET#ABE 14&#8243; intel core ultra 5 16 GB RAM 512 GB SSD"}]},{"@type":"WebSite","@id":"https:\/\/tupique.com\/#website","url":"https:\/\/tupique.com\/","name":"Tupique","description":"Marketplace","publisher":{"@id":"https:\/\/tupique.com\/#organization"},"potentialAction":[{"@type":"SearchAction","target":{"@type":"EntryPoint","urlTemplate":"https:\/\/tupique.com\/?s={search_term_string}"},"query-input":{"@type":"PropertyValueSpecification","valueRequired":true,"valueName":"search_term_string"}}],"inLanguage":"pt-PT"},{"@type":"Organization","@id":"https:\/\/tupique.com\/#organization","name":"Tupique","url":"https:\/\/tupique.com\/","logo":{"@type":"ImageObject","inLanguage":"pt-PT","@id":"https:\/\/tupique.com\/#\/schema\/logo\/image\/","url":"https:\/\/tupique.com\/wp-content\/uploads\/2024\/09\/logo.png","contentUrl":"https:\/\/tupique.com\/wp-content\/uploads\/2024\/09\/logo.png","width":1118,"height":310,"caption":"Tupique"},"image":{"@id":"https:\/\/tupique.com\/#\/schema\/logo\/image\/"}}]}},"jetpack_sharing_enabled":true,"_links":{"self":[{"href":"https:\/\/tupique.com\/pt\/wp-json\/wp\/v2\/product\/4383821","targetHints":{"allow":["GET"]}}],"collection":[{"href":"https:\/\/tupique.com\/pt\/wp-json\/wp\/v2\/product"}],"about":[{"href":"https:\/\/tupique.com\/pt\/wp-json\/wp\/v2\/types\/product"}],"replies":[{"embeddable":true,"href":"https:\/\/tupique.com\/pt\/wp-json\/wp\/v2\/comments?post=4383821"}],"wp:featuredmedia":[{"embeddable":true,"href":"https:\/\/tupique.com\/pt\/wp-json\/wp\/v2\/media\/4383819"}],"wp:attachment":[{"href":"https:\/\/tupique.com\/pt\/wp-json\/wp\/v2\/media?parent=4383821"}],"wp:term":[{"taxonomy":"product_brand","embeddable":true,"href":"https:\/\/tupique.com\/pt\/wp-json\/wp\/v2\/product_brand?post=4383821"},{"taxonomy":"product_cat","embeddable":true,"href":"https:\/\/tupique.com\/pt\/wp-json\/wp\/v2\/product_cat?post=4383821"},{"taxonomy":"product_tag","embeddable":true,"href":"https:\/\/tupique.com\/pt\/wp-json\/wp\/v2\/product_tag?post=4383821"}],"curies":[{"name":"wp","href":"https:\/\/api.w.org\/{rel}","templated":true}]}}