{"id":4383847,"date":"2026-04-08T07:02:03","date_gmt":"2026-04-08T06:02:03","guid":{"rendered":"https:\/\/tupique.com\/produit\/ordinateur-portable-hp-ad3a2etabe-16-intel-core-ultra-5-16-gb-ram-512-gb-ssd\/"},"modified":"2026-04-08T07:02:03","modified_gmt":"2026-04-08T06:02:03","slug":"ordinateur-portable-hp-ad3a2etabe-16-intel-core-ultra-5-16-gb-ram-512-gb-ssd","status":"publish","type":"product","link":"https:\/\/tupique.com\/pt\/produto\/ordinateur-portable-hp-ad3a2etabe-16-intel-core-ultra-5-16-gb-ram-512-gb-ssd\/","title":{"rendered":"Ordinateur Portable HP AD3A2ET#ABE 16&#8243; intel core ultra 5 16 GB RAM 512 GB SSD"},"content":{"rendered":"<p>Se est\u00e1 \u00e0 procura das \u00faltimas tend\u00eancias do mercado, temos tudo o que precisa. <b>Ordinateur Portable HP AD3A2ET#ABE 16&#8243; intel core ultra 5 16 GB RAM 512 GB SSD<\/b> !<\/p>\n<p>Le <b>HP AD3A2ET#ABE<\/b> \u00e9 um <b>laptop<\/b> polyvalent et robuste, con\u00e7u pour r\u00e9pondre aux besoins des professionnels et des utilisateurs exigeants en mati\u00e8re de productivit\u00e9 et de multim\u00e9dia. Cet ordinateur portable int\u00e8gre une grande <b>capacit\u00e9 de stockage SSD de 512 Go<\/b>, offrant des vitesses de lecture et d\u2019\u00e9criture \u00e9lev\u00e9es pour une gestion rapide des fichiers et des d\u00e9marrages quasi instantan\u00e9s. Il dispose de <b>16 Go de m\u00e9moire RAM<\/b>, id\u00e9al pour le multit\u00e2che fluide, les applications lourdes et les environnements virtualis\u00e9s, garantissant des performances optimales sans ralentissement. L\u2019<b>\u00e9cran de 16 pouces<\/b> se distingue par son espace visuel g\u00e9n\u00e9reux, offrant une exp\u00e9rience immersive au travail comme lors des loisirs, et facilitant l\u2019affichage simultan\u00e9 de plusieurs fen\u00eatres et applications. Son <b>design argent\u00e9<\/b> apporte une touche \u00e9l\u00e9gante et moderne, adapt\u00e9e \u00e0 tout environnement professionnel ou personnel. Parmi ses atouts figurent le <b>clavier num\u00e9rique<\/b>, pratique pour la saisie rapide de donn\u00e9es ou le travail sur des feuilles de calcul, ainsi que des <b>altifalantes integrados<\/b> offrant un son clair pour les appels vid\u00e9o et la lecture multim\u00e9dia. Il est \u00e9galement \u00e9quip\u00e9 d\u2019une <b>c\u00e2mara frontal<\/b> et d\u2019un <b>microfone incorporado<\/b>, essentiels pour les r\u00e9unions virtuelles, ainsi que d\u2019un clavier r\u00e9tro\u00e9clair\u00e9 facilitant l\u2019utilisation dans des environnements peu lumineux. L\u2019ensemble de ces caract\u00e9ristiques fait de ce mod\u00e8le un choix tr\u00e8s complet pour ceux qui recherchent rapidit\u00e9, capacit\u00e9 et fonctionnalit\u00e9, avec un design soign\u00e9 et pratique. En r\u00e9sum\u00e9, le HP AD3A2ET#ABE allie puissance, stockage et ergonomie dans un appareil pr\u00eat \u00e0 relever tous les d\u00e9fis quotidiens avec efficacit\u00e9 et fiabilit\u00e9.<\/p>\n<ul>\n<li>Diagonale de l&#8217;\u00e9cran (cm): 40,6 cm<\/li>\n<li>Clavier: Espagnol Qwerty<\/li>\n<li>Tipo:\n<ul>\n<li>Ordinateur Portable<\/li>\n<li>Clavier num\u00e9rique<\/li>\n<\/ul>\n<\/li>\n<li>Produto de encaixe: Sim<\/li>\n<li>Type de m\u00e9moire:\n<ul>\n<li>SDRAM<\/li>\n<li>DDR5 SDRAM<\/li>\n<\/ul>\n<\/li>\n<li>Tipo de tomada: tomada UE<\/li>\n<li>Alimenta\u00e7\u00e3o el\u00e9ctrica:\n<ul>\n<li>r\u00e9seau \u00e9lectrique<\/li>\n<li>USB<\/li>\n<\/ul>\n<\/li>\n<li>Cor:\n<ul>\n<li>Prata<\/li>\n<li>sRGB<\/li>\n<\/ul>\n<\/li>\n<li>Ecr\u00e3 t\u00e1til: N\u00e3o<\/li>\n<li>Type d&#8217;unit\u00e9 optique: Non<\/li>\n<li>Inclui:\n<ul>\n<li>Webcam<\/li>\n<li>Teclado<\/li>\n<li>SSD x 1<\/li>\n<\/ul>\n<\/li>\n<li>Frequ\u00eancia:\n<ul>\n<li>50-60 Hz<\/li>\n<li>50 &#8211; 60 Hz<\/li>\n<li>4,8 GHz<\/li>\n<\/ul>\n<\/li>\n<li>Technologie: IPS<\/li>\n<li>Capacit\u00e9 de la batterie: 56 Wh<\/li>\n<li>Resolu\u00e7\u00e3o (px): 1920 x 1200 px<\/li>\n<li>Sistema operativo: Windows 11 Pro<\/li>\n<li>R\u00e9solution: WUXGA<\/li>\n<li>Type de stockage: SSD<\/li>\n<li>Conectividade:\n<ul>\n<li>Bluetooth<\/li>\n<li>Wi-Fi<\/li>\n<li>LAN Ethernet<\/li>\n<li>NFC<\/li>\n<li>WI-FI 7<\/li>\n<\/ul>\n<\/li>\n<li>Liga\u00e7\u00f5es:\n<ul>\n<li>HDMI<\/li>\n<li>USB<\/li>\n<li>LAN Ethernet<\/li>\n<li>2<\/li>\n<li>SO-DIMM<\/li>\n<li>M.2<\/li>\n<li>RJ45<\/li>\n<li>HDMI 2.1 x 1<\/li>\n<li>Thunderbolt 4 x 2<\/li>\n<li>USB-A 3.2<\/li>\n<li>C\u00e2ble jack 3,3 mm<\/li>\n<\/ul>\n<\/li>\n<li>Ecran: 16&#8243;<\/li>\n<li>Processeur:\n<ul>\n<li>intel core ultra 5<\/li>\n<li>Intel Core Ultra 5 225U<\/li>\n<\/ul>\n<\/li>\n<li>Mem\u00f3ria RAM: 16 GB de RAM<\/li>\n<li>Disque dur: 512 GB SSD<\/li>\n<li>Carater\u00edsticas:\n<ul>\n<li>Altifalantes integrados<\/li>\n<li>C\u00e2mara frontal<\/li>\n<li>Microfone incorporado<\/li>\n<li>Retroiluminado<\/li>\n<li>2 altifalantes<\/li>\n<li>Leitor de impress\u00f5es digitais<\/li>\n<li>Prote\u00e7\u00e3o de dados\/palavra-passe<\/li>\n<li>Adaptateur graphique int\u00e9gr\u00e9<\/li>\n<\/ul>\n<\/li>\n<li>Cache: 12 MB<\/li>\n<li>Compatible: PCI Express<\/li>\n<li>puissance: 65 W<\/li>\n<li>Cam\u00e9ra\/Appareil Photo: 5 Mp<\/li>\n<li>Tens\u00e3o: 100 - 240 V<\/li>\n<li>Non Inclus:\n<ul>\n<li>Type d&#8217;unit\u00e9 optique<\/li>\n<li>Liga\u00e7\u00e3o \u00e0 rede m\u00f3vel<\/li>\n<li>Adaptateur graphique discret<\/li>\n<\/ul>\n<\/li>\n<li>Format:\n<ul>\n<li>M.2<\/li>\n<li>1 x 16 GB<\/li>\n<\/ul>\n<\/li>\n<li>Flux lumineux: 300 Lm<\/li>\n<li>Facteur de forme: SO-DIMM<\/li>\n<li>Tipo de bateria: i\u00f5es de l\u00edtio<\/li>\n<li>vitesse: 3,8 GHz<\/li>\n<li>Noyaux: 12 Noyaux<\/li>\n<li>Fam\u00edlia de processadores: Intel<\/li>\n<li>M\u00e9moire RAM maximale: 64 GB<\/li>\n<\/ul>","protected":false},"excerpt":{"rendered":"<p>Si vous \u00eates \u00e0 la recherche de nouvelles tendances sur le march\u00e9, nous vous pr\u00e9sentons Ordinateur Portable HP AD3A2ET#ABE 16&#8243;<\/p>","protected":false},"featured_media":4383844,"comment_status":"open","ping_status":"closed","template":"","meta":{"_joinchat":[]},"product_brand":[158040],"product_cat":[157516,157583,155043],"product_tag":[157514,157515],"class_list":{"0":"post-4383847","1":"product","2":"type-product","3":"status-publish","4":"has-post-thumbnail","6":"product_brand-brandp_909","7":"product_cat-informatique-electronique","8":"product_cat-informatique-ordinateurs","9":"product_cat-notebooks","10":"product_tag-tag_933","11":"product_tag-tag_1295","13":"first","14":"instock","15":"taxable","16":"shipping-taxable","17":"purchasable","18":"product-type-simple"},"yoast_head":"<!-- This site is optimized with the Yoast SEO plugin v27.2 - https:\/\/yoast.com\/product\/yoast-seo-wordpress\/ -->\n<title>Ordinateur Portable HP AD3A2ET#ABE 16&quot; intel core ultra 5 16 GB RAM 512 GB SSD - Tupique<\/title>\n<meta name=\"description\" content=\"Vous cherchez Ordinateur Portable HP AD3A2ET#ABE 16&quot; intel core ultra 5 16 GB RAM 512 GB SSD ? Achetez des produits chez Tupique. Profitez de la livraison gratuite pour obtenir Ordinateur Portable HP AD3A2ET#ABE 16&quot; intel core ultra 5 16 GB RAM 512 GB SSD d\u00e8s maintenant.\" \/>\n<meta name=\"robots\" content=\"index, follow, max-snippet:-1, max-image-preview:large, max-video-preview:-1\" \/>\n<link rel=\"canonical\" href=\"https:\/\/tupique.com\/pt\/produto\/ordinateur-portable-hp-ad3a2etabe-16-intel-core-ultra-5-16-gb-ram-512-gb-ssd\/\" \/>\n<meta property=\"og:locale\" content=\"pt_PT\" \/>\n<meta property=\"og:type\" content=\"article\" \/>\n<meta property=\"og:title\" content=\"Ordinateur Portable HP AD3A2ET#ABE 16&quot; intel core ultra 5 16 GB RAM 512 GB SSD - Tupique\" \/>\n<meta property=\"og:description\" content=\"Vous cherchez Ordinateur Portable HP AD3A2ET#ABE 16&quot; intel core ultra 5 16 GB RAM 512 GB SSD ? Achetez des produits chez Tupique. Profitez de la livraison gratuite pour obtenir Ordinateur Portable HP AD3A2ET#ABE 16&quot; intel core ultra 5 16 GB RAM 512 GB SSD d\u00e8s maintenant.\" \/>\n<meta property=\"og:url\" content=\"https:\/\/tupique.com\/pt\/produto\/ordinateur-portable-hp-ad3a2etabe-16-intel-core-ultra-5-16-gb-ram-512-gb-ssd\/\" \/>\n<meta property=\"og:site_name\" content=\"Tupique\" \/>\n<meta name=\"twitter:card\" content=\"summary_large_image\" \/>\n<meta name=\"twitter:label1\" content=\"Tempo estimado de leitura\" \/>\n\t<meta name=\"twitter:data1\" content=\"2 minutos\" \/>\n<script type=\"application\/ld+json\" class=\"yoast-schema-graph\">{\"@context\":\"https:\/\/schema.org\",\"@graph\":[{\"@type\":\"WebPage\",\"@id\":\"https:\/\/tupique.com\/produit\/ordinateur-portable-hp-ad3a2etabe-16-intel-core-ultra-5-16-gb-ram-512-gb-ssd\/\",\"url\":\"https:\/\/tupique.com\/produit\/ordinateur-portable-hp-ad3a2etabe-16-intel-core-ultra-5-16-gb-ram-512-gb-ssd\/\",\"name\":\"Ordinateur Portable HP AD3A2ET#ABE 16\\\" intel core ultra 5 16 GB RAM 512 GB SSD - Tupique\",\"isPartOf\":{\"@id\":\"https:\/\/tupique.com\/#website\"},\"primaryImageOfPage\":{\"@id\":\"https:\/\/tupique.com\/produit\/ordinateur-portable-hp-ad3a2etabe-16-intel-core-ultra-5-16-gb-ram-512-gb-ssd\/#primaryimage\"},\"image\":{\"@id\":\"https:\/\/tupique.com\/produit\/ordinateur-portable-hp-ad3a2etabe-16-intel-core-ultra-5-16-gb-ram-512-gb-ssd\/#primaryimage\"},\"thumbnailUrl\":\"https:\/\/tupique.com\/wp-content\/uploads\/2026\/04\/0199251416125_I00.jpg\",\"datePublished\":\"2026-04-08T06:02:03+00:00\",\"description\":\"Vous cherchez Ordinateur Portable HP AD3A2ET#ABE 16\\\" intel core ultra 5 16 GB RAM 512 GB SSD ? Achetez des produits chez Tupique. Profitez de la livraison gratuite pour obtenir Ordinateur Portable HP AD3A2ET#ABE 16\\\" intel core ultra 5 16 GB RAM 512 GB SSD d\u00e8s maintenant.\",\"breadcrumb\":{\"@id\":\"https:\/\/tupique.com\/produit\/ordinateur-portable-hp-ad3a2etabe-16-intel-core-ultra-5-16-gb-ram-512-gb-ssd\/#breadcrumb\"},\"inLanguage\":\"pt-PT\",\"potentialAction\":[{\"@type\":\"ReadAction\",\"target\":[\"https:\/\/tupique.com\/produit\/ordinateur-portable-hp-ad3a2etabe-16-intel-core-ultra-5-16-gb-ram-512-gb-ssd\/\"]}]},{\"@type\":\"ImageObject\",\"inLanguage\":\"pt-PT\",\"@id\":\"https:\/\/tupique.com\/produit\/ordinateur-portable-hp-ad3a2etabe-16-intel-core-ultra-5-16-gb-ram-512-gb-ssd\/#primaryimage\",\"url\":\"https:\/\/tupique.com\/wp-content\/uploads\/2026\/04\/0199251416125_I00.jpg\",\"contentUrl\":\"https:\/\/tupique.com\/wp-content\/uploads\/2026\/04\/0199251416125_I00.jpg\",\"width\":1200,\"height\":1200,\"caption\":\"S55302984_0\"},{\"@type\":\"BreadcrumbList\",\"@id\":\"https:\/\/tupique.com\/produit\/ordinateur-portable-hp-ad3a2etabe-16-intel-core-ultra-5-16-gb-ram-512-gb-ssd\/#breadcrumb\",\"itemListElement\":[{\"@type\":\"ListItem\",\"position\":1,\"name\":\"In\u00edcio\",\"item\":\"https:\/\/tupique.com\/\"},{\"@type\":\"ListItem\",\"position\":2,\"name\":\"Boutique\",\"item\":\"https:\/\/tupique.com\/en\/boutique\/\"},{\"@type\":\"ListItem\",\"position\":3,\"name\":\"Ordinateur Portable HP AD3A2ET#ABE 16&#8243; intel core ultra 5 16 GB RAM 512 GB SSD\"}]},{\"@type\":\"WebSite\",\"@id\":\"https:\/\/tupique.com\/#website\",\"url\":\"https:\/\/tupique.com\/\",\"name\":\"Tupique\",\"description\":\"Marketplace\",\"publisher\":{\"@id\":\"https:\/\/tupique.com\/#organization\"},\"potentialAction\":[{\"@type\":\"SearchAction\",\"target\":{\"@type\":\"EntryPoint\",\"urlTemplate\":\"https:\/\/tupique.com\/?s={search_term_string}\"},\"query-input\":{\"@type\":\"PropertyValueSpecification\",\"valueRequired\":true,\"valueName\":\"search_term_string\"}}],\"inLanguage\":\"pt-PT\"},{\"@type\":\"Organization\",\"@id\":\"https:\/\/tupique.com\/#organization\",\"name\":\"Tupique\",\"url\":\"https:\/\/tupique.com\/\",\"logo\":{\"@type\":\"ImageObject\",\"inLanguage\":\"pt-PT\",\"@id\":\"https:\/\/tupique.com\/#\/schema\/logo\/image\/\",\"url\":\"https:\/\/tupique.com\/wp-content\/uploads\/2024\/09\/logo.png\",\"contentUrl\":\"https:\/\/tupique.com\/wp-content\/uploads\/2024\/09\/logo.png\",\"width\":1118,\"height\":310,\"caption\":\"Tupique\"},\"image\":{\"@id\":\"https:\/\/tupique.com\/#\/schema\/logo\/image\/\"}}]}<\/script>\n<!-- \/ Yoast SEO plugin. -->","yoast_head_json":{"title":"Ordinateur Portable HP AD3A2ET#ABE 16\" intel core ultra 5 16 GB RAM 512 GB SSD - Tupique","description":"Vous cherchez Ordinateur Portable HP AD3A2ET#ABE 16\" intel core ultra 5 16 GB RAM 512 GB SSD ? Achetez des produits chez Tupique. Profitez de la livraison gratuite pour obtenir Ordinateur Portable HP AD3A2ET#ABE 16\" intel core ultra 5 16 GB RAM 512 GB SSD d\u00e8s maintenant.","robots":{"index":"index","follow":"follow","max-snippet":"max-snippet:-1","max-image-preview":"max-image-preview:large","max-video-preview":"max-video-preview:-1"},"canonical":"https:\/\/tupique.com\/pt\/produto\/ordinateur-portable-hp-ad3a2etabe-16-intel-core-ultra-5-16-gb-ram-512-gb-ssd\/","og_locale":"pt_PT","og_type":"article","og_title":"Ordinateur Portable HP AD3A2ET#ABE 16\" intel core ultra 5 16 GB RAM 512 GB SSD - Tupique","og_description":"Vous cherchez Ordinateur Portable HP AD3A2ET#ABE 16\" intel core ultra 5 16 GB RAM 512 GB SSD ? Achetez des produits chez Tupique. Profitez de la livraison gratuite pour obtenir Ordinateur Portable HP AD3A2ET#ABE 16\" intel core ultra 5 16 GB RAM 512 GB SSD d\u00e8s maintenant.","og_url":"https:\/\/tupique.com\/pt\/produto\/ordinateur-portable-hp-ad3a2etabe-16-intel-core-ultra-5-16-gb-ram-512-gb-ssd\/","og_site_name":"Tupique","twitter_card":"summary_large_image","twitter_misc":{"Tempo estimado de leitura":"2 minutos"},"schema":{"@context":"https:\/\/schema.org","@graph":[{"@type":"WebPage","@id":"https:\/\/tupique.com\/produit\/ordinateur-portable-hp-ad3a2etabe-16-intel-core-ultra-5-16-gb-ram-512-gb-ssd\/","url":"https:\/\/tupique.com\/produit\/ordinateur-portable-hp-ad3a2etabe-16-intel-core-ultra-5-16-gb-ram-512-gb-ssd\/","name":"Ordinateur Portable HP AD3A2ET#ABE 16\" intel core ultra 5 16 GB RAM 512 GB SSD - Tupique","isPartOf":{"@id":"https:\/\/tupique.com\/#website"},"primaryImageOfPage":{"@id":"https:\/\/tupique.com\/produit\/ordinateur-portable-hp-ad3a2etabe-16-intel-core-ultra-5-16-gb-ram-512-gb-ssd\/#primaryimage"},"image":{"@id":"https:\/\/tupique.com\/produit\/ordinateur-portable-hp-ad3a2etabe-16-intel-core-ultra-5-16-gb-ram-512-gb-ssd\/#primaryimage"},"thumbnailUrl":"https:\/\/tupique.com\/wp-content\/uploads\/2026\/04\/0199251416125_I00.jpg","datePublished":"2026-04-08T06:02:03+00:00","description":"Vous cherchez Ordinateur Portable HP AD3A2ET#ABE 16\" intel core ultra 5 16 GB RAM 512 GB SSD ? Achetez des produits chez Tupique. Profitez de la livraison gratuite pour obtenir Ordinateur Portable HP AD3A2ET#ABE 16\" intel core ultra 5 16 GB RAM 512 GB SSD d\u00e8s maintenant.","breadcrumb":{"@id":"https:\/\/tupique.com\/produit\/ordinateur-portable-hp-ad3a2etabe-16-intel-core-ultra-5-16-gb-ram-512-gb-ssd\/#breadcrumb"},"inLanguage":"pt-PT","potentialAction":[{"@type":"ReadAction","target":["https:\/\/tupique.com\/produit\/ordinateur-portable-hp-ad3a2etabe-16-intel-core-ultra-5-16-gb-ram-512-gb-ssd\/"]}]},{"@type":"ImageObject","inLanguage":"pt-PT","@id":"https:\/\/tupique.com\/produit\/ordinateur-portable-hp-ad3a2etabe-16-intel-core-ultra-5-16-gb-ram-512-gb-ssd\/#primaryimage","url":"https:\/\/tupique.com\/wp-content\/uploads\/2026\/04\/0199251416125_I00.jpg","contentUrl":"https:\/\/tupique.com\/wp-content\/uploads\/2026\/04\/0199251416125_I00.jpg","width":1200,"height":1200,"caption":"S55302984_0"},{"@type":"BreadcrumbList","@id":"https:\/\/tupique.com\/produit\/ordinateur-portable-hp-ad3a2etabe-16-intel-core-ultra-5-16-gb-ram-512-gb-ssd\/#breadcrumb","itemListElement":[{"@type":"ListItem","position":1,"name":"In\u00edcio","item":"https:\/\/tupique.com\/"},{"@type":"ListItem","position":2,"name":"Boutique","item":"https:\/\/tupique.com\/en\/boutique\/"},{"@type":"ListItem","position":3,"name":"Ordinateur Portable HP AD3A2ET#ABE 16&#8243; intel core ultra 5 16 GB RAM 512 GB SSD"}]},{"@type":"WebSite","@id":"https:\/\/tupique.com\/#website","url":"https:\/\/tupique.com\/","name":"Tupique","description":"Marketplace","publisher":{"@id":"https:\/\/tupique.com\/#organization"},"potentialAction":[{"@type":"SearchAction","target":{"@type":"EntryPoint","urlTemplate":"https:\/\/tupique.com\/?s={search_term_string}"},"query-input":{"@type":"PropertyValueSpecification","valueRequired":true,"valueName":"search_term_string"}}],"inLanguage":"pt-PT"},{"@type":"Organization","@id":"https:\/\/tupique.com\/#organization","name":"Tupique","url":"https:\/\/tupique.com\/","logo":{"@type":"ImageObject","inLanguage":"pt-PT","@id":"https:\/\/tupique.com\/#\/schema\/logo\/image\/","url":"https:\/\/tupique.com\/wp-content\/uploads\/2024\/09\/logo.png","contentUrl":"https:\/\/tupique.com\/wp-content\/uploads\/2024\/09\/logo.png","width":1118,"height":310,"caption":"Tupique"},"image":{"@id":"https:\/\/tupique.com\/#\/schema\/logo\/image\/"}}]}},"jetpack_sharing_enabled":true,"_links":{"self":[{"href":"https:\/\/tupique.com\/pt\/wp-json\/wp\/v2\/product\/4383847","targetHints":{"allow":["GET"]}}],"collection":[{"href":"https:\/\/tupique.com\/pt\/wp-json\/wp\/v2\/product"}],"about":[{"href":"https:\/\/tupique.com\/pt\/wp-json\/wp\/v2\/types\/product"}],"replies":[{"embeddable":true,"href":"https:\/\/tupique.com\/pt\/wp-json\/wp\/v2\/comments?post=4383847"}],"wp:featuredmedia":[{"embeddable":true,"href":"https:\/\/tupique.com\/pt\/wp-json\/wp\/v2\/media\/4383844"}],"wp:attachment":[{"href":"https:\/\/tupique.com\/pt\/wp-json\/wp\/v2\/media?parent=4383847"}],"wp:term":[{"taxonomy":"product_brand","embeddable":true,"href":"https:\/\/tupique.com\/pt\/wp-json\/wp\/v2\/product_brand?post=4383847"},{"taxonomy":"product_cat","embeddable":true,"href":"https:\/\/tupique.com\/pt\/wp-json\/wp\/v2\/product_cat?post=4383847"},{"taxonomy":"product_tag","embeddable":true,"href":"https:\/\/tupique.com\/pt\/wp-json\/wp\/v2\/product_tag?post=4383847"}],"curies":[{"name":"wp","href":"https:\/\/api.w.org\/{rel}","templated":true}]}}