{"id":4383969,"date":"2026-04-08T17:56:44","date_gmt":"2026-04-08T16:56:44","guid":{"rendered":"https:\/\/tupique.com\/produit\/cafetiere-express-smeg-egf03rdeu-rouge-1650-w-24-l\/"},"modified":"2026-04-08T17:56:44","modified_gmt":"2026-04-08T16:56:44","slug":"cafetiere-express-smeg-egf03rdeu-rouge-1650-w-24-l","status":"publish","type":"product","link":"https:\/\/tupique.com\/pt\/produto\/cafetiere-express-smeg-egf03rdeu-rouge-1650-w-24-l\/","title":{"rendered":"Cafeti\u00e8re express Smeg EGF03RDEU Rouge 1650 W 2,4 L"},"content":{"rendered":"<p>Se procura electrodom\u00e9sticos para a sua casa aos melhores pre\u00e7os, n\u00e3o perca <b>Cafeti\u00e8re express Smeg EGF03RDEU Rouge 1650 W 2,4 L<\/b> e uma vasta sele\u00e7\u00e3o de pequenos electrodom\u00e9sticos de qualidade!<\/p>\n<p>La <b>cafeti\u00e8re \u00e0 filtre Smeg<\/b> em <b>rouge<\/b> allie design et fonctionnalit\u00e9 pour offrir une exp\u00e9rience caf\u00e9 pratique et esth\u00e9tique. Con\u00e7ue en <b>plastique r\u00e9sistant<\/b>, cette cafeti\u00e8re est l\u00e9g\u00e8re et facile \u00e0 manipuler tout en garantissant une bonne durabilit\u00e9 pour un usage quotidien. Elle dispose d\u2019une <b>\u00e9cran int\u00e9gr\u00e9<\/b> permettant un contr\u00f4le pr\u00e9cis de la pr\u00e9paration, facilitant la gestion du temps et la personnalisation du caf\u00e9. Elle comprend \u00e9galement un <b>filtre \u00e0 caf\u00e9 r\u00e9utilisable<\/b>, id\u00e9al pour ceux qui recherchent une option \u00e9cologique et \u00e9conomique, car il se nettoie et s\u2019utilise plusieurs fois tout en assurant une extraction homog\u00e8ne des ar\u00f4mes. Ce mod\u00e8le, con\u00e7u sp\u00e9cifiquement comme <b>cafeti\u00e8re \u00e0 filtre<\/b>, est pratique pour pr\u00e9parer plusieurs tasses facilement, adapt\u00e9 aussi bien \u00e0 la maison qu\u2019aux petits bureaux. Sa couleur rouge apporte une touche de vitalit\u00e9 et de modernit\u00e9 qui s\u2019int\u00e8gre bien dans les cuisines contemporaines. En r\u00e9sum\u00e9, cette cafeti\u00e8re se distingue par son esth\u00e9tique, sa facilit\u00e9 d\u2019utilisation et ses performances techniques pour un caf\u00e9 de qualit\u00e9 et une pr\u00e9paration simple. La cafeti\u00e8re \u00e0 filtre Smeg est une option fonctionnelle et bien pens\u00e9e pour les amateurs de caf\u00e9 qui appr\u00e9cient la praticit\u00e9 avec style.<\/p>\n<ul>\n<li>Tipo de tomada: tomada UE<\/li>\n<li>Tipo:\n<ul>\n<li>Cafeti\u00e8re goutte \u00e0 goutte<\/li>\n<li>M\u00e1quina de caf\u00e9 expresso<\/li>\n<li>Caf\u00e9 Express Arm<\/li>\n<\/ul>\n<\/li>\n<li>Produto de encaixe: Sim<\/li>\n<li>Pression: 20 bar<\/li>\n<li>Tasses: 2 Tasses<\/li>\n<li>Tens\u00e3o: 220-240 V<\/li>\n<li>Inclut: Manuel<\/li>\n<li>puissance: 1650 W<\/li>\n<li>Carater\u00edsticas:\n<ul>\n<li>Paragem autom\u00e1tica<\/li>\n<li>Base antiderrapante<\/li>\n<li>Ecr\u00e3 integrado<\/li>\n<li>Commande par boutons<\/li>\n<\/ul>\n<\/li>\n<li>Material: Pl\u00e1stico<\/li>\n<li>Couleur: Rouge<\/li>\n<li>Capacit\u00e9: 2,4 L<\/li>\n<\/ul>","protected":false},"excerpt":{"rendered":"<p>Si vous recherchez des \u00e9lectrom\u00e9nagers pour votre maison aux meilleurs prix, ne manquez pas Cafeti\u00e8re express Smeg EGF03RDEU Rouge 1650<\/p>","protected":false},"featured_media":4383964,"comment_status":"open","ping_status":"closed","template":"","meta":{"_joinchat":[]},"product_brand":[158221],"product_cat":[158151,157538,157539],"product_tag":[157545],"class_list":{"0":"post-4383969","1":"product","2":"type-product","3":"status-publish","4":"has-post-thumbnail","6":"product_brand-brandp_1072","7":"product_cat-cafetieres","8":"product_cat-cuisine-gourmet","9":"product_cat-petit-electromenager","10":"product_tag-tag_930","12":"first","13":"instock","14":"taxable","15":"shipping-taxable","16":"purchasable","17":"product-type-simple"},"yoast_head":"<!-- This site is optimized with the Yoast SEO plugin v27.2 - https:\/\/yoast.com\/product\/yoast-seo-wordpress\/ -->\n<title>Cafeti\u00e8re express Smeg EGF03RDEU Rouge 1650 W 2,4 L - Tupique<\/title>\n<meta name=\"description\" content=\"Vous cherchez Cafeti\u00e8re express Smeg EGF03RDEU Rouge 1650 W 2,4 L ? Achetez des produits chez Tupique. Profitez de la livraison gratuite pour obtenir Cafeti\u00e8re express Smeg EGF03RDEU Rouge 1650 W 2,4 L d\u00e8s maintenant.\" \/>\n<meta name=\"robots\" content=\"index, follow, max-snippet:-1, max-image-preview:large, max-video-preview:-1\" \/>\n<link rel=\"canonical\" href=\"https:\/\/tupique.com\/pt\/produto\/cafetiere-express-smeg-egf03rdeu-rouge-1650-w-24-l\/\" \/>\n<meta property=\"og:locale\" content=\"pt_PT\" \/>\n<meta property=\"og:type\" content=\"article\" \/>\n<meta property=\"og:title\" content=\"Cafeti\u00e8re express Smeg EGF03RDEU Rouge 1650 W 2,4 L - Tupique\" \/>\n<meta property=\"og:description\" content=\"Vous cherchez Cafeti\u00e8re express Smeg EGF03RDEU Rouge 1650 W 2,4 L ? Achetez des produits chez Tupique. Profitez de la livraison gratuite pour obtenir Cafeti\u00e8re express Smeg EGF03RDEU Rouge 1650 W 2,4 L d\u00e8s maintenant.\" \/>\n<meta property=\"og:url\" content=\"https:\/\/tupique.com\/pt\/produto\/cafetiere-express-smeg-egf03rdeu-rouge-1650-w-24-l\/\" \/>\n<meta property=\"og:site_name\" content=\"Tupique\" \/>\n<meta name=\"twitter:card\" content=\"summary_large_image\" \/>\n<meta name=\"twitter:label1\" content=\"Tempo estimado de leitura\" \/>\n\t<meta name=\"twitter:data1\" content=\"1 minuto\" \/>\n<script type=\"application\/ld+json\" class=\"yoast-schema-graph\">{\"@context\":\"https:\/\/schema.org\",\"@graph\":[{\"@type\":\"WebPage\",\"@id\":\"https:\/\/tupique.com\/produit\/cafetiere-express-smeg-egf03rdeu-rouge-1650-w-24-l\/\",\"url\":\"https:\/\/tupique.com\/produit\/cafetiere-express-smeg-egf03rdeu-rouge-1650-w-24-l\/\",\"name\":\"Cafeti\u00e8re express Smeg EGF03RDEU Rouge 1650 W 2,4 L - Tupique\",\"isPartOf\":{\"@id\":\"https:\/\/tupique.com\/#website\"},\"primaryImageOfPage\":{\"@id\":\"https:\/\/tupique.com\/produit\/cafetiere-express-smeg-egf03rdeu-rouge-1650-w-24-l\/#primaryimage\"},\"image\":{\"@id\":\"https:\/\/tupique.com\/produit\/cafetiere-express-smeg-egf03rdeu-rouge-1650-w-24-l\/#primaryimage\"},\"thumbnailUrl\":\"https:\/\/tupique.com\/wp-content\/uploads\/2026\/04\/8017709329822_S8109403_P00.jpg\",\"datePublished\":\"2026-04-08T16:56:44+00:00\",\"description\":\"Vous cherchez Cafeti\u00e8re express Smeg EGF03RDEU Rouge 1650 W 2,4 L ? Achetez des produits chez Tupique. Profitez de la livraison gratuite pour obtenir Cafeti\u00e8re express Smeg EGF03RDEU Rouge 1650 W 2,4 L d\u00e8s maintenant.\",\"breadcrumb\":{\"@id\":\"https:\/\/tupique.com\/produit\/cafetiere-express-smeg-egf03rdeu-rouge-1650-w-24-l\/#breadcrumb\"},\"inLanguage\":\"pt-PT\",\"potentialAction\":[{\"@type\":\"ReadAction\",\"target\":[\"https:\/\/tupique.com\/produit\/cafetiere-express-smeg-egf03rdeu-rouge-1650-w-24-l\/\"]}]},{\"@type\":\"ImageObject\",\"inLanguage\":\"pt-PT\",\"@id\":\"https:\/\/tupique.com\/produit\/cafetiere-express-smeg-egf03rdeu-rouge-1650-w-24-l\/#primaryimage\",\"url\":\"https:\/\/tupique.com\/wp-content\/uploads\/2026\/04\/8017709329822_S8109403_P00.jpg\",\"contentUrl\":\"https:\/\/tupique.com\/wp-content\/uploads\/2026\/04\/8017709329822_S8109403_P00.jpg\",\"width\":1200,\"height\":1200,\"caption\":\"S8109403_0\"},{\"@type\":\"BreadcrumbList\",\"@id\":\"https:\/\/tupique.com\/produit\/cafetiere-express-smeg-egf03rdeu-rouge-1650-w-24-l\/#breadcrumb\",\"itemListElement\":[{\"@type\":\"ListItem\",\"position\":1,\"name\":\"In\u00edcio\",\"item\":\"https:\/\/tupique.com\/\"},{\"@type\":\"ListItem\",\"position\":2,\"name\":\"Boutique\",\"item\":\"https:\/\/tupique.com\/en\/boutique\/\"},{\"@type\":\"ListItem\",\"position\":3,\"name\":\"Cafeti\u00e8re express Smeg EGF03RDEU Rouge 1650 W 2,4 L\"}]},{\"@type\":\"WebSite\",\"@id\":\"https:\/\/tupique.com\/#website\",\"url\":\"https:\/\/tupique.com\/\",\"name\":\"Tupique\",\"description\":\"Marketplace\",\"publisher\":{\"@id\":\"https:\/\/tupique.com\/#organization\"},\"potentialAction\":[{\"@type\":\"SearchAction\",\"target\":{\"@type\":\"EntryPoint\",\"urlTemplate\":\"https:\/\/tupique.com\/?s={search_term_string}\"},\"query-input\":{\"@type\":\"PropertyValueSpecification\",\"valueRequired\":true,\"valueName\":\"search_term_string\"}}],\"inLanguage\":\"pt-PT\"},{\"@type\":\"Organization\",\"@id\":\"https:\/\/tupique.com\/#organization\",\"name\":\"Tupique\",\"url\":\"https:\/\/tupique.com\/\",\"logo\":{\"@type\":\"ImageObject\",\"inLanguage\":\"pt-PT\",\"@id\":\"https:\/\/tupique.com\/#\/schema\/logo\/image\/\",\"url\":\"https:\/\/tupique.com\/wp-content\/uploads\/2024\/09\/logo.png\",\"contentUrl\":\"https:\/\/tupique.com\/wp-content\/uploads\/2024\/09\/logo.png\",\"width\":1118,\"height\":310,\"caption\":\"Tupique\"},\"image\":{\"@id\":\"https:\/\/tupique.com\/#\/schema\/logo\/image\/\"}}]}<\/script>\n<!-- \/ Yoast SEO plugin. -->","yoast_head_json":{"title":"Cafeti\u00e8re express Smeg EGF03RDEU Rouge 1650 W 2,4 L - Tupique","description":"Vous cherchez Cafeti\u00e8re express Smeg EGF03RDEU Rouge 1650 W 2,4 L ? Achetez des produits chez Tupique. Profitez de la livraison gratuite pour obtenir Cafeti\u00e8re express Smeg EGF03RDEU Rouge 1650 W 2,4 L d\u00e8s maintenant.","robots":{"index":"index","follow":"follow","max-snippet":"max-snippet:-1","max-image-preview":"max-image-preview:large","max-video-preview":"max-video-preview:-1"},"canonical":"https:\/\/tupique.com\/pt\/produto\/cafetiere-express-smeg-egf03rdeu-rouge-1650-w-24-l\/","og_locale":"pt_PT","og_type":"article","og_title":"Cafeti\u00e8re express Smeg EGF03RDEU Rouge 1650 W 2,4 L - Tupique","og_description":"Vous cherchez Cafeti\u00e8re express Smeg EGF03RDEU Rouge 1650 W 2,4 L ? Achetez des produits chez Tupique. Profitez de la livraison gratuite pour obtenir Cafeti\u00e8re express Smeg EGF03RDEU Rouge 1650 W 2,4 L d\u00e8s maintenant.","og_url":"https:\/\/tupique.com\/pt\/produto\/cafetiere-express-smeg-egf03rdeu-rouge-1650-w-24-l\/","og_site_name":"Tupique","twitter_card":"summary_large_image","twitter_misc":{"Tempo estimado de leitura":"1 minuto"},"schema":{"@context":"https:\/\/schema.org","@graph":[{"@type":"WebPage","@id":"https:\/\/tupique.com\/produit\/cafetiere-express-smeg-egf03rdeu-rouge-1650-w-24-l\/","url":"https:\/\/tupique.com\/produit\/cafetiere-express-smeg-egf03rdeu-rouge-1650-w-24-l\/","name":"Cafeti\u00e8re express Smeg EGF03RDEU Rouge 1650 W 2,4 L - Tupique","isPartOf":{"@id":"https:\/\/tupique.com\/#website"},"primaryImageOfPage":{"@id":"https:\/\/tupique.com\/produit\/cafetiere-express-smeg-egf03rdeu-rouge-1650-w-24-l\/#primaryimage"},"image":{"@id":"https:\/\/tupique.com\/produit\/cafetiere-express-smeg-egf03rdeu-rouge-1650-w-24-l\/#primaryimage"},"thumbnailUrl":"https:\/\/tupique.com\/wp-content\/uploads\/2026\/04\/8017709329822_S8109403_P00.jpg","datePublished":"2026-04-08T16:56:44+00:00","description":"Vous cherchez Cafeti\u00e8re express Smeg EGF03RDEU Rouge 1650 W 2,4 L ? Achetez des produits chez Tupique. Profitez de la livraison gratuite pour obtenir Cafeti\u00e8re express Smeg EGF03RDEU Rouge 1650 W 2,4 L d\u00e8s maintenant.","breadcrumb":{"@id":"https:\/\/tupique.com\/produit\/cafetiere-express-smeg-egf03rdeu-rouge-1650-w-24-l\/#breadcrumb"},"inLanguage":"pt-PT","potentialAction":[{"@type":"ReadAction","target":["https:\/\/tupique.com\/produit\/cafetiere-express-smeg-egf03rdeu-rouge-1650-w-24-l\/"]}]},{"@type":"ImageObject","inLanguage":"pt-PT","@id":"https:\/\/tupique.com\/produit\/cafetiere-express-smeg-egf03rdeu-rouge-1650-w-24-l\/#primaryimage","url":"https:\/\/tupique.com\/wp-content\/uploads\/2026\/04\/8017709329822_S8109403_P00.jpg","contentUrl":"https:\/\/tupique.com\/wp-content\/uploads\/2026\/04\/8017709329822_S8109403_P00.jpg","width":1200,"height":1200,"caption":"S8109403_0"},{"@type":"BreadcrumbList","@id":"https:\/\/tupique.com\/produit\/cafetiere-express-smeg-egf03rdeu-rouge-1650-w-24-l\/#breadcrumb","itemListElement":[{"@type":"ListItem","position":1,"name":"In\u00edcio","item":"https:\/\/tupique.com\/"},{"@type":"ListItem","position":2,"name":"Boutique","item":"https:\/\/tupique.com\/en\/boutique\/"},{"@type":"ListItem","position":3,"name":"Cafeti\u00e8re express Smeg EGF03RDEU Rouge 1650 W 2,4 L"}]},{"@type":"WebSite","@id":"https:\/\/tupique.com\/#website","url":"https:\/\/tupique.com\/","name":"Tupique","description":"Marketplace","publisher":{"@id":"https:\/\/tupique.com\/#organization"},"potentialAction":[{"@type":"SearchAction","target":{"@type":"EntryPoint","urlTemplate":"https:\/\/tupique.com\/?s={search_term_string}"},"query-input":{"@type":"PropertyValueSpecification","valueRequired":true,"valueName":"search_term_string"}}],"inLanguage":"pt-PT"},{"@type":"Organization","@id":"https:\/\/tupique.com\/#organization","name":"Tupique","url":"https:\/\/tupique.com\/","logo":{"@type":"ImageObject","inLanguage":"pt-PT","@id":"https:\/\/tupique.com\/#\/schema\/logo\/image\/","url":"https:\/\/tupique.com\/wp-content\/uploads\/2024\/09\/logo.png","contentUrl":"https:\/\/tupique.com\/wp-content\/uploads\/2024\/09\/logo.png","width":1118,"height":310,"caption":"Tupique"},"image":{"@id":"https:\/\/tupique.com\/#\/schema\/logo\/image\/"}}]}},"jetpack_sharing_enabled":true,"_links":{"self":[{"href":"https:\/\/tupique.com\/pt\/wp-json\/wp\/v2\/product\/4383969","targetHints":{"allow":["GET"]}}],"collection":[{"href":"https:\/\/tupique.com\/pt\/wp-json\/wp\/v2\/product"}],"about":[{"href":"https:\/\/tupique.com\/pt\/wp-json\/wp\/v2\/types\/product"}],"replies":[{"embeddable":true,"href":"https:\/\/tupique.com\/pt\/wp-json\/wp\/v2\/comments?post=4383969"}],"wp:featuredmedia":[{"embeddable":true,"href":"https:\/\/tupique.com\/pt\/wp-json\/wp\/v2\/media\/4383964"}],"wp:attachment":[{"href":"https:\/\/tupique.com\/pt\/wp-json\/wp\/v2\/media?parent=4383969"}],"wp:term":[{"taxonomy":"product_brand","embeddable":true,"href":"https:\/\/tupique.com\/pt\/wp-json\/wp\/v2\/product_brand?post=4383969"},{"taxonomy":"product_cat","embeddable":true,"href":"https:\/\/tupique.com\/pt\/wp-json\/wp\/v2\/product_cat?post=4383969"},{"taxonomy":"product_tag","embeddable":true,"href":"https:\/\/tupique.com\/pt\/wp-json\/wp\/v2\/product_tag?post=4383969"}],"curies":[{"name":"wp","href":"https:\/\/api.w.org\/{rel}","templated":true}]}}