{"id":4384040,"date":"2026-04-08T17:59:49","date_gmt":"2026-04-08T16:59:49","guid":{"rendered":"https:\/\/tupique.com\/produit\/tablette-samsung-sm-x526b-109-8-gb-ram-128-gb-bleu\/"},"modified":"2026-04-08T18:55:21","modified_gmt":"2026-04-08T17:55:21","slug":"tablette-samsung-sm-x526b-109-8-gb-ram-128-gb-bleu","status":"publish","type":"product","link":"https:\/\/tupique.com\/pt\/produto\/tablette-samsung-sm-x526b-109-8-gb-ram-128-gb-bleu\/","title":{"rendered":"Tablette Samsung SM-X526B 10,9&#8243; 8 GB RAM 128 GB Bleu"},"content":{"rendered":"<p>Se est\u00e1 \u00e0 procura das \u00faltimas tend\u00eancias do mercado, temos tudo o que precisa. <b>Tablette Samsung SM-X526B 10,9&#8243; 8 GB RAM 128 GB Bleu<\/b> !<\/p>\n<p>La <b>Samsung TAB S10 FE SM-X526<\/b> \u00e9 um <b>comprimido<\/b> haute performance con\u00e7ue pour les utilisateurs recherchant polyvalence et efficacit\u00e9, aussi bien dans un cadre personnel que professionnel. Dot\u00e9e d\u2019un large <b>\u00e9cran de 10,9&#8243;<\/b> offrant une exp\u00e9rience visuelle claire et confortable, elle est id\u00e9ale pour le multim\u00e9dia, la lecture et la productivit\u00e9. Ses <b>8 Go de RAM<\/b> e <b>128 Go de stockage interne<\/b> assurent des performances fluides et la gestion de plusieurs applications, ainsi qu\u2019un espace suffisant pour documents, photos et applications sans contrainte notable. Pr\u00e9sent\u00e9e dans une \u00e9l\u00e9gante finition bleue et fabriqu\u00e9e en <b>plastique r\u00e9sistant<\/b>, ce mod\u00e8le int\u00e8gre un <b>appareil photo arri\u00e8re de 13 m\u00e9gapixels<\/b> et une cam\u00e9ra frontale de <b>12 m\u00e9gapixels<\/b>, garantissant de bons r\u00e9sultats pour les appels vid\u00e9o et la photographie mobile. Parmi ses atouts figurent la <b>mise au point automatique<\/b> de la cam\u00e9ra et la pr\u00e9sence d\u2019un <b>lecteur de cartes<\/b>, permettant d\u2019\u00e9tendre la capacit\u00e9 de stockage via carte microSD. Sa l\u00e9g\u00e8ret\u00e9 et son design fin facilitent le transport, s\u2019adaptant parfaitement aux modes de vie mobiles. L\u2019ensemble fait de cette tablette Samsung une option compl\u00e8te et \u00e9quilibr\u00e9e pour ceux qui appr\u00e9cient la fonctionnalit\u00e9, la qualit\u00e9 d\u2019image et un stockage g\u00e9n\u00e9reux dans un format portable.<\/p>\n<ul>\n<li>Type: Tablette<\/li>\n<li>Produto de encaixe: Sim<\/li>\n<li>Diagonale de l&#8217;\u00e9cran (cm): 27,7 cm<\/li>\n<li>C\u00e2mara:\n<ul>\n<li>12 mpx<\/li>\n<li>13 mpx<\/li>\n<li>13 MP<\/li>\n<li>Traseira<\/li>\n<\/ul>\n<\/li>\n<li>Processeur: Octa Core<\/li>\n<li>Tecnologia:\n<ul>\n<li>IPS LCD<\/li>\n<li>TFT<\/li>\n<\/ul>\n<\/li>\n<li>Liga\u00e7\u00f5es:\n<ul>\n<li>USB-C<\/li>\n<li>USB-C 2.0<\/li>\n<\/ul>\n<\/li>\n<li>puissance: 45 W<\/li>\n<li>Tipo de tomada: tomada UE<\/li>\n<li>Cor: azul<\/li>\n<li>Material: Pl\u00e1stico<\/li>\n<li>Carater\u00edsticas:\n<ul>\n<li>C\u00e2mara frontal<\/li>\n<li>Autofocus<\/li>\n<li>Lecteur de Cartes<\/li>\n<li>Leitor de impress\u00f5es digitais<\/li>\n<li>Liga\u00e7\u00e3o \u00e0 rede m\u00f3vel<\/li>\n<li>B\u00fassola eletr\u00f3nica<\/li>\n<\/ul>\n<\/li>\n<li>Conectividade:\n<ul>\n<li>Bluetooth<\/li>\n<li>Wi-Fi<\/li>\n<li>GPS<\/li>\n<li>Galileu<\/li>\n<li>5G<\/li>\n<li>6 GHz Wi-Fi<\/li>\n<li>Bluetooth 5.3<\/li>\n<\/ul>\n<\/li>\n<li>Sistema operativo: Android<\/li>\n<li>Fonte de alimenta\u00e7\u00e3o: USB<\/li>\n<li>Disque dur: 128 GB SSD<\/li>\n<li>Mem\u00f3ria RAM: 8 GB de RAM<\/li>\n<li>Ecran: 10,9&#8243;<\/li>\n<li>Fonctions: Acc\u00e9l\u00e9rom\u00e8tre<\/li>\n<li>N\u00e3o inclu\u00eddo: adaptador AC<\/li>\n<li>Taille maximale de la carte m\u00e9moire: 2 TB<\/li>\n<li>Poids: 1,2 kg<\/li>\n<li>Cart\u00f5es de mem\u00f3ria compat\u00edveis: MicroSD (TransFlash)<\/li>\n<li>R\u00e9solution: WUXGA+<\/li>\n<li>Mem\u00f3ria interna: 128 GB<\/li>\n<li>Inclut: Crayon tactile<\/li>\n<li>Autonomie approx.: 20 heures<\/li>\n<li>N\u00facleos: 8 n\u00facleos<\/li>\n<li>Capacit\u00e9 de la batterie: 8000 mAh<\/li>\n<li>Resolu\u00e7\u00e3o (px): 3840 x 2160 px<\/li>\n<\/ul>","protected":false},"excerpt":{"rendered":"<p>Si vous \u00eates \u00e0 la recherche de nouvelles tendances sur le march\u00e9, nous vous pr\u00e9sentons Tablette Samsung SM-X526B 10,9&#8243; 8<\/p>","protected":false},"featured_media":4384033,"comment_status":"open","ping_status":"closed","template":"","meta":{"_joinchat":[]},"product_brand":[157883],"product_cat":[157523,157516,157560],"product_tag":[157522,157515],"class_list":{"0":"post-4384040","1":"product","2":"type-product","3":"status-publish","4":"has-post-thumbnail","6":"product_brand-brandp_576","7":"product_cat-electronique-telephonie-et-tablettes","8":"product_cat-informatique-electronique","9":"product_cat-tablettes","10":"product_tag-tag_547","11":"product_tag-tag_1295","13":"first","14":"outofstock","15":"taxable","16":"shipping-taxable","17":"purchasable","18":"product-type-simple"},"yoast_head":"<!-- This site is optimized with the Yoast SEO plugin v27.2 - https:\/\/yoast.com\/product\/yoast-seo-wordpress\/ -->\n<title>Tablette Samsung SM-X526B 10,9&quot; 8 GB RAM 128 GB Bleu - Tupique<\/title>\n<meta name=\"description\" content=\"Vous cherchez Tablette Samsung SM-X526B 10,9&quot; 8 GB RAM 128 GB Bleu ? Achetez des produits chez Tupique. Profitez de la livraison gratuite pour obtenir Tablette Samsung SM-X526B 10,9&quot; 8 GB RAM 128 GB Bleu d\u00e8s maintenant.\" \/>\n<meta name=\"robots\" content=\"index, follow, max-snippet:-1, max-image-preview:large, max-video-preview:-1\" \/>\n<link rel=\"canonical\" href=\"https:\/\/tupique.com\/pt\/produto\/tablette-samsung-sm-x526b-109-8-gb-ram-128-gb-bleu\/\" \/>\n<meta property=\"og:locale\" content=\"pt_PT\" \/>\n<meta property=\"og:type\" content=\"article\" \/>\n<meta property=\"og:title\" content=\"Tablette Samsung SM-X526B 10,9&quot; 8 GB RAM 128 GB Bleu - Tupique\" \/>\n<meta property=\"og:description\" content=\"Vous cherchez Tablette Samsung SM-X526B 10,9&quot; 8 GB RAM 128 GB Bleu ? Achetez des produits chez Tupique. Profitez de la livraison gratuite pour obtenir Tablette Samsung SM-X526B 10,9&quot; 8 GB RAM 128 GB Bleu d\u00e8s maintenant.\" \/>\n<meta property=\"og:url\" content=\"https:\/\/tupique.com\/pt\/produto\/tablette-samsung-sm-x526b-109-8-gb-ram-128-gb-bleu\/\" \/>\n<meta property=\"og:site_name\" content=\"Tupique\" \/>\n<meta property=\"article:modified_time\" content=\"2026-04-08T17:55:21+00:00\" \/>\n<meta property=\"og:image\" content=\"https:\/\/tupique.com\/wp-content\/uploads\/2026\/04\/8806097202004_M0806046_P00.jpg\" \/>\n\t<meta property=\"og:image:width\" content=\"1200\" \/>\n\t<meta property=\"og:image:height\" content=\"1200\" \/>\n\t<meta property=\"og:image:type\" content=\"image\/jpeg\" \/>\n<meta name=\"twitter:card\" content=\"summary_large_image\" \/>\n<meta name=\"twitter:label1\" content=\"Tempo estimado de leitura\" \/>\n\t<meta name=\"twitter:data1\" content=\"2 minutos\" \/>\n<script type=\"application\/ld+json\" class=\"yoast-schema-graph\">{\"@context\":\"https:\/\/schema.org\",\"@graph\":[{\"@type\":\"WebPage\",\"@id\":\"https:\/\/tupique.com\/produit\/tablette-samsung-sm-x526b-109-8-gb-ram-128-gb-bleu\/\",\"url\":\"https:\/\/tupique.com\/produit\/tablette-samsung-sm-x526b-109-8-gb-ram-128-gb-bleu\/\",\"name\":\"Tablette Samsung SM-X526B 10,9\\\" 8 GB RAM 128 GB Bleu - Tupique\",\"isPartOf\":{\"@id\":\"https:\/\/tupique.com\/#website\"},\"primaryImageOfPage\":{\"@id\":\"https:\/\/tupique.com\/produit\/tablette-samsung-sm-x526b-109-8-gb-ram-128-gb-bleu\/#primaryimage\"},\"image\":{\"@id\":\"https:\/\/tupique.com\/produit\/tablette-samsung-sm-x526b-109-8-gb-ram-128-gb-bleu\/#primaryimage\"},\"thumbnailUrl\":\"https:\/\/tupique.com\/wp-content\/uploads\/2026\/04\/8806097202004_M0806046_P00.jpg\",\"datePublished\":\"2026-04-08T16:59:49+00:00\",\"dateModified\":\"2026-04-08T17:55:21+00:00\",\"description\":\"Vous cherchez Tablette Samsung SM-X526B 10,9\\\" 8 GB RAM 128 GB Bleu ? Achetez des produits chez Tupique. Profitez de la livraison gratuite pour obtenir Tablette Samsung SM-X526B 10,9\\\" 8 GB RAM 128 GB Bleu d\u00e8s maintenant.\",\"breadcrumb\":{\"@id\":\"https:\/\/tupique.com\/produit\/tablette-samsung-sm-x526b-109-8-gb-ram-128-gb-bleu\/#breadcrumb\"},\"inLanguage\":\"pt-PT\",\"potentialAction\":[{\"@type\":\"ReadAction\",\"target\":[\"https:\/\/tupique.com\/produit\/tablette-samsung-sm-x526b-109-8-gb-ram-128-gb-bleu\/\"]}]},{\"@type\":\"ImageObject\",\"inLanguage\":\"pt-PT\",\"@id\":\"https:\/\/tupique.com\/produit\/tablette-samsung-sm-x526b-109-8-gb-ram-128-gb-bleu\/#primaryimage\",\"url\":\"https:\/\/tupique.com\/wp-content\/uploads\/2026\/04\/8806097202004_M0806046_P00.jpg\",\"contentUrl\":\"https:\/\/tupique.com\/wp-content\/uploads\/2026\/04\/8806097202004_M0806046_P00.jpg\",\"width\":1200,\"height\":1200,\"caption\":\"S8111271_0\"},{\"@type\":\"BreadcrumbList\",\"@id\":\"https:\/\/tupique.com\/produit\/tablette-samsung-sm-x526b-109-8-gb-ram-128-gb-bleu\/#breadcrumb\",\"itemListElement\":[{\"@type\":\"ListItem\",\"position\":1,\"name\":\"In\u00edcio\",\"item\":\"https:\/\/tupique.com\/\"},{\"@type\":\"ListItem\",\"position\":2,\"name\":\"Boutique\",\"item\":\"https:\/\/tupique.com\/en\/boutique\/\"},{\"@type\":\"ListItem\",\"position\":3,\"name\":\"Tablette Samsung SM-X526B 10,9&#8243; 8 GB RAM 128 GB Bleu\"}]},{\"@type\":\"WebSite\",\"@id\":\"https:\/\/tupique.com\/#website\",\"url\":\"https:\/\/tupique.com\/\",\"name\":\"Tupique\",\"description\":\"Marketplace\",\"publisher\":{\"@id\":\"https:\/\/tupique.com\/#organization\"},\"potentialAction\":[{\"@type\":\"SearchAction\",\"target\":{\"@type\":\"EntryPoint\",\"urlTemplate\":\"https:\/\/tupique.com\/?s={search_term_string}\"},\"query-input\":{\"@type\":\"PropertyValueSpecification\",\"valueRequired\":true,\"valueName\":\"search_term_string\"}}],\"inLanguage\":\"pt-PT\"},{\"@type\":\"Organization\",\"@id\":\"https:\/\/tupique.com\/#organization\",\"name\":\"Tupique\",\"url\":\"https:\/\/tupique.com\/\",\"logo\":{\"@type\":\"ImageObject\",\"inLanguage\":\"pt-PT\",\"@id\":\"https:\/\/tupique.com\/#\/schema\/logo\/image\/\",\"url\":\"https:\/\/tupique.com\/wp-content\/uploads\/2024\/09\/logo.png\",\"contentUrl\":\"https:\/\/tupique.com\/wp-content\/uploads\/2024\/09\/logo.png\",\"width\":1118,\"height\":310,\"caption\":\"Tupique\"},\"image\":{\"@id\":\"https:\/\/tupique.com\/#\/schema\/logo\/image\/\"}}]}<\/script>\n<!-- \/ Yoast SEO plugin. -->","yoast_head_json":{"title":"Tablette Samsung SM-X526B 10,9\" 8 GB RAM 128 GB Bleu - Tupique","description":"Vous cherchez Tablette Samsung SM-X526B 10,9\" 8 GB RAM 128 GB Bleu ? Achetez des produits chez Tupique. Profitez de la livraison gratuite pour obtenir Tablette Samsung SM-X526B 10,9\" 8 GB RAM 128 GB Bleu d\u00e8s maintenant.","robots":{"index":"index","follow":"follow","max-snippet":"max-snippet:-1","max-image-preview":"max-image-preview:large","max-video-preview":"max-video-preview:-1"},"canonical":"https:\/\/tupique.com\/pt\/produto\/tablette-samsung-sm-x526b-109-8-gb-ram-128-gb-bleu\/","og_locale":"pt_PT","og_type":"article","og_title":"Tablette Samsung SM-X526B 10,9\" 8 GB RAM 128 GB Bleu - Tupique","og_description":"Vous cherchez Tablette Samsung SM-X526B 10,9\" 8 GB RAM 128 GB Bleu ? Achetez des produits chez Tupique. Profitez de la livraison gratuite pour obtenir Tablette Samsung SM-X526B 10,9\" 8 GB RAM 128 GB Bleu d\u00e8s maintenant.","og_url":"https:\/\/tupique.com\/pt\/produto\/tablette-samsung-sm-x526b-109-8-gb-ram-128-gb-bleu\/","og_site_name":"Tupique","article_modified_time":"2026-04-08T17:55:21+00:00","og_image":[{"width":1200,"height":1200,"url":"https:\/\/tupique.com\/wp-content\/uploads\/2026\/04\/8806097202004_M0806046_P00.jpg","type":"image\/jpeg"}],"twitter_card":"summary_large_image","twitter_misc":{"Tempo estimado de leitura":"2 minutos"},"schema":{"@context":"https:\/\/schema.org","@graph":[{"@type":"WebPage","@id":"https:\/\/tupique.com\/produit\/tablette-samsung-sm-x526b-109-8-gb-ram-128-gb-bleu\/","url":"https:\/\/tupique.com\/produit\/tablette-samsung-sm-x526b-109-8-gb-ram-128-gb-bleu\/","name":"Tablette Samsung SM-X526B 10,9\" 8 GB RAM 128 GB Bleu - Tupique","isPartOf":{"@id":"https:\/\/tupique.com\/#website"},"primaryImageOfPage":{"@id":"https:\/\/tupique.com\/produit\/tablette-samsung-sm-x526b-109-8-gb-ram-128-gb-bleu\/#primaryimage"},"image":{"@id":"https:\/\/tupique.com\/produit\/tablette-samsung-sm-x526b-109-8-gb-ram-128-gb-bleu\/#primaryimage"},"thumbnailUrl":"https:\/\/tupique.com\/wp-content\/uploads\/2026\/04\/8806097202004_M0806046_P00.jpg","datePublished":"2026-04-08T16:59:49+00:00","dateModified":"2026-04-08T17:55:21+00:00","description":"Vous cherchez Tablette Samsung SM-X526B 10,9\" 8 GB RAM 128 GB Bleu ? Achetez des produits chez Tupique. Profitez de la livraison gratuite pour obtenir Tablette Samsung SM-X526B 10,9\" 8 GB RAM 128 GB Bleu d\u00e8s maintenant.","breadcrumb":{"@id":"https:\/\/tupique.com\/produit\/tablette-samsung-sm-x526b-109-8-gb-ram-128-gb-bleu\/#breadcrumb"},"inLanguage":"pt-PT","potentialAction":[{"@type":"ReadAction","target":["https:\/\/tupique.com\/produit\/tablette-samsung-sm-x526b-109-8-gb-ram-128-gb-bleu\/"]}]},{"@type":"ImageObject","inLanguage":"pt-PT","@id":"https:\/\/tupique.com\/produit\/tablette-samsung-sm-x526b-109-8-gb-ram-128-gb-bleu\/#primaryimage","url":"https:\/\/tupique.com\/wp-content\/uploads\/2026\/04\/8806097202004_M0806046_P00.jpg","contentUrl":"https:\/\/tupique.com\/wp-content\/uploads\/2026\/04\/8806097202004_M0806046_P00.jpg","width":1200,"height":1200,"caption":"S8111271_0"},{"@type":"BreadcrumbList","@id":"https:\/\/tupique.com\/produit\/tablette-samsung-sm-x526b-109-8-gb-ram-128-gb-bleu\/#breadcrumb","itemListElement":[{"@type":"ListItem","position":1,"name":"In\u00edcio","item":"https:\/\/tupique.com\/"},{"@type":"ListItem","position":2,"name":"Boutique","item":"https:\/\/tupique.com\/en\/boutique\/"},{"@type":"ListItem","position":3,"name":"Tablette Samsung SM-X526B 10,9&#8243; 8 GB RAM 128 GB Bleu"}]},{"@type":"WebSite","@id":"https:\/\/tupique.com\/#website","url":"https:\/\/tupique.com\/","name":"Tupique","description":"Marketplace","publisher":{"@id":"https:\/\/tupique.com\/#organization"},"potentialAction":[{"@type":"SearchAction","target":{"@type":"EntryPoint","urlTemplate":"https:\/\/tupique.com\/?s={search_term_string}"},"query-input":{"@type":"PropertyValueSpecification","valueRequired":true,"valueName":"search_term_string"}}],"inLanguage":"pt-PT"},{"@type":"Organization","@id":"https:\/\/tupique.com\/#organization","name":"Tupique","url":"https:\/\/tupique.com\/","logo":{"@type":"ImageObject","inLanguage":"pt-PT","@id":"https:\/\/tupique.com\/#\/schema\/logo\/image\/","url":"https:\/\/tupique.com\/wp-content\/uploads\/2024\/09\/logo.png","contentUrl":"https:\/\/tupique.com\/wp-content\/uploads\/2024\/09\/logo.png","width":1118,"height":310,"caption":"Tupique"},"image":{"@id":"https:\/\/tupique.com\/#\/schema\/logo\/image\/"}}]}},"jetpack_sharing_enabled":true,"_links":{"self":[{"href":"https:\/\/tupique.com\/pt\/wp-json\/wp\/v2\/product\/4384040","targetHints":{"allow":["GET"]}}],"collection":[{"href":"https:\/\/tupique.com\/pt\/wp-json\/wp\/v2\/product"}],"about":[{"href":"https:\/\/tupique.com\/pt\/wp-json\/wp\/v2\/types\/product"}],"replies":[{"embeddable":true,"href":"https:\/\/tupique.com\/pt\/wp-json\/wp\/v2\/comments?post=4384040"}],"wp:featuredmedia":[{"embeddable":true,"href":"https:\/\/tupique.com\/pt\/wp-json\/wp\/v2\/media\/4384033"}],"wp:attachment":[{"href":"https:\/\/tupique.com\/pt\/wp-json\/wp\/v2\/media?parent=4384040"}],"wp:term":[{"taxonomy":"product_brand","embeddable":true,"href":"https:\/\/tupique.com\/pt\/wp-json\/wp\/v2\/product_brand?post=4384040"},{"taxonomy":"product_cat","embeddable":true,"href":"https:\/\/tupique.com\/pt\/wp-json\/wp\/v2\/product_cat?post=4384040"},{"taxonomy":"product_tag","embeddable":true,"href":"https:\/\/tupique.com\/pt\/wp-json\/wp\/v2\/product_tag?post=4384040"}],"curies":[{"name":"wp","href":"https:\/\/api.w.org\/{rel}","templated":true}]}}