{"id":4384093,"date":"2026-04-08T18:01:12","date_gmt":"2026-04-08T17:01:12","guid":{"rendered":"https:\/\/tupique.com\/produit\/smartphone-samsung-sm-f766b-69-octa-core-12-gb-ram-256-gb-noir\/"},"modified":"2026-04-08T18:55:32","modified_gmt":"2026-04-08T17:55:32","slug":"smartphone-samsung-sm-f766b-69-octa-core-12-gb-ram-256-gb-noir","status":"publish","type":"product","link":"https:\/\/tupique.com\/pt\/produto\/smartphone-samsung-sm-f766b-69-octa-core-12-gb-ram-256-gb-noir\/","title":{"rendered":"Smartphone Samsung SM-F766B 6,9&#8243; Octa Core 12 GB RAM 256 GB Noir"},"content":{"rendered":"<p>Se \u00e9 apaixonado por\u2019<b>inform\u00e1tica e eletr\u00f3nica<\/b>, Se est\u00e1 na vanguarda da tecnologia e n\u00e3o quer perder nada, compre <b>Smartphone Samsung SM-F766B 6,9&#8243; Octa Core 12 GB RAM 256 GB Noir<\/b> ao melhor pre\u00e7o.<\/p>\n<p>Le <b>Galaxy Z Flip7<\/b> de Samsung est un <b>smartphone<\/b> pliable qui int\u00e8gre les derni\u00e8res innovations en mati\u00e8re de design pour ceux qui recherchent la polyvalence sans compromis sur la puissance. Pr\u00e9sent\u00e9 dans un \u00e9l\u00e9gant <b>coloris noir<\/b>, cet appareil dispose de jusqu\u2019\u00e0 <b>12 Go de RAM<\/b>, permettant d\u2019ex\u00e9cuter facilement plusieurs applications exigeantes et de maintenir des performances \u00e9lev\u00e9es m\u00eame en multit\u00e2che avanc\u00e9. Sa caract\u00e9ristique la plus marquante est l\u2019<b>\u00e9cran principal de 6,9 pouces<\/b> qui, gr\u00e2ce \u00e0 son design flexible, peut \u00eatre divis\u00e9 et adapt\u00e9 \u00e0 une utilisation \u00e9tendue ou compacte, offrant une exp\u00e9rience visuelle immersive id\u00e9ale pour les contenus multim\u00e9dias et les appels vid\u00e9o. Il existe \u00e9galement des versions avec un <b>\u00e9cran de 6,8 pouces<\/b>, r\u00e9pondant \u00e0 diff\u00e9rentes pr\u00e9f\u00e9rences de taille au sein de la m\u00eame gamme. Pour le stockage, il propose des options de <b>128 Go et 256 Go<\/b>, offrant un espace g\u00e9n\u00e9reux pour photos, vid\u00e9os et applications sans souci de capacit\u00e9. C\u00f4t\u00e9 capteurs, on note la pr\u00e9sence d\u2019un <b>bar\u00f3metro<\/b> et d\u2019un <b>capteur de lumi\u00e8re ambiante<\/b>, am\u00e9liorant l\u2019ajustement automatique de l\u2019\u00e9cran et les fonctions li\u00e9es \u00e0 l\u2019environnement. Le syst\u00e8me de <b>mise au point automatique<\/b> garantit des prises de vue nettes et rapides, essentiel pour un appareil ax\u00e9 sur l\u2019image et la cr\u00e9ativit\u00e9 mobile. Il dispose \u00e9galement d\u2019une <b>connectivit\u00e9 GPS<\/b> avanc\u00e9e pour une navigation pr\u00e9cise et d\u2019un <b>Porta USB-C<\/b> facilitant le transfert de donn\u00e9es et une charge efficace. Cette combinaison de technologie de pointe, de conception pliable et de sp\u00e9cifications haut de gamme positionne le Galaxy Z Flip7 comme une solution sophistiqu\u00e9e et fonctionnelle pour ceux qui souhaitent un smartphone distinctif et adaptable \u00e0 toutes les situations.<\/p>\n<ul>\n<li>Diagonal do ecr\u00e3 (cm):\n<ul>\n<li>17,5 cm<\/li>\n<li>17,3 cm<\/li>\n<\/ul>\n<\/li>\n<li>Produto de encaixe: Sim<\/li>\n<li>Tipo: Smartphone<\/li>\n<li>Tipo de tomada: tomada UE<\/li>\n<li>Bloc d\u2019Alimentation: r\u00e9seau \u00e9lectrique<\/li>\n<li>Liga\u00e7\u00f5es:\n<ul>\n<li>USB-C<\/li>\n<li>Dual SIM<\/li>\n<\/ul>\n<\/li>\n<li>C\u00e2mara:\n<ul>\n<li>50 Mp<\/li>\n<li>Dual<\/li>\n<li>12 MP<\/li>\n<li>Frente<\/li>\n<li>10 Mp<\/li>\n<\/ul>\n<\/li>\n<li>Sistema operativo: Android<\/li>\n<li>Ecr\u00e3:\n<ul>\n<li>6,9&#8243;<\/li>\n<li>6,8&#8243;<\/li>\n<li>75&#8243;<\/li>\n<\/ul>\n<\/li>\n<li>Capacit\u00e9 de la batterie: 4300 mAh<\/li>\n<li>Processeur: Octa Core<\/li>\n<li>Mem\u00f3ria RAM: 12 GB de RAM<\/li>\n<li>M\u00e9moire interne:\n<ul>\n<li>256 GB<\/li>\n<li>128 GB<\/li>\n<\/ul>\n<\/li>\n<li>Cor: preto<\/li>\n<li>Carater\u00edsticas:\n<ul>\n<li>GPS<\/li>\n<li>Bar\u00f3metro<\/li>\n<li>Sensor de luz ambiente<\/li>\n<li>Autofocus<\/li>\n<li>Carregamento r\u00e1pido e fi\u00e1vel<\/li>\n<li>Chargeur sans fil<\/li>\n<li>Leitor de impress\u00f5es digitais<\/li>\n<li>Sensor geomagn\u00e9tico<\/li>\n<li>Sensor de proximidade<\/li>\n<\/ul>\n<\/li>\n<li>Zoom Num\u00e9rique: 10x<\/li>\n<li>R\u00e1cio de aspeto: 16:9<\/li>\n<li>Conectividade:\n<ul>\n<li>Wi-Fi<\/li>\n<li>NFC<\/li>\n<li>BeiDou<\/li>\n<li>5G<\/li>\n<li>WCDMA<\/li>\n<li>eSIM<\/li>\n<\/ul>\n<\/li>\n<li>Classifica\u00e7\u00e3o energ\u00e9tica: B<\/li>\n<li>Abertura: F\/1.8<\/li>\n<li>Capteurs:\n<ul>\n<li>Aceler\u00f3metro<\/li>\n<li>Girosc\u00f3pio<\/li>\n<li>Magn\u00e9tom\u00e8tre<\/li>\n<\/ul>\n<\/li>\n<li>Fonctions: ECO<\/li>\n<li>Tecnologia:\n<ul>\n<li>M\u00edmica<\/li>\n<li>Dynamic AMOLED<\/li>\n<li>Glonass<\/li>\n<\/ul>\n<\/li>\n<li>SIM:\n<ul>\n<li>nano SIM<\/li>\n<li>Dual SIM<\/li>\n<\/ul>\n<\/li>\n<li>N\u00e3o inclu\u00eddo: adaptador AC<\/li>\n<li>Fr\u00e9quence: 120 Hz<\/li>\n<li>Inclut: USB Type-C &#8211; USB Type-C<\/li>\n<li>Noyaux: 10 Noyaux<\/li>\n<li>Resolu\u00e7\u00e3o (px): 3840 x 2160 px<\/li>\n<\/ul>","protected":false},"excerpt":{"rendered":"<p>Si vous \u00eates passionn\u00e9 d&#8217;informatique et d&#8217;\u00e9lectronique, si vous \u00eates \u00e0 la pointe de la technologie et qu&#8217;aucun d\u00e9tail ne<\/p>","protected":false},"featured_media":4384084,"comment_status":"open","ping_status":"closed","template":"","meta":{"_joinchat":[]},"product_brand":[157883],"product_cat":[157523,157516,157524],"product_tag":[157514,157522,157515],"class_list":{"0":"post-4384093","1":"product","2":"type-product","3":"status-publish","4":"has-post-thumbnail","6":"product_brand-brandp_576","7":"product_cat-electronique-telephonie-et-tablettes","8":"product_cat-informatique-electronique","9":"product_cat-telephones-portables","10":"product_tag-tag_933","11":"product_tag-tag_547","12":"product_tag-tag_1295","14":"first","15":"instock","16":"taxable","17":"shipping-taxable","18":"purchasable","19":"product-type-simple"},"yoast_head":"<!-- This site is optimized with the Yoast SEO plugin v27.2 - https:\/\/yoast.com\/product\/yoast-seo-wordpress\/ -->\n<title>Smartphone Samsung SM-F766B 6,9&quot; Octa Core 12 GB RAM 256 GB Noir - Tupique<\/title>\n<meta name=\"description\" content=\"Vous cherchez Smartphone Samsung SM-F766B 6,9&quot; Octa Core 12 GB RAM 256 GB Noir ? Achetez des produits chez Tupique. Profitez de la livraison gratuite pour obtenir Smartphone Samsung SM-F766B 6,9&quot; Octa Core 12 GB RAM 256 GB Noir d\u00e8s maintenant.\" \/>\n<meta name=\"robots\" content=\"index, follow, max-snippet:-1, max-image-preview:large, max-video-preview:-1\" \/>\n<link rel=\"canonical\" href=\"https:\/\/tupique.com\/pt\/produto\/smartphone-samsung-sm-f766b-69-octa-core-12-gb-ram-256-gb-noir\/\" \/>\n<meta property=\"og:locale\" content=\"pt_PT\" \/>\n<meta property=\"og:type\" content=\"article\" \/>\n<meta property=\"og:title\" content=\"Smartphone Samsung SM-F766B 6,9&quot; Octa Core 12 GB RAM 256 GB Noir - Tupique\" \/>\n<meta property=\"og:description\" content=\"Vous cherchez Smartphone Samsung SM-F766B 6,9&quot; Octa Core 12 GB RAM 256 GB Noir ? Achetez des produits chez Tupique. Profitez de la livraison gratuite pour obtenir Smartphone Samsung SM-F766B 6,9&quot; Octa Core 12 GB RAM 256 GB Noir d\u00e8s maintenant.\" \/>\n<meta property=\"og:url\" content=\"https:\/\/tupique.com\/pt\/produto\/smartphone-samsung-sm-f766b-69-octa-core-12-gb-ram-256-gb-noir\/\" \/>\n<meta property=\"og:site_name\" content=\"Tupique\" \/>\n<meta property=\"article:modified_time\" content=\"2026-04-08T17:55:32+00:00\" \/>\n<meta property=\"og:image\" content=\"https:\/\/tupique.com\/wp-content\/uploads\/2026\/04\/8806097492153_M0806352_P01.jpg\" \/>\n\t<meta property=\"og:image:width\" content=\"1200\" \/>\n\t<meta property=\"og:image:height\" content=\"1200\" \/>\n\t<meta property=\"og:image:type\" content=\"image\/jpeg\" \/>\n<meta name=\"twitter:card\" content=\"summary_large_image\" \/>\n<meta name=\"twitter:label1\" content=\"Tempo estimado de leitura\" \/>\n\t<meta name=\"twitter:data1\" content=\"2 minutos\" \/>\n<script type=\"application\/ld+json\" class=\"yoast-schema-graph\">{\"@context\":\"https:\/\/schema.org\",\"@graph\":[{\"@type\":\"WebPage\",\"@id\":\"https:\/\/tupique.com\/produit\/smartphone-samsung-sm-f766b-69-octa-core-12-gb-ram-256-gb-noir\/\",\"url\":\"https:\/\/tupique.com\/produit\/smartphone-samsung-sm-f766b-69-octa-core-12-gb-ram-256-gb-noir\/\",\"name\":\"Smartphone Samsung SM-F766B 6,9\\\" Octa Core 12 GB RAM 256 GB Noir - Tupique\",\"isPartOf\":{\"@id\":\"https:\/\/tupique.com\/#website\"},\"primaryImageOfPage\":{\"@id\":\"https:\/\/tupique.com\/produit\/smartphone-samsung-sm-f766b-69-octa-core-12-gb-ram-256-gb-noir\/#primaryimage\"},\"image\":{\"@id\":\"https:\/\/tupique.com\/produit\/smartphone-samsung-sm-f766b-69-octa-core-12-gb-ram-256-gb-noir\/#primaryimage\"},\"thumbnailUrl\":\"https:\/\/tupique.com\/wp-content\/uploads\/2026\/04\/8806097492153_M0806352_P01.jpg\",\"datePublished\":\"2026-04-08T17:01:12+00:00\",\"dateModified\":\"2026-04-08T17:55:32+00:00\",\"description\":\"Vous cherchez Smartphone Samsung SM-F766B 6,9\\\" Octa Core 12 GB RAM 256 GB Noir ? Achetez des produits chez Tupique. Profitez de la livraison gratuite pour obtenir Smartphone Samsung SM-F766B 6,9\\\" Octa Core 12 GB RAM 256 GB Noir d\u00e8s maintenant.\",\"breadcrumb\":{\"@id\":\"https:\/\/tupique.com\/produit\/smartphone-samsung-sm-f766b-69-octa-core-12-gb-ram-256-gb-noir\/#breadcrumb\"},\"inLanguage\":\"pt-PT\",\"potentialAction\":[{\"@type\":\"ReadAction\",\"target\":[\"https:\/\/tupique.com\/produit\/smartphone-samsung-sm-f766b-69-octa-core-12-gb-ram-256-gb-noir\/\"]}]},{\"@type\":\"ImageObject\",\"inLanguage\":\"pt-PT\",\"@id\":\"https:\/\/tupique.com\/produit\/smartphone-samsung-sm-f766b-69-octa-core-12-gb-ram-256-gb-noir\/#primaryimage\",\"url\":\"https:\/\/tupique.com\/wp-content\/uploads\/2026\/04\/8806097492153_M0806352_P01.jpg\",\"contentUrl\":\"https:\/\/tupique.com\/wp-content\/uploads\/2026\/04\/8806097492153_M0806352_P01.jpg\",\"width\":1200,\"height\":1200,\"caption\":\"M0806352_0\"},{\"@type\":\"BreadcrumbList\",\"@id\":\"https:\/\/tupique.com\/produit\/smartphone-samsung-sm-f766b-69-octa-core-12-gb-ram-256-gb-noir\/#breadcrumb\",\"itemListElement\":[{\"@type\":\"ListItem\",\"position\":1,\"name\":\"In\u00edcio\",\"item\":\"https:\/\/tupique.com\/\"},{\"@type\":\"ListItem\",\"position\":2,\"name\":\"Boutique\",\"item\":\"https:\/\/tupique.com\/en\/boutique\/\"},{\"@type\":\"ListItem\",\"position\":3,\"name\":\"Smartphone Samsung SM-F766B 6,9&#8243; Octa Core 12 GB RAM 256 GB Noir\"}]},{\"@type\":\"WebSite\",\"@id\":\"https:\/\/tupique.com\/#website\",\"url\":\"https:\/\/tupique.com\/\",\"name\":\"Tupique\",\"description\":\"Marketplace\",\"publisher\":{\"@id\":\"https:\/\/tupique.com\/#organization\"},\"potentialAction\":[{\"@type\":\"SearchAction\",\"target\":{\"@type\":\"EntryPoint\",\"urlTemplate\":\"https:\/\/tupique.com\/?s={search_term_string}\"},\"query-input\":{\"@type\":\"PropertyValueSpecification\",\"valueRequired\":true,\"valueName\":\"search_term_string\"}}],\"inLanguage\":\"pt-PT\"},{\"@type\":\"Organization\",\"@id\":\"https:\/\/tupique.com\/#organization\",\"name\":\"Tupique\",\"url\":\"https:\/\/tupique.com\/\",\"logo\":{\"@type\":\"ImageObject\",\"inLanguage\":\"pt-PT\",\"@id\":\"https:\/\/tupique.com\/#\/schema\/logo\/image\/\",\"url\":\"https:\/\/tupique.com\/wp-content\/uploads\/2024\/09\/logo.png\",\"contentUrl\":\"https:\/\/tupique.com\/wp-content\/uploads\/2024\/09\/logo.png\",\"width\":1118,\"height\":310,\"caption\":\"Tupique\"},\"image\":{\"@id\":\"https:\/\/tupique.com\/#\/schema\/logo\/image\/\"}}]}<\/script>\n<!-- \/ Yoast SEO plugin. -->","yoast_head_json":{"title":"Smartphone Samsung SM-F766B 6,9\" Octa Core 12 GB RAM 256 GB Noir - Tupique","description":"Vous cherchez Smartphone Samsung SM-F766B 6,9\" Octa Core 12 GB RAM 256 GB Noir ? Achetez des produits chez Tupique. Profitez de la livraison gratuite pour obtenir Smartphone Samsung SM-F766B 6,9\" Octa Core 12 GB RAM 256 GB Noir d\u00e8s maintenant.","robots":{"index":"index","follow":"follow","max-snippet":"max-snippet:-1","max-image-preview":"max-image-preview:large","max-video-preview":"max-video-preview:-1"},"canonical":"https:\/\/tupique.com\/pt\/produto\/smartphone-samsung-sm-f766b-69-octa-core-12-gb-ram-256-gb-noir\/","og_locale":"pt_PT","og_type":"article","og_title":"Smartphone Samsung SM-F766B 6,9\" Octa Core 12 GB RAM 256 GB Noir - Tupique","og_description":"Vous cherchez Smartphone Samsung SM-F766B 6,9\" Octa Core 12 GB RAM 256 GB Noir ? Achetez des produits chez Tupique. Profitez de la livraison gratuite pour obtenir Smartphone Samsung SM-F766B 6,9\" Octa Core 12 GB RAM 256 GB Noir d\u00e8s maintenant.","og_url":"https:\/\/tupique.com\/pt\/produto\/smartphone-samsung-sm-f766b-69-octa-core-12-gb-ram-256-gb-noir\/","og_site_name":"Tupique","article_modified_time":"2026-04-08T17:55:32+00:00","og_image":[{"width":1200,"height":1200,"url":"https:\/\/tupique.com\/wp-content\/uploads\/2026\/04\/8806097492153_M0806352_P01.jpg","type":"image\/jpeg"}],"twitter_card":"summary_large_image","twitter_misc":{"Tempo estimado de leitura":"2 minutos"},"schema":{"@context":"https:\/\/schema.org","@graph":[{"@type":"WebPage","@id":"https:\/\/tupique.com\/produit\/smartphone-samsung-sm-f766b-69-octa-core-12-gb-ram-256-gb-noir\/","url":"https:\/\/tupique.com\/produit\/smartphone-samsung-sm-f766b-69-octa-core-12-gb-ram-256-gb-noir\/","name":"Smartphone Samsung SM-F766B 6,9\" Octa Core 12 GB RAM 256 GB Noir - Tupique","isPartOf":{"@id":"https:\/\/tupique.com\/#website"},"primaryImageOfPage":{"@id":"https:\/\/tupique.com\/produit\/smartphone-samsung-sm-f766b-69-octa-core-12-gb-ram-256-gb-noir\/#primaryimage"},"image":{"@id":"https:\/\/tupique.com\/produit\/smartphone-samsung-sm-f766b-69-octa-core-12-gb-ram-256-gb-noir\/#primaryimage"},"thumbnailUrl":"https:\/\/tupique.com\/wp-content\/uploads\/2026\/04\/8806097492153_M0806352_P01.jpg","datePublished":"2026-04-08T17:01:12+00:00","dateModified":"2026-04-08T17:55:32+00:00","description":"Vous cherchez Smartphone Samsung SM-F766B 6,9\" Octa Core 12 GB RAM 256 GB Noir ? Achetez des produits chez Tupique. Profitez de la livraison gratuite pour obtenir Smartphone Samsung SM-F766B 6,9\" Octa Core 12 GB RAM 256 GB Noir d\u00e8s maintenant.","breadcrumb":{"@id":"https:\/\/tupique.com\/produit\/smartphone-samsung-sm-f766b-69-octa-core-12-gb-ram-256-gb-noir\/#breadcrumb"},"inLanguage":"pt-PT","potentialAction":[{"@type":"ReadAction","target":["https:\/\/tupique.com\/produit\/smartphone-samsung-sm-f766b-69-octa-core-12-gb-ram-256-gb-noir\/"]}]},{"@type":"ImageObject","inLanguage":"pt-PT","@id":"https:\/\/tupique.com\/produit\/smartphone-samsung-sm-f766b-69-octa-core-12-gb-ram-256-gb-noir\/#primaryimage","url":"https:\/\/tupique.com\/wp-content\/uploads\/2026\/04\/8806097492153_M0806352_P01.jpg","contentUrl":"https:\/\/tupique.com\/wp-content\/uploads\/2026\/04\/8806097492153_M0806352_P01.jpg","width":1200,"height":1200,"caption":"M0806352_0"},{"@type":"BreadcrumbList","@id":"https:\/\/tupique.com\/produit\/smartphone-samsung-sm-f766b-69-octa-core-12-gb-ram-256-gb-noir\/#breadcrumb","itemListElement":[{"@type":"ListItem","position":1,"name":"In\u00edcio","item":"https:\/\/tupique.com\/"},{"@type":"ListItem","position":2,"name":"Boutique","item":"https:\/\/tupique.com\/en\/boutique\/"},{"@type":"ListItem","position":3,"name":"Smartphone Samsung SM-F766B 6,9&#8243; Octa Core 12 GB RAM 256 GB Noir"}]},{"@type":"WebSite","@id":"https:\/\/tupique.com\/#website","url":"https:\/\/tupique.com\/","name":"Tupique","description":"Marketplace","publisher":{"@id":"https:\/\/tupique.com\/#organization"},"potentialAction":[{"@type":"SearchAction","target":{"@type":"EntryPoint","urlTemplate":"https:\/\/tupique.com\/?s={search_term_string}"},"query-input":{"@type":"PropertyValueSpecification","valueRequired":true,"valueName":"search_term_string"}}],"inLanguage":"pt-PT"},{"@type":"Organization","@id":"https:\/\/tupique.com\/#organization","name":"Tupique","url":"https:\/\/tupique.com\/","logo":{"@type":"ImageObject","inLanguage":"pt-PT","@id":"https:\/\/tupique.com\/#\/schema\/logo\/image\/","url":"https:\/\/tupique.com\/wp-content\/uploads\/2024\/09\/logo.png","contentUrl":"https:\/\/tupique.com\/wp-content\/uploads\/2024\/09\/logo.png","width":1118,"height":310,"caption":"Tupique"},"image":{"@id":"https:\/\/tupique.com\/#\/schema\/logo\/image\/"}}]}},"jetpack_sharing_enabled":true,"_links":{"self":[{"href":"https:\/\/tupique.com\/pt\/wp-json\/wp\/v2\/product\/4384093","targetHints":{"allow":["GET"]}}],"collection":[{"href":"https:\/\/tupique.com\/pt\/wp-json\/wp\/v2\/product"}],"about":[{"href":"https:\/\/tupique.com\/pt\/wp-json\/wp\/v2\/types\/product"}],"replies":[{"embeddable":true,"href":"https:\/\/tupique.com\/pt\/wp-json\/wp\/v2\/comments?post=4384093"}],"wp:featuredmedia":[{"embeddable":true,"href":"https:\/\/tupique.com\/pt\/wp-json\/wp\/v2\/media\/4384084"}],"wp:attachment":[{"href":"https:\/\/tupique.com\/pt\/wp-json\/wp\/v2\/media?parent=4384093"}],"wp:term":[{"taxonomy":"product_brand","embeddable":true,"href":"https:\/\/tupique.com\/pt\/wp-json\/wp\/v2\/product_brand?post=4384093"},{"taxonomy":"product_cat","embeddable":true,"href":"https:\/\/tupique.com\/pt\/wp-json\/wp\/v2\/product_cat?post=4384093"},{"taxonomy":"product_tag","embeddable":true,"href":"https:\/\/tupique.com\/pt\/wp-json\/wp\/v2\/product_tag?post=4384093"}],"curies":[{"name":"wp","href":"https:\/\/api.w.org\/{rel}","templated":true}]}}