{"id":4384261,"date":"2026-04-08T18:57:24","date_gmt":"2026-04-08T17:57:24","guid":{"rendered":"https:\/\/tupique.com\/produit\/ordinateur-portable-hp-zbook-8-g1i-16-u9-285h-16-8-gb-ram-1-tb-ssd\/"},"modified":"2026-04-08T18:57:24","modified_gmt":"2026-04-08T17:57:24","slug":"ordinateur-portable-hp-zbook-8-g1i-16-u9-285h-16-8-gb-ram-1-tb-ssd","status":"publish","type":"product","link":"https:\/\/tupique.com\/pt\/produto\/ordinateur-portable-hp-zbook-8-g1i-16-u9-285h-16-8-gb-ram-1-tb-ssd\/","title":{"rendered":"Ordinateur Portable HP ZBOOK 8 G1I 16 U9-285H 16&#8243; 8 GB RAM 1 TB SSD"},"content":{"rendered":"<p>Se \u00e9 apaixonado por\u2019<b>inform\u00e1tica e eletr\u00f3nica<\/b>, Se est\u00e1 na vanguarda da tecnologia e n\u00e3o quer perder nada, compre <b>Ordinateur Portable HP ZBOOK 8 G1I 16 U9-285H 16&#8243; 8 GB RAM 1 TB SSD<\/b> ao melhor pre\u00e7o.<\/p>\n<p>Le <b>HP ZBOOK 8 G1I 16 U9-285H<\/b> \u00e9 um <b>laptop<\/b> professionnel con\u00e7u pour les utilisateurs exigeant des performances \u00e9lev\u00e9es et une grande fiabilit\u00e9 dans des environnements intensifs, int\u00e9grant un <b>processeur Intel Core Ultra 9 285H<\/b> qui offre la puissance n\u00e9cessaire pour les t\u00e2ches de conception, d\u2019\u00e9dition et de mod\u00e9lisation 3D, ainsi que pour g\u00e9rer des applications professionnelles d\u2019intelligence artificielle et des projets de data science. Son <b>\u00e9cran 16&#8243;<\/b> avec r\u00e9solution WUXGA (1920 x 1200 pixels) et compatibilit\u00e9 SRGB assure une reproduction fid\u00e8le des couleurs, id\u00e9al pour les travaux graphiques et la visualisation d\u00e9taill\u00e9e. Ce mod\u00e8le dispose d\u2019un <b>SSD de 1 To<\/b> pour un transfert de donn\u00e9es rapide et un espace g\u00e9n\u00e9reux pour les fichiers volumineux, tandis que ses <b>8 Go de RAM DDR5<\/b> garantissent un multit\u00e2che fluide pour une productivit\u00e9 optimale. Le design argent\u00e9 offre une allure \u00e9l\u00e9gante et moderne, et l\u2019appareil reste facile \u00e0 transporter, optimisant la mobilit\u00e9 pour le travail au bureau ou en d\u00e9placement. Parmi ses fonctionnalit\u00e9s int\u00e9gr\u00e9es, on retrouve un <b>clavier complet avec pav\u00e9 num\u00e9rique<\/b>, <b>ecr\u00e3 t\u00e1til<\/b> pour une meilleure interactivit\u00e9, <b>haut-parleurs et microphone int\u00e9gr\u00e9s<\/b> ainsi qu\u2019une <b>c\u00e2mara frontal<\/b>, facilitant les r\u00e9unions virtuelles et la productivit\u00e9 \u00e0 distance. Il est \u00e9quip\u00e9 du syst\u00e8me d\u2019exploitation <b>Windows 11 Pro<\/b>, offrant des outils de s\u00e9curit\u00e9 et de gestion adapt\u00e9s \u00e0 l\u2019environnement professionnel, et des graphiques int\u00e9gr\u00e9s Intel Arc 140T qui prennent en charge l\u2019\u00e9dition et la visualisation de contenus multim\u00e9dias avec aisance. Cet ordinateur portable fait partie de la s\u00e9rie ZBook de HP, reconnue pour sa robustesse et sa fiabilit\u00e9, et s\u2019impose comme un choix privil\u00e9gi\u00e9 pour les professionnels techniques et cr\u00e9atifs recherchant performance, fiabilit\u00e9 et polyvalence dans un seul appareil.<\/p>\n<ul>\n<li>Tipo:\n<ul>\n<li>Clavier num\u00e9rique<\/li>\n<li>Clavier complet<\/li>\n<\/ul>\n<\/li>\n<li>Carater\u00edsticas:\n<ul>\n<li>Altifalantes integrados<\/li>\n<li>C\u00e2mara frontal<\/li>\n<li>Ecr\u00e3 t\u00e1til<\/li>\n<li>Microfone incorporado<\/li>\n<li>Retroiluminado<\/li>\n<li>2 altifalantes<\/li>\n<li>Leitor de impress\u00f5es digitais<\/li>\n<li>Prote\u00e7\u00e3o de dados\/palavra-passe<\/li>\n<li>Adaptateur graphique int\u00e9gr\u00e9<\/li>\n<\/ul>\n<\/li>\n<li>Liga\u00e7\u00f5es:\n<ul>\n<li>HDMI<\/li>\n<li>RJ45<\/li>\n<li>LAN Ethernet<\/li>\n<li>USB 3.2<\/li>\n<li>HDMI 2.1 x 1<\/li>\n<li>USB-C 3.2 x 1<\/li>\n<li>Thunderbolt 4 x 2<\/li>\n<li>C\u00e2ble jack 3,3 mm<\/li>\n<\/ul>\n<\/li>\n<li>Type de m\u00e9moire:\n<ul>\n<li>DDR5 SDRAM<\/li>\n<li>GDDR6<\/li>\n<\/ul>\n<\/li>\n<li>Rapport d&#8217;aspect: 16:10<\/li>\n<li>Conectividade:\n<ul>\n<li>Bluetooth<\/li>\n<li>Wi-Fi<\/li>\n<\/ul>\n<\/li>\n<li>Mem\u00f3ria interna: 64 GB<\/li>\n<li>Profondeur: 25 cm<\/li>\n<li>Technologie: LED<\/li>\n<li>Cor:\n<ul>\n<li>Prata<\/li>\n<li>sRGB<\/li>\n<\/ul>\n<\/li>\n<li>Fonte de alimenta\u00e7\u00e3o: USB<\/li>\n<li>Disque dur: 1 TB SSD<\/li>\n<li>Mem\u00f3ria RAM: 8 GB de RAM<\/li>\n<li>Compatible: PCI Express<\/li>\n<li>Fr\u00e9quence: 50 &#8211; 60 Hz<\/li>\n<li>puissance: 140 W<\/li>\n<li>Cam\u00e9ra\/Appareil Photo: 5 Mp<\/li>\n<li>R\u00e9solution: WUXGA<\/li>\n<li>Tens\u00e3o: 100 - 240 V<\/li>\n<li>Non Inclus:\n<ul>\n<li>Type d&#8217;unit\u00e9 optique<\/li>\n<li>Liga\u00e7\u00e3o \u00e0 rede m\u00f3vel<\/li>\n<\/ul>\n<\/li>\n<li>vitesse:\n<ul>\n<li>10\/100\/1000 Mbps<\/li>\n<li>5,4 GHz<\/li>\n<\/ul>\n<\/li>\n<li>Flux lumineux: 300 Lm<\/li>\n<li>Facteur de forme: SO-DIMM<\/li>\n<li>Chipset: Intel SoC<\/li>\n<li>Ecran: 16&#8243;<\/li>\n<li>Inclui:\n<ul>\n<li>Teclado<\/li>\n<li>SSD x 1<\/li>\n<\/ul>\n<\/li>\n<li>Type de stockage: SSD<\/li>\n<li>Tipo de bateria: i\u00f5es de l\u00edtio<\/li>\n<li>Sistema operativo: Windows 11 Pro<\/li>\n<li>N\u00facleos: 16 n\u00facleos<\/li>\n<li>Fam\u00edlia de processadores: Intel<\/li>\n<li>Resolu\u00e7\u00e3o (px): 1920 x 1200 px<\/li>\n<li>Diagonale de l&#8217;\u00e9cran (cm): 40,6 cm<\/li>\n<li>M\u00e9moire RAM maximale: 64 GB<\/li>\n<li>Temps de charge approx.: 30 minutes<\/li>\n<\/ul>","protected":false},"excerpt":{"rendered":"<p>Si vous \u00eates passionn\u00e9 d&#8217;informatique et d&#8217;\u00e9lectronique, si vous \u00eates \u00e0 la pointe de la technologie et qu&#8217;aucun d\u00e9tail ne<\/p>","protected":false},"featured_media":4384240,"comment_status":"open","ping_status":"closed","template":"","meta":{"_joinchat":[]},"product_brand":[158040],"product_cat":[157516,157583,155043],"product_tag":[157514,157515],"class_list":{"0":"post-4384261","1":"product","2":"type-product","3":"status-publish","4":"has-post-thumbnail","6":"product_brand-brandp_909","7":"product_cat-informatique-electronique","8":"product_cat-informatique-ordinateurs","9":"product_cat-notebooks","10":"product_tag-tag_933","11":"product_tag-tag_1295","13":"first","14":"instock","15":"taxable","16":"shipping-taxable","17":"purchasable","18":"product-type-simple"},"yoast_head":"<!-- This site is optimized with the Yoast SEO plugin v27.2 - https:\/\/yoast.com\/product\/yoast-seo-wordpress\/ -->\n<title>Ordinateur Portable HP ZBOOK 8 G1I 16 U9-285H 16&quot; 8 GB RAM 1 TB SSD - Tupique<\/title>\n<meta name=\"description\" content=\"Vous cherchez Ordinateur Portable HP ZBOOK 8 G1I 16 U9-285H 16&quot; 8 GB RAM 1 TB SSD ? Achetez des produits chez Tupique. Profitez de la livraison gratuite pour obtenir Ordinateur Portable HP ZBOOK 8 G1I 16 U9-285H 16&quot; 8 GB RAM 1 TB SSD d\u00e8s maintenant.\" \/>\n<meta name=\"robots\" content=\"index, follow, max-snippet:-1, max-image-preview:large, max-video-preview:-1\" \/>\n<link rel=\"canonical\" href=\"https:\/\/tupique.com\/pt\/produto\/ordinateur-portable-hp-zbook-8-g1i-16-u9-285h-16-8-gb-ram-1-tb-ssd\/\" \/>\n<meta property=\"og:locale\" content=\"pt_PT\" \/>\n<meta property=\"og:type\" content=\"article\" \/>\n<meta property=\"og:title\" content=\"Ordinateur Portable HP ZBOOK 8 G1I 16 U9-285H 16&quot; 8 GB RAM 1 TB SSD - Tupique\" \/>\n<meta property=\"og:description\" content=\"Vous cherchez Ordinateur Portable HP ZBOOK 8 G1I 16 U9-285H 16&quot; 8 GB RAM 1 TB SSD ? Achetez des produits chez Tupique. Profitez de la livraison gratuite pour obtenir Ordinateur Portable HP ZBOOK 8 G1I 16 U9-285H 16&quot; 8 GB RAM 1 TB SSD d\u00e8s maintenant.\" \/>\n<meta property=\"og:url\" content=\"https:\/\/tupique.com\/pt\/produto\/ordinateur-portable-hp-zbook-8-g1i-16-u9-285h-16-8-gb-ram-1-tb-ssd\/\" \/>\n<meta property=\"og:site_name\" content=\"Tupique\" \/>\n<meta name=\"twitter:card\" content=\"summary_large_image\" \/>\n<meta name=\"twitter:label1\" content=\"Tempo estimado de leitura\" \/>\n\t<meta name=\"twitter:data1\" content=\"2 minutos\" \/>\n<script type=\"application\/ld+json\" class=\"yoast-schema-graph\">{\"@context\":\"https:\/\/schema.org\",\"@graph\":[{\"@type\":\"WebPage\",\"@id\":\"https:\/\/tupique.com\/produit\/ordinateur-portable-hp-zbook-8-g1i-16-u9-285h-16-8-gb-ram-1-tb-ssd\/\",\"url\":\"https:\/\/tupique.com\/produit\/ordinateur-portable-hp-zbook-8-g1i-16-u9-285h-16-8-gb-ram-1-tb-ssd\/\",\"name\":\"Ordinateur Portable HP ZBOOK 8 G1I 16 U9-285H 16\\\" 8 GB RAM 1 TB SSD - Tupique\",\"isPartOf\":{\"@id\":\"https:\/\/tupique.com\/#website\"},\"primaryImageOfPage\":{\"@id\":\"https:\/\/tupique.com\/produit\/ordinateur-portable-hp-zbook-8-g1i-16-u9-285h-16-8-gb-ram-1-tb-ssd\/#primaryimage\"},\"image\":{\"@id\":\"https:\/\/tupique.com\/produit\/ordinateur-portable-hp-zbook-8-g1i-16-u9-285h-16-8-gb-ram-1-tb-ssd\/#primaryimage\"},\"thumbnailUrl\":\"https:\/\/tupique.com\/wp-content\/uploads\/2026\/04\/1060589200.jpg\",\"datePublished\":\"2026-04-08T17:57:24+00:00\",\"description\":\"Vous cherchez Ordinateur Portable HP ZBOOK 8 G1I 16 U9-285H 16\\\" 8 GB RAM 1 TB SSD ? Achetez des produits chez Tupique. Profitez de la livraison gratuite pour obtenir Ordinateur Portable HP ZBOOK 8 G1I 16 U9-285H 16\\\" 8 GB RAM 1 TB SSD d\u00e8s maintenant.\",\"breadcrumb\":{\"@id\":\"https:\/\/tupique.com\/produit\/ordinateur-portable-hp-zbook-8-g1i-16-u9-285h-16-8-gb-ram-1-tb-ssd\/#breadcrumb\"},\"inLanguage\":\"pt-PT\",\"potentialAction\":[{\"@type\":\"ReadAction\",\"target\":[\"https:\/\/tupique.com\/produit\/ordinateur-portable-hp-zbook-8-g1i-16-u9-285h-16-8-gb-ram-1-tb-ssd\/\"]}]},{\"@type\":\"ImageObject\",\"inLanguage\":\"pt-PT\",\"@id\":\"https:\/\/tupique.com\/produit\/ordinateur-portable-hp-zbook-8-g1i-16-u9-285h-16-8-gb-ram-1-tb-ssd\/#primaryimage\",\"url\":\"https:\/\/tupique.com\/wp-content\/uploads\/2026\/04\/1060589200.jpg\",\"contentUrl\":\"https:\/\/tupique.com\/wp-content\/uploads\/2026\/04\/1060589200.jpg\",\"width\":1200,\"height\":1200,\"caption\":\"S55303581_0\"},{\"@type\":\"BreadcrumbList\",\"@id\":\"https:\/\/tupique.com\/produit\/ordinateur-portable-hp-zbook-8-g1i-16-u9-285h-16-8-gb-ram-1-tb-ssd\/#breadcrumb\",\"itemListElement\":[{\"@type\":\"ListItem\",\"position\":1,\"name\":\"In\u00edcio\",\"item\":\"https:\/\/tupique.com\/\"},{\"@type\":\"ListItem\",\"position\":2,\"name\":\"Boutique\",\"item\":\"https:\/\/tupique.com\/en\/boutique\/\"},{\"@type\":\"ListItem\",\"position\":3,\"name\":\"Ordinateur Portable HP ZBOOK 8 G1I 16 U9-285H 16&#8243; 8 GB RAM 1 TB SSD\"}]},{\"@type\":\"WebSite\",\"@id\":\"https:\/\/tupique.com\/#website\",\"url\":\"https:\/\/tupique.com\/\",\"name\":\"Tupique\",\"description\":\"Marketplace\",\"publisher\":{\"@id\":\"https:\/\/tupique.com\/#organization\"},\"potentialAction\":[{\"@type\":\"SearchAction\",\"target\":{\"@type\":\"EntryPoint\",\"urlTemplate\":\"https:\/\/tupique.com\/?s={search_term_string}\"},\"query-input\":{\"@type\":\"PropertyValueSpecification\",\"valueRequired\":true,\"valueName\":\"search_term_string\"}}],\"inLanguage\":\"pt-PT\"},{\"@type\":\"Organization\",\"@id\":\"https:\/\/tupique.com\/#organization\",\"name\":\"Tupique\",\"url\":\"https:\/\/tupique.com\/\",\"logo\":{\"@type\":\"ImageObject\",\"inLanguage\":\"pt-PT\",\"@id\":\"https:\/\/tupique.com\/#\/schema\/logo\/image\/\",\"url\":\"https:\/\/tupique.com\/wp-content\/uploads\/2024\/09\/logo.png\",\"contentUrl\":\"https:\/\/tupique.com\/wp-content\/uploads\/2024\/09\/logo.png\",\"width\":1118,\"height\":310,\"caption\":\"Tupique\"},\"image\":{\"@id\":\"https:\/\/tupique.com\/#\/schema\/logo\/image\/\"}}]}<\/script>\n<!-- \/ Yoast SEO plugin. -->","yoast_head_json":{"title":"Ordinateur Portable HP ZBOOK 8 G1I 16 U9-285H 16\" 8 GB RAM 1 TB SSD - Tupique","description":"Vous cherchez Ordinateur Portable HP ZBOOK 8 G1I 16 U9-285H 16\" 8 GB RAM 1 TB SSD ? Achetez des produits chez Tupique. Profitez de la livraison gratuite pour obtenir Ordinateur Portable HP ZBOOK 8 G1I 16 U9-285H 16\" 8 GB RAM 1 TB SSD d\u00e8s maintenant.","robots":{"index":"index","follow":"follow","max-snippet":"max-snippet:-1","max-image-preview":"max-image-preview:large","max-video-preview":"max-video-preview:-1"},"canonical":"https:\/\/tupique.com\/pt\/produto\/ordinateur-portable-hp-zbook-8-g1i-16-u9-285h-16-8-gb-ram-1-tb-ssd\/","og_locale":"pt_PT","og_type":"article","og_title":"Ordinateur Portable HP ZBOOK 8 G1I 16 U9-285H 16\" 8 GB RAM 1 TB SSD - Tupique","og_description":"Vous cherchez Ordinateur Portable HP ZBOOK 8 G1I 16 U9-285H 16\" 8 GB RAM 1 TB SSD ? Achetez des produits chez Tupique. Profitez de la livraison gratuite pour obtenir Ordinateur Portable HP ZBOOK 8 G1I 16 U9-285H 16\" 8 GB RAM 1 TB SSD d\u00e8s maintenant.","og_url":"https:\/\/tupique.com\/pt\/produto\/ordinateur-portable-hp-zbook-8-g1i-16-u9-285h-16-8-gb-ram-1-tb-ssd\/","og_site_name":"Tupique","twitter_card":"summary_large_image","twitter_misc":{"Tempo estimado de leitura":"2 minutos"},"schema":{"@context":"https:\/\/schema.org","@graph":[{"@type":"WebPage","@id":"https:\/\/tupique.com\/produit\/ordinateur-portable-hp-zbook-8-g1i-16-u9-285h-16-8-gb-ram-1-tb-ssd\/","url":"https:\/\/tupique.com\/produit\/ordinateur-portable-hp-zbook-8-g1i-16-u9-285h-16-8-gb-ram-1-tb-ssd\/","name":"Ordinateur Portable HP ZBOOK 8 G1I 16 U9-285H 16\" 8 GB RAM 1 TB SSD - Tupique","isPartOf":{"@id":"https:\/\/tupique.com\/#website"},"primaryImageOfPage":{"@id":"https:\/\/tupique.com\/produit\/ordinateur-portable-hp-zbook-8-g1i-16-u9-285h-16-8-gb-ram-1-tb-ssd\/#primaryimage"},"image":{"@id":"https:\/\/tupique.com\/produit\/ordinateur-portable-hp-zbook-8-g1i-16-u9-285h-16-8-gb-ram-1-tb-ssd\/#primaryimage"},"thumbnailUrl":"https:\/\/tupique.com\/wp-content\/uploads\/2026\/04\/1060589200.jpg","datePublished":"2026-04-08T17:57:24+00:00","description":"Vous cherchez Ordinateur Portable HP ZBOOK 8 G1I 16 U9-285H 16\" 8 GB RAM 1 TB SSD ? Achetez des produits chez Tupique. Profitez de la livraison gratuite pour obtenir Ordinateur Portable HP ZBOOK 8 G1I 16 U9-285H 16\" 8 GB RAM 1 TB SSD d\u00e8s maintenant.","breadcrumb":{"@id":"https:\/\/tupique.com\/produit\/ordinateur-portable-hp-zbook-8-g1i-16-u9-285h-16-8-gb-ram-1-tb-ssd\/#breadcrumb"},"inLanguage":"pt-PT","potentialAction":[{"@type":"ReadAction","target":["https:\/\/tupique.com\/produit\/ordinateur-portable-hp-zbook-8-g1i-16-u9-285h-16-8-gb-ram-1-tb-ssd\/"]}]},{"@type":"ImageObject","inLanguage":"pt-PT","@id":"https:\/\/tupique.com\/produit\/ordinateur-portable-hp-zbook-8-g1i-16-u9-285h-16-8-gb-ram-1-tb-ssd\/#primaryimage","url":"https:\/\/tupique.com\/wp-content\/uploads\/2026\/04\/1060589200.jpg","contentUrl":"https:\/\/tupique.com\/wp-content\/uploads\/2026\/04\/1060589200.jpg","width":1200,"height":1200,"caption":"S55303581_0"},{"@type":"BreadcrumbList","@id":"https:\/\/tupique.com\/produit\/ordinateur-portable-hp-zbook-8-g1i-16-u9-285h-16-8-gb-ram-1-tb-ssd\/#breadcrumb","itemListElement":[{"@type":"ListItem","position":1,"name":"In\u00edcio","item":"https:\/\/tupique.com\/"},{"@type":"ListItem","position":2,"name":"Boutique","item":"https:\/\/tupique.com\/en\/boutique\/"},{"@type":"ListItem","position":3,"name":"Ordinateur Portable HP ZBOOK 8 G1I 16 U9-285H 16&#8243; 8 GB RAM 1 TB SSD"}]},{"@type":"WebSite","@id":"https:\/\/tupique.com\/#website","url":"https:\/\/tupique.com\/","name":"Tupique","description":"Marketplace","publisher":{"@id":"https:\/\/tupique.com\/#organization"},"potentialAction":[{"@type":"SearchAction","target":{"@type":"EntryPoint","urlTemplate":"https:\/\/tupique.com\/?s={search_term_string}"},"query-input":{"@type":"PropertyValueSpecification","valueRequired":true,"valueName":"search_term_string"}}],"inLanguage":"pt-PT"},{"@type":"Organization","@id":"https:\/\/tupique.com\/#organization","name":"Tupique","url":"https:\/\/tupique.com\/","logo":{"@type":"ImageObject","inLanguage":"pt-PT","@id":"https:\/\/tupique.com\/#\/schema\/logo\/image\/","url":"https:\/\/tupique.com\/wp-content\/uploads\/2024\/09\/logo.png","contentUrl":"https:\/\/tupique.com\/wp-content\/uploads\/2024\/09\/logo.png","width":1118,"height":310,"caption":"Tupique"},"image":{"@id":"https:\/\/tupique.com\/#\/schema\/logo\/image\/"}}]}},"jetpack_sharing_enabled":true,"_links":{"self":[{"href":"https:\/\/tupique.com\/pt\/wp-json\/wp\/v2\/product\/4384261","targetHints":{"allow":["GET"]}}],"collection":[{"href":"https:\/\/tupique.com\/pt\/wp-json\/wp\/v2\/product"}],"about":[{"href":"https:\/\/tupique.com\/pt\/wp-json\/wp\/v2\/types\/product"}],"replies":[{"embeddable":true,"href":"https:\/\/tupique.com\/pt\/wp-json\/wp\/v2\/comments?post=4384261"}],"wp:featuredmedia":[{"embeddable":true,"href":"https:\/\/tupique.com\/pt\/wp-json\/wp\/v2\/media\/4384240"}],"wp:attachment":[{"href":"https:\/\/tupique.com\/pt\/wp-json\/wp\/v2\/media?parent=4384261"}],"wp:term":[{"taxonomy":"product_brand","embeddable":true,"href":"https:\/\/tupique.com\/pt\/wp-json\/wp\/v2\/product_brand?post=4384261"},{"taxonomy":"product_cat","embeddable":true,"href":"https:\/\/tupique.com\/pt\/wp-json\/wp\/v2\/product_cat?post=4384261"},{"taxonomy":"product_tag","embeddable":true,"href":"https:\/\/tupique.com\/pt\/wp-json\/wp\/v2\/product_tag?post=4384261"}],"curies":[{"name":"wp","href":"https:\/\/api.w.org\/{rel}","templated":true}]}}