{"id":4384342,"date":"2026-04-08T18:58:57","date_gmt":"2026-04-08T17:58:57","guid":{"rendered":"https:\/\/tupique.com\/produit\/ordinateur-portable-acer-nitro-v-15-anv15-52-50k6-intel-core-i5-13420h-16-gb-ram-512-gb-ssd-azerty-156-144-hz-nvidia-geforce-r\/"},"modified":"2026-04-08T18:58:57","modified_gmt":"2026-04-08T17:58:57","slug":"ordinateur-portable-acer-nitro-v-15-anv15-52-50k6-intel-core-i5-13420h-16-gb-ram-512-gb-ssd-azerty-156-144-hz-nvidia-geforce-r","status":"publish","type":"product","link":"https:\/\/tupique.com\/pt\/produto\/ordinateur-portable-acer-nitro-v-15-anv15-52-50k6-intel-core-i5-13420h-16-gb-ram-512-gb-ssd-azerty-156-144-hz-nvidia-geforce-r\/","title":{"rendered":"Ordinateur Portable Acer Nitro V 15 ANV15-52-50K6 intel core i5-13420h 16 GB RAM 512 GB SSD AZERTY 15,6&#8243; 144 Hz Nvidia Geforce R"},"content":{"rendered":"<p>Se est\u00e1 \u00e0 procura das \u00faltimas tend\u00eancias do mercado, temos tudo o que precisa. <b>Ordinateur Portable Acer Nitro V 15 ANV15-52-50K6 intel core i5-13420h 16 GB RAM 512 GB SSD AZERTY 15,6&#8243; 144 Hz Nvidia Geforce RTX 4050<\/b> !<\/p>\n<p>Le <b>portable<\/b> <b>Acer Nitro V 15 ANV15-52-50K6<\/b> est un appareil orient\u00e9 gaming et usage intensif qui allie puissance et performance avec un taux de rafra\u00eechissement \u00e9lev\u00e9 pour une exp\u00e9rience visuelle fluide. Il int\u00e8gre un processeur Intel Core i5-13420H, con\u00e7u pour offrir un rendement optimal tant pour les loisirs que les t\u00e2ches professionnelles. Son <b>\u00e9cran FHD IPS de 15,6 pouces<\/b> avec r\u00e9solution Full HD et un taux de rafra\u00eechissement de <b>165 Hz<\/b> d\u00e9passe les standards habituels, fournissant des images nettes et des mouvements fluides, particuli\u00e8rement appr\u00e9ci\u00e9s dans les jeux vid\u00e9o et contenus multim\u00e9dias. Ce mod\u00e8le se distingue aussi par sa capacit\u00e9 m\u00e9moire avec <b>16 Go de RAM DDR4<\/b>, garantissant une gestion efficace de multiples applications et jeux exigeants sans ralentissements. C\u00f4t\u00e9 stockage, il dispose d\u2019un <b>SSD de 512 Go<\/b>, assurant un acc\u00e8s rapide aux donn\u00e9es et des temps de d\u00e9marrage r\u00e9duits, am\u00e9liorant ainsi la r\u00e9activit\u00e9 g\u00e9n\u00e9rale du syst\u00e8me. Ce portable int\u00e8gre \u00e9galement une carte graphique d\u00e9di\u00e9e NVIDIA RTX 5050, permettant d\u2019ex\u00e9cuter jeux modernes et logiciels graphiques avec une bonne qualit\u00e9 visuelle, renfor\u00e7ant son profil gaming. Son design en couleur <b>preto<\/b> et son clavier au format <b>AZERTY<\/b> r\u00e9pondent aux besoins des utilisateurs recherchant un format europ\u00e9en sp\u00e9cifique. Il compl\u00e8te ses capacit\u00e9s par une connectivit\u00e9 avanc\u00e9e, int\u00e9grant Bluetooth et Wi-Fi de troisi\u00e8me g\u00e9n\u00e9ration pour des connexions sans fil stables et rapides. Il fonctionne sous Windows 11, assurant compatibilit\u00e9 et acc\u00e8s aux derni\u00e8res fonctionnalit\u00e9s Microsoft. En r\u00e9sum\u00e9, l\u2019Acer Nitro V 15 ANV15-52-50K6 offre un \u00e9quilibre entre puissance, \u00e9cran haute fr\u00e9quence et m\u00e9moire g\u00e9n\u00e9reuse, constituant un choix adapt\u00e9 pour ceux qui exigent un portable polyvalent r\u00e9pondant aux besoins actuels du gaming et de la productivit\u00e9 num\u00e9rique.<\/p>\n<ul>\n<li>Contr\u00f4leur graphique: Intel UHD Graphics<\/li>\n<li>Tipo:\n<ul>\n<li>Ordinateur Portable<\/li>\n<li>SSD<\/li>\n<\/ul>\n<\/li>\n<li>Produto de encaixe: Sim<\/li>\n<li>Type de m\u00e9moire:\n<ul>\n<li>SDRAM<\/li>\n<li>DDR4 SDRAM<\/li>\n<li>GDDR7<\/li>\n<\/ul>\n<\/li>\n<li>Clavier:\n<ul>\n<li>Azerty Fran\u00e7ais<\/li>\n<li>AZERTY<\/li>\n<\/ul>\n<\/li>\n<li>Bloc d\u2019Alimentation: r\u00e9seau \u00e9lectrique<\/li>\n<li>Tecnologia:\n<ul>\n<li>DDR4<\/li>\n<li>IPS<\/li>\n<\/ul>\n<\/li>\n<li>Frequ\u00eancia:\n<ul>\n<li>2.1 GHz<\/li>\n<li>165 Hz<\/li>\n<\/ul>\n<\/li>\n<li>N\u00facleos:\n<ul>\n<li>1<\/li>\n<li>8 n\u00facleos<\/li>\n<\/ul>\n<\/li>\n<li>Puissance de charge: 65 W<\/li>\n<li>Inclui:\n<ul>\n<li>4<\/li>\n<li>Souris<\/li>\n<li>C\u00e2ble d\u2019Alimentation<\/li>\n<li>Adaptateur AC<\/li>\n<li>Webcam<\/li>\n<li>Teclado<\/li>\n<li>Manual do utilizador<\/li>\n<\/ul>\n<\/li>\n<li>USB:\n<ul>\n<li>2<\/li>\n<li>4<\/li>\n<\/ul>\n<\/li>\n<li>Compatible: PC<\/li>\n<li>Indice de r\u00e9parabilit\u00e9: 6.9<\/li>\n<li>Famille de processeurs:\n<ul>\n<li>Intel<\/li>\n<li>Intel Core i5<\/li>\n<\/ul>\n<\/li>\n<li>vitesse:\n<ul>\n<li>4,6 GHz<\/li>\n<li>4.6 GHz<\/li>\n<\/ul>\n<\/li>\n<li>R\u00e9solution (px): 1920 x 1080 px<\/li>\n<li>Cor: preto<\/li>\n<li>Tamanho:\n<ul>\n<li>31 cm<\/li>\n<li>15,6&#8221;<\/li>\n<\/ul>\n<\/li>\n<li>Caract\u00e9ristiques: Webcam<\/li>\n<li>Liga\u00e7\u00f5es:\n<ul>\n<li>USB<\/li>\n<li>PCI Express<\/li>\n<\/ul>\n<\/li>\n<li>R\u00e1cio de aspeto: 16:9<\/li>\n<li>Conectividade:\n<ul>\n<li>Wi-Fi<\/li>\n<li>Bluetooth<\/li>\n<li>Gigabit Ethernet<\/li>\n<\/ul>\n<\/li>\n<li>Type de stockage: SSD<\/li>\n<li>R\u00e9solution:\n<ul>\n<li>HD<\/li>\n<li>FHD<\/li>\n<li>IPS<\/li>\n<\/ul>\n<\/li>\n<li>Sistema operativo:\n<ul>\n<li>Windows<\/li>\n<li>Windows 11<\/li>\n<li>Windows 11 Home<\/li>\n<\/ul>\n<\/li>\n<li>Processeur:\n<ul>\n<li>Core i5<\/li>\n<li>intel core i5-13420h<\/li>\n<\/ul>\n<\/li>\n<li>Mem\u00f3ria RAM: 16 GB de RAM<\/li>\n<li>Disco r\u00edgido:\n<ul>\n<li>512 GB SSD<\/li>\n<li>M.2<\/li>\n<\/ul>\n<\/li>\n<li>Dimensions approx.: 36 x 23 x 2 cm<\/li>\n<li>G\u00e9n\u00e9ration: tercera generacion<\/li>\n<li>Ecr\u00e3:\n<ul>\n<li>15,6&#8243;<\/li>\n<li>144 Hz<\/li>\n<\/ul>\n<\/li>\n<li>Ecr\u00e3 t\u00e1til: N\u00e3o<\/li>\n<li>Tipo de tomada: tomada UE<\/li>\n<li>Carte Graphique: Nvidia Geforce RTX 4050<\/li>\n<li>Diagonale de l&#8217;\u00e9cran (cm): 39,6 cm<\/li>\n<\/ul>","protected":false},"excerpt":{"rendered":"<p>Si vous \u00eates \u00e0 la recherche de nouvelles tendances sur le march\u00e9, nous vous pr\u00e9sentons Ordinateur Portable Acer Nitro V<\/p>","protected":false},"featured_media":4384336,"comment_status":"open","ping_status":"closed","template":"","meta":{"_joinchat":[]},"product_brand":[158077],"product_cat":[157516,157583,155043],"product_tag":[157514,157546,157515],"class_list":{"0":"post-4384342","1":"product","2":"type-product","3":"status-publish","4":"has-post-thumbnail","6":"product_brand-brandp_529","7":"product_cat-informatique-electronique","8":"product_cat-informatique-ordinateurs","9":"product_cat-notebooks","10":"product_tag-tag_933","11":"product_tag-tag_1304","12":"product_tag-tag_1295","14":"first","15":"instock","16":"taxable","17":"shipping-taxable","18":"purchasable","19":"product-type-simple"},"yoast_head":"<!-- This site is optimized with the Yoast SEO plugin v27.2 - https:\/\/yoast.com\/product\/yoast-seo-wordpress\/ -->\n<title>Ordinateur Portable Acer Nitro V 15 ANV15-52-50K6 intel core i5-13420h 16 GB RAM 512 GB SSD AZERTY 15,6&quot; 144 Hz Nvidia Geforce R - Tupique<\/title>\n<meta name=\"description\" content=\"Vous cherchez Ordinateur Portable Acer Nitro V 15 ANV15-52-50K6 intel core i5-13420h 16 GB RAM 512 GB SSD AZERTY 15,6&quot; 144 Hz Nvidia Geforce R ? Achetez des produits chez Tupique. Profitez de la livraison gratuite pour obtenir Ordinateur Portable Acer Nitro V 15 ANV15-52-50K6 intel core i5-13420h 16 GB RAM 512 GB SSD AZERTY 15,6&quot; 144 Hz Nvidia Geforce R d\u00e8s maintenant.\" \/>\n<meta name=\"robots\" content=\"index, follow, max-snippet:-1, max-image-preview:large, max-video-preview:-1\" \/>\n<link rel=\"canonical\" href=\"https:\/\/tupique.com\/pt\/produto\/ordinateur-portable-acer-nitro-v-15-anv15-52-50k6-intel-core-i5-13420h-16-gb-ram-512-gb-ssd-azerty-156-144-hz-nvidia-geforce-r\/\" \/>\n<meta property=\"og:locale\" content=\"pt_PT\" \/>\n<meta property=\"og:type\" content=\"article\" \/>\n<meta property=\"og:title\" content=\"Ordinateur Portable Acer Nitro V 15 ANV15-52-50K6 intel core i5-13420h 16 GB RAM 512 GB SSD AZERTY 15,6&quot; 144 Hz Nvidia Geforce R - Tupique\" \/>\n<meta property=\"og:description\" content=\"Vous cherchez Ordinateur Portable Acer Nitro V 15 ANV15-52-50K6 intel core i5-13420h 16 GB RAM 512 GB SSD AZERTY 15,6&quot; 144 Hz Nvidia Geforce R ? Achetez des produits chez Tupique. Profitez de la livraison gratuite pour obtenir Ordinateur Portable Acer Nitro V 15 ANV15-52-50K6 intel core i5-13420h 16 GB RAM 512 GB SSD AZERTY 15,6&quot; 144 Hz Nvidia Geforce R d\u00e8s maintenant.\" \/>\n<meta property=\"og:url\" content=\"https:\/\/tupique.com\/pt\/produto\/ordinateur-portable-acer-nitro-v-15-anv15-52-50k6-intel-core-i5-13420h-16-gb-ram-512-gb-ssd-azerty-156-144-hz-nvidia-geforce-r\/\" \/>\n<meta property=\"og:site_name\" content=\"Tupique\" \/>\n<meta name=\"twitter:card\" content=\"summary_large_image\" \/>\n<meta name=\"twitter:label1\" content=\"Tempo estimado de leitura\" \/>\n\t<meta name=\"twitter:data1\" content=\"2 minutos\" \/>\n<script type=\"application\/ld+json\" class=\"yoast-schema-graph\">{\"@context\":\"https:\/\/schema.org\",\"@graph\":[{\"@type\":\"WebPage\",\"@id\":\"https:\/\/tupique.com\/produit\/ordinateur-portable-acer-nitro-v-15-anv15-52-50k6-intel-core-i5-13420h-16-gb-ram-512-gb-ssd-azerty-156-144-hz-nvidia-geforce-r\/\",\"url\":\"https:\/\/tupique.com\/produit\/ordinateur-portable-acer-nitro-v-15-anv15-52-50k6-intel-core-i5-13420h-16-gb-ram-512-gb-ssd-azerty-156-144-hz-nvidia-geforce-r\/\",\"name\":\"Ordinateur Portable Acer Nitro V 15 ANV15-52-50K6 intel core i5-13420h 16 GB RAM 512 GB SSD AZERTY 15,6\\\" 144 Hz Nvidia Geforce R - Tupique\",\"isPartOf\":{\"@id\":\"https:\/\/tupique.com\/#website\"},\"primaryImageOfPage\":{\"@id\":\"https:\/\/tupique.com\/produit\/ordinateur-portable-acer-nitro-v-15-anv15-52-50k6-intel-core-i5-13420h-16-gb-ram-512-gb-ssd-azerty-156-144-hz-nvidia-geforce-r\/#primaryimage\"},\"image\":{\"@id\":\"https:\/\/tupique.com\/produit\/ordinateur-portable-acer-nitro-v-15-anv15-52-50k6-intel-core-i5-13420h-16-gb-ram-512-gb-ssd-azerty-156-144-hz-nvidia-geforce-r\/#primaryimage\"},\"thumbnailUrl\":\"https:\/\/tupique.com\/wp-content\/uploads\/2026\/04\/4711121692734_S71023011_P00.jpg\",\"datePublished\":\"2026-04-08T17:58:57+00:00\",\"description\":\"Vous cherchez Ordinateur Portable Acer Nitro V 15 ANV15-52-50K6 intel core i5-13420h 16 GB RAM 512 GB SSD AZERTY 15,6\\\" 144 Hz Nvidia Geforce R ? Achetez des produits chez Tupique. Profitez de la livraison gratuite pour obtenir Ordinateur Portable Acer Nitro V 15 ANV15-52-50K6 intel core i5-13420h 16 GB RAM 512 GB SSD AZERTY 15,6\\\" 144 Hz Nvidia Geforce R d\u00e8s maintenant.\",\"breadcrumb\":{\"@id\":\"https:\/\/tupique.com\/produit\/ordinateur-portable-acer-nitro-v-15-anv15-52-50k6-intel-core-i5-13420h-16-gb-ram-512-gb-ssd-azerty-156-144-hz-nvidia-geforce-r\/#breadcrumb\"},\"inLanguage\":\"pt-PT\",\"potentialAction\":[{\"@type\":\"ReadAction\",\"target\":[\"https:\/\/tupique.com\/produit\/ordinateur-portable-acer-nitro-v-15-anv15-52-50k6-intel-core-i5-13420h-16-gb-ram-512-gb-ssd-azerty-156-144-hz-nvidia-geforce-r\/\"]}]},{\"@type\":\"ImageObject\",\"inLanguage\":\"pt-PT\",\"@id\":\"https:\/\/tupique.com\/produit\/ordinateur-portable-acer-nitro-v-15-anv15-52-50k6-intel-core-i5-13420h-16-gb-ram-512-gb-ssd-azerty-156-144-hz-nvidia-geforce-r\/#primaryimage\",\"url\":\"https:\/\/tupique.com\/wp-content\/uploads\/2026\/04\/4711121692734_S71023011_P00.jpg\",\"contentUrl\":\"https:\/\/tupique.com\/wp-content\/uploads\/2026\/04\/4711121692734_S71023011_P00.jpg\",\"width\":1200,\"height\":1200,\"caption\":\"S71023011_0\"},{\"@type\":\"BreadcrumbList\",\"@id\":\"https:\/\/tupique.com\/produit\/ordinateur-portable-acer-nitro-v-15-anv15-52-50k6-intel-core-i5-13420h-16-gb-ram-512-gb-ssd-azerty-156-144-hz-nvidia-geforce-r\/#breadcrumb\",\"itemListElement\":[{\"@type\":\"ListItem\",\"position\":1,\"name\":\"In\u00edcio\",\"item\":\"https:\/\/tupique.com\/\"},{\"@type\":\"ListItem\",\"position\":2,\"name\":\"Boutique\",\"item\":\"https:\/\/tupique.com\/en\/boutique\/\"},{\"@type\":\"ListItem\",\"position\":3,\"name\":\"Ordinateur Portable Acer Nitro V 15 ANV15-52-50K6 intel core i5-13420h 16 GB RAM 512 GB SSD AZERTY 15,6&#8243; 144 Hz Nvidia Geforce R\"}]},{\"@type\":\"WebSite\",\"@id\":\"https:\/\/tupique.com\/#website\",\"url\":\"https:\/\/tupique.com\/\",\"name\":\"Tupique\",\"description\":\"Marketplace\",\"publisher\":{\"@id\":\"https:\/\/tupique.com\/#organization\"},\"potentialAction\":[{\"@type\":\"SearchAction\",\"target\":{\"@type\":\"EntryPoint\",\"urlTemplate\":\"https:\/\/tupique.com\/?s={search_term_string}\"},\"query-input\":{\"@type\":\"PropertyValueSpecification\",\"valueRequired\":true,\"valueName\":\"search_term_string\"}}],\"inLanguage\":\"pt-PT\"},{\"@type\":\"Organization\",\"@id\":\"https:\/\/tupique.com\/#organization\",\"name\":\"Tupique\",\"url\":\"https:\/\/tupique.com\/\",\"logo\":{\"@type\":\"ImageObject\",\"inLanguage\":\"pt-PT\",\"@id\":\"https:\/\/tupique.com\/#\/schema\/logo\/image\/\",\"url\":\"https:\/\/tupique.com\/wp-content\/uploads\/2024\/09\/logo.png\",\"contentUrl\":\"https:\/\/tupique.com\/wp-content\/uploads\/2024\/09\/logo.png\",\"width\":1118,\"height\":310,\"caption\":\"Tupique\"},\"image\":{\"@id\":\"https:\/\/tupique.com\/#\/schema\/logo\/image\/\"}}]}<\/script>\n<!-- \/ Yoast SEO plugin. -->","yoast_head_json":{"title":"Ordinateur Portable Acer Nitro V 15 ANV15-52-50K6 intel core i5-13420h 16 GB RAM 512 GB SSD AZERTY 15,6\" 144 Hz Nvidia Geforce R - Tupique","description":"Vous cherchez Ordinateur Portable Acer Nitro V 15 ANV15-52-50K6 intel core i5-13420h 16 GB RAM 512 GB SSD AZERTY 15,6\" 144 Hz Nvidia Geforce R ? Achetez des produits chez Tupique. Profitez de la livraison gratuite pour obtenir Ordinateur Portable Acer Nitro V 15 ANV15-52-50K6 intel core i5-13420h 16 GB RAM 512 GB SSD AZERTY 15,6\" 144 Hz Nvidia Geforce R d\u00e8s maintenant.","robots":{"index":"index","follow":"follow","max-snippet":"max-snippet:-1","max-image-preview":"max-image-preview:large","max-video-preview":"max-video-preview:-1"},"canonical":"https:\/\/tupique.com\/pt\/produto\/ordinateur-portable-acer-nitro-v-15-anv15-52-50k6-intel-core-i5-13420h-16-gb-ram-512-gb-ssd-azerty-156-144-hz-nvidia-geforce-r\/","og_locale":"pt_PT","og_type":"article","og_title":"Ordinateur Portable Acer Nitro V 15 ANV15-52-50K6 intel core i5-13420h 16 GB RAM 512 GB SSD AZERTY 15,6\" 144 Hz Nvidia Geforce R - Tupique","og_description":"Vous cherchez Ordinateur Portable Acer Nitro V 15 ANV15-52-50K6 intel core i5-13420h 16 GB RAM 512 GB SSD AZERTY 15,6\" 144 Hz Nvidia Geforce R ? Achetez des produits chez Tupique. Profitez de la livraison gratuite pour obtenir Ordinateur Portable Acer Nitro V 15 ANV15-52-50K6 intel core i5-13420h 16 GB RAM 512 GB SSD AZERTY 15,6\" 144 Hz Nvidia Geforce R d\u00e8s maintenant.","og_url":"https:\/\/tupique.com\/pt\/produto\/ordinateur-portable-acer-nitro-v-15-anv15-52-50k6-intel-core-i5-13420h-16-gb-ram-512-gb-ssd-azerty-156-144-hz-nvidia-geforce-r\/","og_site_name":"Tupique","twitter_card":"summary_large_image","twitter_misc":{"Tempo estimado de leitura":"2 minutos"},"schema":{"@context":"https:\/\/schema.org","@graph":[{"@type":"WebPage","@id":"https:\/\/tupique.com\/produit\/ordinateur-portable-acer-nitro-v-15-anv15-52-50k6-intel-core-i5-13420h-16-gb-ram-512-gb-ssd-azerty-156-144-hz-nvidia-geforce-r\/","url":"https:\/\/tupique.com\/produit\/ordinateur-portable-acer-nitro-v-15-anv15-52-50k6-intel-core-i5-13420h-16-gb-ram-512-gb-ssd-azerty-156-144-hz-nvidia-geforce-r\/","name":"Ordinateur Portable Acer Nitro V 15 ANV15-52-50K6 intel core i5-13420h 16 GB RAM 512 GB SSD AZERTY 15,6\" 144 Hz Nvidia Geforce R - Tupique","isPartOf":{"@id":"https:\/\/tupique.com\/#website"},"primaryImageOfPage":{"@id":"https:\/\/tupique.com\/produit\/ordinateur-portable-acer-nitro-v-15-anv15-52-50k6-intel-core-i5-13420h-16-gb-ram-512-gb-ssd-azerty-156-144-hz-nvidia-geforce-r\/#primaryimage"},"image":{"@id":"https:\/\/tupique.com\/produit\/ordinateur-portable-acer-nitro-v-15-anv15-52-50k6-intel-core-i5-13420h-16-gb-ram-512-gb-ssd-azerty-156-144-hz-nvidia-geforce-r\/#primaryimage"},"thumbnailUrl":"https:\/\/tupique.com\/wp-content\/uploads\/2026\/04\/4711121692734_S71023011_P00.jpg","datePublished":"2026-04-08T17:58:57+00:00","description":"Vous cherchez Ordinateur Portable Acer Nitro V 15 ANV15-52-50K6 intel core i5-13420h 16 GB RAM 512 GB SSD AZERTY 15,6\" 144 Hz Nvidia Geforce R ? Achetez des produits chez Tupique. Profitez de la livraison gratuite pour obtenir Ordinateur Portable Acer Nitro V 15 ANV15-52-50K6 intel core i5-13420h 16 GB RAM 512 GB SSD AZERTY 15,6\" 144 Hz Nvidia Geforce R d\u00e8s maintenant.","breadcrumb":{"@id":"https:\/\/tupique.com\/produit\/ordinateur-portable-acer-nitro-v-15-anv15-52-50k6-intel-core-i5-13420h-16-gb-ram-512-gb-ssd-azerty-156-144-hz-nvidia-geforce-r\/#breadcrumb"},"inLanguage":"pt-PT","potentialAction":[{"@type":"ReadAction","target":["https:\/\/tupique.com\/produit\/ordinateur-portable-acer-nitro-v-15-anv15-52-50k6-intel-core-i5-13420h-16-gb-ram-512-gb-ssd-azerty-156-144-hz-nvidia-geforce-r\/"]}]},{"@type":"ImageObject","inLanguage":"pt-PT","@id":"https:\/\/tupique.com\/produit\/ordinateur-portable-acer-nitro-v-15-anv15-52-50k6-intel-core-i5-13420h-16-gb-ram-512-gb-ssd-azerty-156-144-hz-nvidia-geforce-r\/#primaryimage","url":"https:\/\/tupique.com\/wp-content\/uploads\/2026\/04\/4711121692734_S71023011_P00.jpg","contentUrl":"https:\/\/tupique.com\/wp-content\/uploads\/2026\/04\/4711121692734_S71023011_P00.jpg","width":1200,"height":1200,"caption":"S71023011_0"},{"@type":"BreadcrumbList","@id":"https:\/\/tupique.com\/produit\/ordinateur-portable-acer-nitro-v-15-anv15-52-50k6-intel-core-i5-13420h-16-gb-ram-512-gb-ssd-azerty-156-144-hz-nvidia-geforce-r\/#breadcrumb","itemListElement":[{"@type":"ListItem","position":1,"name":"In\u00edcio","item":"https:\/\/tupique.com\/"},{"@type":"ListItem","position":2,"name":"Boutique","item":"https:\/\/tupique.com\/en\/boutique\/"},{"@type":"ListItem","position":3,"name":"Ordinateur Portable Acer Nitro V 15 ANV15-52-50K6 intel core i5-13420h 16 GB RAM 512 GB SSD AZERTY 15,6&#8243; 144 Hz Nvidia Geforce R"}]},{"@type":"WebSite","@id":"https:\/\/tupique.com\/#website","url":"https:\/\/tupique.com\/","name":"Tupique","description":"Marketplace","publisher":{"@id":"https:\/\/tupique.com\/#organization"},"potentialAction":[{"@type":"SearchAction","target":{"@type":"EntryPoint","urlTemplate":"https:\/\/tupique.com\/?s={search_term_string}"},"query-input":{"@type":"PropertyValueSpecification","valueRequired":true,"valueName":"search_term_string"}}],"inLanguage":"pt-PT"},{"@type":"Organization","@id":"https:\/\/tupique.com\/#organization","name":"Tupique","url":"https:\/\/tupique.com\/","logo":{"@type":"ImageObject","inLanguage":"pt-PT","@id":"https:\/\/tupique.com\/#\/schema\/logo\/image\/","url":"https:\/\/tupique.com\/wp-content\/uploads\/2024\/09\/logo.png","contentUrl":"https:\/\/tupique.com\/wp-content\/uploads\/2024\/09\/logo.png","width":1118,"height":310,"caption":"Tupique"},"image":{"@id":"https:\/\/tupique.com\/#\/schema\/logo\/image\/"}}]}},"jetpack_sharing_enabled":true,"_links":{"self":[{"href":"https:\/\/tupique.com\/pt\/wp-json\/wp\/v2\/product\/4384342","targetHints":{"allow":["GET"]}}],"collection":[{"href":"https:\/\/tupique.com\/pt\/wp-json\/wp\/v2\/product"}],"about":[{"href":"https:\/\/tupique.com\/pt\/wp-json\/wp\/v2\/types\/product"}],"replies":[{"embeddable":true,"href":"https:\/\/tupique.com\/pt\/wp-json\/wp\/v2\/comments?post=4384342"}],"wp:featuredmedia":[{"embeddable":true,"href":"https:\/\/tupique.com\/pt\/wp-json\/wp\/v2\/media\/4384336"}],"wp:attachment":[{"href":"https:\/\/tupique.com\/pt\/wp-json\/wp\/v2\/media?parent=4384342"}],"wp:term":[{"taxonomy":"product_brand","embeddable":true,"href":"https:\/\/tupique.com\/pt\/wp-json\/wp\/v2\/product_brand?post=4384342"},{"taxonomy":"product_cat","embeddable":true,"href":"https:\/\/tupique.com\/pt\/wp-json\/wp\/v2\/product_cat?post=4384342"},{"taxonomy":"product_tag","embeddable":true,"href":"https:\/\/tupique.com\/pt\/wp-json\/wp\/v2\/product_tag?post=4384342"}],"curies":[{"name":"wp","href":"https:\/\/api.w.org\/{rel}","templated":true}]}}