{"id":4384383,"date":"2026-04-08T18:59:44","date_gmt":"2026-04-08T17:59:44","guid":{"rendered":"https:\/\/tupique.com\/produit\/camera-ip-axis-0878-002-1920-x-1080-px-noir\/"},"modified":"2026-04-08T18:59:44","modified_gmt":"2026-04-08T17:59:44","slug":"camera-ip-axis-0878-002-1920-x-1080-px-noir","status":"publish","type":"product","link":"https:\/\/tupique.com\/pt\/produto\/camera-ip-axis-0878-002-1920-x-1080-px-noir\/","title":{"rendered":"Cam\u00e9ra IP Axis 0878-002 1920 x 1080 px Noir"},"content":{"rendered":"<p>Se \u00e9 apaixonado por\u2019<b>inform\u00e1tica e eletr\u00f3nica<\/b>, Se est\u00e1 na vanguarda da tecnologia e n\u00e3o quer perder nada, compre <b>Cam\u00e9ra IP Axis 0878-002 1920 x 1080 px Noir<\/b> ao melhor pre\u00e7o.<\/p>\n<ul>\n<li>Cor: preto<\/li>\n<li>M\u00e9moire interne: 1 GB<\/li>\n<li>Liga\u00e7\u00f5es:\n<ul>\n<li>microSDHC<\/li>\n<li>LAN Ethernet<\/li>\n<li>HDMI<\/li>\n<li>RJ45<\/li>\n<li>Jack 3.5 mm<\/li>\n<\/ul>\n<\/li>\n<li>R\u00e9solution (px): 1920 x 1080 px<\/li>\n<li>Carater\u00edsticas:\n<ul>\n<li>Guia de instala\u00e7\u00e3o inclu\u00eddo<\/li>\n<li>Lecteur de Cartes<\/li>\n<\/ul>\n<\/li>\n<li>Tens\u00e3o: 12 V<\/li>\n<li>Inclut: Adaptateur AC<\/li>\n<li>puissance: 14 W<\/li>\n<li>consommation d&#8217;\u00e9nergie: 30 kWh<\/li>\n<li>Fonte de alimenta\u00e7\u00e3o: DC<\/li>\n<li>Cartes M\u00e9moire Compatibles: MicroSD (TransFlash),MicroSDHC,MicroSDXC<\/li>\n<li>Disque dur: 1 GB<\/li>\n<\/ul>","protected":false},"excerpt":{"rendered":"<p>Si vous \u00eates passionn\u00e9 d&#8217;informatique et d&#8217;\u00e9lectronique, si vous \u00eates \u00e0 la pointe de la technologie et qu&#8217;aucun d\u00e9tail ne<\/p>","protected":false},"featured_media":4384382,"comment_status":"open","ping_status":"closed","template":"","meta":{"_joinchat":[]},"product_brand":[157974],"product_cat":[157582,157535,157581],"product_tag":[157580,157531],"class_list":{"0":"post-4384383","1":"product","2":"type-product","3":"status-publish","4":"has-post-thumbnail","6":"product_brand-brandp_4776","7":"product_cat-cameras-de-surveillance-video","8":"product_cat-maison-jardin","9":"product_cat-securite-a-la-maison","10":"product_tag-tag_556","11":"product_tag-tag_25","13":"first","14":"outofstock","15":"taxable","16":"shipping-taxable","17":"purchasable","18":"product-type-simple"},"yoast_head":"<!-- This site is optimized with the Yoast SEO plugin v27.2 - https:\/\/yoast.com\/product\/yoast-seo-wordpress\/ -->\n<title>Cam\u00e9ra IP Axis 0878-002 1920 x 1080 px Noir - Tupique<\/title>\n<meta name=\"description\" content=\"Vous cherchez Cam\u00e9ra IP Axis 0878-002 1920 x 1080 px Noir ? Achetez des produits chez Tupique. Profitez de la livraison gratuite pour obtenir Cam\u00e9ra IP Axis 0878-002 1920 x 1080 px Noir d\u00e8s maintenant.\" \/>\n<meta name=\"robots\" content=\"index, follow, max-snippet:-1, max-image-preview:large, max-video-preview:-1\" \/>\n<link rel=\"canonical\" href=\"https:\/\/tupique.com\/pt\/produto\/camera-ip-axis-0878-002-1920-x-1080-px-noir\/\" \/>\n<meta property=\"og:locale\" content=\"pt_PT\" \/>\n<meta property=\"og:type\" content=\"article\" \/>\n<meta property=\"og:title\" content=\"Cam\u00e9ra IP Axis 0878-002 1920 x 1080 px Noir - Tupique\" \/>\n<meta property=\"og:description\" content=\"Vous cherchez Cam\u00e9ra IP Axis 0878-002 1920 x 1080 px Noir ? Achetez des produits chez Tupique. Profitez de la livraison gratuite pour obtenir Cam\u00e9ra IP Axis 0878-002 1920 x 1080 px Noir d\u00e8s maintenant.\" \/>\n<meta property=\"og:url\" content=\"https:\/\/tupique.com\/pt\/produto\/camera-ip-axis-0878-002-1920-x-1080-px-noir\/\" \/>\n<meta property=\"og:site_name\" content=\"Tupique\" \/>\n<meta name=\"twitter:card\" content=\"summary_large_image\" \/>\n<script type=\"application\/ld+json\" class=\"yoast-schema-graph\">{\"@context\":\"https:\/\/schema.org\",\"@graph\":[{\"@type\":\"WebPage\",\"@id\":\"https:\/\/tupique.com\/produit\/camera-ip-axis-0878-002-1920-x-1080-px-noir\/\",\"url\":\"https:\/\/tupique.com\/produit\/camera-ip-axis-0878-002-1920-x-1080-px-noir\/\",\"name\":\"Cam\u00e9ra IP Axis 0878-002 1920 x 1080 px Noir - Tupique\",\"isPartOf\":{\"@id\":\"https:\/\/tupique.com\/#website\"},\"primaryImageOfPage\":{\"@id\":\"https:\/\/tupique.com\/produit\/camera-ip-axis-0878-002-1920-x-1080-px-noir\/#primaryimage\"},\"image\":{\"@id\":\"https:\/\/tupique.com\/produit\/camera-ip-axis-0878-002-1920-x-1080-px-noir\/#primaryimage\"},\"thumbnailUrl\":\"https:\/\/tupique.com\/wp-content\/uploads\/2026\/04\/7331021058866_R71.jpg\",\"datePublished\":\"2026-04-08T17:59:44+00:00\",\"description\":\"Vous cherchez Cam\u00e9ra IP Axis 0878-002 1920 x 1080 px Noir ? Achetez des produits chez Tupique. Profitez de la livraison gratuite pour obtenir Cam\u00e9ra IP Axis 0878-002 1920 x 1080 px Noir d\u00e8s maintenant.\",\"breadcrumb\":{\"@id\":\"https:\/\/tupique.com\/produit\/camera-ip-axis-0878-002-1920-x-1080-px-noir\/#breadcrumb\"},\"inLanguage\":\"pt-PT\",\"potentialAction\":[{\"@type\":\"ReadAction\",\"target\":[\"https:\/\/tupique.com\/produit\/camera-ip-axis-0878-002-1920-x-1080-px-noir\/\"]}]},{\"@type\":\"ImageObject\",\"inLanguage\":\"pt-PT\",\"@id\":\"https:\/\/tupique.com\/produit\/camera-ip-axis-0878-002-1920-x-1080-px-noir\/#primaryimage\",\"url\":\"https:\/\/tupique.com\/wp-content\/uploads\/2026\/04\/7331021058866_R71.jpg\",\"contentUrl\":\"https:\/\/tupique.com\/wp-content\/uploads\/2026\/04\/7331021058866_R71.jpg\",\"width\":1200,\"height\":1200,\"caption\":\"S55000667_0\"},{\"@type\":\"BreadcrumbList\",\"@id\":\"https:\/\/tupique.com\/produit\/camera-ip-axis-0878-002-1920-x-1080-px-noir\/#breadcrumb\",\"itemListElement\":[{\"@type\":\"ListItem\",\"position\":1,\"name\":\"In\u00edcio\",\"item\":\"https:\/\/tupique.com\/\"},{\"@type\":\"ListItem\",\"position\":2,\"name\":\"Boutique\",\"item\":\"https:\/\/tupique.com\/en\/boutique\/\"},{\"@type\":\"ListItem\",\"position\":3,\"name\":\"Cam\u00e9ra IP Axis 0878-002 1920 x 1080 px Noir\"}]},{\"@type\":\"WebSite\",\"@id\":\"https:\/\/tupique.com\/#website\",\"url\":\"https:\/\/tupique.com\/\",\"name\":\"Tupique\",\"description\":\"Marketplace\",\"publisher\":{\"@id\":\"https:\/\/tupique.com\/#organization\"},\"potentialAction\":[{\"@type\":\"SearchAction\",\"target\":{\"@type\":\"EntryPoint\",\"urlTemplate\":\"https:\/\/tupique.com\/?s={search_term_string}\"},\"query-input\":{\"@type\":\"PropertyValueSpecification\",\"valueRequired\":true,\"valueName\":\"search_term_string\"}}],\"inLanguage\":\"pt-PT\"},{\"@type\":\"Organization\",\"@id\":\"https:\/\/tupique.com\/#organization\",\"name\":\"Tupique\",\"url\":\"https:\/\/tupique.com\/\",\"logo\":{\"@type\":\"ImageObject\",\"inLanguage\":\"pt-PT\",\"@id\":\"https:\/\/tupique.com\/#\/schema\/logo\/image\/\",\"url\":\"https:\/\/tupique.com\/wp-content\/uploads\/2024\/09\/logo.png\",\"contentUrl\":\"https:\/\/tupique.com\/wp-content\/uploads\/2024\/09\/logo.png\",\"width\":1118,\"height\":310,\"caption\":\"Tupique\"},\"image\":{\"@id\":\"https:\/\/tupique.com\/#\/schema\/logo\/image\/\"}}]}<\/script>\n<!-- \/ Yoast SEO plugin. -->","yoast_head_json":{"title":"Cam\u00e9ra IP Axis 0878-002 1920 x 1080 px Noir - Tupique","description":"Vous cherchez Cam\u00e9ra IP Axis 0878-002 1920 x 1080 px Noir ? Achetez des produits chez Tupique. Profitez de la livraison gratuite pour obtenir Cam\u00e9ra IP Axis 0878-002 1920 x 1080 px Noir d\u00e8s maintenant.","robots":{"index":"index","follow":"follow","max-snippet":"max-snippet:-1","max-image-preview":"max-image-preview:large","max-video-preview":"max-video-preview:-1"},"canonical":"https:\/\/tupique.com\/pt\/produto\/camera-ip-axis-0878-002-1920-x-1080-px-noir\/","og_locale":"pt_PT","og_type":"article","og_title":"Cam\u00e9ra IP Axis 0878-002 1920 x 1080 px Noir - Tupique","og_description":"Vous cherchez Cam\u00e9ra IP Axis 0878-002 1920 x 1080 px Noir ? Achetez des produits chez Tupique. Profitez de la livraison gratuite pour obtenir Cam\u00e9ra IP Axis 0878-002 1920 x 1080 px Noir d\u00e8s maintenant.","og_url":"https:\/\/tupique.com\/pt\/produto\/camera-ip-axis-0878-002-1920-x-1080-px-noir\/","og_site_name":"Tupique","twitter_card":"summary_large_image","schema":{"@context":"https:\/\/schema.org","@graph":[{"@type":"WebPage","@id":"https:\/\/tupique.com\/produit\/camera-ip-axis-0878-002-1920-x-1080-px-noir\/","url":"https:\/\/tupique.com\/produit\/camera-ip-axis-0878-002-1920-x-1080-px-noir\/","name":"Cam\u00e9ra IP Axis 0878-002 1920 x 1080 px Noir - Tupique","isPartOf":{"@id":"https:\/\/tupique.com\/#website"},"primaryImageOfPage":{"@id":"https:\/\/tupique.com\/produit\/camera-ip-axis-0878-002-1920-x-1080-px-noir\/#primaryimage"},"image":{"@id":"https:\/\/tupique.com\/produit\/camera-ip-axis-0878-002-1920-x-1080-px-noir\/#primaryimage"},"thumbnailUrl":"https:\/\/tupique.com\/wp-content\/uploads\/2026\/04\/7331021058866_R71.jpg","datePublished":"2026-04-08T17:59:44+00:00","description":"Vous cherchez Cam\u00e9ra IP Axis 0878-002 1920 x 1080 px Noir ? Achetez des produits chez Tupique. Profitez de la livraison gratuite pour obtenir Cam\u00e9ra IP Axis 0878-002 1920 x 1080 px Noir d\u00e8s maintenant.","breadcrumb":{"@id":"https:\/\/tupique.com\/produit\/camera-ip-axis-0878-002-1920-x-1080-px-noir\/#breadcrumb"},"inLanguage":"pt-PT","potentialAction":[{"@type":"ReadAction","target":["https:\/\/tupique.com\/produit\/camera-ip-axis-0878-002-1920-x-1080-px-noir\/"]}]},{"@type":"ImageObject","inLanguage":"pt-PT","@id":"https:\/\/tupique.com\/produit\/camera-ip-axis-0878-002-1920-x-1080-px-noir\/#primaryimage","url":"https:\/\/tupique.com\/wp-content\/uploads\/2026\/04\/7331021058866_R71.jpg","contentUrl":"https:\/\/tupique.com\/wp-content\/uploads\/2026\/04\/7331021058866_R71.jpg","width":1200,"height":1200,"caption":"S55000667_0"},{"@type":"BreadcrumbList","@id":"https:\/\/tupique.com\/produit\/camera-ip-axis-0878-002-1920-x-1080-px-noir\/#breadcrumb","itemListElement":[{"@type":"ListItem","position":1,"name":"In\u00edcio","item":"https:\/\/tupique.com\/"},{"@type":"ListItem","position":2,"name":"Boutique","item":"https:\/\/tupique.com\/en\/boutique\/"},{"@type":"ListItem","position":3,"name":"Cam\u00e9ra IP Axis 0878-002 1920 x 1080 px Noir"}]},{"@type":"WebSite","@id":"https:\/\/tupique.com\/#website","url":"https:\/\/tupique.com\/","name":"Tupique","description":"Marketplace","publisher":{"@id":"https:\/\/tupique.com\/#organization"},"potentialAction":[{"@type":"SearchAction","target":{"@type":"EntryPoint","urlTemplate":"https:\/\/tupique.com\/?s={search_term_string}"},"query-input":{"@type":"PropertyValueSpecification","valueRequired":true,"valueName":"search_term_string"}}],"inLanguage":"pt-PT"},{"@type":"Organization","@id":"https:\/\/tupique.com\/#organization","name":"Tupique","url":"https:\/\/tupique.com\/","logo":{"@type":"ImageObject","inLanguage":"pt-PT","@id":"https:\/\/tupique.com\/#\/schema\/logo\/image\/","url":"https:\/\/tupique.com\/wp-content\/uploads\/2024\/09\/logo.png","contentUrl":"https:\/\/tupique.com\/wp-content\/uploads\/2024\/09\/logo.png","width":1118,"height":310,"caption":"Tupique"},"image":{"@id":"https:\/\/tupique.com\/#\/schema\/logo\/image\/"}}]}},"jetpack_sharing_enabled":true,"_links":{"self":[{"href":"https:\/\/tupique.com\/pt\/wp-json\/wp\/v2\/product\/4384383","targetHints":{"allow":["GET"]}}],"collection":[{"href":"https:\/\/tupique.com\/pt\/wp-json\/wp\/v2\/product"}],"about":[{"href":"https:\/\/tupique.com\/pt\/wp-json\/wp\/v2\/types\/product"}],"replies":[{"embeddable":true,"href":"https:\/\/tupique.com\/pt\/wp-json\/wp\/v2\/comments?post=4384383"}],"wp:featuredmedia":[{"embeddable":true,"href":"https:\/\/tupique.com\/pt\/wp-json\/wp\/v2\/media\/4384382"}],"wp:attachment":[{"href":"https:\/\/tupique.com\/pt\/wp-json\/wp\/v2\/media?parent=4384383"}],"wp:term":[{"taxonomy":"product_brand","embeddable":true,"href":"https:\/\/tupique.com\/pt\/wp-json\/wp\/v2\/product_brand?post=4384383"},{"taxonomy":"product_cat","embeddable":true,"href":"https:\/\/tupique.com\/pt\/wp-json\/wp\/v2\/product_cat?post=4384383"},{"taxonomy":"product_tag","embeddable":true,"href":"https:\/\/tupique.com\/pt\/wp-json\/wp\/v2\/product_tag?post=4384383"}],"curies":[{"name":"wp","href":"https:\/\/api.w.org\/{rel}","templated":true}]}}