{"id":4384612,"date":"2026-04-08T20:00:09","date_gmt":"2026-04-08T19:00:09","guid":{"rendered":"https:\/\/tupique.com\/produit\/ordinateur-portable-hp-ba0a8etabe-14-intel-core-ultra-7-258v-intel-core-ultra-7-32-gb-ram-512-gb-ssd\/"},"modified":"2026-04-08T22:55:19","modified_gmt":"2026-04-08T21:55:19","slug":"ordinateur-portable-hp-ba0a8etabe-14-intel-core-ultra-7-258v-intel-core-ultra-7-32-gb-ram-512-gb-ssd","status":"publish","type":"product","link":"https:\/\/tupique.com\/pt\/produto\/ordinateur-portable-hp-ba0a8etabe-14-intel-core-ultra-7-258v-intel-core-ultra-7-32-gb-ram-512-gb-ssd\/","title":{"rendered":"Ordinateur Portable HP BA0A8ET#ABE 14&#8243; Intel Core Ultra 7 258V intel core ultra 7 32 GB RAM 512 GB SSD"},"content":{"rendered":"<p>Se \u00e9 apaixonado por\u2019<b>inform\u00e1tica e eletr\u00f3nica<\/b>, Se est\u00e1 na vanguarda da tecnologia e n\u00e3o quer perder nada, compre <b>Ordinateur Portable HP BA0A8ET#ABE 14&#8243; Intel Core Ultra 7 258V intel core ultra 7 32 GB RAM 512 GB SSD<\/b> ao melhor pre\u00e7o.<\/p>\n<p>Le <b>EliteBook X Flip G1i AI<\/b> de HP est un <b>laptop<\/b> professionnel con\u00e7u pour offrir polyvalence et haute performance dans des environnements exigeants, \u00e9quip\u00e9 d\u2019un <b>\u00e9cran tactile de 14 pouces<\/b> id\u00e9al pour la productivit\u00e9 et une interaction intuitive gr\u00e2ce \u00e0 son format hybride convertible. Il int\u00e8gre un <b>SSD de 512 Go<\/b> rapide assurant des d\u00e9marrages instantan\u00e9s et un transfert de donn\u00e9es fluide, compl\u00e9t\u00e9 par une <b>m\u00e9moire RAM de 32 Go<\/b> qui facilite le multit\u00e2che intensif et l\u2019utilisation fluide d\u2019applications professionnelles, cr\u00e9atives ou d\u2019analyse de donn\u00e9es. Ce mod\u00e8le fait partie de la famille <b>Intel<\/b>, garantissant un traitement efficace et stable pour les besoins professionnels actuels, et propose un <b>clavier QWERTY espagnol r\u00e9tro\u00e9clair\u00e9<\/b> qui optimise la saisie dans des environnements peu \u00e9clair\u00e9s. Il se distingue par ses <b>haut-parleurs et microphone de haute qualit\u00e9<\/b>, ainsi qu\u2019une <b>c\u00e2mara frontal<\/b>, offrant des appels vid\u00e9o et conf\u00e9rences clairs, tandis que son design hybride permet de passer facilement du mode ordinateur portable au mode tablette. De plus, sa structure l\u00e9g\u00e8re et robuste favorise la portabilit\u00e9 sans compromettre la solidit\u00e9, int\u00e9grant des fonctionnalit\u00e9s modernes comme une connectivit\u00e9 avanc\u00e9e et une batterie longue dur\u00e9e, des aspects essentiels dans les domaines professionnel et \u00e9ducatif. Le HP EliteBook X Flip G1i AI s\u2019impose comme un outil fiable et performant pour les utilisateurs recherchant flexibilit\u00e9, puissance et technologie de pointe au quotidien.<\/p>\n<ul>\n<li>Clavier: Espagnol Qwerty<\/li>\n<li>Tipo:\n<ul>\n<li>Ordinateur Portable<\/li>\n<li>Hybride<\/li>\n<\/ul>\n<\/li>\n<li>Produto de encaixe: Sim<\/li>\n<li>Type de m\u00e9moire:\n<ul>\n<li>SDRAM<\/li>\n<li>LPDDR5X<\/li>\n<\/ul>\n<\/li>\n<li>Tipo de tomada: tomada UE<\/li>\n<li>Bloc d\u2019Alimentation: r\u00e9seau \u00e9lectrique<\/li>\n<li>Cor: Prateado<\/li>\n<li>Diagonale de l&#8217;\u00e9cran (cm): 35,6 cm<\/li>\n<li>Type d&#8217;unit\u00e9 optique: Non<\/li>\n<li>Inclui:\n<ul>\n<li>Webcam<\/li>\n<li>SSD x 1<\/li>\n<\/ul>\n<\/li>\n<li>Technologie: IPS<\/li>\n<li>Capacit\u00e9 de la batterie: 68 WH<\/li>\n<li>R\u00e9solution (px): 2560 x 1600 px<\/li>\n<li>Sistema operativo: Windows 11 Pro<\/li>\n<li>Type de stockage: SSD<\/li>\n<li>Conectividade:\n<ul>\n<li>Bluetooth<\/li>\n<li>NFC<\/li>\n<li>5G<\/li>\n<li>WI-FI 7<\/li>\n<\/ul>\n<\/li>\n<li>Liga\u00e7\u00f5es:\n<ul>\n<li>HDMI<\/li>\n<li>USB<\/li>\n<li>USB-C<\/li>\n<li>2<\/li>\n<\/ul>\n<\/li>\n<li>Carater\u00edsticas:\n<ul>\n<li>Ecr\u00e3 t\u00e1til<\/li>\n<li>Altifalantes integrados<\/li>\n<li>C\u00e2mara frontal<\/li>\n<li>Microfone incorporado<\/li>\n<li>Retroiluminado<\/li>\n<li>4 altifalantes<\/li>\n<li>Leitor de impress\u00f5es digitais<\/li>\n<li>Prote\u00e7\u00e3o de dados\/palavra-passe<\/li>\n<li>Adaptateur graphique int\u00e9gr\u00e9<\/li>\n<li>Liga\u00e7\u00e3o \u00e0 rede m\u00f3vel<\/li>\n<\/ul>\n<\/li>\n<li>Ecran: 14&#8243;<\/li>\n<li>Processeur:\n<ul>\n<li>Intel Core Ultra 7 258V<\/li>\n<li>intel core ultra 7<\/li>\n<\/ul>\n<\/li>\n<li>M\u00e9moire RAM: 32 GB RAM<\/li>\n<li>Disque dur: 512 GB SSD<\/li>\n<li>Cache: 12 MB<\/li>\n<li>Compatible: PCI Express<\/li>\n<li>Frequ\u00eancia:\n<ul>\n<li>50 &#8211; 60 Hz<\/li>\n<li>120 Hz<\/li>\n<li>4,8 GHz<\/li>\n<\/ul>\n<\/li>\n<li>Cam\u00e9ra\/Appareil Photo: 5 Mp<\/li>\n<li>Tens\u00e3o: 100 - 240 V<\/li>\n<li>Flux lumineux: 400 lm<\/li>\n<li>Tipo de bateria: i\u00f5es de l\u00edtio<\/li>\n<li>N\u00facleos: 8 n\u00facleos<\/li>\n<li>Fam\u00edlia de processadores: Intel<\/li>\n<\/ul>","protected":false},"excerpt":{"rendered":"<p>Si vous \u00eates passionn\u00e9 d&#8217;informatique et d&#8217;\u00e9lectronique, si vous \u00eates \u00e0 la pointe de la technologie et qu&#8217;aucun d\u00e9tail ne<\/p>","protected":false},"featured_media":4384609,"comment_status":"open","ping_status":"closed","template":"","meta":{"_joinchat":[]},"product_brand":[158040],"product_cat":[157516,157583,155043],"product_tag":[157514,157515],"class_list":{"0":"post-4384612","1":"product","2":"type-product","3":"status-publish","4":"has-post-thumbnail","6":"product_brand-brandp_909","7":"product_cat-informatique-electronique","8":"product_cat-informatique-ordinateurs","9":"product_cat-notebooks","10":"product_tag-tag_933","11":"product_tag-tag_1295","13":"first","14":"instock","15":"taxable","16":"shipping-taxable","17":"purchasable","18":"product-type-simple"},"yoast_head":"<!-- This site is optimized with the Yoast SEO plugin v27.2 - https:\/\/yoast.com\/product\/yoast-seo-wordpress\/ -->\n<title>Ordinateur Portable HP BA0A8ET#ABE 14&quot; Intel Core Ultra 7 258V intel core ultra 7 32 GB RAM 512 GB SSD - Tupique<\/title>\n<meta name=\"description\" content=\"Vous cherchez Ordinateur Portable HP BA0A8ET#ABE 14&quot; Intel Core Ultra 7 258V intel core ultra 7 32 GB RAM 512 GB SSD ? Achetez des produits chez Tupique. Profitez de la livraison gratuite pour obtenir Ordinateur Portable HP BA0A8ET#ABE 14&quot; Intel Core Ultra 7 258V intel core ultra 7 32 GB RAM 512 GB SSD d\u00e8s maintenant.\" \/>\n<meta name=\"robots\" content=\"index, follow, max-snippet:-1, max-image-preview:large, max-video-preview:-1\" \/>\n<link rel=\"canonical\" href=\"https:\/\/tupique.com\/pt\/produto\/ordinateur-portable-hp-ba0a8etabe-14-intel-core-ultra-7-258v-intel-core-ultra-7-32-gb-ram-512-gb-ssd\/\" \/>\n<meta property=\"og:locale\" content=\"pt_PT\" \/>\n<meta property=\"og:type\" content=\"article\" \/>\n<meta property=\"og:title\" content=\"Ordinateur Portable HP BA0A8ET#ABE 14&quot; Intel Core Ultra 7 258V intel core ultra 7 32 GB RAM 512 GB SSD - Tupique\" \/>\n<meta property=\"og:description\" content=\"Vous cherchez Ordinateur Portable HP BA0A8ET#ABE 14&quot; Intel Core Ultra 7 258V intel core ultra 7 32 GB RAM 512 GB SSD ? Achetez des produits chez Tupique. Profitez de la livraison gratuite pour obtenir Ordinateur Portable HP BA0A8ET#ABE 14&quot; Intel Core Ultra 7 258V intel core ultra 7 32 GB RAM 512 GB SSD d\u00e8s maintenant.\" \/>\n<meta property=\"og:url\" content=\"https:\/\/tupique.com\/pt\/produto\/ordinateur-portable-hp-ba0a8etabe-14-intel-core-ultra-7-258v-intel-core-ultra-7-32-gb-ram-512-gb-ssd\/\" \/>\n<meta property=\"og:site_name\" content=\"Tupique\" \/>\n<meta property=\"article:modified_time\" content=\"2026-04-08T21:55:19+00:00\" \/>\n<meta property=\"og:image\" content=\"https:\/\/tupique.com\/wp-content\/uploads\/2026\/04\/0199251887802_I00.jpg\" \/>\n\t<meta property=\"og:image:width\" content=\"1200\" \/>\n\t<meta property=\"og:image:height\" content=\"1200\" \/>\n\t<meta property=\"og:image:type\" content=\"image\/jpeg\" \/>\n<meta name=\"twitter:card\" content=\"summary_large_image\" \/>\n<meta name=\"twitter:label1\" content=\"Tempo estimado de leitura\" \/>\n\t<meta name=\"twitter:data1\" content=\"2 minutos\" \/>\n<script type=\"application\/ld+json\" class=\"yoast-schema-graph\">{\"@context\":\"https:\/\/schema.org\",\"@graph\":[{\"@type\":\"WebPage\",\"@id\":\"https:\/\/tupique.com\/produit\/ordinateur-portable-hp-ba0a8etabe-14-intel-core-ultra-7-258v-intel-core-ultra-7-32-gb-ram-512-gb-ssd\/\",\"url\":\"https:\/\/tupique.com\/produit\/ordinateur-portable-hp-ba0a8etabe-14-intel-core-ultra-7-258v-intel-core-ultra-7-32-gb-ram-512-gb-ssd\/\",\"name\":\"Ordinateur Portable HP BA0A8ET#ABE 14\\\" Intel Core Ultra 7 258V intel core ultra 7 32 GB RAM 512 GB SSD - Tupique\",\"isPartOf\":{\"@id\":\"https:\/\/tupique.com\/#website\"},\"primaryImageOfPage\":{\"@id\":\"https:\/\/tupique.com\/produit\/ordinateur-portable-hp-ba0a8etabe-14-intel-core-ultra-7-258v-intel-core-ultra-7-32-gb-ram-512-gb-ssd\/#primaryimage\"},\"image\":{\"@id\":\"https:\/\/tupique.com\/produit\/ordinateur-portable-hp-ba0a8etabe-14-intel-core-ultra-7-258v-intel-core-ultra-7-32-gb-ram-512-gb-ssd\/#primaryimage\"},\"thumbnailUrl\":\"https:\/\/tupique.com\/wp-content\/uploads\/2026\/04\/0199251887802_I00.jpg\",\"datePublished\":\"2026-04-08T19:00:09+00:00\",\"dateModified\":\"2026-04-08T21:55:19+00:00\",\"description\":\"Vous cherchez Ordinateur Portable HP BA0A8ET#ABE 14\\\" Intel Core Ultra 7 258V intel core ultra 7 32 GB RAM 512 GB SSD ? Achetez des produits chez Tupique. Profitez de la livraison gratuite pour obtenir Ordinateur Portable HP BA0A8ET#ABE 14\\\" Intel Core Ultra 7 258V intel core ultra 7 32 GB RAM 512 GB SSD d\u00e8s maintenant.\",\"breadcrumb\":{\"@id\":\"https:\/\/tupique.com\/produit\/ordinateur-portable-hp-ba0a8etabe-14-intel-core-ultra-7-258v-intel-core-ultra-7-32-gb-ram-512-gb-ssd\/#breadcrumb\"},\"inLanguage\":\"pt-PT\",\"potentialAction\":[{\"@type\":\"ReadAction\",\"target\":[\"https:\/\/tupique.com\/produit\/ordinateur-portable-hp-ba0a8etabe-14-intel-core-ultra-7-258v-intel-core-ultra-7-32-gb-ram-512-gb-ssd\/\"]}]},{\"@type\":\"ImageObject\",\"inLanguage\":\"pt-PT\",\"@id\":\"https:\/\/tupique.com\/produit\/ordinateur-portable-hp-ba0a8etabe-14-intel-core-ultra-7-258v-intel-core-ultra-7-32-gb-ram-512-gb-ssd\/#primaryimage\",\"url\":\"https:\/\/tupique.com\/wp-content\/uploads\/2026\/04\/0199251887802_I00.jpg\",\"contentUrl\":\"https:\/\/tupique.com\/wp-content\/uploads\/2026\/04\/0199251887802_I00.jpg\",\"width\":1200,\"height\":1200,\"caption\":\"S55307545_0\"},{\"@type\":\"BreadcrumbList\",\"@id\":\"https:\/\/tupique.com\/produit\/ordinateur-portable-hp-ba0a8etabe-14-intel-core-ultra-7-258v-intel-core-ultra-7-32-gb-ram-512-gb-ssd\/#breadcrumb\",\"itemListElement\":[{\"@type\":\"ListItem\",\"position\":1,\"name\":\"In\u00edcio\",\"item\":\"https:\/\/tupique.com\/\"},{\"@type\":\"ListItem\",\"position\":2,\"name\":\"Boutique\",\"item\":\"https:\/\/tupique.com\/en\/boutique\/\"},{\"@type\":\"ListItem\",\"position\":3,\"name\":\"Ordinateur Portable HP BA0A8ET#ABE 14&#8243; Intel Core Ultra 7 258V intel core ultra 7 32 GB RAM 512 GB SSD\"}]},{\"@type\":\"WebSite\",\"@id\":\"https:\/\/tupique.com\/#website\",\"url\":\"https:\/\/tupique.com\/\",\"name\":\"Tupique\",\"description\":\"Marketplace\",\"publisher\":{\"@id\":\"https:\/\/tupique.com\/#organization\"},\"potentialAction\":[{\"@type\":\"SearchAction\",\"target\":{\"@type\":\"EntryPoint\",\"urlTemplate\":\"https:\/\/tupique.com\/?s={search_term_string}\"},\"query-input\":{\"@type\":\"PropertyValueSpecification\",\"valueRequired\":true,\"valueName\":\"search_term_string\"}}],\"inLanguage\":\"pt-PT\"},{\"@type\":\"Organization\",\"@id\":\"https:\/\/tupique.com\/#organization\",\"name\":\"Tupique\",\"url\":\"https:\/\/tupique.com\/\",\"logo\":{\"@type\":\"ImageObject\",\"inLanguage\":\"pt-PT\",\"@id\":\"https:\/\/tupique.com\/#\/schema\/logo\/image\/\",\"url\":\"https:\/\/tupique.com\/wp-content\/uploads\/2024\/09\/logo.png\",\"contentUrl\":\"https:\/\/tupique.com\/wp-content\/uploads\/2024\/09\/logo.png\",\"width\":1118,\"height\":310,\"caption\":\"Tupique\"},\"image\":{\"@id\":\"https:\/\/tupique.com\/#\/schema\/logo\/image\/\"}}]}<\/script>\n<!-- \/ Yoast SEO plugin. -->","yoast_head_json":{"title":"Ordinateur Portable HP BA0A8ET#ABE 14\" Intel Core Ultra 7 258V intel core ultra 7 32 GB RAM 512 GB SSD - Tupique","description":"Vous cherchez Ordinateur Portable HP BA0A8ET#ABE 14\" Intel Core Ultra 7 258V intel core ultra 7 32 GB RAM 512 GB SSD ? Achetez des produits chez Tupique. Profitez de la livraison gratuite pour obtenir Ordinateur Portable HP BA0A8ET#ABE 14\" Intel Core Ultra 7 258V intel core ultra 7 32 GB RAM 512 GB SSD d\u00e8s maintenant.","robots":{"index":"index","follow":"follow","max-snippet":"max-snippet:-1","max-image-preview":"max-image-preview:large","max-video-preview":"max-video-preview:-1"},"canonical":"https:\/\/tupique.com\/pt\/produto\/ordinateur-portable-hp-ba0a8etabe-14-intel-core-ultra-7-258v-intel-core-ultra-7-32-gb-ram-512-gb-ssd\/","og_locale":"pt_PT","og_type":"article","og_title":"Ordinateur Portable HP BA0A8ET#ABE 14\" Intel Core Ultra 7 258V intel core ultra 7 32 GB RAM 512 GB SSD - Tupique","og_description":"Vous cherchez Ordinateur Portable HP BA0A8ET#ABE 14\" Intel Core Ultra 7 258V intel core ultra 7 32 GB RAM 512 GB SSD ? Achetez des produits chez Tupique. Profitez de la livraison gratuite pour obtenir Ordinateur Portable HP BA0A8ET#ABE 14\" Intel Core Ultra 7 258V intel core ultra 7 32 GB RAM 512 GB SSD d\u00e8s maintenant.","og_url":"https:\/\/tupique.com\/pt\/produto\/ordinateur-portable-hp-ba0a8etabe-14-intel-core-ultra-7-258v-intel-core-ultra-7-32-gb-ram-512-gb-ssd\/","og_site_name":"Tupique","article_modified_time":"2026-04-08T21:55:19+00:00","og_image":[{"width":1200,"height":1200,"url":"https:\/\/tupique.com\/wp-content\/uploads\/2026\/04\/0199251887802_I00.jpg","type":"image\/jpeg"}],"twitter_card":"summary_large_image","twitter_misc":{"Tempo estimado de leitura":"2 minutos"},"schema":{"@context":"https:\/\/schema.org","@graph":[{"@type":"WebPage","@id":"https:\/\/tupique.com\/produit\/ordinateur-portable-hp-ba0a8etabe-14-intel-core-ultra-7-258v-intel-core-ultra-7-32-gb-ram-512-gb-ssd\/","url":"https:\/\/tupique.com\/produit\/ordinateur-portable-hp-ba0a8etabe-14-intel-core-ultra-7-258v-intel-core-ultra-7-32-gb-ram-512-gb-ssd\/","name":"Ordinateur Portable HP BA0A8ET#ABE 14\" Intel Core Ultra 7 258V intel core ultra 7 32 GB RAM 512 GB SSD - Tupique","isPartOf":{"@id":"https:\/\/tupique.com\/#website"},"primaryImageOfPage":{"@id":"https:\/\/tupique.com\/produit\/ordinateur-portable-hp-ba0a8etabe-14-intel-core-ultra-7-258v-intel-core-ultra-7-32-gb-ram-512-gb-ssd\/#primaryimage"},"image":{"@id":"https:\/\/tupique.com\/produit\/ordinateur-portable-hp-ba0a8etabe-14-intel-core-ultra-7-258v-intel-core-ultra-7-32-gb-ram-512-gb-ssd\/#primaryimage"},"thumbnailUrl":"https:\/\/tupique.com\/wp-content\/uploads\/2026\/04\/0199251887802_I00.jpg","datePublished":"2026-04-08T19:00:09+00:00","dateModified":"2026-04-08T21:55:19+00:00","description":"Vous cherchez Ordinateur Portable HP BA0A8ET#ABE 14\" Intel Core Ultra 7 258V intel core ultra 7 32 GB RAM 512 GB SSD ? Achetez des produits chez Tupique. Profitez de la livraison gratuite pour obtenir Ordinateur Portable HP BA0A8ET#ABE 14\" Intel Core Ultra 7 258V intel core ultra 7 32 GB RAM 512 GB SSD d\u00e8s maintenant.","breadcrumb":{"@id":"https:\/\/tupique.com\/produit\/ordinateur-portable-hp-ba0a8etabe-14-intel-core-ultra-7-258v-intel-core-ultra-7-32-gb-ram-512-gb-ssd\/#breadcrumb"},"inLanguage":"pt-PT","potentialAction":[{"@type":"ReadAction","target":["https:\/\/tupique.com\/produit\/ordinateur-portable-hp-ba0a8etabe-14-intel-core-ultra-7-258v-intel-core-ultra-7-32-gb-ram-512-gb-ssd\/"]}]},{"@type":"ImageObject","inLanguage":"pt-PT","@id":"https:\/\/tupique.com\/produit\/ordinateur-portable-hp-ba0a8etabe-14-intel-core-ultra-7-258v-intel-core-ultra-7-32-gb-ram-512-gb-ssd\/#primaryimage","url":"https:\/\/tupique.com\/wp-content\/uploads\/2026\/04\/0199251887802_I00.jpg","contentUrl":"https:\/\/tupique.com\/wp-content\/uploads\/2026\/04\/0199251887802_I00.jpg","width":1200,"height":1200,"caption":"S55307545_0"},{"@type":"BreadcrumbList","@id":"https:\/\/tupique.com\/produit\/ordinateur-portable-hp-ba0a8etabe-14-intel-core-ultra-7-258v-intel-core-ultra-7-32-gb-ram-512-gb-ssd\/#breadcrumb","itemListElement":[{"@type":"ListItem","position":1,"name":"In\u00edcio","item":"https:\/\/tupique.com\/"},{"@type":"ListItem","position":2,"name":"Boutique","item":"https:\/\/tupique.com\/en\/boutique\/"},{"@type":"ListItem","position":3,"name":"Ordinateur Portable HP BA0A8ET#ABE 14&#8243; Intel Core Ultra 7 258V intel core ultra 7 32 GB RAM 512 GB SSD"}]},{"@type":"WebSite","@id":"https:\/\/tupique.com\/#website","url":"https:\/\/tupique.com\/","name":"Tupique","description":"Marketplace","publisher":{"@id":"https:\/\/tupique.com\/#organization"},"potentialAction":[{"@type":"SearchAction","target":{"@type":"EntryPoint","urlTemplate":"https:\/\/tupique.com\/?s={search_term_string}"},"query-input":{"@type":"PropertyValueSpecification","valueRequired":true,"valueName":"search_term_string"}}],"inLanguage":"pt-PT"},{"@type":"Organization","@id":"https:\/\/tupique.com\/#organization","name":"Tupique","url":"https:\/\/tupique.com\/","logo":{"@type":"ImageObject","inLanguage":"pt-PT","@id":"https:\/\/tupique.com\/#\/schema\/logo\/image\/","url":"https:\/\/tupique.com\/wp-content\/uploads\/2024\/09\/logo.png","contentUrl":"https:\/\/tupique.com\/wp-content\/uploads\/2024\/09\/logo.png","width":1118,"height":310,"caption":"Tupique"},"image":{"@id":"https:\/\/tupique.com\/#\/schema\/logo\/image\/"}}]}},"jetpack_sharing_enabled":true,"_links":{"self":[{"href":"https:\/\/tupique.com\/pt\/wp-json\/wp\/v2\/product\/4384612","targetHints":{"allow":["GET"]}}],"collection":[{"href":"https:\/\/tupique.com\/pt\/wp-json\/wp\/v2\/product"}],"about":[{"href":"https:\/\/tupique.com\/pt\/wp-json\/wp\/v2\/types\/product"}],"replies":[{"embeddable":true,"href":"https:\/\/tupique.com\/pt\/wp-json\/wp\/v2\/comments?post=4384612"}],"wp:featuredmedia":[{"embeddable":true,"href":"https:\/\/tupique.com\/pt\/wp-json\/wp\/v2\/media\/4384609"}],"wp:attachment":[{"href":"https:\/\/tupique.com\/pt\/wp-json\/wp\/v2\/media?parent=4384612"}],"wp:term":[{"taxonomy":"product_brand","embeddable":true,"href":"https:\/\/tupique.com\/pt\/wp-json\/wp\/v2\/product_brand?post=4384612"},{"taxonomy":"product_cat","embeddable":true,"href":"https:\/\/tupique.com\/pt\/wp-json\/wp\/v2\/product_cat?post=4384612"},{"taxonomy":"product_tag","embeddable":true,"href":"https:\/\/tupique.com\/pt\/wp-json\/wp\/v2\/product_tag?post=4384612"}],"curies":[{"name":"wp","href":"https:\/\/api.w.org\/{rel}","templated":true}]}}