{"id":4384653,"date":"2026-04-08T20:01:14","date_gmt":"2026-04-08T19:01:14","guid":{"rendered":"https:\/\/tupique.com\/produit\/refrigerateur-combine-teka-rlf74930ss-acier\/"},"modified":"2026-04-08T22:55:32","modified_gmt":"2026-04-08T21:55:32","slug":"refrigerateur-combine-teka-rlf74930ss-acier","status":"publish","type":"product","link":"https:\/\/tupique.com\/pt\/produto\/refrigerateur-combine-teka-rlf74930ss-acier\/","title":{"rendered":"R\u00e9frig\u00e9rateur Combin\u00e9 Teka RLF74930SS Acier"},"content":{"rendered":"<p>Se est\u00e1 \u00e0 procura das \u00faltimas tend\u00eancias do mercado, temos tudo o que precisa. <b>R\u00e9frig\u00e9rateur Combin\u00e9 Teka RLF74930SS Acier<\/b> !<\/p>\n<p>Le <b>r\u00e9frig\u00e9rateur combin\u00e9<\/b> a marca <b>Teka<\/b> pr\u00e9sente des dimensions de <b>1770 mm de hauteur<\/b> e <b>910 mm de largeur<\/b>, offrant un design \u00e9l\u00e9gant et moderne en <b>a\u00e7o inoxid\u00e1vel<\/b> qui assure r\u00e9sistance et facilit\u00e9 de nettoyage. Il dispose d\u2019une r\u00e9partition fonctionnelle combinant un <b>r\u00e9frig\u00e9rateur d\u2019une capacit\u00e9 nette de 344 litres<\/b> pour un stockage spacieux et accessible des aliments frais, ainsi qu\u2019un <b>cong\u00e9lateur de 185 litres<\/b> permettant de conserver efficacement et de mani\u00e8re organis\u00e9e les produits surgel\u00e9s. Il poss\u00e8de une <b>classe \u00e9nerg\u00e9tique E<\/b>, indiquant une consommation mod\u00e9r\u00e9e dans sa cat\u00e9gorie, contribuant \u00e0 un bon \u00e9quilibre entre performance et \u00e9conomie. Il se distingue \u00e9galement par l\u2019int\u00e9gration d\u2019un \u00e9clairage <b>LED<\/b>, qui optimise la visibilit\u00e9 int\u00e9rieure avec une consommation r\u00e9duite et une plus grande durabilit\u00e9. La porte am\u00e9ricaine facilite une ouverture large et pratique, id\u00e9ale pour les cuisines n\u00e9cessitant un acc\u00e8s spacieux et rapide, tout en apportant un style contemporain et fonctionnel. Cette combinaison de caract\u00e9ristiques permet de conserver les aliments dans des conditions optimales, s\u2019adaptant aux besoins de stockage des foyers recherchant fonctionnalit\u00e9 et esth\u00e9tique dans un r\u00e9frig\u00e9rateur alliant technologie efficace et grande capacit\u00e9. Dans l\u2019ensemble, ce r\u00e9frig\u00e9rateur combin\u00e9 de <b>Teka<\/b> constitue une option \u00e9quilibr\u00e9e pour les utilisateurs valorisant durabilit\u00e9, espace et design harmonieux avec des cuisines modernes.<\/p>\n<ul>\n<li>Produto de encaixe: Sim<\/li>\n<li>Bloc d\u2019Alimentation: r\u00e9seau \u00e9lectrique<\/li>\n<li>Couleur: Acier<\/li>\n<li>Classifica\u00e7\u00e3o energ\u00e9tica: E<\/li>\n<\/ul>","protected":false},"excerpt":{"rendered":"<p>Si vous \u00eates \u00e0 la recherche de nouvelles tendances sur le march\u00e9, nous vous pr\u00e9sentons R\u00e9frig\u00e9rateur Combin\u00e9 Teka RLF74930SS Acier<\/p>","protected":false},"featured_media":4384652,"comment_status":"open","ping_status":"closed","template":"","meta":{"_joinchat":[]},"product_brand":[158071],"product_cat":[157538,157539,157541],"product_tag":[157545],"class_list":{"0":"post-4384653","1":"product","2":"type-product","3":"status-publish","4":"has-post-thumbnail","6":"product_brand-brandp_1172","7":"product_cat-cuisine-gourmet","8":"product_cat-petit-electromenager","9":"product_cat-refrigerateurs-et-congelateurs","10":"product_tag-tag_930","12":"first","13":"outofstock","14":"taxable","15":"shipping-taxable","16":"purchasable","17":"product-type-simple"},"yoast_head":"<!-- This site is optimized with the Yoast SEO plugin v27.2 - https:\/\/yoast.com\/product\/yoast-seo-wordpress\/ -->\n<title>R\u00e9frig\u00e9rateur Combin\u00e9 Teka RLF74930SS Acier - Tupique<\/title>\n<meta name=\"description\" content=\"Vous cherchez R\u00e9frig\u00e9rateur Combin\u00e9 Teka RLF74930SS Acier ? Achetez des produits chez Tupique. Profitez de la livraison gratuite pour obtenir R\u00e9frig\u00e9rateur Combin\u00e9 Teka RLF74930SS Acier d\u00e8s maintenant.\" \/>\n<meta name=\"robots\" content=\"index, follow, max-snippet:-1, max-image-preview:large, max-video-preview:-1\" \/>\n<link rel=\"canonical\" href=\"https:\/\/tupique.com\/pt\/produto\/refrigerateur-combine-teka-rlf74930ss-acier\/\" \/>\n<meta property=\"og:locale\" content=\"pt_PT\" \/>\n<meta property=\"og:type\" content=\"article\" \/>\n<meta property=\"og:title\" content=\"R\u00e9frig\u00e9rateur Combin\u00e9 Teka RLF74930SS Acier - Tupique\" \/>\n<meta property=\"og:description\" content=\"Vous cherchez R\u00e9frig\u00e9rateur Combin\u00e9 Teka RLF74930SS Acier ? Achetez des produits chez Tupique. Profitez de la livraison gratuite pour obtenir R\u00e9frig\u00e9rateur Combin\u00e9 Teka RLF74930SS Acier d\u00e8s maintenant.\" \/>\n<meta property=\"og:url\" content=\"https:\/\/tupique.com\/pt\/produto\/refrigerateur-combine-teka-rlf74930ss-acier\/\" \/>\n<meta property=\"og:site_name\" content=\"Tupique\" \/>\n<meta property=\"article:modified_time\" content=\"2026-04-08T21:55:32+00:00\" \/>\n<meta name=\"twitter:card\" content=\"summary_large_image\" \/>\n<meta name=\"twitter:label1\" content=\"Tempo estimado de leitura\" \/>\n\t<meta name=\"twitter:data1\" content=\"1 minuto\" \/>\n<script type=\"application\/ld+json\" class=\"yoast-schema-graph\">{\"@context\":\"https:\/\/schema.org\",\"@graph\":[{\"@type\":\"WebPage\",\"@id\":\"https:\/\/tupique.com\/produit\/refrigerateur-combine-teka-rlf74930ss-acier\/\",\"url\":\"https:\/\/tupique.com\/produit\/refrigerateur-combine-teka-rlf74930ss-acier\/\",\"name\":\"R\u00e9frig\u00e9rateur Combin\u00e9 Teka RLF74930SS Acier - Tupique\",\"isPartOf\":{\"@id\":\"https:\/\/tupique.com\/#website\"},\"primaryImageOfPage\":{\"@id\":\"https:\/\/tupique.com\/produit\/refrigerateur-combine-teka-rlf74930ss-acier\/#primaryimage\"},\"image\":{\"@id\":\"https:\/\/tupique.com\/produit\/refrigerateur-combine-teka-rlf74930ss-acier\/#primaryimage\"},\"thumbnailUrl\":\"https:\/\/tupique.com\/wp-content\/uploads\/2026\/04\/8434778031164_S0456933_P00.jpg\",\"datePublished\":\"2026-04-08T19:01:14+00:00\",\"dateModified\":\"2026-04-08T21:55:32+00:00\",\"description\":\"Vous cherchez R\u00e9frig\u00e9rateur Combin\u00e9 Teka RLF74930SS Acier ? Achetez des produits chez Tupique. Profitez de la livraison gratuite pour obtenir R\u00e9frig\u00e9rateur Combin\u00e9 Teka RLF74930SS Acier d\u00e8s maintenant.\",\"breadcrumb\":{\"@id\":\"https:\/\/tupique.com\/produit\/refrigerateur-combine-teka-rlf74930ss-acier\/#breadcrumb\"},\"inLanguage\":\"pt-PT\",\"potentialAction\":[{\"@type\":\"ReadAction\",\"target\":[\"https:\/\/tupique.com\/produit\/refrigerateur-combine-teka-rlf74930ss-acier\/\"]}]},{\"@type\":\"ImageObject\",\"inLanguage\":\"pt-PT\",\"@id\":\"https:\/\/tupique.com\/produit\/refrigerateur-combine-teka-rlf74930ss-acier\/#primaryimage\",\"url\":\"https:\/\/tupique.com\/wp-content\/uploads\/2026\/04\/8434778031164_S0456933_P00.jpg\",\"contentUrl\":\"https:\/\/tupique.com\/wp-content\/uploads\/2026\/04\/8434778031164_S0456933_P00.jpg\",\"width\":1200,\"height\":1200,\"caption\":\"S0456933_0\"},{\"@type\":\"BreadcrumbList\",\"@id\":\"https:\/\/tupique.com\/produit\/refrigerateur-combine-teka-rlf74930ss-acier\/#breadcrumb\",\"itemListElement\":[{\"@type\":\"ListItem\",\"position\":1,\"name\":\"In\u00edcio\",\"item\":\"https:\/\/tupique.com\/\"},{\"@type\":\"ListItem\",\"position\":2,\"name\":\"Boutique\",\"item\":\"https:\/\/tupique.com\/en\/boutique\/\"},{\"@type\":\"ListItem\",\"position\":3,\"name\":\"R\u00e9frig\u00e9rateur Combin\u00e9 Teka RLF74930SS Acier\"}]},{\"@type\":\"WebSite\",\"@id\":\"https:\/\/tupique.com\/#website\",\"url\":\"https:\/\/tupique.com\/\",\"name\":\"Tupique\",\"description\":\"Marketplace\",\"publisher\":{\"@id\":\"https:\/\/tupique.com\/#organization\"},\"potentialAction\":[{\"@type\":\"SearchAction\",\"target\":{\"@type\":\"EntryPoint\",\"urlTemplate\":\"https:\/\/tupique.com\/?s={search_term_string}\"},\"query-input\":{\"@type\":\"PropertyValueSpecification\",\"valueRequired\":true,\"valueName\":\"search_term_string\"}}],\"inLanguage\":\"pt-PT\"},{\"@type\":\"Organization\",\"@id\":\"https:\/\/tupique.com\/#organization\",\"name\":\"Tupique\",\"url\":\"https:\/\/tupique.com\/\",\"logo\":{\"@type\":\"ImageObject\",\"inLanguage\":\"pt-PT\",\"@id\":\"https:\/\/tupique.com\/#\/schema\/logo\/image\/\",\"url\":\"https:\/\/tupique.com\/wp-content\/uploads\/2024\/09\/logo.png\",\"contentUrl\":\"https:\/\/tupique.com\/wp-content\/uploads\/2024\/09\/logo.png\",\"width\":1118,\"height\":310,\"caption\":\"Tupique\"},\"image\":{\"@id\":\"https:\/\/tupique.com\/#\/schema\/logo\/image\/\"}}]}<\/script>\n<!-- \/ Yoast SEO plugin. -->","yoast_head_json":{"title":"R\u00e9frig\u00e9rateur Combin\u00e9 Teka RLF74930SS Acier - Tupique","description":"Vous cherchez R\u00e9frig\u00e9rateur Combin\u00e9 Teka RLF74930SS Acier ? Achetez des produits chez Tupique. Profitez de la livraison gratuite pour obtenir R\u00e9frig\u00e9rateur Combin\u00e9 Teka RLF74930SS Acier d\u00e8s maintenant.","robots":{"index":"index","follow":"follow","max-snippet":"max-snippet:-1","max-image-preview":"max-image-preview:large","max-video-preview":"max-video-preview:-1"},"canonical":"https:\/\/tupique.com\/pt\/produto\/refrigerateur-combine-teka-rlf74930ss-acier\/","og_locale":"pt_PT","og_type":"article","og_title":"R\u00e9frig\u00e9rateur Combin\u00e9 Teka RLF74930SS Acier - Tupique","og_description":"Vous cherchez R\u00e9frig\u00e9rateur Combin\u00e9 Teka RLF74930SS Acier ? Achetez des produits chez Tupique. Profitez de la livraison gratuite pour obtenir R\u00e9frig\u00e9rateur Combin\u00e9 Teka RLF74930SS Acier d\u00e8s maintenant.","og_url":"https:\/\/tupique.com\/pt\/produto\/refrigerateur-combine-teka-rlf74930ss-acier\/","og_site_name":"Tupique","article_modified_time":"2026-04-08T21:55:32+00:00","twitter_card":"summary_large_image","twitter_misc":{"Tempo estimado de leitura":"1 minuto"},"schema":{"@context":"https:\/\/schema.org","@graph":[{"@type":"WebPage","@id":"https:\/\/tupique.com\/produit\/refrigerateur-combine-teka-rlf74930ss-acier\/","url":"https:\/\/tupique.com\/produit\/refrigerateur-combine-teka-rlf74930ss-acier\/","name":"R\u00e9frig\u00e9rateur Combin\u00e9 Teka RLF74930SS Acier - Tupique","isPartOf":{"@id":"https:\/\/tupique.com\/#website"},"primaryImageOfPage":{"@id":"https:\/\/tupique.com\/produit\/refrigerateur-combine-teka-rlf74930ss-acier\/#primaryimage"},"image":{"@id":"https:\/\/tupique.com\/produit\/refrigerateur-combine-teka-rlf74930ss-acier\/#primaryimage"},"thumbnailUrl":"https:\/\/tupique.com\/wp-content\/uploads\/2026\/04\/8434778031164_S0456933_P00.jpg","datePublished":"2026-04-08T19:01:14+00:00","dateModified":"2026-04-08T21:55:32+00:00","description":"Vous cherchez R\u00e9frig\u00e9rateur Combin\u00e9 Teka RLF74930SS Acier ? Achetez des produits chez Tupique. Profitez de la livraison gratuite pour obtenir R\u00e9frig\u00e9rateur Combin\u00e9 Teka RLF74930SS Acier d\u00e8s maintenant.","breadcrumb":{"@id":"https:\/\/tupique.com\/produit\/refrigerateur-combine-teka-rlf74930ss-acier\/#breadcrumb"},"inLanguage":"pt-PT","potentialAction":[{"@type":"ReadAction","target":["https:\/\/tupique.com\/produit\/refrigerateur-combine-teka-rlf74930ss-acier\/"]}]},{"@type":"ImageObject","inLanguage":"pt-PT","@id":"https:\/\/tupique.com\/produit\/refrigerateur-combine-teka-rlf74930ss-acier\/#primaryimage","url":"https:\/\/tupique.com\/wp-content\/uploads\/2026\/04\/8434778031164_S0456933_P00.jpg","contentUrl":"https:\/\/tupique.com\/wp-content\/uploads\/2026\/04\/8434778031164_S0456933_P00.jpg","width":1200,"height":1200,"caption":"S0456933_0"},{"@type":"BreadcrumbList","@id":"https:\/\/tupique.com\/produit\/refrigerateur-combine-teka-rlf74930ss-acier\/#breadcrumb","itemListElement":[{"@type":"ListItem","position":1,"name":"In\u00edcio","item":"https:\/\/tupique.com\/"},{"@type":"ListItem","position":2,"name":"Boutique","item":"https:\/\/tupique.com\/en\/boutique\/"},{"@type":"ListItem","position":3,"name":"R\u00e9frig\u00e9rateur Combin\u00e9 Teka RLF74930SS Acier"}]},{"@type":"WebSite","@id":"https:\/\/tupique.com\/#website","url":"https:\/\/tupique.com\/","name":"Tupique","description":"Marketplace","publisher":{"@id":"https:\/\/tupique.com\/#organization"},"potentialAction":[{"@type":"SearchAction","target":{"@type":"EntryPoint","urlTemplate":"https:\/\/tupique.com\/?s={search_term_string}"},"query-input":{"@type":"PropertyValueSpecification","valueRequired":true,"valueName":"search_term_string"}}],"inLanguage":"pt-PT"},{"@type":"Organization","@id":"https:\/\/tupique.com\/#organization","name":"Tupique","url":"https:\/\/tupique.com\/","logo":{"@type":"ImageObject","inLanguage":"pt-PT","@id":"https:\/\/tupique.com\/#\/schema\/logo\/image\/","url":"https:\/\/tupique.com\/wp-content\/uploads\/2024\/09\/logo.png","contentUrl":"https:\/\/tupique.com\/wp-content\/uploads\/2024\/09\/logo.png","width":1118,"height":310,"caption":"Tupique"},"image":{"@id":"https:\/\/tupique.com\/#\/schema\/logo\/image\/"}}]}},"jetpack_sharing_enabled":true,"_links":{"self":[{"href":"https:\/\/tupique.com\/pt\/wp-json\/wp\/v2\/product\/4384653","targetHints":{"allow":["GET"]}}],"collection":[{"href":"https:\/\/tupique.com\/pt\/wp-json\/wp\/v2\/product"}],"about":[{"href":"https:\/\/tupique.com\/pt\/wp-json\/wp\/v2\/types\/product"}],"replies":[{"embeddable":true,"href":"https:\/\/tupique.com\/pt\/wp-json\/wp\/v2\/comments?post=4384653"}],"wp:featuredmedia":[{"embeddable":true,"href":"https:\/\/tupique.com\/pt\/wp-json\/wp\/v2\/media\/4384652"}],"wp:attachment":[{"href":"https:\/\/tupique.com\/pt\/wp-json\/wp\/v2\/media?parent=4384653"}],"wp:term":[{"taxonomy":"product_brand","embeddable":true,"href":"https:\/\/tupique.com\/pt\/wp-json\/wp\/v2\/product_brand?post=4384653"},{"taxonomy":"product_cat","embeddable":true,"href":"https:\/\/tupique.com\/pt\/wp-json\/wp\/v2\/product_cat?post=4384653"},{"taxonomy":"product_tag","embeddable":true,"href":"https:\/\/tupique.com\/pt\/wp-json\/wp\/v2\/product_tag?post=4384653"}],"curies":[{"name":"wp","href":"https:\/\/api.w.org\/{rel}","templated":true}]}}