{"id":4385041,"date":"2026-04-08T23:58:33","date_gmt":"2026-04-08T22:58:33","guid":{"rendered":"https:\/\/tupique.com\/produit\/ordinateur-portable-msi-9s7-15m352-628\/"},"modified":"2026-04-08T23:58:33","modified_gmt":"2026-04-08T22:58:33","slug":"ordinateur-portable-msi-9s7-15m352-628","status":"publish","type":"product","link":"https:\/\/tupique.com\/pt\/produto\/ordinateur-portable-msi-9s7-15m352-628\/","title":{"rendered":"Ordinateur Portable MSI 9S7-15M352-628"},"content":{"rendered":"<p>Se est\u00e1 \u00e0 procura das \u00faltimas tend\u00eancias do mercado, temos tudo o que precisa. <b>Ordinateur Portable MSI 9S7-15M352-628<\/b> !<\/p>\n<ul>\n<li>Type de m\u00e9moire:\n<ul>\n<li>SDRAM<\/li>\n<li>DDR5 SDRAM<\/li>\n<\/ul>\n<\/li>\n<li>Clavier: Espagnol Qwerty<\/li>\n<li>Tipo:\n<ul>\n<li>Ordinateur Portable<\/li>\n<li>Clavier num\u00e9rique<\/li>\n<li>Touchpad<\/li>\n<\/ul>\n<\/li>\n<li>Produto de encaixe: Sim<\/li>\n<li>Tipo de tomada: tomada UE<\/li>\n<li>Alimenta\u00e7\u00e3o el\u00e9ctrica:\n<ul>\n<li>r\u00e9seau \u00e9lectrique<\/li>\n<li>USB<\/li>\n<\/ul>\n<\/li>\n<li>Cor: cinzento<\/li>\n<li>Ecr\u00e3 t\u00e1til: N\u00e3o<\/li>\n<li>Type d&#8217;unit\u00e9 optique: Non<\/li>\n<li>Son: 2 W<\/li>\n<li>Inclui:\n<ul>\n<li>Touchpad<\/li>\n<li>Webcam<\/li>\n<li>SSD x 1<\/li>\n<\/ul>\n<\/li>\n<li>Cartes M\u00e9moire Compatibles: SD<\/li>\n<li>Capacit\u00e9 de la batterie: 90 Wh<\/li>\n<li>Type de stockage: SSD<\/li>\n<li>Conectividade:\n<ul>\n<li>Bluetooth<\/li>\n<li>Wi-Fi<\/li>\n<li>LAN Ethernet<\/li>\n<li>6 GHz Wi-Fi<\/li>\n<li>Bluetooth 5.3<\/li>\n<li>Wi-Fi 6E ghz<\/li>\n<\/ul>\n<\/li>\n<li>Liga\u00e7\u00f5es:\n<ul>\n<li>HDMI<\/li>\n<li>LAN Ethernet<\/li>\n<li>M.2<\/li>\n<li>RJ45<\/li>\n<li>HDMI 2.1 x 1<\/li>\n<li>PCI Express 4.0<\/li>\n<li>C\u00e2ble jack 3,3 mm<\/li>\n<\/ul>\n<\/li>\n<li>Resolu\u00e7\u00e3o (px):\n<ul>\n<li>2560 x 1600 px<\/li>\n<li>1920 x 1080 px<\/li>\n<\/ul>\n<\/li>\n<li>Ecran: 16&#8243;<\/li>\n<li>M\u00e9moire RAM: 32 GB RAM<\/li>\n<li>Disque dur: 1 TB SSD<\/li>\n<li>Carater\u00edsticas:\n<ul>\n<li>C\u00e2mara frontal<\/li>\n<li>Retroiluminado<\/li>\n<li>Lecteur de Cartes<\/li>\n<li>2 altifalantes<\/li>\n<li>Adaptateur graphique int\u00e9gr\u00e9<\/li>\n<\/ul>\n<\/li>\n<li>Rapport d&#8217;aspect: 16:10<\/li>\n<li>Resolu\u00e7\u00e3o: Full HD<\/li>\n<li>Fr\u00e9quence: 240 Hz<\/li>\n<li>Brilho: 500 cd\/m2<\/li>\n<li>vitesse:\n<ul>\n<li>30 fps<\/li>\n<li>2500 Mbps<\/li>\n<li>5,4 GHz<\/li>\n<\/ul>\n<\/li>\n<li>Syst\u00e8me d&#8217;exploitation: FreeDOS<\/li>\n<li>Non Inclus:\n<ul>\n<li>Type d&#8217;unit\u00e9 optique<\/li>\n<li>Adaptateur AC<\/li>\n<li>Liga\u00e7\u00e3o \u00e0 rede m\u00f3vel<\/li>\n<\/ul>\n<\/li>\n<li>Format:\n<ul>\n<li>M.2<\/li>\n<li>2 x 16 GB<\/li>\n<\/ul>\n<\/li>\n<li>puissance: 330 W<\/li>\n<li>Facteur de forme: SO-DIMM<\/li>\n<li>Connecteurs: Kensington<\/li>\n<li>Tension d&#8217;entr\u00e9e AC: 90 &#8211; 264 V<\/li>\n<li>N\u00facleos:\n<ul>\n<li>8 n\u00facleos<\/li>\n<li>16 n\u00facleos<\/li>\n<li>24 Noyaux<\/li>\n<\/ul>\n<\/li>\n<li>Fam\u00edlia de processadores: Intel<\/li>\n<li>Carte Graphique: RTX 5080<\/li>\n<li>Processeur: intel core ultra 9 275HX<\/li>\n<\/ul>","protected":false},"excerpt":{"rendered":"<p>Si vous \u00eates \u00e0 la recherche de nouvelles tendances sur le march\u00e9, nous vous pr\u00e9sentons Ordinateur Portable MSI 9S7-15M352-628 !<\/p>","protected":false},"featured_media":4385037,"comment_status":"open","ping_status":"closed","template":"","meta":{"_joinchat":[]},"product_brand":[158016],"product_cat":[157516,157583,155043],"product_tag":[157514,157515],"class_list":{"0":"post-4385041","1":"product","2":"type-product","3":"status-publish","4":"has-post-thumbnail","6":"product_brand-brandp_565","7":"product_cat-informatique-electronique","8":"product_cat-informatique-ordinateurs","9":"product_cat-notebooks","10":"product_tag-tag_933","11":"product_tag-tag_1295","13":"first","14":"instock","15":"taxable","16":"shipping-taxable","17":"purchasable","18":"product-type-simple"},"yoast_head":"<!-- This site is optimized with the Yoast SEO plugin v27.2 - https:\/\/yoast.com\/product\/yoast-seo-wordpress\/ -->\n<title>Ordinateur Portable MSI 9S7-15M352-628 - Tupique<\/title>\n<meta name=\"description\" content=\"Vous cherchez Ordinateur Portable MSI 9S7-15M352-628 ? Achetez des produits chez Tupique. Profitez de la livraison gratuite pour obtenir Ordinateur Portable MSI 9S7-15M352-628 d\u00e8s maintenant.\" \/>\n<meta name=\"robots\" content=\"index, follow, max-snippet:-1, max-image-preview:large, max-video-preview:-1\" \/>\n<link rel=\"canonical\" href=\"https:\/\/tupique.com\/pt\/produto\/ordinateur-portable-msi-9s7-15m352-628\/\" \/>\n<meta property=\"og:locale\" content=\"pt_PT\" \/>\n<meta property=\"og:type\" content=\"article\" \/>\n<meta property=\"og:title\" content=\"Ordinateur Portable MSI 9S7-15M352-628 - Tupique\" \/>\n<meta property=\"og:description\" content=\"Vous cherchez Ordinateur Portable MSI 9S7-15M352-628 ? Achetez des produits chez Tupique. Profitez de la livraison gratuite pour obtenir Ordinateur Portable MSI 9S7-15M352-628 d\u00e8s maintenant.\" \/>\n<meta property=\"og:url\" content=\"https:\/\/tupique.com\/pt\/produto\/ordinateur-portable-msi-9s7-15m352-628\/\" \/>\n<meta property=\"og:site_name\" content=\"Tupique\" \/>\n<meta name=\"twitter:card\" content=\"summary_large_image\" \/>\n<meta name=\"twitter:label1\" content=\"Tempo estimado de leitura\" \/>\n\t<meta name=\"twitter:data1\" content=\"1 minuto\" \/>\n<script type=\"application\/ld+json\" class=\"yoast-schema-graph\">{\"@context\":\"https:\/\/schema.org\",\"@graph\":[{\"@type\":\"WebPage\",\"@id\":\"https:\/\/tupique.com\/produit\/ordinateur-portable-msi-9s7-15m352-628\/\",\"url\":\"https:\/\/tupique.com\/produit\/ordinateur-portable-msi-9s7-15m352-628\/\",\"name\":\"Ordinateur Portable MSI 9S7-15M352-628 - Tupique\",\"isPartOf\":{\"@id\":\"https:\/\/tupique.com\/#website\"},\"primaryImageOfPage\":{\"@id\":\"https:\/\/tupique.com\/produit\/ordinateur-portable-msi-9s7-15m352-628\/#primaryimage\"},\"image\":{\"@id\":\"https:\/\/tupique.com\/produit\/ordinateur-portable-msi-9s7-15m352-628\/#primaryimage\"},\"thumbnailUrl\":\"https:\/\/tupique.com\/wp-content\/uploads\/2026\/04\/4711377389426_M0330441_P00.jpg\",\"datePublished\":\"2026-04-08T22:58:33+00:00\",\"description\":\"Vous cherchez Ordinateur Portable MSI 9S7-15M352-628 ? Achetez des produits chez Tupique. Profitez de la livraison gratuite pour obtenir Ordinateur Portable MSI 9S7-15M352-628 d\u00e8s maintenant.\",\"breadcrumb\":{\"@id\":\"https:\/\/tupique.com\/produit\/ordinateur-portable-msi-9s7-15m352-628\/#breadcrumb\"},\"inLanguage\":\"pt-PT\",\"potentialAction\":[{\"@type\":\"ReadAction\",\"target\":[\"https:\/\/tupique.com\/produit\/ordinateur-portable-msi-9s7-15m352-628\/\"]}]},{\"@type\":\"ImageObject\",\"inLanguage\":\"pt-PT\",\"@id\":\"https:\/\/tupique.com\/produit\/ordinateur-portable-msi-9s7-15m352-628\/#primaryimage\",\"url\":\"https:\/\/tupique.com\/wp-content\/uploads\/2026\/04\/4711377389426_M0330441_P00.jpg\",\"contentUrl\":\"https:\/\/tupique.com\/wp-content\/uploads\/2026\/04\/4711377389426_M0330441_P00.jpg\",\"width\":1200,\"height\":1200,\"caption\":\"S55313094_0\"},{\"@type\":\"BreadcrumbList\",\"@id\":\"https:\/\/tupique.com\/produit\/ordinateur-portable-msi-9s7-15m352-628\/#breadcrumb\",\"itemListElement\":[{\"@type\":\"ListItem\",\"position\":1,\"name\":\"In\u00edcio\",\"item\":\"https:\/\/tupique.com\/\"},{\"@type\":\"ListItem\",\"position\":2,\"name\":\"Boutique\",\"item\":\"https:\/\/tupique.com\/en\/boutique\/\"},{\"@type\":\"ListItem\",\"position\":3,\"name\":\"Ordinateur Portable MSI 9S7-15M352-628\"}]},{\"@type\":\"WebSite\",\"@id\":\"https:\/\/tupique.com\/#website\",\"url\":\"https:\/\/tupique.com\/\",\"name\":\"Tupique\",\"description\":\"Marketplace\",\"publisher\":{\"@id\":\"https:\/\/tupique.com\/#organization\"},\"potentialAction\":[{\"@type\":\"SearchAction\",\"target\":{\"@type\":\"EntryPoint\",\"urlTemplate\":\"https:\/\/tupique.com\/?s={search_term_string}\"},\"query-input\":{\"@type\":\"PropertyValueSpecification\",\"valueRequired\":true,\"valueName\":\"search_term_string\"}}],\"inLanguage\":\"pt-PT\"},{\"@type\":\"Organization\",\"@id\":\"https:\/\/tupique.com\/#organization\",\"name\":\"Tupique\",\"url\":\"https:\/\/tupique.com\/\",\"logo\":{\"@type\":\"ImageObject\",\"inLanguage\":\"pt-PT\",\"@id\":\"https:\/\/tupique.com\/#\/schema\/logo\/image\/\",\"url\":\"https:\/\/tupique.com\/wp-content\/uploads\/2024\/09\/logo.png\",\"contentUrl\":\"https:\/\/tupique.com\/wp-content\/uploads\/2024\/09\/logo.png\",\"width\":1118,\"height\":310,\"caption\":\"Tupique\"},\"image\":{\"@id\":\"https:\/\/tupique.com\/#\/schema\/logo\/image\/\"}}]}<\/script>\n<!-- \/ Yoast SEO plugin. -->","yoast_head_json":{"title":"Ordinateur Portable MSI 9S7-15M352-628 - Tupique","description":"Vous cherchez Ordinateur Portable MSI 9S7-15M352-628 ? Achetez des produits chez Tupique. Profitez de la livraison gratuite pour obtenir Ordinateur Portable MSI 9S7-15M352-628 d\u00e8s maintenant.","robots":{"index":"index","follow":"follow","max-snippet":"max-snippet:-1","max-image-preview":"max-image-preview:large","max-video-preview":"max-video-preview:-1"},"canonical":"https:\/\/tupique.com\/pt\/produto\/ordinateur-portable-msi-9s7-15m352-628\/","og_locale":"pt_PT","og_type":"article","og_title":"Ordinateur Portable MSI 9S7-15M352-628 - Tupique","og_description":"Vous cherchez Ordinateur Portable MSI 9S7-15M352-628 ? Achetez des produits chez Tupique. Profitez de la livraison gratuite pour obtenir Ordinateur Portable MSI 9S7-15M352-628 d\u00e8s maintenant.","og_url":"https:\/\/tupique.com\/pt\/produto\/ordinateur-portable-msi-9s7-15m352-628\/","og_site_name":"Tupique","twitter_card":"summary_large_image","twitter_misc":{"Tempo estimado de leitura":"1 minuto"},"schema":{"@context":"https:\/\/schema.org","@graph":[{"@type":"WebPage","@id":"https:\/\/tupique.com\/produit\/ordinateur-portable-msi-9s7-15m352-628\/","url":"https:\/\/tupique.com\/produit\/ordinateur-portable-msi-9s7-15m352-628\/","name":"Ordinateur Portable MSI 9S7-15M352-628 - Tupique","isPartOf":{"@id":"https:\/\/tupique.com\/#website"},"primaryImageOfPage":{"@id":"https:\/\/tupique.com\/produit\/ordinateur-portable-msi-9s7-15m352-628\/#primaryimage"},"image":{"@id":"https:\/\/tupique.com\/produit\/ordinateur-portable-msi-9s7-15m352-628\/#primaryimage"},"thumbnailUrl":"https:\/\/tupique.com\/wp-content\/uploads\/2026\/04\/4711377389426_M0330441_P00.jpg","datePublished":"2026-04-08T22:58:33+00:00","description":"Vous cherchez Ordinateur Portable MSI 9S7-15M352-628 ? Achetez des produits chez Tupique. Profitez de la livraison gratuite pour obtenir Ordinateur Portable MSI 9S7-15M352-628 d\u00e8s maintenant.","breadcrumb":{"@id":"https:\/\/tupique.com\/produit\/ordinateur-portable-msi-9s7-15m352-628\/#breadcrumb"},"inLanguage":"pt-PT","potentialAction":[{"@type":"ReadAction","target":["https:\/\/tupique.com\/produit\/ordinateur-portable-msi-9s7-15m352-628\/"]}]},{"@type":"ImageObject","inLanguage":"pt-PT","@id":"https:\/\/tupique.com\/produit\/ordinateur-portable-msi-9s7-15m352-628\/#primaryimage","url":"https:\/\/tupique.com\/wp-content\/uploads\/2026\/04\/4711377389426_M0330441_P00.jpg","contentUrl":"https:\/\/tupique.com\/wp-content\/uploads\/2026\/04\/4711377389426_M0330441_P00.jpg","width":1200,"height":1200,"caption":"S55313094_0"},{"@type":"BreadcrumbList","@id":"https:\/\/tupique.com\/produit\/ordinateur-portable-msi-9s7-15m352-628\/#breadcrumb","itemListElement":[{"@type":"ListItem","position":1,"name":"In\u00edcio","item":"https:\/\/tupique.com\/"},{"@type":"ListItem","position":2,"name":"Boutique","item":"https:\/\/tupique.com\/en\/boutique\/"},{"@type":"ListItem","position":3,"name":"Ordinateur Portable MSI 9S7-15M352-628"}]},{"@type":"WebSite","@id":"https:\/\/tupique.com\/#website","url":"https:\/\/tupique.com\/","name":"Tupique","description":"Marketplace","publisher":{"@id":"https:\/\/tupique.com\/#organization"},"potentialAction":[{"@type":"SearchAction","target":{"@type":"EntryPoint","urlTemplate":"https:\/\/tupique.com\/?s={search_term_string}"},"query-input":{"@type":"PropertyValueSpecification","valueRequired":true,"valueName":"search_term_string"}}],"inLanguage":"pt-PT"},{"@type":"Organization","@id":"https:\/\/tupique.com\/#organization","name":"Tupique","url":"https:\/\/tupique.com\/","logo":{"@type":"ImageObject","inLanguage":"pt-PT","@id":"https:\/\/tupique.com\/#\/schema\/logo\/image\/","url":"https:\/\/tupique.com\/wp-content\/uploads\/2024\/09\/logo.png","contentUrl":"https:\/\/tupique.com\/wp-content\/uploads\/2024\/09\/logo.png","width":1118,"height":310,"caption":"Tupique"},"image":{"@id":"https:\/\/tupique.com\/#\/schema\/logo\/image\/"}}]}},"jetpack_sharing_enabled":true,"_links":{"self":[{"href":"https:\/\/tupique.com\/pt\/wp-json\/wp\/v2\/product\/4385041","targetHints":{"allow":["GET"]}}],"collection":[{"href":"https:\/\/tupique.com\/pt\/wp-json\/wp\/v2\/product"}],"about":[{"href":"https:\/\/tupique.com\/pt\/wp-json\/wp\/v2\/types\/product"}],"replies":[{"embeddable":true,"href":"https:\/\/tupique.com\/pt\/wp-json\/wp\/v2\/comments?post=4385041"}],"wp:featuredmedia":[{"embeddable":true,"href":"https:\/\/tupique.com\/pt\/wp-json\/wp\/v2\/media\/4385037"}],"wp:attachment":[{"href":"https:\/\/tupique.com\/pt\/wp-json\/wp\/v2\/media?parent=4385041"}],"wp:term":[{"taxonomy":"product_brand","embeddable":true,"href":"https:\/\/tupique.com\/pt\/wp-json\/wp\/v2\/product_brand?post=4385041"},{"taxonomy":"product_cat","embeddable":true,"href":"https:\/\/tupique.com\/pt\/wp-json\/wp\/v2\/product_cat?post=4385041"},{"taxonomy":"product_tag","embeddable":true,"href":"https:\/\/tupique.com\/pt\/wp-json\/wp\/v2\/product_tag?post=4385041"}],"curies":[{"name":"wp","href":"https:\/\/api.w.org\/{rel}","templated":true}]}}