{"id":4385088,"date":"2026-04-08T23:59:32","date_gmt":"2026-04-08T22:59:32","guid":{"rendered":"https:\/\/tupique.com\/produit\/smartphone-samsung-xcover-7-pro-sm-g766b-66-6-gb-ram-128-gb-noir\/"},"modified":"2026-04-08T23:59:32","modified_gmt":"2026-04-08T22:59:32","slug":"smartphone-samsung-xcover-7-pro-sm-g766b-66-6-gb-ram-128-gb-noir","status":"publish","type":"product","link":"https:\/\/tupique.com\/pt\/produto\/smartphone-samsung-xcover-7-pro-sm-g766b-66-6-gb-ram-128-gb-noir\/","title":{"rendered":"Smartphone Samsung XCOVER 7 PRO SM-G766B 6,6&#8243; 6 GB RAM 128 GB Noir"},"content":{"rendered":"<p>Se est\u00e1 \u00e0 procura das \u00faltimas tend\u00eancias do mercado, temos tudo o que precisa. <b>Smartphone Samsung XCOVER 7 PRO SM-G766B 6,6&#8243; 6 GB RAM 128 GB Noir<\/b> !<\/p>\n<p>Le <b>Galaxy XCover7 Pro<\/b> de <b>Samsung<\/b> \u00e9 um <b>smartphone<\/b> con\u00e7u sp\u00e9cialement pour ceux qui recherchent durabilit\u00e9 et fiabilit\u00e9 dans des environnements exigeants, alliant des performances robustes \u00e0 la fonctionnalit\u00e9 d\u2019un appareil moderne. Ce mod\u00e8le dispose d\u2019un <b>\u00e9cran de 6,6 pouces<\/b> offrant un large espace visuel pour faciliter la lecture et la navigation, m\u00eame sous diff\u00e9rentes conditions de luminosit\u00e9 gr\u00e2ce \u00e0 son <b>capteur de lumi\u00e8re ambiante<\/b>, garantissant une visibilit\u00e9 optimale en toutes circonstances. Il est \u00e9quip\u00e9 de <b>6 Go de RAM<\/b> et de <b>128 Go de stockage interne<\/b>, assurant une ex\u00e9cution fluide de plusieurs applications et un espace suffisant pour documents, photos et vid\u00e9os, id\u00e9al pour un usage professionnel ou personnel. Sa <b>construction r\u00e9sistante \u00e0 l\u2019eau et \u00e0 la poussi\u00e8re<\/b> fait du Galaxy XCover7 Pro un choix adapt\u00e9 aux activit\u00e9s ext\u00e9rieures ou aux environnements industriels, prolongeant la dur\u00e9e de vie de l\u2019appareil face aux chocs, \u00e9claboussures ou conditions difficiles. Son design en <b>preto<\/b> conf\u00e8re une allure sobre et discr\u00e8te, parfaite pour tout cadre professionnel. Parmi ses atouts, on retrouve un <b>GPS<\/b> haute pr\u00e9cision, utile pour la navigation et la localisation en temps r\u00e9el, ainsi que des fonctions de messagerie avanc\u00e9es comme le <b>MMS<\/b> et des outils d\u00e9di\u00e9s aux environnements professionnels n\u00e9cessitant une communication et une gestion des donn\u00e9es fiables. Ce smartphone constitue ainsi une solution \u00e9quilibr\u00e9e pour les professionnels et utilisateurs actifs, se positionnant comme une alternative robuste et polyvalente dans la gamme des appareils r\u00e9sistants de Samsung.<\/p>\n<ul>\n<li>Produto de encaixe: Sim<\/li>\n<li>Tipo:\n<ul>\n<li>Smartphone<\/li>\n<li>Dual SIM<\/li>\n<\/ul>\n<\/li>\n<li>Diagonale de l&#8217;\u00e9cran (cm): 16,8 cm<\/li>\n<li>Cor: preto<\/li>\n<li>Carater\u00edsticas:\n<ul>\n<li>GPS<\/li>\n<li>Sensor de luz ambiente<\/li>\n<li>MMS<\/li>\n<li>R\u00e9sistant \u00e0 l&#8217;eau et \u00e0 la poussi\u00e8re<\/li>\n<li>Videochamada<\/li>\n<li>Autofocus<\/li>\n<li>Google Play<\/li>\n<li>Carregamento r\u00e1pido e fi\u00e1vel<\/li>\n<li>SMS<\/li>\n<li>Leitor de impress\u00f5es digitais<\/li>\n<li>Sensor geomagn\u00e9tico<\/li>\n<li>Sensor de proximidade<\/li>\n<li>Vidro Gorila<\/li>\n<li>Ecr\u00e3 plano<\/li>\n<\/ul>\n<\/li>\n<li>Liga\u00e7\u00f5es:\n<ul>\n<li>USB-C<\/li>\n<li>Dual SIM<\/li>\n<li>USB 3.2<\/li>\n<\/ul>\n<\/li>\n<li>Zoom Num\u00e9rique: 10x<\/li>\n<li>Conectividade:\n<ul>\n<li>Bluetooth<\/li>\n<li>Wi-Fi<\/li>\n<li>BeiDou<\/li>\n<li>5G<\/li>\n<li>6 GHz Wi-Fi<\/li>\n<\/ul>\n<\/li>\n<li>Classifica\u00e7\u00e3o energ\u00e9tica: B<\/li>\n<li>Sistema operativo: Android<\/li>\n<li>Facteur de forme: Bar<\/li>\n<li>Abertura: F\/1.8<\/li>\n<li>Capteurs:\n<ul>\n<li>Aceler\u00f3metro<\/li>\n<li>Girosc\u00f3pio<\/li>\n<\/ul>\n<\/li>\n<li>Classifica\u00e7\u00e3o IP: IP68<\/li>\n<li>Fonte de alimenta\u00e7\u00e3o: USB<\/li>\n<li>Ecran: 6,6&#8243;<\/li>\n<li>Poids approx.: 240 g<\/li>\n<li>C\u00e2mara:\n<ul>\n<li>Dual<\/li>\n<li>8 MP<\/li>\n<li>13 MP<\/li>\n<li>Frente<\/li>\n<\/ul>\n<\/li>\n<li>Tecnologia:\n<ul>\n<li>M\u00edmica<\/li>\n<li>Glonass<\/li>\n<li>PLS<\/li>\n<\/ul>\n<\/li>\n<li>R\u00e9solution:\n<ul>\n<li>1080 p<\/li>\n<li>2408 x 1080 px<\/li>\n<\/ul>\n<\/li>\n<li>N\u00e3o inclu\u00eddo: adaptador AC<\/li>\n<li>Taille maximale de la carte m\u00e9moire: 2 TB<\/li>\n<li>Autonomie approx.: 22 heures<\/li>\n<li>Frequ\u00eancia:\n<ul>\n<li>120 Hz<\/li>\n<li>2,5 GHz<\/li>\n<\/ul>\n<\/li>\n<li>Cart\u00f5es de mem\u00f3ria compat\u00edveis: MicroSD (TransFlash)<\/li>\n<li>Mem\u00f3ria interna: 128 GB<\/li>\n<li>Tipo de bateria: i\u00f5es de l\u00edtio<\/li>\n<li>M\u00e9moire RAM: 6 GB RAM<\/li>\n<li>N\u00facleos: 8 n\u00facleos<\/li>\n<li>vitesse: 1.8 GHz<\/li>\n<li>Fam\u00edlia de processadores: Qualcomm Snapdragon<\/li>\n<li>Resolu\u00e7\u00e3o (px): 3840 x 2160 px<\/li>\n<\/ul>","protected":false},"excerpt":{"rendered":"<p>Si vous \u00eates \u00e0 la recherche de nouvelles tendances sur le march\u00e9, nous vous pr\u00e9sentons Smartphone Samsung XCOVER 7 PRO<\/p>","protected":false},"featured_media":4385085,"comment_status":"open","ping_status":"closed","template":"","meta":{"_joinchat":[]},"product_brand":[157883],"product_cat":[157523,157516,157524],"product_tag":[157514,157522,157515],"class_list":{"0":"post-4385088","1":"product","2":"type-product","3":"status-publish","4":"has-post-thumbnail","6":"product_brand-brandp_576","7":"product_cat-electronique-telephonie-et-tablettes","8":"product_cat-informatique-electronique","9":"product_cat-telephones-portables","10":"product_tag-tag_933","11":"product_tag-tag_547","12":"product_tag-tag_1295","14":"first","15":"outofstock","16":"taxable","17":"shipping-taxable","18":"purchasable","19":"product-type-simple"},"yoast_head":"<!-- This site is optimized with the Yoast SEO plugin v27.2 - https:\/\/yoast.com\/product\/yoast-seo-wordpress\/ -->\n<title>Smartphone Samsung XCOVER 7 PRO SM-G766B 6,6&quot; 6 GB RAM 128 GB Noir - Tupique<\/title>\n<meta name=\"description\" content=\"Vous cherchez Smartphone Samsung XCOVER 7 PRO SM-G766B 6,6&quot; 6 GB RAM 128 GB Noir ? Achetez des produits chez Tupique. Profitez de la livraison gratuite pour obtenir Smartphone Samsung XCOVER 7 PRO SM-G766B 6,6&quot; 6 GB RAM 128 GB Noir d\u00e8s maintenant.\" \/>\n<meta name=\"robots\" content=\"index, follow, max-snippet:-1, max-image-preview:large, max-video-preview:-1\" \/>\n<link rel=\"canonical\" href=\"https:\/\/tupique.com\/pt\/produto\/smartphone-samsung-xcover-7-pro-sm-g766b-66-6-gb-ram-128-gb-noir\/\" \/>\n<meta property=\"og:locale\" content=\"pt_PT\" \/>\n<meta property=\"og:type\" content=\"article\" \/>\n<meta property=\"og:title\" content=\"Smartphone Samsung XCOVER 7 PRO SM-G766B 6,6&quot; 6 GB RAM 128 GB Noir - Tupique\" \/>\n<meta property=\"og:description\" content=\"Vous cherchez Smartphone Samsung XCOVER 7 PRO SM-G766B 6,6&quot; 6 GB RAM 128 GB Noir ? Achetez des produits chez Tupique. Profitez de la livraison gratuite pour obtenir Smartphone Samsung XCOVER 7 PRO SM-G766B 6,6&quot; 6 GB RAM 128 GB Noir d\u00e8s maintenant.\" \/>\n<meta property=\"og:url\" content=\"https:\/\/tupique.com\/pt\/produto\/smartphone-samsung-xcover-7-pro-sm-g766b-66-6-gb-ram-128-gb-noir\/\" \/>\n<meta property=\"og:site_name\" content=\"Tupique\" \/>\n<meta name=\"twitter:card\" content=\"summary_large_image\" \/>\n<meta name=\"twitter:label1\" content=\"Tempo estimado de leitura\" \/>\n\t<meta name=\"twitter:data1\" content=\"2 minutos\" \/>\n<script type=\"application\/ld+json\" class=\"yoast-schema-graph\">{\"@context\":\"https:\/\/schema.org\",\"@graph\":[{\"@type\":\"WebPage\",\"@id\":\"https:\/\/tupique.com\/produit\/smartphone-samsung-xcover-7-pro-sm-g766b-66-6-gb-ram-128-gb-noir\/\",\"url\":\"https:\/\/tupique.com\/produit\/smartphone-samsung-xcover-7-pro-sm-g766b-66-6-gb-ram-128-gb-noir\/\",\"name\":\"Smartphone Samsung XCOVER 7 PRO SM-G766B 6,6\\\" 6 GB RAM 128 GB Noir - Tupique\",\"isPartOf\":{\"@id\":\"https:\/\/tupique.com\/#website\"},\"primaryImageOfPage\":{\"@id\":\"https:\/\/tupique.com\/produit\/smartphone-samsung-xcover-7-pro-sm-g766b-66-6-gb-ram-128-gb-noir\/#primaryimage\"},\"image\":{\"@id\":\"https:\/\/tupique.com\/produit\/smartphone-samsung-xcover-7-pro-sm-g766b-66-6-gb-ram-128-gb-noir\/#primaryimage\"},\"thumbnailUrl\":\"https:\/\/tupique.com\/wp-content\/uploads\/2026\/04\/8806097068303_I00.jpg\",\"datePublished\":\"2026-04-08T22:59:32+00:00\",\"description\":\"Vous cherchez Smartphone Samsung XCOVER 7 PRO SM-G766B 6,6\\\" 6 GB RAM 128 GB Noir ? Achetez des produits chez Tupique. Profitez de la livraison gratuite pour obtenir Smartphone Samsung XCOVER 7 PRO SM-G766B 6,6\\\" 6 GB RAM 128 GB Noir d\u00e8s maintenant.\",\"breadcrumb\":{\"@id\":\"https:\/\/tupique.com\/produit\/smartphone-samsung-xcover-7-pro-sm-g766b-66-6-gb-ram-128-gb-noir\/#breadcrumb\"},\"inLanguage\":\"pt-PT\",\"potentialAction\":[{\"@type\":\"ReadAction\",\"target\":[\"https:\/\/tupique.com\/produit\/smartphone-samsung-xcover-7-pro-sm-g766b-66-6-gb-ram-128-gb-noir\/\"]}]},{\"@type\":\"ImageObject\",\"inLanguage\":\"pt-PT\",\"@id\":\"https:\/\/tupique.com\/produit\/smartphone-samsung-xcover-7-pro-sm-g766b-66-6-gb-ram-128-gb-noir\/#primaryimage\",\"url\":\"https:\/\/tupique.com\/wp-content\/uploads\/2026\/04\/8806097068303_I00.jpg\",\"contentUrl\":\"https:\/\/tupique.com\/wp-content\/uploads\/2026\/04\/8806097068303_I00.jpg\",\"width\":1200,\"height\":1200,\"caption\":\"S8111046_0\"},{\"@type\":\"BreadcrumbList\",\"@id\":\"https:\/\/tupique.com\/produit\/smartphone-samsung-xcover-7-pro-sm-g766b-66-6-gb-ram-128-gb-noir\/#breadcrumb\",\"itemListElement\":[{\"@type\":\"ListItem\",\"position\":1,\"name\":\"In\u00edcio\",\"item\":\"https:\/\/tupique.com\/\"},{\"@type\":\"ListItem\",\"position\":2,\"name\":\"Boutique\",\"item\":\"https:\/\/tupique.com\/en\/boutique\/\"},{\"@type\":\"ListItem\",\"position\":3,\"name\":\"Smartphone Samsung XCOVER 7 PRO SM-G766B 6,6&#8243; 6 GB RAM 128 GB Noir\"}]},{\"@type\":\"WebSite\",\"@id\":\"https:\/\/tupique.com\/#website\",\"url\":\"https:\/\/tupique.com\/\",\"name\":\"Tupique\",\"description\":\"Marketplace\",\"publisher\":{\"@id\":\"https:\/\/tupique.com\/#organization\"},\"potentialAction\":[{\"@type\":\"SearchAction\",\"target\":{\"@type\":\"EntryPoint\",\"urlTemplate\":\"https:\/\/tupique.com\/?s={search_term_string}\"},\"query-input\":{\"@type\":\"PropertyValueSpecification\",\"valueRequired\":true,\"valueName\":\"search_term_string\"}}],\"inLanguage\":\"pt-PT\"},{\"@type\":\"Organization\",\"@id\":\"https:\/\/tupique.com\/#organization\",\"name\":\"Tupique\",\"url\":\"https:\/\/tupique.com\/\",\"logo\":{\"@type\":\"ImageObject\",\"inLanguage\":\"pt-PT\",\"@id\":\"https:\/\/tupique.com\/#\/schema\/logo\/image\/\",\"url\":\"https:\/\/tupique.com\/wp-content\/uploads\/2024\/09\/logo.png\",\"contentUrl\":\"https:\/\/tupique.com\/wp-content\/uploads\/2024\/09\/logo.png\",\"width\":1118,\"height\":310,\"caption\":\"Tupique\"},\"image\":{\"@id\":\"https:\/\/tupique.com\/#\/schema\/logo\/image\/\"}}]}<\/script>\n<!-- \/ Yoast SEO plugin. -->","yoast_head_json":{"title":"Smartphone Samsung XCOVER 7 PRO SM-G766B 6,6\" 6 GB RAM 128 GB Noir - Tupique","description":"Vous cherchez Smartphone Samsung XCOVER 7 PRO SM-G766B 6,6\" 6 GB RAM 128 GB Noir ? Achetez des produits chez Tupique. Profitez de la livraison gratuite pour obtenir Smartphone Samsung XCOVER 7 PRO SM-G766B 6,6\" 6 GB RAM 128 GB Noir d\u00e8s maintenant.","robots":{"index":"index","follow":"follow","max-snippet":"max-snippet:-1","max-image-preview":"max-image-preview:large","max-video-preview":"max-video-preview:-1"},"canonical":"https:\/\/tupique.com\/pt\/produto\/smartphone-samsung-xcover-7-pro-sm-g766b-66-6-gb-ram-128-gb-noir\/","og_locale":"pt_PT","og_type":"article","og_title":"Smartphone Samsung XCOVER 7 PRO SM-G766B 6,6\" 6 GB RAM 128 GB Noir - Tupique","og_description":"Vous cherchez Smartphone Samsung XCOVER 7 PRO SM-G766B 6,6\" 6 GB RAM 128 GB Noir ? Achetez des produits chez Tupique. Profitez de la livraison gratuite pour obtenir Smartphone Samsung XCOVER 7 PRO SM-G766B 6,6\" 6 GB RAM 128 GB Noir d\u00e8s maintenant.","og_url":"https:\/\/tupique.com\/pt\/produto\/smartphone-samsung-xcover-7-pro-sm-g766b-66-6-gb-ram-128-gb-noir\/","og_site_name":"Tupique","twitter_card":"summary_large_image","twitter_misc":{"Tempo estimado de leitura":"2 minutos"},"schema":{"@context":"https:\/\/schema.org","@graph":[{"@type":"WebPage","@id":"https:\/\/tupique.com\/produit\/smartphone-samsung-xcover-7-pro-sm-g766b-66-6-gb-ram-128-gb-noir\/","url":"https:\/\/tupique.com\/produit\/smartphone-samsung-xcover-7-pro-sm-g766b-66-6-gb-ram-128-gb-noir\/","name":"Smartphone Samsung XCOVER 7 PRO SM-G766B 6,6\" 6 GB RAM 128 GB Noir - Tupique","isPartOf":{"@id":"https:\/\/tupique.com\/#website"},"primaryImageOfPage":{"@id":"https:\/\/tupique.com\/produit\/smartphone-samsung-xcover-7-pro-sm-g766b-66-6-gb-ram-128-gb-noir\/#primaryimage"},"image":{"@id":"https:\/\/tupique.com\/produit\/smartphone-samsung-xcover-7-pro-sm-g766b-66-6-gb-ram-128-gb-noir\/#primaryimage"},"thumbnailUrl":"https:\/\/tupique.com\/wp-content\/uploads\/2026\/04\/8806097068303_I00.jpg","datePublished":"2026-04-08T22:59:32+00:00","description":"Vous cherchez Smartphone Samsung XCOVER 7 PRO SM-G766B 6,6\" 6 GB RAM 128 GB Noir ? Achetez des produits chez Tupique. Profitez de la livraison gratuite pour obtenir Smartphone Samsung XCOVER 7 PRO SM-G766B 6,6\" 6 GB RAM 128 GB Noir d\u00e8s maintenant.","breadcrumb":{"@id":"https:\/\/tupique.com\/produit\/smartphone-samsung-xcover-7-pro-sm-g766b-66-6-gb-ram-128-gb-noir\/#breadcrumb"},"inLanguage":"pt-PT","potentialAction":[{"@type":"ReadAction","target":["https:\/\/tupique.com\/produit\/smartphone-samsung-xcover-7-pro-sm-g766b-66-6-gb-ram-128-gb-noir\/"]}]},{"@type":"ImageObject","inLanguage":"pt-PT","@id":"https:\/\/tupique.com\/produit\/smartphone-samsung-xcover-7-pro-sm-g766b-66-6-gb-ram-128-gb-noir\/#primaryimage","url":"https:\/\/tupique.com\/wp-content\/uploads\/2026\/04\/8806097068303_I00.jpg","contentUrl":"https:\/\/tupique.com\/wp-content\/uploads\/2026\/04\/8806097068303_I00.jpg","width":1200,"height":1200,"caption":"S8111046_0"},{"@type":"BreadcrumbList","@id":"https:\/\/tupique.com\/produit\/smartphone-samsung-xcover-7-pro-sm-g766b-66-6-gb-ram-128-gb-noir\/#breadcrumb","itemListElement":[{"@type":"ListItem","position":1,"name":"In\u00edcio","item":"https:\/\/tupique.com\/"},{"@type":"ListItem","position":2,"name":"Boutique","item":"https:\/\/tupique.com\/en\/boutique\/"},{"@type":"ListItem","position":3,"name":"Smartphone Samsung XCOVER 7 PRO SM-G766B 6,6&#8243; 6 GB RAM 128 GB Noir"}]},{"@type":"WebSite","@id":"https:\/\/tupique.com\/#website","url":"https:\/\/tupique.com\/","name":"Tupique","description":"Marketplace","publisher":{"@id":"https:\/\/tupique.com\/#organization"},"potentialAction":[{"@type":"SearchAction","target":{"@type":"EntryPoint","urlTemplate":"https:\/\/tupique.com\/?s={search_term_string}"},"query-input":{"@type":"PropertyValueSpecification","valueRequired":true,"valueName":"search_term_string"}}],"inLanguage":"pt-PT"},{"@type":"Organization","@id":"https:\/\/tupique.com\/#organization","name":"Tupique","url":"https:\/\/tupique.com\/","logo":{"@type":"ImageObject","inLanguage":"pt-PT","@id":"https:\/\/tupique.com\/#\/schema\/logo\/image\/","url":"https:\/\/tupique.com\/wp-content\/uploads\/2024\/09\/logo.png","contentUrl":"https:\/\/tupique.com\/wp-content\/uploads\/2024\/09\/logo.png","width":1118,"height":310,"caption":"Tupique"},"image":{"@id":"https:\/\/tupique.com\/#\/schema\/logo\/image\/"}}]}},"jetpack_sharing_enabled":true,"_links":{"self":[{"href":"https:\/\/tupique.com\/pt\/wp-json\/wp\/v2\/product\/4385088","targetHints":{"allow":["GET"]}}],"collection":[{"href":"https:\/\/tupique.com\/pt\/wp-json\/wp\/v2\/product"}],"about":[{"href":"https:\/\/tupique.com\/pt\/wp-json\/wp\/v2\/types\/product"}],"replies":[{"embeddable":true,"href":"https:\/\/tupique.com\/pt\/wp-json\/wp\/v2\/comments?post=4385088"}],"wp:featuredmedia":[{"embeddable":true,"href":"https:\/\/tupique.com\/pt\/wp-json\/wp\/v2\/media\/4385085"}],"wp:attachment":[{"href":"https:\/\/tupique.com\/pt\/wp-json\/wp\/v2\/media?parent=4385088"}],"wp:term":[{"taxonomy":"product_brand","embeddable":true,"href":"https:\/\/tupique.com\/pt\/wp-json\/wp\/v2\/product_brand?post=4385088"},{"taxonomy":"product_cat","embeddable":true,"href":"https:\/\/tupique.com\/pt\/wp-json\/wp\/v2\/product_cat?post=4385088"},{"taxonomy":"product_tag","embeddable":true,"href":"https:\/\/tupique.com\/pt\/wp-json\/wp\/v2\/product_tag?post=4385088"}],"curies":[{"name":"wp","href":"https:\/\/api.w.org\/{rel}","templated":true}]}}