{"id":4385103,"date":"2026-04-08T23:59:50","date_gmt":"2026-04-08T22:59:50","guid":{"rendered":"https:\/\/tupique.com\/produit\/ordinateur-portable-hp-bk7z2ea-156-intel-core-i5-13420h-16-gb-ram-512-gb-ssd-nvidia-geforce-rtx-4050\/"},"modified":"2026-04-08T23:59:50","modified_gmt":"2026-04-08T22:59:50","slug":"ordinateur-portable-hp-bk7z2ea-156-intel-core-i5-13420h-16-gb-ram-512-gb-ssd-nvidia-geforce-rtx-4050","status":"publish","type":"product","link":"https:\/\/tupique.com\/pt\/produto\/ordinateur-portable-hp-bk7z2ea-156-intel-core-i5-13420h-16-gb-ram-512-gb-ssd-nvidia-geforce-rtx-4050\/","title":{"rendered":"Ordinateur Portable HP BK7Z2EA 15,6&#8243; intel core i5-13420h 16 GB RAM 512 GB SSD Nvidia Geforce RTX 4050"},"content":{"rendered":"<p>Se \u00e9 apaixonado por\u2019<b>inform\u00e1tica e eletr\u00f3nica<\/b>, Se est\u00e1 na vanguarda da tecnologia e n\u00e3o quer perder nada, compre <b>Ordinateur Portable HP BK7Z2EA 15,6&#8243; intel core i5-13420h 16 GB RAM 512 GB SSD Nvidia Geforce RTX 4050<\/b> ao melhor pre\u00e7o.<\/p>\n<ul>\n<li>Clavier: Espagnol Qwerty<\/li>\n<li>Tipo:\n<ul>\n<li>Ordinateur Portable<\/li>\n<li>Clavier num\u00e9rique<\/li>\n<li>Touchpad<\/li>\n<li>Clavier complet<\/li>\n<\/ul>\n<\/li>\n<li>Produto de encaixe: Sim<\/li>\n<li>Type de m\u00e9moire:\n<ul>\n<li>SDRAM<\/li>\n<li>DDR4 SDRAM<\/li>\n<li>GDDR6<\/li>\n<\/ul>\n<\/li>\n<li>Tipo de tomada: tomada UE<\/li>\n<li>Bloc d\u2019Alimentation: r\u00e9seau \u00e9lectrique<\/li>\n<li>Cor:\n<ul>\n<li>Preto<\/li>\n<li>sRGB<\/li>\n<\/ul>\n<\/li>\n<li>Carater\u00edsticas:\n<ul>\n<li>Altifalantes integrados<\/li>\n<li>C\u00e2mara frontal<\/li>\n<li>Microfone incorporado<\/li>\n<li>Retroiluminado<\/li>\n<li>2 altifalantes<\/li>\n<li>Prote\u00e7\u00e3o de dados\/palavra-passe<\/li>\n<li>Adaptateur graphique int\u00e9gr\u00e9<\/li>\n<\/ul>\n<\/li>\n<li>Liga\u00e7\u00f5es:\n<ul>\n<li>HDMI<\/li>\n<li>RJ45<\/li>\n<li>HDMI 2.1 x 1<\/li>\n<li>USB-C 3.2 Gen 1 (3.1 Gen 1)<\/li>\n<li>PCI Express 4.0<\/li>\n<li>USB-A 3.2<\/li>\n<li>C\u00e2ble jack 3,3 mm<\/li>\n<\/ul>\n<\/li>\n<li>R\u00e1cio de aspeto: 16:9<\/li>\n<li>Conectividade:\n<ul>\n<li>Bluetooth<\/li>\n<li>Wi-Fi<\/li>\n<li>LAN Ethernet<\/li>\n<li>6 GHz Wi-Fi<\/li>\n<\/ul>\n<\/li>\n<li>Resolu\u00e7\u00e3o: Full HD<\/li>\n<li>Mem\u00f3ria RAM: 16 GB de RAM<\/li>\n<li>Cache: 12 MB<\/li>\n<li>Disque dur: 512 GB SSD<\/li>\n<li>Ecran: 15,6&#8243;<\/li>\n<li>Contr\u00f4leur graphique: Intel UHD Graphics<\/li>\n<li>Batterie au lithium rechargeable: 70 mAh<\/li>\n<li>Frequ\u00eancia:\n<ul>\n<li>144 Hz<\/li>\n<li>50 &#8211; 60 Hz<\/li>\n<\/ul>\n<\/li>\n<li>puissance: 120 W<\/li>\n<li>Technologie: IPS<\/li>\n<li>Tens\u00e3o: 100 - 240 V<\/li>\n<li>Syst\u00e8me d&#8217;exploitation: FreeDOS<\/li>\n<li>Non Inclus:\n<ul>\n<li>Type d&#8217;unit\u00e9 optique<\/li>\n<li>Liga\u00e7\u00e3o \u00e0 rede m\u00f3vel<\/li>\n<\/ul>\n<\/li>\n<li>Utilisation recommand\u00e9e: Jeux<\/li>\n<li>Format:\n<ul>\n<li>M.2<\/li>\n<li>1 x 16 GB<\/li>\n<\/ul>\n<\/li>\n<li>vitesse:\n<ul>\n<li>10\/100\/1000 Mbps<\/li>\n<li>4.6 GHz<\/li>\n<\/ul>\n<\/li>\n<li>Ecr\u00e3 t\u00e1til: N\u00e3o<\/li>\n<li>Cam\u00e9ra\/Appareil Photo: HD<\/li>\n<li>Flux lumineux: 300 Lm<\/li>\n<li>Facteur de forme: SO-DIMM<\/li>\n<li>Chipset: Intel SoC<\/li>\n<li>Inclui:\n<ul>\n<li>Teclado<\/li>\n<li>SSD x 1<\/li>\n<\/ul>\n<\/li>\n<li>Type de stockage: SSD<\/li>\n<li>Tipo de bateria: i\u00f5es de l\u00edtio<\/li>\n<li>N\u00facleos: 8 n\u00facleos<\/li>\n<li>Famille de processeurs:\n<ul>\n<li>Intel Core i5<\/li>\n<li>Intel<\/li>\n<\/ul>\n<\/li>\n<li>Resolu\u00e7\u00e3o (px):\n<ul>\n<li>1920 x 1080 px<\/li>\n<li>1280 x 720 px<\/li>\n<\/ul>\n<\/li>\n<li>Carte Graphique: Nvidia Geforce RTX 4050<\/li>\n<li>Diagonale de l&#8217;\u00e9cran (cm): 39,6 cm<\/li>\n<li>Processeur: intel core i5-13420h<\/li>\n<li>Temps de charge approx.: 30 minutes<\/li>\n<li>Vitesse de m\u00e9moire support\u00e9e: 3200 mhz<\/li>\n<\/ul>","protected":false},"excerpt":{"rendered":"<p>Si vous \u00eates passionn\u00e9 d&#8217;informatique et d&#8217;\u00e9lectronique, si vous \u00eates \u00e0 la pointe de la technologie et qu&#8217;aucun d\u00e9tail ne<\/p>","protected":false},"featured_media":4385099,"comment_status":"open","ping_status":"closed","template":"","meta":{"_joinchat":[]},"product_brand":[158040],"product_cat":[157516,157583,155043],"product_tag":[157514,157515],"class_list":{"0":"post-4385103","1":"product","2":"type-product","3":"status-publish","4":"has-post-thumbnail","6":"product_brand-brandp_909","7":"product_cat-informatique-electronique","8":"product_cat-informatique-ordinateurs","9":"product_cat-notebooks","10":"product_tag-tag_933","11":"product_tag-tag_1295","13":"first","14":"instock","15":"taxable","16":"shipping-taxable","17":"purchasable","18":"product-type-simple"},"yoast_head":"<!-- This site is optimized with the Yoast SEO plugin v27.2 - https:\/\/yoast.com\/product\/yoast-seo-wordpress\/ -->\n<title>Ordinateur Portable HP BK7Z2EA 15,6&quot; intel core i5-13420h 16 GB RAM 512 GB SSD Nvidia Geforce RTX 4050 - Tupique<\/title>\n<meta name=\"description\" content=\"Vous cherchez Ordinateur Portable HP BK7Z2EA 15,6&quot; intel core i5-13420h 16 GB RAM 512 GB SSD Nvidia Geforce RTX 4050 ? Achetez des produits chez Tupique. Profitez de la livraison gratuite pour obtenir Ordinateur Portable HP BK7Z2EA 15,6&quot; intel core i5-13420h 16 GB RAM 512 GB SSD Nvidia Geforce RTX 4050 d\u00e8s maintenant.\" \/>\n<meta name=\"robots\" content=\"index, follow, max-snippet:-1, max-image-preview:large, max-video-preview:-1\" \/>\n<link rel=\"canonical\" href=\"https:\/\/tupique.com\/pt\/produto\/ordinateur-portable-hp-bk7z2ea-156-intel-core-i5-13420h-16-gb-ram-512-gb-ssd-nvidia-geforce-rtx-4050\/\" \/>\n<meta property=\"og:locale\" content=\"pt_PT\" \/>\n<meta property=\"og:type\" content=\"article\" \/>\n<meta property=\"og:title\" content=\"Ordinateur Portable HP BK7Z2EA 15,6&quot; intel core i5-13420h 16 GB RAM 512 GB SSD Nvidia Geforce RTX 4050 - Tupique\" \/>\n<meta property=\"og:description\" content=\"Vous cherchez Ordinateur Portable HP BK7Z2EA 15,6&quot; intel core i5-13420h 16 GB RAM 512 GB SSD Nvidia Geforce RTX 4050 ? Achetez des produits chez Tupique. Profitez de la livraison gratuite pour obtenir Ordinateur Portable HP BK7Z2EA 15,6&quot; intel core i5-13420h 16 GB RAM 512 GB SSD Nvidia Geforce RTX 4050 d\u00e8s maintenant.\" \/>\n<meta property=\"og:url\" content=\"https:\/\/tupique.com\/pt\/produto\/ordinateur-portable-hp-bk7z2ea-156-intel-core-i5-13420h-16-gb-ram-512-gb-ssd-nvidia-geforce-rtx-4050\/\" \/>\n<meta property=\"og:site_name\" content=\"Tupique\" \/>\n<meta name=\"twitter:card\" content=\"summary_large_image\" \/>\n<meta name=\"twitter:label1\" content=\"Tempo estimado de leitura\" \/>\n\t<meta name=\"twitter:data1\" content=\"1 minuto\" \/>\n<script type=\"application\/ld+json\" class=\"yoast-schema-graph\">{\"@context\":\"https:\/\/schema.org\",\"@graph\":[{\"@type\":\"WebPage\",\"@id\":\"https:\/\/tupique.com\/produit\/ordinateur-portable-hp-bk7z2ea-156-intel-core-i5-13420h-16-gb-ram-512-gb-ssd-nvidia-geforce-rtx-4050\/\",\"url\":\"https:\/\/tupique.com\/produit\/ordinateur-portable-hp-bk7z2ea-156-intel-core-i5-13420h-16-gb-ram-512-gb-ssd-nvidia-geforce-rtx-4050\/\",\"name\":\"Ordinateur Portable HP BK7Z2EA 15,6\\\" intel core i5-13420h 16 GB RAM 512 GB SSD Nvidia Geforce RTX 4050 - Tupique\",\"isPartOf\":{\"@id\":\"https:\/\/tupique.com\/#website\"},\"primaryImageOfPage\":{\"@id\":\"https:\/\/tupique.com\/produit\/ordinateur-portable-hp-bk7z2ea-156-intel-core-i5-13420h-16-gb-ram-512-gb-ssd-nvidia-geforce-rtx-4050\/#primaryimage\"},\"image\":{\"@id\":\"https:\/\/tupique.com\/produit\/ordinateur-portable-hp-bk7z2ea-156-intel-core-i5-13420h-16-gb-ram-512-gb-ssd-nvidia-geforce-rtx-4050\/#primaryimage\"},\"thumbnailUrl\":\"https:\/\/tupique.com\/wp-content\/uploads\/2026\/04\/0199251190131_S0469799_P00.jpg\",\"datePublished\":\"2026-04-08T22:59:50+00:00\",\"description\":\"Vous cherchez Ordinateur Portable HP BK7Z2EA 15,6\\\" intel core i5-13420h 16 GB RAM 512 GB SSD Nvidia Geforce RTX 4050 ? Achetez des produits chez Tupique. Profitez de la livraison gratuite pour obtenir Ordinateur Portable HP BK7Z2EA 15,6\\\" intel core i5-13420h 16 GB RAM 512 GB SSD Nvidia Geforce RTX 4050 d\u00e8s maintenant.\",\"breadcrumb\":{\"@id\":\"https:\/\/tupique.com\/produit\/ordinateur-portable-hp-bk7z2ea-156-intel-core-i5-13420h-16-gb-ram-512-gb-ssd-nvidia-geforce-rtx-4050\/#breadcrumb\"},\"inLanguage\":\"pt-PT\",\"potentialAction\":[{\"@type\":\"ReadAction\",\"target\":[\"https:\/\/tupique.com\/produit\/ordinateur-portable-hp-bk7z2ea-156-intel-core-i5-13420h-16-gb-ram-512-gb-ssd-nvidia-geforce-rtx-4050\/\"]}]},{\"@type\":\"ImageObject\",\"inLanguage\":\"pt-PT\",\"@id\":\"https:\/\/tupique.com\/produit\/ordinateur-portable-hp-bk7z2ea-156-intel-core-i5-13420h-16-gb-ram-512-gb-ssd-nvidia-geforce-rtx-4050\/#primaryimage\",\"url\":\"https:\/\/tupique.com\/wp-content\/uploads\/2026\/04\/0199251190131_S0469799_P00.jpg\",\"contentUrl\":\"https:\/\/tupique.com\/wp-content\/uploads\/2026\/04\/0199251190131_S0469799_P00.jpg\",\"width\":1200,\"height\":1200,\"caption\":\"S0469799_0\"},{\"@type\":\"BreadcrumbList\",\"@id\":\"https:\/\/tupique.com\/produit\/ordinateur-portable-hp-bk7z2ea-156-intel-core-i5-13420h-16-gb-ram-512-gb-ssd-nvidia-geforce-rtx-4050\/#breadcrumb\",\"itemListElement\":[{\"@type\":\"ListItem\",\"position\":1,\"name\":\"In\u00edcio\",\"item\":\"https:\/\/tupique.com\/\"},{\"@type\":\"ListItem\",\"position\":2,\"name\":\"Boutique\",\"item\":\"https:\/\/tupique.com\/en\/boutique\/\"},{\"@type\":\"ListItem\",\"position\":3,\"name\":\"Ordinateur Portable HP BK7Z2EA 15,6&#8243; intel core i5-13420h 16 GB RAM 512 GB SSD Nvidia Geforce RTX 4050\"}]},{\"@type\":\"WebSite\",\"@id\":\"https:\/\/tupique.com\/#website\",\"url\":\"https:\/\/tupique.com\/\",\"name\":\"Tupique\",\"description\":\"Marketplace\",\"publisher\":{\"@id\":\"https:\/\/tupique.com\/#organization\"},\"potentialAction\":[{\"@type\":\"SearchAction\",\"target\":{\"@type\":\"EntryPoint\",\"urlTemplate\":\"https:\/\/tupique.com\/?s={search_term_string}\"},\"query-input\":{\"@type\":\"PropertyValueSpecification\",\"valueRequired\":true,\"valueName\":\"search_term_string\"}}],\"inLanguage\":\"pt-PT\"},{\"@type\":\"Organization\",\"@id\":\"https:\/\/tupique.com\/#organization\",\"name\":\"Tupique\",\"url\":\"https:\/\/tupique.com\/\",\"logo\":{\"@type\":\"ImageObject\",\"inLanguage\":\"pt-PT\",\"@id\":\"https:\/\/tupique.com\/#\/schema\/logo\/image\/\",\"url\":\"https:\/\/tupique.com\/wp-content\/uploads\/2024\/09\/logo.png\",\"contentUrl\":\"https:\/\/tupique.com\/wp-content\/uploads\/2024\/09\/logo.png\",\"width\":1118,\"height\":310,\"caption\":\"Tupique\"},\"image\":{\"@id\":\"https:\/\/tupique.com\/#\/schema\/logo\/image\/\"}}]}<\/script>\n<!-- \/ Yoast SEO plugin. -->","yoast_head_json":{"title":"Ordinateur Portable HP BK7Z2EA 15,6\" intel core i5-13420h 16 GB RAM 512 GB SSD Nvidia Geforce RTX 4050 - Tupique","description":"Vous cherchez Ordinateur Portable HP BK7Z2EA 15,6\" intel core i5-13420h 16 GB RAM 512 GB SSD Nvidia Geforce RTX 4050 ? Achetez des produits chez Tupique. Profitez de la livraison gratuite pour obtenir Ordinateur Portable HP BK7Z2EA 15,6\" intel core i5-13420h 16 GB RAM 512 GB SSD Nvidia Geforce RTX 4050 d\u00e8s maintenant.","robots":{"index":"index","follow":"follow","max-snippet":"max-snippet:-1","max-image-preview":"max-image-preview:large","max-video-preview":"max-video-preview:-1"},"canonical":"https:\/\/tupique.com\/pt\/produto\/ordinateur-portable-hp-bk7z2ea-156-intel-core-i5-13420h-16-gb-ram-512-gb-ssd-nvidia-geforce-rtx-4050\/","og_locale":"pt_PT","og_type":"article","og_title":"Ordinateur Portable HP BK7Z2EA 15,6\" intel core i5-13420h 16 GB RAM 512 GB SSD Nvidia Geforce RTX 4050 - Tupique","og_description":"Vous cherchez Ordinateur Portable HP BK7Z2EA 15,6\" intel core i5-13420h 16 GB RAM 512 GB SSD Nvidia Geforce RTX 4050 ? Achetez des produits chez Tupique. Profitez de la livraison gratuite pour obtenir Ordinateur Portable HP BK7Z2EA 15,6\" intel core i5-13420h 16 GB RAM 512 GB SSD Nvidia Geforce RTX 4050 d\u00e8s maintenant.","og_url":"https:\/\/tupique.com\/pt\/produto\/ordinateur-portable-hp-bk7z2ea-156-intel-core-i5-13420h-16-gb-ram-512-gb-ssd-nvidia-geforce-rtx-4050\/","og_site_name":"Tupique","twitter_card":"summary_large_image","twitter_misc":{"Tempo estimado de leitura":"1 minuto"},"schema":{"@context":"https:\/\/schema.org","@graph":[{"@type":"WebPage","@id":"https:\/\/tupique.com\/produit\/ordinateur-portable-hp-bk7z2ea-156-intel-core-i5-13420h-16-gb-ram-512-gb-ssd-nvidia-geforce-rtx-4050\/","url":"https:\/\/tupique.com\/produit\/ordinateur-portable-hp-bk7z2ea-156-intel-core-i5-13420h-16-gb-ram-512-gb-ssd-nvidia-geforce-rtx-4050\/","name":"Ordinateur Portable HP BK7Z2EA 15,6\" intel core i5-13420h 16 GB RAM 512 GB SSD Nvidia Geforce RTX 4050 - Tupique","isPartOf":{"@id":"https:\/\/tupique.com\/#website"},"primaryImageOfPage":{"@id":"https:\/\/tupique.com\/produit\/ordinateur-portable-hp-bk7z2ea-156-intel-core-i5-13420h-16-gb-ram-512-gb-ssd-nvidia-geforce-rtx-4050\/#primaryimage"},"image":{"@id":"https:\/\/tupique.com\/produit\/ordinateur-portable-hp-bk7z2ea-156-intel-core-i5-13420h-16-gb-ram-512-gb-ssd-nvidia-geforce-rtx-4050\/#primaryimage"},"thumbnailUrl":"https:\/\/tupique.com\/wp-content\/uploads\/2026\/04\/0199251190131_S0469799_P00.jpg","datePublished":"2026-04-08T22:59:50+00:00","description":"Vous cherchez Ordinateur Portable HP BK7Z2EA 15,6\" intel core i5-13420h 16 GB RAM 512 GB SSD Nvidia Geforce RTX 4050 ? Achetez des produits chez Tupique. Profitez de la livraison gratuite pour obtenir Ordinateur Portable HP BK7Z2EA 15,6\" intel core i5-13420h 16 GB RAM 512 GB SSD Nvidia Geforce RTX 4050 d\u00e8s maintenant.","breadcrumb":{"@id":"https:\/\/tupique.com\/produit\/ordinateur-portable-hp-bk7z2ea-156-intel-core-i5-13420h-16-gb-ram-512-gb-ssd-nvidia-geforce-rtx-4050\/#breadcrumb"},"inLanguage":"pt-PT","potentialAction":[{"@type":"ReadAction","target":["https:\/\/tupique.com\/produit\/ordinateur-portable-hp-bk7z2ea-156-intel-core-i5-13420h-16-gb-ram-512-gb-ssd-nvidia-geforce-rtx-4050\/"]}]},{"@type":"ImageObject","inLanguage":"pt-PT","@id":"https:\/\/tupique.com\/produit\/ordinateur-portable-hp-bk7z2ea-156-intel-core-i5-13420h-16-gb-ram-512-gb-ssd-nvidia-geforce-rtx-4050\/#primaryimage","url":"https:\/\/tupique.com\/wp-content\/uploads\/2026\/04\/0199251190131_S0469799_P00.jpg","contentUrl":"https:\/\/tupique.com\/wp-content\/uploads\/2026\/04\/0199251190131_S0469799_P00.jpg","width":1200,"height":1200,"caption":"S0469799_0"},{"@type":"BreadcrumbList","@id":"https:\/\/tupique.com\/produit\/ordinateur-portable-hp-bk7z2ea-156-intel-core-i5-13420h-16-gb-ram-512-gb-ssd-nvidia-geforce-rtx-4050\/#breadcrumb","itemListElement":[{"@type":"ListItem","position":1,"name":"In\u00edcio","item":"https:\/\/tupique.com\/"},{"@type":"ListItem","position":2,"name":"Boutique","item":"https:\/\/tupique.com\/en\/boutique\/"},{"@type":"ListItem","position":3,"name":"Ordinateur Portable HP BK7Z2EA 15,6&#8243; intel core i5-13420h 16 GB RAM 512 GB SSD Nvidia Geforce RTX 4050"}]},{"@type":"WebSite","@id":"https:\/\/tupique.com\/#website","url":"https:\/\/tupique.com\/","name":"Tupique","description":"Marketplace","publisher":{"@id":"https:\/\/tupique.com\/#organization"},"potentialAction":[{"@type":"SearchAction","target":{"@type":"EntryPoint","urlTemplate":"https:\/\/tupique.com\/?s={search_term_string}"},"query-input":{"@type":"PropertyValueSpecification","valueRequired":true,"valueName":"search_term_string"}}],"inLanguage":"pt-PT"},{"@type":"Organization","@id":"https:\/\/tupique.com\/#organization","name":"Tupique","url":"https:\/\/tupique.com\/","logo":{"@type":"ImageObject","inLanguage":"pt-PT","@id":"https:\/\/tupique.com\/#\/schema\/logo\/image\/","url":"https:\/\/tupique.com\/wp-content\/uploads\/2024\/09\/logo.png","contentUrl":"https:\/\/tupique.com\/wp-content\/uploads\/2024\/09\/logo.png","width":1118,"height":310,"caption":"Tupique"},"image":{"@id":"https:\/\/tupique.com\/#\/schema\/logo\/image\/"}}]}},"jetpack_sharing_enabled":true,"_links":{"self":[{"href":"https:\/\/tupique.com\/pt\/wp-json\/wp\/v2\/product\/4385103","targetHints":{"allow":["GET"]}}],"collection":[{"href":"https:\/\/tupique.com\/pt\/wp-json\/wp\/v2\/product"}],"about":[{"href":"https:\/\/tupique.com\/pt\/wp-json\/wp\/v2\/types\/product"}],"replies":[{"embeddable":true,"href":"https:\/\/tupique.com\/pt\/wp-json\/wp\/v2\/comments?post=4385103"}],"wp:featuredmedia":[{"embeddable":true,"href":"https:\/\/tupique.com\/pt\/wp-json\/wp\/v2\/media\/4385099"}],"wp:attachment":[{"href":"https:\/\/tupique.com\/pt\/wp-json\/wp\/v2\/media?parent=4385103"}],"wp:term":[{"taxonomy":"product_brand","embeddable":true,"href":"https:\/\/tupique.com\/pt\/wp-json\/wp\/v2\/product_brand?post=4385103"},{"taxonomy":"product_cat","embeddable":true,"href":"https:\/\/tupique.com\/pt\/wp-json\/wp\/v2\/product_cat?post=4385103"},{"taxonomy":"product_tag","embeddable":true,"href":"https:\/\/tupique.com\/pt\/wp-json\/wp\/v2\/product_tag?post=4385103"}],"curies":[{"name":"wp","href":"https:\/\/api.w.org\/{rel}","templated":true}]}}