{"id":4385195,"date":"2026-04-09T00:02:06","date_gmt":"2026-04-08T23:02:06","guid":{"rendered":"https:\/\/tupique.com\/produit\/ordinateur-portable-lenovo-thinkpad-l14-gen-6-14-intel-core-ultra-7-16-gb-ram-512-gb-ssd-espagnol-qwerty\/"},"modified":"2026-04-09T00:55:20","modified_gmt":"2026-04-08T23:55:20","slug":"ordinateur-portable-lenovo-thinkpad-l14-gen-6-14-intel-core-ultra-7-16-gb-ram-512-gb-ssd-espagnol-qwerty","status":"publish","type":"product","link":"https:\/\/tupique.com\/pt\/produto\/ordinateur-portable-lenovo-thinkpad-l14-gen-6-14-intel-core-ultra-7-16-gb-ram-512-gb-ssd-espagnol-qwerty\/","title":{"rendered":"Ordinateur Portable Lenovo ThinkPad L14 Gen 6 14&#8243; intel core ultra 7 16 GB RAM 512 GB SSD Espagnol Qwerty"},"content":{"rendered":"<p>Se est\u00e1 \u00e0 procura das \u00faltimas tend\u00eancias do mercado, temos tudo o que precisa. <b>Ordinateur Portable Lenovo ThinkPad L14 Gen 6 14&#8243; intel core ultra 7 16 GB RAM 512 GB SSD Espagnol Qwerty<\/b> !<\/p>\n<ul>\n<li>Diagonale de l&#8217;\u00e9cran (cm): 35,6 cm<\/li>\n<li>Type: Ordinateur Portable<\/li>\n<li>Produto de encaixe: Sim<\/li>\n<li>Type de m\u00e9moire:\n<ul>\n<li>SDRAM<\/li>\n<li>DDR5 SDRAM<\/li>\n<\/ul>\n<\/li>\n<li>Alimenta\u00e7\u00e3o el\u00e9ctrica:\n<ul>\n<li>r\u00e9seau \u00e9lectrique<\/li>\n<li>USB<\/li>\n<\/ul>\n<\/li>\n<li>Cor: preto<\/li>\n<li>Ecr\u00e3 t\u00e1til: N\u00e3o<\/li>\n<li>Type d&#8217;unit\u00e9 optique: Non<\/li>\n<li>Son: 2 W<\/li>\n<li>Frequ\u00eancia:\n<ul>\n<li>60 Hz<\/li>\n<li>50-60 Hz<\/li>\n<li>50 &#8211; 60 Hz<\/li>\n<\/ul>\n<\/li>\n<li>Tecnologia:\n<ul>\n<li>IPS<\/li>\n<li>LED<\/li>\n<\/ul>\n<\/li>\n<li>Capacit\u00e9 de la batterie: 57 Wh<\/li>\n<li>Resolu\u00e7\u00e3o (px): 1920 x 1200 px<\/li>\n<li>Sistema operativo: Windows 11 Pro<\/li>\n<li>R\u00e9solution: WUXGA<\/li>\n<li>Type de stockage: SSD<\/li>\n<li>Conectividade:\n<ul>\n<li>Bluetooth<\/li>\n<li>Wi-Fi<\/li>\n<li>LAN Ethernet<\/li>\n<li>6 GHz Wi-Fi<\/li>\n<li>Bluetooth 5.3<\/li>\n<li>Wi-Fi 6E ghz<\/li>\n<\/ul>\n<\/li>\n<li>Liga\u00e7\u00f5es:\n<ul>\n<li>HDMI<\/li>\n<li>USB<\/li>\n<li>USB 2.0<\/li>\n<li>LAN Ethernet<\/li>\n<li>2<\/li>\n<li>SO-DIMM<\/li>\n<li>M.2<\/li>\n<li>RJ45<\/li>\n<li>HDMI 2.1 x 1<\/li>\n<li>Thunderbolt 4 x 2<\/li>\n<li>PCI Express 4.0<\/li>\n<li>USB-A 3.2<\/li>\n<li>C\u00e2ble jack 3,3 mm<\/li>\n<\/ul>\n<\/li>\n<li>Ecran: 14&#8243;<\/li>\n<li>Processeur: intel core ultra 7<\/li>\n<li>Mem\u00f3ria RAM: 16 GB de RAM<\/li>\n<li>Disque dur: 512 GB SSD<\/li>\n<li>Carater\u00edsticas:\n<ul>\n<li>Microfone incorporado<\/li>\n<li>Retroiluminado<\/li>\n<li>2 altifalantes<\/li>\n<li>Leitor de impress\u00f5es digitais<\/li>\n<li>Adaptateur graphique int\u00e9gr\u00e9<\/li>\n<\/ul>\n<\/li>\n<li>Rapport d&#8217;aspect: 16:10<\/li>\n<li>Standard: NTSC<\/li>\n<li>Cache: 12 MB<\/li>\n<li>puissance: 65 W<\/li>\n<li>Cam\u00e9ra\/Appareil Photo: 5 Mp<\/li>\n<li>Tens\u00e3o: 100 - 240 V<\/li>\n<li>Non Inclus:\n<ul>\n<li>Type d&#8217;unit\u00e9 optique<\/li>\n<li>Adaptateur AC<\/li>\n<li>Clavier num\u00e9rique<\/li>\n<li>Liga\u00e7\u00e3o \u00e0 rede m\u00f3vel<\/li>\n<li>Adaptateur graphique discret<\/li>\n<\/ul>\n<\/li>\n<li>Exigences: 64 bits<\/li>\n<li>Format:\n<ul>\n<li>M.2<\/li>\n<li>1 x 16 GB<\/li>\n<\/ul>\n<\/li>\n<li>Flux lumineux: 400 lm<\/li>\n<li>Facteur de forme: SO-DIMM<\/li>\n<li>Connecteurs: Kensington<\/li>\n<li>Chipset: Intel SoC<\/li>\n<li>vitesse:\n<ul>\n<li>100\/1000 Mbps<\/li>\n<li>5.2 Ghz<\/li>\n<\/ul>\n<\/li>\n<li>Inclui: SSD x 1<\/li>\n<li>Clavier: Espagnol Qwerty<\/li>\n<li>Tipo de bateria: i\u00f5es de l\u00edtio<\/li>\n<li>Noyaux: 12 Noyaux<\/li>\n<li>Fam\u00edlia de processadores: Intel<\/li>\n<li>M\u00e9moire RAM maximale: 64 GB<\/li>\n<\/ul>","protected":false},"excerpt":{"rendered":"<p>Si vous \u00eates \u00e0 la recherche de nouvelles tendances sur le march\u00e9, nous vous pr\u00e9sentons Ordinateur Portable Lenovo ThinkPad L14<\/p>","protected":false},"featured_media":4385176,"comment_status":"open","ping_status":"closed","template":"","meta":{"_joinchat":[]},"product_brand":[157965],"product_cat":[157516,157583,155043],"product_tag":[157514,157515],"class_list":{"0":"post-4385195","1":"product","2":"type-product","3":"status-publish","4":"has-post-thumbnail","6":"product_brand-brandp_558","7":"product_cat-informatique-electronique","8":"product_cat-informatique-ordinateurs","9":"product_cat-notebooks","10":"product_tag-tag_933","11":"product_tag-tag_1295","13":"first","14":"instock","15":"taxable","16":"shipping-taxable","17":"purchasable","18":"product-type-simple"},"yoast_head":"<!-- This site is optimized with the Yoast SEO plugin v27.2 - https:\/\/yoast.com\/product\/yoast-seo-wordpress\/ -->\n<title>Ordinateur Portable Lenovo ThinkPad L14 Gen 6 14&quot; intel core ultra 7 16 GB RAM 512 GB SSD Espagnol Qwerty - Tupique<\/title>\n<meta name=\"description\" content=\"Vous cherchez Ordinateur Portable Lenovo ThinkPad L14 Gen 6 14&quot; intel core ultra 7 16 GB RAM 512 GB SSD Espagnol Qwerty ? Achetez des produits chez Tupique. Profitez de la livraison gratuite pour obtenir Ordinateur Portable Lenovo ThinkPad L14 Gen 6 14&quot; intel core ultra 7 16 GB RAM 512 GB SSD Espagnol Qwerty d\u00e8s maintenant.\" \/>\n<meta name=\"robots\" content=\"index, follow, max-snippet:-1, max-image-preview:large, max-video-preview:-1\" \/>\n<link rel=\"canonical\" href=\"https:\/\/tupique.com\/pt\/produto\/ordinateur-portable-lenovo-thinkpad-l14-gen-6-14-intel-core-ultra-7-16-gb-ram-512-gb-ssd-espagnol-qwerty\/\" \/>\n<meta property=\"og:locale\" content=\"pt_PT\" \/>\n<meta property=\"og:type\" content=\"article\" \/>\n<meta property=\"og:title\" content=\"Ordinateur Portable Lenovo ThinkPad L14 Gen 6 14&quot; intel core ultra 7 16 GB RAM 512 GB SSD Espagnol Qwerty - Tupique\" \/>\n<meta property=\"og:description\" content=\"Vous cherchez Ordinateur Portable Lenovo ThinkPad L14 Gen 6 14&quot; intel core ultra 7 16 GB RAM 512 GB SSD Espagnol Qwerty ? Achetez des produits chez Tupique. Profitez de la livraison gratuite pour obtenir Ordinateur Portable Lenovo ThinkPad L14 Gen 6 14&quot; intel core ultra 7 16 GB RAM 512 GB SSD Espagnol Qwerty d\u00e8s maintenant.\" \/>\n<meta property=\"og:url\" content=\"https:\/\/tupique.com\/pt\/produto\/ordinateur-portable-lenovo-thinkpad-l14-gen-6-14-intel-core-ultra-7-16-gb-ram-512-gb-ssd-espagnol-qwerty\/\" \/>\n<meta property=\"og:site_name\" content=\"Tupique\" \/>\n<meta property=\"article:modified_time\" content=\"2026-04-08T23:55:20+00:00\" \/>\n<meta property=\"og:image\" content=\"https:\/\/tupique.com\/wp-content\/uploads\/2026\/04\/0198158360425_I00.jpg\" \/>\n\t<meta property=\"og:image:width\" content=\"1200\" \/>\n\t<meta property=\"og:image:height\" content=\"1200\" \/>\n\t<meta property=\"og:image:type\" content=\"image\/jpeg\" \/>\n<meta name=\"twitter:card\" content=\"summary_large_image\" \/>\n<meta name=\"twitter:label1\" content=\"Tempo estimado de leitura\" \/>\n\t<meta name=\"twitter:data1\" content=\"1 minuto\" \/>\n<script type=\"application\/ld+json\" class=\"yoast-schema-graph\">{\"@context\":\"https:\/\/schema.org\",\"@graph\":[{\"@type\":\"WebPage\",\"@id\":\"https:\/\/tupique.com\/produit\/ordinateur-portable-lenovo-thinkpad-l14-gen-6-14-intel-core-ultra-7-16-gb-ram-512-gb-ssd-espagnol-qwerty\/\",\"url\":\"https:\/\/tupique.com\/produit\/ordinateur-portable-lenovo-thinkpad-l14-gen-6-14-intel-core-ultra-7-16-gb-ram-512-gb-ssd-espagnol-qwerty\/\",\"name\":\"Ordinateur Portable Lenovo ThinkPad L14 Gen 6 14\\\" intel core ultra 7 16 GB RAM 512 GB SSD Espagnol Qwerty - Tupique\",\"isPartOf\":{\"@id\":\"https:\/\/tupique.com\/#website\"},\"primaryImageOfPage\":{\"@id\":\"https:\/\/tupique.com\/produit\/ordinateur-portable-lenovo-thinkpad-l14-gen-6-14-intel-core-ultra-7-16-gb-ram-512-gb-ssd-espagnol-qwerty\/#primaryimage\"},\"image\":{\"@id\":\"https:\/\/tupique.com\/produit\/ordinateur-portable-lenovo-thinkpad-l14-gen-6-14-intel-core-ultra-7-16-gb-ram-512-gb-ssd-espagnol-qwerty\/#primaryimage\"},\"thumbnailUrl\":\"https:\/\/tupique.com\/wp-content\/uploads\/2026\/04\/0198158360425_I00.jpg\",\"datePublished\":\"2026-04-08T23:02:06+00:00\",\"dateModified\":\"2026-04-08T23:55:20+00:00\",\"description\":\"Vous cherchez Ordinateur Portable Lenovo ThinkPad L14 Gen 6 14\\\" intel core ultra 7 16 GB RAM 512 GB SSD Espagnol Qwerty ? Achetez des produits chez Tupique. Profitez de la livraison gratuite pour obtenir Ordinateur Portable Lenovo ThinkPad L14 Gen 6 14\\\" intel core ultra 7 16 GB RAM 512 GB SSD Espagnol Qwerty d\u00e8s maintenant.\",\"breadcrumb\":{\"@id\":\"https:\/\/tupique.com\/produit\/ordinateur-portable-lenovo-thinkpad-l14-gen-6-14-intel-core-ultra-7-16-gb-ram-512-gb-ssd-espagnol-qwerty\/#breadcrumb\"},\"inLanguage\":\"pt-PT\",\"potentialAction\":[{\"@type\":\"ReadAction\",\"target\":[\"https:\/\/tupique.com\/produit\/ordinateur-portable-lenovo-thinkpad-l14-gen-6-14-intel-core-ultra-7-16-gb-ram-512-gb-ssd-espagnol-qwerty\/\"]}]},{\"@type\":\"ImageObject\",\"inLanguage\":\"pt-PT\",\"@id\":\"https:\/\/tupique.com\/produit\/ordinateur-portable-lenovo-thinkpad-l14-gen-6-14-intel-core-ultra-7-16-gb-ram-512-gb-ssd-espagnol-qwerty\/#primaryimage\",\"url\":\"https:\/\/tupique.com\/wp-content\/uploads\/2026\/04\/0198158360425_I00.jpg\",\"contentUrl\":\"https:\/\/tupique.com\/wp-content\/uploads\/2026\/04\/0198158360425_I00.jpg\",\"width\":1200,\"height\":1200,\"caption\":\"S55315108_0\"},{\"@type\":\"BreadcrumbList\",\"@id\":\"https:\/\/tupique.com\/produit\/ordinateur-portable-lenovo-thinkpad-l14-gen-6-14-intel-core-ultra-7-16-gb-ram-512-gb-ssd-espagnol-qwerty\/#breadcrumb\",\"itemListElement\":[{\"@type\":\"ListItem\",\"position\":1,\"name\":\"In\u00edcio\",\"item\":\"https:\/\/tupique.com\/\"},{\"@type\":\"ListItem\",\"position\":2,\"name\":\"Boutique\",\"item\":\"https:\/\/tupique.com\/en\/boutique\/\"},{\"@type\":\"ListItem\",\"position\":3,\"name\":\"Ordinateur Portable Lenovo ThinkPad L14 Gen 6 14&#8243; intel core ultra 7 16 GB RAM 512 GB SSD Espagnol Qwerty\"}]},{\"@type\":\"WebSite\",\"@id\":\"https:\/\/tupique.com\/#website\",\"url\":\"https:\/\/tupique.com\/\",\"name\":\"Tupique\",\"description\":\"Marketplace\",\"publisher\":{\"@id\":\"https:\/\/tupique.com\/#organization\"},\"potentialAction\":[{\"@type\":\"SearchAction\",\"target\":{\"@type\":\"EntryPoint\",\"urlTemplate\":\"https:\/\/tupique.com\/?s={search_term_string}\"},\"query-input\":{\"@type\":\"PropertyValueSpecification\",\"valueRequired\":true,\"valueName\":\"search_term_string\"}}],\"inLanguage\":\"pt-PT\"},{\"@type\":\"Organization\",\"@id\":\"https:\/\/tupique.com\/#organization\",\"name\":\"Tupique\",\"url\":\"https:\/\/tupique.com\/\",\"logo\":{\"@type\":\"ImageObject\",\"inLanguage\":\"pt-PT\",\"@id\":\"https:\/\/tupique.com\/#\/schema\/logo\/image\/\",\"url\":\"https:\/\/tupique.com\/wp-content\/uploads\/2024\/09\/logo.png\",\"contentUrl\":\"https:\/\/tupique.com\/wp-content\/uploads\/2024\/09\/logo.png\",\"width\":1118,\"height\":310,\"caption\":\"Tupique\"},\"image\":{\"@id\":\"https:\/\/tupique.com\/#\/schema\/logo\/image\/\"}}]}<\/script>\n<!-- \/ Yoast SEO plugin. -->","yoast_head_json":{"title":"Ordinateur Portable Lenovo ThinkPad L14 Gen 6 14\" intel core ultra 7 16 GB RAM 512 GB SSD Espagnol Qwerty - Tupique","description":"Vous cherchez Ordinateur Portable Lenovo ThinkPad L14 Gen 6 14\" intel core ultra 7 16 GB RAM 512 GB SSD Espagnol Qwerty ? Achetez des produits chez Tupique. Profitez de la livraison gratuite pour obtenir Ordinateur Portable Lenovo ThinkPad L14 Gen 6 14\" intel core ultra 7 16 GB RAM 512 GB SSD Espagnol Qwerty d\u00e8s maintenant.","robots":{"index":"index","follow":"follow","max-snippet":"max-snippet:-1","max-image-preview":"max-image-preview:large","max-video-preview":"max-video-preview:-1"},"canonical":"https:\/\/tupique.com\/pt\/produto\/ordinateur-portable-lenovo-thinkpad-l14-gen-6-14-intel-core-ultra-7-16-gb-ram-512-gb-ssd-espagnol-qwerty\/","og_locale":"pt_PT","og_type":"article","og_title":"Ordinateur Portable Lenovo ThinkPad L14 Gen 6 14\" intel core ultra 7 16 GB RAM 512 GB SSD Espagnol Qwerty - Tupique","og_description":"Vous cherchez Ordinateur Portable Lenovo ThinkPad L14 Gen 6 14\" intel core ultra 7 16 GB RAM 512 GB SSD Espagnol Qwerty ? Achetez des produits chez Tupique. Profitez de la livraison gratuite pour obtenir Ordinateur Portable Lenovo ThinkPad L14 Gen 6 14\" intel core ultra 7 16 GB RAM 512 GB SSD Espagnol Qwerty d\u00e8s maintenant.","og_url":"https:\/\/tupique.com\/pt\/produto\/ordinateur-portable-lenovo-thinkpad-l14-gen-6-14-intel-core-ultra-7-16-gb-ram-512-gb-ssd-espagnol-qwerty\/","og_site_name":"Tupique","article_modified_time":"2026-04-08T23:55:20+00:00","og_image":[{"width":1200,"height":1200,"url":"https:\/\/tupique.com\/wp-content\/uploads\/2026\/04\/0198158360425_I00.jpg","type":"image\/jpeg"}],"twitter_card":"summary_large_image","twitter_misc":{"Tempo estimado de leitura":"1 minuto"},"schema":{"@context":"https:\/\/schema.org","@graph":[{"@type":"WebPage","@id":"https:\/\/tupique.com\/produit\/ordinateur-portable-lenovo-thinkpad-l14-gen-6-14-intel-core-ultra-7-16-gb-ram-512-gb-ssd-espagnol-qwerty\/","url":"https:\/\/tupique.com\/produit\/ordinateur-portable-lenovo-thinkpad-l14-gen-6-14-intel-core-ultra-7-16-gb-ram-512-gb-ssd-espagnol-qwerty\/","name":"Ordinateur Portable Lenovo ThinkPad L14 Gen 6 14\" intel core ultra 7 16 GB RAM 512 GB SSD Espagnol Qwerty - Tupique","isPartOf":{"@id":"https:\/\/tupique.com\/#website"},"primaryImageOfPage":{"@id":"https:\/\/tupique.com\/produit\/ordinateur-portable-lenovo-thinkpad-l14-gen-6-14-intel-core-ultra-7-16-gb-ram-512-gb-ssd-espagnol-qwerty\/#primaryimage"},"image":{"@id":"https:\/\/tupique.com\/produit\/ordinateur-portable-lenovo-thinkpad-l14-gen-6-14-intel-core-ultra-7-16-gb-ram-512-gb-ssd-espagnol-qwerty\/#primaryimage"},"thumbnailUrl":"https:\/\/tupique.com\/wp-content\/uploads\/2026\/04\/0198158360425_I00.jpg","datePublished":"2026-04-08T23:02:06+00:00","dateModified":"2026-04-08T23:55:20+00:00","description":"Vous cherchez Ordinateur Portable Lenovo ThinkPad L14 Gen 6 14\" intel core ultra 7 16 GB RAM 512 GB SSD Espagnol Qwerty ? Achetez des produits chez Tupique. Profitez de la livraison gratuite pour obtenir Ordinateur Portable Lenovo ThinkPad L14 Gen 6 14\" intel core ultra 7 16 GB RAM 512 GB SSD Espagnol Qwerty d\u00e8s maintenant.","breadcrumb":{"@id":"https:\/\/tupique.com\/produit\/ordinateur-portable-lenovo-thinkpad-l14-gen-6-14-intel-core-ultra-7-16-gb-ram-512-gb-ssd-espagnol-qwerty\/#breadcrumb"},"inLanguage":"pt-PT","potentialAction":[{"@type":"ReadAction","target":["https:\/\/tupique.com\/produit\/ordinateur-portable-lenovo-thinkpad-l14-gen-6-14-intel-core-ultra-7-16-gb-ram-512-gb-ssd-espagnol-qwerty\/"]}]},{"@type":"ImageObject","inLanguage":"pt-PT","@id":"https:\/\/tupique.com\/produit\/ordinateur-portable-lenovo-thinkpad-l14-gen-6-14-intel-core-ultra-7-16-gb-ram-512-gb-ssd-espagnol-qwerty\/#primaryimage","url":"https:\/\/tupique.com\/wp-content\/uploads\/2026\/04\/0198158360425_I00.jpg","contentUrl":"https:\/\/tupique.com\/wp-content\/uploads\/2026\/04\/0198158360425_I00.jpg","width":1200,"height":1200,"caption":"S55315108_0"},{"@type":"BreadcrumbList","@id":"https:\/\/tupique.com\/produit\/ordinateur-portable-lenovo-thinkpad-l14-gen-6-14-intel-core-ultra-7-16-gb-ram-512-gb-ssd-espagnol-qwerty\/#breadcrumb","itemListElement":[{"@type":"ListItem","position":1,"name":"In\u00edcio","item":"https:\/\/tupique.com\/"},{"@type":"ListItem","position":2,"name":"Boutique","item":"https:\/\/tupique.com\/en\/boutique\/"},{"@type":"ListItem","position":3,"name":"Ordinateur Portable Lenovo ThinkPad L14 Gen 6 14&#8243; intel core ultra 7 16 GB RAM 512 GB SSD Espagnol Qwerty"}]},{"@type":"WebSite","@id":"https:\/\/tupique.com\/#website","url":"https:\/\/tupique.com\/","name":"Tupique","description":"Marketplace","publisher":{"@id":"https:\/\/tupique.com\/#organization"},"potentialAction":[{"@type":"SearchAction","target":{"@type":"EntryPoint","urlTemplate":"https:\/\/tupique.com\/?s={search_term_string}"},"query-input":{"@type":"PropertyValueSpecification","valueRequired":true,"valueName":"search_term_string"}}],"inLanguage":"pt-PT"},{"@type":"Organization","@id":"https:\/\/tupique.com\/#organization","name":"Tupique","url":"https:\/\/tupique.com\/","logo":{"@type":"ImageObject","inLanguage":"pt-PT","@id":"https:\/\/tupique.com\/#\/schema\/logo\/image\/","url":"https:\/\/tupique.com\/wp-content\/uploads\/2024\/09\/logo.png","contentUrl":"https:\/\/tupique.com\/wp-content\/uploads\/2024\/09\/logo.png","width":1118,"height":310,"caption":"Tupique"},"image":{"@id":"https:\/\/tupique.com\/#\/schema\/logo\/image\/"}}]}},"jetpack_sharing_enabled":true,"_links":{"self":[{"href":"https:\/\/tupique.com\/pt\/wp-json\/wp\/v2\/product\/4385195","targetHints":{"allow":["GET"]}}],"collection":[{"href":"https:\/\/tupique.com\/pt\/wp-json\/wp\/v2\/product"}],"about":[{"href":"https:\/\/tupique.com\/pt\/wp-json\/wp\/v2\/types\/product"}],"replies":[{"embeddable":true,"href":"https:\/\/tupique.com\/pt\/wp-json\/wp\/v2\/comments?post=4385195"}],"wp:featuredmedia":[{"embeddable":true,"href":"https:\/\/tupique.com\/pt\/wp-json\/wp\/v2\/media\/4385176"}],"wp:attachment":[{"href":"https:\/\/tupique.com\/pt\/wp-json\/wp\/v2\/media?parent=4385195"}],"wp:term":[{"taxonomy":"product_brand","embeddable":true,"href":"https:\/\/tupique.com\/pt\/wp-json\/wp\/v2\/product_brand?post=4385195"},{"taxonomy":"product_cat","embeddable":true,"href":"https:\/\/tupique.com\/pt\/wp-json\/wp\/v2\/product_cat?post=4385195"},{"taxonomy":"product_tag","embeddable":true,"href":"https:\/\/tupique.com\/pt\/wp-json\/wp\/v2\/product_tag?post=4385195"}],"curies":[{"name":"wp","href":"https:\/\/api.w.org\/{rel}","templated":true}]}}