{"id":4385295,"date":"2026-04-09T00:56:19","date_gmt":"2026-04-08T23:56:19","guid":{"rendered":"https:\/\/tupique.com\/produit\/smartphone-xiaomi-poco-f8-ultra-69-octa-core-12-gb-ram-256-gb-bleu\/"},"modified":"2026-04-09T00:56:19","modified_gmt":"2026-04-08T23:56:19","slug":"smartphone-xiaomi-poco-f8-ultra-69-octa-core-12-gb-ram-256-gb-bleu","status":"publish","type":"product","link":"https:\/\/tupique.com\/pt\/produto\/smartphone-xiaomi-poco-f8-ultra-69-octa-core-12-gb-ram-256-gb-bleu\/","title":{"rendered":"Smartphone Xiaomi POCO F8 Ultra 6,9&#8243; Octa Core 12 GB RAM 256 GB Bleu"},"content":{"rendered":"<p>Se est\u00e1 \u00e0 procura das \u00faltimas tend\u00eancias do mercado, temos tudo o que precisa. <b>Smartphone Xiaomi POCO F8 Ultra 6,9&#8243; Octa Core 12 GB RAM 256 GB Bleu<\/b> !<\/p>\n<p>Le <b>POCO F8 Ultra<\/b> de Xiaomi est un <b>smartphone<\/b> avanc\u00e9 qui se distingue par son design pliable innovant et ses excellentes performances, id\u00e9al pour ceux qui recherchent un appareil puissant et polyvalent au quotidien. Il se d\u00e9marque par son <b>\u00e9cran de 6,9 pouces<\/b>, large et immersif, offrant une exp\u00e9rience visuelle captivante aussi bien pour le travail que pour le divertissement, tandis que sa finition en <b>azul<\/b> apporte une touche moderne et sophistiqu\u00e9e. Dot\u00e9 de <b>12 Go de RAM<\/b> et de <b>256 Go de stockage<\/b>, il assure un multit\u00e2che fluide et un espace suffisant pour applications, fichiers et contenus multim\u00e9dias sans souci de capacit\u00e9. Parmi ses atouts figurent la <b>r\u00e9sistance \u00e0 l\u2019eau<\/b>, garantissant une durabilit\u00e9 accrue et une meilleure protection au quotidien, ainsi que le <b>contr\u00f4le du volume int\u00e9gr\u00e9<\/b> pour un r\u00e9glage sonore pratique et pr\u00e9cis. Il int\u00e8gre une <b>cam\u00e9ra frontale et un syst\u00e8me de cam\u00e9ras arri\u00e8re avanc\u00e9es<\/b> \u2014 avec fonction flash \u2014 permettant de r\u00e9aliser des photos d\u00e9taill\u00e9es dans diverses conditions de lumi\u00e8re. Le design pliable offre une portabilit\u00e9 accrue et une exp\u00e9rience flexible, tandis que des caract\u00e9ristiques comme la robustesse structurelle ou la polyvalence de l\u2019\u00e9cran en font un choix remarquable dans la cat\u00e9gorie des smartphones milieu-haut de gamme. Le POCO F8 Ultra incarne l\u2019engagement de Xiaomi \u00e0 allier technologie de pointe, fonctionnalit\u00e9 et design avant-gardiste, se positionnant comme un smartphone flexible et complet pour les utilisateurs exigeants.<\/p>\n<ul>\n<li>Tipo: Smartphone<\/li>\n<li>Produto de encaixe: Sim<\/li>\n<li>Diagonale de l&#8217;\u00e9cran (cm): 17,5 cm<\/li>\n<li>Tipo de tomada: tomada UE<\/li>\n<li>Classifica\u00e7\u00e3o energ\u00e9tica: A<\/li>\n<li>Bloc d\u2019Alimentation: r\u00e9seau \u00e9lectrique<\/li>\n<li>Tecnologia: AMOLED<\/li>\n<li>Capacit\u00e9 de la batterie: 6500 mAh<\/li>\n<li>Ecr\u00e3: 6,9<\/li>\n<li>Sistema operativo: Android<\/li>\n<li>pot\u00eancia: 100 W<\/li>\n<li>Conectividade:\n<ul>\n<li>Wi-Fi<\/li>\n<li>NFC<\/li>\n<li>Bluetooth<\/li>\n<\/ul>\n<\/li>\n<li>C\u00e2mara: 50 Mp<\/li>\n<li>Liga\u00e7\u00f5es: USB-C<\/li>\n<li>Processeur: Octa Core<\/li>\n<li>Mem\u00f3ria RAM: 12 GB de RAM<\/li>\n<li>Mem\u00f3ria interna: 256 GB<\/li>\n<li>Cor: azul<\/li>\n<li>Carater\u00edsticas:\n<ul>\n<li>Controlo do volume<\/li>\n<li>Dobr\u00e1vel<\/li>\n<li>Resistente \u00e0 \u00e1gua<\/li>\n<li>C\u00e2mara frontal<\/li>\n<li>Flash<\/li>\n<li>Grava\u00e7\u00e3o de v\u00eddeo<\/li>\n<li>Mem\u00f3ria expans\u00edvel<\/li>\n<li>Ecr\u00e3 a cores<\/li>\n<li>Ecr\u00e3 LCD<\/li>\n<li>Ecr\u00e3 t\u00e1til<\/li>\n<li>Reconhecimento facial<\/li>\n<li>Sensor de impress\u00f5es digitais<\/li>\n<li>C\u00e2mara<\/li>\n<li>Carregamento sem fios<\/li>\n<li>Conectividade NFC<\/li>\n<li>Girosc\u00f3pio<\/li>\n<li>Ecr\u00e3 HDR<\/li>\n<li>Ecr\u00e3 OLED<\/li>\n<li>Resistente \u00e0 poeira<\/li>\n<li>Sensor de reconhecimento facial<\/li>\n<li>Videochamada<\/li>\n<li>Altifalante<\/li>\n<li>Ranhura para cart\u00e3o SIM duplo<\/li>\n<li>NFC<\/li>\n<li>Ranhura SIM<\/li>\n<li>Dual SIM<\/li>\n<li>USB<\/li>\n<li>Wi-Fi<\/li>\n<li>Bateria recarreg\u00e1vel<\/li>\n<li>Microfone incorporado<\/li>\n<li>Vibra\u00e7\u00e3o<\/li>\n<li>Leitor de cart\u00f5es de mem\u00f3ria<\/li>\n<li>Porta USB<\/li>\n<li>HDR<\/li>\n<li>M\u00fasica<\/li>\n<li>Zoom digital<\/li>\n<li>Bateria<\/li>\n<li>Ecr\u00e3<\/li>\n<li>Sensor \u00f3tico<\/li>\n<li>Resist\u00eancia ao choque<\/li>\n<li>Retroiluminado<\/li>\n<li>Sem fios<\/li>\n<li>Ecr\u00e3 integrado<\/li>\n<li>B\u00fassola<\/li>\n<li>Ver<\/li>\n<li>Bot\u00e3o de ligar\/desligar<\/li>\n<li>Est\u00e9reo<\/li>\n<li>Ecr\u00e3 HD<\/li>\n<li>Full HD<\/li>\n<li>Android<\/li>\n<li>Estanquidade (IP67)<\/li>\n<li>Lecteur de Cartes<\/li>\n<li>Fun\u00e7\u00f5es de m\u00e3os livres<\/li>\n<li>Carregamento r\u00e1pido e fi\u00e1vel<\/li>\n<li>HDR10<\/li>\n<li>HDR10+<\/li>\n<li>Modo noturno<\/li>\n<li>Brilha<\/li>\n<li>Carregamento r\u00e1pido<\/li>\n<li>C\u00e2mara traseira<\/li>\n<li>Sensor de proximidade<\/li>\n<li>Cores<\/li>\n<li>Ecr\u00e3 com cantos arredondados<\/li>\n<li>Ecr\u00e3 plano<\/li>\n<\/ul>\n<\/li>\n<li>R\u00e9solution: 2K<\/li>\n<li>SIM: Dual SIM<\/li>\n<li>N\u00facleos: 8 n\u00facleos<\/li>\n<li>R\u00e9solution (px): 2560 x 1440 px<\/li>\n<\/ul>","protected":false},"excerpt":{"rendered":"<p>Si vous \u00eates \u00e0 la recherche de nouvelles tendances sur le march\u00e9, nous vous pr\u00e9sentons Smartphone Xiaomi POCO F8 Ultra<\/p>","protected":false},"featured_media":4385288,"comment_status":"open","ping_status":"closed","template":"","meta":{"_joinchat":[]},"product_brand":[157890],"product_cat":[157523,157516,157524],"product_tag":[157514,157522,157515],"class_list":{"0":"post-4385295","1":"product","2":"type-product","3":"status-publish","4":"has-post-thumbnail","6":"product_brand-brandp_1269","7":"product_cat-electronique-telephonie-et-tablettes","8":"product_cat-informatique-electronique","9":"product_cat-telephones-portables","10":"product_tag-tag_933","11":"product_tag-tag_547","12":"product_tag-tag_1295","14":"first","15":"instock","16":"taxable","17":"shipping-taxable","18":"purchasable","19":"product-type-simple"},"yoast_head":"<!-- This site is optimized with the Yoast SEO plugin v27.2 - https:\/\/yoast.com\/product\/yoast-seo-wordpress\/ -->\n<title>Smartphone Xiaomi POCO F8 Ultra 6,9&quot; Octa Core 12 GB RAM 256 GB Bleu - Tupique<\/title>\n<meta name=\"description\" content=\"Vous cherchez Smartphone Xiaomi POCO F8 Ultra 6,9&quot; Octa Core 12 GB RAM 256 GB Bleu ? Achetez des produits chez Tupique. Profitez de la livraison gratuite pour obtenir Smartphone Xiaomi POCO F8 Ultra 6,9&quot; Octa Core 12 GB RAM 256 GB Bleu d\u00e8s maintenant.\" \/>\n<meta name=\"robots\" content=\"index, follow, max-snippet:-1, max-image-preview:large, max-video-preview:-1\" \/>\n<link rel=\"canonical\" href=\"https:\/\/tupique.com\/pt\/produto\/smartphone-xiaomi-poco-f8-ultra-69-octa-core-12-gb-ram-256-gb-bleu\/\" \/>\n<meta property=\"og:locale\" content=\"pt_PT\" \/>\n<meta property=\"og:type\" content=\"article\" \/>\n<meta property=\"og:title\" content=\"Smartphone Xiaomi POCO F8 Ultra 6,9&quot; Octa Core 12 GB RAM 256 GB Bleu - Tupique\" \/>\n<meta property=\"og:description\" content=\"Vous cherchez Smartphone Xiaomi POCO F8 Ultra 6,9&quot; Octa Core 12 GB RAM 256 GB Bleu ? Achetez des produits chez Tupique. Profitez de la livraison gratuite pour obtenir Smartphone Xiaomi POCO F8 Ultra 6,9&quot; Octa Core 12 GB RAM 256 GB Bleu d\u00e8s maintenant.\" \/>\n<meta property=\"og:url\" content=\"https:\/\/tupique.com\/pt\/produto\/smartphone-xiaomi-poco-f8-ultra-69-octa-core-12-gb-ram-256-gb-bleu\/\" \/>\n<meta property=\"og:site_name\" content=\"Tupique\" \/>\n<meta name=\"twitter:card\" content=\"summary_large_image\" \/>\n<meta name=\"twitter:label1\" content=\"Tempo estimado de leitura\" \/>\n\t<meta name=\"twitter:data1\" content=\"2 minutos\" \/>\n<script type=\"application\/ld+json\" class=\"yoast-schema-graph\">{\"@context\":\"https:\/\/schema.org\",\"@graph\":[{\"@type\":\"WebPage\",\"@id\":\"https:\/\/tupique.com\/produit\/smartphone-xiaomi-poco-f8-ultra-69-octa-core-12-gb-ram-256-gb-bleu\/\",\"url\":\"https:\/\/tupique.com\/produit\/smartphone-xiaomi-poco-f8-ultra-69-octa-core-12-gb-ram-256-gb-bleu\/\",\"name\":\"Smartphone Xiaomi POCO F8 Ultra 6,9\\\" Octa Core 12 GB RAM 256 GB Bleu - Tupique\",\"isPartOf\":{\"@id\":\"https:\/\/tupique.com\/#website\"},\"primaryImageOfPage\":{\"@id\":\"https:\/\/tupique.com\/produit\/smartphone-xiaomi-poco-f8-ultra-69-octa-core-12-gb-ram-256-gb-bleu\/#primaryimage\"},\"image\":{\"@id\":\"https:\/\/tupique.com\/produit\/smartphone-xiaomi-poco-f8-ultra-69-octa-core-12-gb-ram-256-gb-bleu\/#primaryimage\"},\"thumbnailUrl\":\"https:\/\/tupique.com\/wp-content\/uploads\/2026\/04\/6932554474454_S9921183_P00.jpg\",\"datePublished\":\"2026-04-08T23:56:19+00:00\",\"description\":\"Vous cherchez Smartphone Xiaomi POCO F8 Ultra 6,9\\\" Octa Core 12 GB RAM 256 GB Bleu ? Achetez des produits chez Tupique. Profitez de la livraison gratuite pour obtenir Smartphone Xiaomi POCO F8 Ultra 6,9\\\" Octa Core 12 GB RAM 256 GB Bleu d\u00e8s maintenant.\",\"breadcrumb\":{\"@id\":\"https:\/\/tupique.com\/produit\/smartphone-xiaomi-poco-f8-ultra-69-octa-core-12-gb-ram-256-gb-bleu\/#breadcrumb\"},\"inLanguage\":\"pt-PT\",\"potentialAction\":[{\"@type\":\"ReadAction\",\"target\":[\"https:\/\/tupique.com\/produit\/smartphone-xiaomi-poco-f8-ultra-69-octa-core-12-gb-ram-256-gb-bleu\/\"]}]},{\"@type\":\"ImageObject\",\"inLanguage\":\"pt-PT\",\"@id\":\"https:\/\/tupique.com\/produit\/smartphone-xiaomi-poco-f8-ultra-69-octa-core-12-gb-ram-256-gb-bleu\/#primaryimage\",\"url\":\"https:\/\/tupique.com\/wp-content\/uploads\/2026\/04\/6932554474454_S9921183_P00.jpg\",\"contentUrl\":\"https:\/\/tupique.com\/wp-content\/uploads\/2026\/04\/6932554474454_S9921183_P00.jpg\",\"width\":1200,\"height\":1200,\"caption\":\"M0807087_0\"},{\"@type\":\"BreadcrumbList\",\"@id\":\"https:\/\/tupique.com\/produit\/smartphone-xiaomi-poco-f8-ultra-69-octa-core-12-gb-ram-256-gb-bleu\/#breadcrumb\",\"itemListElement\":[{\"@type\":\"ListItem\",\"position\":1,\"name\":\"In\u00edcio\",\"item\":\"https:\/\/tupique.com\/\"},{\"@type\":\"ListItem\",\"position\":2,\"name\":\"Boutique\",\"item\":\"https:\/\/tupique.com\/en\/boutique\/\"},{\"@type\":\"ListItem\",\"position\":3,\"name\":\"Smartphone Xiaomi POCO F8 Ultra 6,9&#8243; Octa Core 12 GB RAM 256 GB Bleu\"}]},{\"@type\":\"WebSite\",\"@id\":\"https:\/\/tupique.com\/#website\",\"url\":\"https:\/\/tupique.com\/\",\"name\":\"Tupique\",\"description\":\"Marketplace\",\"publisher\":{\"@id\":\"https:\/\/tupique.com\/#organization\"},\"potentialAction\":[{\"@type\":\"SearchAction\",\"target\":{\"@type\":\"EntryPoint\",\"urlTemplate\":\"https:\/\/tupique.com\/?s={search_term_string}\"},\"query-input\":{\"@type\":\"PropertyValueSpecification\",\"valueRequired\":true,\"valueName\":\"search_term_string\"}}],\"inLanguage\":\"pt-PT\"},{\"@type\":\"Organization\",\"@id\":\"https:\/\/tupique.com\/#organization\",\"name\":\"Tupique\",\"url\":\"https:\/\/tupique.com\/\",\"logo\":{\"@type\":\"ImageObject\",\"inLanguage\":\"pt-PT\",\"@id\":\"https:\/\/tupique.com\/#\/schema\/logo\/image\/\",\"url\":\"https:\/\/tupique.com\/wp-content\/uploads\/2024\/09\/logo.png\",\"contentUrl\":\"https:\/\/tupique.com\/wp-content\/uploads\/2024\/09\/logo.png\",\"width\":1118,\"height\":310,\"caption\":\"Tupique\"},\"image\":{\"@id\":\"https:\/\/tupique.com\/#\/schema\/logo\/image\/\"}}]}<\/script>\n<!-- \/ Yoast SEO plugin. -->","yoast_head_json":{"title":"Smartphone Xiaomi POCO F8 Ultra 6,9\" Octa Core 12 GB RAM 256 GB Bleu - Tupique","description":"Vous cherchez Smartphone Xiaomi POCO F8 Ultra 6,9\" Octa Core 12 GB RAM 256 GB Bleu ? Achetez des produits chez Tupique. Profitez de la livraison gratuite pour obtenir Smartphone Xiaomi POCO F8 Ultra 6,9\" Octa Core 12 GB RAM 256 GB Bleu d\u00e8s maintenant.","robots":{"index":"index","follow":"follow","max-snippet":"max-snippet:-1","max-image-preview":"max-image-preview:large","max-video-preview":"max-video-preview:-1"},"canonical":"https:\/\/tupique.com\/pt\/produto\/smartphone-xiaomi-poco-f8-ultra-69-octa-core-12-gb-ram-256-gb-bleu\/","og_locale":"pt_PT","og_type":"article","og_title":"Smartphone Xiaomi POCO F8 Ultra 6,9\" Octa Core 12 GB RAM 256 GB Bleu - Tupique","og_description":"Vous cherchez Smartphone Xiaomi POCO F8 Ultra 6,9\" Octa Core 12 GB RAM 256 GB Bleu ? Achetez des produits chez Tupique. Profitez de la livraison gratuite pour obtenir Smartphone Xiaomi POCO F8 Ultra 6,9\" Octa Core 12 GB RAM 256 GB Bleu d\u00e8s maintenant.","og_url":"https:\/\/tupique.com\/pt\/produto\/smartphone-xiaomi-poco-f8-ultra-69-octa-core-12-gb-ram-256-gb-bleu\/","og_site_name":"Tupique","twitter_card":"summary_large_image","twitter_misc":{"Tempo estimado de leitura":"2 minutos"},"schema":{"@context":"https:\/\/schema.org","@graph":[{"@type":"WebPage","@id":"https:\/\/tupique.com\/produit\/smartphone-xiaomi-poco-f8-ultra-69-octa-core-12-gb-ram-256-gb-bleu\/","url":"https:\/\/tupique.com\/produit\/smartphone-xiaomi-poco-f8-ultra-69-octa-core-12-gb-ram-256-gb-bleu\/","name":"Smartphone Xiaomi POCO F8 Ultra 6,9\" Octa Core 12 GB RAM 256 GB Bleu - Tupique","isPartOf":{"@id":"https:\/\/tupique.com\/#website"},"primaryImageOfPage":{"@id":"https:\/\/tupique.com\/produit\/smartphone-xiaomi-poco-f8-ultra-69-octa-core-12-gb-ram-256-gb-bleu\/#primaryimage"},"image":{"@id":"https:\/\/tupique.com\/produit\/smartphone-xiaomi-poco-f8-ultra-69-octa-core-12-gb-ram-256-gb-bleu\/#primaryimage"},"thumbnailUrl":"https:\/\/tupique.com\/wp-content\/uploads\/2026\/04\/6932554474454_S9921183_P00.jpg","datePublished":"2026-04-08T23:56:19+00:00","description":"Vous cherchez Smartphone Xiaomi POCO F8 Ultra 6,9\" Octa Core 12 GB RAM 256 GB Bleu ? Achetez des produits chez Tupique. Profitez de la livraison gratuite pour obtenir Smartphone Xiaomi POCO F8 Ultra 6,9\" Octa Core 12 GB RAM 256 GB Bleu d\u00e8s maintenant.","breadcrumb":{"@id":"https:\/\/tupique.com\/produit\/smartphone-xiaomi-poco-f8-ultra-69-octa-core-12-gb-ram-256-gb-bleu\/#breadcrumb"},"inLanguage":"pt-PT","potentialAction":[{"@type":"ReadAction","target":["https:\/\/tupique.com\/produit\/smartphone-xiaomi-poco-f8-ultra-69-octa-core-12-gb-ram-256-gb-bleu\/"]}]},{"@type":"ImageObject","inLanguage":"pt-PT","@id":"https:\/\/tupique.com\/produit\/smartphone-xiaomi-poco-f8-ultra-69-octa-core-12-gb-ram-256-gb-bleu\/#primaryimage","url":"https:\/\/tupique.com\/wp-content\/uploads\/2026\/04\/6932554474454_S9921183_P00.jpg","contentUrl":"https:\/\/tupique.com\/wp-content\/uploads\/2026\/04\/6932554474454_S9921183_P00.jpg","width":1200,"height":1200,"caption":"M0807087_0"},{"@type":"BreadcrumbList","@id":"https:\/\/tupique.com\/produit\/smartphone-xiaomi-poco-f8-ultra-69-octa-core-12-gb-ram-256-gb-bleu\/#breadcrumb","itemListElement":[{"@type":"ListItem","position":1,"name":"In\u00edcio","item":"https:\/\/tupique.com\/"},{"@type":"ListItem","position":2,"name":"Boutique","item":"https:\/\/tupique.com\/en\/boutique\/"},{"@type":"ListItem","position":3,"name":"Smartphone Xiaomi POCO F8 Ultra 6,9&#8243; Octa Core 12 GB RAM 256 GB Bleu"}]},{"@type":"WebSite","@id":"https:\/\/tupique.com\/#website","url":"https:\/\/tupique.com\/","name":"Tupique","description":"Marketplace","publisher":{"@id":"https:\/\/tupique.com\/#organization"},"potentialAction":[{"@type":"SearchAction","target":{"@type":"EntryPoint","urlTemplate":"https:\/\/tupique.com\/?s={search_term_string}"},"query-input":{"@type":"PropertyValueSpecification","valueRequired":true,"valueName":"search_term_string"}}],"inLanguage":"pt-PT"},{"@type":"Organization","@id":"https:\/\/tupique.com\/#organization","name":"Tupique","url":"https:\/\/tupique.com\/","logo":{"@type":"ImageObject","inLanguage":"pt-PT","@id":"https:\/\/tupique.com\/#\/schema\/logo\/image\/","url":"https:\/\/tupique.com\/wp-content\/uploads\/2024\/09\/logo.png","contentUrl":"https:\/\/tupique.com\/wp-content\/uploads\/2024\/09\/logo.png","width":1118,"height":310,"caption":"Tupique"},"image":{"@id":"https:\/\/tupique.com\/#\/schema\/logo\/image\/"}}]}},"jetpack_sharing_enabled":true,"_links":{"self":[{"href":"https:\/\/tupique.com\/pt\/wp-json\/wp\/v2\/product\/4385295","targetHints":{"allow":["GET"]}}],"collection":[{"href":"https:\/\/tupique.com\/pt\/wp-json\/wp\/v2\/product"}],"about":[{"href":"https:\/\/tupique.com\/pt\/wp-json\/wp\/v2\/types\/product"}],"replies":[{"embeddable":true,"href":"https:\/\/tupique.com\/pt\/wp-json\/wp\/v2\/comments?post=4385295"}],"wp:featuredmedia":[{"embeddable":true,"href":"https:\/\/tupique.com\/pt\/wp-json\/wp\/v2\/media\/4385288"}],"wp:attachment":[{"href":"https:\/\/tupique.com\/pt\/wp-json\/wp\/v2\/media?parent=4385295"}],"wp:term":[{"taxonomy":"product_brand","embeddable":true,"href":"https:\/\/tupique.com\/pt\/wp-json\/wp\/v2\/product_brand?post=4385295"},{"taxonomy":"product_cat","embeddable":true,"href":"https:\/\/tupique.com\/pt\/wp-json\/wp\/v2\/product_cat?post=4385295"},{"taxonomy":"product_tag","embeddable":true,"href":"https:\/\/tupique.com\/pt\/wp-json\/wp\/v2\/product_tag?post=4385295"}],"curies":[{"name":"wp","href":"https:\/\/api.w.org\/{rel}","templated":true}]}}