{"id":4385497,"date":"2026-04-09T01:58:14","date_gmt":"2026-04-09T00:58:14","guid":{"rendered":"https:\/\/tupique.com\/produit\/ordinateur-portable-lg-16z90ts-g-au99b-16-32-gb-ram-1-tb-ssd\/"},"modified":"2026-04-09T01:58:14","modified_gmt":"2026-04-09T00:58:14","slug":"ordinateur-portable-lg-16z90ts-g-au99b-16-32-gb-ram-1-tb-ssd","status":"publish","type":"product","link":"https:\/\/tupique.com\/pt\/produto\/ordinateur-portable-lg-16z90ts-g-au99b-16-32-gb-ram-1-tb-ssd\/","title":{"rendered":"Computador port\u00e1til LG 16Z90TS-G.AU99B 16\u2033 32 GB RAM 1 TB SSD"},"content":{"rendered":"<p>Se \u00e9 apaixonado por\u2019<b>inform\u00e1tica e eletr\u00f3nica<\/b>, Se est\u00e1 na vanguarda da tecnologia e n\u00e3o quer perder nada, compre <b>Computador port\u00e1til LG 16Z90TS-G.AU99B 16\u2033 32 GB RAM 1 TB SSD<\/b> ao melhor pre\u00e7o.<\/p>\n<p>Le <b>laptop LG 16Z90TS-G.AU99B<\/b> est un appareil con\u00e7u pour les utilisateurs n\u00e9cessitant haute performance et polyvalence dans un format compact et \u00e9l\u00e9gant. Il int\u00e8gre un <b>processeur Intel<\/b> de derni\u00e8re g\u00e9n\u00e9ration, garantissant un fonctionnement fluide et stable pour des t\u00e2ches professionnelles, cr\u00e9atives ou de productivit\u00e9 avanc\u00e9e. Il dispose d\u2019une grande <b>m\u00e9moire RAM de 32 Go<\/b>, id\u00e9ale pour g\u00e9rer plusieurs applications simultan\u00e9ment et optimiser les performances dans des environnements exigeants. Son <b>\u00e9cran de 16 pouces<\/b> offre une exp\u00e9rience visuelle large et confortable, adapt\u00e9e aussi bien au travail d\u00e9taill\u00e9 qu\u2019\u00e0 la lecture multim\u00e9dia. Ce mod\u00e8le est disponible en finitions <b>noir et gris<\/b>, apportant un design sobre et moderne qui s\u2019int\u00e8gre \u00e0 tout environnement de bureau ou d\u2019\u00e9tude. De plus, il poss\u00e8de un <b>clavier QWERTY en espagnol<\/b>, facilitant la saisie et l\u2019adaptation pour les utilisateurs hispanophones, assurant pr\u00e9cision et confort au quotidien. L\u2019\u00e9quilibre entre puissance, capacit\u00e9 m\u00e9moire et taille d\u2019\u00e9cran fait de ce laptop LG une solution comp\u00e9titive pour les professionnels recherchant des outils technologiques solides et fiables. Dans l\u2019ensemble, cet appareil repr\u00e9sente une option robuste et fonctionnelle pour ceux qui valorisent efficacit\u00e9 et style dans leurs \u00e9quipements portables.<\/p>\n<ul>\n<li>Tipo de tomada: tomada UE<\/li>\n<li>Type de m\u00e9moire:\n<ul>\n<li>SDRAM<\/li>\n<li>DDR5<\/li>\n<li>LPDDR5X<\/li>\n<\/ul>\n<\/li>\n<li>Tipo:\n<ul>\n<li>Ordinateur Portable<\/li>\n<li>Clavier num\u00e9rique<\/li>\n<li>Touchpad<\/li>\n<li>Clavier complet<\/li>\n<\/ul>\n<\/li>\n<li>Produto de encaixe: Sim<\/li>\n<li>Cor:\n<ul>\n<li>Preto<\/li>\n<li>Cinzento<\/li>\n<\/ul>\n<\/li>\n<li>R\u00e9solution:\n<ul>\n<li>WQXGA<\/li>\n<li>Full HD<\/li>\n<li>4K Ultra HD<\/li>\n<\/ul>\n<\/li>\n<li>Clavier: Espagnol Qwerty<\/li>\n<li>Dispositif intelligent: Des capacit\u00e9s intelligentes int\u00e9gr\u00e9es qui am\u00e9liorent le fonctionnement selon vos besoins.<\/li>\n<li>Bluetooth: Oui<\/li>\n<li>Poids: 1,24 Kg<\/li>\n<li>Chargeur inclus: Oui<\/li>\n<li>vitesse:\n<ul>\n<li>5,1 GHZ<\/li>\n<li>3,3 ghz<\/li>\n<li>3.3 GHz<\/li>\n<li>1,4 GHz<\/li>\n<\/ul>\n<\/li>\n<li>Famille de processeurs:\n<ul>\n<li>intel core ultra 9<\/li>\n<li>Intel<\/li>\n<\/ul>\n<\/li>\n<li>Carte Graphique:\n<ul>\n<li>intel arc 140<\/li>\n<li>Integrado<\/li>\n<\/ul>\n<\/li>\n<li>Conectividade:\n<ul>\n<li>Wi-Fi<\/li>\n<li>Bluetooth<\/li>\n<li>WI-FI 7<\/li>\n<\/ul>\n<\/li>\n<li>Contr\u00f4leur graphique: Chipset int\u00e9gr\u00e9e<\/li>\n<li>Illumination: RGB<\/li>\n<li>Tecnologia:\n<ul>\n<li>IPS<\/li>\n<li>Dolby Atmos<\/li>\n<\/ul>\n<\/li>\n<li>Disco r\u00edgido:\n<ul>\n<li>2 TB SSD<\/li>\n<li>1 TB SSD<\/li>\n<\/ul>\n<\/li>\n<li>Alimenta\u00e7\u00e3o el\u00e9ctrica:\n<ul>\n<li>r\u00e9seau \u00e9lectrique<\/li>\n<li>USB<\/li>\n<\/ul>\n<\/li>\n<li>Ecr\u00e3 t\u00e1til: N\u00e3o<\/li>\n<li>Type d&#8217;unit\u00e9 optique: Non<\/li>\n<li>Inclui:\n<ul>\n<li>Touchpad<\/li>\n<li>Webcam<\/li>\n<li>SSD x 1<\/li>\n<\/ul>\n<\/li>\n<li>Resolu\u00e7\u00e3o (px):\n<ul>\n<li>2560 x 1600 px<\/li>\n<li>1920 x 1080 px<\/li>\n<\/ul>\n<\/li>\n<li>Syst\u00e8me d&#8217;exploitation: Windows 11 Home<\/li>\n<li>Type de stockage: SSD<\/li>\n<li>Liga\u00e7\u00f5es:\n<ul>\n<li>HDMI<\/li>\n<li>USB<\/li>\n<li>2<\/li>\n<li>M.2<\/li>\n<li>HDMI 2.1 x 1<\/li>\n<li>Thunderbolt 4 x 2<\/li>\n<li>PCI Express 4.0<\/li>\n<li>USB-A 3.2<\/li>\n<li>USB 3.0 x 2<\/li>\n<li>C\u00e2ble jack 3,3 mm<\/li>\n<\/ul>\n<\/li>\n<li>Ecran: 16&#8243;<\/li>\n<li>M\u00e9moire RAM: 32 GB RAM<\/li>\n<li>Carater\u00edsticas:\n<ul>\n<li>C\u00e2mara frontal<\/li>\n<li>Microfone incorporado<\/li>\n<li>Retroiluminado<\/li>\n<li>2 altifalantes<\/li>\n<li>Adaptateur graphique int\u00e9gr\u00e9<\/li>\n<\/ul>\n<\/li>\n<li>Rapport d&#8217;aspect: 16:10<\/li>\n<li>Finition: Mat<\/li>\n<li>Cache: 12 MB<\/li>\n<li>Frequ\u00eancia:\n<ul>\n<li>144 Hz<\/li>\n<li>5,1 GHz<\/li>\n<\/ul>\n<\/li>\n<li>puissance: 65 W<\/li>\n<li>Non Inclus:\n<ul>\n<li>Type d&#8217;unit\u00e9 optique<\/li>\n<li>Adaptateur AC<\/li>\n<li>Liga\u00e7\u00e3o \u00e0 rede m\u00f3vel<\/li>\n<li>Adaptateur graphique discret<\/li>\n<\/ul>\n<\/li>\n<li>Exigences: 64 bits<\/li>\n<li>Format: M.2<\/li>\n<li>Flux lumineux: 400 lm<\/li>\n<li>Connecteurs: Kensington<\/li>\n<li>Tipo de bateria: i\u00f5es de l\u00edtio<\/li>\n<li>N\u00facleos: 8 n\u00facleos<\/li>\n<li>Diagonale de l&#8217;\u00e9cran (cm): 40,6 cm<\/li>\n<\/ul>","protected":false},"excerpt":{"rendered":"<p>Si vous \u00eates passionn\u00e9 d&#8217;informatique et d&#8217;\u00e9lectronique, si vous \u00eates \u00e0 la pointe de la technologie et qu&#8217;aucun d\u00e9tail ne<\/p>","protected":false},"featured_media":4385458,"comment_status":"open","ping_status":"closed","template":"","meta":{"_joinchat":[]},"product_brand":[157916],"product_cat":[157516,157583,155043],"product_tag":[157514,157515],"class_list":{"0":"post-4385497","1":"product","2":"type-product","3":"status-publish","4":"has-post-thumbnail","6":"product_brand-brandp_559","7":"product_cat-informatique-electronique","8":"product_cat-informatique-ordinateurs","9":"product_cat-notebooks","10":"product_tag-tag_933","11":"product_tag-tag_1295","13":"first","14":"outofstock","15":"taxable","16":"shipping-taxable","17":"purchasable","18":"product-type-simple"},"yoast_head":"<!-- This site is optimized with the Yoast SEO plugin v27.2 - https:\/\/yoast.com\/product\/yoast-seo-wordpress\/ -->\n<title>Ordinateur Portable LG 16Z90TS-G.AU99B 16&quot; 32 GB RAM 1 TB SSD - Tupique<\/title>\n<meta name=\"description\" content=\"Vous cherchez Ordinateur Portable LG 16Z90TS-G.AU99B 16&quot; 32 GB RAM 1 TB SSD ? Achetez des produits chez Tupique. Profitez de la livraison gratuite pour obtenir Ordinateur Portable LG 16Z90TS-G.AU99B 16&quot; 32 GB RAM 1 TB SSD d\u00e8s maintenant.\" \/>\n<meta name=\"robots\" content=\"index, follow, max-snippet:-1, max-image-preview:large, max-video-preview:-1\" \/>\n<link rel=\"canonical\" href=\"https:\/\/tupique.com\/pt\/produto\/ordinateur-portable-lg-16z90ts-g-au99b-16-32-gb-ram-1-tb-ssd\/\" \/>\n<meta property=\"og:locale\" content=\"pt_PT\" \/>\n<meta property=\"og:type\" content=\"article\" \/>\n<meta property=\"og:title\" content=\"Ordinateur Portable LG 16Z90TS-G.AU99B 16&quot; 32 GB RAM 1 TB SSD - Tupique\" \/>\n<meta property=\"og:description\" content=\"Vous cherchez Ordinateur Portable LG 16Z90TS-G.AU99B 16&quot; 32 GB RAM 1 TB SSD ? Achetez des produits chez Tupique. Profitez de la livraison gratuite pour obtenir Ordinateur Portable LG 16Z90TS-G.AU99B 16&quot; 32 GB RAM 1 TB SSD d\u00e8s maintenant.\" \/>\n<meta property=\"og:url\" content=\"https:\/\/tupique.com\/pt\/produto\/ordinateur-portable-lg-16z90ts-g-au99b-16-32-gb-ram-1-tb-ssd\/\" \/>\n<meta property=\"og:site_name\" content=\"Tupique\" \/>\n<meta name=\"twitter:card\" content=\"summary_large_image\" \/>\n<meta name=\"twitter:label1\" content=\"Tempo estimado de leitura\" \/>\n\t<meta name=\"twitter:data1\" content=\"2 minutos\" \/>\n<script type=\"application\/ld+json\" class=\"yoast-schema-graph\">{\"@context\":\"https:\/\/schema.org\",\"@graph\":[{\"@type\":\"WebPage\",\"@id\":\"https:\/\/tupique.com\/produit\/ordinateur-portable-lg-16z90ts-g-au99b-16-32-gb-ram-1-tb-ssd\/\",\"url\":\"https:\/\/tupique.com\/produit\/ordinateur-portable-lg-16z90ts-g-au99b-16-32-gb-ram-1-tb-ssd\/\",\"name\":\"Ordinateur Portable LG 16Z90TS-G.AU99B 16\\\" 32 GB RAM 1 TB SSD - Tupique\",\"isPartOf\":{\"@id\":\"https:\/\/tupique.com\/#website\"},\"primaryImageOfPage\":{\"@id\":\"https:\/\/tupique.com\/produit\/ordinateur-portable-lg-16z90ts-g-au99b-16-32-gb-ram-1-tb-ssd\/#primaryimage\"},\"image\":{\"@id\":\"https:\/\/tupique.com\/produit\/ordinateur-portable-lg-16z90ts-g-au99b-16-32-gb-ram-1-tb-ssd\/#primaryimage\"},\"thumbnailUrl\":\"https:\/\/tupique.com\/wp-content\/uploads\/2026\/04\/8806096481356_S9918652_P00.jpg\",\"datePublished\":\"2026-04-09T00:58:14+00:00\",\"description\":\"Vous cherchez Ordinateur Portable LG 16Z90TS-G.AU99B 16\\\" 32 GB RAM 1 TB SSD ? Achetez des produits chez Tupique. Profitez de la livraison gratuite pour obtenir Ordinateur Portable LG 16Z90TS-G.AU99B 16\\\" 32 GB RAM 1 TB SSD d\u00e8s maintenant.\",\"breadcrumb\":{\"@id\":\"https:\/\/tupique.com\/produit\/ordinateur-portable-lg-16z90ts-g-au99b-16-32-gb-ram-1-tb-ssd\/#breadcrumb\"},\"inLanguage\":\"pt-PT\",\"potentialAction\":[{\"@type\":\"ReadAction\",\"target\":[\"https:\/\/tupique.com\/produit\/ordinateur-portable-lg-16z90ts-g-au99b-16-32-gb-ram-1-tb-ssd\/\"]}]},{\"@type\":\"ImageObject\",\"inLanguage\":\"pt-PT\",\"@id\":\"https:\/\/tupique.com\/produit\/ordinateur-portable-lg-16z90ts-g-au99b-16-32-gb-ram-1-tb-ssd\/#primaryimage\",\"url\":\"https:\/\/tupique.com\/wp-content\/uploads\/2026\/04\/8806096481356_S9918652_P00.jpg\",\"contentUrl\":\"https:\/\/tupique.com\/wp-content\/uploads\/2026\/04\/8806096481356_S9918652_P00.jpg\",\"width\":1200,\"height\":1200,\"caption\":\"S55313760_0\"},{\"@type\":\"BreadcrumbList\",\"@id\":\"https:\/\/tupique.com\/produit\/ordinateur-portable-lg-16z90ts-g-au99b-16-32-gb-ram-1-tb-ssd\/#breadcrumb\",\"itemListElement\":[{\"@type\":\"ListItem\",\"position\":1,\"name\":\"In\u00edcio\",\"item\":\"https:\/\/tupique.com\/\"},{\"@type\":\"ListItem\",\"position\":2,\"name\":\"Boutique\",\"item\":\"https:\/\/tupique.com\/en\/boutique\/\"},{\"@type\":\"ListItem\",\"position\":3,\"name\":\"Ordinateur Portable LG 16Z90TS-G.AU99B 16&#8243; 32 GB RAM 1 TB SSD\"}]},{\"@type\":\"WebSite\",\"@id\":\"https:\/\/tupique.com\/#website\",\"url\":\"https:\/\/tupique.com\/\",\"name\":\"Tupique\",\"description\":\"Marketplace\",\"publisher\":{\"@id\":\"https:\/\/tupique.com\/#organization\"},\"potentialAction\":[{\"@type\":\"SearchAction\",\"target\":{\"@type\":\"EntryPoint\",\"urlTemplate\":\"https:\/\/tupique.com\/?s={search_term_string}\"},\"query-input\":{\"@type\":\"PropertyValueSpecification\",\"valueRequired\":true,\"valueName\":\"search_term_string\"}}],\"inLanguage\":\"pt-PT\"},{\"@type\":\"Organization\",\"@id\":\"https:\/\/tupique.com\/#organization\",\"name\":\"Tupique\",\"url\":\"https:\/\/tupique.com\/\",\"logo\":{\"@type\":\"ImageObject\",\"inLanguage\":\"pt-PT\",\"@id\":\"https:\/\/tupique.com\/#\/schema\/logo\/image\/\",\"url\":\"https:\/\/tupique.com\/wp-content\/uploads\/2024\/09\/logo.png\",\"contentUrl\":\"https:\/\/tupique.com\/wp-content\/uploads\/2024\/09\/logo.png\",\"width\":1118,\"height\":310,\"caption\":\"Tupique\"},\"image\":{\"@id\":\"https:\/\/tupique.com\/#\/schema\/logo\/image\/\"}}]}<\/script>\n<!-- \/ Yoast SEO plugin. -->","yoast_head_json":{"title":"Ordinateur Portable LG 16Z90TS-G.AU99B 16\" 32 GB RAM 1 TB SSD - Tupique","description":"Vous cherchez Ordinateur Portable LG 16Z90TS-G.AU99B 16\" 32 GB RAM 1 TB SSD ? Achetez des produits chez Tupique. Profitez de la livraison gratuite pour obtenir Ordinateur Portable LG 16Z90TS-G.AU99B 16\" 32 GB RAM 1 TB SSD d\u00e8s maintenant.","robots":{"index":"index","follow":"follow","max-snippet":"max-snippet:-1","max-image-preview":"max-image-preview:large","max-video-preview":"max-video-preview:-1"},"canonical":"https:\/\/tupique.com\/pt\/produto\/ordinateur-portable-lg-16z90ts-g-au99b-16-32-gb-ram-1-tb-ssd\/","og_locale":"pt_PT","og_type":"article","og_title":"Ordinateur Portable LG 16Z90TS-G.AU99B 16\" 32 GB RAM 1 TB SSD - Tupique","og_description":"Vous cherchez Ordinateur Portable LG 16Z90TS-G.AU99B 16\" 32 GB RAM 1 TB SSD ? Achetez des produits chez Tupique. Profitez de la livraison gratuite pour obtenir Ordinateur Portable LG 16Z90TS-G.AU99B 16\" 32 GB RAM 1 TB SSD d\u00e8s maintenant.","og_url":"https:\/\/tupique.com\/pt\/produto\/ordinateur-portable-lg-16z90ts-g-au99b-16-32-gb-ram-1-tb-ssd\/","og_site_name":"Tupique","twitter_card":"summary_large_image","twitter_misc":{"Tempo estimado de leitura":"2 minutos"},"schema":{"@context":"https:\/\/schema.org","@graph":[{"@type":"WebPage","@id":"https:\/\/tupique.com\/produit\/ordinateur-portable-lg-16z90ts-g-au99b-16-32-gb-ram-1-tb-ssd\/","url":"https:\/\/tupique.com\/produit\/ordinateur-portable-lg-16z90ts-g-au99b-16-32-gb-ram-1-tb-ssd\/","name":"Ordinateur Portable LG 16Z90TS-G.AU99B 16\" 32 GB RAM 1 TB SSD - Tupique","isPartOf":{"@id":"https:\/\/tupique.com\/#website"},"primaryImageOfPage":{"@id":"https:\/\/tupique.com\/produit\/ordinateur-portable-lg-16z90ts-g-au99b-16-32-gb-ram-1-tb-ssd\/#primaryimage"},"image":{"@id":"https:\/\/tupique.com\/produit\/ordinateur-portable-lg-16z90ts-g-au99b-16-32-gb-ram-1-tb-ssd\/#primaryimage"},"thumbnailUrl":"https:\/\/tupique.com\/wp-content\/uploads\/2026\/04\/8806096481356_S9918652_P00.jpg","datePublished":"2026-04-09T00:58:14+00:00","description":"Vous cherchez Ordinateur Portable LG 16Z90TS-G.AU99B 16\" 32 GB RAM 1 TB SSD ? Achetez des produits chez Tupique. Profitez de la livraison gratuite pour obtenir Ordinateur Portable LG 16Z90TS-G.AU99B 16\" 32 GB RAM 1 TB SSD d\u00e8s maintenant.","breadcrumb":{"@id":"https:\/\/tupique.com\/produit\/ordinateur-portable-lg-16z90ts-g-au99b-16-32-gb-ram-1-tb-ssd\/#breadcrumb"},"inLanguage":"pt-PT","potentialAction":[{"@type":"ReadAction","target":["https:\/\/tupique.com\/produit\/ordinateur-portable-lg-16z90ts-g-au99b-16-32-gb-ram-1-tb-ssd\/"]}]},{"@type":"ImageObject","inLanguage":"pt-PT","@id":"https:\/\/tupique.com\/produit\/ordinateur-portable-lg-16z90ts-g-au99b-16-32-gb-ram-1-tb-ssd\/#primaryimage","url":"https:\/\/tupique.com\/wp-content\/uploads\/2026\/04\/8806096481356_S9918652_P00.jpg","contentUrl":"https:\/\/tupique.com\/wp-content\/uploads\/2026\/04\/8806096481356_S9918652_P00.jpg","width":1200,"height":1200,"caption":"S55313760_0"},{"@type":"BreadcrumbList","@id":"https:\/\/tupique.com\/produit\/ordinateur-portable-lg-16z90ts-g-au99b-16-32-gb-ram-1-tb-ssd\/#breadcrumb","itemListElement":[{"@type":"ListItem","position":1,"name":"In\u00edcio","item":"https:\/\/tupique.com\/"},{"@type":"ListItem","position":2,"name":"Boutique","item":"https:\/\/tupique.com\/en\/boutique\/"},{"@type":"ListItem","position":3,"name":"Ordinateur Portable LG 16Z90TS-G.AU99B 16&#8243; 32 GB RAM 1 TB SSD"}]},{"@type":"WebSite","@id":"https:\/\/tupique.com\/#website","url":"https:\/\/tupique.com\/","name":"Tupique","description":"Marketplace","publisher":{"@id":"https:\/\/tupique.com\/#organization"},"potentialAction":[{"@type":"SearchAction","target":{"@type":"EntryPoint","urlTemplate":"https:\/\/tupique.com\/?s={search_term_string}"},"query-input":{"@type":"PropertyValueSpecification","valueRequired":true,"valueName":"search_term_string"}}],"inLanguage":"pt-PT"},{"@type":"Organization","@id":"https:\/\/tupique.com\/#organization","name":"Tupique","url":"https:\/\/tupique.com\/","logo":{"@type":"ImageObject","inLanguage":"pt-PT","@id":"https:\/\/tupique.com\/#\/schema\/logo\/image\/","url":"https:\/\/tupique.com\/wp-content\/uploads\/2024\/09\/logo.png","contentUrl":"https:\/\/tupique.com\/wp-content\/uploads\/2024\/09\/logo.png","width":1118,"height":310,"caption":"Tupique"},"image":{"@id":"https:\/\/tupique.com\/#\/schema\/logo\/image\/"}}]}},"jetpack_sharing_enabled":true,"_links":{"self":[{"href":"https:\/\/tupique.com\/pt\/wp-json\/wp\/v2\/product\/4385497","targetHints":{"allow":["GET"]}}],"collection":[{"href":"https:\/\/tupique.com\/pt\/wp-json\/wp\/v2\/product"}],"about":[{"href":"https:\/\/tupique.com\/pt\/wp-json\/wp\/v2\/types\/product"}],"replies":[{"embeddable":true,"href":"https:\/\/tupique.com\/pt\/wp-json\/wp\/v2\/comments?post=4385497"}],"wp:featuredmedia":[{"embeddable":true,"href":"https:\/\/tupique.com\/pt\/wp-json\/wp\/v2\/media\/4385458"}],"wp:attachment":[{"href":"https:\/\/tupique.com\/pt\/wp-json\/wp\/v2\/media?parent=4385497"}],"wp:term":[{"taxonomy":"product_brand","embeddable":true,"href":"https:\/\/tupique.com\/pt\/wp-json\/wp\/v2\/product_brand?post=4385497"},{"taxonomy":"product_cat","embeddable":true,"href":"https:\/\/tupique.com\/pt\/wp-json\/wp\/v2\/product_cat?post=4385497"},{"taxonomy":"product_tag","embeddable":true,"href":"https:\/\/tupique.com\/pt\/wp-json\/wp\/v2\/product_tag?post=4385497"}],"curies":[{"name":"wp","href":"https:\/\/api.w.org\/{rel}","templated":true}]}}