{"id":4385532,"date":"2026-04-09T01:58:56","date_gmt":"2026-04-09T00:58:56","guid":{"rendered":"https:\/\/tupique.com\/produit\/tablette-samsung-sm-x520nzareub-109-8-gb-ram-128-gb-gris\/"},"modified":"2026-04-09T01:58:56","modified_gmt":"2026-04-09T00:58:56","slug":"tablette-samsung-sm-x520nzareub-109-8-gb-ram-128-gb-gris","status":"publish","type":"product","link":"https:\/\/tupique.com\/pt\/produto\/tablette-samsung-sm-x520nzareub-109-8-gb-ram-128-gb-gris\/","title":{"rendered":"Tablette Samsung SM-X520NZAREUB 10,9&#8243; 8 GB RAM 128 GB Gris"},"content":{"rendered":"<p>Se \u00e9 apaixonado por\u2019<b>inform\u00e1tica e eletr\u00f3nica<\/b>, Se est\u00e1 na vanguarda da tecnologia e n\u00e3o quer perder nada, compre <b>Tablette Samsung SM-X520NZAREUB 10,9&#8243; 8 GB RAM 128 GB Gris<\/b> ao melhor pre\u00e7o.<\/p>\n<p>La <b>Tablet<\/b> Samsung mod\u00e8le SM-X520NZAREUB se pr\u00e9sente comme une option polyvalente adapt\u00e9e aussi bien \u00e0 un usage professionnel qu\u2019au divertissement quotidien, alliant design \u00e9l\u00e9gant et fonctionnalit\u00e9s avanc\u00e9es sous la qualit\u00e9 reconnue de la marque Samsung. Elle dispose d\u2019un <b>\u00e9cran LCD de 10,9 pouces<\/b> offrant une exp\u00e9rience visuelle immersive, id\u00e9ale pour regarder des vid\u00e9os, naviguer sur Internet ou travailler avec des applications cr\u00e9atives, ainsi que pour les appels vid\u00e9o gr\u00e2ce \u00e0 la <b>c\u00e2mara frontal<\/b>. Elle propose des options de <b>m\u00e9moire RAM de 6 Go ou 8 Go<\/b>, assurant des performances fluides en multit\u00e2che et avec des applications exigeantes, tandis que sa <b>capacit\u00e9 de stockage interne de 128 Go<\/b> permet de conserver de nombreux fichiers et applications, facilitant le travail et les loisirs partout. Le bo\u00eetier en <b>cinzento<\/b> fabriqu\u00e9 en <b>plastique<\/b> apporte une touche moderne et r\u00e9sistante, tandis que des sp\u00e9cificit\u00e9s comme la <b>mise au point automatique<\/b> de la cam\u00e9ra am\u00e9liorent la qualit\u00e9 des photos et vid\u00e9os prises. Ce mod\u00e8le int\u00e8gre \u00e9galement un processeur Octa-core, optimisant la gestion des processus complexes avec rapidit\u00e9. La Samsung Tablette SM-X520NZAREUB s\u2019impose ainsi comme une solution \u00e9quilibr\u00e9e pour ceux qui recherchent performance, portabilit\u00e9 et exp\u00e9rience multim\u00e9dia avanc\u00e9e dans un seul appareil.<\/p>\n<ul>\n<li>Type: Tablette<\/li>\n<li>Tipo de tomada: tomada UE<\/li>\n<li>Diagonale de l&#8217;\u00e9cran (cm): 27,7 cm<\/li>\n<li>Produto de encaixe: Sim<\/li>\n<li>Alimenta\u00e7\u00e3o el\u00e9ctrica:\n<ul>\n<li>r\u00e9seau \u00e9lectrique<\/li>\n<li>USB<\/li>\n<\/ul>\n<\/li>\n<li>Resolu\u00e7\u00e3o (px): 3840 x 2160 px<\/li>\n<li>Aceler\u00f3metro: Sim<\/li>\n<li>Glonass: Sim<\/li>\n<li>Girosc\u00f3pio: Sim<\/li>\n<li>Tecnologia:\n<ul>\n<li>TFT<\/li>\n<li>M\u00edmica<\/li>\n<\/ul>\n<\/li>\n<li>Cart\u00f5es de mem\u00f3ria compat\u00edveis: MicroSD (TransFlash)<\/li>\n<li>Capacit\u00e9 de la batterie: 8000 mAh<\/li>\n<li>Conectividade:\n<ul>\n<li>Bluetooth<\/li>\n<li>6 GHz Wi-Fi<\/li>\n<li>Wi-Fi<\/li>\n<li>GPS<\/li>\n<li>Galileu<\/li>\n<li>Bluetooth 5.3<\/li>\n<\/ul>\n<\/li>\n<li>Ecran: 10,9&#8243;<\/li>\n<li>Mem\u00f3ria RAM: 8 GB de RAM<\/li>\n<li>M\u00e9moire interne:\n<ul>\n<li>128 GB<\/li>\n<li>256 GB<\/li>\n<\/ul>\n<\/li>\n<li>Cor: cinzento<\/li>\n<li>Material: Pl\u00e1stico<\/li>\n<li>Carater\u00edsticas:\n<ul>\n<li>C\u00e2mara frontal<\/li>\n<li>Ecr\u00e3 LCD<\/li>\n<li>Autofocus<\/li>\n<li>Lecteur de Cartes<\/li>\n<li>Leitor de impress\u00f5es digitais<\/li>\n<li>B\u00fassola eletr\u00f3nica<\/li>\n<\/ul>\n<\/li>\n<li>Liga\u00e7\u00f5es:\n<ul>\n<li>USB<\/li>\n<li>USB-C 2.0<\/li>\n<\/ul>\n<\/li>\n<li>Classification \u00e9nerg\u00e9tique: F<\/li>\n<li>Sistema operativo: Android<\/li>\n<li>Classifica\u00e7\u00e3o IP: IP68<\/li>\n<li>C\u00e2mara:\n<ul>\n<li>13 MP<\/li>\n<li>Traseira<\/li>\n<\/ul>\n<\/li>\n<li>Fonctions: Acc\u00e9l\u00e9rom\u00e8tre<\/li>\n<li>R\u00e9solution:\n<ul>\n<li>1080 p<\/li>\n<li>WUXGA+<\/li>\n<\/ul>\n<\/li>\n<li>vitesse: 30 fps<\/li>\n<li>Non Inclus:\n<ul>\n<li>Adaptateur AC<\/li>\n<li>Liga\u00e7\u00e3o \u00e0 rede m\u00f3vel<\/li>\n<\/ul>\n<\/li>\n<li>Taille maximale de la carte m\u00e9moire: 2 TB<\/li>\n<li>Inclut: Crayon tactile<\/li>\n<li>Autonomie approx.:\n<ul>\n<li>20 heures<\/li>\n<li>12 heures<\/li>\n<\/ul>\n<\/li>\n<li>N\u00facleos: 8 n\u00facleos<\/li>\n<\/ul>","protected":false},"excerpt":{"rendered":"<p>Si vous \u00eates passionn\u00e9 d&#8217;informatique et d&#8217;\u00e9lectronique, si vous \u00eates \u00e0 la pointe de la technologie et qu&#8217;aucun d\u00e9tail ne<\/p>","protected":false},"featured_media":4385522,"comment_status":"open","ping_status":"closed","template":"","meta":{"_joinchat":[]},"product_brand":[157883],"product_cat":[157523,157516,157560],"product_tag":[157522,157515],"class_list":{"0":"post-4385532","1":"product","2":"type-product","3":"status-publish","4":"has-post-thumbnail","6":"product_brand-brandp_576","7":"product_cat-electronique-telephonie-et-tablettes","8":"product_cat-informatique-electronique","9":"product_cat-tablettes","10":"product_tag-tag_547","11":"product_tag-tag_1295","13":"first","14":"instock","15":"taxable","16":"shipping-taxable","17":"purchasable","18":"product-type-simple"},"yoast_head":"<!-- This site is optimized with the Yoast SEO plugin v27.2 - https:\/\/yoast.com\/product\/yoast-seo-wordpress\/ -->\n<title>Tablette Samsung SM-X520NZAREUB 10,9&quot; 8 GB RAM 128 GB Gris - Tupique<\/title>\n<meta name=\"description\" content=\"Vous cherchez Tablette Samsung SM-X520NZAREUB 10,9&quot; 8 GB RAM 128 GB Gris ? Achetez des produits chez Tupique. Profitez de la livraison gratuite pour obtenir Tablette Samsung SM-X520NZAREUB 10,9&quot; 8 GB RAM 128 GB Gris d\u00e8s maintenant.\" \/>\n<meta name=\"robots\" content=\"index, follow, max-snippet:-1, max-image-preview:large, max-video-preview:-1\" \/>\n<link rel=\"canonical\" href=\"https:\/\/tupique.com\/pt\/produto\/tablette-samsung-sm-x520nzareub-109-8-gb-ram-128-gb-gris\/\" \/>\n<meta property=\"og:locale\" content=\"pt_PT\" \/>\n<meta property=\"og:type\" content=\"article\" \/>\n<meta property=\"og:title\" content=\"Tablette Samsung SM-X520NZAREUB 10,9&quot; 8 GB RAM 128 GB Gris - Tupique\" \/>\n<meta property=\"og:description\" content=\"Vous cherchez Tablette Samsung SM-X520NZAREUB 10,9&quot; 8 GB RAM 128 GB Gris ? Achetez des produits chez Tupique. Profitez de la livraison gratuite pour obtenir Tablette Samsung SM-X520NZAREUB 10,9&quot; 8 GB RAM 128 GB Gris d\u00e8s maintenant.\" \/>\n<meta property=\"og:url\" content=\"https:\/\/tupique.com\/pt\/produto\/tablette-samsung-sm-x520nzareub-109-8-gb-ram-128-gb-gris\/\" \/>\n<meta property=\"og:site_name\" content=\"Tupique\" \/>\n<meta name=\"twitter:card\" content=\"summary_large_image\" \/>\n<meta name=\"twitter:label1\" content=\"Tempo estimado de leitura\" \/>\n\t<meta name=\"twitter:data1\" content=\"2 minutos\" \/>\n<script type=\"application\/ld+json\" class=\"yoast-schema-graph\">{\"@context\":\"https:\/\/schema.org\",\"@graph\":[{\"@type\":\"WebPage\",\"@id\":\"https:\/\/tupique.com\/produit\/tablette-samsung-sm-x520nzareub-109-8-gb-ram-128-gb-gris\/\",\"url\":\"https:\/\/tupique.com\/produit\/tablette-samsung-sm-x520nzareub-109-8-gb-ram-128-gb-gris\/\",\"name\":\"Tablette Samsung SM-X520NZAREUB 10,9\\\" 8 GB RAM 128 GB Gris - Tupique\",\"isPartOf\":{\"@id\":\"https:\/\/tupique.com\/#website\"},\"primaryImageOfPage\":{\"@id\":\"https:\/\/tupique.com\/produit\/tablette-samsung-sm-x520nzareub-109-8-gb-ram-128-gb-gris\/#primaryimage\"},\"image\":{\"@id\":\"https:\/\/tupique.com\/produit\/tablette-samsung-sm-x520nzareub-109-8-gb-ram-128-gb-gris\/#primaryimage\"},\"thumbnailUrl\":\"https:\/\/tupique.com\/wp-content\/uploads\/2026\/04\/1038318881.jpg\",\"datePublished\":\"2026-04-09T00:58:56+00:00\",\"description\":\"Vous cherchez Tablette Samsung SM-X520NZAREUB 10,9\\\" 8 GB RAM 128 GB Gris ? Achetez des produits chez Tupique. Profitez de la livraison gratuite pour obtenir Tablette Samsung SM-X520NZAREUB 10,9\\\" 8 GB RAM 128 GB Gris d\u00e8s maintenant.\",\"breadcrumb\":{\"@id\":\"https:\/\/tupique.com\/produit\/tablette-samsung-sm-x520nzareub-109-8-gb-ram-128-gb-gris\/#breadcrumb\"},\"inLanguage\":\"pt-PT\",\"potentialAction\":[{\"@type\":\"ReadAction\",\"target\":[\"https:\/\/tupique.com\/produit\/tablette-samsung-sm-x520nzareub-109-8-gb-ram-128-gb-gris\/\"]}]},{\"@type\":\"ImageObject\",\"inLanguage\":\"pt-PT\",\"@id\":\"https:\/\/tupique.com\/produit\/tablette-samsung-sm-x520nzareub-109-8-gb-ram-128-gb-gris\/#primaryimage\",\"url\":\"https:\/\/tupique.com\/wp-content\/uploads\/2026\/04\/1038318881.jpg\",\"contentUrl\":\"https:\/\/tupique.com\/wp-content\/uploads\/2026\/04\/1038318881.jpg\",\"width\":1200,\"height\":1200,\"caption\":\"S55301366_0\"},{\"@type\":\"BreadcrumbList\",\"@id\":\"https:\/\/tupique.com\/produit\/tablette-samsung-sm-x520nzareub-109-8-gb-ram-128-gb-gris\/#breadcrumb\",\"itemListElement\":[{\"@type\":\"ListItem\",\"position\":1,\"name\":\"In\u00edcio\",\"item\":\"https:\/\/tupique.com\/\"},{\"@type\":\"ListItem\",\"position\":2,\"name\":\"Boutique\",\"item\":\"https:\/\/tupique.com\/en\/boutique\/\"},{\"@type\":\"ListItem\",\"position\":3,\"name\":\"Tablette Samsung SM-X520NZAREUB 10,9&#8243; 8 GB RAM 128 GB Gris\"}]},{\"@type\":\"WebSite\",\"@id\":\"https:\/\/tupique.com\/#website\",\"url\":\"https:\/\/tupique.com\/\",\"name\":\"Tupique\",\"description\":\"Marketplace\",\"publisher\":{\"@id\":\"https:\/\/tupique.com\/#organization\"},\"potentialAction\":[{\"@type\":\"SearchAction\",\"target\":{\"@type\":\"EntryPoint\",\"urlTemplate\":\"https:\/\/tupique.com\/?s={search_term_string}\"},\"query-input\":{\"@type\":\"PropertyValueSpecification\",\"valueRequired\":true,\"valueName\":\"search_term_string\"}}],\"inLanguage\":\"pt-PT\"},{\"@type\":\"Organization\",\"@id\":\"https:\/\/tupique.com\/#organization\",\"name\":\"Tupique\",\"url\":\"https:\/\/tupique.com\/\",\"logo\":{\"@type\":\"ImageObject\",\"inLanguage\":\"pt-PT\",\"@id\":\"https:\/\/tupique.com\/#\/schema\/logo\/image\/\",\"url\":\"https:\/\/tupique.com\/wp-content\/uploads\/2024\/09\/logo.png\",\"contentUrl\":\"https:\/\/tupique.com\/wp-content\/uploads\/2024\/09\/logo.png\",\"width\":1118,\"height\":310,\"caption\":\"Tupique\"},\"image\":{\"@id\":\"https:\/\/tupique.com\/#\/schema\/logo\/image\/\"}}]}<\/script>\n<!-- \/ Yoast SEO plugin. -->","yoast_head_json":{"title":"Tablette Samsung SM-X520NZAREUB 10,9\" 8 GB RAM 128 GB Gris - Tupique","description":"Vous cherchez Tablette Samsung SM-X520NZAREUB 10,9\" 8 GB RAM 128 GB Gris ? Achetez des produits chez Tupique. Profitez de la livraison gratuite pour obtenir Tablette Samsung SM-X520NZAREUB 10,9\" 8 GB RAM 128 GB Gris d\u00e8s maintenant.","robots":{"index":"index","follow":"follow","max-snippet":"max-snippet:-1","max-image-preview":"max-image-preview:large","max-video-preview":"max-video-preview:-1"},"canonical":"https:\/\/tupique.com\/pt\/produto\/tablette-samsung-sm-x520nzareub-109-8-gb-ram-128-gb-gris\/","og_locale":"pt_PT","og_type":"article","og_title":"Tablette Samsung SM-X520NZAREUB 10,9\" 8 GB RAM 128 GB Gris - Tupique","og_description":"Vous cherchez Tablette Samsung SM-X520NZAREUB 10,9\" 8 GB RAM 128 GB Gris ? Achetez des produits chez Tupique. Profitez de la livraison gratuite pour obtenir Tablette Samsung SM-X520NZAREUB 10,9\" 8 GB RAM 128 GB Gris d\u00e8s maintenant.","og_url":"https:\/\/tupique.com\/pt\/produto\/tablette-samsung-sm-x520nzareub-109-8-gb-ram-128-gb-gris\/","og_site_name":"Tupique","twitter_card":"summary_large_image","twitter_misc":{"Tempo estimado de leitura":"2 minutos"},"schema":{"@context":"https:\/\/schema.org","@graph":[{"@type":"WebPage","@id":"https:\/\/tupique.com\/produit\/tablette-samsung-sm-x520nzareub-109-8-gb-ram-128-gb-gris\/","url":"https:\/\/tupique.com\/produit\/tablette-samsung-sm-x520nzareub-109-8-gb-ram-128-gb-gris\/","name":"Tablette Samsung SM-X520NZAREUB 10,9\" 8 GB RAM 128 GB Gris - Tupique","isPartOf":{"@id":"https:\/\/tupique.com\/#website"},"primaryImageOfPage":{"@id":"https:\/\/tupique.com\/produit\/tablette-samsung-sm-x520nzareub-109-8-gb-ram-128-gb-gris\/#primaryimage"},"image":{"@id":"https:\/\/tupique.com\/produit\/tablette-samsung-sm-x520nzareub-109-8-gb-ram-128-gb-gris\/#primaryimage"},"thumbnailUrl":"https:\/\/tupique.com\/wp-content\/uploads\/2026\/04\/1038318881.jpg","datePublished":"2026-04-09T00:58:56+00:00","description":"Vous cherchez Tablette Samsung SM-X520NZAREUB 10,9\" 8 GB RAM 128 GB Gris ? Achetez des produits chez Tupique. Profitez de la livraison gratuite pour obtenir Tablette Samsung SM-X520NZAREUB 10,9\" 8 GB RAM 128 GB Gris d\u00e8s maintenant.","breadcrumb":{"@id":"https:\/\/tupique.com\/produit\/tablette-samsung-sm-x520nzareub-109-8-gb-ram-128-gb-gris\/#breadcrumb"},"inLanguage":"pt-PT","potentialAction":[{"@type":"ReadAction","target":["https:\/\/tupique.com\/produit\/tablette-samsung-sm-x520nzareub-109-8-gb-ram-128-gb-gris\/"]}]},{"@type":"ImageObject","inLanguage":"pt-PT","@id":"https:\/\/tupique.com\/produit\/tablette-samsung-sm-x520nzareub-109-8-gb-ram-128-gb-gris\/#primaryimage","url":"https:\/\/tupique.com\/wp-content\/uploads\/2026\/04\/1038318881.jpg","contentUrl":"https:\/\/tupique.com\/wp-content\/uploads\/2026\/04\/1038318881.jpg","width":1200,"height":1200,"caption":"S55301366_0"},{"@type":"BreadcrumbList","@id":"https:\/\/tupique.com\/produit\/tablette-samsung-sm-x520nzareub-109-8-gb-ram-128-gb-gris\/#breadcrumb","itemListElement":[{"@type":"ListItem","position":1,"name":"In\u00edcio","item":"https:\/\/tupique.com\/"},{"@type":"ListItem","position":2,"name":"Boutique","item":"https:\/\/tupique.com\/en\/boutique\/"},{"@type":"ListItem","position":3,"name":"Tablette Samsung SM-X520NZAREUB 10,9&#8243; 8 GB RAM 128 GB Gris"}]},{"@type":"WebSite","@id":"https:\/\/tupique.com\/#website","url":"https:\/\/tupique.com\/","name":"Tupique","description":"Marketplace","publisher":{"@id":"https:\/\/tupique.com\/#organization"},"potentialAction":[{"@type":"SearchAction","target":{"@type":"EntryPoint","urlTemplate":"https:\/\/tupique.com\/?s={search_term_string}"},"query-input":{"@type":"PropertyValueSpecification","valueRequired":true,"valueName":"search_term_string"}}],"inLanguage":"pt-PT"},{"@type":"Organization","@id":"https:\/\/tupique.com\/#organization","name":"Tupique","url":"https:\/\/tupique.com\/","logo":{"@type":"ImageObject","inLanguage":"pt-PT","@id":"https:\/\/tupique.com\/#\/schema\/logo\/image\/","url":"https:\/\/tupique.com\/wp-content\/uploads\/2024\/09\/logo.png","contentUrl":"https:\/\/tupique.com\/wp-content\/uploads\/2024\/09\/logo.png","width":1118,"height":310,"caption":"Tupique"},"image":{"@id":"https:\/\/tupique.com\/#\/schema\/logo\/image\/"}}]}},"jetpack_sharing_enabled":true,"_links":{"self":[{"href":"https:\/\/tupique.com\/pt\/wp-json\/wp\/v2\/product\/4385532","targetHints":{"allow":["GET"]}}],"collection":[{"href":"https:\/\/tupique.com\/pt\/wp-json\/wp\/v2\/product"}],"about":[{"href":"https:\/\/tupique.com\/pt\/wp-json\/wp\/v2\/types\/product"}],"replies":[{"embeddable":true,"href":"https:\/\/tupique.com\/pt\/wp-json\/wp\/v2\/comments?post=4385532"}],"wp:featuredmedia":[{"embeddable":true,"href":"https:\/\/tupique.com\/pt\/wp-json\/wp\/v2\/media\/4385522"}],"wp:attachment":[{"href":"https:\/\/tupique.com\/pt\/wp-json\/wp\/v2\/media?parent=4385532"}],"wp:term":[{"taxonomy":"product_brand","embeddable":true,"href":"https:\/\/tupique.com\/pt\/wp-json\/wp\/v2\/product_brand?post=4385532"},{"taxonomy":"product_cat","embeddable":true,"href":"https:\/\/tupique.com\/pt\/wp-json\/wp\/v2\/product_cat?post=4385532"},{"taxonomy":"product_tag","embeddable":true,"href":"https:\/\/tupique.com\/pt\/wp-json\/wp\/v2\/product_tag?post=4385532"}],"curies":[{"name":"wp","href":"https:\/\/api.w.org\/{rel}","templated":true}]}}