{"id":4385583,"date":"2026-04-09T01:59:51","date_gmt":"2026-04-09T00:59:51","guid":{"rendered":"https:\/\/tupique.com\/produit\/ordinateur-portable-asus-90nb16k1-m001h0-16-intel-core-7-240h-16-gb-ram-1-tb-ssd-geforce-rtx-5060\/"},"modified":"2026-04-09T01:59:51","modified_gmt":"2026-04-09T00:59:51","slug":"ordinateur-portable-asus-90nb16k1-m001h0-16-intel-core-7-240h-16-gb-ram-1-tb-ssd-geforce-rtx-5060","status":"publish","type":"product","link":"https:\/\/tupique.com\/pt\/produto\/ordinateur-portable-asus-90nb16k1-m001h0-16-intel-core-7-240h-16-gb-ram-1-tb-ssd-geforce-rtx-5060\/","title":{"rendered":"Ordinateur Portable Asus 90NB16K1-M001H0 16&#8243; Intel Core 7 240H 16 GB RAM 1 TB SSD geforce rtx 5060"},"content":{"rendered":"<p>Se \u00e9 apaixonado por\u2019<b>inform\u00e1tica e eletr\u00f3nica<\/b>, Se est\u00e1 na vanguarda da tecnologia e n\u00e3o quer perder nada, compre <b>Ordinateur Portable Asus 90NB16K1-M001H0 16&#8243; Intel Core 7 240H 16 GB RAM 1 TB SSD geforce rtx 5060<\/b> ao melhor pre\u00e7o.<\/p>\n<ul>\n<li>Type de m\u00e9moire:\n<ul>\n<li>SDRAM<\/li>\n<li>DDR5 SDRAM<\/li>\n<\/ul>\n<\/li>\n<li>Tipo:\n<ul>\n<li>Ordinateur Portable<\/li>\n<li>Clavier num\u00e9rique<\/li>\n<li>Touchpad<\/li>\n<\/ul>\n<\/li>\n<li>Produto de encaixe: Sim<\/li>\n<li>Diagonale de l&#8217;\u00e9cran (cm): 40,6 cm<\/li>\n<li>Sistema operativo:\n<ul>\n<li>Sans syst\u00e8me d&#8217;exploitation<\/li>\n<li>FreeDOS<\/li>\n<li>Non<\/li>\n<\/ul>\n<\/li>\n<li>Tipo de tomada: tomada UE<\/li>\n<li>Clavier: Espagnol Qwerty<\/li>\n<li>Chargeur inclus: Oui<\/li>\n<li>Liga\u00e7\u00f5es:\n<ul>\n<li>USB<\/li>\n<li>USB-C<\/li>\n<li>USB 3.2<\/li>\n<li>HDMI<\/li>\n<li>HDMI 2.1 x 1<\/li>\n<li>USB-C 3.2 Gen 1 (3.1 Gen 1)<\/li>\n<li>PCI Express 4.0<\/li>\n<li>USB-A 3.2<\/li>\n<li>C\u00e2ble jack 3,3 mm<\/li>\n<\/ul>\n<\/li>\n<li>Material: Pl\u00e1stico<\/li>\n<li>Bluetooth: Oui<\/li>\n<li>Microfone incorporado: Sim<\/li>\n<li>Facteur de forme:\n<ul>\n<li>Coquillage<\/li>\n<li>SO-DIMM<\/li>\n<\/ul>\n<\/li>\n<li>Famille de processeurs:\n<ul>\n<li>Intel Core i7<\/li>\n<li>Intel<\/li>\n<\/ul>\n<\/li>\n<li>Capacit\u00e9 de la batterie: 63 Wh<\/li>\n<li>Nombre de fils: 16<\/li>\n<li>vitesse:\n<ul>\n<li>5,2 ghz<\/li>\n<li>5.2 Ghz<\/li>\n<\/ul>\n<\/li>\n<li>Conectividade:\n<ul>\n<li>Wi-Fi<\/li>\n<li>Bluetooth<\/li>\n<li>6 GHz Wi-Fi<\/li>\n<li>Bluetooth 5.3<\/li>\n<\/ul>\n<\/li>\n<li>Contr\u00f4leur graphique: Chipset int\u00e9gr\u00e9e<\/li>\n<li>Non Inclus:\n<ul>\n<li>Syst\u00e8me d&#8217;exploitation<\/li>\n<li>Type d&#8217;unit\u00e9 optique<\/li>\n<li>Adaptateur AC<\/li>\n<li>Liga\u00e7\u00e3o \u00e0 rede m\u00f3vel<\/li>\n<\/ul>\n<\/li>\n<li>Tipo de bateria:\n<ul>\n<li>Bateria de l\u00edtio recarreg\u00e1vel<\/li>\n<li>Litio Ion<\/li>\n<\/ul>\n<\/li>\n<li>Alimenta\u00e7\u00e3o el\u00e9ctrica:\n<ul>\n<li>r\u00e9seau \u00e9lectrique<\/li>\n<li>USB<\/li>\n<\/ul>\n<\/li>\n<li>Cor: preto<\/li>\n<li>Carater\u00edsticas:\n<ul>\n<li>C\u00e2mara frontal<\/li>\n<li>Microfone incorporado<\/li>\n<li>Retroiluminado<\/li>\n<li>Prote\u00e7\u00e3o de dados\/palavra-passe<\/li>\n<li>Adaptateur graphique int\u00e9gr\u00e9<\/li>\n<\/ul>\n<\/li>\n<li>Rapport d&#8217;aspect: 16:10<\/li>\n<li>R\u00e9solution:\n<ul>\n<li>Full HD<\/li>\n<li>WUXGA<\/li>\n<\/ul>\n<\/li>\n<li>Mem\u00f3ria RAM: 16 GB de RAM<\/li>\n<li>Technologie: LED<\/li>\n<li>Tension de sortie: 20 V<\/li>\n<li>Standard: NTSC<\/li>\n<li>Disque dur: 1 TB SSD<\/li>\n<li>Frequ\u00eancia:\n<ul>\n<li>144 Hz<\/li>\n<li>50 &#8211; 60 Hz<\/li>\n<\/ul>\n<\/li>\n<li>puissance: 150 W<\/li>\n<li>Tens\u00e3o: 100 - 240 V<\/li>\n<li>Utilisation recommand\u00e9e: Jeux<\/li>\n<li>Format: M.2<\/li>\n<li>Ethernet: Non<\/li>\n<li>Ecr\u00e3 t\u00e1til: N\u00e3o<\/li>\n<li>Flux lumineux: 300 Lm<\/li>\n<li>Ecran: 16&#8243;<\/li>\n<li>Inclui: SSD x 1<\/li>\n<li>Type de stockage: SSD<\/li>\n<li>Noyaux: 10 Noyaux<\/li>\n<li>Resolu\u00e7\u00e3o (px):\n<ul>\n<li>1920 x 1080 px<\/li>\n<li>1920 x 1200 px<\/li>\n<\/ul>\n<\/li>\n<li>Capacit\u00e9 m\u00e9moire graphique: 8 GB<\/li>\n<li>Carte Graphique: geforce rtx 5060<\/li>\n<li>Processeur: Intel Core 7 240H<\/li>\n<\/ul>","protected":false},"excerpt":{"rendered":"<p>Si vous \u00eates passionn\u00e9 d&#8217;informatique et d&#8217;\u00e9lectronique, si vous \u00eates \u00e0 la pointe de la technologie et qu&#8217;aucun d\u00e9tail ne<\/p>","protected":false},"featured_media":4385582,"comment_status":"open","ping_status":"closed","template":"","meta":{"_joinchat":[]},"product_brand":[158054],"product_cat":[157516,157583,155043],"product_tag":[157514,157515],"class_list":{"0":"post-4385583","1":"product","2":"type-product","3":"status-publish","4":"has-post-thumbnail","6":"product_brand-brandp_536","7":"product_cat-informatique-electronique","8":"product_cat-informatique-ordinateurs","9":"product_cat-notebooks","10":"product_tag-tag_933","11":"product_tag-tag_1295","13":"first","14":"instock","15":"taxable","16":"shipping-taxable","17":"purchasable","18":"product-type-simple"},"yoast_head":"<!-- This site is optimized with the Yoast SEO plugin v27.2 - https:\/\/yoast.com\/product\/yoast-seo-wordpress\/ -->\n<title>Ordinateur Portable Asus 90NB16K1-M001H0 16&quot; Intel Core 7 240H 16 GB RAM 1 TB SSD geforce rtx 5060 - Tupique<\/title>\n<meta name=\"description\" content=\"Vous cherchez Ordinateur Portable Asus 90NB16K1-M001H0 16&quot; Intel Core 7 240H 16 GB RAM 1 TB SSD geforce rtx 5060 ? Achetez des produits chez Tupique. Profitez de la livraison gratuite pour obtenir Ordinateur Portable Asus 90NB16K1-M001H0 16&quot; Intel Core 7 240H 16 GB RAM 1 TB SSD geforce rtx 5060 d\u00e8s maintenant.\" \/>\n<meta name=\"robots\" content=\"index, follow, max-snippet:-1, max-image-preview:large, max-video-preview:-1\" \/>\n<link rel=\"canonical\" href=\"https:\/\/tupique.com\/pt\/produto\/ordinateur-portable-asus-90nb16k1-m001h0-16-intel-core-7-240h-16-gb-ram-1-tb-ssd-geforce-rtx-5060\/\" \/>\n<meta property=\"og:locale\" content=\"pt_PT\" \/>\n<meta property=\"og:type\" content=\"article\" \/>\n<meta property=\"og:title\" content=\"Ordinateur Portable Asus 90NB16K1-M001H0 16&quot; Intel Core 7 240H 16 GB RAM 1 TB SSD geforce rtx 5060 - Tupique\" \/>\n<meta property=\"og:description\" content=\"Vous cherchez Ordinateur Portable Asus 90NB16K1-M001H0 16&quot; Intel Core 7 240H 16 GB RAM 1 TB SSD geforce rtx 5060 ? Achetez des produits chez Tupique. Profitez de la livraison gratuite pour obtenir Ordinateur Portable Asus 90NB16K1-M001H0 16&quot; Intel Core 7 240H 16 GB RAM 1 TB SSD geforce rtx 5060 d\u00e8s maintenant.\" \/>\n<meta property=\"og:url\" content=\"https:\/\/tupique.com\/pt\/produto\/ordinateur-portable-asus-90nb16k1-m001h0-16-intel-core-7-240h-16-gb-ram-1-tb-ssd-geforce-rtx-5060\/\" \/>\n<meta property=\"og:site_name\" content=\"Tupique\" \/>\n<meta name=\"twitter:card\" content=\"summary_large_image\" \/>\n<meta name=\"twitter:label1\" content=\"Tempo estimado de leitura\" \/>\n\t<meta name=\"twitter:data1\" content=\"1 minuto\" \/>\n<script type=\"application\/ld+json\" class=\"yoast-schema-graph\">{\"@context\":\"https:\/\/schema.org\",\"@graph\":[{\"@type\":\"WebPage\",\"@id\":\"https:\/\/tupique.com\/produit\/ordinateur-portable-asus-90nb16k1-m001h0-16-intel-core-7-240h-16-gb-ram-1-tb-ssd-geforce-rtx-5060\/\",\"url\":\"https:\/\/tupique.com\/produit\/ordinateur-portable-asus-90nb16k1-m001h0-16-intel-core-7-240h-16-gb-ram-1-tb-ssd-geforce-rtx-5060\/\",\"name\":\"Ordinateur Portable Asus 90NB16K1-M001H0 16\\\" Intel Core 7 240H 16 GB RAM 1 TB SSD geforce rtx 5060 - Tupique\",\"isPartOf\":{\"@id\":\"https:\/\/tupique.com\/#website\"},\"primaryImageOfPage\":{\"@id\":\"https:\/\/tupique.com\/produit\/ordinateur-portable-asus-90nb16k1-m001h0-16-intel-core-7-240h-16-gb-ram-1-tb-ssd-geforce-rtx-5060\/#primaryimage\"},\"image\":{\"@id\":\"https:\/\/tupique.com\/produit\/ordinateur-portable-asus-90nb16k1-m001h0-16-intel-core-7-240h-16-gb-ram-1-tb-ssd-geforce-rtx-5060\/#primaryimage\"},\"thumbnailUrl\":\"https:\/\/tupique.com\/wp-content\/uploads\/2026\/04\/4711636117142_S0470137_P00.jpg\",\"datePublished\":\"2026-04-09T00:59:51+00:00\",\"description\":\"Vous cherchez Ordinateur Portable Asus 90NB16K1-M001H0 16\\\" Intel Core 7 240H 16 GB RAM 1 TB SSD geforce rtx 5060 ? Achetez des produits chez Tupique. Profitez de la livraison gratuite pour obtenir Ordinateur Portable Asus 90NB16K1-M001H0 16\\\" Intel Core 7 240H 16 GB RAM 1 TB SSD geforce rtx 5060 d\u00e8s maintenant.\",\"breadcrumb\":{\"@id\":\"https:\/\/tupique.com\/produit\/ordinateur-portable-asus-90nb16k1-m001h0-16-intel-core-7-240h-16-gb-ram-1-tb-ssd-geforce-rtx-5060\/#breadcrumb\"},\"inLanguage\":\"pt-PT\",\"potentialAction\":[{\"@type\":\"ReadAction\",\"target\":[\"https:\/\/tupique.com\/produit\/ordinateur-portable-asus-90nb16k1-m001h0-16-intel-core-7-240h-16-gb-ram-1-tb-ssd-geforce-rtx-5060\/\"]}]},{\"@type\":\"ImageObject\",\"inLanguage\":\"pt-PT\",\"@id\":\"https:\/\/tupique.com\/produit\/ordinateur-portable-asus-90nb16k1-m001h0-16-intel-core-7-240h-16-gb-ram-1-tb-ssd-geforce-rtx-5060\/#primaryimage\",\"url\":\"https:\/\/tupique.com\/wp-content\/uploads\/2026\/04\/4711636117142_S0470137_P00.jpg\",\"contentUrl\":\"https:\/\/tupique.com\/wp-content\/uploads\/2026\/04\/4711636117142_S0470137_P00.jpg\",\"width\":1200,\"height\":1200,\"caption\":\"S0470137_0\"},{\"@type\":\"BreadcrumbList\",\"@id\":\"https:\/\/tupique.com\/produit\/ordinateur-portable-asus-90nb16k1-m001h0-16-intel-core-7-240h-16-gb-ram-1-tb-ssd-geforce-rtx-5060\/#breadcrumb\",\"itemListElement\":[{\"@type\":\"ListItem\",\"position\":1,\"name\":\"In\u00edcio\",\"item\":\"https:\/\/tupique.com\/\"},{\"@type\":\"ListItem\",\"position\":2,\"name\":\"Boutique\",\"item\":\"https:\/\/tupique.com\/en\/boutique\/\"},{\"@type\":\"ListItem\",\"position\":3,\"name\":\"Ordinateur Portable Asus 90NB16K1-M001H0 16&#8243; Intel Core 7 240H 16 GB RAM 1 TB SSD geforce rtx 5060\"}]},{\"@type\":\"WebSite\",\"@id\":\"https:\/\/tupique.com\/#website\",\"url\":\"https:\/\/tupique.com\/\",\"name\":\"Tupique\",\"description\":\"Marketplace\",\"publisher\":{\"@id\":\"https:\/\/tupique.com\/#organization\"},\"potentialAction\":[{\"@type\":\"SearchAction\",\"target\":{\"@type\":\"EntryPoint\",\"urlTemplate\":\"https:\/\/tupique.com\/?s={search_term_string}\"},\"query-input\":{\"@type\":\"PropertyValueSpecification\",\"valueRequired\":true,\"valueName\":\"search_term_string\"}}],\"inLanguage\":\"pt-PT\"},{\"@type\":\"Organization\",\"@id\":\"https:\/\/tupique.com\/#organization\",\"name\":\"Tupique\",\"url\":\"https:\/\/tupique.com\/\",\"logo\":{\"@type\":\"ImageObject\",\"inLanguage\":\"pt-PT\",\"@id\":\"https:\/\/tupique.com\/#\/schema\/logo\/image\/\",\"url\":\"https:\/\/tupique.com\/wp-content\/uploads\/2024\/09\/logo.png\",\"contentUrl\":\"https:\/\/tupique.com\/wp-content\/uploads\/2024\/09\/logo.png\",\"width\":1118,\"height\":310,\"caption\":\"Tupique\"},\"image\":{\"@id\":\"https:\/\/tupique.com\/#\/schema\/logo\/image\/\"}}]}<\/script>\n<!-- \/ Yoast SEO plugin. -->","yoast_head_json":{"title":"Ordinateur Portable Asus 90NB16K1-M001H0 16\" Intel Core 7 240H 16 GB RAM 1 TB SSD geforce rtx 5060 - Tupique","description":"Vous cherchez Ordinateur Portable Asus 90NB16K1-M001H0 16\" Intel Core 7 240H 16 GB RAM 1 TB SSD geforce rtx 5060 ? Achetez des produits chez Tupique. Profitez de la livraison gratuite pour obtenir Ordinateur Portable Asus 90NB16K1-M001H0 16\" Intel Core 7 240H 16 GB RAM 1 TB SSD geforce rtx 5060 d\u00e8s maintenant.","robots":{"index":"index","follow":"follow","max-snippet":"max-snippet:-1","max-image-preview":"max-image-preview:large","max-video-preview":"max-video-preview:-1"},"canonical":"https:\/\/tupique.com\/pt\/produto\/ordinateur-portable-asus-90nb16k1-m001h0-16-intel-core-7-240h-16-gb-ram-1-tb-ssd-geforce-rtx-5060\/","og_locale":"pt_PT","og_type":"article","og_title":"Ordinateur Portable Asus 90NB16K1-M001H0 16\" Intel Core 7 240H 16 GB RAM 1 TB SSD geforce rtx 5060 - Tupique","og_description":"Vous cherchez Ordinateur Portable Asus 90NB16K1-M001H0 16\" Intel Core 7 240H 16 GB RAM 1 TB SSD geforce rtx 5060 ? Achetez des produits chez Tupique. Profitez de la livraison gratuite pour obtenir Ordinateur Portable Asus 90NB16K1-M001H0 16\" Intel Core 7 240H 16 GB RAM 1 TB SSD geforce rtx 5060 d\u00e8s maintenant.","og_url":"https:\/\/tupique.com\/pt\/produto\/ordinateur-portable-asus-90nb16k1-m001h0-16-intel-core-7-240h-16-gb-ram-1-tb-ssd-geforce-rtx-5060\/","og_site_name":"Tupique","twitter_card":"summary_large_image","twitter_misc":{"Tempo estimado de leitura":"1 minuto"},"schema":{"@context":"https:\/\/schema.org","@graph":[{"@type":"WebPage","@id":"https:\/\/tupique.com\/produit\/ordinateur-portable-asus-90nb16k1-m001h0-16-intel-core-7-240h-16-gb-ram-1-tb-ssd-geforce-rtx-5060\/","url":"https:\/\/tupique.com\/produit\/ordinateur-portable-asus-90nb16k1-m001h0-16-intel-core-7-240h-16-gb-ram-1-tb-ssd-geforce-rtx-5060\/","name":"Ordinateur Portable Asus 90NB16K1-M001H0 16\" Intel Core 7 240H 16 GB RAM 1 TB SSD geforce rtx 5060 - Tupique","isPartOf":{"@id":"https:\/\/tupique.com\/#website"},"primaryImageOfPage":{"@id":"https:\/\/tupique.com\/produit\/ordinateur-portable-asus-90nb16k1-m001h0-16-intel-core-7-240h-16-gb-ram-1-tb-ssd-geforce-rtx-5060\/#primaryimage"},"image":{"@id":"https:\/\/tupique.com\/produit\/ordinateur-portable-asus-90nb16k1-m001h0-16-intel-core-7-240h-16-gb-ram-1-tb-ssd-geforce-rtx-5060\/#primaryimage"},"thumbnailUrl":"https:\/\/tupique.com\/wp-content\/uploads\/2026\/04\/4711636117142_S0470137_P00.jpg","datePublished":"2026-04-09T00:59:51+00:00","description":"Vous cherchez Ordinateur Portable Asus 90NB16K1-M001H0 16\" Intel Core 7 240H 16 GB RAM 1 TB SSD geforce rtx 5060 ? Achetez des produits chez Tupique. Profitez de la livraison gratuite pour obtenir Ordinateur Portable Asus 90NB16K1-M001H0 16\" Intel Core 7 240H 16 GB RAM 1 TB SSD geforce rtx 5060 d\u00e8s maintenant.","breadcrumb":{"@id":"https:\/\/tupique.com\/produit\/ordinateur-portable-asus-90nb16k1-m001h0-16-intel-core-7-240h-16-gb-ram-1-tb-ssd-geforce-rtx-5060\/#breadcrumb"},"inLanguage":"pt-PT","potentialAction":[{"@type":"ReadAction","target":["https:\/\/tupique.com\/produit\/ordinateur-portable-asus-90nb16k1-m001h0-16-intel-core-7-240h-16-gb-ram-1-tb-ssd-geforce-rtx-5060\/"]}]},{"@type":"ImageObject","inLanguage":"pt-PT","@id":"https:\/\/tupique.com\/produit\/ordinateur-portable-asus-90nb16k1-m001h0-16-intel-core-7-240h-16-gb-ram-1-tb-ssd-geforce-rtx-5060\/#primaryimage","url":"https:\/\/tupique.com\/wp-content\/uploads\/2026\/04\/4711636117142_S0470137_P00.jpg","contentUrl":"https:\/\/tupique.com\/wp-content\/uploads\/2026\/04\/4711636117142_S0470137_P00.jpg","width":1200,"height":1200,"caption":"S0470137_0"},{"@type":"BreadcrumbList","@id":"https:\/\/tupique.com\/produit\/ordinateur-portable-asus-90nb16k1-m001h0-16-intel-core-7-240h-16-gb-ram-1-tb-ssd-geforce-rtx-5060\/#breadcrumb","itemListElement":[{"@type":"ListItem","position":1,"name":"In\u00edcio","item":"https:\/\/tupique.com\/"},{"@type":"ListItem","position":2,"name":"Boutique","item":"https:\/\/tupique.com\/en\/boutique\/"},{"@type":"ListItem","position":3,"name":"Ordinateur Portable Asus 90NB16K1-M001H0 16&#8243; Intel Core 7 240H 16 GB RAM 1 TB SSD geforce rtx 5060"}]},{"@type":"WebSite","@id":"https:\/\/tupique.com\/#website","url":"https:\/\/tupique.com\/","name":"Tupique","description":"Marketplace","publisher":{"@id":"https:\/\/tupique.com\/#organization"},"potentialAction":[{"@type":"SearchAction","target":{"@type":"EntryPoint","urlTemplate":"https:\/\/tupique.com\/?s={search_term_string}"},"query-input":{"@type":"PropertyValueSpecification","valueRequired":true,"valueName":"search_term_string"}}],"inLanguage":"pt-PT"},{"@type":"Organization","@id":"https:\/\/tupique.com\/#organization","name":"Tupique","url":"https:\/\/tupique.com\/","logo":{"@type":"ImageObject","inLanguage":"pt-PT","@id":"https:\/\/tupique.com\/#\/schema\/logo\/image\/","url":"https:\/\/tupique.com\/wp-content\/uploads\/2024\/09\/logo.png","contentUrl":"https:\/\/tupique.com\/wp-content\/uploads\/2024\/09\/logo.png","width":1118,"height":310,"caption":"Tupique"},"image":{"@id":"https:\/\/tupique.com\/#\/schema\/logo\/image\/"}}]}},"jetpack_sharing_enabled":true,"_links":{"self":[{"href":"https:\/\/tupique.com\/pt\/wp-json\/wp\/v2\/product\/4385583","targetHints":{"allow":["GET"]}}],"collection":[{"href":"https:\/\/tupique.com\/pt\/wp-json\/wp\/v2\/product"}],"about":[{"href":"https:\/\/tupique.com\/pt\/wp-json\/wp\/v2\/types\/product"}],"replies":[{"embeddable":true,"href":"https:\/\/tupique.com\/pt\/wp-json\/wp\/v2\/comments?post=4385583"}],"wp:featuredmedia":[{"embeddable":true,"href":"https:\/\/tupique.com\/pt\/wp-json\/wp\/v2\/media\/4385582"}],"wp:attachment":[{"href":"https:\/\/tupique.com\/pt\/wp-json\/wp\/v2\/media?parent=4385583"}],"wp:term":[{"taxonomy":"product_brand","embeddable":true,"href":"https:\/\/tupique.com\/pt\/wp-json\/wp\/v2\/product_brand?post=4385583"},{"taxonomy":"product_cat","embeddable":true,"href":"https:\/\/tupique.com\/pt\/wp-json\/wp\/v2\/product_cat?post=4385583"},{"taxonomy":"product_tag","embeddable":true,"href":"https:\/\/tupique.com\/pt\/wp-json\/wp\/v2\/product_tag?post=4385583"}],"curies":[{"name":"wp","href":"https:\/\/api.w.org\/{rel}","templated":true}]}}