{"id":4385727,"date":"2026-04-09T02:03:11","date_gmt":"2026-04-09T01:03:11","guid":{"rendered":"https:\/\/tupique.com\/produit\/ordinateur-portable-acer-nx-bqxeb-008-161-intel-core-i5-1240p-16-gb-ram-1-tb-ssd\/"},"modified":"2026-04-09T02:03:11","modified_gmt":"2026-04-09T01:03:11","slug":"ordinateur-portable-acer-nx-bqxeb-008-161-intel-core-i5-1240p-16-gb-ram-1-tb-ssd","status":"publish","type":"product","link":"https:\/\/tupique.com\/pt\/produto\/ordinateur-portable-acer-nx-bqxeb-008-161-intel-core-i5-1240p-16-gb-ram-1-tb-ssd\/","title":{"rendered":"Ordinateur Portable Acer NX.BQXEB.008 16,1&#8243; Intel Core i5-1240P 16 GB RAM 1 TB SSD"},"content":{"rendered":"<p>Se est\u00e1 \u00e0 procura das \u00faltimas tend\u00eancias do mercado, temos tudo o que precisa. <b>Ordinateur Portable Acer NX.BQXEB.008 16,1&#8243; Intel Core i5-1240P 16 GB RAM 1 TB SSD<\/b> !<\/p>\n<ul>\n<li>Clavier: Espagnol Qwerty<\/li>\n<li>Type: Ordinateur Portable<\/li>\n<li>Produto de encaixe: Sim<\/li>\n<li>Type de m\u00e9moire: SDRAM<\/li>\n<li>Tipo de tomada: tomada UE<\/li>\n<li>Resolu\u00e7\u00e3o (px):\n<ul>\n<li>1920 x 1080 px<\/li>\n<li>2560 x 1600 px<\/li>\n<\/ul>\n<\/li>\n<li>Contr\u00f4leur graphique:\n<ul>\n<li>intel iris xe graphics<\/li>\n<li>Intel UHD Graphics<\/li>\n<li>Intel UHD Graphics 620<\/li>\n<\/ul>\n<\/li>\n<li>Diagonal do ecr\u00e3 (cm):\n<ul>\n<li>40,9 cm<\/li>\n<li>40,6 cm<\/li>\n<\/ul>\n<\/li>\n<li>Famille de processeurs:\n<ul>\n<li>Intel<\/li>\n<li>Intel Core i5<\/li>\n<\/ul>\n<\/li>\n<li>Bloc d\u2019Alimentation: r\u00e9seau \u00e9lectrique<\/li>\n<li>Cor: preto<\/li>\n<li>Carater\u00edsticas:\n<ul>\n<li>Touchpad<\/li>\n<li>Altifalantes integrados<\/li>\n<li>Wi-Fi<\/li>\n<li>Liga\u00e7\u00e3o USB<\/li>\n<li>Bateria recarreg\u00e1vel<\/li>\n<li>Leitor de cart\u00f5es de mem\u00f3ria<\/li>\n<li>Porta USB<\/li>\n<li>Ecr\u00e3<\/li>\n<li>Teclado<\/li>\n<li>Webcam<\/li>\n<li>Mem\u00f3ria interna<\/li>\n<\/ul>\n<\/li>\n<li>Mod\u00e8le: 3<\/li>\n<li>Liga\u00e7\u00f5es:\n<ul>\n<li>HDMI<\/li>\n<li>USB-C<\/li>\n<li>RJ45<\/li>\n<li>USB 3.2<\/li>\n<li>USB-A 3.2<\/li>\n<\/ul>\n<\/li>\n<li>Conectividade:\n<ul>\n<li>Bluetooth<\/li>\n<li>Wi-Fi<\/li>\n<li>Ethernet<\/li>\n<\/ul>\n<\/li>\n<li>Mem\u00f3ria RAM: 16 GB de RAM<\/li>\n<li>vitesse: 2,50 GHz<\/li>\n<li>Tecnologia:\n<ul>\n<li>LED<\/li>\n<li>IPS<\/li>\n<\/ul>\n<\/li>\n<li>Inclui:\n<ul>\n<li>Caisse<\/li>\n<li>Chargeur de batterie<\/li>\n<li>Manual do utilizador<\/li>\n<\/ul>\n<\/li>\n<li>Lecteur de Cartes: SD, SDHC, MMC<\/li>\n<li>Disque dur: 1 TB SSD<\/li>\n<li>Type d&#8217;unit\u00e9 optique: Non Inclus<\/li>\n<li>R\u00e9solution: 1920 x 1080 px<\/li>\n<li>Ecr\u00e3 t\u00e1til: N\u00e3o<\/li>\n<li>Cartes M\u00e9moire Compatibles: SD,SDHC,SDXC<\/li>\n<li>Poids: 1,7 kg<\/li>\n<li>Taille: 16&#8243;<\/li>\n<li>Fr\u00e9quence: 2,5 GHz<\/li>\n<li>Ecran: 16,1&#8243;<\/li>\n<li>Type de stockage: SSD<\/li>\n<li>Sistema operativo: Windows 11 Pro<\/li>\n<li>Processeur: Intel Core i5-1240P<\/li>\n<li>Noyaux: 12 Noyaux<\/li>\n<li>Tempo de funcionamento aproximado: 10 horas<\/li>\n<li>Puissance de charge: 100 W<\/li>\n<li>Adaptateur: 65 w<\/li>\n<\/ul>","protected":false},"excerpt":{"rendered":"<p>Si vous \u00eates \u00e0 la recherche de nouvelles tendances sur le march\u00e9, nous vous pr\u00e9sentons Ordinateur Portable Acer NX.BQXEB.008 16,1&#8243;<\/p>","protected":false},"featured_media":4385723,"comment_status":"open","ping_status":"closed","template":"","meta":{"_joinchat":[]},"product_brand":[158077],"product_cat":[157516,157583,155043],"product_tag":[157514,157515],"class_list":{"0":"post-4385727","1":"product","2":"type-product","3":"status-publish","4":"has-post-thumbnail","6":"product_brand-brandp_529","7":"product_cat-informatique-electronique","8":"product_cat-informatique-ordinateurs","9":"product_cat-notebooks","10":"product_tag-tag_933","11":"product_tag-tag_1295","13":"first","14":"instock","15":"taxable","16":"shipping-taxable","17":"purchasable","18":"product-type-simple"},"yoast_head":"<!-- This site is optimized with the Yoast SEO plugin v27.2 - https:\/\/yoast.com\/product\/yoast-seo-wordpress\/ -->\n<title>Ordinateur Portable Acer NX.BQXEB.008 16,1&quot; Intel Core i5-1240P 16 GB RAM 1 TB SSD - Tupique<\/title>\n<meta name=\"description\" content=\"Vous cherchez Ordinateur Portable Acer NX.BQXEB.008 16,1&quot; Intel Core i5-1240P 16 GB RAM 1 TB SSD ? Achetez des produits chez Tupique. Profitez de la livraison gratuite pour obtenir Ordinateur Portable Acer NX.BQXEB.008 16,1&quot; Intel Core i5-1240P 16 GB RAM 1 TB SSD d\u00e8s maintenant.\" \/>\n<meta name=\"robots\" content=\"index, follow, max-snippet:-1, max-image-preview:large, max-video-preview:-1\" \/>\n<link rel=\"canonical\" href=\"https:\/\/tupique.com\/pt\/produto\/ordinateur-portable-acer-nx-bqxeb-008-161-intel-core-i5-1240p-16-gb-ram-1-tb-ssd\/\" \/>\n<meta property=\"og:locale\" content=\"pt_PT\" \/>\n<meta property=\"og:type\" content=\"article\" \/>\n<meta property=\"og:title\" content=\"Ordinateur Portable Acer NX.BQXEB.008 16,1&quot; Intel Core i5-1240P 16 GB RAM 1 TB SSD - Tupique\" \/>\n<meta property=\"og:description\" content=\"Vous cherchez Ordinateur Portable Acer NX.BQXEB.008 16,1&quot; Intel Core i5-1240P 16 GB RAM 1 TB SSD ? Achetez des produits chez Tupique. Profitez de la livraison gratuite pour obtenir Ordinateur Portable Acer NX.BQXEB.008 16,1&quot; Intel Core i5-1240P 16 GB RAM 1 TB SSD d\u00e8s maintenant.\" \/>\n<meta property=\"og:url\" content=\"https:\/\/tupique.com\/pt\/produto\/ordinateur-portable-acer-nx-bqxeb-008-161-intel-core-i5-1240p-16-gb-ram-1-tb-ssd\/\" \/>\n<meta property=\"og:site_name\" content=\"Tupique\" \/>\n<meta name=\"twitter:card\" content=\"summary_large_image\" \/>\n<meta name=\"twitter:label1\" content=\"Tempo estimado de leitura\" \/>\n\t<meta name=\"twitter:data1\" content=\"1 minuto\" \/>\n<script type=\"application\/ld+json\" class=\"yoast-schema-graph\">{\"@context\":\"https:\/\/schema.org\",\"@graph\":[{\"@type\":\"WebPage\",\"@id\":\"https:\/\/tupique.com\/produit\/ordinateur-portable-acer-nx-bqxeb-008-161-intel-core-i5-1240p-16-gb-ram-1-tb-ssd\/\",\"url\":\"https:\/\/tupique.com\/produit\/ordinateur-portable-acer-nx-bqxeb-008-161-intel-core-i5-1240p-16-gb-ram-1-tb-ssd\/\",\"name\":\"Ordinateur Portable Acer NX.BQXEB.008 16,1\\\" Intel Core i5-1240P 16 GB RAM 1 TB SSD - Tupique\",\"isPartOf\":{\"@id\":\"https:\/\/tupique.com\/#website\"},\"primaryImageOfPage\":{\"@id\":\"https:\/\/tupique.com\/produit\/ordinateur-portable-acer-nx-bqxeb-008-161-intel-core-i5-1240p-16-gb-ram-1-tb-ssd\/#primaryimage\"},\"image\":{\"@id\":\"https:\/\/tupique.com\/produit\/ordinateur-portable-acer-nx-bqxeb-008-161-intel-core-i5-1240p-16-gb-ram-1-tb-ssd\/#primaryimage\"},\"thumbnailUrl\":\"https:\/\/tupique.com\/wp-content\/uploads\/2026\/04\/S55308170_47114747360860.jpg\",\"datePublished\":\"2026-04-09T01:03:11+00:00\",\"description\":\"Vous cherchez Ordinateur Portable Acer NX.BQXEB.008 16,1\\\" Intel Core i5-1240P 16 GB RAM 1 TB SSD ? Achetez des produits chez Tupique. Profitez de la livraison gratuite pour obtenir Ordinateur Portable Acer NX.BQXEB.008 16,1\\\" Intel Core i5-1240P 16 GB RAM 1 TB SSD d\u00e8s maintenant.\",\"breadcrumb\":{\"@id\":\"https:\/\/tupique.com\/produit\/ordinateur-portable-acer-nx-bqxeb-008-161-intel-core-i5-1240p-16-gb-ram-1-tb-ssd\/#breadcrumb\"},\"inLanguage\":\"pt-PT\",\"potentialAction\":[{\"@type\":\"ReadAction\",\"target\":[\"https:\/\/tupique.com\/produit\/ordinateur-portable-acer-nx-bqxeb-008-161-intel-core-i5-1240p-16-gb-ram-1-tb-ssd\/\"]}]},{\"@type\":\"ImageObject\",\"inLanguage\":\"pt-PT\",\"@id\":\"https:\/\/tupique.com\/produit\/ordinateur-portable-acer-nx-bqxeb-008-161-intel-core-i5-1240p-16-gb-ram-1-tb-ssd\/#primaryimage\",\"url\":\"https:\/\/tupique.com\/wp-content\/uploads\/2026\/04\/S55308170_47114747360860.jpg\",\"contentUrl\":\"https:\/\/tupique.com\/wp-content\/uploads\/2026\/04\/S55308170_47114747360860.jpg\",\"width\":1200,\"height\":1200,\"caption\":\"S55308170_0\"},{\"@type\":\"BreadcrumbList\",\"@id\":\"https:\/\/tupique.com\/produit\/ordinateur-portable-acer-nx-bqxeb-008-161-intel-core-i5-1240p-16-gb-ram-1-tb-ssd\/#breadcrumb\",\"itemListElement\":[{\"@type\":\"ListItem\",\"position\":1,\"name\":\"In\u00edcio\",\"item\":\"https:\/\/tupique.com\/\"},{\"@type\":\"ListItem\",\"position\":2,\"name\":\"Boutique\",\"item\":\"https:\/\/tupique.com\/en\/boutique\/\"},{\"@type\":\"ListItem\",\"position\":3,\"name\":\"Ordinateur Portable Acer NX.BQXEB.008 16,1&#8243; Intel Core i5-1240P 16 GB RAM 1 TB SSD\"}]},{\"@type\":\"WebSite\",\"@id\":\"https:\/\/tupique.com\/#website\",\"url\":\"https:\/\/tupique.com\/\",\"name\":\"Tupique\",\"description\":\"Marketplace\",\"publisher\":{\"@id\":\"https:\/\/tupique.com\/#organization\"},\"potentialAction\":[{\"@type\":\"SearchAction\",\"target\":{\"@type\":\"EntryPoint\",\"urlTemplate\":\"https:\/\/tupique.com\/?s={search_term_string}\"},\"query-input\":{\"@type\":\"PropertyValueSpecification\",\"valueRequired\":true,\"valueName\":\"search_term_string\"}}],\"inLanguage\":\"pt-PT\"},{\"@type\":\"Organization\",\"@id\":\"https:\/\/tupique.com\/#organization\",\"name\":\"Tupique\",\"url\":\"https:\/\/tupique.com\/\",\"logo\":{\"@type\":\"ImageObject\",\"inLanguage\":\"pt-PT\",\"@id\":\"https:\/\/tupique.com\/#\/schema\/logo\/image\/\",\"url\":\"https:\/\/tupique.com\/wp-content\/uploads\/2024\/09\/logo.png\",\"contentUrl\":\"https:\/\/tupique.com\/wp-content\/uploads\/2024\/09\/logo.png\",\"width\":1118,\"height\":310,\"caption\":\"Tupique\"},\"image\":{\"@id\":\"https:\/\/tupique.com\/#\/schema\/logo\/image\/\"}}]}<\/script>\n<!-- \/ Yoast SEO plugin. -->","yoast_head_json":{"title":"Ordinateur Portable Acer NX.BQXEB.008 16,1\" Intel Core i5-1240P 16 GB RAM 1 TB SSD - Tupique","description":"Vous cherchez Ordinateur Portable Acer NX.BQXEB.008 16,1\" Intel Core i5-1240P 16 GB RAM 1 TB SSD ? Achetez des produits chez Tupique. Profitez de la livraison gratuite pour obtenir Ordinateur Portable Acer NX.BQXEB.008 16,1\" Intel Core i5-1240P 16 GB RAM 1 TB SSD d\u00e8s maintenant.","robots":{"index":"index","follow":"follow","max-snippet":"max-snippet:-1","max-image-preview":"max-image-preview:large","max-video-preview":"max-video-preview:-1"},"canonical":"https:\/\/tupique.com\/pt\/produto\/ordinateur-portable-acer-nx-bqxeb-008-161-intel-core-i5-1240p-16-gb-ram-1-tb-ssd\/","og_locale":"pt_PT","og_type":"article","og_title":"Ordinateur Portable Acer NX.BQXEB.008 16,1\" Intel Core i5-1240P 16 GB RAM 1 TB SSD - Tupique","og_description":"Vous cherchez Ordinateur Portable Acer NX.BQXEB.008 16,1\" Intel Core i5-1240P 16 GB RAM 1 TB SSD ? Achetez des produits chez Tupique. Profitez de la livraison gratuite pour obtenir Ordinateur Portable Acer NX.BQXEB.008 16,1\" Intel Core i5-1240P 16 GB RAM 1 TB SSD d\u00e8s maintenant.","og_url":"https:\/\/tupique.com\/pt\/produto\/ordinateur-portable-acer-nx-bqxeb-008-161-intel-core-i5-1240p-16-gb-ram-1-tb-ssd\/","og_site_name":"Tupique","twitter_card":"summary_large_image","twitter_misc":{"Tempo estimado de leitura":"1 minuto"},"schema":{"@context":"https:\/\/schema.org","@graph":[{"@type":"WebPage","@id":"https:\/\/tupique.com\/produit\/ordinateur-portable-acer-nx-bqxeb-008-161-intel-core-i5-1240p-16-gb-ram-1-tb-ssd\/","url":"https:\/\/tupique.com\/produit\/ordinateur-portable-acer-nx-bqxeb-008-161-intel-core-i5-1240p-16-gb-ram-1-tb-ssd\/","name":"Ordinateur Portable Acer NX.BQXEB.008 16,1\" Intel Core i5-1240P 16 GB RAM 1 TB SSD - Tupique","isPartOf":{"@id":"https:\/\/tupique.com\/#website"},"primaryImageOfPage":{"@id":"https:\/\/tupique.com\/produit\/ordinateur-portable-acer-nx-bqxeb-008-161-intel-core-i5-1240p-16-gb-ram-1-tb-ssd\/#primaryimage"},"image":{"@id":"https:\/\/tupique.com\/produit\/ordinateur-portable-acer-nx-bqxeb-008-161-intel-core-i5-1240p-16-gb-ram-1-tb-ssd\/#primaryimage"},"thumbnailUrl":"https:\/\/tupique.com\/wp-content\/uploads\/2026\/04\/S55308170_47114747360860.jpg","datePublished":"2026-04-09T01:03:11+00:00","description":"Vous cherchez Ordinateur Portable Acer NX.BQXEB.008 16,1\" Intel Core i5-1240P 16 GB RAM 1 TB SSD ? Achetez des produits chez Tupique. Profitez de la livraison gratuite pour obtenir Ordinateur Portable Acer NX.BQXEB.008 16,1\" Intel Core i5-1240P 16 GB RAM 1 TB SSD d\u00e8s maintenant.","breadcrumb":{"@id":"https:\/\/tupique.com\/produit\/ordinateur-portable-acer-nx-bqxeb-008-161-intel-core-i5-1240p-16-gb-ram-1-tb-ssd\/#breadcrumb"},"inLanguage":"pt-PT","potentialAction":[{"@type":"ReadAction","target":["https:\/\/tupique.com\/produit\/ordinateur-portable-acer-nx-bqxeb-008-161-intel-core-i5-1240p-16-gb-ram-1-tb-ssd\/"]}]},{"@type":"ImageObject","inLanguage":"pt-PT","@id":"https:\/\/tupique.com\/produit\/ordinateur-portable-acer-nx-bqxeb-008-161-intel-core-i5-1240p-16-gb-ram-1-tb-ssd\/#primaryimage","url":"https:\/\/tupique.com\/wp-content\/uploads\/2026\/04\/S55308170_47114747360860.jpg","contentUrl":"https:\/\/tupique.com\/wp-content\/uploads\/2026\/04\/S55308170_47114747360860.jpg","width":1200,"height":1200,"caption":"S55308170_0"},{"@type":"BreadcrumbList","@id":"https:\/\/tupique.com\/produit\/ordinateur-portable-acer-nx-bqxeb-008-161-intel-core-i5-1240p-16-gb-ram-1-tb-ssd\/#breadcrumb","itemListElement":[{"@type":"ListItem","position":1,"name":"In\u00edcio","item":"https:\/\/tupique.com\/"},{"@type":"ListItem","position":2,"name":"Boutique","item":"https:\/\/tupique.com\/en\/boutique\/"},{"@type":"ListItem","position":3,"name":"Ordinateur Portable Acer NX.BQXEB.008 16,1&#8243; Intel Core i5-1240P 16 GB RAM 1 TB SSD"}]},{"@type":"WebSite","@id":"https:\/\/tupique.com\/#website","url":"https:\/\/tupique.com\/","name":"Tupique","description":"Marketplace","publisher":{"@id":"https:\/\/tupique.com\/#organization"},"potentialAction":[{"@type":"SearchAction","target":{"@type":"EntryPoint","urlTemplate":"https:\/\/tupique.com\/?s={search_term_string}"},"query-input":{"@type":"PropertyValueSpecification","valueRequired":true,"valueName":"search_term_string"}}],"inLanguage":"pt-PT"},{"@type":"Organization","@id":"https:\/\/tupique.com\/#organization","name":"Tupique","url":"https:\/\/tupique.com\/","logo":{"@type":"ImageObject","inLanguage":"pt-PT","@id":"https:\/\/tupique.com\/#\/schema\/logo\/image\/","url":"https:\/\/tupique.com\/wp-content\/uploads\/2024\/09\/logo.png","contentUrl":"https:\/\/tupique.com\/wp-content\/uploads\/2024\/09\/logo.png","width":1118,"height":310,"caption":"Tupique"},"image":{"@id":"https:\/\/tupique.com\/#\/schema\/logo\/image\/"}}]}},"jetpack_sharing_enabled":true,"_links":{"self":[{"href":"https:\/\/tupique.com\/pt\/wp-json\/wp\/v2\/product\/4385727","targetHints":{"allow":["GET"]}}],"collection":[{"href":"https:\/\/tupique.com\/pt\/wp-json\/wp\/v2\/product"}],"about":[{"href":"https:\/\/tupique.com\/pt\/wp-json\/wp\/v2\/types\/product"}],"replies":[{"embeddable":true,"href":"https:\/\/tupique.com\/pt\/wp-json\/wp\/v2\/comments?post=4385727"}],"wp:featuredmedia":[{"embeddable":true,"href":"https:\/\/tupique.com\/pt\/wp-json\/wp\/v2\/media\/4385723"}],"wp:attachment":[{"href":"https:\/\/tupique.com\/pt\/wp-json\/wp\/v2\/media?parent=4385727"}],"wp:term":[{"taxonomy":"product_brand","embeddable":true,"href":"https:\/\/tupique.com\/pt\/wp-json\/wp\/v2\/product_brand?post=4385727"},{"taxonomy":"product_cat","embeddable":true,"href":"https:\/\/tupique.com\/pt\/wp-json\/wp\/v2\/product_cat?post=4385727"},{"taxonomy":"product_tag","embeddable":true,"href":"https:\/\/tupique.com\/pt\/wp-json\/wp\/v2\/product_tag?post=4385727"}],"curies":[{"name":"wp","href":"https:\/\/api.w.org\/{rel}","templated":true}]}}