{"id":4385964,"date":"2026-04-09T08:01:24","date_gmt":"2026-04-09T07:01:24","guid":{"rendered":"https:\/\/tupique.com\/produit\/ordinateur-portable-msi-katana-15-694es-156-32-gb-ram-1-tb-ssd-nvidia-geforce-rtx-4050\/"},"modified":"2026-04-09T08:01:24","modified_gmt":"2026-04-09T07:01:24","slug":"ordinateur-portable-msi-katana-15-694es-156-32-gb-ram-1-tb-ssd-nvidia-geforce-rtx-4050","status":"publish","type":"product","link":"https:\/\/tupique.com\/pt\/produto\/ordinateur-portable-msi-katana-15-694es-156-32-gb-ram-1-tb-ssd-nvidia-geforce-rtx-4050\/","title":{"rendered":"Ordinateur Portable MSI Katana 15-694ES 15,6&#8243; 32 GB RAM 1 TB SSD Nvidia Geforce RTX 4050"},"content":{"rendered":"<p>Se \u00e9 apaixonado por\u2019<b>inform\u00e1tica e eletr\u00f3nica<\/b>, Se est\u00e1 na vanguarda da tecnologia e n\u00e3o quer perder nada, compre <b>Ordinateur Portable MSI Katana 15-694ES 15,6&#8243; 32 GB RAM 1 TB SSD Nvidia Geforce RTX 4050<\/b> ao melhor pre\u00e7o.<\/p>\n<ul>\n<li>Bloc d\u2019Alimentation: r\u00e9seau \u00e9lectrique<\/li>\n<li>Liga\u00e7\u00f5es:\n<ul>\n<li>RJ45<\/li>\n<li>USB 3.2<\/li>\n<li>HDMI<\/li>\n<li>USB-C<\/li>\n<li>LAN Ethernet<\/li>\n<li>M.2<\/li>\n<\/ul>\n<\/li>\n<li>Tipo:\n<ul>\n<li>Ordinateur Portable<\/li>\n<li>Ordinateur portable<\/li>\n<\/ul>\n<\/li>\n<li>Technologie: IPS<\/li>\n<li>Tipo de tomada: tomada UE<\/li>\n<li>Type de m\u00e9moire:\n<ul>\n<li>SDRAM<\/li>\n<li>DDR5<\/li>\n<\/ul>\n<\/li>\n<li>Clavier: Espagnol Qwerty<\/li>\n<li>Produto de encaixe: Sim<\/li>\n<li>Type de batterie: Batterie au lithium rechargeable<\/li>\n<li>Famille de processeurs:\n<ul>\n<li>Intel Core i7<\/li>\n<li>Intel<\/li>\n<\/ul>\n<\/li>\n<li>Diagonale de l&#8217;\u00e9cran (cm): 39,6 cm<\/li>\n<li>Processeur: Intel core i7-14650HX<\/li>\n<li>Cor: preto<\/li>\n<li>Ecr\u00e3 t\u00e1til: N\u00e3o<\/li>\n<li>Type d&#8217;unit\u00e9 optique: Non<\/li>\n<li>Contr\u00f4leur graphique: Intel UHD Graphics<\/li>\n<li>Son: 2 W<\/li>\n<li>Inclui:\n<ul>\n<li>Touchpad<\/li>\n<li>Webcam<\/li>\n<\/ul>\n<\/li>\n<li>Capacit\u00e9 de la batterie: 75 Wh<\/li>\n<li>Syst\u00e8me d&#8217;exploitation: Windows 11 Home<\/li>\n<li>R\u00e9solution: Quad HD<\/li>\n<li>Type de stockage: SSD<\/li>\n<li>Conectividade:\n<ul>\n<li>Bluetooth<\/li>\n<li>Wi-Fi<\/li>\n<\/ul>\n<\/li>\n<li>R\u00e9solution (px): 2560 x 1440 px<\/li>\n<li>Ecran: 15,6&#8243;<\/li>\n<li>M\u00e9moire RAM: 32 GB RAM<\/li>\n<li>Disque dur: 1 TB SSD<\/li>\n<li>Carater\u00edsticas:\n<ul>\n<li>Altifalantes integrados<\/li>\n<li>Ecr\u00e3 t\u00e1til<\/li>\n<li>Bateria recarreg\u00e1vel<\/li>\n<li>Porta USB<\/li>\n<li>Microfone incorporado<\/li>\n<li>Retroiluminado<\/li>\n<li>Wi-Fi<\/li>\n<li>Ecr\u00e3 HD<\/li>\n<li>Espagnol Qwerty<\/li>\n<li>Webcam<\/li>\n<li>Adaptateur graphique int\u00e9gr\u00e9<\/li>\n<li>Clavier complet<\/li>\n<li>Ecr\u00e3 plano<\/li>\n<li>Clavier num\u00e9rique<\/li>\n<li>Mem\u00f3ria interna<\/li>\n<\/ul>\n<\/li>\n<li>Mod\u00e8le: 3<\/li>\n<li>USB: 4<\/li>\n<li>Lecteur de Cartes: SD, SDHC, MMC<\/li>\n<li>Fr\u00e9quence: 165 Hz<\/li>\n<li>Poids: 2,3 Kg<\/li>\n<li>N\u00facleos: 16 n\u00facleos<\/li>\n<li>vitesse: 2.2 GHz &#8211; 4.1 GHz<\/li>\n<li>Carte Graphique: Nvidia Geforce RTX 4050<\/li>\n<li>Taille: 15,6&#8221;<\/li>\n<li>Puissance de charge: 100 W<\/li>\n<li>Adaptateur: 65 w<\/li>\n<\/ul>","protected":false},"excerpt":{"rendered":"<p>Si vous \u00eates passionn\u00e9 d&#8217;informatique et d&#8217;\u00e9lectronique, si vous \u00eates \u00e0 la pointe de la technologie et qu&#8217;aucun d\u00e9tail ne<\/p>","protected":false},"featured_media":4385953,"comment_status":"open","ping_status":"closed","template":"","meta":{"_joinchat":[]},"product_brand":[158016],"product_cat":[157516,157583,155043],"product_tag":[157514,157515],"class_list":{"0":"post-4385964","1":"product","2":"type-product","3":"status-publish","4":"has-post-thumbnail","6":"product_brand-brandp_565","7":"product_cat-informatique-electronique","8":"product_cat-informatique-ordinateurs","9":"product_cat-notebooks","10":"product_tag-tag_933","11":"product_tag-tag_1295","13":"first","14":"instock","15":"taxable","16":"shipping-taxable","17":"purchasable","18":"product-type-simple"},"yoast_head":"<!-- This site is optimized with the Yoast SEO plugin v27.2 - https:\/\/yoast.com\/product\/yoast-seo-wordpress\/ -->\n<title>Ordinateur Portable MSI Katana 15-694ES 15,6&quot; 32 GB RAM 1 TB SSD Nvidia Geforce RTX 4050 - Tupique<\/title>\n<meta name=\"description\" content=\"Vous cherchez Ordinateur Portable MSI Katana 15-694ES 15,6&quot; 32 GB RAM 1 TB SSD Nvidia Geforce RTX 4050 ? Achetez des produits chez Tupique. Profitez de la livraison gratuite pour obtenir Ordinateur Portable MSI Katana 15-694ES 15,6&quot; 32 GB RAM 1 TB SSD Nvidia Geforce RTX 4050 d\u00e8s maintenant.\" \/>\n<meta name=\"robots\" content=\"index, follow, max-snippet:-1, max-image-preview:large, max-video-preview:-1\" \/>\n<link rel=\"canonical\" href=\"https:\/\/tupique.com\/pt\/produto\/ordinateur-portable-msi-katana-15-694es-156-32-gb-ram-1-tb-ssd-nvidia-geforce-rtx-4050\/\" \/>\n<meta property=\"og:locale\" content=\"pt_PT\" \/>\n<meta property=\"og:type\" content=\"article\" \/>\n<meta property=\"og:title\" content=\"Ordinateur Portable MSI Katana 15-694ES 15,6&quot; 32 GB RAM 1 TB SSD Nvidia Geforce RTX 4050 - Tupique\" \/>\n<meta property=\"og:description\" content=\"Vous cherchez Ordinateur Portable MSI Katana 15-694ES 15,6&quot; 32 GB RAM 1 TB SSD Nvidia Geforce RTX 4050 ? Achetez des produits chez Tupique. Profitez de la livraison gratuite pour obtenir Ordinateur Portable MSI Katana 15-694ES 15,6&quot; 32 GB RAM 1 TB SSD Nvidia Geforce RTX 4050 d\u00e8s maintenant.\" \/>\n<meta property=\"og:url\" content=\"https:\/\/tupique.com\/pt\/produto\/ordinateur-portable-msi-katana-15-694es-156-32-gb-ram-1-tb-ssd-nvidia-geforce-rtx-4050\/\" \/>\n<meta property=\"og:site_name\" content=\"Tupique\" \/>\n<meta name=\"twitter:card\" content=\"summary_large_image\" \/>\n<meta name=\"twitter:label1\" content=\"Tempo estimado de leitura\" \/>\n\t<meta name=\"twitter:data1\" content=\"1 minuto\" \/>\n<script type=\"application\/ld+json\" class=\"yoast-schema-graph\">{\"@context\":\"https:\/\/schema.org\",\"@graph\":[{\"@type\":\"WebPage\",\"@id\":\"https:\/\/tupique.com\/produit\/ordinateur-portable-msi-katana-15-694es-156-32-gb-ram-1-tb-ssd-nvidia-geforce-rtx-4050\/\",\"url\":\"https:\/\/tupique.com\/produit\/ordinateur-portable-msi-katana-15-694es-156-32-gb-ram-1-tb-ssd-nvidia-geforce-rtx-4050\/\",\"name\":\"Ordinateur Portable MSI Katana 15-694ES 15,6\\\" 32 GB RAM 1 TB SSD Nvidia Geforce RTX 4050 - Tupique\",\"isPartOf\":{\"@id\":\"https:\/\/tupique.com\/#website\"},\"primaryImageOfPage\":{\"@id\":\"https:\/\/tupique.com\/produit\/ordinateur-portable-msi-katana-15-694es-156-32-gb-ram-1-tb-ssd-nvidia-geforce-rtx-4050\/#primaryimage\"},\"image\":{\"@id\":\"https:\/\/tupique.com\/produit\/ordinateur-portable-msi-katana-15-694es-156-32-gb-ram-1-tb-ssd-nvidia-geforce-rtx-4050\/#primaryimage\"},\"thumbnailUrl\":\"https:\/\/tupique.com\/wp-content\/uploads\/2026\/04\/4711377394031_S0245702_P01.jpg\",\"datePublished\":\"2026-04-09T07:01:24+00:00\",\"description\":\"Vous cherchez Ordinateur Portable MSI Katana 15-694ES 15,6\\\" 32 GB RAM 1 TB SSD Nvidia Geforce RTX 4050 ? Achetez des produits chez Tupique. Profitez de la livraison gratuite pour obtenir Ordinateur Portable MSI Katana 15-694ES 15,6\\\" 32 GB RAM 1 TB SSD Nvidia Geforce RTX 4050 d\u00e8s maintenant.\",\"breadcrumb\":{\"@id\":\"https:\/\/tupique.com\/produit\/ordinateur-portable-msi-katana-15-694es-156-32-gb-ram-1-tb-ssd-nvidia-geforce-rtx-4050\/#breadcrumb\"},\"inLanguage\":\"pt-PT\",\"potentialAction\":[{\"@type\":\"ReadAction\",\"target\":[\"https:\/\/tupique.com\/produit\/ordinateur-portable-msi-katana-15-694es-156-32-gb-ram-1-tb-ssd-nvidia-geforce-rtx-4050\/\"]}]},{\"@type\":\"ImageObject\",\"inLanguage\":\"pt-PT\",\"@id\":\"https:\/\/tupique.com\/produit\/ordinateur-portable-msi-katana-15-694es-156-32-gb-ram-1-tb-ssd-nvidia-geforce-rtx-4050\/#primaryimage\",\"url\":\"https:\/\/tupique.com\/wp-content\/uploads\/2026\/04\/4711377394031_S0245702_P01.jpg\",\"contentUrl\":\"https:\/\/tupique.com\/wp-content\/uploads\/2026\/04\/4711377394031_S0245702_P01.jpg\",\"width\":1200,\"height\":1200,\"caption\":\"S55321841_0\"},{\"@type\":\"BreadcrumbList\",\"@id\":\"https:\/\/tupique.com\/produit\/ordinateur-portable-msi-katana-15-694es-156-32-gb-ram-1-tb-ssd-nvidia-geforce-rtx-4050\/#breadcrumb\",\"itemListElement\":[{\"@type\":\"ListItem\",\"position\":1,\"name\":\"In\u00edcio\",\"item\":\"https:\/\/tupique.com\/\"},{\"@type\":\"ListItem\",\"position\":2,\"name\":\"Boutique\",\"item\":\"https:\/\/tupique.com\/en\/boutique\/\"},{\"@type\":\"ListItem\",\"position\":3,\"name\":\"Ordinateur Portable MSI Katana 15-694ES 15,6&#8243; 32 GB RAM 1 TB SSD Nvidia Geforce RTX 4050\"}]},{\"@type\":\"WebSite\",\"@id\":\"https:\/\/tupique.com\/#website\",\"url\":\"https:\/\/tupique.com\/\",\"name\":\"Tupique\",\"description\":\"Marketplace\",\"publisher\":{\"@id\":\"https:\/\/tupique.com\/#organization\"},\"potentialAction\":[{\"@type\":\"SearchAction\",\"target\":{\"@type\":\"EntryPoint\",\"urlTemplate\":\"https:\/\/tupique.com\/?s={search_term_string}\"},\"query-input\":{\"@type\":\"PropertyValueSpecification\",\"valueRequired\":true,\"valueName\":\"search_term_string\"}}],\"inLanguage\":\"pt-PT\"},{\"@type\":\"Organization\",\"@id\":\"https:\/\/tupique.com\/#organization\",\"name\":\"Tupique\",\"url\":\"https:\/\/tupique.com\/\",\"logo\":{\"@type\":\"ImageObject\",\"inLanguage\":\"pt-PT\",\"@id\":\"https:\/\/tupique.com\/#\/schema\/logo\/image\/\",\"url\":\"https:\/\/tupique.com\/wp-content\/uploads\/2024\/09\/logo.png\",\"contentUrl\":\"https:\/\/tupique.com\/wp-content\/uploads\/2024\/09\/logo.png\",\"width\":1118,\"height\":310,\"caption\":\"Tupique\"},\"image\":{\"@id\":\"https:\/\/tupique.com\/#\/schema\/logo\/image\/\"}}]}<\/script>\n<!-- \/ Yoast SEO plugin. -->","yoast_head_json":{"title":"Ordinateur Portable MSI Katana 15-694ES 15,6\" 32 GB RAM 1 TB SSD Nvidia Geforce RTX 4050 - Tupique","description":"Vous cherchez Ordinateur Portable MSI Katana 15-694ES 15,6\" 32 GB RAM 1 TB SSD Nvidia Geforce RTX 4050 ? Achetez des produits chez Tupique. Profitez de la livraison gratuite pour obtenir Ordinateur Portable MSI Katana 15-694ES 15,6\" 32 GB RAM 1 TB SSD Nvidia Geforce RTX 4050 d\u00e8s maintenant.","robots":{"index":"index","follow":"follow","max-snippet":"max-snippet:-1","max-image-preview":"max-image-preview:large","max-video-preview":"max-video-preview:-1"},"canonical":"https:\/\/tupique.com\/pt\/produto\/ordinateur-portable-msi-katana-15-694es-156-32-gb-ram-1-tb-ssd-nvidia-geforce-rtx-4050\/","og_locale":"pt_PT","og_type":"article","og_title":"Ordinateur Portable MSI Katana 15-694ES 15,6\" 32 GB RAM 1 TB SSD Nvidia Geforce RTX 4050 - Tupique","og_description":"Vous cherchez Ordinateur Portable MSI Katana 15-694ES 15,6\" 32 GB RAM 1 TB SSD Nvidia Geforce RTX 4050 ? Achetez des produits chez Tupique. Profitez de la livraison gratuite pour obtenir Ordinateur Portable MSI Katana 15-694ES 15,6\" 32 GB RAM 1 TB SSD Nvidia Geforce RTX 4050 d\u00e8s maintenant.","og_url":"https:\/\/tupique.com\/pt\/produto\/ordinateur-portable-msi-katana-15-694es-156-32-gb-ram-1-tb-ssd-nvidia-geforce-rtx-4050\/","og_site_name":"Tupique","twitter_card":"summary_large_image","twitter_misc":{"Tempo estimado de leitura":"1 minuto"},"schema":{"@context":"https:\/\/schema.org","@graph":[{"@type":"WebPage","@id":"https:\/\/tupique.com\/produit\/ordinateur-portable-msi-katana-15-694es-156-32-gb-ram-1-tb-ssd-nvidia-geforce-rtx-4050\/","url":"https:\/\/tupique.com\/produit\/ordinateur-portable-msi-katana-15-694es-156-32-gb-ram-1-tb-ssd-nvidia-geforce-rtx-4050\/","name":"Ordinateur Portable MSI Katana 15-694ES 15,6\" 32 GB RAM 1 TB SSD Nvidia Geforce RTX 4050 - Tupique","isPartOf":{"@id":"https:\/\/tupique.com\/#website"},"primaryImageOfPage":{"@id":"https:\/\/tupique.com\/produit\/ordinateur-portable-msi-katana-15-694es-156-32-gb-ram-1-tb-ssd-nvidia-geforce-rtx-4050\/#primaryimage"},"image":{"@id":"https:\/\/tupique.com\/produit\/ordinateur-portable-msi-katana-15-694es-156-32-gb-ram-1-tb-ssd-nvidia-geforce-rtx-4050\/#primaryimage"},"thumbnailUrl":"https:\/\/tupique.com\/wp-content\/uploads\/2026\/04\/4711377394031_S0245702_P01.jpg","datePublished":"2026-04-09T07:01:24+00:00","description":"Vous cherchez Ordinateur Portable MSI Katana 15-694ES 15,6\" 32 GB RAM 1 TB SSD Nvidia Geforce RTX 4050 ? Achetez des produits chez Tupique. Profitez de la livraison gratuite pour obtenir Ordinateur Portable MSI Katana 15-694ES 15,6\" 32 GB RAM 1 TB SSD Nvidia Geforce RTX 4050 d\u00e8s maintenant.","breadcrumb":{"@id":"https:\/\/tupique.com\/produit\/ordinateur-portable-msi-katana-15-694es-156-32-gb-ram-1-tb-ssd-nvidia-geforce-rtx-4050\/#breadcrumb"},"inLanguage":"pt-PT","potentialAction":[{"@type":"ReadAction","target":["https:\/\/tupique.com\/produit\/ordinateur-portable-msi-katana-15-694es-156-32-gb-ram-1-tb-ssd-nvidia-geforce-rtx-4050\/"]}]},{"@type":"ImageObject","inLanguage":"pt-PT","@id":"https:\/\/tupique.com\/produit\/ordinateur-portable-msi-katana-15-694es-156-32-gb-ram-1-tb-ssd-nvidia-geforce-rtx-4050\/#primaryimage","url":"https:\/\/tupique.com\/wp-content\/uploads\/2026\/04\/4711377394031_S0245702_P01.jpg","contentUrl":"https:\/\/tupique.com\/wp-content\/uploads\/2026\/04\/4711377394031_S0245702_P01.jpg","width":1200,"height":1200,"caption":"S55321841_0"},{"@type":"BreadcrumbList","@id":"https:\/\/tupique.com\/produit\/ordinateur-portable-msi-katana-15-694es-156-32-gb-ram-1-tb-ssd-nvidia-geforce-rtx-4050\/#breadcrumb","itemListElement":[{"@type":"ListItem","position":1,"name":"In\u00edcio","item":"https:\/\/tupique.com\/"},{"@type":"ListItem","position":2,"name":"Boutique","item":"https:\/\/tupique.com\/en\/boutique\/"},{"@type":"ListItem","position":3,"name":"Ordinateur Portable MSI Katana 15-694ES 15,6&#8243; 32 GB RAM 1 TB SSD Nvidia Geforce RTX 4050"}]},{"@type":"WebSite","@id":"https:\/\/tupique.com\/#website","url":"https:\/\/tupique.com\/","name":"Tupique","description":"Marketplace","publisher":{"@id":"https:\/\/tupique.com\/#organization"},"potentialAction":[{"@type":"SearchAction","target":{"@type":"EntryPoint","urlTemplate":"https:\/\/tupique.com\/?s={search_term_string}"},"query-input":{"@type":"PropertyValueSpecification","valueRequired":true,"valueName":"search_term_string"}}],"inLanguage":"pt-PT"},{"@type":"Organization","@id":"https:\/\/tupique.com\/#organization","name":"Tupique","url":"https:\/\/tupique.com\/","logo":{"@type":"ImageObject","inLanguage":"pt-PT","@id":"https:\/\/tupique.com\/#\/schema\/logo\/image\/","url":"https:\/\/tupique.com\/wp-content\/uploads\/2024\/09\/logo.png","contentUrl":"https:\/\/tupique.com\/wp-content\/uploads\/2024\/09\/logo.png","width":1118,"height":310,"caption":"Tupique"},"image":{"@id":"https:\/\/tupique.com\/#\/schema\/logo\/image\/"}}]}},"jetpack_sharing_enabled":true,"_links":{"self":[{"href":"https:\/\/tupique.com\/pt\/wp-json\/wp\/v2\/product\/4385964","targetHints":{"allow":["GET"]}}],"collection":[{"href":"https:\/\/tupique.com\/pt\/wp-json\/wp\/v2\/product"}],"about":[{"href":"https:\/\/tupique.com\/pt\/wp-json\/wp\/v2\/types\/product"}],"replies":[{"embeddable":true,"href":"https:\/\/tupique.com\/pt\/wp-json\/wp\/v2\/comments?post=4385964"}],"wp:featuredmedia":[{"embeddable":true,"href":"https:\/\/tupique.com\/pt\/wp-json\/wp\/v2\/media\/4385953"}],"wp:attachment":[{"href":"https:\/\/tupique.com\/pt\/wp-json\/wp\/v2\/media?parent=4385964"}],"wp:term":[{"taxonomy":"product_brand","embeddable":true,"href":"https:\/\/tupique.com\/pt\/wp-json\/wp\/v2\/product_brand?post=4385964"},{"taxonomy":"product_cat","embeddable":true,"href":"https:\/\/tupique.com\/pt\/wp-json\/wp\/v2\/product_cat?post=4385964"},{"taxonomy":"product_tag","embeddable":true,"href":"https:\/\/tupique.com\/pt\/wp-json\/wp\/v2\/product_tag?post=4385964"}],"curies":[{"name":"wp","href":"https:\/\/api.w.org\/{rel}","templated":true}]}}