{"id":4386181,"date":"2026-04-09T18:57:26","date_gmt":"2026-04-09T17:57:26","guid":{"rendered":"https:\/\/tupique.com\/produit\/ordinateur-portable-acer-nx-j7web-01h-39-amd-ryzen-5-5625u\/"},"modified":"2026-04-09T18:57:26","modified_gmt":"2026-04-09T17:57:26","slug":"ordinateur-portable-acer-nx-j7web-01h-39-amd-ryzen-5-5625u","status":"publish","type":"product","link":"https:\/\/tupique.com\/pt\/produto\/ordinateur-portable-acer-nx-j7web-01h-39-amd-ryzen-5-5625u\/","title":{"rendered":"Ordinateur Portable Acer NX.J7WEB.01H 39&#8243; AMD Ryzen 5 5625U"},"content":{"rendered":"<p>Se \u00e9 apaixonado por\u2019<b>inform\u00e1tica e eletr\u00f3nica<\/b>, Se est\u00e1 na vanguarda da tecnologia e n\u00e3o quer perder nada, compre <b>Ordinateur Portable Acer NX.J7WEB.01H 39&#8243; AMD Ryzen 5 5625U<\/b> ao melhor pre\u00e7o.<\/p>\n<p>Le <b>Acer NX.J7WEB.01H<\/b> \u00e9 um <b>ordinateur portable<\/b> con\u00e7u pour offrir un \u00e9quilibre entre performance et polyvalence dans un format accessible et \u00e9l\u00e9gant. \u00c9quip\u00e9 d\u2019un <b>processeur AMD Ryzen\u2122 5 5625U de derni\u00e8re g\u00e9n\u00e9ration<\/b> bas\u00e9 sur une technologie 7 nm, ce portable garantit une r\u00e9activit\u00e9 rapide et efficace pour le multit\u00e2che, le montage vid\u00e9o et le gaming l\u00e9ger, gr\u00e2ce aussi \u00e0 sa <b>m\u00e9moire RAM DDR4 de 8 Go<\/b> qui assure une vitesse de transfert \u00e9lev\u00e9e et la gestion fluide de plusieurs applications ouvertes simultan\u00e9ment. Son <b>\u00e9cran Full HD de 15,6 pouces<\/b> avec une r\u00e9solution de 1920 x 1080 pixels offre une qualit\u00e9 visuelle claire et nette, id\u00e9ale pour le divertissement multim\u00e9dia et le travail quotidien. L\u2019appareil dispose d\u2019un <b>stockage SSD de 512 Go<\/b>, garantissant des temps de d\u00e9marrage et de chargement bien plus rapides qu\u2019un disque dur classique, ainsi qu\u2019une meilleure durabilit\u00e9 et fiabilit\u00e9. Le syst\u00e8me graphique int\u00e9gr\u00e9 <b>AMD Radeon Graphics<\/b> assure une exp\u00e9rience visuelle fluide, adapt\u00e9e aussi bien aux contenus audiovisuels qu\u2019aux jeux occasionnels. Ce mod\u00e8le inclut une connectivit\u00e9 HDMI pour une connexion simple et rapide \u00e0 des moniteurs externes ou t\u00e9l\u00e9viseurs et est \u00e9quip\u00e9 d\u2019un <b>clavier QWERTY en espagnol<\/b>, facilitant la saisie pour les utilisateurs hispanophones. Le design en <b>couleur argent\u00e9e<\/b> apporte une esth\u00e9tique sobre et professionnelle, tandis que le syst\u00e8me d\u2019exploitation Windows 11 Home offre une interface modernis\u00e9e, avec un menu d\u00e9marrer optimis\u00e9 et de nouvelles fonctionnalit\u00e9s pour am\u00e9liorer productivit\u00e9 et connectivit\u00e9 avec les autres personnes et contenus. Ce portable Acer Aspire Go 15 AG15-42P-R899 repr\u00e9sente une solution \u00e9quilibr\u00e9e pour les utilisateurs recherchant un appareil fiable, rapide et autonome pour un usage quotidien, acad\u00e9mique ou professionnel, sans sacrifier une exp\u00e9rience visuelle et des performances actuelles.<\/p>\n<ul>\n<li>Tipo de tomada: tomada UE<\/li>\n<li>Type de m\u00e9moire: SDRAM<\/li>\n<li>Clavier: Espagnol Qwerty<\/li>\n<li>Tipo:\n<ul>\n<li>Ordinateur Portable<\/li>\n<li>DDR4-SDRAM<\/li>\n<\/ul>\n<\/li>\n<li>Produto de encaixe: Sim<\/li>\n<li>Diagonal do ecr\u00e3 (cm):\n<ul>\n<li>39,6 cm<\/li>\n<li>99,1 cm<\/li>\n<\/ul>\n<\/li>\n<li>Contr\u00f4leur graphique: AMD RADEON GRAPHICS<\/li>\n<li>Resolu\u00e7\u00e3o: Full HD<\/li>\n<li>Type de stockage: SSD<\/li>\n<li>R\u00e9solution (px): 1920 x 1080 px<\/li>\n<li>Facteur de forme: Coquillage<\/li>\n<li>Ecr\u00e3 t\u00e1til: N\u00e3o<\/li>\n<li>Liga\u00e7\u00f5es:\n<ul>\n<li>M.2<\/li>\n<li>LAN Ethernet<\/li>\n<li>HDMI<\/li>\n<li>USB-C<\/li>\n<li>USB<\/li>\n<\/ul>\n<\/li>\n<li>Type d&#8217;unit\u00e9 optique: Non<\/li>\n<li>Microfone incorporado: Sim<\/li>\n<li>Conectividade:\n<ul>\n<li>Bluetooth<\/li>\n<li>6 GHz Wi-Fi<\/li>\n<\/ul>\n<\/li>\n<li>Mem\u00f3ria RAM: 8 GB de RAM<\/li>\n<li>Inclut: Touchpad<\/li>\n<li>Tipo de bateria: i\u00f5es de l\u00edtio<\/li>\n<li>Disque dur: 512 GB SSD<\/li>\n<li>Ecr\u00e3:\n<ul>\n<li>15,6&#8243;<\/li>\n<li>39&#8243;<\/li>\n<\/ul>\n<\/li>\n<li>Cor: Prateado<\/li>\n<li>Tecnologia: LCD<\/li>\n<li>Syst\u00e8me d&#8217;exploitation: Windows 11 Home<\/li>\n<li>Frequ\u00eancia: 60 Hz<\/li>\n<li>Capacit\u00e9 de la batterie: 53 Wh<\/li>\n<li>Nombre de fils: 12<\/li>\n<li>Bloc d\u2019Alimentation: r\u00e9seau \u00e9lectrique<\/li>\n<li>Processeur: AMD Ryzen 5 5625U<\/li>\n<\/ul>","protected":false},"excerpt":{"rendered":"<p>Si vous \u00eates passionn\u00e9 d&#8217;informatique et d&#8217;\u00e9lectronique, si vous \u00eates \u00e0 la pointe de la technologie et qu&#8217;aucun d\u00e9tail ne<\/p>","protected":false},"featured_media":4386180,"comment_status":"open","ping_status":"closed","template":"","meta":{"_joinchat":[]},"product_brand":[158077],"product_cat":[157516,157583,155043],"product_tag":[157514,157515],"class_list":{"0":"post-4386181","1":"product","2":"type-product","3":"status-publish","4":"has-post-thumbnail","6":"product_brand-brandp_529","7":"product_cat-informatique-electronique","8":"product_cat-informatique-ordinateurs","9":"product_cat-notebooks","10":"product_tag-tag_933","11":"product_tag-tag_1295","13":"first","14":"instock","15":"taxable","16":"shipping-taxable","17":"purchasable","18":"product-type-simple"},"yoast_head":"<!-- This site is optimized with the Yoast SEO plugin v27.2 - https:\/\/yoast.com\/product\/yoast-seo-wordpress\/ -->\n<title>Ordinateur Portable Acer NX.J7WEB.01H 39&quot; AMD Ryzen 5 5625U - Tupique<\/title>\n<meta name=\"description\" content=\"Vous cherchez Ordinateur Portable Acer NX.J7WEB.01H 39&quot; AMD Ryzen 5 5625U ? Achetez des produits chez Tupique. Profitez de la livraison gratuite pour obtenir Ordinateur Portable Acer NX.J7WEB.01H 39&quot; AMD Ryzen 5 5625U d\u00e8s maintenant.\" \/>\n<meta name=\"robots\" content=\"index, follow, max-snippet:-1, max-image-preview:large, max-video-preview:-1\" \/>\n<link rel=\"canonical\" href=\"https:\/\/tupique.com\/pt\/produto\/ordinateur-portable-acer-nx-j7web-01h-39-amd-ryzen-5-5625u\/\" \/>\n<meta property=\"og:locale\" content=\"pt_PT\" \/>\n<meta property=\"og:type\" content=\"article\" \/>\n<meta property=\"og:title\" content=\"Ordinateur Portable Acer NX.J7WEB.01H 39&quot; AMD Ryzen 5 5625U - Tupique\" \/>\n<meta property=\"og:description\" content=\"Vous cherchez Ordinateur Portable Acer NX.J7WEB.01H 39&quot; AMD Ryzen 5 5625U ? Achetez des produits chez Tupique. Profitez de la livraison gratuite pour obtenir Ordinateur Portable Acer NX.J7WEB.01H 39&quot; AMD Ryzen 5 5625U d\u00e8s maintenant.\" \/>\n<meta property=\"og:url\" content=\"https:\/\/tupique.com\/pt\/produto\/ordinateur-portable-acer-nx-j7web-01h-39-amd-ryzen-5-5625u\/\" \/>\n<meta property=\"og:site_name\" content=\"Tupique\" \/>\n<meta name=\"twitter:card\" content=\"summary_large_image\" \/>\n<meta name=\"twitter:label1\" content=\"Tempo estimado de leitura\" \/>\n\t<meta name=\"twitter:data1\" content=\"2 minutos\" \/>\n<script type=\"application\/ld+json\" class=\"yoast-schema-graph\">{\"@context\":\"https:\/\/schema.org\",\"@graph\":[{\"@type\":\"WebPage\",\"@id\":\"https:\/\/tupique.com\/produit\/ordinateur-portable-acer-nx-j7web-01h-39-amd-ryzen-5-5625u\/\",\"url\":\"https:\/\/tupique.com\/produit\/ordinateur-portable-acer-nx-j7web-01h-39-amd-ryzen-5-5625u\/\",\"name\":\"Ordinateur Portable Acer NX.J7WEB.01H 39\\\" AMD Ryzen 5 5625U - Tupique\",\"isPartOf\":{\"@id\":\"https:\/\/tupique.com\/#website\"},\"primaryImageOfPage\":{\"@id\":\"https:\/\/tupique.com\/produit\/ordinateur-portable-acer-nx-j7web-01h-39-amd-ryzen-5-5625u\/#primaryimage\"},\"image\":{\"@id\":\"https:\/\/tupique.com\/produit\/ordinateur-portable-acer-nx-j7web-01h-39-amd-ryzen-5-5625u\/#primaryimage\"},\"thumbnailUrl\":\"https:\/\/tupique.com\/wp-content\/uploads\/2026\/04\/4711474413482_S0471306_P00.jpg\",\"datePublished\":\"2026-04-09T17:57:26+00:00\",\"description\":\"Vous cherchez Ordinateur Portable Acer NX.J7WEB.01H 39\\\" AMD Ryzen 5 5625U ? Achetez des produits chez Tupique. Profitez de la livraison gratuite pour obtenir Ordinateur Portable Acer NX.J7WEB.01H 39\\\" AMD Ryzen 5 5625U d\u00e8s maintenant.\",\"breadcrumb\":{\"@id\":\"https:\/\/tupique.com\/produit\/ordinateur-portable-acer-nx-j7web-01h-39-amd-ryzen-5-5625u\/#breadcrumb\"},\"inLanguage\":\"pt-PT\",\"potentialAction\":[{\"@type\":\"ReadAction\",\"target\":[\"https:\/\/tupique.com\/produit\/ordinateur-portable-acer-nx-j7web-01h-39-amd-ryzen-5-5625u\/\"]}]},{\"@type\":\"ImageObject\",\"inLanguage\":\"pt-PT\",\"@id\":\"https:\/\/tupique.com\/produit\/ordinateur-portable-acer-nx-j7web-01h-39-amd-ryzen-5-5625u\/#primaryimage\",\"url\":\"https:\/\/tupique.com\/wp-content\/uploads\/2026\/04\/4711474413482_S0471306_P00.jpg\",\"contentUrl\":\"https:\/\/tupique.com\/wp-content\/uploads\/2026\/04\/4711474413482_S0471306_P00.jpg\",\"width\":1200,\"height\":1200,\"caption\":\"S0471306_0\"},{\"@type\":\"BreadcrumbList\",\"@id\":\"https:\/\/tupique.com\/produit\/ordinateur-portable-acer-nx-j7web-01h-39-amd-ryzen-5-5625u\/#breadcrumb\",\"itemListElement\":[{\"@type\":\"ListItem\",\"position\":1,\"name\":\"In\u00edcio\",\"item\":\"https:\/\/tupique.com\/\"},{\"@type\":\"ListItem\",\"position\":2,\"name\":\"Boutique\",\"item\":\"https:\/\/tupique.com\/en\/boutique\/\"},{\"@type\":\"ListItem\",\"position\":3,\"name\":\"Ordinateur Portable Acer NX.J7WEB.01H 39&#8243; AMD Ryzen 5 5625U\"}]},{\"@type\":\"WebSite\",\"@id\":\"https:\/\/tupique.com\/#website\",\"url\":\"https:\/\/tupique.com\/\",\"name\":\"Tupique\",\"description\":\"Marketplace\",\"publisher\":{\"@id\":\"https:\/\/tupique.com\/#organization\"},\"potentialAction\":[{\"@type\":\"SearchAction\",\"target\":{\"@type\":\"EntryPoint\",\"urlTemplate\":\"https:\/\/tupique.com\/?s={search_term_string}\"},\"query-input\":{\"@type\":\"PropertyValueSpecification\",\"valueRequired\":true,\"valueName\":\"search_term_string\"}}],\"inLanguage\":\"pt-PT\"},{\"@type\":\"Organization\",\"@id\":\"https:\/\/tupique.com\/#organization\",\"name\":\"Tupique\",\"url\":\"https:\/\/tupique.com\/\",\"logo\":{\"@type\":\"ImageObject\",\"inLanguage\":\"pt-PT\",\"@id\":\"https:\/\/tupique.com\/#\/schema\/logo\/image\/\",\"url\":\"https:\/\/tupique.com\/wp-content\/uploads\/2024\/09\/logo.png\",\"contentUrl\":\"https:\/\/tupique.com\/wp-content\/uploads\/2024\/09\/logo.png\",\"width\":1118,\"height\":310,\"caption\":\"Tupique\"},\"image\":{\"@id\":\"https:\/\/tupique.com\/#\/schema\/logo\/image\/\"}}]}<\/script>\n<!-- \/ Yoast SEO plugin. -->","yoast_head_json":{"title":"Ordinateur Portable Acer NX.J7WEB.01H 39\" AMD Ryzen 5 5625U - Tupique","description":"Vous cherchez Ordinateur Portable Acer NX.J7WEB.01H 39\" AMD Ryzen 5 5625U ? Achetez des produits chez Tupique. Profitez de la livraison gratuite pour obtenir Ordinateur Portable Acer NX.J7WEB.01H 39\" AMD Ryzen 5 5625U d\u00e8s maintenant.","robots":{"index":"index","follow":"follow","max-snippet":"max-snippet:-1","max-image-preview":"max-image-preview:large","max-video-preview":"max-video-preview:-1"},"canonical":"https:\/\/tupique.com\/pt\/produto\/ordinateur-portable-acer-nx-j7web-01h-39-amd-ryzen-5-5625u\/","og_locale":"pt_PT","og_type":"article","og_title":"Ordinateur Portable Acer NX.J7WEB.01H 39\" AMD Ryzen 5 5625U - Tupique","og_description":"Vous cherchez Ordinateur Portable Acer NX.J7WEB.01H 39\" AMD Ryzen 5 5625U ? Achetez des produits chez Tupique. Profitez de la livraison gratuite pour obtenir Ordinateur Portable Acer NX.J7WEB.01H 39\" AMD Ryzen 5 5625U d\u00e8s maintenant.","og_url":"https:\/\/tupique.com\/pt\/produto\/ordinateur-portable-acer-nx-j7web-01h-39-amd-ryzen-5-5625u\/","og_site_name":"Tupique","twitter_card":"summary_large_image","twitter_misc":{"Tempo estimado de leitura":"2 minutos"},"schema":{"@context":"https:\/\/schema.org","@graph":[{"@type":"WebPage","@id":"https:\/\/tupique.com\/produit\/ordinateur-portable-acer-nx-j7web-01h-39-amd-ryzen-5-5625u\/","url":"https:\/\/tupique.com\/produit\/ordinateur-portable-acer-nx-j7web-01h-39-amd-ryzen-5-5625u\/","name":"Ordinateur Portable Acer NX.J7WEB.01H 39\" AMD Ryzen 5 5625U - Tupique","isPartOf":{"@id":"https:\/\/tupique.com\/#website"},"primaryImageOfPage":{"@id":"https:\/\/tupique.com\/produit\/ordinateur-portable-acer-nx-j7web-01h-39-amd-ryzen-5-5625u\/#primaryimage"},"image":{"@id":"https:\/\/tupique.com\/produit\/ordinateur-portable-acer-nx-j7web-01h-39-amd-ryzen-5-5625u\/#primaryimage"},"thumbnailUrl":"https:\/\/tupique.com\/wp-content\/uploads\/2026\/04\/4711474413482_S0471306_P00.jpg","datePublished":"2026-04-09T17:57:26+00:00","description":"Vous cherchez Ordinateur Portable Acer NX.J7WEB.01H 39\" AMD Ryzen 5 5625U ? Achetez des produits chez Tupique. Profitez de la livraison gratuite pour obtenir Ordinateur Portable Acer NX.J7WEB.01H 39\" AMD Ryzen 5 5625U d\u00e8s maintenant.","breadcrumb":{"@id":"https:\/\/tupique.com\/produit\/ordinateur-portable-acer-nx-j7web-01h-39-amd-ryzen-5-5625u\/#breadcrumb"},"inLanguage":"pt-PT","potentialAction":[{"@type":"ReadAction","target":["https:\/\/tupique.com\/produit\/ordinateur-portable-acer-nx-j7web-01h-39-amd-ryzen-5-5625u\/"]}]},{"@type":"ImageObject","inLanguage":"pt-PT","@id":"https:\/\/tupique.com\/produit\/ordinateur-portable-acer-nx-j7web-01h-39-amd-ryzen-5-5625u\/#primaryimage","url":"https:\/\/tupique.com\/wp-content\/uploads\/2026\/04\/4711474413482_S0471306_P00.jpg","contentUrl":"https:\/\/tupique.com\/wp-content\/uploads\/2026\/04\/4711474413482_S0471306_P00.jpg","width":1200,"height":1200,"caption":"S0471306_0"},{"@type":"BreadcrumbList","@id":"https:\/\/tupique.com\/produit\/ordinateur-portable-acer-nx-j7web-01h-39-amd-ryzen-5-5625u\/#breadcrumb","itemListElement":[{"@type":"ListItem","position":1,"name":"In\u00edcio","item":"https:\/\/tupique.com\/"},{"@type":"ListItem","position":2,"name":"Boutique","item":"https:\/\/tupique.com\/en\/boutique\/"},{"@type":"ListItem","position":3,"name":"Ordinateur Portable Acer NX.J7WEB.01H 39&#8243; AMD Ryzen 5 5625U"}]},{"@type":"WebSite","@id":"https:\/\/tupique.com\/#website","url":"https:\/\/tupique.com\/","name":"Tupique","description":"Marketplace","publisher":{"@id":"https:\/\/tupique.com\/#organization"},"potentialAction":[{"@type":"SearchAction","target":{"@type":"EntryPoint","urlTemplate":"https:\/\/tupique.com\/?s={search_term_string}"},"query-input":{"@type":"PropertyValueSpecification","valueRequired":true,"valueName":"search_term_string"}}],"inLanguage":"pt-PT"},{"@type":"Organization","@id":"https:\/\/tupique.com\/#organization","name":"Tupique","url":"https:\/\/tupique.com\/","logo":{"@type":"ImageObject","inLanguage":"pt-PT","@id":"https:\/\/tupique.com\/#\/schema\/logo\/image\/","url":"https:\/\/tupique.com\/wp-content\/uploads\/2024\/09\/logo.png","contentUrl":"https:\/\/tupique.com\/wp-content\/uploads\/2024\/09\/logo.png","width":1118,"height":310,"caption":"Tupique"},"image":{"@id":"https:\/\/tupique.com\/#\/schema\/logo\/image\/"}}]}},"jetpack_sharing_enabled":true,"_links":{"self":[{"href":"https:\/\/tupique.com\/pt\/wp-json\/wp\/v2\/product\/4386181","targetHints":{"allow":["GET"]}}],"collection":[{"href":"https:\/\/tupique.com\/pt\/wp-json\/wp\/v2\/product"}],"about":[{"href":"https:\/\/tupique.com\/pt\/wp-json\/wp\/v2\/types\/product"}],"replies":[{"embeddable":true,"href":"https:\/\/tupique.com\/pt\/wp-json\/wp\/v2\/comments?post=4386181"}],"wp:featuredmedia":[{"embeddable":true,"href":"https:\/\/tupique.com\/pt\/wp-json\/wp\/v2\/media\/4386180"}],"wp:attachment":[{"href":"https:\/\/tupique.com\/pt\/wp-json\/wp\/v2\/media?parent=4386181"}],"wp:term":[{"taxonomy":"product_brand","embeddable":true,"href":"https:\/\/tupique.com\/pt\/wp-json\/wp\/v2\/product_brand?post=4386181"},{"taxonomy":"product_cat","embeddable":true,"href":"https:\/\/tupique.com\/pt\/wp-json\/wp\/v2\/product_cat?post=4386181"},{"taxonomy":"product_tag","embeddable":true,"href":"https:\/\/tupique.com\/pt\/wp-json\/wp\/v2\/product_tag?post=4386181"}],"curies":[{"name":"wp","href":"https:\/\/api.w.org\/{rel}","templated":true}]}}