{"id":4386187,"date":"2026-04-09T18:57:33","date_gmt":"2026-04-09T17:57:33","guid":{"rendered":"https:\/\/tupique.com\/produit\/ordinateur-portable-acer-aspire-go-15-nx-j4geb-01j-156-intel-core-i7-13620h-16-gb-ram-1-tb-ssd\/"},"modified":"2026-04-09T18:57:33","modified_gmt":"2026-04-09T17:57:33","slug":"ordinateur-portable-acer-aspire-go-15-nx-j4geb-01j-156-intel-core-i7-13620h-16-gb-ram-1-tb-ssd","status":"publish","type":"product","link":"https:\/\/tupique.com\/pt\/produto\/ordinateur-portable-acer-aspire-go-15-nx-j4geb-01j-156-intel-core-i7-13620h-16-gb-ram-1-tb-ssd\/","title":{"rendered":"Ordinateur Portable Acer ASPIRE GO 15 (NX.J4GEB.01J) 15,6&#8243; Intel Core i7-13620H 16 GB RAM 1 TB SSD"},"content":{"rendered":"<p>Se \u00e9 apaixonado por\u2019<b>inform\u00e1tica e eletr\u00f3nica<\/b>, Se est\u00e1 na vanguarda da tecnologia e n\u00e3o quer perder nada, compre <b>Ordinateur Portable Acer ASPIRE GO 15 (NX.J4GEB.01J) 15,6&#8243; Intel Core i7-13620H 16 GB RAM 1 TB SSD<\/b> ao melhor pre\u00e7o.<\/p>\n<p>Le <b>laptop<\/b> Acer NX.J4GEB.01J offre des performances avanc\u00e9es et une grande polyvalence pour les utilisateurs exigeants recherchant efficacit\u00e9 au travail et fluidit\u00e9 dans les loisirs num\u00e9riques. Ce mod\u00e8le de <b>15,6 pouces<\/b> dispose d\u2019un <b>\u00e9cran Full HD (1920 x 1080 pixels)<\/b>, garantissant une visualisation nette et confortable pour les t\u00e2ches professionnelles comme pour la lecture de contenus multim\u00e9dias. \u00c9quip\u00e9 d\u2019un <b>processeur Intel Core i7-13620H<\/b> de derni\u00e8re g\u00e9n\u00e9ration et de <b>16 Go de m\u00e9moire RAM DDR5<\/b>, l\u2019appareil r\u00e9pond avec rapidit\u00e9 aux applications intensives et au multit\u00e2che, permettant d\u2019ex\u00e9cuter des programmes d\u2019\u00e9dition ou de travailler avec plusieurs applications ouvertes sans perte de performance. Il se distingue aussi par son <b>stockage SSD de 1 To<\/b>, offrant des vitesses d\u2019acc\u00e8s et de sauvegarde rapides ainsi qu\u2019un espace suffisant pour g\u00e9rer documents, images, vid\u00e9os et gros volumes de donn\u00e9es. L\u2019ordinateur int\u00e8gre des <b>graphiques Intel UHD<\/b>, adapt\u00e9s aux activit\u00e9s graphiques quotidiennes et \u00e0 la lecture de vid\u00e9os en haute d\u00e9finition. Il est dot\u00e9 d\u2019un <b>clavier QWERTY espagnol<\/b> et d\u2019un <b>clavier num\u00e9rique<\/b> pour maximiser la productivit\u00e9, ainsi que d\u2019un <b>touchpad<\/b> de pr\u00e9cision. Il comprend une <b>cam\u00e9ra frontale et un microphone int\u00e9gr\u00e9s<\/b> pour faciliter les appels vid\u00e9o et r\u00e9unions \u00e0 distance, ainsi que des ports comme <b>HDMI<\/b> pour connecter facilement des moniteurs externes ou d\u2019autres p\u00e9riph\u00e9riques. Son <b>finition argent\u00e9e<\/b> apporte un design \u00e9l\u00e9gant, tout en conservant une structure robuste et l\u00e9g\u00e8re de seulement 1,8 kg, favorisant la mobilit\u00e9 au quotidien. Le syst\u00e8me d\u2019exploitation <b>Windows 11 Home<\/b> est pr\u00e9install\u00e9, offrant une interface moderne et s\u00e9curis\u00e9e, tandis que les composants int\u00e9gr\u00e9s et la connectivit\u00e9 compl\u00e8te conviennent parfaitement aux environnements domestiques et professionnels. En r\u00e9sum\u00e9, ce portable Acer combine puissance, stockage rapide et fonctionnalit\u00e9s essentielles dans un format \u00e9quilibr\u00e9 et de qualit\u00e9.<\/p>\n<ul>\n<li>Alimenta\u00e7\u00e3o el\u00e9ctrica:\n<ul>\n<li>r\u00e9seau \u00e9lectrique<\/li>\n<li>USB<\/li>\n<\/ul>\n<\/li>\n<li>Tipo de tomada: tomada UE<\/li>\n<li>Type de m\u00e9moire:\n<ul>\n<li>SDRAM<\/li>\n<li>DDR5<\/li>\n<li>DDR5 SDRAM<\/li>\n<\/ul>\n<\/li>\n<li>Clavier: Espagnol Qwerty<\/li>\n<li>Tipo:\n<ul>\n<li>Ordinateur Portable<\/li>\n<li>Ordinateur portable<\/li>\n<li>Clavier num\u00e9rique<\/li>\n<li>Touchpad<\/li>\n<\/ul>\n<\/li>\n<li>Produto de encaixe: Sim<\/li>\n<li>Diagonale de l&#8217;\u00e9cran (cm): 39,6 cm<\/li>\n<li>Liga\u00e7\u00f5es:\n<ul>\n<li>LAN Ethernet<\/li>\n<li>HDMI<\/li>\n<li>PCI Express 3.0<\/li>\n<li>USB-C 3.2 Gen 2 (3.1 Gen 2)<\/li>\n<li>USB-A 3.2<\/li>\n<li>C\u00e2ble jack 3,3 mm<\/li>\n<\/ul>\n<\/li>\n<li>Conectividade:\n<ul>\n<li>Bluetooth 5.0<\/li>\n<li>Bluetooth<\/li>\n<li>Wi-Fi<\/li>\n<li>LAN Ethernet<\/li>\n<li>6 GHz Wi-Fi<\/li>\n<\/ul>\n<\/li>\n<li>Facteur de forme:\n<ul>\n<li>Coquillage<\/li>\n<li>SO-DIMM<\/li>\n<\/ul>\n<\/li>\n<li>Type d&#8217;unit\u00e9 optique: Non<\/li>\n<li>Microfone incorporado: Sim<\/li>\n<li>Inclui:\n<ul>\n<li>Webcam<\/li>\n<li>Touchpad<\/li>\n<li>SSD x 1<\/li>\n<\/ul>\n<\/li>\n<li>Nombre de fils: 16<\/li>\n<li>Capacit\u00e9 de la batterie: 53 Wh<\/li>\n<li>Carater\u00edsticas:\n<ul>\n<li>C\u00e2mara frontal<\/li>\n<li>Microfone incorporado<\/li>\n<li>2 altifalantes<\/li>\n<li>Adaptateur graphique int\u00e9gr\u00e9<\/li>\n<\/ul>\n<\/li>\n<li>R\u00e1cio de aspeto: 16:9<\/li>\n<li>Resolu\u00e7\u00e3o: Full HD<\/li>\n<li>Mem\u00f3ria RAM: 16 GB de RAM<\/li>\n<li>Finition: Mat<\/li>\n<li>Cor: Prateado<\/li>\n<li>Disque dur: 1 TB SSD<\/li>\n<li>Ecran: 15,6&#8243;<\/li>\n<li>Contr\u00f4leur graphique: Intel UHD Graphics<\/li>\n<li>puissance: 65 W<\/li>\n<li>Technologie: TN<\/li>\n<li>Non Inclus:\n<ul>\n<li>Type d&#8217;unit\u00e9 optique<\/li>\n<li>Adaptateur AC<\/li>\n<li>Liga\u00e7\u00e3o \u00e0 rede m\u00f3vel<\/li>\n<li>Adaptateur graphique discret<\/li>\n<\/ul>\n<\/li>\n<li>Exigences: 64 bits<\/li>\n<li>Format: M.2<\/li>\n<li>vitesse:\n<ul>\n<li>10\/100\/1000 Mbps<\/li>\n<li>4.9 GHz<\/li>\n<\/ul>\n<\/li>\n<li>Ecr\u00e3 t\u00e1til: N\u00e3o<\/li>\n<li>Cam\u00e9ra\/Appareil Photo: HD<\/li>\n<li>Frequ\u00eancia: 60 Hz<\/li>\n<li>Connecteurs: Kensington<\/li>\n<li>Type de stockage: SSD<\/li>\n<li>Tipo de bateria: i\u00f5es de l\u00edtio<\/li>\n<li>Syst\u00e8me d&#8217;exploitation: Windows 11 Home<\/li>\n<li>Noyaux: 10 Noyaux<\/li>\n<li>Fam\u00edlia de processadores: Intel<\/li>\n<li>Resolu\u00e7\u00e3o (px):\n<ul>\n<li>1920 x 1080 px<\/li>\n<li>1280 x 720 px<\/li>\n<\/ul>\n<\/li>\n<li>Processeur: Intel Core i7-13620H<\/li>\n<li>Autonomie approx.: 11,5 heures<\/li>\n<\/ul>","protected":false},"excerpt":{"rendered":"<p>Si vous \u00eates passionn\u00e9 d&#8217;informatique et d&#8217;\u00e9lectronique, si vous \u00eates \u00e0 la pointe de la technologie et qu&#8217;aucun d\u00e9tail ne<\/p>","protected":false},"featured_media":4386182,"comment_status":"open","ping_status":"closed","template":"","meta":{"_joinchat":[]},"product_brand":[158077],"product_cat":[157516,157583,155043],"product_tag":[157514,157515],"class_list":{"0":"post-4386187","1":"product","2":"type-product","3":"status-publish","4":"has-post-thumbnail","6":"product_brand-brandp_529","7":"product_cat-informatique-electronique","8":"product_cat-informatique-ordinateurs","9":"product_cat-notebooks","10":"product_tag-tag_933","11":"product_tag-tag_1295","13":"first","14":"instock","15":"taxable","16":"shipping-taxable","17":"purchasable","18":"product-type-simple"},"yoast_head":"<!-- This site is optimized with the Yoast SEO plugin v27.2 - https:\/\/yoast.com\/product\/yoast-seo-wordpress\/ -->\n<title>Ordinateur Portable Acer ASPIRE GO 15 (NX.J4GEB.01J) 15,6&quot; Intel Core i7-13620H 16 GB RAM 1 TB SSD - Tupique<\/title>\n<meta name=\"description\" content=\"Vous cherchez Ordinateur Portable Acer ASPIRE GO 15 (NX.J4GEB.01J) 15,6&quot; Intel Core i7-13620H 16 GB RAM 1 TB SSD ? Achetez des produits chez Tupique. Profitez de la livraison gratuite pour obtenir Ordinateur Portable Acer ASPIRE GO 15 (NX.J4GEB.01J) 15,6&quot; Intel Core i7-13620H 16 GB RAM 1 TB SSD d\u00e8s maintenant.\" \/>\n<meta name=\"robots\" content=\"index, follow, max-snippet:-1, max-image-preview:large, max-video-preview:-1\" \/>\n<link rel=\"canonical\" href=\"https:\/\/tupique.com\/pt\/produto\/ordinateur-portable-acer-aspire-go-15-nx-j4geb-01j-156-intel-core-i7-13620h-16-gb-ram-1-tb-ssd\/\" \/>\n<meta property=\"og:locale\" content=\"pt_PT\" \/>\n<meta property=\"og:type\" content=\"article\" \/>\n<meta property=\"og:title\" content=\"Ordinateur Portable Acer ASPIRE GO 15 (NX.J4GEB.01J) 15,6&quot; Intel Core i7-13620H 16 GB RAM 1 TB SSD - Tupique\" \/>\n<meta property=\"og:description\" content=\"Vous cherchez Ordinateur Portable Acer ASPIRE GO 15 (NX.J4GEB.01J) 15,6&quot; Intel Core i7-13620H 16 GB RAM 1 TB SSD ? Achetez des produits chez Tupique. Profitez de la livraison gratuite pour obtenir Ordinateur Portable Acer ASPIRE GO 15 (NX.J4GEB.01J) 15,6&quot; Intel Core i7-13620H 16 GB RAM 1 TB SSD d\u00e8s maintenant.\" \/>\n<meta property=\"og:url\" content=\"https:\/\/tupique.com\/pt\/produto\/ordinateur-portable-acer-aspire-go-15-nx-j4geb-01j-156-intel-core-i7-13620h-16-gb-ram-1-tb-ssd\/\" \/>\n<meta property=\"og:site_name\" content=\"Tupique\" \/>\n<meta name=\"twitter:card\" content=\"summary_large_image\" \/>\n<meta name=\"twitter:label1\" content=\"Tempo estimado de leitura\" \/>\n\t<meta name=\"twitter:data1\" content=\"3 minutos\" \/>\n<script type=\"application\/ld+json\" class=\"yoast-schema-graph\">{\"@context\":\"https:\/\/schema.org\",\"@graph\":[{\"@type\":\"WebPage\",\"@id\":\"https:\/\/tupique.com\/produit\/ordinateur-portable-acer-aspire-go-15-nx-j4geb-01j-156-intel-core-i7-13620h-16-gb-ram-1-tb-ssd\/\",\"url\":\"https:\/\/tupique.com\/produit\/ordinateur-portable-acer-aspire-go-15-nx-j4geb-01j-156-intel-core-i7-13620h-16-gb-ram-1-tb-ssd\/\",\"name\":\"Ordinateur Portable Acer ASPIRE GO 15 (NX.J4GEB.01J) 15,6\\\" Intel Core i7-13620H 16 GB RAM 1 TB SSD - Tupique\",\"isPartOf\":{\"@id\":\"https:\/\/tupique.com\/#website\"},\"primaryImageOfPage\":{\"@id\":\"https:\/\/tupique.com\/produit\/ordinateur-portable-acer-aspire-go-15-nx-j4geb-01j-156-intel-core-i7-13620h-16-gb-ram-1-tb-ssd\/#primaryimage\"},\"image\":{\"@id\":\"https:\/\/tupique.com\/produit\/ordinateur-portable-acer-aspire-go-15-nx-j4geb-01j-156-intel-core-i7-13620h-16-gb-ram-1-tb-ssd\/#primaryimage\"},\"thumbnailUrl\":\"https:\/\/tupique.com\/wp-content\/uploads\/2026\/04\/4711474614544_S0471233_P01.jpg\",\"datePublished\":\"2026-04-09T17:57:33+00:00\",\"description\":\"Vous cherchez Ordinateur Portable Acer ASPIRE GO 15 (NX.J4GEB.01J) 15,6\\\" Intel Core i7-13620H 16 GB RAM 1 TB SSD ? Achetez des produits chez Tupique. Profitez de la livraison gratuite pour obtenir Ordinateur Portable Acer ASPIRE GO 15 (NX.J4GEB.01J) 15,6\\\" Intel Core i7-13620H 16 GB RAM 1 TB SSD d\u00e8s maintenant.\",\"breadcrumb\":{\"@id\":\"https:\/\/tupique.com\/produit\/ordinateur-portable-acer-aspire-go-15-nx-j4geb-01j-156-intel-core-i7-13620h-16-gb-ram-1-tb-ssd\/#breadcrumb\"},\"inLanguage\":\"pt-PT\",\"potentialAction\":[{\"@type\":\"ReadAction\",\"target\":[\"https:\/\/tupique.com\/produit\/ordinateur-portable-acer-aspire-go-15-nx-j4geb-01j-156-intel-core-i7-13620h-16-gb-ram-1-tb-ssd\/\"]}]},{\"@type\":\"ImageObject\",\"inLanguage\":\"pt-PT\",\"@id\":\"https:\/\/tupique.com\/produit\/ordinateur-portable-acer-aspire-go-15-nx-j4geb-01j-156-intel-core-i7-13620h-16-gb-ram-1-tb-ssd\/#primaryimage\",\"url\":\"https:\/\/tupique.com\/wp-content\/uploads\/2026\/04\/4711474614544_S0471233_P01.jpg\",\"contentUrl\":\"https:\/\/tupique.com\/wp-content\/uploads\/2026\/04\/4711474614544_S0471233_P01.jpg\",\"width\":1200,\"height\":1200,\"caption\":\"S0471233_0\"},{\"@type\":\"BreadcrumbList\",\"@id\":\"https:\/\/tupique.com\/produit\/ordinateur-portable-acer-aspire-go-15-nx-j4geb-01j-156-intel-core-i7-13620h-16-gb-ram-1-tb-ssd\/#breadcrumb\",\"itemListElement\":[{\"@type\":\"ListItem\",\"position\":1,\"name\":\"In\u00edcio\",\"item\":\"https:\/\/tupique.com\/\"},{\"@type\":\"ListItem\",\"position\":2,\"name\":\"Boutique\",\"item\":\"https:\/\/tupique.com\/en\/boutique\/\"},{\"@type\":\"ListItem\",\"position\":3,\"name\":\"Ordinateur Portable Acer ASPIRE GO 15 (NX.J4GEB.01J) 15,6&#8243; Intel Core i7-13620H 16 GB RAM 1 TB SSD\"}]},{\"@type\":\"WebSite\",\"@id\":\"https:\/\/tupique.com\/#website\",\"url\":\"https:\/\/tupique.com\/\",\"name\":\"Tupique\",\"description\":\"Marketplace\",\"publisher\":{\"@id\":\"https:\/\/tupique.com\/#organization\"},\"potentialAction\":[{\"@type\":\"SearchAction\",\"target\":{\"@type\":\"EntryPoint\",\"urlTemplate\":\"https:\/\/tupique.com\/?s={search_term_string}\"},\"query-input\":{\"@type\":\"PropertyValueSpecification\",\"valueRequired\":true,\"valueName\":\"search_term_string\"}}],\"inLanguage\":\"pt-PT\"},{\"@type\":\"Organization\",\"@id\":\"https:\/\/tupique.com\/#organization\",\"name\":\"Tupique\",\"url\":\"https:\/\/tupique.com\/\",\"logo\":{\"@type\":\"ImageObject\",\"inLanguage\":\"pt-PT\",\"@id\":\"https:\/\/tupique.com\/#\/schema\/logo\/image\/\",\"url\":\"https:\/\/tupique.com\/wp-content\/uploads\/2024\/09\/logo.png\",\"contentUrl\":\"https:\/\/tupique.com\/wp-content\/uploads\/2024\/09\/logo.png\",\"width\":1118,\"height\":310,\"caption\":\"Tupique\"},\"image\":{\"@id\":\"https:\/\/tupique.com\/#\/schema\/logo\/image\/\"}}]}<\/script>\n<!-- \/ Yoast SEO plugin. -->","yoast_head_json":{"title":"Ordinateur Portable Acer ASPIRE GO 15 (NX.J4GEB.01J) 15,6\" Intel Core i7-13620H 16 GB RAM 1 TB SSD - Tupique","description":"Vous cherchez Ordinateur Portable Acer ASPIRE GO 15 (NX.J4GEB.01J) 15,6\" Intel Core i7-13620H 16 GB RAM 1 TB SSD ? Achetez des produits chez Tupique. Profitez de la livraison gratuite pour obtenir Ordinateur Portable Acer ASPIRE GO 15 (NX.J4GEB.01J) 15,6\" Intel Core i7-13620H 16 GB RAM 1 TB SSD d\u00e8s maintenant.","robots":{"index":"index","follow":"follow","max-snippet":"max-snippet:-1","max-image-preview":"max-image-preview:large","max-video-preview":"max-video-preview:-1"},"canonical":"https:\/\/tupique.com\/pt\/produto\/ordinateur-portable-acer-aspire-go-15-nx-j4geb-01j-156-intel-core-i7-13620h-16-gb-ram-1-tb-ssd\/","og_locale":"pt_PT","og_type":"article","og_title":"Ordinateur Portable Acer ASPIRE GO 15 (NX.J4GEB.01J) 15,6\" Intel Core i7-13620H 16 GB RAM 1 TB SSD - Tupique","og_description":"Vous cherchez Ordinateur Portable Acer ASPIRE GO 15 (NX.J4GEB.01J) 15,6\" Intel Core i7-13620H 16 GB RAM 1 TB SSD ? Achetez des produits chez Tupique. Profitez de la livraison gratuite pour obtenir Ordinateur Portable Acer ASPIRE GO 15 (NX.J4GEB.01J) 15,6\" Intel Core i7-13620H 16 GB RAM 1 TB SSD d\u00e8s maintenant.","og_url":"https:\/\/tupique.com\/pt\/produto\/ordinateur-portable-acer-aspire-go-15-nx-j4geb-01j-156-intel-core-i7-13620h-16-gb-ram-1-tb-ssd\/","og_site_name":"Tupique","twitter_card":"summary_large_image","twitter_misc":{"Tempo estimado de leitura":"3 minutos"},"schema":{"@context":"https:\/\/schema.org","@graph":[{"@type":"WebPage","@id":"https:\/\/tupique.com\/produit\/ordinateur-portable-acer-aspire-go-15-nx-j4geb-01j-156-intel-core-i7-13620h-16-gb-ram-1-tb-ssd\/","url":"https:\/\/tupique.com\/produit\/ordinateur-portable-acer-aspire-go-15-nx-j4geb-01j-156-intel-core-i7-13620h-16-gb-ram-1-tb-ssd\/","name":"Ordinateur Portable Acer ASPIRE GO 15 (NX.J4GEB.01J) 15,6\" Intel Core i7-13620H 16 GB RAM 1 TB SSD - Tupique","isPartOf":{"@id":"https:\/\/tupique.com\/#website"},"primaryImageOfPage":{"@id":"https:\/\/tupique.com\/produit\/ordinateur-portable-acer-aspire-go-15-nx-j4geb-01j-156-intel-core-i7-13620h-16-gb-ram-1-tb-ssd\/#primaryimage"},"image":{"@id":"https:\/\/tupique.com\/produit\/ordinateur-portable-acer-aspire-go-15-nx-j4geb-01j-156-intel-core-i7-13620h-16-gb-ram-1-tb-ssd\/#primaryimage"},"thumbnailUrl":"https:\/\/tupique.com\/wp-content\/uploads\/2026\/04\/4711474614544_S0471233_P01.jpg","datePublished":"2026-04-09T17:57:33+00:00","description":"Vous cherchez Ordinateur Portable Acer ASPIRE GO 15 (NX.J4GEB.01J) 15,6\" Intel Core i7-13620H 16 GB RAM 1 TB SSD ? Achetez des produits chez Tupique. Profitez de la livraison gratuite pour obtenir Ordinateur Portable Acer ASPIRE GO 15 (NX.J4GEB.01J) 15,6\" Intel Core i7-13620H 16 GB RAM 1 TB SSD d\u00e8s maintenant.","breadcrumb":{"@id":"https:\/\/tupique.com\/produit\/ordinateur-portable-acer-aspire-go-15-nx-j4geb-01j-156-intel-core-i7-13620h-16-gb-ram-1-tb-ssd\/#breadcrumb"},"inLanguage":"pt-PT","potentialAction":[{"@type":"ReadAction","target":["https:\/\/tupique.com\/produit\/ordinateur-portable-acer-aspire-go-15-nx-j4geb-01j-156-intel-core-i7-13620h-16-gb-ram-1-tb-ssd\/"]}]},{"@type":"ImageObject","inLanguage":"pt-PT","@id":"https:\/\/tupique.com\/produit\/ordinateur-portable-acer-aspire-go-15-nx-j4geb-01j-156-intel-core-i7-13620h-16-gb-ram-1-tb-ssd\/#primaryimage","url":"https:\/\/tupique.com\/wp-content\/uploads\/2026\/04\/4711474614544_S0471233_P01.jpg","contentUrl":"https:\/\/tupique.com\/wp-content\/uploads\/2026\/04\/4711474614544_S0471233_P01.jpg","width":1200,"height":1200,"caption":"S0471233_0"},{"@type":"BreadcrumbList","@id":"https:\/\/tupique.com\/produit\/ordinateur-portable-acer-aspire-go-15-nx-j4geb-01j-156-intel-core-i7-13620h-16-gb-ram-1-tb-ssd\/#breadcrumb","itemListElement":[{"@type":"ListItem","position":1,"name":"In\u00edcio","item":"https:\/\/tupique.com\/"},{"@type":"ListItem","position":2,"name":"Boutique","item":"https:\/\/tupique.com\/en\/boutique\/"},{"@type":"ListItem","position":3,"name":"Ordinateur Portable Acer ASPIRE GO 15 (NX.J4GEB.01J) 15,6&#8243; Intel Core i7-13620H 16 GB RAM 1 TB SSD"}]},{"@type":"WebSite","@id":"https:\/\/tupique.com\/#website","url":"https:\/\/tupique.com\/","name":"Tupique","description":"Marketplace","publisher":{"@id":"https:\/\/tupique.com\/#organization"},"potentialAction":[{"@type":"SearchAction","target":{"@type":"EntryPoint","urlTemplate":"https:\/\/tupique.com\/?s={search_term_string}"},"query-input":{"@type":"PropertyValueSpecification","valueRequired":true,"valueName":"search_term_string"}}],"inLanguage":"pt-PT"},{"@type":"Organization","@id":"https:\/\/tupique.com\/#organization","name":"Tupique","url":"https:\/\/tupique.com\/","logo":{"@type":"ImageObject","inLanguage":"pt-PT","@id":"https:\/\/tupique.com\/#\/schema\/logo\/image\/","url":"https:\/\/tupique.com\/wp-content\/uploads\/2024\/09\/logo.png","contentUrl":"https:\/\/tupique.com\/wp-content\/uploads\/2024\/09\/logo.png","width":1118,"height":310,"caption":"Tupique"},"image":{"@id":"https:\/\/tupique.com\/#\/schema\/logo\/image\/"}}]}},"jetpack_sharing_enabled":true,"_links":{"self":[{"href":"https:\/\/tupique.com\/pt\/wp-json\/wp\/v2\/product\/4386187","targetHints":{"allow":["GET"]}}],"collection":[{"href":"https:\/\/tupique.com\/pt\/wp-json\/wp\/v2\/product"}],"about":[{"href":"https:\/\/tupique.com\/pt\/wp-json\/wp\/v2\/types\/product"}],"replies":[{"embeddable":true,"href":"https:\/\/tupique.com\/pt\/wp-json\/wp\/v2\/comments?post=4386187"}],"wp:featuredmedia":[{"embeddable":true,"href":"https:\/\/tupique.com\/pt\/wp-json\/wp\/v2\/media\/4386182"}],"wp:attachment":[{"href":"https:\/\/tupique.com\/pt\/wp-json\/wp\/v2\/media?parent=4386187"}],"wp:term":[{"taxonomy":"product_brand","embeddable":true,"href":"https:\/\/tupique.com\/pt\/wp-json\/wp\/v2\/product_brand?post=4386187"},{"taxonomy":"product_cat","embeddable":true,"href":"https:\/\/tupique.com\/pt\/wp-json\/wp\/v2\/product_cat?post=4386187"},{"taxonomy":"product_tag","embeddable":true,"href":"https:\/\/tupique.com\/pt\/wp-json\/wp\/v2\/product_tag?post=4386187"}],"curies":[{"name":"wp","href":"https:\/\/api.w.org\/{rel}","templated":true}]}}