{"id":4386329,"date":"2026-04-09T19:00:48","date_gmt":"2026-04-09T18:00:48","guid":{"rendered":"https:\/\/tupique.com\/produit\/smartphone-xiaomi-17-5g-63-octa-core-12-gb-ram-512-gb-bleu\/"},"modified":"2026-04-09T19:00:48","modified_gmt":"2026-04-09T18:00:48","slug":"smartphone-xiaomi-17-5g-63-octa-core-12-gb-ram-512-gb-bleu","status":"publish","type":"product","link":"https:\/\/tupique.com\/pt\/produto\/smartphone-xiaomi-17-5g-63-octa-core-12-gb-ram-512-gb-bleu\/","title":{"rendered":"Smartphone Xiaomi 17 5G 6,3&#8243; Octa Core 12 GB RAM 512 GB Bleu"},"content":{"rendered":"<p>Se \u00e9 apaixonado por\u2019<b>inform\u00e1tica e eletr\u00f3nica<\/b>, Se est\u00e1 na vanguarda da tecnologia e n\u00e3o quer perder nada, compre <b>Smartphone Xiaomi 17 5G 6,3&#8243; Octa Core 12 GB RAM 512 GB Bleu<\/b> ao melhor pre\u00e7o.<\/p>\n<ul>\n<li>Diagonale de l&#8217;\u00e9cran (cm): 16 cm<\/li>\n<li>Tipo: Smartphone<\/li>\n<li>Produto de encaixe: Sim<\/li>\n<li>Tipo de tomada: tomada UE<\/li>\n<li>Bloc d\u2019Alimentation: r\u00e9seau \u00e9lectrique<\/li>\n<li>Tecnologia: OLED<\/li>\n<li>Ecran: 6,3&#8243;<\/li>\n<li>Sistema operativo: Android<\/li>\n<li>pot\u00eancia: 100 W<\/li>\n<li>Conectividade:\n<ul>\n<li>Wi-Fi<\/li>\n<li>NFC<\/li>\n<li>Bluetooth<\/li>\n<li>5G<\/li>\n<\/ul>\n<\/li>\n<li>C\u00e2mara: 50 Mp<\/li>\n<li>Liga\u00e7\u00f5es: USB-C<\/li>\n<li>Processeur: Octa Core<\/li>\n<li>Mem\u00f3ria RAM: 12 GB de RAM<\/li>\n<li>Mem\u00f3ria interna: 512 GB<\/li>\n<li>Cor: azul<\/li>\n<li>Carater\u00edsticas:\n<ul>\n<li>Resistente \u00e0 \u00e1gua<\/li>\n<li>GPS<\/li>\n<li>C\u00e2mara frontal<\/li>\n<li>Grava\u00e7\u00e3o de v\u00eddeo<\/li>\n<li>Ecr\u00e3 t\u00e1til<\/li>\n<li>C\u00e2mara<\/li>\n<li>Carregamento sem fios<\/li>\n<li>eSIM<\/li>\n<li>Girosc\u00f3pio<\/li>\n<li>MMS<\/li>\n<li>Ecr\u00e3 OLED<\/li>\n<li>R\u00e9sistant \u00e0 l&#8217;eau et \u00e0 la poussi\u00e8re<\/li>\n<li>Sensor de reconhecimento facial<\/li>\n<li>Videochamada<\/li>\n<li>Altifalante<\/li>\n<li>Monitor do sono<\/li>\n<li>Dual SIM<\/li>\n<li>USB<\/li>\n<li>Wi-Fi<\/li>\n<li>Bateria recarreg\u00e1vel<\/li>\n<li>Microfone incorporado<\/li>\n<li>Vibra\u00e7\u00e3o<\/li>\n<li>R\u00e9duction du bruit<\/li>\n<li>Equalizer<\/li>\n<li>Apoio<\/li>\n<li>Fente pour cartes SD<\/li>\n<li>HD<\/li>\n<li>Controlo por voz<\/li>\n<li>HDR<\/li>\n<li>M\u00fasica<\/li>\n<li>Apple Pay<\/li>\n<li>Touch ID<\/li>\n<li>Appareil photo int\u00e9gr\u00e9<\/li>\n<li>Bateria<\/li>\n<li>Ecr\u00e3<\/li>\n<li>Sensor \u00f3tico<\/li>\n<li>Protetor de ecr\u00e3<\/li>\n<li>Resist\u00eancia ao choque<\/li>\n<li>\u00c0 prova de salpicos<\/li>\n<li>Universal<\/li>\n<li>Sem fios<\/li>\n<li>Ecr\u00e3 integrado<\/li>\n<li>Int\u00e9rieur<\/li>\n<li>Garantia<\/li>\n<li>Ecr\u00e3 a cores<\/li>\n<li>Est\u00e9reo<\/li>\n<li>Altifalantes<\/li>\n<li>Enregistrement vocal<\/li>\n<li>GSM<\/li>\n<li>Full HD<\/li>\n<li>Android<\/li>\n<li>Interface USB<\/li>\n<li>Guia de instala\u00e7\u00e3o inclu\u00eddo<\/li>\n<li>Lecteur de Cartes<\/li>\n<li>Fun\u00e7\u00f5es de m\u00e3os livres<\/li>\n<li>Design moderno e ergon\u00f3mico<\/li>\n<li>Google Play<\/li>\n<li>Carregamento r\u00e1pido e fi\u00e1vel<\/li>\n<li>SMS<\/li>\n<li>Luz de lanterna<\/li>\n<li>Chargeur sans fil<\/li>\n<li>M\u00e3os livres<\/li>\n<li>Sistema de reconhecimento facial<\/li>\n<li>Assistente Google<\/li>\n<li>Bot\u00f5es de controlo integrados<\/li>\n<li>MP3<\/li>\n<li>Base de carga<\/li>\n<li>Estabilizador de imagem<\/li>\n<li>Bluetooth 4.2<\/li>\n<li>Resistente \u00e0 calha<\/li>\n<li>Bot\u00f5es de navega\u00e7\u00e3o<\/li>\n<li>Tato<\/li>\n<li>Sensores<\/li>\n<li>Mem\u00f3ria<\/li>\n<li>Webcam<\/li>\n<li>Leitor de impress\u00f5es digitais<\/li>\n<li>Prote\u00e7\u00e3o de dados\/palavra-passe<\/li>\n<li>Adaptateur graphique int\u00e9gr\u00e9<\/li>\n<li>Liga\u00e7\u00e3o \u00e0 rede m\u00f3vel<\/li>\n<li>Bateria integrada<\/li>\n<li>Modo noturno<\/li>\n<li>Navega\u00e7\u00e3o<\/li>\n<li>Altifalantes integrados<\/li>\n<li>Carregamento r\u00e1pido<\/li>\n<li>Haute performance<\/li>\n<li>C\u00e2mara traseira<\/li>\n<li>Sensor de proximidade<\/li>\n<li>\u00c9lev\u00e9<\/li>\n<li>Cores<\/li>\n<li>Escudo cer\u00e2mico<\/li>\n<li>Vidro Gorila<\/li>\n<li>Ecr\u00e3 com cantos arredondados<\/li>\n<li>Vidro Panda<\/li>\n<li>Volume ajust\u00e1vel<\/li>\n<li>Avant<\/li>\n<li>Ecr\u00e3 plano<\/li>\n<\/ul>\n<\/li>\n<li>SIM: Dual SIM<\/li>\n<li>Capacit\u00e9 de la batterie: 6300 mAh<\/li>\n<\/ul>","protected":false},"excerpt":{"rendered":"<p>Si vous \u00eates passionn\u00e9 d&#8217;informatique et d&#8217;\u00e9lectronique, si vous \u00eates \u00e0 la pointe de la technologie et qu&#8217;aucun d\u00e9tail ne<\/p>","protected":false},"featured_media":4386324,"comment_status":"open","ping_status":"closed","template":"","meta":{"_joinchat":[]},"product_brand":[157890],"product_cat":[157523,157516,157524],"product_tag":[157514,157522,157515],"class_list":{"0":"post-4386329","1":"product","2":"type-product","3":"status-publish","4":"has-post-thumbnail","6":"product_brand-brandp_1269","7":"product_cat-electronique-telephonie-et-tablettes","8":"product_cat-informatique-electronique","9":"product_cat-telephones-portables","10":"product_tag-tag_933","11":"product_tag-tag_547","12":"product_tag-tag_1295","14":"first","15":"instock","16":"taxable","17":"shipping-taxable","18":"purchasable","19":"product-type-simple"},"yoast_head":"<!-- This site is optimized with the Yoast SEO plugin v27.2 - https:\/\/yoast.com\/product\/yoast-seo-wordpress\/ -->\n<title>Smartphone Xiaomi 17 5G 6,3&quot; Octa Core 12 GB RAM 512 GB Bleu - Tupique<\/title>\n<meta name=\"description\" content=\"Vous cherchez Smartphone Xiaomi 17 5G 6,3&quot; Octa Core 12 GB RAM 512 GB Bleu ? Achetez des produits chez Tupique. Profitez de la livraison gratuite pour obtenir Smartphone Xiaomi 17 5G 6,3&quot; Octa Core 12 GB RAM 512 GB Bleu d\u00e8s maintenant.\" \/>\n<meta name=\"robots\" content=\"index, follow, max-snippet:-1, max-image-preview:large, max-video-preview:-1\" \/>\n<link rel=\"canonical\" href=\"https:\/\/tupique.com\/pt\/produto\/smartphone-xiaomi-17-5g-63-octa-core-12-gb-ram-512-gb-bleu\/\" \/>\n<meta property=\"og:locale\" content=\"pt_PT\" \/>\n<meta property=\"og:type\" content=\"article\" \/>\n<meta property=\"og:title\" content=\"Smartphone Xiaomi 17 5G 6,3&quot; Octa Core 12 GB RAM 512 GB Bleu - Tupique\" \/>\n<meta property=\"og:description\" content=\"Vous cherchez Smartphone Xiaomi 17 5G 6,3&quot; Octa Core 12 GB RAM 512 GB Bleu ? Achetez des produits chez Tupique. Profitez de la livraison gratuite pour obtenir Smartphone Xiaomi 17 5G 6,3&quot; Octa Core 12 GB RAM 512 GB Bleu d\u00e8s maintenant.\" \/>\n<meta property=\"og:url\" content=\"https:\/\/tupique.com\/pt\/produto\/smartphone-xiaomi-17-5g-63-octa-core-12-gb-ram-512-gb-bleu\/\" \/>\n<meta property=\"og:site_name\" content=\"Tupique\" \/>\n<meta name=\"twitter:card\" content=\"summary_large_image\" \/>\n<meta name=\"twitter:label1\" content=\"Tempo estimado de leitura\" \/>\n\t<meta name=\"twitter:data1\" content=\"1 minuto\" \/>\n<script type=\"application\/ld+json\" class=\"yoast-schema-graph\">{\"@context\":\"https:\/\/schema.org\",\"@graph\":[{\"@type\":\"WebPage\",\"@id\":\"https:\/\/tupique.com\/produit\/smartphone-xiaomi-17-5g-63-octa-core-12-gb-ram-512-gb-bleu\/\",\"url\":\"https:\/\/tupique.com\/produit\/smartphone-xiaomi-17-5g-63-octa-core-12-gb-ram-512-gb-bleu\/\",\"name\":\"Smartphone Xiaomi 17 5G 6,3\\\" Octa Core 12 GB RAM 512 GB Bleu - Tupique\",\"isPartOf\":{\"@id\":\"https:\/\/tupique.com\/#website\"},\"primaryImageOfPage\":{\"@id\":\"https:\/\/tupique.com\/produit\/smartphone-xiaomi-17-5g-63-octa-core-12-gb-ram-512-gb-bleu\/#primaryimage\"},\"image\":{\"@id\":\"https:\/\/tupique.com\/produit\/smartphone-xiaomi-17-5g-63-octa-core-12-gb-ram-512-gb-bleu\/#primaryimage\"},\"thumbnailUrl\":\"https:\/\/tupique.com\/wp-content\/uploads\/2026\/04\/6932554483418_M0807494_P00.jpg\",\"datePublished\":\"2026-04-09T18:00:48+00:00\",\"description\":\"Vous cherchez Smartphone Xiaomi 17 5G 6,3\\\" Octa Core 12 GB RAM 512 GB Bleu ? Achetez des produits chez Tupique. Profitez de la livraison gratuite pour obtenir Smartphone Xiaomi 17 5G 6,3\\\" Octa Core 12 GB RAM 512 GB Bleu d\u00e8s maintenant.\",\"breadcrumb\":{\"@id\":\"https:\/\/tupique.com\/produit\/smartphone-xiaomi-17-5g-63-octa-core-12-gb-ram-512-gb-bleu\/#breadcrumb\"},\"inLanguage\":\"pt-PT\",\"potentialAction\":[{\"@type\":\"ReadAction\",\"target\":[\"https:\/\/tupique.com\/produit\/smartphone-xiaomi-17-5g-63-octa-core-12-gb-ram-512-gb-bleu\/\"]}]},{\"@type\":\"ImageObject\",\"inLanguage\":\"pt-PT\",\"@id\":\"https:\/\/tupique.com\/produit\/smartphone-xiaomi-17-5g-63-octa-core-12-gb-ram-512-gb-bleu\/#primaryimage\",\"url\":\"https:\/\/tupique.com\/wp-content\/uploads\/2026\/04\/6932554483418_M0807494_P00.jpg\",\"contentUrl\":\"https:\/\/tupique.com\/wp-content\/uploads\/2026\/04\/6932554483418_M0807494_P00.jpg\",\"width\":1200,\"height\":1200,\"caption\":\"M0807494_0\"},{\"@type\":\"BreadcrumbList\",\"@id\":\"https:\/\/tupique.com\/produit\/smartphone-xiaomi-17-5g-63-octa-core-12-gb-ram-512-gb-bleu\/#breadcrumb\",\"itemListElement\":[{\"@type\":\"ListItem\",\"position\":1,\"name\":\"In\u00edcio\",\"item\":\"https:\/\/tupique.com\/\"},{\"@type\":\"ListItem\",\"position\":2,\"name\":\"Boutique\",\"item\":\"https:\/\/tupique.com\/en\/boutique\/\"},{\"@type\":\"ListItem\",\"position\":3,\"name\":\"Smartphone Xiaomi 17 5G 6,3&#8243; Octa Core 12 GB RAM 512 GB Bleu\"}]},{\"@type\":\"WebSite\",\"@id\":\"https:\/\/tupique.com\/#website\",\"url\":\"https:\/\/tupique.com\/\",\"name\":\"Tupique\",\"description\":\"Marketplace\",\"publisher\":{\"@id\":\"https:\/\/tupique.com\/#organization\"},\"potentialAction\":[{\"@type\":\"SearchAction\",\"target\":{\"@type\":\"EntryPoint\",\"urlTemplate\":\"https:\/\/tupique.com\/?s={search_term_string}\"},\"query-input\":{\"@type\":\"PropertyValueSpecification\",\"valueRequired\":true,\"valueName\":\"search_term_string\"}}],\"inLanguage\":\"pt-PT\"},{\"@type\":\"Organization\",\"@id\":\"https:\/\/tupique.com\/#organization\",\"name\":\"Tupique\",\"url\":\"https:\/\/tupique.com\/\",\"logo\":{\"@type\":\"ImageObject\",\"inLanguage\":\"pt-PT\",\"@id\":\"https:\/\/tupique.com\/#\/schema\/logo\/image\/\",\"url\":\"https:\/\/tupique.com\/wp-content\/uploads\/2024\/09\/logo.png\",\"contentUrl\":\"https:\/\/tupique.com\/wp-content\/uploads\/2024\/09\/logo.png\",\"width\":1118,\"height\":310,\"caption\":\"Tupique\"},\"image\":{\"@id\":\"https:\/\/tupique.com\/#\/schema\/logo\/image\/\"}}]}<\/script>\n<!-- \/ Yoast SEO plugin. -->","yoast_head_json":{"title":"Smartphone Xiaomi 17 5G 6,3\" Octa Core 12 GB RAM 512 GB Bleu - Tupique","description":"Vous cherchez Smartphone Xiaomi 17 5G 6,3\" Octa Core 12 GB RAM 512 GB Bleu ? Achetez des produits chez Tupique. Profitez de la livraison gratuite pour obtenir Smartphone Xiaomi 17 5G 6,3\" Octa Core 12 GB RAM 512 GB Bleu d\u00e8s maintenant.","robots":{"index":"index","follow":"follow","max-snippet":"max-snippet:-1","max-image-preview":"max-image-preview:large","max-video-preview":"max-video-preview:-1"},"canonical":"https:\/\/tupique.com\/pt\/produto\/smartphone-xiaomi-17-5g-63-octa-core-12-gb-ram-512-gb-bleu\/","og_locale":"pt_PT","og_type":"article","og_title":"Smartphone Xiaomi 17 5G 6,3\" Octa Core 12 GB RAM 512 GB Bleu - Tupique","og_description":"Vous cherchez Smartphone Xiaomi 17 5G 6,3\" Octa Core 12 GB RAM 512 GB Bleu ? Achetez des produits chez Tupique. Profitez de la livraison gratuite pour obtenir Smartphone Xiaomi 17 5G 6,3\" Octa Core 12 GB RAM 512 GB Bleu d\u00e8s maintenant.","og_url":"https:\/\/tupique.com\/pt\/produto\/smartphone-xiaomi-17-5g-63-octa-core-12-gb-ram-512-gb-bleu\/","og_site_name":"Tupique","twitter_card":"summary_large_image","twitter_misc":{"Tempo estimado de leitura":"1 minuto"},"schema":{"@context":"https:\/\/schema.org","@graph":[{"@type":"WebPage","@id":"https:\/\/tupique.com\/produit\/smartphone-xiaomi-17-5g-63-octa-core-12-gb-ram-512-gb-bleu\/","url":"https:\/\/tupique.com\/produit\/smartphone-xiaomi-17-5g-63-octa-core-12-gb-ram-512-gb-bleu\/","name":"Smartphone Xiaomi 17 5G 6,3\" Octa Core 12 GB RAM 512 GB Bleu - Tupique","isPartOf":{"@id":"https:\/\/tupique.com\/#website"},"primaryImageOfPage":{"@id":"https:\/\/tupique.com\/produit\/smartphone-xiaomi-17-5g-63-octa-core-12-gb-ram-512-gb-bleu\/#primaryimage"},"image":{"@id":"https:\/\/tupique.com\/produit\/smartphone-xiaomi-17-5g-63-octa-core-12-gb-ram-512-gb-bleu\/#primaryimage"},"thumbnailUrl":"https:\/\/tupique.com\/wp-content\/uploads\/2026\/04\/6932554483418_M0807494_P00.jpg","datePublished":"2026-04-09T18:00:48+00:00","description":"Vous cherchez Smartphone Xiaomi 17 5G 6,3\" Octa Core 12 GB RAM 512 GB Bleu ? Achetez des produits chez Tupique. Profitez de la livraison gratuite pour obtenir Smartphone Xiaomi 17 5G 6,3\" Octa Core 12 GB RAM 512 GB Bleu d\u00e8s maintenant.","breadcrumb":{"@id":"https:\/\/tupique.com\/produit\/smartphone-xiaomi-17-5g-63-octa-core-12-gb-ram-512-gb-bleu\/#breadcrumb"},"inLanguage":"pt-PT","potentialAction":[{"@type":"ReadAction","target":["https:\/\/tupique.com\/produit\/smartphone-xiaomi-17-5g-63-octa-core-12-gb-ram-512-gb-bleu\/"]}]},{"@type":"ImageObject","inLanguage":"pt-PT","@id":"https:\/\/tupique.com\/produit\/smartphone-xiaomi-17-5g-63-octa-core-12-gb-ram-512-gb-bleu\/#primaryimage","url":"https:\/\/tupique.com\/wp-content\/uploads\/2026\/04\/6932554483418_M0807494_P00.jpg","contentUrl":"https:\/\/tupique.com\/wp-content\/uploads\/2026\/04\/6932554483418_M0807494_P00.jpg","width":1200,"height":1200,"caption":"M0807494_0"},{"@type":"BreadcrumbList","@id":"https:\/\/tupique.com\/produit\/smartphone-xiaomi-17-5g-63-octa-core-12-gb-ram-512-gb-bleu\/#breadcrumb","itemListElement":[{"@type":"ListItem","position":1,"name":"In\u00edcio","item":"https:\/\/tupique.com\/"},{"@type":"ListItem","position":2,"name":"Boutique","item":"https:\/\/tupique.com\/en\/boutique\/"},{"@type":"ListItem","position":3,"name":"Smartphone Xiaomi 17 5G 6,3&#8243; Octa Core 12 GB RAM 512 GB Bleu"}]},{"@type":"WebSite","@id":"https:\/\/tupique.com\/#website","url":"https:\/\/tupique.com\/","name":"Tupique","description":"Marketplace","publisher":{"@id":"https:\/\/tupique.com\/#organization"},"potentialAction":[{"@type":"SearchAction","target":{"@type":"EntryPoint","urlTemplate":"https:\/\/tupique.com\/?s={search_term_string}"},"query-input":{"@type":"PropertyValueSpecification","valueRequired":true,"valueName":"search_term_string"}}],"inLanguage":"pt-PT"},{"@type":"Organization","@id":"https:\/\/tupique.com\/#organization","name":"Tupique","url":"https:\/\/tupique.com\/","logo":{"@type":"ImageObject","inLanguage":"pt-PT","@id":"https:\/\/tupique.com\/#\/schema\/logo\/image\/","url":"https:\/\/tupique.com\/wp-content\/uploads\/2024\/09\/logo.png","contentUrl":"https:\/\/tupique.com\/wp-content\/uploads\/2024\/09\/logo.png","width":1118,"height":310,"caption":"Tupique"},"image":{"@id":"https:\/\/tupique.com\/#\/schema\/logo\/image\/"}}]}},"jetpack_sharing_enabled":true,"_links":{"self":[{"href":"https:\/\/tupique.com\/pt\/wp-json\/wp\/v2\/product\/4386329","targetHints":{"allow":["GET"]}}],"collection":[{"href":"https:\/\/tupique.com\/pt\/wp-json\/wp\/v2\/product"}],"about":[{"href":"https:\/\/tupique.com\/pt\/wp-json\/wp\/v2\/types\/product"}],"replies":[{"embeddable":true,"href":"https:\/\/tupique.com\/pt\/wp-json\/wp\/v2\/comments?post=4386329"}],"wp:featuredmedia":[{"embeddable":true,"href":"https:\/\/tupique.com\/pt\/wp-json\/wp\/v2\/media\/4386324"}],"wp:attachment":[{"href":"https:\/\/tupique.com\/pt\/wp-json\/wp\/v2\/media?parent=4386329"}],"wp:term":[{"taxonomy":"product_brand","embeddable":true,"href":"https:\/\/tupique.com\/pt\/wp-json\/wp\/v2\/product_brand?post=4386329"},{"taxonomy":"product_cat","embeddable":true,"href":"https:\/\/tupique.com\/pt\/wp-json\/wp\/v2\/product_cat?post=4386329"},{"taxonomy":"product_tag","embeddable":true,"href":"https:\/\/tupique.com\/pt\/wp-json\/wp\/v2\/product_tag?post=4386329"}],"curies":[{"name":"wp","href":"https:\/\/api.w.org\/{rel}","templated":true}]}}