{"id":4386484,"date":"2026-04-09T22:56:20","date_gmt":"2026-04-09T21:56:20","guid":{"rendered":"https:\/\/tupique.com\/produit\/tablette-xiaomi-pad-8-112-octa-core-8-gb-ram-256-gb-vert\/"},"modified":"2026-04-09T22:56:20","modified_gmt":"2026-04-09T21:56:20","slug":"tablette-xiaomi-pad-8-112-octa-core-8-gb-ram-256-gb-vert","status":"publish","type":"product","link":"https:\/\/tupique.com\/pt\/produto\/tablette-xiaomi-pad-8-112-octa-core-8-gb-ram-256-gb-vert\/","title":{"rendered":"Tablette Xiaomi Pad 8 11,2&#8243; Octa Core 8 GB RAM 256 GB Vert"},"content":{"rendered":"<p>Se est\u00e1 \u00e0 procura das \u00faltimas tend\u00eancias do mercado, temos tudo o que precisa. <b>Tablette Xiaomi Pad 8 11,2&#8243; Octa Core 8 GB RAM 256 GB Vert<\/b> !<\/p>\n<ul>\n<li>Diagonale de l&#8217;\u00e9cran (cm): 28,4 cm<\/li>\n<li>Type: Tablette<\/li>\n<li>Produto de encaixe: Sim<\/li>\n<li>Tipo de tomada: tomada UE<\/li>\n<li>Bloc d\u2019Alimentation: r\u00e9seau \u00e9lectrique<\/li>\n<li>Technologie: IPS LCD<\/li>\n<li>Sistema operativo: Android<\/li>\n<li>Conectividade: Wi-Fi<\/li>\n<li>C\u00e2mara:\n<ul>\n<li>8 mpx<\/li>\n<li>13 mpx<\/li>\n<\/ul>\n<\/li>\n<li>Liga\u00e7\u00f5es: USB-C<\/li>\n<li>Ecran: 11,2&#8243;<\/li>\n<li>Processeur: Octa Core<\/li>\n<li>Mem\u00f3ria RAM: 8 GB de RAM<\/li>\n<li>Mem\u00f3ria interna: 256 GB<\/li>\n<li>Cor: verde<\/li>\n<li>Type de stockage: SSD<\/li>\n<\/ul>","protected":false},"excerpt":{"rendered":"<p>Si vous \u00eates \u00e0 la recherche de nouvelles tendances sur le march\u00e9, nous vous pr\u00e9sentons Tablette Xiaomi Pad 8 11,2&#8243;<\/p>","protected":false},"featured_media":4386479,"comment_status":"open","ping_status":"closed","template":"","meta":{"_joinchat":[]},"product_brand":[157890],"product_cat":[157523,157516,157560],"product_tag":[157522,157515],"class_list":{"0":"post-4386484","1":"product","2":"type-product","3":"status-publish","4":"has-post-thumbnail","6":"product_brand-brandp_1269","7":"product_cat-electronique-telephonie-et-tablettes","8":"product_cat-informatique-electronique","9":"product_cat-tablettes","10":"product_tag-tag_547","11":"product_tag-tag_1295","13":"first","14":"instock","15":"taxable","16":"shipping-taxable","17":"purchasable","18":"product-type-simple"},"yoast_head":"<!-- This site is optimized with the Yoast SEO plugin v27.2 - https:\/\/yoast.com\/product\/yoast-seo-wordpress\/ -->\n<title>Tablette Xiaomi Pad 8 11,2&quot; Octa Core 8 GB RAM 256 GB Vert - Tupique<\/title>\n<meta name=\"description\" content=\"Vous cherchez Tablette Xiaomi Pad 8 11,2&quot; Octa Core 8 GB RAM 256 GB Vert ? Achetez des produits chez Tupique. Profitez de la livraison gratuite pour obtenir Tablette Xiaomi Pad 8 11,2&quot; Octa Core 8 GB RAM 256 GB Vert d\u00e8s maintenant.\" \/>\n<meta name=\"robots\" content=\"index, follow, max-snippet:-1, max-image-preview:large, max-video-preview:-1\" \/>\n<link rel=\"canonical\" href=\"https:\/\/tupique.com\/pt\/produto\/tablette-xiaomi-pad-8-112-octa-core-8-gb-ram-256-gb-vert\/\" \/>\n<meta property=\"og:locale\" content=\"pt_PT\" \/>\n<meta property=\"og:type\" content=\"article\" \/>\n<meta property=\"og:title\" content=\"Tablette Xiaomi Pad 8 11,2&quot; Octa Core 8 GB RAM 256 GB Vert - Tupique\" \/>\n<meta property=\"og:description\" content=\"Vous cherchez Tablette Xiaomi Pad 8 11,2&quot; Octa Core 8 GB RAM 256 GB Vert ? Achetez des produits chez Tupique. Profitez de la livraison gratuite pour obtenir Tablette Xiaomi Pad 8 11,2&quot; Octa Core 8 GB RAM 256 GB Vert d\u00e8s maintenant.\" \/>\n<meta property=\"og:url\" content=\"https:\/\/tupique.com\/pt\/produto\/tablette-xiaomi-pad-8-112-octa-core-8-gb-ram-256-gb-vert\/\" \/>\n<meta property=\"og:site_name\" content=\"Tupique\" \/>\n<meta name=\"twitter:card\" content=\"summary_large_image\" \/>\n<script type=\"application\/ld+json\" class=\"yoast-schema-graph\">{\"@context\":\"https:\/\/schema.org\",\"@graph\":[{\"@type\":\"WebPage\",\"@id\":\"https:\/\/tupique.com\/produit\/tablette-xiaomi-pad-8-112-octa-core-8-gb-ram-256-gb-vert\/\",\"url\":\"https:\/\/tupique.com\/produit\/tablette-xiaomi-pad-8-112-octa-core-8-gb-ram-256-gb-vert\/\",\"name\":\"Tablette Xiaomi Pad 8 11,2\\\" Octa Core 8 GB RAM 256 GB Vert - Tupique\",\"isPartOf\":{\"@id\":\"https:\/\/tupique.com\/#website\"},\"primaryImageOfPage\":{\"@id\":\"https:\/\/tupique.com\/produit\/tablette-xiaomi-pad-8-112-octa-core-8-gb-ram-256-gb-vert\/#primaryimage\"},\"image\":{\"@id\":\"https:\/\/tupique.com\/produit\/tablette-xiaomi-pad-8-112-octa-core-8-gb-ram-256-gb-vert\/#primaryimage\"},\"thumbnailUrl\":\"https:\/\/tupique.com\/wp-content\/uploads\/2026\/04\/6932554473136_M0807519_P00.jpg\",\"datePublished\":\"2026-04-09T21:56:20+00:00\",\"description\":\"Vous cherchez Tablette Xiaomi Pad 8 11,2\\\" Octa Core 8 GB RAM 256 GB Vert ? Achetez des produits chez Tupique. Profitez de la livraison gratuite pour obtenir Tablette Xiaomi Pad 8 11,2\\\" Octa Core 8 GB RAM 256 GB Vert d\u00e8s maintenant.\",\"breadcrumb\":{\"@id\":\"https:\/\/tupique.com\/produit\/tablette-xiaomi-pad-8-112-octa-core-8-gb-ram-256-gb-vert\/#breadcrumb\"},\"inLanguage\":\"pt-PT\",\"potentialAction\":[{\"@type\":\"ReadAction\",\"target\":[\"https:\/\/tupique.com\/produit\/tablette-xiaomi-pad-8-112-octa-core-8-gb-ram-256-gb-vert\/\"]}]},{\"@type\":\"ImageObject\",\"inLanguage\":\"pt-PT\",\"@id\":\"https:\/\/tupique.com\/produit\/tablette-xiaomi-pad-8-112-octa-core-8-gb-ram-256-gb-vert\/#primaryimage\",\"url\":\"https:\/\/tupique.com\/wp-content\/uploads\/2026\/04\/6932554473136_M0807519_P00.jpg\",\"contentUrl\":\"https:\/\/tupique.com\/wp-content\/uploads\/2026\/04\/6932554473136_M0807519_P00.jpg\",\"width\":1200,\"height\":1200,\"caption\":\"M0807519_0\"},{\"@type\":\"BreadcrumbList\",\"@id\":\"https:\/\/tupique.com\/produit\/tablette-xiaomi-pad-8-112-octa-core-8-gb-ram-256-gb-vert\/#breadcrumb\",\"itemListElement\":[{\"@type\":\"ListItem\",\"position\":1,\"name\":\"In\u00edcio\",\"item\":\"https:\/\/tupique.com\/\"},{\"@type\":\"ListItem\",\"position\":2,\"name\":\"Boutique\",\"item\":\"https:\/\/tupique.com\/en\/boutique\/\"},{\"@type\":\"ListItem\",\"position\":3,\"name\":\"Tablette Xiaomi Pad 8 11,2&#8243; Octa Core 8 GB RAM 256 GB Vert\"}]},{\"@type\":\"WebSite\",\"@id\":\"https:\/\/tupique.com\/#website\",\"url\":\"https:\/\/tupique.com\/\",\"name\":\"Tupique\",\"description\":\"Marketplace\",\"publisher\":{\"@id\":\"https:\/\/tupique.com\/#organization\"},\"potentialAction\":[{\"@type\":\"SearchAction\",\"target\":{\"@type\":\"EntryPoint\",\"urlTemplate\":\"https:\/\/tupique.com\/?s={search_term_string}\"},\"query-input\":{\"@type\":\"PropertyValueSpecification\",\"valueRequired\":true,\"valueName\":\"search_term_string\"}}],\"inLanguage\":\"pt-PT\"},{\"@type\":\"Organization\",\"@id\":\"https:\/\/tupique.com\/#organization\",\"name\":\"Tupique\",\"url\":\"https:\/\/tupique.com\/\",\"logo\":{\"@type\":\"ImageObject\",\"inLanguage\":\"pt-PT\",\"@id\":\"https:\/\/tupique.com\/#\/schema\/logo\/image\/\",\"url\":\"https:\/\/tupique.com\/wp-content\/uploads\/2024\/09\/logo.png\",\"contentUrl\":\"https:\/\/tupique.com\/wp-content\/uploads\/2024\/09\/logo.png\",\"width\":1118,\"height\":310,\"caption\":\"Tupique\"},\"image\":{\"@id\":\"https:\/\/tupique.com\/#\/schema\/logo\/image\/\"}}]}<\/script>\n<!-- \/ Yoast SEO plugin. -->","yoast_head_json":{"title":"Tablette Xiaomi Pad 8 11,2\" Octa Core 8 GB RAM 256 GB Vert - Tupique","description":"Vous cherchez Tablette Xiaomi Pad 8 11,2\" Octa Core 8 GB RAM 256 GB Vert ? Achetez des produits chez Tupique. Profitez de la livraison gratuite pour obtenir Tablette Xiaomi Pad 8 11,2\" Octa Core 8 GB RAM 256 GB Vert d\u00e8s maintenant.","robots":{"index":"index","follow":"follow","max-snippet":"max-snippet:-1","max-image-preview":"max-image-preview:large","max-video-preview":"max-video-preview:-1"},"canonical":"https:\/\/tupique.com\/pt\/produto\/tablette-xiaomi-pad-8-112-octa-core-8-gb-ram-256-gb-vert\/","og_locale":"pt_PT","og_type":"article","og_title":"Tablette Xiaomi Pad 8 11,2\" Octa Core 8 GB RAM 256 GB Vert - Tupique","og_description":"Vous cherchez Tablette Xiaomi Pad 8 11,2\" Octa Core 8 GB RAM 256 GB Vert ? Achetez des produits chez Tupique. Profitez de la livraison gratuite pour obtenir Tablette Xiaomi Pad 8 11,2\" Octa Core 8 GB RAM 256 GB Vert d\u00e8s maintenant.","og_url":"https:\/\/tupique.com\/pt\/produto\/tablette-xiaomi-pad-8-112-octa-core-8-gb-ram-256-gb-vert\/","og_site_name":"Tupique","twitter_card":"summary_large_image","schema":{"@context":"https:\/\/schema.org","@graph":[{"@type":"WebPage","@id":"https:\/\/tupique.com\/produit\/tablette-xiaomi-pad-8-112-octa-core-8-gb-ram-256-gb-vert\/","url":"https:\/\/tupique.com\/produit\/tablette-xiaomi-pad-8-112-octa-core-8-gb-ram-256-gb-vert\/","name":"Tablette Xiaomi Pad 8 11,2\" Octa Core 8 GB RAM 256 GB Vert - Tupique","isPartOf":{"@id":"https:\/\/tupique.com\/#website"},"primaryImageOfPage":{"@id":"https:\/\/tupique.com\/produit\/tablette-xiaomi-pad-8-112-octa-core-8-gb-ram-256-gb-vert\/#primaryimage"},"image":{"@id":"https:\/\/tupique.com\/produit\/tablette-xiaomi-pad-8-112-octa-core-8-gb-ram-256-gb-vert\/#primaryimage"},"thumbnailUrl":"https:\/\/tupique.com\/wp-content\/uploads\/2026\/04\/6932554473136_M0807519_P00.jpg","datePublished":"2026-04-09T21:56:20+00:00","description":"Vous cherchez Tablette Xiaomi Pad 8 11,2\" Octa Core 8 GB RAM 256 GB Vert ? Achetez des produits chez Tupique. Profitez de la livraison gratuite pour obtenir Tablette Xiaomi Pad 8 11,2\" Octa Core 8 GB RAM 256 GB Vert d\u00e8s maintenant.","breadcrumb":{"@id":"https:\/\/tupique.com\/produit\/tablette-xiaomi-pad-8-112-octa-core-8-gb-ram-256-gb-vert\/#breadcrumb"},"inLanguage":"pt-PT","potentialAction":[{"@type":"ReadAction","target":["https:\/\/tupique.com\/produit\/tablette-xiaomi-pad-8-112-octa-core-8-gb-ram-256-gb-vert\/"]}]},{"@type":"ImageObject","inLanguage":"pt-PT","@id":"https:\/\/tupique.com\/produit\/tablette-xiaomi-pad-8-112-octa-core-8-gb-ram-256-gb-vert\/#primaryimage","url":"https:\/\/tupique.com\/wp-content\/uploads\/2026\/04\/6932554473136_M0807519_P00.jpg","contentUrl":"https:\/\/tupique.com\/wp-content\/uploads\/2026\/04\/6932554473136_M0807519_P00.jpg","width":1200,"height":1200,"caption":"M0807519_0"},{"@type":"BreadcrumbList","@id":"https:\/\/tupique.com\/produit\/tablette-xiaomi-pad-8-112-octa-core-8-gb-ram-256-gb-vert\/#breadcrumb","itemListElement":[{"@type":"ListItem","position":1,"name":"In\u00edcio","item":"https:\/\/tupique.com\/"},{"@type":"ListItem","position":2,"name":"Boutique","item":"https:\/\/tupique.com\/en\/boutique\/"},{"@type":"ListItem","position":3,"name":"Tablette Xiaomi Pad 8 11,2&#8243; Octa Core 8 GB RAM 256 GB Vert"}]},{"@type":"WebSite","@id":"https:\/\/tupique.com\/#website","url":"https:\/\/tupique.com\/","name":"Tupique","description":"Marketplace","publisher":{"@id":"https:\/\/tupique.com\/#organization"},"potentialAction":[{"@type":"SearchAction","target":{"@type":"EntryPoint","urlTemplate":"https:\/\/tupique.com\/?s={search_term_string}"},"query-input":{"@type":"PropertyValueSpecification","valueRequired":true,"valueName":"search_term_string"}}],"inLanguage":"pt-PT"},{"@type":"Organization","@id":"https:\/\/tupique.com\/#organization","name":"Tupique","url":"https:\/\/tupique.com\/","logo":{"@type":"ImageObject","inLanguage":"pt-PT","@id":"https:\/\/tupique.com\/#\/schema\/logo\/image\/","url":"https:\/\/tupique.com\/wp-content\/uploads\/2024\/09\/logo.png","contentUrl":"https:\/\/tupique.com\/wp-content\/uploads\/2024\/09\/logo.png","width":1118,"height":310,"caption":"Tupique"},"image":{"@id":"https:\/\/tupique.com\/#\/schema\/logo\/image\/"}}]}},"jetpack_sharing_enabled":true,"_links":{"self":[{"href":"https:\/\/tupique.com\/pt\/wp-json\/wp\/v2\/product\/4386484","targetHints":{"allow":["GET"]}}],"collection":[{"href":"https:\/\/tupique.com\/pt\/wp-json\/wp\/v2\/product"}],"about":[{"href":"https:\/\/tupique.com\/pt\/wp-json\/wp\/v2\/types\/product"}],"replies":[{"embeddable":true,"href":"https:\/\/tupique.com\/pt\/wp-json\/wp\/v2\/comments?post=4386484"}],"wp:featuredmedia":[{"embeddable":true,"href":"https:\/\/tupique.com\/pt\/wp-json\/wp\/v2\/media\/4386479"}],"wp:attachment":[{"href":"https:\/\/tupique.com\/pt\/wp-json\/wp\/v2\/media?parent=4386484"}],"wp:term":[{"taxonomy":"product_brand","embeddable":true,"href":"https:\/\/tupique.com\/pt\/wp-json\/wp\/v2\/product_brand?post=4386484"},{"taxonomy":"product_cat","embeddable":true,"href":"https:\/\/tupique.com\/pt\/wp-json\/wp\/v2\/product_cat?post=4386484"},{"taxonomy":"product_tag","embeddable":true,"href":"https:\/\/tupique.com\/pt\/wp-json\/wp\/v2\/product_tag?post=4386484"}],"curies":[{"name":"wp","href":"https:\/\/api.w.org\/{rel}","templated":true}]}}