{"id":4386508,"date":"2026-04-09T22:56:50","date_gmt":"2026-04-09T21:56:50","guid":{"rendered":"https:\/\/tupique.com\/produit\/smartphone-samsung-galaxy-s26-ultra-5g-sm-s948-69-12-gb-ram-512-gb-blanc-snapdragon-888-qualcomm-snapdragon-8-elite\/"},"modified":"2026-04-09T22:56:50","modified_gmt":"2026-04-09T21:56:50","slug":"smartphone-samsung-galaxy-s26-ultra-5g-sm-s948-69-12-gb-ram-512-gb-blanc-snapdragon-888-qualcomm-snapdragon-8-elite","status":"publish","type":"product","link":"https:\/\/tupique.com\/pt\/produto\/smartphone-samsung-galaxy-s26-ultra-5g-sm-s948-69-12-gb-ram-512-gb-blanc-snapdragon-888-qualcomm-snapdragon-8-elite\/","title":{"rendered":"Smartphone Samsung Galaxy S26 Ultra 5G SM-S948 6,9&#8243; 12 GB RAM 512 GB Blanc Snapdragon 888 Qualcomm Snapdragon 8 Elite"},"content":{"rendered":"<p>Se \u00e9 apaixonado por\u2019<b>inform\u00e1tica e eletr\u00f3nica<\/b>, Se est\u00e1 na vanguarda da tecnologia e n\u00e3o quer perder nada, compre <b>Smartphone Samsung Galaxy S26 Ultra 5G SM-S948 6,9&#8243; 12 GB RAM 512 GB Blanc Snapdragon 888 Qualcomm Snapdragon 8 Elite<\/b> ao melhor pre\u00e7o.<\/p>\n<ul>\n<li>Diagonale de l&#8217;\u00e9cran (cm): 17,5 cm<\/li>\n<li>Tipo: Smartphone<\/li>\n<li>Produto de encaixe: Sim<\/li>\n<li>Tipo de tomada: tomada UE<\/li>\n<li>Bloc d\u2019Alimentation: r\u00e9seau \u00e9lectrique<\/li>\n<li>Capacidade da bateria: 5000 mAh<\/li>\n<li>Ecr\u00e3: 6,9<\/li>\n<li>Sistema operativo: Android<\/li>\n<li>puissance: 60 W<\/li>\n<li>Conectividade:\n<ul>\n<li>NFC<\/li>\n<li>Bluetooth<\/li>\n<\/ul>\n<\/li>\n<li>C\u00e2mara:\n<ul>\n<li>12 mpx<\/li>\n<li>50 Mp<\/li>\n<\/ul>\n<\/li>\n<li>Liga\u00e7\u00f5es: USB-C<\/li>\n<li>Mem\u00f3ria RAM: 12 GB de RAM<\/li>\n<li>Mem\u00f3ria interna: 512 GB<\/li>\n<li>Cor: Branco<\/li>\n<li>Carater\u00edsticas:\n<ul>\n<li>GPS<\/li>\n<li>C\u00e2mara frontal<\/li>\n<li>Flash<\/li>\n<li>Grava\u00e7\u00e3o de v\u00eddeo<\/li>\n<li>Ecr\u00e3 a cores<\/li>\n<li>Ecr\u00e3 t\u00e1til<\/li>\n<li>Sensor de impress\u00f5es digitais<\/li>\n<li>Capteur d&#8217;identit\u00e9 par empreintes digitales<\/li>\n<li>Sensor de luz ambiente<\/li>\n<li>C\u00e2mara<\/li>\n<li>Carregamento sem fios<\/li>\n<li>Conectividade NFC<\/li>\n<li>Girosc\u00f3pio<\/li>\n<li>MMS<\/li>\n<li>Ecr\u00e3 AMOLED<\/li>\n<li>Ecr\u00e3 HDR<\/li>\n<li>Radio<\/li>\n<li>R\u00e9sistant \u00e0 l&#8217;eau et \u00e0 la poussi\u00e8re<\/li>\n<li>Resistente \u00e0 poeira<\/li>\n<li>Videochamada<\/li>\n<li>Altifalante<\/li>\n<li>Ranhura para cart\u00e3o SIM duplo<\/li>\n<li>NFC<\/li>\n<li>Lecteur de musique<\/li>\n<li>Wi-Fi<\/li>\n<li>R\u00e9duction du bruit<\/li>\n<li>HD<\/li>\n<li>HDR<\/li>\n<li>Bateria<\/li>\n<li>Ecr\u00e3<\/li>\n<li>Autofocus<\/li>\n<li>Ecr\u00e3 integrado<\/li>\n<li>Resist\u00eancia ao choque<\/li>\n<li>Multilingue<\/li>\n<li>Full HD<\/li>\n<li>Android<\/li>\n<li>SMS<\/li>\n<li>Luz de lanterna<\/li>\n<li>2 altifalantes<\/li>\n<li>Adaptateur graphique int\u00e9gr\u00e9<\/li>\n<li>Liga\u00e7\u00e3o \u00e0 rede m\u00f3vel<\/li>\n<li>Bateria integrada<\/li>\n<li>Sensor geomagn\u00e9tico<\/li>\n<li>Brilha<\/li>\n<li>B\u00fassola eletr\u00f3nica<\/li>\n<li>Altifalantes integrados<\/li>\n<li>Carregamento r\u00e1pido<\/li>\n<li>C\u00e2mara traseira<\/li>\n<li>Sensor de proximidade<\/li>\n<li>Ext\u00e9rieur<\/li>\n<li>Escudo cer\u00e2mico<\/li>\n<li>Vidro Gorila<\/li>\n<li>Ecr\u00e3 com cantos arredondados<\/li>\n<li>Ecr\u00e3 plano<\/li>\n<\/ul>\n<\/li>\n<li>Technologie: Dynamic AMOLED<\/li>\n<li>R\u00e9solution: 3200 x 1440 px<\/li>\n<li>SIM: Dual SIM<\/li>\n<li>Processeur:\n<ul>\n<li>Snapdragon 888<\/li>\n<li>Qualcomm Snapdragon 8 Elite<\/li>\n<\/ul>\n<\/li>\n<li>R\u00e9solution (px): 1440 X 3120 PX<\/li>\n<\/ul>","protected":false},"excerpt":{"rendered":"<p>Si vous \u00eates passionn\u00e9 d&#8217;informatique et d&#8217;\u00e9lectronique, si vous \u00eates \u00e0 la pointe de la technologie et qu&#8217;aucun d\u00e9tail ne<\/p>","protected":false},"featured_media":4386503,"comment_status":"open","ping_status":"closed","template":"","meta":{"_joinchat":[]},"product_brand":[157883],"product_cat":[157523,157516,157524],"product_tag":[157514,157522,157515],"class_list":{"0":"post-4386508","1":"product","2":"type-product","3":"status-publish","4":"has-post-thumbnail","6":"product_brand-brandp_576","7":"product_cat-electronique-telephonie-et-tablettes","8":"product_cat-informatique-electronique","9":"product_cat-telephones-portables","10":"product_tag-tag_933","11":"product_tag-tag_547","12":"product_tag-tag_1295","14":"first","15":"instock","16":"taxable","17":"shipping-taxable","18":"purchasable","19":"product-type-simple"},"yoast_head":"<!-- This site is optimized with the Yoast SEO plugin v27.2 - https:\/\/yoast.com\/product\/yoast-seo-wordpress\/ -->\n<title>Smartphone Samsung Galaxy S26 Ultra 5G SM-S948 6,9&quot; 12 GB RAM 512 GB Blanc Snapdragon 888 Qualcomm Snapdragon 8 Elite - Tupique<\/title>\n<meta name=\"description\" content=\"Vous cherchez Smartphone Samsung Galaxy S26 Ultra 5G SM-S948 6,9&quot; 12 GB RAM 512 GB Blanc Snapdragon 888 Qualcomm Snapdragon 8 Elite ? Achetez des produits chez Tupique. Profitez de la livraison gratuite pour obtenir Smartphone Samsung Galaxy S26 Ultra 5G SM-S948 6,9&quot; 12 GB RAM 512 GB Blanc Snapdragon 888 Qualcomm Snapdragon 8 Elite d\u00e8s maintenant.\" \/>\n<meta name=\"robots\" content=\"index, follow, max-snippet:-1, max-image-preview:large, max-video-preview:-1\" \/>\n<link rel=\"canonical\" href=\"https:\/\/tupique.com\/pt\/produto\/smartphone-samsung-galaxy-s26-ultra-5g-sm-s948-69-12-gb-ram-512-gb-blanc-snapdragon-888-qualcomm-snapdragon-8-elite\/\" \/>\n<meta property=\"og:locale\" content=\"pt_PT\" \/>\n<meta property=\"og:type\" content=\"article\" \/>\n<meta property=\"og:title\" content=\"Smartphone Samsung Galaxy S26 Ultra 5G SM-S948 6,9&quot; 12 GB RAM 512 GB Blanc Snapdragon 888 Qualcomm Snapdragon 8 Elite - Tupique\" \/>\n<meta property=\"og:description\" content=\"Vous cherchez Smartphone Samsung Galaxy S26 Ultra 5G SM-S948 6,9&quot; 12 GB RAM 512 GB Blanc Snapdragon 888 Qualcomm Snapdragon 8 Elite ? Achetez des produits chez Tupique. Profitez de la livraison gratuite pour obtenir Smartphone Samsung Galaxy S26 Ultra 5G SM-S948 6,9&quot; 12 GB RAM 512 GB Blanc Snapdragon 888 Qualcomm Snapdragon 8 Elite d\u00e8s maintenant.\" \/>\n<meta property=\"og:url\" content=\"https:\/\/tupique.com\/pt\/produto\/smartphone-samsung-galaxy-s26-ultra-5g-sm-s948-69-12-gb-ram-512-gb-blanc-snapdragon-888-qualcomm-snapdragon-8-elite\/\" \/>\n<meta property=\"og:site_name\" content=\"Tupique\" \/>\n<meta name=\"twitter:card\" content=\"summary_large_image\" \/>\n<meta name=\"twitter:label1\" content=\"Tempo estimado de leitura\" \/>\n\t<meta name=\"twitter:data1\" content=\"1 minuto\" \/>\n<script type=\"application\/ld+json\" class=\"yoast-schema-graph\">{\"@context\":\"https:\/\/schema.org\",\"@graph\":[{\"@type\":\"WebPage\",\"@id\":\"https:\/\/tupique.com\/produit\/smartphone-samsung-galaxy-s26-ultra-5g-sm-s948-69-12-gb-ram-512-gb-blanc-snapdragon-888-qualcomm-snapdragon-8-elite\/\",\"url\":\"https:\/\/tupique.com\/produit\/smartphone-samsung-galaxy-s26-ultra-5g-sm-s948-69-12-gb-ram-512-gb-blanc-snapdragon-888-qualcomm-snapdragon-8-elite\/\",\"name\":\"Smartphone Samsung Galaxy S26 Ultra 5G SM-S948 6,9\\\" 12 GB RAM 512 GB Blanc Snapdragon 888 Qualcomm Snapdragon 8 Elite - Tupique\",\"isPartOf\":{\"@id\":\"https:\/\/tupique.com\/#website\"},\"primaryImageOfPage\":{\"@id\":\"https:\/\/tupique.com\/produit\/smartphone-samsung-galaxy-s26-ultra-5g-sm-s948-69-12-gb-ram-512-gb-blanc-snapdragon-888-qualcomm-snapdragon-8-elite\/#primaryimage\"},\"image\":{\"@id\":\"https:\/\/tupique.com\/produit\/smartphone-samsung-galaxy-s26-ultra-5g-sm-s948-69-12-gb-ram-512-gb-blanc-snapdragon-888-qualcomm-snapdragon-8-elite\/#primaryimage\"},\"thumbnailUrl\":\"https:\/\/tupique.com\/wp-content\/uploads\/2026\/04\/8806097826897_M0807460_P00.jpg\",\"datePublished\":\"2026-04-09T21:56:50+00:00\",\"description\":\"Vous cherchez Smartphone Samsung Galaxy S26 Ultra 5G SM-S948 6,9\\\" 12 GB RAM 512 GB Blanc Snapdragon 888 Qualcomm Snapdragon 8 Elite ? Achetez des produits chez Tupique. Profitez de la livraison gratuite pour obtenir Smartphone Samsung Galaxy S26 Ultra 5G SM-S948 6,9\\\" 12 GB RAM 512 GB Blanc Snapdragon 888 Qualcomm Snapdragon 8 Elite d\u00e8s maintenant.\",\"breadcrumb\":{\"@id\":\"https:\/\/tupique.com\/produit\/smartphone-samsung-galaxy-s26-ultra-5g-sm-s948-69-12-gb-ram-512-gb-blanc-snapdragon-888-qualcomm-snapdragon-8-elite\/#breadcrumb\"},\"inLanguage\":\"pt-PT\",\"potentialAction\":[{\"@type\":\"ReadAction\",\"target\":[\"https:\/\/tupique.com\/produit\/smartphone-samsung-galaxy-s26-ultra-5g-sm-s948-69-12-gb-ram-512-gb-blanc-snapdragon-888-qualcomm-snapdragon-8-elite\/\"]}]},{\"@type\":\"ImageObject\",\"inLanguage\":\"pt-PT\",\"@id\":\"https:\/\/tupique.com\/produit\/smartphone-samsung-galaxy-s26-ultra-5g-sm-s948-69-12-gb-ram-512-gb-blanc-snapdragon-888-qualcomm-snapdragon-8-elite\/#primaryimage\",\"url\":\"https:\/\/tupique.com\/wp-content\/uploads\/2026\/04\/8806097826897_M0807460_P00.jpg\",\"contentUrl\":\"https:\/\/tupique.com\/wp-content\/uploads\/2026\/04\/8806097826897_M0807460_P00.jpg\",\"width\":1200,\"height\":1200,\"caption\":\"M0807460_0\"},{\"@type\":\"BreadcrumbList\",\"@id\":\"https:\/\/tupique.com\/produit\/smartphone-samsung-galaxy-s26-ultra-5g-sm-s948-69-12-gb-ram-512-gb-blanc-snapdragon-888-qualcomm-snapdragon-8-elite\/#breadcrumb\",\"itemListElement\":[{\"@type\":\"ListItem\",\"position\":1,\"name\":\"In\u00edcio\",\"item\":\"https:\/\/tupique.com\/\"},{\"@type\":\"ListItem\",\"position\":2,\"name\":\"Boutique\",\"item\":\"https:\/\/tupique.com\/en\/boutique\/\"},{\"@type\":\"ListItem\",\"position\":3,\"name\":\"Smartphone Samsung Galaxy S26 Ultra 5G SM-S948 6,9&#8243; 12 GB RAM 512 GB Blanc Snapdragon 888 Qualcomm Snapdragon 8 Elite\"}]},{\"@type\":\"WebSite\",\"@id\":\"https:\/\/tupique.com\/#website\",\"url\":\"https:\/\/tupique.com\/\",\"name\":\"Tupique\",\"description\":\"Marketplace\",\"publisher\":{\"@id\":\"https:\/\/tupique.com\/#organization\"},\"potentialAction\":[{\"@type\":\"SearchAction\",\"target\":{\"@type\":\"EntryPoint\",\"urlTemplate\":\"https:\/\/tupique.com\/?s={search_term_string}\"},\"query-input\":{\"@type\":\"PropertyValueSpecification\",\"valueRequired\":true,\"valueName\":\"search_term_string\"}}],\"inLanguage\":\"pt-PT\"},{\"@type\":\"Organization\",\"@id\":\"https:\/\/tupique.com\/#organization\",\"name\":\"Tupique\",\"url\":\"https:\/\/tupique.com\/\",\"logo\":{\"@type\":\"ImageObject\",\"inLanguage\":\"pt-PT\",\"@id\":\"https:\/\/tupique.com\/#\/schema\/logo\/image\/\",\"url\":\"https:\/\/tupique.com\/wp-content\/uploads\/2024\/09\/logo.png\",\"contentUrl\":\"https:\/\/tupique.com\/wp-content\/uploads\/2024\/09\/logo.png\",\"width\":1118,\"height\":310,\"caption\":\"Tupique\"},\"image\":{\"@id\":\"https:\/\/tupique.com\/#\/schema\/logo\/image\/\"}}]}<\/script>\n<!-- \/ Yoast SEO plugin. -->","yoast_head_json":{"title":"Smartphone Samsung Galaxy S26 Ultra 5G SM-S948 6,9\" 12 GB RAM 512 GB Blanc Snapdragon 888 Qualcomm Snapdragon 8 Elite - Tupique","description":"Vous cherchez Smartphone Samsung Galaxy S26 Ultra 5G SM-S948 6,9\" 12 GB RAM 512 GB Blanc Snapdragon 888 Qualcomm Snapdragon 8 Elite ? Achetez des produits chez Tupique. Profitez de la livraison gratuite pour obtenir Smartphone Samsung Galaxy S26 Ultra 5G SM-S948 6,9\" 12 GB RAM 512 GB Blanc Snapdragon 888 Qualcomm Snapdragon 8 Elite d\u00e8s maintenant.","robots":{"index":"index","follow":"follow","max-snippet":"max-snippet:-1","max-image-preview":"max-image-preview:large","max-video-preview":"max-video-preview:-1"},"canonical":"https:\/\/tupique.com\/pt\/produto\/smartphone-samsung-galaxy-s26-ultra-5g-sm-s948-69-12-gb-ram-512-gb-blanc-snapdragon-888-qualcomm-snapdragon-8-elite\/","og_locale":"pt_PT","og_type":"article","og_title":"Smartphone Samsung Galaxy S26 Ultra 5G SM-S948 6,9\" 12 GB RAM 512 GB Blanc Snapdragon 888 Qualcomm Snapdragon 8 Elite - Tupique","og_description":"Vous cherchez Smartphone Samsung Galaxy S26 Ultra 5G SM-S948 6,9\" 12 GB RAM 512 GB Blanc Snapdragon 888 Qualcomm Snapdragon 8 Elite ? Achetez des produits chez Tupique. Profitez de la livraison gratuite pour obtenir Smartphone Samsung Galaxy S26 Ultra 5G SM-S948 6,9\" 12 GB RAM 512 GB Blanc Snapdragon 888 Qualcomm Snapdragon 8 Elite d\u00e8s maintenant.","og_url":"https:\/\/tupique.com\/pt\/produto\/smartphone-samsung-galaxy-s26-ultra-5g-sm-s948-69-12-gb-ram-512-gb-blanc-snapdragon-888-qualcomm-snapdragon-8-elite\/","og_site_name":"Tupique","twitter_card":"summary_large_image","twitter_misc":{"Tempo estimado de leitura":"1 minuto"},"schema":{"@context":"https:\/\/schema.org","@graph":[{"@type":"WebPage","@id":"https:\/\/tupique.com\/produit\/smartphone-samsung-galaxy-s26-ultra-5g-sm-s948-69-12-gb-ram-512-gb-blanc-snapdragon-888-qualcomm-snapdragon-8-elite\/","url":"https:\/\/tupique.com\/produit\/smartphone-samsung-galaxy-s26-ultra-5g-sm-s948-69-12-gb-ram-512-gb-blanc-snapdragon-888-qualcomm-snapdragon-8-elite\/","name":"Smartphone Samsung Galaxy S26 Ultra 5G SM-S948 6,9\" 12 GB RAM 512 GB Blanc Snapdragon 888 Qualcomm Snapdragon 8 Elite - Tupique","isPartOf":{"@id":"https:\/\/tupique.com\/#website"},"primaryImageOfPage":{"@id":"https:\/\/tupique.com\/produit\/smartphone-samsung-galaxy-s26-ultra-5g-sm-s948-69-12-gb-ram-512-gb-blanc-snapdragon-888-qualcomm-snapdragon-8-elite\/#primaryimage"},"image":{"@id":"https:\/\/tupique.com\/produit\/smartphone-samsung-galaxy-s26-ultra-5g-sm-s948-69-12-gb-ram-512-gb-blanc-snapdragon-888-qualcomm-snapdragon-8-elite\/#primaryimage"},"thumbnailUrl":"https:\/\/tupique.com\/wp-content\/uploads\/2026\/04\/8806097826897_M0807460_P00.jpg","datePublished":"2026-04-09T21:56:50+00:00","description":"Vous cherchez Smartphone Samsung Galaxy S26 Ultra 5G SM-S948 6,9\" 12 GB RAM 512 GB Blanc Snapdragon 888 Qualcomm Snapdragon 8 Elite ? Achetez des produits chez Tupique. Profitez de la livraison gratuite pour obtenir Smartphone Samsung Galaxy S26 Ultra 5G SM-S948 6,9\" 12 GB RAM 512 GB Blanc Snapdragon 888 Qualcomm Snapdragon 8 Elite d\u00e8s maintenant.","breadcrumb":{"@id":"https:\/\/tupique.com\/produit\/smartphone-samsung-galaxy-s26-ultra-5g-sm-s948-69-12-gb-ram-512-gb-blanc-snapdragon-888-qualcomm-snapdragon-8-elite\/#breadcrumb"},"inLanguage":"pt-PT","potentialAction":[{"@type":"ReadAction","target":["https:\/\/tupique.com\/produit\/smartphone-samsung-galaxy-s26-ultra-5g-sm-s948-69-12-gb-ram-512-gb-blanc-snapdragon-888-qualcomm-snapdragon-8-elite\/"]}]},{"@type":"ImageObject","inLanguage":"pt-PT","@id":"https:\/\/tupique.com\/produit\/smartphone-samsung-galaxy-s26-ultra-5g-sm-s948-69-12-gb-ram-512-gb-blanc-snapdragon-888-qualcomm-snapdragon-8-elite\/#primaryimage","url":"https:\/\/tupique.com\/wp-content\/uploads\/2026\/04\/8806097826897_M0807460_P00.jpg","contentUrl":"https:\/\/tupique.com\/wp-content\/uploads\/2026\/04\/8806097826897_M0807460_P00.jpg","width":1200,"height":1200,"caption":"M0807460_0"},{"@type":"BreadcrumbList","@id":"https:\/\/tupique.com\/produit\/smartphone-samsung-galaxy-s26-ultra-5g-sm-s948-69-12-gb-ram-512-gb-blanc-snapdragon-888-qualcomm-snapdragon-8-elite\/#breadcrumb","itemListElement":[{"@type":"ListItem","position":1,"name":"In\u00edcio","item":"https:\/\/tupique.com\/"},{"@type":"ListItem","position":2,"name":"Boutique","item":"https:\/\/tupique.com\/en\/boutique\/"},{"@type":"ListItem","position":3,"name":"Smartphone Samsung Galaxy S26 Ultra 5G SM-S948 6,9&#8243; 12 GB RAM 512 GB Blanc Snapdragon 888 Qualcomm Snapdragon 8 Elite"}]},{"@type":"WebSite","@id":"https:\/\/tupique.com\/#website","url":"https:\/\/tupique.com\/","name":"Tupique","description":"Marketplace","publisher":{"@id":"https:\/\/tupique.com\/#organization"},"potentialAction":[{"@type":"SearchAction","target":{"@type":"EntryPoint","urlTemplate":"https:\/\/tupique.com\/?s={search_term_string}"},"query-input":{"@type":"PropertyValueSpecification","valueRequired":true,"valueName":"search_term_string"}}],"inLanguage":"pt-PT"},{"@type":"Organization","@id":"https:\/\/tupique.com\/#organization","name":"Tupique","url":"https:\/\/tupique.com\/","logo":{"@type":"ImageObject","inLanguage":"pt-PT","@id":"https:\/\/tupique.com\/#\/schema\/logo\/image\/","url":"https:\/\/tupique.com\/wp-content\/uploads\/2024\/09\/logo.png","contentUrl":"https:\/\/tupique.com\/wp-content\/uploads\/2024\/09\/logo.png","width":1118,"height":310,"caption":"Tupique"},"image":{"@id":"https:\/\/tupique.com\/#\/schema\/logo\/image\/"}}]}},"jetpack_sharing_enabled":true,"_links":{"self":[{"href":"https:\/\/tupique.com\/pt\/wp-json\/wp\/v2\/product\/4386508","targetHints":{"allow":["GET"]}}],"collection":[{"href":"https:\/\/tupique.com\/pt\/wp-json\/wp\/v2\/product"}],"about":[{"href":"https:\/\/tupique.com\/pt\/wp-json\/wp\/v2\/types\/product"}],"replies":[{"embeddable":true,"href":"https:\/\/tupique.com\/pt\/wp-json\/wp\/v2\/comments?post=4386508"}],"wp:featuredmedia":[{"embeddable":true,"href":"https:\/\/tupique.com\/pt\/wp-json\/wp\/v2\/media\/4386503"}],"wp:attachment":[{"href":"https:\/\/tupique.com\/pt\/wp-json\/wp\/v2\/media?parent=4386508"}],"wp:term":[{"taxonomy":"product_brand","embeddable":true,"href":"https:\/\/tupique.com\/pt\/wp-json\/wp\/v2\/product_brand?post=4386508"},{"taxonomy":"product_cat","embeddable":true,"href":"https:\/\/tupique.com\/pt\/wp-json\/wp\/v2\/product_cat?post=4386508"},{"taxonomy":"product_tag","embeddable":true,"href":"https:\/\/tupique.com\/pt\/wp-json\/wp\/v2\/product_tag?post=4386508"}],"curies":[{"name":"wp","href":"https:\/\/api.w.org\/{rel}","templated":true}]}}