{"id":4386708,"date":"2026-04-09T23:01:26","date_gmt":"2026-04-09T22:01:26","guid":{"rendered":"https:\/\/tupique.com\/produit\/ensemble-de-forets-ruko\/"},"modified":"2026-04-09T23:01:26","modified_gmt":"2026-04-09T22:01:26","slug":"ensemble-de-forets-ruko","status":"publish","type":"product","link":"https:\/\/tupique.com\/pt\/produto\/ensemble-de-forets-ruko\/","title":{"rendered":"Ensemble de forets RUKO"},"content":{"rendered":"<p>Se gosta de cuidar de todos os pormenores da sua casa e de estar a par das \u00faltimas tend\u00eancias em produtos que lhe facilitam a vida, compre <b>Ensemble de forets RUKO<\/b> ao melhor pre\u00e7o.<\/p>\n<ul>\n<li>Tipo:\n<ul>\n<li>Foret-guide HSS-Co 5<\/li>\n<li>M\u00e8che<\/li>\n<\/ul>\n<\/li>\n<li>Inclut: Porte documents<\/li>\n<li>Utilisation recommand\u00e9e: Perceuse<\/li>\n<\/ul>","protected":false},"excerpt":{"rendered":"<p>Si vous aimez prendre soin de chaque d\u00e9tail de votre maison et d&#8217;\u00eatre \u00e0 la derni\u00e8re mode en mati\u00e8re de<\/p>","protected":false},"featured_media":4386706,"comment_status":"open","ping_status":"closed","template":"","meta":{"_joinchat":[]},"product_brand":[158293],"product_cat":[157536,157535],"product_tag":[157531],"class_list":{"0":"post-4386708","1":"product","2":"type-product","3":"status-publish","4":"has-post-thumbnail","6":"product_brand-brandp_10695","7":"product_cat-bricolage-et-materiel","8":"product_cat-maison-jardin","9":"product_tag-tag_25","11":"first","12":"instock","13":"taxable","14":"shipping-taxable","15":"purchasable","16":"product-type-simple"},"yoast_head":"<!-- This site is optimized with the Yoast SEO plugin v27.2 - https:\/\/yoast.com\/product\/yoast-seo-wordpress\/ -->\n<title>Ensemble de forets RUKO - Tupique<\/title>\n<meta name=\"description\" content=\"Vous cherchez Ensemble de forets RUKO ? Achetez des produits chez Tupique. Profitez de la livraison gratuite pour obtenir Ensemble de forets RUKO d\u00e8s maintenant.\" \/>\n<meta name=\"robots\" content=\"index, follow, max-snippet:-1, max-image-preview:large, max-video-preview:-1\" \/>\n<link rel=\"canonical\" href=\"https:\/\/tupique.com\/pt\/produto\/ensemble-de-forets-ruko\/\" \/>\n<meta property=\"og:locale\" content=\"pt_PT\" \/>\n<meta property=\"og:type\" content=\"article\" \/>\n<meta property=\"og:title\" content=\"Ensemble de forets RUKO - Tupique\" \/>\n<meta property=\"og:description\" content=\"Vous cherchez Ensemble de forets RUKO ? Achetez des produits chez Tupique. Profitez de la livraison gratuite pour obtenir Ensemble de forets RUKO d\u00e8s maintenant.\" \/>\n<meta property=\"og:url\" content=\"https:\/\/tupique.com\/pt\/produto\/ensemble-de-forets-ruko\/\" \/>\n<meta property=\"og:site_name\" content=\"Tupique\" \/>\n<meta name=\"twitter:card\" content=\"summary_large_image\" \/>\n<script type=\"application\/ld+json\" class=\"yoast-schema-graph\">{\"@context\":\"https:\/\/schema.org\",\"@graph\":[{\"@type\":\"WebPage\",\"@id\":\"https:\/\/tupique.com\/produit\/ensemble-de-forets-ruko\/\",\"url\":\"https:\/\/tupique.com\/produit\/ensemble-de-forets-ruko\/\",\"name\":\"Ensemble de forets RUKO - Tupique\",\"isPartOf\":{\"@id\":\"https:\/\/tupique.com\/#website\"},\"primaryImageOfPage\":{\"@id\":\"https:\/\/tupique.com\/produit\/ensemble-de-forets-ruko\/#primaryimage\"},\"image\":{\"@id\":\"https:\/\/tupique.com\/produit\/ensemble-de-forets-ruko\/#primaryimage\"},\"thumbnailUrl\":\"https:\/\/tupique.com\/wp-content\/uploads\/2026\/04\/4007140397119_M1208392_P00.jpg\",\"datePublished\":\"2026-04-09T22:01:26+00:00\",\"description\":\"Vous cherchez Ensemble de forets RUKO ? Achetez des produits chez Tupique. Profitez de la livraison gratuite pour obtenir Ensemble de forets RUKO d\u00e8s maintenant.\",\"breadcrumb\":{\"@id\":\"https:\/\/tupique.com\/produit\/ensemble-de-forets-ruko\/#breadcrumb\"},\"inLanguage\":\"pt-PT\",\"potentialAction\":[{\"@type\":\"ReadAction\",\"target\":[\"https:\/\/tupique.com\/produit\/ensemble-de-forets-ruko\/\"]}]},{\"@type\":\"ImageObject\",\"inLanguage\":\"pt-PT\",\"@id\":\"https:\/\/tupique.com\/produit\/ensemble-de-forets-ruko\/#primaryimage\",\"url\":\"https:\/\/tupique.com\/wp-content\/uploads\/2026\/04\/4007140397119_M1208392_P00.jpg\",\"contentUrl\":\"https:\/\/tupique.com\/wp-content\/uploads\/2026\/04\/4007140397119_M1208392_P00.jpg\",\"width\":1200,\"height\":1200,\"caption\":\"M1208392_0\"},{\"@type\":\"BreadcrumbList\",\"@id\":\"https:\/\/tupique.com\/produit\/ensemble-de-forets-ruko\/#breadcrumb\",\"itemListElement\":[{\"@type\":\"ListItem\",\"position\":1,\"name\":\"In\u00edcio\",\"item\":\"https:\/\/tupique.com\/\"},{\"@type\":\"ListItem\",\"position\":2,\"name\":\"Boutique\",\"item\":\"https:\/\/tupique.com\/en\/boutique\/\"},{\"@type\":\"ListItem\",\"position\":3,\"name\":\"Ensemble de forets RUKO\"}]},{\"@type\":\"WebSite\",\"@id\":\"https:\/\/tupique.com\/#website\",\"url\":\"https:\/\/tupique.com\/\",\"name\":\"Tupique\",\"description\":\"Marketplace\",\"publisher\":{\"@id\":\"https:\/\/tupique.com\/#organization\"},\"potentialAction\":[{\"@type\":\"SearchAction\",\"target\":{\"@type\":\"EntryPoint\",\"urlTemplate\":\"https:\/\/tupique.com\/?s={search_term_string}\"},\"query-input\":{\"@type\":\"PropertyValueSpecification\",\"valueRequired\":true,\"valueName\":\"search_term_string\"}}],\"inLanguage\":\"pt-PT\"},{\"@type\":\"Organization\",\"@id\":\"https:\/\/tupique.com\/#organization\",\"name\":\"Tupique\",\"url\":\"https:\/\/tupique.com\/\",\"logo\":{\"@type\":\"ImageObject\",\"inLanguage\":\"pt-PT\",\"@id\":\"https:\/\/tupique.com\/#\/schema\/logo\/image\/\",\"url\":\"https:\/\/tupique.com\/wp-content\/uploads\/2024\/09\/logo.png\",\"contentUrl\":\"https:\/\/tupique.com\/wp-content\/uploads\/2024\/09\/logo.png\",\"width\":1118,\"height\":310,\"caption\":\"Tupique\"},\"image\":{\"@id\":\"https:\/\/tupique.com\/#\/schema\/logo\/image\/\"}}]}<\/script>\n<!-- \/ Yoast SEO plugin. -->","yoast_head_json":{"title":"Ensemble de forets RUKO - Tupique","description":"Vous cherchez Ensemble de forets RUKO ? Achetez des produits chez Tupique. Profitez de la livraison gratuite pour obtenir Ensemble de forets RUKO d\u00e8s maintenant.","robots":{"index":"index","follow":"follow","max-snippet":"max-snippet:-1","max-image-preview":"max-image-preview:large","max-video-preview":"max-video-preview:-1"},"canonical":"https:\/\/tupique.com\/pt\/produto\/ensemble-de-forets-ruko\/","og_locale":"pt_PT","og_type":"article","og_title":"Ensemble de forets RUKO - Tupique","og_description":"Vous cherchez Ensemble de forets RUKO ? Achetez des produits chez Tupique. Profitez de la livraison gratuite pour obtenir Ensemble de forets RUKO d\u00e8s maintenant.","og_url":"https:\/\/tupique.com\/pt\/produto\/ensemble-de-forets-ruko\/","og_site_name":"Tupique","twitter_card":"summary_large_image","schema":{"@context":"https:\/\/schema.org","@graph":[{"@type":"WebPage","@id":"https:\/\/tupique.com\/produit\/ensemble-de-forets-ruko\/","url":"https:\/\/tupique.com\/produit\/ensemble-de-forets-ruko\/","name":"Ensemble de forets RUKO - Tupique","isPartOf":{"@id":"https:\/\/tupique.com\/#website"},"primaryImageOfPage":{"@id":"https:\/\/tupique.com\/produit\/ensemble-de-forets-ruko\/#primaryimage"},"image":{"@id":"https:\/\/tupique.com\/produit\/ensemble-de-forets-ruko\/#primaryimage"},"thumbnailUrl":"https:\/\/tupique.com\/wp-content\/uploads\/2026\/04\/4007140397119_M1208392_P00.jpg","datePublished":"2026-04-09T22:01:26+00:00","description":"Vous cherchez Ensemble de forets RUKO ? Achetez des produits chez Tupique. Profitez de la livraison gratuite pour obtenir Ensemble de forets RUKO d\u00e8s maintenant.","breadcrumb":{"@id":"https:\/\/tupique.com\/produit\/ensemble-de-forets-ruko\/#breadcrumb"},"inLanguage":"pt-PT","potentialAction":[{"@type":"ReadAction","target":["https:\/\/tupique.com\/produit\/ensemble-de-forets-ruko\/"]}]},{"@type":"ImageObject","inLanguage":"pt-PT","@id":"https:\/\/tupique.com\/produit\/ensemble-de-forets-ruko\/#primaryimage","url":"https:\/\/tupique.com\/wp-content\/uploads\/2026\/04\/4007140397119_M1208392_P00.jpg","contentUrl":"https:\/\/tupique.com\/wp-content\/uploads\/2026\/04\/4007140397119_M1208392_P00.jpg","width":1200,"height":1200,"caption":"M1208392_0"},{"@type":"BreadcrumbList","@id":"https:\/\/tupique.com\/produit\/ensemble-de-forets-ruko\/#breadcrumb","itemListElement":[{"@type":"ListItem","position":1,"name":"In\u00edcio","item":"https:\/\/tupique.com\/"},{"@type":"ListItem","position":2,"name":"Boutique","item":"https:\/\/tupique.com\/en\/boutique\/"},{"@type":"ListItem","position":3,"name":"Ensemble de forets RUKO"}]},{"@type":"WebSite","@id":"https:\/\/tupique.com\/#website","url":"https:\/\/tupique.com\/","name":"Tupique","description":"Marketplace","publisher":{"@id":"https:\/\/tupique.com\/#organization"},"potentialAction":[{"@type":"SearchAction","target":{"@type":"EntryPoint","urlTemplate":"https:\/\/tupique.com\/?s={search_term_string}"},"query-input":{"@type":"PropertyValueSpecification","valueRequired":true,"valueName":"search_term_string"}}],"inLanguage":"pt-PT"},{"@type":"Organization","@id":"https:\/\/tupique.com\/#organization","name":"Tupique","url":"https:\/\/tupique.com\/","logo":{"@type":"ImageObject","inLanguage":"pt-PT","@id":"https:\/\/tupique.com\/#\/schema\/logo\/image\/","url":"https:\/\/tupique.com\/wp-content\/uploads\/2024\/09\/logo.png","contentUrl":"https:\/\/tupique.com\/wp-content\/uploads\/2024\/09\/logo.png","width":1118,"height":310,"caption":"Tupique"},"image":{"@id":"https:\/\/tupique.com\/#\/schema\/logo\/image\/"}}]}},"jetpack_sharing_enabled":true,"_links":{"self":[{"href":"https:\/\/tupique.com\/pt\/wp-json\/wp\/v2\/product\/4386708","targetHints":{"allow":["GET"]}}],"collection":[{"href":"https:\/\/tupique.com\/pt\/wp-json\/wp\/v2\/product"}],"about":[{"href":"https:\/\/tupique.com\/pt\/wp-json\/wp\/v2\/types\/product"}],"replies":[{"embeddable":true,"href":"https:\/\/tupique.com\/pt\/wp-json\/wp\/v2\/comments?post=4386708"}],"wp:featuredmedia":[{"embeddable":true,"href":"https:\/\/tupique.com\/pt\/wp-json\/wp\/v2\/media\/4386706"}],"wp:attachment":[{"href":"https:\/\/tupique.com\/pt\/wp-json\/wp\/v2\/media?parent=4386708"}],"wp:term":[{"taxonomy":"product_brand","embeddable":true,"href":"https:\/\/tupique.com\/pt\/wp-json\/wp\/v2\/product_brand?post=4386708"},{"taxonomy":"product_cat","embeddable":true,"href":"https:\/\/tupique.com\/pt\/wp-json\/wp\/v2\/product_cat?post=4386708"},{"taxonomy":"product_tag","embeddable":true,"href":"https:\/\/tupique.com\/pt\/wp-json\/wp\/v2\/product_tag?post=4386708"}],"curies":[{"name":"wp","href":"https:\/\/api.w.org\/{rel}","templated":true}]}}