{"id":4386746,"date":"2026-04-09T23:02:20","date_gmt":"2026-04-09T22:02:20","guid":{"rendered":"https:\/\/tupique.com\/produit\/ecran-aoc-cu34e4cv-ultrawide-quad-hd-34\/"},"modified":"2026-04-09T23:02:20","modified_gmt":"2026-04-09T22:02:20","slug":"ecran-aoc-cu34e4cv-ultrawide-quad-hd-34","status":"publish","type":"product","link":"https:\/\/tupique.com\/pt\/produto\/ecran-aoc-cu34e4cv-ultrawide-quad-hd-34\/","title":{"rendered":"\u00c9cran AOC CU34E4CV UltraWide Quad HD 34&#8243;"},"content":{"rendered":"<p>Se \u00e9 apaixonado por\u2019<b>inform\u00e1tica e eletr\u00f3nica<\/b>, Se est\u00e1 na vanguarda da tecnologia e n\u00e3o quer perder nada, compre <b>\u00c9cran AOC CU34E4CV UltraWide Quad HD 34&#8243;<\/b> ao melhor pre\u00e7o.<\/p>\n<ul>\n<li>Diagonale de l&#8217;\u00e9cran (cm): 86,4 cm<\/li>\n<li>Type: \u00c9cran<\/li>\n<li>Produto de encaixe: Sim<\/li>\n<li>Cor: preto<\/li>\n<li>Temps de r\u00e9ponse: 4 ms<\/li>\n<li>VESA: 10 x 10 cm<\/li>\n<li>Brille: 350 cd\/m\u00b2<\/li>\n<li>Tens\u00e3o: 100-240 V<\/li>\n<li>Ecran: 34&#8243;<\/li>\n<li>Classifica\u00e7\u00e3o energ\u00e9tica: E<\/li>\n<li>R\u00e9solution: UltraWide Quad HD<\/li>\n<li>Rapport d&#8217;aspect: 21:9<\/li>\n<li>Liga\u00e7\u00f5es:\n<ul>\n<li>HDMI<\/li>\n<li>USB<\/li>\n<li>DisplayPort<\/li>\n<li>LAN Ethernet<\/li>\n<li>2<\/li>\n<li>HDMI x 2<\/li>\n<li>USB 3.0 x 2<\/li>\n<\/ul>\n<\/li>\n<li>Carater\u00edsticas:\n<ul>\n<li>Plaque Tournante<\/li>\n<li>Mat<\/li>\n<\/ul>\n<\/li>\n<li>R\u00e9solution (px): 3440 x 1440 px<\/li>\n<li>Tecnologia: LCD<\/li>\n<li>Fr\u00e9quence: 50 &#8211; 60 Hz<\/li>\n<\/ul>","protected":false},"excerpt":{"rendered":"<p>Si vous \u00eates passionn\u00e9 d&#8217;informatique et d&#8217;\u00e9lectronique, si vous \u00eates \u00e0 la pointe de la technologie et qu&#8217;aucun d\u00e9tail ne<\/p>","protected":false},"featured_media":4386728,"comment_status":"open","ping_status":"closed","template":"","meta":{"_joinchat":[]},"product_brand":[157958],"product_cat":[157516,157517,157816],"product_tag":[157514,157515],"class_list":{"0":"post-4386746","1":"product","2":"type-product","3":"status-publish","4":"has-post-thumbnail","6":"product_brand-brandp_4564","7":"product_cat-informatique-electronique","8":"product_cat-informatique-peripheriques-et-consommables","9":"product_cat-moniteurs","10":"product_tag-tag_933","11":"product_tag-tag_1295","13":"first","14":"instock","15":"taxable","16":"shipping-taxable","17":"purchasable","18":"product-type-simple"},"yoast_head":"<!-- This site is optimized with the Yoast SEO plugin v27.2 - https:\/\/yoast.com\/product\/yoast-seo-wordpress\/ -->\n<title>\u00c9cran AOC CU34E4CV UltraWide Quad HD 34&quot; - Tupique<\/title>\n<meta name=\"description\" content=\"Vous cherchez \u00c9cran AOC CU34E4CV UltraWide Quad HD 34&quot; ? Achetez des produits chez Tupique. Profitez de la livraison gratuite pour obtenir \u00c9cran AOC CU34E4CV UltraWide Quad HD 34&quot; d\u00e8s maintenant.\" \/>\n<meta name=\"robots\" content=\"index, follow, max-snippet:-1, max-image-preview:large, max-video-preview:-1\" \/>\n<link rel=\"canonical\" href=\"https:\/\/tupique.com\/pt\/produto\/ecran-aoc-cu34e4cv-ultrawide-quad-hd-34\/\" \/>\n<meta property=\"og:locale\" content=\"pt_PT\" \/>\n<meta property=\"og:type\" content=\"article\" \/>\n<meta property=\"og:title\" content=\"\u00c9cran AOC CU34E4CV UltraWide Quad HD 34&quot; - Tupique\" \/>\n<meta property=\"og:description\" content=\"Vous cherchez \u00c9cran AOC CU34E4CV UltraWide Quad HD 34&quot; ? Achetez des produits chez Tupique. Profitez de la livraison gratuite pour obtenir \u00c9cran AOC CU34E4CV UltraWide Quad HD 34&quot; d\u00e8s maintenant.\" \/>\n<meta property=\"og:url\" content=\"https:\/\/tupique.com\/pt\/produto\/ecran-aoc-cu34e4cv-ultrawide-quad-hd-34\/\" \/>\n<meta property=\"og:site_name\" content=\"Tupique\" \/>\n<meta name=\"twitter:card\" content=\"summary_large_image\" \/>\n<script type=\"application\/ld+json\" class=\"yoast-schema-graph\">{\"@context\":\"https:\/\/schema.org\",\"@graph\":[{\"@type\":\"WebPage\",\"@id\":\"https:\/\/tupique.com\/produit\/ecran-aoc-cu34e4cv-ultrawide-quad-hd-34\/\",\"url\":\"https:\/\/tupique.com\/produit\/ecran-aoc-cu34e4cv-ultrawide-quad-hd-34\/\",\"name\":\"\u00c9cran AOC CU34E4CV UltraWide Quad HD 34\\\" - Tupique\",\"isPartOf\":{\"@id\":\"https:\/\/tupique.com\/#website\"},\"primaryImageOfPage\":{\"@id\":\"https:\/\/tupique.com\/produit\/ecran-aoc-cu34e4cv-ultrawide-quad-hd-34\/#primaryimage\"},\"image\":{\"@id\":\"https:\/\/tupique.com\/produit\/ecran-aoc-cu34e4cv-ultrawide-quad-hd-34\/#primaryimage\"},\"thumbnailUrl\":\"https:\/\/tupique.com\/wp-content\/uploads\/2026\/04\/4038986112864_S55321470_P01.jpg\",\"datePublished\":\"2026-04-09T22:02:20+00:00\",\"description\":\"Vous cherchez \u00c9cran AOC CU34E4CV UltraWide Quad HD 34\\\" ? Achetez des produits chez Tupique. Profitez de la livraison gratuite pour obtenir \u00c9cran AOC CU34E4CV UltraWide Quad HD 34\\\" d\u00e8s maintenant.\",\"breadcrumb\":{\"@id\":\"https:\/\/tupique.com\/produit\/ecran-aoc-cu34e4cv-ultrawide-quad-hd-34\/#breadcrumb\"},\"inLanguage\":\"pt-PT\",\"potentialAction\":[{\"@type\":\"ReadAction\",\"target\":[\"https:\/\/tupique.com\/produit\/ecran-aoc-cu34e4cv-ultrawide-quad-hd-34\/\"]}]},{\"@type\":\"ImageObject\",\"inLanguage\":\"pt-PT\",\"@id\":\"https:\/\/tupique.com\/produit\/ecran-aoc-cu34e4cv-ultrawide-quad-hd-34\/#primaryimage\",\"url\":\"https:\/\/tupique.com\/wp-content\/uploads\/2026\/04\/4038986112864_S55321470_P01.jpg\",\"contentUrl\":\"https:\/\/tupique.com\/wp-content\/uploads\/2026\/04\/4038986112864_S55321470_P01.jpg\",\"width\":1200,\"height\":1200,\"caption\":\"S55321470_0\"},{\"@type\":\"BreadcrumbList\",\"@id\":\"https:\/\/tupique.com\/produit\/ecran-aoc-cu34e4cv-ultrawide-quad-hd-34\/#breadcrumb\",\"itemListElement\":[{\"@type\":\"ListItem\",\"position\":1,\"name\":\"In\u00edcio\",\"item\":\"https:\/\/tupique.com\/\"},{\"@type\":\"ListItem\",\"position\":2,\"name\":\"Boutique\",\"item\":\"https:\/\/tupique.com\/en\/boutique\/\"},{\"@type\":\"ListItem\",\"position\":3,\"name\":\"\u00c9cran AOC CU34E4CV UltraWide Quad HD 34&#8243;\"}]},{\"@type\":\"WebSite\",\"@id\":\"https:\/\/tupique.com\/#website\",\"url\":\"https:\/\/tupique.com\/\",\"name\":\"Tupique\",\"description\":\"Marketplace\",\"publisher\":{\"@id\":\"https:\/\/tupique.com\/#organization\"},\"potentialAction\":[{\"@type\":\"SearchAction\",\"target\":{\"@type\":\"EntryPoint\",\"urlTemplate\":\"https:\/\/tupique.com\/?s={search_term_string}\"},\"query-input\":{\"@type\":\"PropertyValueSpecification\",\"valueRequired\":true,\"valueName\":\"search_term_string\"}}],\"inLanguage\":\"pt-PT\"},{\"@type\":\"Organization\",\"@id\":\"https:\/\/tupique.com\/#organization\",\"name\":\"Tupique\",\"url\":\"https:\/\/tupique.com\/\",\"logo\":{\"@type\":\"ImageObject\",\"inLanguage\":\"pt-PT\",\"@id\":\"https:\/\/tupique.com\/#\/schema\/logo\/image\/\",\"url\":\"https:\/\/tupique.com\/wp-content\/uploads\/2024\/09\/logo.png\",\"contentUrl\":\"https:\/\/tupique.com\/wp-content\/uploads\/2024\/09\/logo.png\",\"width\":1118,\"height\":310,\"caption\":\"Tupique\"},\"image\":{\"@id\":\"https:\/\/tupique.com\/#\/schema\/logo\/image\/\"}}]}<\/script>\n<!-- \/ Yoast SEO plugin. -->","yoast_head_json":{"title":"\u00c9cran AOC CU34E4CV UltraWide Quad HD 34\" - Tupique","description":"Vous cherchez \u00c9cran AOC CU34E4CV UltraWide Quad HD 34\" ? Achetez des produits chez Tupique. Profitez de la livraison gratuite pour obtenir \u00c9cran AOC CU34E4CV UltraWide Quad HD 34\" d\u00e8s maintenant.","robots":{"index":"index","follow":"follow","max-snippet":"max-snippet:-1","max-image-preview":"max-image-preview:large","max-video-preview":"max-video-preview:-1"},"canonical":"https:\/\/tupique.com\/pt\/produto\/ecran-aoc-cu34e4cv-ultrawide-quad-hd-34\/","og_locale":"pt_PT","og_type":"article","og_title":"\u00c9cran AOC CU34E4CV UltraWide Quad HD 34\" - Tupique","og_description":"Vous cherchez \u00c9cran AOC CU34E4CV UltraWide Quad HD 34\" ? Achetez des produits chez Tupique. Profitez de la livraison gratuite pour obtenir \u00c9cran AOC CU34E4CV UltraWide Quad HD 34\" d\u00e8s maintenant.","og_url":"https:\/\/tupique.com\/pt\/produto\/ecran-aoc-cu34e4cv-ultrawide-quad-hd-34\/","og_site_name":"Tupique","twitter_card":"summary_large_image","schema":{"@context":"https:\/\/schema.org","@graph":[{"@type":"WebPage","@id":"https:\/\/tupique.com\/produit\/ecran-aoc-cu34e4cv-ultrawide-quad-hd-34\/","url":"https:\/\/tupique.com\/produit\/ecran-aoc-cu34e4cv-ultrawide-quad-hd-34\/","name":"\u00c9cran AOC CU34E4CV UltraWide Quad HD 34\" - Tupique","isPartOf":{"@id":"https:\/\/tupique.com\/#website"},"primaryImageOfPage":{"@id":"https:\/\/tupique.com\/produit\/ecran-aoc-cu34e4cv-ultrawide-quad-hd-34\/#primaryimage"},"image":{"@id":"https:\/\/tupique.com\/produit\/ecran-aoc-cu34e4cv-ultrawide-quad-hd-34\/#primaryimage"},"thumbnailUrl":"https:\/\/tupique.com\/wp-content\/uploads\/2026\/04\/4038986112864_S55321470_P01.jpg","datePublished":"2026-04-09T22:02:20+00:00","description":"Vous cherchez \u00c9cran AOC CU34E4CV UltraWide Quad HD 34\" ? Achetez des produits chez Tupique. Profitez de la livraison gratuite pour obtenir \u00c9cran AOC CU34E4CV UltraWide Quad HD 34\" d\u00e8s maintenant.","breadcrumb":{"@id":"https:\/\/tupique.com\/produit\/ecran-aoc-cu34e4cv-ultrawide-quad-hd-34\/#breadcrumb"},"inLanguage":"pt-PT","potentialAction":[{"@type":"ReadAction","target":["https:\/\/tupique.com\/produit\/ecran-aoc-cu34e4cv-ultrawide-quad-hd-34\/"]}]},{"@type":"ImageObject","inLanguage":"pt-PT","@id":"https:\/\/tupique.com\/produit\/ecran-aoc-cu34e4cv-ultrawide-quad-hd-34\/#primaryimage","url":"https:\/\/tupique.com\/wp-content\/uploads\/2026\/04\/4038986112864_S55321470_P01.jpg","contentUrl":"https:\/\/tupique.com\/wp-content\/uploads\/2026\/04\/4038986112864_S55321470_P01.jpg","width":1200,"height":1200,"caption":"S55321470_0"},{"@type":"BreadcrumbList","@id":"https:\/\/tupique.com\/produit\/ecran-aoc-cu34e4cv-ultrawide-quad-hd-34\/#breadcrumb","itemListElement":[{"@type":"ListItem","position":1,"name":"In\u00edcio","item":"https:\/\/tupique.com\/"},{"@type":"ListItem","position":2,"name":"Boutique","item":"https:\/\/tupique.com\/en\/boutique\/"},{"@type":"ListItem","position":3,"name":"\u00c9cran AOC CU34E4CV UltraWide Quad HD 34&#8243;"}]},{"@type":"WebSite","@id":"https:\/\/tupique.com\/#website","url":"https:\/\/tupique.com\/","name":"Tupique","description":"Marketplace","publisher":{"@id":"https:\/\/tupique.com\/#organization"},"potentialAction":[{"@type":"SearchAction","target":{"@type":"EntryPoint","urlTemplate":"https:\/\/tupique.com\/?s={search_term_string}"},"query-input":{"@type":"PropertyValueSpecification","valueRequired":true,"valueName":"search_term_string"}}],"inLanguage":"pt-PT"},{"@type":"Organization","@id":"https:\/\/tupique.com\/#organization","name":"Tupique","url":"https:\/\/tupique.com\/","logo":{"@type":"ImageObject","inLanguage":"pt-PT","@id":"https:\/\/tupique.com\/#\/schema\/logo\/image\/","url":"https:\/\/tupique.com\/wp-content\/uploads\/2024\/09\/logo.png","contentUrl":"https:\/\/tupique.com\/wp-content\/uploads\/2024\/09\/logo.png","width":1118,"height":310,"caption":"Tupique"},"image":{"@id":"https:\/\/tupique.com\/#\/schema\/logo\/image\/"}}]}},"jetpack_sharing_enabled":true,"_links":{"self":[{"href":"https:\/\/tupique.com\/pt\/wp-json\/wp\/v2\/product\/4386746","targetHints":{"allow":["GET"]}}],"collection":[{"href":"https:\/\/tupique.com\/pt\/wp-json\/wp\/v2\/product"}],"about":[{"href":"https:\/\/tupique.com\/pt\/wp-json\/wp\/v2\/types\/product"}],"replies":[{"embeddable":true,"href":"https:\/\/tupique.com\/pt\/wp-json\/wp\/v2\/comments?post=4386746"}],"wp:featuredmedia":[{"embeddable":true,"href":"https:\/\/tupique.com\/pt\/wp-json\/wp\/v2\/media\/4386728"}],"wp:attachment":[{"href":"https:\/\/tupique.com\/pt\/wp-json\/wp\/v2\/media?parent=4386746"}],"wp:term":[{"taxonomy":"product_brand","embeddable":true,"href":"https:\/\/tupique.com\/pt\/wp-json\/wp\/v2\/product_brand?post=4386746"},{"taxonomy":"product_cat","embeddable":true,"href":"https:\/\/tupique.com\/pt\/wp-json\/wp\/v2\/product_cat?post=4386746"},{"taxonomy":"product_tag","embeddable":true,"href":"https:\/\/tupique.com\/pt\/wp-json\/wp\/v2\/product_tag?post=4386746"}],"curies":[{"name":"wp","href":"https:\/\/api.w.org\/{rel}","templated":true}]}}