{"id":44555,"date":"2026-03-30T17:47:20","date_gmt":"2026-03-30T16:47:20","guid":{"rendered":"https:\/\/bigbuy.tupique.com\/produto\/smartphone-apple-iphone-air-65-hexa-core-12-gb-ram-512-gb-white\/"},"modified":"2026-04-11T14:36:25","modified_gmt":"2026-04-11T13:36:25","slug":"smartphone-apple-iphone-air-65-hexa-core-12-gb-ram-512-gb-white","status":"publish","type":"product","link":"https:\/\/tupique.com\/pt\/product\/smartphone-apple-iphone-air-65-hexa-core-12-gb-ram-512-gb-white\/","title":{"rendered":"Smartphone Apple iPhone Air 6,5&#8243; Hexa Core 12 GB RAM 512 GB White"},"content":{"rendered":"<p>Se tem paix\u00e3o por <b>TI e eletr\u00f3nica<\/b>, como estar a par das novidades tecnol\u00f3gicas e n\u00e3o falhar nem o mais \u00ednfimo detalhe, compre <b> Smartphone Apple iPhone Air 6,5&#8243; Hexa Core 12 GB RAM 512 GB White <\/b> a um pre\u00e7o imbat\u00edvel.<\/p>\n<p>O <b>Air 512GB<\/b> by Apple is a <b>telem\u00f3vel<\/b> designed for those who prioritize storage capacity and technological sophistication in their mobile device. It features a <b>6.5-inch display<\/b> suitable for both multimedia consumption and daily productivity, delivering sharp and immersive visuals. Its main strength lies in the <b>512 GB of internal storage<\/b>, offering ample space to store large volumes of high-resolution photos, 4K videos, and demanding apps without space limitations. With an elegant <b>white finish<\/b>, this model integrates advanced technologies such as <b>GPS<\/b> for precise navigation, a <b>barometer<\/b> for environmental monitoring, and an <b>ambient light sensor<\/b> that automatically adjusts screen brightness to enhance visibility and visual comfort in various situations. It also includes features like <b>video calling<\/b> e <b>HDR<\/b> support for images, optimizing video communication quality and capturing photos with a wider dynamic range. Its design combines Apple\u2019s distinctive aesthetics with the durability and performance expected in the high-end segment, making it an excellent choice for users seeking a balanced, efficient, and cutting-edge device. With this model, Apple reinforces its commitment to integrating large capacities and modern features into everyday life.<\/p>\n<ul>\n<li>Screen: 6,5&#8243;<\/li>\n<li>Operating System: iOS<\/li>\n<li>Power: 20 W<\/li>\n<li>Conectividade:\n<ul>\n<li>NFC<\/li>\n<li>Bluetooth<\/li>\n<li>Wi-Fi<\/li>\n<li>BeiDou<\/li>\n<li>5G<\/li>\n<li>Wi-Fi positioning<\/li>\n<li>eSIM<\/li>\n<\/ul>\n<\/li>\n<li>M\u00e1quina fotogr\u00e1fica\n<ul>\n<li>48 MP<\/li>\n<li>Frente<\/li>\n<li>Rear<\/li>\n<\/ul>\n<\/li>\n<li>Conex\u00f5es:\n<ul>\n<li>USB-C<\/li>\n<li>USB<\/li>\n<li>USB 2.0<\/li>\n<\/ul>\n<\/li>\n<li>Processador:\n<ul>\n<li>Hexa Core<\/li>\n<li>A19 Pro<\/li>\n<\/ul>\n<\/li>\n<li>Mem\u00f3ria RAM: 12 GB RAM<\/li>\n<li>Mem\u00f3ria Interna: 512 GB<\/li>\n<li>Colour: White<\/li>\n<li>Caracter\u00edsticas:\n<ul>\n<li>GPS<\/li>\n<li>Barometer<\/li>\n<li>Sensor de luz ambiente<\/li>\n<li>Videocall<\/li>\n<li>HDR<\/li>\n<li>Foco autom\u00e1tico<\/li>\n<li>Voice activation<\/li>\n<li>Installation guide included<\/li>\n<li>Carregamento r\u00e1pido e seguro<\/li>\n<li>SMS<\/li>\n<li>Carregador sem fios<\/li>\n<li>Image stabilisation<\/li>\n<li>Sensor de proximidade<\/li>\n<li>Screen with rounded corners<\/li>\n<li>Ecr\u00e3 plano<\/li>\n<\/ul>\n<\/li>\n<li>Zoom digital: 10x<\/li>\n<li>Energy classification: A<\/li>\n<li>Sensores:\n<ul>\n<li>Aceler\u00f3metro<\/li>\n<li>Girosc\u00f3pio<\/li>\n<li>Magnetic<\/li>\n<\/ul>\n<\/li>\n<li>Includes: Speaker<\/li>\n<li>3D: No<\/li>\n<li>Functions:\n<ul>\n<li>ECO<\/li>\n<li>Geo-localisation<\/li>\n<li>Vibration<\/li>\n<\/ul>\n<\/li>\n<li>Tecnologia:\n<ul>\n<li>Mime<\/li>\n<li>Glonass<\/li>\n<li>OLED<\/li>\n<\/ul>\n<\/li>\n<li>Type: Dual SIM<\/li>\n<li>Shine: 1000 cd\/m\u00b2<\/li>\n<li>N\u00e3o inclu\u00eddo: Adaptador AC<\/li>\n<li>Frequ\u00eancia: 120 Hz<\/li>\n<li>Flash: No<\/li>\n<li>Battery type: Litio Ion<\/li>\n<li>N\u00facleos:\n<ul>\n<li>6 Nuclei<\/li>\n<li>16 Nuclei<\/li>\n<\/ul>\n<\/li>\n<li>Resolu\u00e7\u00e3o (px):\n<ul>\n<li>3840 x 2160 px<\/li>\n<li>2160 px<\/li>\n<\/ul>\n<\/li>\n<\/ul>","protected":false},"excerpt":{"rendered":"<p>If you&#8217;re passionate about IT and electronics, like being up to date on technology and don&#8217;t miss even the slightest details, buy Smartphone Apple iPhone Air 6,5&#8243; Hexa Core 12 GB RAM 512 GB White at an unbeatable price. The Air 512GB by Apple is a smartphone designed for those who prioritize storage capacity and [&hellip;]<\/p>\n","protected":false},"featured_media":164474,"comment_status":"open","ping_status":"closed","template":"","meta":[],"product_brand":[979],"product_cat":[65,575,960],"product_tag":[213,566,106],"class_list":{"0":"post-44555","1":"product","2":"type-product","3":"status-publish","4":"has-post-thumbnail","6":"product_brand-brandp_533","7":"product_cat-computers-electronics","8":"product_cat-electronics-phones-tablets","9":"product_cat-mobile-phones","10":"product_tag-tag_933","11":"product_tag-tag_547","12":"product_tag-tag_1295","14":"first","15":"instock","16":"taxable","17":"shipping-taxable","18":"purchasable","19":"product-type-simple"},"yoast_head":"<!-- This site is optimized with the Yoast SEO plugin v27.5 - https:\/\/yoast.com\/product\/yoast-seo-wordpress\/ -->\n<title>Smartphone Apple iPhone Air 6,5&quot; Hexa Core 12 GB RAM 512 GB White - Tupique<\/title>\n<meta name=\"robots\" content=\"index, follow, max-snippet:-1, max-image-preview:large, max-video-preview:-1\" \/>\n<link rel=\"canonical\" href=\"https:\/\/tupique.com\/pt\/product\/smartphone-apple-iphone-air-65-hexa-core-12-gb-ram-512-gb-white\/\" \/>\n<meta property=\"og:locale\" content=\"pt_PT\" \/>\n<meta property=\"og:type\" content=\"article\" \/>\n<meta property=\"og:title\" content=\"Smartphone Apple iPhone Air 6,5&quot; Hexa Core 12 GB RAM 512 GB White - Tupique\" \/>\n<meta property=\"og:description\" content=\"If you&#8217;re passionate about IT and electronics, like being up to date on technology and don&#8217;t miss even the slightest details, buy Smartphone Apple iPhone Air 6,5&#8243; Hexa Core 12 GB RAM 512 GB White at an unbeatable price. The Air 512GB by Apple is a smartphone designed for those who prioritize storage capacity and [&hellip;]\" \/>\n<meta property=\"og:url\" content=\"https:\/\/tupique.com\/pt\/product\/smartphone-apple-iphone-air-65-hexa-core-12-gb-ram-512-gb-white\/\" \/>\n<meta property=\"og:site_name\" content=\"Tupique\" \/>\n<meta property=\"article:modified_time\" content=\"2026-04-11T13:36:25+00:00\" \/>\n<meta property=\"og:image\" content=\"https:\/\/tupique.com\/wp-content\/uploads\/2026\/04\/M0806655_P00-1.jpg\" \/>\n\t<meta property=\"og:image:width\" content=\"1200\" \/>\n\t<meta property=\"og:image:height\" content=\"1200\" \/>\n\t<meta property=\"og:image:type\" content=\"image\/jpeg\" \/>\n<meta name=\"twitter:card\" content=\"summary_large_image\" \/>\n<meta name=\"twitter:label1\" content=\"Tempo estimado de leitura\" \/>\n\t<meta name=\"twitter:data1\" content=\"1 minuto\" \/>\n<script type=\"application\/ld+json\" class=\"yoast-schema-graph\">{\"@context\":\"https:\\\/\\\/schema.org\",\"@graph\":[{\"@type\":\"WebPage\",\"@id\":\"https:\\\/\\\/tupique.com\\\/product\\\/smartphone-apple-iphone-air-65-hexa-core-12-gb-ram-512-gb-white\\\/\",\"url\":\"https:\\\/\\\/tupique.com\\\/product\\\/smartphone-apple-iphone-air-65-hexa-core-12-gb-ram-512-gb-white\\\/\",\"name\":\"Smartphone Apple iPhone Air 6,5\\\" Hexa Core 12 GB RAM 512 GB White - Tupique\",\"isPartOf\":{\"@id\":\"https:\\\/\\\/tupique.com\\\/#website\"},\"primaryImageOfPage\":{\"@id\":\"https:\\\/\\\/tupique.com\\\/product\\\/smartphone-apple-iphone-air-65-hexa-core-12-gb-ram-512-gb-white\\\/#primaryimage\"},\"image\":{\"@id\":\"https:\\\/\\\/tupique.com\\\/product\\\/smartphone-apple-iphone-air-65-hexa-core-12-gb-ram-512-gb-white\\\/#primaryimage\"},\"thumbnailUrl\":\"https:\\\/\\\/tupique.com\\\/wp-content\\\/uploads\\\/2026\\\/04\\\/M0806655_P00-1.jpg\",\"datePublished\":\"2026-03-30T16:47:20+00:00\",\"dateModified\":\"2026-04-11T13:36:25+00:00\",\"breadcrumb\":{\"@id\":\"https:\\\/\\\/tupique.com\\\/product\\\/smartphone-apple-iphone-air-65-hexa-core-12-gb-ram-512-gb-white\\\/#breadcrumb\"},\"inLanguage\":\"pt-PT\",\"potentialAction\":[{\"@type\":\"ReadAction\",\"target\":[\"https:\\\/\\\/tupique.com\\\/product\\\/smartphone-apple-iphone-air-65-hexa-core-12-gb-ram-512-gb-white\\\/\"]}]},{\"@type\":\"ImageObject\",\"inLanguage\":\"pt-PT\",\"@id\":\"https:\\\/\\\/tupique.com\\\/product\\\/smartphone-apple-iphone-air-65-hexa-core-12-gb-ram-512-gb-white\\\/#primaryimage\",\"url\":\"https:\\\/\\\/tupique.com\\\/wp-content\\\/uploads\\\/2026\\\/04\\\/M0806655_P00-1.jpg\",\"contentUrl\":\"https:\\\/\\\/tupique.com\\\/wp-content\\\/uploads\\\/2026\\\/04\\\/M0806655_P00-1.jpg\",\"width\":1200,\"height\":1200,\"caption\":\"M0806655_0\"},{\"@type\":\"BreadcrumbList\",\"@id\":\"https:\\\/\\\/tupique.com\\\/product\\\/smartphone-apple-iphone-air-65-hexa-core-12-gb-ram-512-gb-white\\\/#breadcrumb\",\"itemListElement\":[{\"@type\":\"ListItem\",\"position\":1,\"name\":\"commencer\",\"item\":\"https:\\\/\\\/tupique.com\\\/\"},{\"@type\":\"ListItem\",\"position\":2,\"name\":\"Loja\",\"item\":\"https:\\\/\\\/tupique.com\\\/loja\\\/\"},{\"@type\":\"ListItem\",\"position\":3,\"name\":\"Smartphone Apple iPhone Air 6,5&#8243; Hexa Core 12 GB RAM 512 GB White\"}]},{\"@type\":\"WebSite\",\"@id\":\"https:\\\/\\\/tupique.com\\\/#website\",\"url\":\"https:\\\/\\\/tupique.com\\\/\",\"name\":\"Tupique\",\"description\":\"\",\"publisher\":{\"@id\":\"https:\\\/\\\/tupique.com\\\/#organization\"},\"potentialAction\":[{\"@type\":\"SearchAction\",\"target\":{\"@type\":\"EntryPoint\",\"urlTemplate\":\"https:\\\/\\\/tupique.com\\\/?s={search_term_string}\"},\"query-input\":{\"@type\":\"PropertyValueSpecification\",\"valueRequired\":true,\"valueName\":\"search_term_string\"}}],\"inLanguage\":\"pt-PT\"},{\"@type\":\"Organization\",\"@id\":\"https:\\\/\\\/tupique.com\\\/#organization\",\"name\":\"Tupique\",\"url\":\"https:\\\/\\\/tupique.com\\\/\",\"logo\":{\"@type\":\"ImageObject\",\"inLanguage\":\"pt-PT\",\"@id\":\"https:\\\/\\\/tupique.com\\\/#\\\/schema\\\/logo\\\/image\\\/\",\"url\":\"https:\\\/\\\/tupique.com\\\/wp-content\\\/uploads\\\/2026\\\/03\\\/logo-tupique-1.webp\",\"contentUrl\":\"https:\\\/\\\/tupique.com\\\/wp-content\\\/uploads\\\/2026\\\/03\\\/logo-tupique-1.webp\",\"width\":500,\"height\":67,\"caption\":\"Tupique\"},\"image\":{\"@id\":\"https:\\\/\\\/tupique.com\\\/#\\\/schema\\\/logo\\\/image\\\/\"}}]}<\/script>\n<!-- \/ Yoast SEO plugin. -->","yoast_head_json":{"title":"Smartphone Apple iPhone Air 6,5\" Hexa Core 12 GB RAM 512 GB White - Tupique","robots":{"index":"index","follow":"follow","max-snippet":"max-snippet:-1","max-image-preview":"max-image-preview:large","max-video-preview":"max-video-preview:-1"},"canonical":"https:\/\/tupique.com\/pt\/product\/smartphone-apple-iphone-air-65-hexa-core-12-gb-ram-512-gb-white\/","og_locale":"pt_PT","og_type":"article","og_title":"Smartphone Apple iPhone Air 6,5\" Hexa Core 12 GB RAM 512 GB White - Tupique","og_description":"If you&#8217;re passionate about IT and electronics, like being up to date on technology and don&#8217;t miss even the slightest details, buy Smartphone Apple iPhone Air 6,5&#8243; Hexa Core 12 GB RAM 512 GB White at an unbeatable price. The Air 512GB by Apple is a smartphone designed for those who prioritize storage capacity and [&hellip;]","og_url":"https:\/\/tupique.com\/pt\/product\/smartphone-apple-iphone-air-65-hexa-core-12-gb-ram-512-gb-white\/","og_site_name":"Tupique","article_modified_time":"2026-04-11T13:36:25+00:00","og_image":[{"width":1200,"height":1200,"url":"https:\/\/tupique.com\/wp-content\/uploads\/2026\/04\/M0806655_P00-1.jpg","type":"image\/jpeg"}],"twitter_card":"summary_large_image","twitter_misc":{"Tempo estimado de leitura":"1 minuto"},"schema":{"@context":"https:\/\/schema.org","@graph":[{"@type":"WebPage","@id":"https:\/\/tupique.com\/product\/smartphone-apple-iphone-air-65-hexa-core-12-gb-ram-512-gb-white\/","url":"https:\/\/tupique.com\/product\/smartphone-apple-iphone-air-65-hexa-core-12-gb-ram-512-gb-white\/","name":"Smartphone Apple iPhone Air 6,5\" Hexa Core 12 GB RAM 512 GB White - Tupique","isPartOf":{"@id":"https:\/\/tupique.com\/#website"},"primaryImageOfPage":{"@id":"https:\/\/tupique.com\/product\/smartphone-apple-iphone-air-65-hexa-core-12-gb-ram-512-gb-white\/#primaryimage"},"image":{"@id":"https:\/\/tupique.com\/product\/smartphone-apple-iphone-air-65-hexa-core-12-gb-ram-512-gb-white\/#primaryimage"},"thumbnailUrl":"https:\/\/tupique.com\/wp-content\/uploads\/2026\/04\/M0806655_P00-1.jpg","datePublished":"2026-03-30T16:47:20+00:00","dateModified":"2026-04-11T13:36:25+00:00","breadcrumb":{"@id":"https:\/\/tupique.com\/product\/smartphone-apple-iphone-air-65-hexa-core-12-gb-ram-512-gb-white\/#breadcrumb"},"inLanguage":"pt-PT","potentialAction":[{"@type":"ReadAction","target":["https:\/\/tupique.com\/product\/smartphone-apple-iphone-air-65-hexa-core-12-gb-ram-512-gb-white\/"]}]},{"@type":"ImageObject","inLanguage":"pt-PT","@id":"https:\/\/tupique.com\/product\/smartphone-apple-iphone-air-65-hexa-core-12-gb-ram-512-gb-white\/#primaryimage","url":"https:\/\/tupique.com\/wp-content\/uploads\/2026\/04\/M0806655_P00-1.jpg","contentUrl":"https:\/\/tupique.com\/wp-content\/uploads\/2026\/04\/M0806655_P00-1.jpg","width":1200,"height":1200,"caption":"M0806655_0"},{"@type":"BreadcrumbList","@id":"https:\/\/tupique.com\/product\/smartphone-apple-iphone-air-65-hexa-core-12-gb-ram-512-gb-white\/#breadcrumb","itemListElement":[{"@type":"ListItem","position":1,"name":"commencer","item":"https:\/\/tupique.com\/"},{"@type":"ListItem","position":2,"name":"Loja","item":"https:\/\/tupique.com\/loja\/"},{"@type":"ListItem","position":3,"name":"Smartphone Apple iPhone Air 6,5&#8243; Hexa Core 12 GB RAM 512 GB White"}]},{"@type":"WebSite","@id":"https:\/\/tupique.com\/#website","url":"https:\/\/tupique.com\/","name":"Tupique","description":"","publisher":{"@id":"https:\/\/tupique.com\/#organization"},"potentialAction":[{"@type":"SearchAction","target":{"@type":"EntryPoint","urlTemplate":"https:\/\/tupique.com\/?s={search_term_string}"},"query-input":{"@type":"PropertyValueSpecification","valueRequired":true,"valueName":"search_term_string"}}],"inLanguage":"pt-PT"},{"@type":"Organization","@id":"https:\/\/tupique.com\/#organization","name":"Tupique","url":"https:\/\/tupique.com\/","logo":{"@type":"ImageObject","inLanguage":"pt-PT","@id":"https:\/\/tupique.com\/#\/schema\/logo\/image\/","url":"https:\/\/tupique.com\/wp-content\/uploads\/2026\/03\/logo-tupique-1.webp","contentUrl":"https:\/\/tupique.com\/wp-content\/uploads\/2026\/03\/logo-tupique-1.webp","width":500,"height":67,"caption":"Tupique"},"image":{"@id":"https:\/\/tupique.com\/#\/schema\/logo\/image\/"}}]}},"_links":{"self":[{"href":"https:\/\/tupique.com\/pt\/wp-json\/wp\/v2\/product\/44555","targetHints":{"allow":["GET"]}}],"collection":[{"href":"https:\/\/tupique.com\/pt\/wp-json\/wp\/v2\/product"}],"about":[{"href":"https:\/\/tupique.com\/pt\/wp-json\/wp\/v2\/types\/product"}],"replies":[{"embeddable":true,"href":"https:\/\/tupique.com\/pt\/wp-json\/wp\/v2\/comments?post=44555"}],"wp:featuredmedia":[{"embeddable":true,"href":"https:\/\/tupique.com\/pt\/wp-json\/wp\/v2\/media\/164474"}],"wp:attachment":[{"href":"https:\/\/tupique.com\/pt\/wp-json\/wp\/v2\/media?parent=44555"}],"wp:term":[{"taxonomy":"product_brand","embeddable":true,"href":"https:\/\/tupique.com\/pt\/wp-json\/wp\/v2\/product_brand?post=44555"},{"taxonomy":"product_cat","embeddable":true,"href":"https:\/\/tupique.com\/pt\/wp-json\/wp\/v2\/product_cat?post=44555"},{"taxonomy":"product_tag","embeddable":true,"href":"https:\/\/tupique.com\/pt\/wp-json\/wp\/v2\/product_tag?post=44555"}],"curies":[{"name":"wp","href":"https:\/\/api.w.org\/{rel}","templated":true}]}}