{"id":48095,"date":"2026-03-30T23:32:52","date_gmt":"2026-03-30T21:32:52","guid":{"rendered":"https:\/\/bigbuy.tupique.com\/produto\/wall-mounted-rack-cabinet-startech-rk2433bkm-refurbished-c\/"},"modified":"2026-05-09T02:32:14","modified_gmt":"2026-05-09T00:32:14","slug":"wall-mounted-rack-cabinet-startech-rk2433bkm-refurbished-c","status":"publish","type":"product","link":"https:\/\/tupique.com\/pt\/product\/wall-mounted-rack-cabinet-startech-rk2433bkm-refurbished-c\/","title":{"rendered":"Arm\u00e1rio de Parede Rack Startech RK2433BKM (Recondicionado C)"},"content":{"rendered":"<p>Si vous \u00eates passionn\u00e9 d&#8217;<b>informatique et d&#8217;\u00e9lectronique<\/b>, si vous \u00eates \u00e0 la pointe de la technologie et qu&#8217;aucun d\u00e9tail ne vous \u00e9chappe, achetez <b>Arm\u00e1rio de Parede Rack Startech RK2433BKM (Recondicionado C)<\/b> au meilleur prix.<\/p>\n<p>Ler <b>armoire rack mural RK2433BKM<\/b> de la marque Startech est un <b>rack<\/b> sp\u00e9cialement con\u00e7u pour offrir une solution s\u00fbre et polyvalente pour le stockage et le montage de serveurs et \u00e9quipements r\u00e9seau en environnements professionnels. Fabriqu\u00e9 en <b>acier<\/b> robuste et fini en <b>noir<\/b>, ce meuble dispose d\u2019une capacit\u00e9 de <b>24U<\/b>, compatible avec les appareils standards de montage en rack de <b>19 pouces<\/b>, facilitant l\u2019int\u00e9gration de serveurs Dell\u00ae, HP\u00ae, IBM\u00ae ainsi que d\u2019\u00e9quipements t\u00e9l\u00e9com ou A\/V conformes \u00e0 la norme EIA-310. Sa structure supporte une charge maximale allant jusqu\u2019\u00e0 <b>450 kg<\/b>, garantissant la solidit\u00e9 n\u00e9cessaire pour les syst\u00e8mes exigeants. Il se distingue par ses <b>rails de montage r\u00e9glables<\/b>, permettant d\u2019ajuster la profondeur de 2&#8243; \u00e0 30&#8243; (76,2 mm \u00e0 780 mm), assurant la compatibilit\u00e9 avec des \u00e9quipements de diff\u00e9rentes tailles et facilitant une installation ordonn\u00e9e et adaptable. Pour optimiser la gestion interne des c\u00e2bles, il inclut une bobine de 3 m\u00e8tres de colliers auto-adh\u00e9sifs, pouvant \u00eatre coup\u00e9s \u00e0 la taille souhait\u00e9e pour maintenir l\u2019ordre et faciliter la maintenance. Concernant le passage des c\u00e2bles, l\u2019armoire est \u00e9quip\u00e9e de panneaux perfor\u00e9s et de caches au plafond et au sol, permettant un passage discret des c\u00e2bles vers l\u2019int\u00e9rieur et l\u2019ext\u00e9rieur du rack. Son design int\u00e8gre des \u0153illets de mise \u00e0 la terre, renfor\u00e7ant la protection \u00e9lectrique des \u00e9quipements install\u00e9s. Ce mod\u00e8le comprend \u00e9galement une \u00e9tag\u00e8re suppl\u00e9mentaire de <b>1U<\/b> pour placer des dispositifs non montables en rack ou pour ranger les outils n\u00e9cessaires. L\u2019armoire est livr\u00e9e <b>enti\u00e8rement assembl\u00e9e<\/b>, ce qui r\u00e9duit significativement le temps et la complexit\u00e9 de sa mise en service. Pour garantir la s\u00e9curit\u00e9 physique des appareils, elle est dot\u00e9e de <b>portes avant et arri\u00e8re en maille avec serrure<\/b> qui, en plus d\u2019assurer une ventilation passive, permettent de choisir le sens d\u2019ouverture selon l\u2019espace disponible. Les panneaux lat\u00e9raux amovibles disposent de fermetures rapides ind\u00e9pendantes, facilitant l\u2019acc\u00e8s int\u00e9rieur sans compromettre la s\u00e9curit\u00e9. Sa maniabilit\u00e9 est am\u00e9lior\u00e9e gr\u00e2ce aux <b>roulettes incluses<\/b>, permettant de d\u00e9placer facilement le rack entre diff\u00e9rentes salles ou emplacements, ses dimensions \u00e9tant adapt\u00e9es pour passer par des portes standard. Avec un poids d\u2019environ <b>59 kg<\/b>, cette armoire offre un bon \u00e9quilibre entre portabilit\u00e9 et stabilit\u00e9. Dans l\u2019ensemble, le Startech RK2433BKM se positionne comme une option fiable et pratique pour l\u2019organisation, la protection et la gestion efficace des infrastructures IT dans des espaces n\u00e9cessitant des solutions compactes et s\u00e9curis\u00e9es.<\/p>\n<ul>\n<li>Type: Rangement<\/li>\n<li>Unit\u00e9s: 24 Unit\u00e9s<\/li>\n<li>Kit de Montage: Oui<\/li>\n<li>Largeur:\n<ul>\n<li>60 cm<\/li>\n<li>64,5 cm<\/li>\n<\/ul>\n<\/li>\n<li>Mati\u00e8re: Acier<\/li>\n<li>Couleur: Noir<\/li>\n<li>Caract\u00e9ristiques:\n<ul>\n<li>De Sol<\/li>\n<li>Verrou de s\u00e9curit\u00e9<\/li>\n<\/ul>\n<\/li>\n<li>Compatible: 19&#8243;<\/li>\n<li>Capacit\u00e9: 24U<\/li>\n<li>Long: 85,3 cm<\/li>\n<li>\u00c9lev\u00e9: 139 cm<\/li>\n<li>Ann\u00e9e: 2019<\/li>\n<li>Connexions: SATA<\/li>\n<li>Certificat: RoHS<\/li>\n<li>Inclut: Vis<\/li>\n<li>Bloc d\u2019Alimentation: Courant CA<\/li>\n<\/ul>\n<p>RECONDITIONN\u00c9S: Il s\u00b4agit de produits renvoy\u00e9s pendant la p\u00e9riode de d\u00e9sistement ou d\u00b4exposition qui ont pu \u00eatre utilis\u00e9s pour effectuer des tests ; certains se vendent avec l\u00b4emballage en mauvaise \u00e9tat ou avec l\u00b4emballage original visiblement ouvert. Tous les produits ont subi une r\u00e9vision, ils contiennent la garantie officielle de la marque et fonctionnent parfaitement. Classification selon leur \u00e9tat: <\/p>\n<ul>\n<li>A+\/ Impeccable : produits en \u00e9tat impeccable dont l\u00b4emballage original peut se trouver ouvert ou a \u00e9t\u00e9 remplac\u00e9 par un autre en parfaites conditions.<\/li>\n<li>A\/ Comme neuf : produits en parfait \u00e9tat comme neuf dont l\u00b4emballage original peut se trouver ouvert ou l\u00e9g\u00e8rement d\u00e9t\u00e9rior\u00e9, ou a \u00e9t\u00e9 remplac\u00e9 par un autre.<\/li>\n<li>B\/ Tr\u00e8s bien : produits en tr\u00e8s bon \u00e9tat, avec de possibles d\u00e9fauts esth\u00e9tiques l\u00e9gers, qui fonctionnent parfaitement et dont l\u00b4emballage original peut se trouver ouvert ou l\u00e9g\u00e8rement d\u00e9t\u00e9rior\u00e9.<\/li>\n<li>C\/ Bon \u00e9tat : produits en bon \u00e9tat, avec de possibles d\u00e9fauts esth\u00e9tiques, qui fonctionnent parfaitement et dont l\u00b4emballage original peut se trouver ouvert ou l\u00e9g\u00e8rement d\u00e9t\u00e9rior\u00e9.<\/li>\n<li>D\/ Correct : produits en correct \u00e9tat, avec de possibles d\u00e9fauts esth\u00e9tiques ou manque d\u00b4un accessoires quelconques, qui fonctionnent parfaitement et dont l\u00b4emballage original peut se trouver ouvert ou l\u00e9g\u00e8rement d\u00e9t\u00e9rior\u00e9.<\/li>\n<\/ul>","protected":false},"excerpt":{"rendered":"<p>Si vous \u00eates passionn\u00e9 d&#8217;informatique et d&#8217;\u00e9lectronique, si vous \u00eates \u00e0 la pointe de la technologie et qu&#8217;aucun d\u00e9tail ne vous \u00e9chappe, achetez Armoire Murale Rack Startech RK2433BKM (Reconditionn\u00e9 C) au meilleur prix. Le armoire rack mural RK2433BKM de la marque Startech est un rack sp\u00e9cialement con\u00e7u pour offrir une solution s\u00fbre et polyvalente pour [&hellip;]<\/p>\n","protected":false},"featured_media":48093,"comment_status":"open","ping_status":"closed","template":"","meta":[],"product_brand":[634],"product_cat":[605,65,584,173,174],"product_tag":[166,106],"class_list":{"0":"post-48095","1":"product","2":"type-product","3":"status-publish","4":"has-post-thumbnail","6":"product_brand-brandp_4771","7":"product_cat-armoires-rack","8":"product_cat-informatique-electronique","9":"product_cat-informatique-reseaux-et-composants","10":"product_cat-promos-reconditionnes","11":"product_cat-reconditionnes-openbox","12":"product_tag-tag_1297","13":"product_tag-tag_1295","15":"first","16":"instock","17":"taxable","18":"shipping-taxable","19":"purchasable","20":"product-type-simple"},"yoast_head":"<!-- This site is optimized with the Yoast SEO plugin v27.5 - https:\/\/yoast.com\/product\/yoast-seo-wordpress\/ -->\n<title>Armoire Murale Rack Startech RK2433BKM (Reconditionn\u00e9 C) - Tupique<\/title>\n<meta name=\"robots\" content=\"index, follow, max-snippet:-1, max-image-preview:large, max-video-preview:-1\" \/>\n<link rel=\"canonical\" href=\"https:\/\/tupique.com\/pt\/product\/wall-mounted-rack-cabinet-startech-rk2433bkm-refurbished-c\/\" \/>\n<meta property=\"og:locale\" content=\"pt_PT\" \/>\n<meta property=\"og:type\" content=\"article\" \/>\n<meta property=\"og:title\" content=\"Armoire Murale Rack Startech RK2433BKM (Reconditionn\u00e9 C) - Tupique\" \/>\n<meta property=\"og:description\" content=\"Si vous \u00eates passionn\u00e9 d&#8217;informatique et d&#8217;\u00e9lectronique, si vous \u00eates \u00e0 la pointe de la technologie et qu&#8217;aucun d\u00e9tail ne vous \u00e9chappe, achetez Armoire Murale Rack Startech RK2433BKM (Reconditionn\u00e9 C) au meilleur prix. Le armoire rack mural RK2433BKM de la marque Startech est un rack sp\u00e9cialement con\u00e7u pour offrir une solution s\u00fbre et polyvalente pour [&hellip;]\" \/>\n<meta property=\"og:url\" content=\"https:\/\/tupique.com\/pt\/product\/wall-mounted-rack-cabinet-startech-rk2433bkm-refurbished-c\/\" \/>\n<meta property=\"og:site_name\" content=\"Tupique\" \/>\n<meta property=\"article:modified_time\" content=\"2026-05-09T00:32:14+00:00\" \/>\n<meta property=\"og:image\" content=\"https:\/\/tupique.com\/wp-content\/uploads\/2026\/03\/441860660.jpg\" \/>\n\t<meta property=\"og:image:width\" content=\"1200\" \/>\n\t<meta property=\"og:image:height\" content=\"1200\" \/>\n\t<meta property=\"og:image:type\" content=\"image\/jpeg\" \/>\n<meta name=\"twitter:card\" content=\"summary_large_image\" \/>\n<meta name=\"twitter:label1\" content=\"Tempo estimado de leitura\" \/>\n\t<meta name=\"twitter:data1\" content=\"4 minutos\" \/>\n<script type=\"application\/ld+json\" class=\"yoast-schema-graph\">{\"@context\":\"https:\\\/\\\/schema.org\",\"@graph\":[{\"@type\":\"WebPage\",\"@id\":\"https:\\\/\\\/tupique.com\\\/product\\\/wall-mounted-rack-cabinet-startech-rk2433bkm-refurbished-c\\\/\",\"url\":\"https:\\\/\\\/tupique.com\\\/product\\\/wall-mounted-rack-cabinet-startech-rk2433bkm-refurbished-c\\\/\",\"name\":\"Armoire Murale Rack Startech RK2433BKM (Reconditionn\u00e9 C) - Tupique\",\"isPartOf\":{\"@id\":\"https:\\\/\\\/tupique.com\\\/#website\"},\"primaryImageOfPage\":{\"@id\":\"https:\\\/\\\/tupique.com\\\/product\\\/wall-mounted-rack-cabinet-startech-rk2433bkm-refurbished-c\\\/#primaryimage\"},\"image\":{\"@id\":\"https:\\\/\\\/tupique.com\\\/product\\\/wall-mounted-rack-cabinet-startech-rk2433bkm-refurbished-c\\\/#primaryimage\"},\"thumbnailUrl\":\"https:\\\/\\\/tupique.com\\\/wp-content\\\/uploads\\\/2026\\\/03\\\/441860660.jpg\",\"datePublished\":\"2026-03-30T21:32:52+00:00\",\"dateModified\":\"2026-05-09T00:32:14+00:00\",\"breadcrumb\":{\"@id\":\"https:\\\/\\\/tupique.com\\\/product\\\/wall-mounted-rack-cabinet-startech-rk2433bkm-refurbished-c\\\/#breadcrumb\"},\"inLanguage\":\"pt-PT\",\"potentialAction\":[{\"@type\":\"ReadAction\",\"target\":[\"https:\\\/\\\/tupique.com\\\/product\\\/wall-mounted-rack-cabinet-startech-rk2433bkm-refurbished-c\\\/\"]}]},{\"@type\":\"ImageObject\",\"inLanguage\":\"pt-PT\",\"@id\":\"https:\\\/\\\/tupique.com\\\/product\\\/wall-mounted-rack-cabinet-startech-rk2433bkm-refurbished-c\\\/#primaryimage\",\"url\":\"https:\\\/\\\/tupique.com\\\/wp-content\\\/uploads\\\/2026\\\/03\\\/441860660.jpg\",\"contentUrl\":\"https:\\\/\\\/tupique.com\\\/wp-content\\\/uploads\\\/2026\\\/03\\\/441860660.jpg\",\"width\":1200,\"height\":1200,\"caption\":\"V0709957_0\"},{\"@type\":\"BreadcrumbList\",\"@id\":\"https:\\\/\\\/tupique.com\\\/product\\\/wall-mounted-rack-cabinet-startech-rk2433bkm-refurbished-c\\\/#breadcrumb\",\"itemListElement\":[{\"@type\":\"ListItem\",\"position\":1,\"name\":\"commencer\",\"item\":\"https:\\\/\\\/tupique.com\\\/\"},{\"@type\":\"ListItem\",\"position\":2,\"name\":\"Loja\",\"item\":\"https:\\\/\\\/tupique.com\\\/loja\\\/\"},{\"@type\":\"ListItem\",\"position\":3,\"name\":\"Armoire Murale Rack Startech RK2433BKM (Reconditionn\u00e9 C)\"}]},{\"@type\":\"WebSite\",\"@id\":\"https:\\\/\\\/tupique.com\\\/#website\",\"url\":\"https:\\\/\\\/tupique.com\\\/\",\"name\":\"Tupique\",\"description\":\"\",\"publisher\":{\"@id\":\"https:\\\/\\\/tupique.com\\\/#organization\"},\"potentialAction\":[{\"@type\":\"SearchAction\",\"target\":{\"@type\":\"EntryPoint\",\"urlTemplate\":\"https:\\\/\\\/tupique.com\\\/?s={search_term_string}\"},\"query-input\":{\"@type\":\"PropertyValueSpecification\",\"valueRequired\":true,\"valueName\":\"search_term_string\"}}],\"inLanguage\":\"pt-PT\"},{\"@type\":\"Organization\",\"@id\":\"https:\\\/\\\/tupique.com\\\/#organization\",\"name\":\"Tupique\",\"url\":\"https:\\\/\\\/tupique.com\\\/\",\"logo\":{\"@type\":\"ImageObject\",\"inLanguage\":\"pt-PT\",\"@id\":\"https:\\\/\\\/tupique.com\\\/#\\\/schema\\\/logo\\\/image\\\/\",\"url\":\"https:\\\/\\\/tupique.com\\\/wp-content\\\/uploads\\\/2026\\\/03\\\/logo-tupique-1.webp\",\"contentUrl\":\"https:\\\/\\\/tupique.com\\\/wp-content\\\/uploads\\\/2026\\\/03\\\/logo-tupique-1.webp\",\"width\":500,\"height\":67,\"caption\":\"Tupique\"},\"image\":{\"@id\":\"https:\\\/\\\/tupique.com\\\/#\\\/schema\\\/logo\\\/image\\\/\"}}]}<\/script>\n<!-- \/ Yoast SEO plugin. -->","yoast_head_json":{"title":"Armoire Murale Rack Startech RK2433BKM (Reconditionn\u00e9 C) - Tupique","robots":{"index":"index","follow":"follow","max-snippet":"max-snippet:-1","max-image-preview":"max-image-preview:large","max-video-preview":"max-video-preview:-1"},"canonical":"https:\/\/tupique.com\/pt\/product\/wall-mounted-rack-cabinet-startech-rk2433bkm-refurbished-c\/","og_locale":"pt_PT","og_type":"article","og_title":"Armoire Murale Rack Startech RK2433BKM (Reconditionn\u00e9 C) - Tupique","og_description":"Si vous \u00eates passionn\u00e9 d&#8217;informatique et d&#8217;\u00e9lectronique, si vous \u00eates \u00e0 la pointe de la technologie et qu&#8217;aucun d\u00e9tail ne vous \u00e9chappe, achetez Armoire Murale Rack Startech RK2433BKM (Reconditionn\u00e9 C) au meilleur prix. Le armoire rack mural RK2433BKM de la marque Startech est un rack sp\u00e9cialement con\u00e7u pour offrir une solution s\u00fbre et polyvalente pour [&hellip;]","og_url":"https:\/\/tupique.com\/pt\/product\/wall-mounted-rack-cabinet-startech-rk2433bkm-refurbished-c\/","og_site_name":"Tupique","article_modified_time":"2026-05-09T00:32:14+00:00","og_image":[{"width":1200,"height":1200,"url":"https:\/\/tupique.com\/wp-content\/uploads\/2026\/03\/441860660.jpg","type":"image\/jpeg"}],"twitter_card":"summary_large_image","twitter_misc":{"Tempo estimado de leitura":"4 minutos"},"schema":{"@context":"https:\/\/schema.org","@graph":[{"@type":"WebPage","@id":"https:\/\/tupique.com\/product\/wall-mounted-rack-cabinet-startech-rk2433bkm-refurbished-c\/","url":"https:\/\/tupique.com\/product\/wall-mounted-rack-cabinet-startech-rk2433bkm-refurbished-c\/","name":"Armoire Murale Rack Startech RK2433BKM (Reconditionn\u00e9 C) - Tupique","isPartOf":{"@id":"https:\/\/tupique.com\/#website"},"primaryImageOfPage":{"@id":"https:\/\/tupique.com\/product\/wall-mounted-rack-cabinet-startech-rk2433bkm-refurbished-c\/#primaryimage"},"image":{"@id":"https:\/\/tupique.com\/product\/wall-mounted-rack-cabinet-startech-rk2433bkm-refurbished-c\/#primaryimage"},"thumbnailUrl":"https:\/\/tupique.com\/wp-content\/uploads\/2026\/03\/441860660.jpg","datePublished":"2026-03-30T21:32:52+00:00","dateModified":"2026-05-09T00:32:14+00:00","breadcrumb":{"@id":"https:\/\/tupique.com\/product\/wall-mounted-rack-cabinet-startech-rk2433bkm-refurbished-c\/#breadcrumb"},"inLanguage":"pt-PT","potentialAction":[{"@type":"ReadAction","target":["https:\/\/tupique.com\/product\/wall-mounted-rack-cabinet-startech-rk2433bkm-refurbished-c\/"]}]},{"@type":"ImageObject","inLanguage":"pt-PT","@id":"https:\/\/tupique.com\/product\/wall-mounted-rack-cabinet-startech-rk2433bkm-refurbished-c\/#primaryimage","url":"https:\/\/tupique.com\/wp-content\/uploads\/2026\/03\/441860660.jpg","contentUrl":"https:\/\/tupique.com\/wp-content\/uploads\/2026\/03\/441860660.jpg","width":1200,"height":1200,"caption":"V0709957_0"},{"@type":"BreadcrumbList","@id":"https:\/\/tupique.com\/product\/wall-mounted-rack-cabinet-startech-rk2433bkm-refurbished-c\/#breadcrumb","itemListElement":[{"@type":"ListItem","position":1,"name":"commencer","item":"https:\/\/tupique.com\/"},{"@type":"ListItem","position":2,"name":"Loja","item":"https:\/\/tupique.com\/loja\/"},{"@type":"ListItem","position":3,"name":"Armoire Murale Rack Startech RK2433BKM (Reconditionn\u00e9 C)"}]},{"@type":"WebSite","@id":"https:\/\/tupique.com\/#website","url":"https:\/\/tupique.com\/","name":"Tupique","description":"","publisher":{"@id":"https:\/\/tupique.com\/#organization"},"potentialAction":[{"@type":"SearchAction","target":{"@type":"EntryPoint","urlTemplate":"https:\/\/tupique.com\/?s={search_term_string}"},"query-input":{"@type":"PropertyValueSpecification","valueRequired":true,"valueName":"search_term_string"}}],"inLanguage":"pt-PT"},{"@type":"Organization","@id":"https:\/\/tupique.com\/#organization","name":"Tupique","url":"https:\/\/tupique.com\/","logo":{"@type":"ImageObject","inLanguage":"pt-PT","@id":"https:\/\/tupique.com\/#\/schema\/logo\/image\/","url":"https:\/\/tupique.com\/wp-content\/uploads\/2026\/03\/logo-tupique-1.webp","contentUrl":"https:\/\/tupique.com\/wp-content\/uploads\/2026\/03\/logo-tupique-1.webp","width":500,"height":67,"caption":"Tupique"},"image":{"@id":"https:\/\/tupique.com\/#\/schema\/logo\/image\/"}}]}},"_links":{"self":[{"href":"https:\/\/tupique.com\/pt\/wp-json\/wp\/v2\/product\/48095","targetHints":{"allow":["GET"]}}],"collection":[{"href":"https:\/\/tupique.com\/pt\/wp-json\/wp\/v2\/product"}],"about":[{"href":"https:\/\/tupique.com\/pt\/wp-json\/wp\/v2\/types\/product"}],"replies":[{"embeddable":true,"href":"https:\/\/tupique.com\/pt\/wp-json\/wp\/v2\/comments?post=48095"}],"wp:featuredmedia":[{"embeddable":true,"href":"https:\/\/tupique.com\/pt\/wp-json\/wp\/v2\/media\/48093"}],"wp:attachment":[{"href":"https:\/\/tupique.com\/pt\/wp-json\/wp\/v2\/media?parent=48095"}],"wp:term":[{"taxonomy":"product_brand","embeddable":true,"href":"https:\/\/tupique.com\/pt\/wp-json\/wp\/v2\/product_brand?post=48095"},{"taxonomy":"product_cat","embeddable":true,"href":"https:\/\/tupique.com\/pt\/wp-json\/wp\/v2\/product_cat?post=48095"},{"taxonomy":"product_tag","embeddable":true,"href":"https:\/\/tupique.com\/pt\/wp-json\/wp\/v2\/product_tag?post=48095"}],"curies":[{"name":"wp","href":"https:\/\/api.w.org\/{rel}","templated":true}]}}