{"id":49360,"date":"2026-03-31T01:14:07","date_gmt":"2026-03-30T23:14:07","guid":{"rendered":"https:\/\/bigbuy.tupique.com\/produto\/refrigerator-hisense-rl3b303sawe-white-refurbished-b\/"},"modified":"2026-05-09T02:32:29","modified_gmt":"2026-05-09T00:32:29","slug":"refrigerator-hisense-rl3b303sawe-white-refurbished-b","status":"publish","type":"product","link":"https:\/\/tupique.com\/pt\/product\/refrigerator-hisense-rl3b303sawe-white-refurbished-b\/","title":{"rendered":"R\u00e9frig\u00e9rateur Hisense RL3B303SAWE Blanc (Reconditionn\u00e9 B)"},"content":{"rendered":"<p>Si vous pensez r\u00e9nover votre cuisine, achetez <b>R\u00e9frig\u00e9rateur Hisense RL3B303SAWE Blanc (Reconditionn\u00e9 B)<\/b> et d\u00b4autres <b>produits Hisense<\/b> !<\/p>\n<p>Ler <b>r\u00e9frig\u00e9rateur<\/b> <b>Hisense RL3B303SAWE<\/b> est con\u00e7u pour offrir une solution efficace et spacieuse \u00e0 ceux qui souhaitent int\u00e9grer la r\u00e9frig\u00e9ration de mani\u00e8re discr\u00e8te mais fonctionnelle dans leur cuisine. Ce mod\u00e8le, avec sa finition \u00e9l\u00e9gante en <b>blanc<\/b>, dispose d\u2019un format <b>int\u00e9grable<\/b> permettant une installation dans le mobilier, assurant ainsi une apparence homog\u00e8ne et ordonn\u00e9e dans tout espace. Il se distingue par sa <b>capacit\u00e9 de 300 litres<\/b>, id\u00e9ale pour stocker aliments et boissons dans des foyers de taille moyenne, et ses <b>54 cm de largeur<\/b> ainsi que <b>177 cm de hauteur<\/b> le rendent compatible avec la plupart des cuisines standards. L\u2019efficacit\u00e9 est garantie par une <b>classe \u00e9nerg\u00e9tique E<\/b>, assurant une consommation ma\u00eetris\u00e9e conforme aux normes europ\u00e9ennes actuelles, pour des \u00e9conomies d\u2019\u00e9nergie au quotidien. Parmi ses fonctionnalit\u00e9s, il int\u00e8gre un <b>\u00e9cran int\u00e9gr\u00e9<\/b> facilitant le contr\u00f4le de la temp\u00e9rature et des r\u00e9glages, tandis que l\u2019<b>\u00e9clairage int\u00e9rieur LED<\/b> offre une visibilit\u00e9 optimale dans tous les compartiments, avec une faible consommation et une longue dur\u00e9e de vie. Fabriqu\u00e9 en Chine, ce r\u00e9frig\u00e9rateur r\u00e9pond aux standards internationaux de qualit\u00e9 et mise sur des mat\u00e9riaux et finitions durables. En r\u00e9sum\u00e9, le Hisense RL3B303SAWE est une option pratique et polyvalente pour ceux qui recherchent un r\u00e9frig\u00e9rateur int\u00e9grable alliant capacit\u00e9, efficacit\u00e9 et simplicit\u00e9 d\u2019utilisation.<\/p>\n<ul>\n<li>Couleur: Blanc<\/li>\n<li>Produit \u00e0 brancher: Oui<\/li>\n<li>\u00c9lev\u00e9: 177 cm<\/li>\n<li>Dimensions approx.: 177 x 54 cm<\/li>\n<li>Type d&#8217;\u00e9cran: LED<\/li>\n<li>Bloc d\u2019Alimentation:\n<ul>\n<li>Courant alternatif<\/li>\n<li>r\u00e9seau \u00e9lectrique<\/li>\n<\/ul>\n<\/li>\n<li>Largeur: 54 cm<\/li>\n<li>Niveau sonore: 35 dB<\/li>\n<li>Thermostat:\n<ul>\n<li>Oui<\/li>\n<li>R\u00e9glable<\/li>\n<\/ul>\n<\/li>\n<li>Range Bouteilles: Oui<\/li>\n<li>Tipo:\n<ul>\n<li>LED<\/li>\n<li>Int\u00e9gr\u00e9<\/li>\n<\/ul>\n<\/li>\n<li>Classification \u00e9nerg\u00e9tique: E<\/li>\n<li>Type d&#8217;installation: Int\u00e9grable<\/li>\n<li>Type de prise: Prise EU<\/li>\n<li>Capacit\u00e9 du r\u00e9frig\u00e9rateur: 300 L<\/li>\n<li>Caract\u00e9ristiques:\n<ul>\n<li>\u00c9cran integr\u00e9<\/li>\n<li>Commande tactile<\/li>\n<\/ul>\n<\/li>\n<li>Technologie: LED<\/li>\n<li>Direction d&#8217;ouverture: Droite<\/li>\n<li>Longueur du c\u00e2ble: 2 m<\/li>\n<li>Fr\u00e9quence: 50 Hz<\/li>\n<li>Tension: 220-240 V<\/li>\n<li>Pieds: Ajustables<\/li>\n<\/ul>\n<p>RECONDITIONN\u00c9S: Il s\u00b4agit de produits renvoy\u00e9s pendant la p\u00e9riode de d\u00e9sistement ou d\u00b4exposition qui ont pu \u00eatre utilis\u00e9s pour effectuer des tests ; certains se vendent avec l\u00b4emballage en mauvaise \u00e9tat ou avec l\u00b4emballage original visiblement ouvert. Tous les produits ont subi une r\u00e9vision, ils contiennent la garantie officielle de la marque et fonctionnent parfaitement. Classification selon leur \u00e9tat: <\/p>\n<ul>\n<li>A+\/ Impeccable : produits en \u00e9tat impeccable dont l\u00b4emballage original peut se trouver ouvert ou a \u00e9t\u00e9 remplac\u00e9 par un autre en parfaites conditions.<\/li>\n<li>A\/ Comme neuf : produits en parfait \u00e9tat comme neuf dont l\u00b4emballage original peut se trouver ouvert ou l\u00e9g\u00e8rement d\u00e9t\u00e9rior\u00e9, ou a \u00e9t\u00e9 remplac\u00e9 par un autre.<\/li>\n<li>B\/ Tr\u00e8s bien : produits en tr\u00e8s bon \u00e9tat, avec de possibles d\u00e9fauts esth\u00e9tiques l\u00e9gers, qui fonctionnent parfaitement et dont l\u00b4emballage original peut se trouver ouvert ou l\u00e9g\u00e8rement d\u00e9t\u00e9rior\u00e9.<\/li>\n<li>C\/ Bon \u00e9tat : produits en bon \u00e9tat, avec de possibles d\u00e9fauts esth\u00e9tiques, qui fonctionnent parfaitement et dont l\u00b4emballage original peut se trouver ouvert ou l\u00e9g\u00e8rement d\u00e9t\u00e9rior\u00e9.<\/li>\n<li>D\/ Correct : produits en correct \u00e9tat, avec de possibles d\u00e9fauts esth\u00e9tiques ou manque d\u00b4un accessoires quelconques, qui fonctionnent parfaitement et dont l\u00b4emballage original peut se trouver ouvert ou l\u00e9g\u00e8rement d\u00e9t\u00e9rior\u00e9.<\/li>\n<\/ul>","protected":false},"excerpt":{"rendered":"<p>Si vous pensez r\u00e9nover votre cuisine, achetez R\u00e9frig\u00e9rateur Hisense RL3B303SAWE Blanc (Reconditionn\u00e9 B) et d\u00b4autres produits Hisense ! Le r\u00e9frig\u00e9rateur Hisense RL3B303SAWE est con\u00e7u pour offrir une solution efficace et spacieuse \u00e0 ceux qui souhaitent int\u00e9grer la r\u00e9frig\u00e9ration de mani\u00e8re discr\u00e8te mais fonctionnelle dans leur cuisine. Ce mod\u00e8le, avec sa finition \u00e9l\u00e9gante en blanc, dispose [&hellip;]<\/p>\n","protected":false},"featured_media":49357,"comment_status":"open","ping_status":"closed","template":"","meta":[],"product_brand":[1341],"product_cat":[60,77,173,174,226],"product_tag":[56,166],"class_list":{"0":"post-49360","1":"product","2":"type-product","3":"status-publish","4":"has-post-thumbnail","6":"product_brand-brandp_612","7":"product_cat-cuisine-gourmet","8":"product_cat-petit-electromenager","9":"product_cat-promos-reconditionnes","10":"product_cat-reconditionnes-openbox","11":"product_cat-refrigerateurs-et-congelateurs","12":"product_tag-tag_930","13":"product_tag-tag_1297","15":"first","16":"instock","17":"taxable","18":"shipping-taxable","19":"purchasable","20":"product-type-simple"},"yoast_head":"<!-- This site is optimized with the Yoast SEO plugin v27.5 - https:\/\/yoast.com\/product\/yoast-seo-wordpress\/ -->\n<title>R\u00e9frig\u00e9rateur Hisense RL3B303SAWE Blanc (Reconditionn\u00e9 B) - Tupique<\/title>\n<meta name=\"robots\" content=\"index, follow, max-snippet:-1, max-image-preview:large, max-video-preview:-1\" \/>\n<link rel=\"canonical\" href=\"https:\/\/tupique.com\/pt\/product\/refrigerator-hisense-rl3b303sawe-white-refurbished-b\/\" \/>\n<meta property=\"og:locale\" content=\"pt_PT\" \/>\n<meta property=\"og:type\" content=\"article\" \/>\n<meta property=\"og:title\" content=\"R\u00e9frig\u00e9rateur Hisense RL3B303SAWE Blanc (Reconditionn\u00e9 B) - Tupique\" \/>\n<meta property=\"og:description\" content=\"Si vous pensez r\u00e9nover votre cuisine, achetez R\u00e9frig\u00e9rateur Hisense RL3B303SAWE Blanc (Reconditionn\u00e9 B) et d\u00b4autres produits Hisense ! Le r\u00e9frig\u00e9rateur Hisense RL3B303SAWE est con\u00e7u pour offrir une solution efficace et spacieuse \u00e0 ceux qui souhaitent int\u00e9grer la r\u00e9frig\u00e9ration de mani\u00e8re discr\u00e8te mais fonctionnelle dans leur cuisine. Ce mod\u00e8le, avec sa finition \u00e9l\u00e9gante en blanc, dispose [&hellip;]\" \/>\n<meta property=\"og:url\" content=\"https:\/\/tupique.com\/pt\/product\/refrigerator-hisense-rl3b303sawe-white-refurbished-b\/\" \/>\n<meta property=\"og:site_name\" content=\"Tupique\" \/>\n<meta property=\"article:modified_time\" content=\"2026-05-09T00:32:29+00:00\" \/>\n<meta property=\"og:image\" content=\"https:\/\/tupique.com\/wp-content\/uploads\/2026\/03\/6921727082091_I30.jpg\" \/>\n\t<meta property=\"og:image:width\" content=\"1200\" \/>\n\t<meta property=\"og:image:height\" content=\"1200\" \/>\n\t<meta property=\"og:image:type\" content=\"image\/jpeg\" \/>\n<meta name=\"twitter:card\" content=\"summary_large_image\" \/>\n<meta name=\"twitter:label1\" content=\"Tempo estimado de leitura\" \/>\n\t<meta name=\"twitter:data1\" content=\"3 minutos\" \/>\n<script type=\"application\/ld+json\" class=\"yoast-schema-graph\">{\"@context\":\"https:\\\/\\\/schema.org\",\"@graph\":[{\"@type\":\"WebPage\",\"@id\":\"https:\\\/\\\/tupique.com\\\/product\\\/refrigerator-hisense-rl3b303sawe-white-refurbished-b\\\/\",\"url\":\"https:\\\/\\\/tupique.com\\\/product\\\/refrigerator-hisense-rl3b303sawe-white-refurbished-b\\\/\",\"name\":\"R\u00e9frig\u00e9rateur Hisense RL3B303SAWE Blanc (Reconditionn\u00e9 B) - Tupique\",\"isPartOf\":{\"@id\":\"https:\\\/\\\/tupique.com\\\/#website\"},\"primaryImageOfPage\":{\"@id\":\"https:\\\/\\\/tupique.com\\\/product\\\/refrigerator-hisense-rl3b303sawe-white-refurbished-b\\\/#primaryimage\"},\"image\":{\"@id\":\"https:\\\/\\\/tupique.com\\\/product\\\/refrigerator-hisense-rl3b303sawe-white-refurbished-b\\\/#primaryimage\"},\"thumbnailUrl\":\"https:\\\/\\\/tupique.com\\\/wp-content\\\/uploads\\\/2026\\\/03\\\/6921727082091_I30.jpg\",\"datePublished\":\"2026-03-30T23:14:07+00:00\",\"dateModified\":\"2026-05-09T00:32:29+00:00\",\"breadcrumb\":{\"@id\":\"https:\\\/\\\/tupique.com\\\/product\\\/refrigerator-hisense-rl3b303sawe-white-refurbished-b\\\/#breadcrumb\"},\"inLanguage\":\"pt-PT\",\"potentialAction\":[{\"@type\":\"ReadAction\",\"target\":[\"https:\\\/\\\/tupique.com\\\/product\\\/refrigerator-hisense-rl3b303sawe-white-refurbished-b\\\/\"]}]},{\"@type\":\"ImageObject\",\"inLanguage\":\"pt-PT\",\"@id\":\"https:\\\/\\\/tupique.com\\\/product\\\/refrigerator-hisense-rl3b303sawe-white-refurbished-b\\\/#primaryimage\",\"url\":\"https:\\\/\\\/tupique.com\\\/wp-content\\\/uploads\\\/2026\\\/03\\\/6921727082091_I30.jpg\",\"contentUrl\":\"https:\\\/\\\/tupique.com\\\/wp-content\\\/uploads\\\/2026\\\/03\\\/6921727082091_I30.jpg\",\"width\":1200,\"height\":1200,\"caption\":\"V0710008_0\"},{\"@type\":\"BreadcrumbList\",\"@id\":\"https:\\\/\\\/tupique.com\\\/product\\\/refrigerator-hisense-rl3b303sawe-white-refurbished-b\\\/#breadcrumb\",\"itemListElement\":[{\"@type\":\"ListItem\",\"position\":1,\"name\":\"commencer\",\"item\":\"https:\\\/\\\/tupique.com\\\/\"},{\"@type\":\"ListItem\",\"position\":2,\"name\":\"Loja\",\"item\":\"https:\\\/\\\/tupique.com\\\/loja\\\/\"},{\"@type\":\"ListItem\",\"position\":3,\"name\":\"R\u00e9frig\u00e9rateur Hisense RL3B303SAWE Blanc (Reconditionn\u00e9 B)\"}]},{\"@type\":\"WebSite\",\"@id\":\"https:\\\/\\\/tupique.com\\\/#website\",\"url\":\"https:\\\/\\\/tupique.com\\\/\",\"name\":\"Tupique\",\"description\":\"\",\"publisher\":{\"@id\":\"https:\\\/\\\/tupique.com\\\/#organization\"},\"potentialAction\":[{\"@type\":\"SearchAction\",\"target\":{\"@type\":\"EntryPoint\",\"urlTemplate\":\"https:\\\/\\\/tupique.com\\\/?s={search_term_string}\"},\"query-input\":{\"@type\":\"PropertyValueSpecification\",\"valueRequired\":true,\"valueName\":\"search_term_string\"}}],\"inLanguage\":\"pt-PT\"},{\"@type\":\"Organization\",\"@id\":\"https:\\\/\\\/tupique.com\\\/#organization\",\"name\":\"Tupique\",\"url\":\"https:\\\/\\\/tupique.com\\\/\",\"logo\":{\"@type\":\"ImageObject\",\"inLanguage\":\"pt-PT\",\"@id\":\"https:\\\/\\\/tupique.com\\\/#\\\/schema\\\/logo\\\/image\\\/\",\"url\":\"https:\\\/\\\/tupique.com\\\/wp-content\\\/uploads\\\/2026\\\/03\\\/logo-tupique-1.webp\",\"contentUrl\":\"https:\\\/\\\/tupique.com\\\/wp-content\\\/uploads\\\/2026\\\/03\\\/logo-tupique-1.webp\",\"width\":500,\"height\":67,\"caption\":\"Tupique\"},\"image\":{\"@id\":\"https:\\\/\\\/tupique.com\\\/#\\\/schema\\\/logo\\\/image\\\/\"}}]}<\/script>\n<!-- \/ Yoast SEO plugin. -->","yoast_head_json":{"title":"R\u00e9frig\u00e9rateur Hisense RL3B303SAWE Blanc (Reconditionn\u00e9 B) - Tupique","robots":{"index":"index","follow":"follow","max-snippet":"max-snippet:-1","max-image-preview":"max-image-preview:large","max-video-preview":"max-video-preview:-1"},"canonical":"https:\/\/tupique.com\/pt\/product\/refrigerator-hisense-rl3b303sawe-white-refurbished-b\/","og_locale":"pt_PT","og_type":"article","og_title":"R\u00e9frig\u00e9rateur Hisense RL3B303SAWE Blanc (Reconditionn\u00e9 B) - Tupique","og_description":"Si vous pensez r\u00e9nover votre cuisine, achetez R\u00e9frig\u00e9rateur Hisense RL3B303SAWE Blanc (Reconditionn\u00e9 B) et d\u00b4autres produits Hisense ! Le r\u00e9frig\u00e9rateur Hisense RL3B303SAWE est con\u00e7u pour offrir une solution efficace et spacieuse \u00e0 ceux qui souhaitent int\u00e9grer la r\u00e9frig\u00e9ration de mani\u00e8re discr\u00e8te mais fonctionnelle dans leur cuisine. Ce mod\u00e8le, avec sa finition \u00e9l\u00e9gante en blanc, dispose [&hellip;]","og_url":"https:\/\/tupique.com\/pt\/product\/refrigerator-hisense-rl3b303sawe-white-refurbished-b\/","og_site_name":"Tupique","article_modified_time":"2026-05-09T00:32:29+00:00","og_image":[{"width":1200,"height":1200,"url":"https:\/\/tupique.com\/wp-content\/uploads\/2026\/03\/6921727082091_I30.jpg","type":"image\/jpeg"}],"twitter_card":"summary_large_image","twitter_misc":{"Tempo estimado de leitura":"3 minutos"},"schema":{"@context":"https:\/\/schema.org","@graph":[{"@type":"WebPage","@id":"https:\/\/tupique.com\/product\/refrigerator-hisense-rl3b303sawe-white-refurbished-b\/","url":"https:\/\/tupique.com\/product\/refrigerator-hisense-rl3b303sawe-white-refurbished-b\/","name":"R\u00e9frig\u00e9rateur Hisense RL3B303SAWE Blanc (Reconditionn\u00e9 B) - Tupique","isPartOf":{"@id":"https:\/\/tupique.com\/#website"},"primaryImageOfPage":{"@id":"https:\/\/tupique.com\/product\/refrigerator-hisense-rl3b303sawe-white-refurbished-b\/#primaryimage"},"image":{"@id":"https:\/\/tupique.com\/product\/refrigerator-hisense-rl3b303sawe-white-refurbished-b\/#primaryimage"},"thumbnailUrl":"https:\/\/tupique.com\/wp-content\/uploads\/2026\/03\/6921727082091_I30.jpg","datePublished":"2026-03-30T23:14:07+00:00","dateModified":"2026-05-09T00:32:29+00:00","breadcrumb":{"@id":"https:\/\/tupique.com\/product\/refrigerator-hisense-rl3b303sawe-white-refurbished-b\/#breadcrumb"},"inLanguage":"pt-PT","potentialAction":[{"@type":"ReadAction","target":["https:\/\/tupique.com\/product\/refrigerator-hisense-rl3b303sawe-white-refurbished-b\/"]}]},{"@type":"ImageObject","inLanguage":"pt-PT","@id":"https:\/\/tupique.com\/product\/refrigerator-hisense-rl3b303sawe-white-refurbished-b\/#primaryimage","url":"https:\/\/tupique.com\/wp-content\/uploads\/2026\/03\/6921727082091_I30.jpg","contentUrl":"https:\/\/tupique.com\/wp-content\/uploads\/2026\/03\/6921727082091_I30.jpg","width":1200,"height":1200,"caption":"V0710008_0"},{"@type":"BreadcrumbList","@id":"https:\/\/tupique.com\/product\/refrigerator-hisense-rl3b303sawe-white-refurbished-b\/#breadcrumb","itemListElement":[{"@type":"ListItem","position":1,"name":"commencer","item":"https:\/\/tupique.com\/"},{"@type":"ListItem","position":2,"name":"Loja","item":"https:\/\/tupique.com\/loja\/"},{"@type":"ListItem","position":3,"name":"R\u00e9frig\u00e9rateur Hisense RL3B303SAWE Blanc (Reconditionn\u00e9 B)"}]},{"@type":"WebSite","@id":"https:\/\/tupique.com\/#website","url":"https:\/\/tupique.com\/","name":"Tupique","description":"","publisher":{"@id":"https:\/\/tupique.com\/#organization"},"potentialAction":[{"@type":"SearchAction","target":{"@type":"EntryPoint","urlTemplate":"https:\/\/tupique.com\/?s={search_term_string}"},"query-input":{"@type":"PropertyValueSpecification","valueRequired":true,"valueName":"search_term_string"}}],"inLanguage":"pt-PT"},{"@type":"Organization","@id":"https:\/\/tupique.com\/#organization","name":"Tupique","url":"https:\/\/tupique.com\/","logo":{"@type":"ImageObject","inLanguage":"pt-PT","@id":"https:\/\/tupique.com\/#\/schema\/logo\/image\/","url":"https:\/\/tupique.com\/wp-content\/uploads\/2026\/03\/logo-tupique-1.webp","contentUrl":"https:\/\/tupique.com\/wp-content\/uploads\/2026\/03\/logo-tupique-1.webp","width":500,"height":67,"caption":"Tupique"},"image":{"@id":"https:\/\/tupique.com\/#\/schema\/logo\/image\/"}}]}},"_links":{"self":[{"href":"https:\/\/tupique.com\/pt\/wp-json\/wp\/v2\/product\/49360","targetHints":{"allow":["GET"]}}],"collection":[{"href":"https:\/\/tupique.com\/pt\/wp-json\/wp\/v2\/product"}],"about":[{"href":"https:\/\/tupique.com\/pt\/wp-json\/wp\/v2\/types\/product"}],"replies":[{"embeddable":true,"href":"https:\/\/tupique.com\/pt\/wp-json\/wp\/v2\/comments?post=49360"}],"wp:featuredmedia":[{"embeddable":true,"href":"https:\/\/tupique.com\/pt\/wp-json\/wp\/v2\/media\/49357"}],"wp:attachment":[{"href":"https:\/\/tupique.com\/pt\/wp-json\/wp\/v2\/media?parent=49360"}],"wp:term":[{"taxonomy":"product_brand","embeddable":true,"href":"https:\/\/tupique.com\/pt\/wp-json\/wp\/v2\/product_brand?post=49360"},{"taxonomy":"product_cat","embeddable":true,"href":"https:\/\/tupique.com\/pt\/wp-json\/wp\/v2\/product_cat?post=49360"},{"taxonomy":"product_tag","embeddable":true,"href":"https:\/\/tupique.com\/pt\/wp-json\/wp\/v2\/product_tag?post=49360"}],"curies":[{"name":"wp","href":"https:\/\/api.w.org\/{rel}","templated":true}]}}