{"id":61558,"date":"2026-04-01T16:14:35","date_gmt":"2026-04-01T15:14:35","guid":{"rendered":"https:\/\/bigbuy.tupique.com\/produto\/bluetooth-speakers-ngs-wildspace3-black\/"},"modified":"2026-04-01T16:14:35","modified_gmt":"2026-04-01T15:14:35","slug":"bluetooth-speakers-ngs-wildspace3-black","status":"publish","type":"product","link":"https:\/\/tupique.com\/pt\/product\/bluetooth-speakers-ngs-wildspace3-black\/","title":{"rendered":"Bluetooth Speakers NGS WILDSPACE3 Black"},"content":{"rendered":"<p>Se tem paix\u00e3o por <b>TI e eletr\u00f3nica<\/b>, como estar a par das novidades tecnol\u00f3gicas e n\u00e3o falhar nem o mais \u00ednfimo detalhe, compre <b> Bluetooth Speakers NGS WILDSPACE3 Black <\/b> a um pre\u00e7o imbat\u00edvel.<\/p>\n<p>The portable Bluetooth speaker NGS WILDSPACE3 in black is the ideal solution for those seeking sound quality and versatility in a single device. With its Bluetooth 5.3 connectivity, this speaker ensures a stable and fast connection, allowing you to enjoy music from anywhere within a range of up to 10 meters. Its design features RGB LED lights that add a dynamic touch to any environment, while TWS (True Wireless Stereo) technology allows for the simultaneous connection of two speakers without cables, effectively doubling its power. With an impressive output power of 4000W and an RMS power of 800W, the WILDSPACE3 is equipped with two 10-inch subwoofers and a 1-inch horn tweeter, guaranteeing an immersive audio experience. It also offers various input options, including AUX and USB up to 32GB, for added flexibility in music playback. The volume control and on\/off switch provide simple and practical usage. With dimensions of 320 x 360 x 1010 mm, this speaker combines functionality and style in a powerful design.<\/p>\n<p>&#8211; Brand: NGS<\/p>\n<p>&#8211; Model: WILDSPACE3<\/p>\n<p>&#8211; Color: black<\/p>\n<p>&#8211; Connectivity: Bluetooth 5.3<\/p>\n<p>&#8211; Type: universal<\/p>\n<p>&#8211; Features: speaker, on\/off switch<\/p>\n<p>&#8211; Output power: 4000W<\/p>\n<p>&#8211; RMS power: 800W<\/p>\n<p>&#8211; RGB LED lights<\/p>\n<p>&#8211; TWS technology<\/p>\n<p>&#8211; 2 x 10\u201d subwoofers + 1 x 1\u201d tweeter<\/p>\n<p>&#8211; AUX audio input<\/p>\n<p>&#8211; USB input up to 32GB<\/p>\n<p>&#8211; Volume control<\/p>\n<p>&#8211; Range up to 10m<\/p>\n<p>&#8211; Dimensions: 320 x 360 x 1010 mm<\/p>\n<p>&#8211; Contents: WILDSPACE 3 speaker, remote control (batteries not included), AC cable, installation guide<\/p>\n<ul>\n<li>Power: 4000 W<\/li>\n<li>Tipo:\n<ul>\n<li>Speaker<\/li>\n<li>Universal<\/li>\n<li>Portable Speaker<\/li>\n<li>Bluetooth Speakers<\/li>\n<\/ul>\n<\/li>\n<li>Conectividade:\n<ul>\n<li>Bluetooth<\/li>\n<li>Bluetooth 5.3<\/li>\n<\/ul>\n<\/li>\n<li>Country\/Region of manufacture: Spain<\/li>\n<li>Cor: Preto<\/li>\n<li>Caracter\u00edsticas:\n<ul>\n<li>Speaker<\/li>\n<li>On\/off interrupter<\/li>\n<li>With remote control<\/li>\n<li>Wireless<\/li>\n<li>Built-in display<\/li>\n<li>Aux input<\/li>\n<\/ul>\n<\/li>\n<li>Conex\u00f5es:\n<ul>\n<li>USB<\/li>\n<li>Jack 3.5 mm<\/li>\n<\/ul>\n<\/li>\n<li>Shape: Cylinder<\/li>\n<li>Sound: Stereo<\/li>\n<li>Power supply: CA cable<\/li>\n<li>Tecnologia:\n<ul>\n<li>LED<\/li>\n<li>LCD<\/li>\n<\/ul>\n<\/li>\n<li>Range: 10 m<\/li>\n<li>Inclui:\n<ul>\n<li>Remote control<\/li>\n<li>User manual<\/li>\n<\/ul>\n<\/li>\n<li>Lighting: Multicolour<\/li>\n<li>Control: Buttons<\/li>\n<li>N\u00e3o inclu\u00eddo: Adaptador AC<\/li>\n<li>Type of Installation: Floor<\/li>\n<\/ul>","protected":false},"excerpt":{"rendered":"<p>If you&#8217;re passionate about IT and electronics, like being up to date on technology and don&#8217;t miss even the slightest details, buy Bluetooth Speakers NGS WILDSPACE3 Black at an unbeatable price. The portable Bluetooth speaker NGS WILDSPACE3 in black is the ideal solution for those seeking sound quality and versatility in a single device. With [&hellip;]<\/p>\n","protected":false},"featured_media":61557,"comment_status":"open","ping_status":"closed","template":"","meta":[],"product_brand":[1626],"product_cat":[772,65,755],"product_tag":[566],"class_list":{"0":"post-61558","1":"product","2":"type-product","3":"status-publish","4":"has-post-thumbnail","6":"product_brand-brandp_569","7":"product_cat-bluetooth-speakers","8":"product_cat-computers-electronics","9":"product_cat-electronics-sound","10":"product_tag-tag_547","12":"first","13":"instock","14":"taxable","15":"shipping-taxable","16":"purchasable","17":"product-type-simple"},"yoast_head":"<!-- This site is optimized with the Yoast SEO plugin v27.5 - https:\/\/yoast.com\/product\/yoast-seo-wordpress\/ -->\n<title>Bluetooth Speakers NGS WILDSPACE3 Black - Tupique<\/title>\n<meta name=\"robots\" content=\"index, follow, max-snippet:-1, max-image-preview:large, max-video-preview:-1\" \/>\n<link rel=\"canonical\" href=\"https:\/\/tupique.com\/pt\/product\/bluetooth-speakers-ngs-wildspace3-black\/\" \/>\n<meta property=\"og:locale\" content=\"pt_PT\" \/>\n<meta property=\"og:type\" content=\"article\" \/>\n<meta property=\"og:title\" content=\"Bluetooth Speakers NGS WILDSPACE3 Black - Tupique\" \/>\n<meta property=\"og:description\" content=\"If you&#8217;re passionate about IT and electronics, like being up to date on technology and don&#8217;t miss even the slightest details, buy Bluetooth Speakers NGS WILDSPACE3 Black at an unbeatable price. The portable Bluetooth speaker NGS WILDSPACE3 in black is the ideal solution for those seeking sound quality and versatility in a single device. With [&hellip;]\" \/>\n<meta property=\"og:url\" content=\"https:\/\/tupique.com\/pt\/product\/bluetooth-speakers-ngs-wildspace3-black\/\" \/>\n<meta property=\"og:site_name\" content=\"Tupique\" \/>\n<meta property=\"og:image\" content=\"https:\/\/tupique.com\/wp-content\/uploads\/2026\/04\/8435430625530_S0460577_P00.jpg\" \/>\n\t<meta property=\"og:image:width\" content=\"1200\" \/>\n\t<meta property=\"og:image:height\" content=\"1200\" \/>\n\t<meta property=\"og:image:type\" content=\"image\/jpeg\" \/>\n<meta name=\"twitter:card\" content=\"summary_large_image\" \/>\n<meta name=\"twitter:label1\" content=\"Tempo estimado de leitura\" \/>\n\t<meta name=\"twitter:data1\" content=\"1 minuto\" \/>\n<script type=\"application\/ld+json\" class=\"yoast-schema-graph\">{\"@context\":\"https:\\\/\\\/schema.org\",\"@graph\":[{\"@type\":\"WebPage\",\"@id\":\"https:\\\/\\\/tupique.com\\\/product\\\/bluetooth-speakers-ngs-wildspace3-black\\\/\",\"url\":\"https:\\\/\\\/tupique.com\\\/product\\\/bluetooth-speakers-ngs-wildspace3-black\\\/\",\"name\":\"Bluetooth Speakers NGS WILDSPACE3 Black - Tupique\",\"isPartOf\":{\"@id\":\"https:\\\/\\\/tupique.com\\\/#website\"},\"primaryImageOfPage\":{\"@id\":\"https:\\\/\\\/tupique.com\\\/product\\\/bluetooth-speakers-ngs-wildspace3-black\\\/#primaryimage\"},\"image\":{\"@id\":\"https:\\\/\\\/tupique.com\\\/product\\\/bluetooth-speakers-ngs-wildspace3-black\\\/#primaryimage\"},\"thumbnailUrl\":\"https:\\\/\\\/tupique.com\\\/wp-content\\\/uploads\\\/2026\\\/04\\\/8435430625530_S0460577_P00.jpg\",\"datePublished\":\"2026-04-01T15:14:35+00:00\",\"breadcrumb\":{\"@id\":\"https:\\\/\\\/tupique.com\\\/product\\\/bluetooth-speakers-ngs-wildspace3-black\\\/#breadcrumb\"},\"inLanguage\":\"pt-PT\",\"potentialAction\":[{\"@type\":\"ReadAction\",\"target\":[\"https:\\\/\\\/tupique.com\\\/product\\\/bluetooth-speakers-ngs-wildspace3-black\\\/\"]}]},{\"@type\":\"ImageObject\",\"inLanguage\":\"pt-PT\",\"@id\":\"https:\\\/\\\/tupique.com\\\/product\\\/bluetooth-speakers-ngs-wildspace3-black\\\/#primaryimage\",\"url\":\"https:\\\/\\\/tupique.com\\\/wp-content\\\/uploads\\\/2026\\\/04\\\/8435430625530_S0460577_P00.jpg\",\"contentUrl\":\"https:\\\/\\\/tupique.com\\\/wp-content\\\/uploads\\\/2026\\\/04\\\/8435430625530_S0460577_P00.jpg\",\"width\":1200,\"height\":1200,\"caption\":\"S0460577_0\"},{\"@type\":\"BreadcrumbList\",\"@id\":\"https:\\\/\\\/tupique.com\\\/product\\\/bluetooth-speakers-ngs-wildspace3-black\\\/#breadcrumb\",\"itemListElement\":[{\"@type\":\"ListItem\",\"position\":1,\"name\":\"commencer\",\"item\":\"https:\\\/\\\/tupique.com\\\/\"},{\"@type\":\"ListItem\",\"position\":2,\"name\":\"Loja\",\"item\":\"https:\\\/\\\/tupique.com\\\/loja\\\/\"},{\"@type\":\"ListItem\",\"position\":3,\"name\":\"Bluetooth Speakers NGS WILDSPACE3 Black\"}]},{\"@type\":\"WebSite\",\"@id\":\"https:\\\/\\\/tupique.com\\\/#website\",\"url\":\"https:\\\/\\\/tupique.com\\\/\",\"name\":\"Tupique\",\"description\":\"\",\"publisher\":{\"@id\":\"https:\\\/\\\/tupique.com\\\/#organization\"},\"potentialAction\":[{\"@type\":\"SearchAction\",\"target\":{\"@type\":\"EntryPoint\",\"urlTemplate\":\"https:\\\/\\\/tupique.com\\\/?s={search_term_string}\"},\"query-input\":{\"@type\":\"PropertyValueSpecification\",\"valueRequired\":true,\"valueName\":\"search_term_string\"}}],\"inLanguage\":\"pt-PT\"},{\"@type\":\"Organization\",\"@id\":\"https:\\\/\\\/tupique.com\\\/#organization\",\"name\":\"Tupique\",\"url\":\"https:\\\/\\\/tupique.com\\\/\",\"logo\":{\"@type\":\"ImageObject\",\"inLanguage\":\"pt-PT\",\"@id\":\"https:\\\/\\\/tupique.com\\\/#\\\/schema\\\/logo\\\/image\\\/\",\"url\":\"https:\\\/\\\/tupique.com\\\/wp-content\\\/uploads\\\/2026\\\/03\\\/logo-tupique-1.webp\",\"contentUrl\":\"https:\\\/\\\/tupique.com\\\/wp-content\\\/uploads\\\/2026\\\/03\\\/logo-tupique-1.webp\",\"width\":500,\"height\":67,\"caption\":\"Tupique\"},\"image\":{\"@id\":\"https:\\\/\\\/tupique.com\\\/#\\\/schema\\\/logo\\\/image\\\/\"}}]}<\/script>\n<!-- \/ Yoast SEO plugin. -->","yoast_head_json":{"title":"Bluetooth Speakers NGS WILDSPACE3 Black - Tupique","robots":{"index":"index","follow":"follow","max-snippet":"max-snippet:-1","max-image-preview":"max-image-preview:large","max-video-preview":"max-video-preview:-1"},"canonical":"https:\/\/tupique.com\/pt\/product\/bluetooth-speakers-ngs-wildspace3-black\/","og_locale":"pt_PT","og_type":"article","og_title":"Bluetooth Speakers NGS WILDSPACE3 Black - Tupique","og_description":"If you&#8217;re passionate about IT and electronics, like being up to date on technology and don&#8217;t miss even the slightest details, buy Bluetooth Speakers NGS WILDSPACE3 Black at an unbeatable price. The portable Bluetooth speaker NGS WILDSPACE3 in black is the ideal solution for those seeking sound quality and versatility in a single device. With [&hellip;]","og_url":"https:\/\/tupique.com\/pt\/product\/bluetooth-speakers-ngs-wildspace3-black\/","og_site_name":"Tupique","og_image":[{"width":1200,"height":1200,"url":"https:\/\/tupique.com\/wp-content\/uploads\/2026\/04\/8435430625530_S0460577_P00.jpg","type":"image\/jpeg"}],"twitter_card":"summary_large_image","twitter_misc":{"Tempo estimado de leitura":"1 minuto"},"schema":{"@context":"https:\/\/schema.org","@graph":[{"@type":"WebPage","@id":"https:\/\/tupique.com\/product\/bluetooth-speakers-ngs-wildspace3-black\/","url":"https:\/\/tupique.com\/product\/bluetooth-speakers-ngs-wildspace3-black\/","name":"Bluetooth Speakers NGS WILDSPACE3 Black - Tupique","isPartOf":{"@id":"https:\/\/tupique.com\/#website"},"primaryImageOfPage":{"@id":"https:\/\/tupique.com\/product\/bluetooth-speakers-ngs-wildspace3-black\/#primaryimage"},"image":{"@id":"https:\/\/tupique.com\/product\/bluetooth-speakers-ngs-wildspace3-black\/#primaryimage"},"thumbnailUrl":"https:\/\/tupique.com\/wp-content\/uploads\/2026\/04\/8435430625530_S0460577_P00.jpg","datePublished":"2026-04-01T15:14:35+00:00","breadcrumb":{"@id":"https:\/\/tupique.com\/product\/bluetooth-speakers-ngs-wildspace3-black\/#breadcrumb"},"inLanguage":"pt-PT","potentialAction":[{"@type":"ReadAction","target":["https:\/\/tupique.com\/product\/bluetooth-speakers-ngs-wildspace3-black\/"]}]},{"@type":"ImageObject","inLanguage":"pt-PT","@id":"https:\/\/tupique.com\/product\/bluetooth-speakers-ngs-wildspace3-black\/#primaryimage","url":"https:\/\/tupique.com\/wp-content\/uploads\/2026\/04\/8435430625530_S0460577_P00.jpg","contentUrl":"https:\/\/tupique.com\/wp-content\/uploads\/2026\/04\/8435430625530_S0460577_P00.jpg","width":1200,"height":1200,"caption":"S0460577_0"},{"@type":"BreadcrumbList","@id":"https:\/\/tupique.com\/product\/bluetooth-speakers-ngs-wildspace3-black\/#breadcrumb","itemListElement":[{"@type":"ListItem","position":1,"name":"commencer","item":"https:\/\/tupique.com\/"},{"@type":"ListItem","position":2,"name":"Loja","item":"https:\/\/tupique.com\/loja\/"},{"@type":"ListItem","position":3,"name":"Bluetooth Speakers NGS WILDSPACE3 Black"}]},{"@type":"WebSite","@id":"https:\/\/tupique.com\/#website","url":"https:\/\/tupique.com\/","name":"Tupique","description":"","publisher":{"@id":"https:\/\/tupique.com\/#organization"},"potentialAction":[{"@type":"SearchAction","target":{"@type":"EntryPoint","urlTemplate":"https:\/\/tupique.com\/?s={search_term_string}"},"query-input":{"@type":"PropertyValueSpecification","valueRequired":true,"valueName":"search_term_string"}}],"inLanguage":"pt-PT"},{"@type":"Organization","@id":"https:\/\/tupique.com\/#organization","name":"Tupique","url":"https:\/\/tupique.com\/","logo":{"@type":"ImageObject","inLanguage":"pt-PT","@id":"https:\/\/tupique.com\/#\/schema\/logo\/image\/","url":"https:\/\/tupique.com\/wp-content\/uploads\/2026\/03\/logo-tupique-1.webp","contentUrl":"https:\/\/tupique.com\/wp-content\/uploads\/2026\/03\/logo-tupique-1.webp","width":500,"height":67,"caption":"Tupique"},"image":{"@id":"https:\/\/tupique.com\/#\/schema\/logo\/image\/"}}]}},"_links":{"self":[{"href":"https:\/\/tupique.com\/pt\/wp-json\/wp\/v2\/product\/61558","targetHints":{"allow":["GET"]}}],"collection":[{"href":"https:\/\/tupique.com\/pt\/wp-json\/wp\/v2\/product"}],"about":[{"href":"https:\/\/tupique.com\/pt\/wp-json\/wp\/v2\/types\/product"}],"replies":[{"embeddable":true,"href":"https:\/\/tupique.com\/pt\/wp-json\/wp\/v2\/comments?post=61558"}],"wp:featuredmedia":[{"embeddable":true,"href":"https:\/\/tupique.com\/pt\/wp-json\/wp\/v2\/media\/61557"}],"wp:attachment":[{"href":"https:\/\/tupique.com\/pt\/wp-json\/wp\/v2\/media?parent=61558"}],"wp:term":[{"taxonomy":"product_brand","embeddable":true,"href":"https:\/\/tupique.com\/pt\/wp-json\/wp\/v2\/product_brand?post=61558"},{"taxonomy":"product_cat","embeddable":true,"href":"https:\/\/tupique.com\/pt\/wp-json\/wp\/v2\/product_cat?post=61558"},{"taxonomy":"product_tag","embeddable":true,"href":"https:\/\/tupique.com\/pt\/wp-json\/wp\/v2\/product_tag?post=61558"}],"curies":[{"name":"wp","href":"https:\/\/api.w.org\/{rel}","templated":true}]}}