{"id":65847,"date":"2026-04-01T20:40:25","date_gmt":"2026-04-01T19:40:25","guid":{"rendered":"https:\/\/bigbuy.tupique.com\/produto\/vinoteca-cavanova-v50gc2tn-black\/"},"modified":"2026-04-11T17:19:41","modified_gmt":"2026-04-11T16:19:41","slug":"vinoteca-cavanova-v50gc2tn-black","status":"publish","type":"product","link":"https:\/\/tupique.com\/pt\/product\/vinoteca-cavanova-v50gc2tn-black\/","title":{"rendered":"Vinoteca Cavanova V50GC2TN Black"},"content":{"rendered":"<p>Se procura artigos em voga no mercado, apresentamos o <b>Vinoteca Cavanova V50GC2TN Black<\/b>!<\/p>\n<ul>\n<li>Capacity: 50<\/li>\n<li>Cor: Preto<\/li>\n<li>Material: Crystal<\/li>\n<li>Caracter\u00edsticas:\n<ul>\n<li>LCD Screen<\/li>\n<li>LED Light<\/li>\n<li>Built-in display<\/li>\n<li>Adjustable temperature<\/li>\n<li>Non-Vibrating<\/li>\n<\/ul>\n<\/li>\n<li>Type of Installation: Self-assembly<\/li>\n<li>Classifica\u00e7\u00e3o energ\u00e9tica: G<\/li>\n<li>Height: 84,5 cm<\/li>\n<li>Doors: 1 door<\/li>\n<\/ul>","protected":false},"excerpt":{"rendered":"<p>If you are looking for new market trending items, we present the Vinoteca Cavanova V50GC2TN Black! Capacity: 50 Colour: Black Material: Crystal Characteristics: LCD Screen LED Light Built-in display Adjustable temperature Non-Vibrating Type of Installation: Self-assembly Energy classification: G Height: 84,5 cm Doors: 1 door<\/p>","protected":false},"featured_media":65846,"comment_status":"open","ping_status":"closed","template":"","meta":[],"product_brand":[1553],"product_cat":[109,60,223],"product_tag":[105],"class_list":{"0":"post-65847","1":"product","2":"type-product","3":"status-publish","4":"has-post-thumbnail","6":"product_brand-brandp_2109","7":"product_cat-gourmet","8":"product_cat-kitchen-gourmet","9":"product_cat-oenology","10":"product_tag-tag_21","12":"first","13":"instock","14":"taxable","15":"shipping-taxable","16":"purchasable","17":"product-type-simple"},"yoast_head":"<!-- This site is optimized with the Yoast SEO plugin v27.5 - https:\/\/yoast.com\/product\/yoast-seo-wordpress\/ -->\n<title>Vinoteca Cavanova V50GC2TN Black - Tupique<\/title>\n<meta name=\"robots\" content=\"index, follow, max-snippet:-1, max-image-preview:large, max-video-preview:-1\" \/>\n<link rel=\"canonical\" href=\"https:\/\/tupique.com\/pt\/product\/vinoteca-cavanova-v50gc2tn-black\/\" \/>\n<meta property=\"og:locale\" content=\"pt_PT\" \/>\n<meta property=\"og:type\" content=\"article\" \/>\n<meta property=\"og:title\" content=\"Vinoteca Cavanova V50GC2TN Black - Tupique\" \/>\n<meta property=\"og:description\" content=\"If you are looking for new market trending items, we present the Vinoteca Cavanova V50GC2TN Black! Capacity: 50 Colour: Black Material: Crystal Characteristics: LCD Screen LED Light Built-in display Adjustable temperature Non-Vibrating Type of Installation: Self-assembly Energy classification: G Height: 84,5 cm Doors: 1 door\" \/>\n<meta property=\"og:url\" content=\"https:\/\/tupique.com\/pt\/product\/vinoteca-cavanova-v50gc2tn-black\/\" \/>\n<meta property=\"og:site_name\" content=\"Tupique\" \/>\n<meta property=\"article:modified_time\" content=\"2026-04-11T16:19:41+00:00\" \/>\n<meta property=\"og:image\" content=\"https:\/\/tupique.com\/wp-content\/uploads\/2026\/04\/8435518806066_S0469765_P00.jpg\" \/>\n\t<meta property=\"og:image:width\" content=\"1200\" \/>\n\t<meta property=\"og:image:height\" content=\"1200\" \/>\n\t<meta property=\"og:image:type\" content=\"image\/jpeg\" \/>\n<meta name=\"twitter:card\" content=\"summary_large_image\" \/>\n<script type=\"application\/ld+json\" class=\"yoast-schema-graph\">{\"@context\":\"https:\\\/\\\/schema.org\",\"@graph\":[{\"@type\":\"WebPage\",\"@id\":\"https:\\\/\\\/tupique.com\\\/pt\\\/product\\\/vinoteca-cavanova-v50gc2tn-black\\\/\",\"url\":\"https:\\\/\\\/tupique.com\\\/pt\\\/product\\\/vinoteca-cavanova-v50gc2tn-black\\\/\",\"name\":\"Vinoteca Cavanova V50GC2TN Black - Tupique\",\"isPartOf\":{\"@id\":\"https:\\\/\\\/tupique.com\\\/#website\"},\"primaryImageOfPage\":{\"@id\":\"https:\\\/\\\/tupique.com\\\/pt\\\/product\\\/vinoteca-cavanova-v50gc2tn-black\\\/#primaryimage\"},\"image\":{\"@id\":\"https:\\\/\\\/tupique.com\\\/pt\\\/product\\\/vinoteca-cavanova-v50gc2tn-black\\\/#primaryimage\"},\"thumbnailUrl\":\"https:\\\/\\\/tupique.com\\\/wp-content\\\/uploads\\\/2026\\\/04\\\/8435518806066_S0469765_P00.jpg\",\"datePublished\":\"2026-04-01T19:40:25+00:00\",\"dateModified\":\"2026-04-11T16:19:41+00:00\",\"breadcrumb\":{\"@id\":\"https:\\\/\\\/tupique.com\\\/pt\\\/product\\\/vinoteca-cavanova-v50gc2tn-black\\\/#breadcrumb\"},\"inLanguage\":\"pt-PT\",\"potentialAction\":[{\"@type\":\"ReadAction\",\"target\":[\"https:\\\/\\\/tupique.com\\\/pt\\\/product\\\/vinoteca-cavanova-v50gc2tn-black\\\/\"]}]},{\"@type\":\"ImageObject\",\"inLanguage\":\"pt-PT\",\"@id\":\"https:\\\/\\\/tupique.com\\\/pt\\\/product\\\/vinoteca-cavanova-v50gc2tn-black\\\/#primaryimage\",\"url\":\"https:\\\/\\\/tupique.com\\\/wp-content\\\/uploads\\\/2026\\\/04\\\/8435518806066_S0469765_P00.jpg\",\"contentUrl\":\"https:\\\/\\\/tupique.com\\\/wp-content\\\/uploads\\\/2026\\\/04\\\/8435518806066_S0469765_P00.jpg\",\"width\":1200,\"height\":1200,\"caption\":\"S0469765_0\"},{\"@type\":\"BreadcrumbList\",\"@id\":\"https:\\\/\\\/tupique.com\\\/pt\\\/product\\\/vinoteca-cavanova-v50gc2tn-black\\\/#breadcrumb\",\"itemListElement\":[{\"@type\":\"ListItem\",\"position\":1,\"name\":\"commencer\",\"item\":\"https:\\\/\\\/tupique.com\\\/\"},{\"@type\":\"ListItem\",\"position\":2,\"name\":\"Loja\",\"item\":\"https:\\\/\\\/tupique.com\\\/loja\\\/\"},{\"@type\":\"ListItem\",\"position\":3,\"name\":\"Vinoteca Cavanova V50GC2TN Black\"}]},{\"@type\":\"WebSite\",\"@id\":\"https:\\\/\\\/tupique.com\\\/#website\",\"url\":\"https:\\\/\\\/tupique.com\\\/\",\"name\":\"Tupique\",\"description\":\"\",\"publisher\":{\"@id\":\"https:\\\/\\\/tupique.com\\\/#organization\"},\"potentialAction\":[{\"@type\":\"SearchAction\",\"target\":{\"@type\":\"EntryPoint\",\"urlTemplate\":\"https:\\\/\\\/tupique.com\\\/?s={search_term_string}\"},\"query-input\":{\"@type\":\"PropertyValueSpecification\",\"valueRequired\":true,\"valueName\":\"search_term_string\"}}],\"inLanguage\":\"pt-PT\"},{\"@type\":\"Organization\",\"@id\":\"https:\\\/\\\/tupique.com\\\/#organization\",\"name\":\"Tupique\",\"url\":\"https:\\\/\\\/tupique.com\\\/\",\"logo\":{\"@type\":\"ImageObject\",\"inLanguage\":\"pt-PT\",\"@id\":\"https:\\\/\\\/tupique.com\\\/#\\\/schema\\\/logo\\\/image\\\/\",\"url\":\"https:\\\/\\\/tupique.com\\\/wp-content\\\/uploads\\\/2026\\\/03\\\/logo-tupique-1.webp\",\"contentUrl\":\"https:\\\/\\\/tupique.com\\\/wp-content\\\/uploads\\\/2026\\\/03\\\/logo-tupique-1.webp\",\"width\":500,\"height\":67,\"caption\":\"Tupique\"},\"image\":{\"@id\":\"https:\\\/\\\/tupique.com\\\/#\\\/schema\\\/logo\\\/image\\\/\"}}]}<\/script>\n<!-- \/ Yoast SEO plugin. -->","yoast_head_json":{"title":"Vinoteca Cavanova V50GC2TN Black - Tupique","robots":{"index":"index","follow":"follow","max-snippet":"max-snippet:-1","max-image-preview":"max-image-preview:large","max-video-preview":"max-video-preview:-1"},"canonical":"https:\/\/tupique.com\/pt\/product\/vinoteca-cavanova-v50gc2tn-black\/","og_locale":"pt_PT","og_type":"article","og_title":"Vinoteca Cavanova V50GC2TN Black - Tupique","og_description":"If you are looking for new market trending items, we present the Vinoteca Cavanova V50GC2TN Black! Capacity: 50 Colour: Black Material: Crystal Characteristics: LCD Screen LED Light Built-in display Adjustable temperature Non-Vibrating Type of Installation: Self-assembly Energy classification: G Height: 84,5 cm Doors: 1 door","og_url":"https:\/\/tupique.com\/pt\/product\/vinoteca-cavanova-v50gc2tn-black\/","og_site_name":"Tupique","article_modified_time":"2026-04-11T16:19:41+00:00","og_image":[{"width":1200,"height":1200,"url":"https:\/\/tupique.com\/wp-content\/uploads\/2026\/04\/8435518806066_S0469765_P00.jpg","type":"image\/jpeg"}],"twitter_card":"summary_large_image","schema":{"@context":"https:\/\/schema.org","@graph":[{"@type":"WebPage","@id":"https:\/\/tupique.com\/pt\/product\/vinoteca-cavanova-v50gc2tn-black\/","url":"https:\/\/tupique.com\/pt\/product\/vinoteca-cavanova-v50gc2tn-black\/","name":"Vinoteca Cavanova V50GC2TN Black - Tupique","isPartOf":{"@id":"https:\/\/tupique.com\/#website"},"primaryImageOfPage":{"@id":"https:\/\/tupique.com\/pt\/product\/vinoteca-cavanova-v50gc2tn-black\/#primaryimage"},"image":{"@id":"https:\/\/tupique.com\/pt\/product\/vinoteca-cavanova-v50gc2tn-black\/#primaryimage"},"thumbnailUrl":"https:\/\/tupique.com\/wp-content\/uploads\/2026\/04\/8435518806066_S0469765_P00.jpg","datePublished":"2026-04-01T19:40:25+00:00","dateModified":"2026-04-11T16:19:41+00:00","breadcrumb":{"@id":"https:\/\/tupique.com\/pt\/product\/vinoteca-cavanova-v50gc2tn-black\/#breadcrumb"},"inLanguage":"pt-PT","potentialAction":[{"@type":"ReadAction","target":["https:\/\/tupique.com\/pt\/product\/vinoteca-cavanova-v50gc2tn-black\/"]}]},{"@type":"ImageObject","inLanguage":"pt-PT","@id":"https:\/\/tupique.com\/pt\/product\/vinoteca-cavanova-v50gc2tn-black\/#primaryimage","url":"https:\/\/tupique.com\/wp-content\/uploads\/2026\/04\/8435518806066_S0469765_P00.jpg","contentUrl":"https:\/\/tupique.com\/wp-content\/uploads\/2026\/04\/8435518806066_S0469765_P00.jpg","width":1200,"height":1200,"caption":"S0469765_0"},{"@type":"BreadcrumbList","@id":"https:\/\/tupique.com\/pt\/product\/vinoteca-cavanova-v50gc2tn-black\/#breadcrumb","itemListElement":[{"@type":"ListItem","position":1,"name":"commencer","item":"https:\/\/tupique.com\/"},{"@type":"ListItem","position":2,"name":"Loja","item":"https:\/\/tupique.com\/loja\/"},{"@type":"ListItem","position":3,"name":"Vinoteca Cavanova V50GC2TN Black"}]},{"@type":"WebSite","@id":"https:\/\/tupique.com\/#website","url":"https:\/\/tupique.com\/","name":"Tupique","description":"","publisher":{"@id":"https:\/\/tupique.com\/#organization"},"potentialAction":[{"@type":"SearchAction","target":{"@type":"EntryPoint","urlTemplate":"https:\/\/tupique.com\/?s={search_term_string}"},"query-input":{"@type":"PropertyValueSpecification","valueRequired":true,"valueName":"search_term_string"}}],"inLanguage":"pt-PT"},{"@type":"Organization","@id":"https:\/\/tupique.com\/#organization","name":"Tupique","url":"https:\/\/tupique.com\/","logo":{"@type":"ImageObject","inLanguage":"pt-PT","@id":"https:\/\/tupique.com\/#\/schema\/logo\/image\/","url":"https:\/\/tupique.com\/wp-content\/uploads\/2026\/03\/logo-tupique-1.webp","contentUrl":"https:\/\/tupique.com\/wp-content\/uploads\/2026\/03\/logo-tupique-1.webp","width":500,"height":67,"caption":"Tupique"},"image":{"@id":"https:\/\/tupique.com\/#\/schema\/logo\/image\/"}}]}},"_links":{"self":[{"href":"https:\/\/tupique.com\/pt\/wp-json\/wp\/v2\/product\/65847","targetHints":{"allow":["GET"]}}],"collection":[{"href":"https:\/\/tupique.com\/pt\/wp-json\/wp\/v2\/product"}],"about":[{"href":"https:\/\/tupique.com\/pt\/wp-json\/wp\/v2\/types\/product"}],"replies":[{"embeddable":true,"href":"https:\/\/tupique.com\/pt\/wp-json\/wp\/v2\/comments?post=65847"}],"wp:featuredmedia":[{"embeddable":true,"href":"https:\/\/tupique.com\/pt\/wp-json\/wp\/v2\/media\/65846"}],"wp:attachment":[{"href":"https:\/\/tupique.com\/pt\/wp-json\/wp\/v2\/media?parent=65847"}],"wp:term":[{"taxonomy":"product_brand","embeddable":true,"href":"https:\/\/tupique.com\/pt\/wp-json\/wp\/v2\/product_brand?post=65847"},{"taxonomy":"product_cat","embeddable":true,"href":"https:\/\/tupique.com\/pt\/wp-json\/wp\/v2\/product_cat?post=65847"},{"taxonomy":"product_tag","embeddable":true,"href":"https:\/\/tupique.com\/pt\/wp-json\/wp\/v2\/product_tag?post=65847"}],"curies":[{"name":"wp","href":"https:\/\/api.w.org\/{rel}","templated":true}]}}