{"id":80039,"date":"2026-04-02T21:34:22","date_gmt":"2026-04-02T20:34:22","guid":{"rendered":"https:\/\/bigbuy.tupique.com\/produto\/motherboard-asus-90mb1is0-m0eay0-amd-am5-amd\/"},"modified":"2026-04-08T16:44:46","modified_gmt":"2026-04-08T15:44:46","slug":"motherboard-asus-90mb1is0-m0eay0-amd-am5-amd","status":"publish","type":"product","link":"https:\/\/tupique.com\/pt\/product\/motherboard-asus-90mb1is0-m0eay0-amd-am5-amd\/","title":{"rendered":"Motherboard Asus 90MB1IS0-M0EAY0 AMD AM5 AMD"},"content":{"rendered":"<p>Se tem paix\u00e3o por <b>TI e eletr\u00f3nica<\/b>, como estar a par das novidades tecnol\u00f3gicas e n\u00e3o falhar nem o mais \u00ednfimo detalhe, compre <b> Motherboard Asus 90MB1IS0-M0EAY0 AMD AM5 AMD <\/b> a um pre\u00e7o imbat\u00edvel.<\/p>\n<ul>\n<li>Tipo:\n<ul>\n<li>Motherboard<\/li>\n<li>ATX<\/li>\n<li>UEFI<\/li>\n<\/ul>\n<\/li>\n<li>Chipset:\n<ul>\n<li>AMD AM5<\/li>\n<li>AMD X870<\/li>\n<li>Intel Wi-Fi 6<\/li>\n<li>AMD<\/li>\n<\/ul>\n<\/li>\n<li>Characteristics: USB<\/li>\n<li>Conex\u00f5es:\n<ul>\n<li>USB<\/li>\n<li>RJ45<\/li>\n<li>Jack 3.5 mm<\/li>\n<li>DisplayPort<\/li>\n<li>SATA<\/li>\n<li>PCI Express 3.0<\/li>\n<li>USB 3.2<\/li>\n<li>USB 4.0<\/li>\n<li>HDMI 2.1<\/li>\n<li>M.2<\/li>\n<li>Ethernet LAN<\/li>\n<li>USB-C<\/li>\n<li>USB 2.0<\/li>\n<li>HDMI<\/li>\n<li>HDMI x 1<\/li>\n<li>2 x USB 2.0<\/li>\n<li>Microphone<\/li>\n<li>USB 2.0 x 4<\/li>\n<li>HDMI 2.1 x 1<\/li>\n<li>DIMM<\/li>\n<li>USB 3.2 x 3<\/li>\n<li>USB 3.2 x 1<\/li>\n<li>RJ45 x 1<\/li>\n<\/ul>\n<\/li>\n<li>Power supply: ATX<\/li>\n<li>USB 2.0: 4<\/li>\n<li>Processor: AMD<\/li>\n<li>Depth: 244 mm<\/li>\n<li>Sistema Operativo\n<ul>\n<li>Windows 10<\/li>\n<li>Windows 11<\/li>\n<\/ul>\n<\/li>\n<li>Bluetooth: Yes<\/li>\n<li>Height: 48 mm<\/li>\n<li>Approx. dimensions: 28 x 8 x 36 cm<\/li>\n<li>Conectividade:\n<ul>\n<li>WI-FI 7<\/li>\n<li>Bluetooth<\/li>\n<li>Wi-Fi<\/li>\n<li>Ethernet LAN<\/li>\n<\/ul>\n<\/li>\n<li>Channels:\n<ul>\n<li>2 Channels<\/li>\n<li>7.1<\/li>\n<\/ul>\n<\/li>\n<li>Compat\u00edvel\n<ul>\n<li>LED strips<\/li>\n<li>Raid 10<\/li>\n<li>AMD Ryzen 9<\/li>\n<li>raid 0<\/li>\n<li>raid 1<\/li>\n<li>AMD Ryzen 7<\/li>\n<li>Windows 10<\/li>\n<li>Windows 11<\/li>\n<li>AMD Ryzen 5<\/li>\n<li>AMD Ryzen 3<\/li>\n<li>Raid 5<\/li>\n<li>HDD\/SSD<\/li>\n<li>PC<\/li>\n<\/ul>\n<\/li>\n<li>Memory Type:\n<ul>\n<li>DDR5 SDRAM<\/li>\n<li>DDR5<\/li>\n<\/ul>\n<\/li>\n<li>Maximum RAM Memory: 192 gb<\/li>\n<li>Approx. weight: 1,56 Kg<\/li>\n<li>Cor:\n<ul>\n<li>White<\/li>\n<li>Black<\/li>\n<\/ul>\n<\/li>\n<li>Form factor: ATX<\/li>\n<li>Interface: Gigabit Ethernet<\/li>\n<li>Memory: 256 MB<\/li>\n<li>Number of memory slots: 4<\/li>\n<li>Speakers: 7.1<\/li>\n<li>Width: 30,5 cm<\/li>\n<li>Includes: SATA<\/li>\n<li>Socket: AMD AM5<\/li>\n<li>Processor Family: AMD<\/li>\n<\/ul>","protected":false},"excerpt":{"rendered":"<p>If you&#8217;re passionate about IT and electronics, like being up to date on technology and don&#8217;t miss even the slightest details, buy Motherboard Asus 90MB1IS0-M0EAY0 AMD AM5 AMD at an unbeatable price. Type: Motherboard ATX UEFI Chipset: AMD AM5 AMD X870 Intel Wi-Fi 6 AMD Characteristics: USB Connections: USB RJ45 Jack 3.5 mm DisplayPort SATA [&hellip;]<\/p>\n","protected":false},"featured_media":147537,"comment_status":"open","ping_status":"closed","template":"","meta":[],"product_brand":[798],"product_cat":[584,65,736],"product_tag":[106],"class_list":{"0":"post-80039","1":"product","2":"type-product","3":"status-publish","4":"has-post-thumbnail","6":"product_brand-brandp_536","7":"product_cat-computer-networks-and-components","8":"product_cat-computers-electronics","9":"product_cat-motherboards","10":"product_tag-tag_1295","12":"first","13":"instock","14":"taxable","15":"shipping-taxable","16":"purchasable","17":"product-type-simple"},"yoast_head":"<!-- This site is optimized with the Yoast SEO plugin v27.5 - https:\/\/yoast.com\/product\/yoast-seo-wordpress\/ -->\n<title>Motherboard Asus 90MB1IS0-M0EAY0 AMD AM5 AMD - Tupique<\/title>\n<meta name=\"robots\" content=\"index, follow, max-snippet:-1, max-image-preview:large, max-video-preview:-1\" \/>\n<link rel=\"canonical\" href=\"https:\/\/tupique.com\/pt\/product\/motherboard-asus-90mb1is0-m0eay0-amd-am5-amd\/\" \/>\n<meta property=\"og:locale\" content=\"pt_PT\" \/>\n<meta property=\"og:type\" content=\"article\" \/>\n<meta property=\"og:title\" content=\"Motherboard Asus 90MB1IS0-M0EAY0 AMD AM5 AMD - Tupique\" \/>\n<meta property=\"og:description\" content=\"If you&#8217;re passionate about IT and electronics, like being up to date on technology and don&#8217;t miss even the slightest details, buy Motherboard Asus 90MB1IS0-M0EAY0 AMD AM5 AMD at an unbeatable price. Type: Motherboard ATX UEFI Chipset: AMD AM5 AMD X870 Intel Wi-Fi 6 AMD Characteristics: USB Connections: USB RJ45 Jack 3.5 mm DisplayPort SATA [&hellip;]\" \/>\n<meta property=\"og:url\" content=\"https:\/\/tupique.com\/pt\/product\/motherboard-asus-90mb1is0-m0eay0-amd-am5-amd\/\" \/>\n<meta property=\"og:site_name\" content=\"Tupique\" \/>\n<meta property=\"article:modified_time\" content=\"2026-04-08T15:44:46+00:00\" \/>\n<meta property=\"og:image\" content=\"https:\/\/tupique.com\/wp-content\/uploads\/2026\/04\/4711387718148_S71011273_P00.jpg\" \/>\n\t<meta property=\"og:image:width\" content=\"1200\" \/>\n\t<meta property=\"og:image:height\" content=\"1200\" \/>\n\t<meta property=\"og:image:type\" content=\"image\/jpeg\" \/>\n<meta name=\"twitter:card\" content=\"summary_large_image\" \/>\n<meta name=\"twitter:label1\" content=\"Tempo estimado de leitura\" \/>\n\t<meta name=\"twitter:data1\" content=\"1 minuto\" \/>\n<script type=\"application\/ld+json\" class=\"yoast-schema-graph\">{\"@context\":\"https:\\\/\\\/schema.org\",\"@graph\":[{\"@type\":\"WebPage\",\"@id\":\"https:\\\/\\\/tupique.com\\\/product\\\/motherboard-asus-90mb1is0-m0eay0-amd-am5-amd\\\/\",\"url\":\"https:\\\/\\\/tupique.com\\\/product\\\/motherboard-asus-90mb1is0-m0eay0-amd-am5-amd\\\/\",\"name\":\"Motherboard Asus 90MB1IS0-M0EAY0 AMD AM5 AMD - Tupique\",\"isPartOf\":{\"@id\":\"https:\\\/\\\/tupique.com\\\/#website\"},\"primaryImageOfPage\":{\"@id\":\"https:\\\/\\\/tupique.com\\\/product\\\/motherboard-asus-90mb1is0-m0eay0-amd-am5-amd\\\/#primaryimage\"},\"image\":{\"@id\":\"https:\\\/\\\/tupique.com\\\/product\\\/motherboard-asus-90mb1is0-m0eay0-amd-am5-amd\\\/#primaryimage\"},\"thumbnailUrl\":\"https:\\\/\\\/tupique.com\\\/wp-content\\\/uploads\\\/2026\\\/04\\\/4711387718148_S71011273_P00.jpg\",\"datePublished\":\"2026-04-02T20:34:22+00:00\",\"dateModified\":\"2026-04-08T15:44:46+00:00\",\"breadcrumb\":{\"@id\":\"https:\\\/\\\/tupique.com\\\/product\\\/motherboard-asus-90mb1is0-m0eay0-amd-am5-amd\\\/#breadcrumb\"},\"inLanguage\":\"pt-PT\",\"potentialAction\":[{\"@type\":\"ReadAction\",\"target\":[\"https:\\\/\\\/tupique.com\\\/product\\\/motherboard-asus-90mb1is0-m0eay0-amd-am5-amd\\\/\"]}]},{\"@type\":\"ImageObject\",\"inLanguage\":\"pt-PT\",\"@id\":\"https:\\\/\\\/tupique.com\\\/product\\\/motherboard-asus-90mb1is0-m0eay0-amd-am5-amd\\\/#primaryimage\",\"url\":\"https:\\\/\\\/tupique.com\\\/wp-content\\\/uploads\\\/2026\\\/04\\\/4711387718148_S71011273_P00.jpg\",\"contentUrl\":\"https:\\\/\\\/tupique.com\\\/wp-content\\\/uploads\\\/2026\\\/04\\\/4711387718148_S71011273_P00.jpg\",\"width\":1200,\"height\":1200,\"caption\":\"M0810490_0\"},{\"@type\":\"BreadcrumbList\",\"@id\":\"https:\\\/\\\/tupique.com\\\/product\\\/motherboard-asus-90mb1is0-m0eay0-amd-am5-amd\\\/#breadcrumb\",\"itemListElement\":[{\"@type\":\"ListItem\",\"position\":1,\"name\":\"commencer\",\"item\":\"https:\\\/\\\/tupique.com\\\/\"},{\"@type\":\"ListItem\",\"position\":2,\"name\":\"Loja\",\"item\":\"https:\\\/\\\/tupique.com\\\/loja\\\/\"},{\"@type\":\"ListItem\",\"position\":3,\"name\":\"Motherboard Asus 90MB1IS0-M0EAY0 AMD AM5 AMD\"}]},{\"@type\":\"WebSite\",\"@id\":\"https:\\\/\\\/tupique.com\\\/#website\",\"url\":\"https:\\\/\\\/tupique.com\\\/\",\"name\":\"Tupique\",\"description\":\"\",\"publisher\":{\"@id\":\"https:\\\/\\\/tupique.com\\\/#organization\"},\"potentialAction\":[{\"@type\":\"SearchAction\",\"target\":{\"@type\":\"EntryPoint\",\"urlTemplate\":\"https:\\\/\\\/tupique.com\\\/?s={search_term_string}\"},\"query-input\":{\"@type\":\"PropertyValueSpecification\",\"valueRequired\":true,\"valueName\":\"search_term_string\"}}],\"inLanguage\":\"pt-PT\"},{\"@type\":\"Organization\",\"@id\":\"https:\\\/\\\/tupique.com\\\/#organization\",\"name\":\"Tupique\",\"url\":\"https:\\\/\\\/tupique.com\\\/\",\"logo\":{\"@type\":\"ImageObject\",\"inLanguage\":\"pt-PT\",\"@id\":\"https:\\\/\\\/tupique.com\\\/#\\\/schema\\\/logo\\\/image\\\/\",\"url\":\"https:\\\/\\\/tupique.com\\\/wp-content\\\/uploads\\\/2026\\\/03\\\/logo-tupique-1.webp\",\"contentUrl\":\"https:\\\/\\\/tupique.com\\\/wp-content\\\/uploads\\\/2026\\\/03\\\/logo-tupique-1.webp\",\"width\":500,\"height\":67,\"caption\":\"Tupique\"},\"image\":{\"@id\":\"https:\\\/\\\/tupique.com\\\/#\\\/schema\\\/logo\\\/image\\\/\"}}]}<\/script>\n<!-- \/ Yoast SEO plugin. -->","yoast_head_json":{"title":"Motherboard Asus 90MB1IS0-M0EAY0 AMD AM5 AMD - Tupique","robots":{"index":"index","follow":"follow","max-snippet":"max-snippet:-1","max-image-preview":"max-image-preview:large","max-video-preview":"max-video-preview:-1"},"canonical":"https:\/\/tupique.com\/pt\/product\/motherboard-asus-90mb1is0-m0eay0-amd-am5-amd\/","og_locale":"pt_PT","og_type":"article","og_title":"Motherboard Asus 90MB1IS0-M0EAY0 AMD AM5 AMD - Tupique","og_description":"If you&#8217;re passionate about IT and electronics, like being up to date on technology and don&#8217;t miss even the slightest details, buy Motherboard Asus 90MB1IS0-M0EAY0 AMD AM5 AMD at an unbeatable price. Type: Motherboard ATX UEFI Chipset: AMD AM5 AMD X870 Intel Wi-Fi 6 AMD Characteristics: USB Connections: USB RJ45 Jack 3.5 mm DisplayPort SATA [&hellip;]","og_url":"https:\/\/tupique.com\/pt\/product\/motherboard-asus-90mb1is0-m0eay0-amd-am5-amd\/","og_site_name":"Tupique","article_modified_time":"2026-04-08T15:44:46+00:00","og_image":[{"width":1200,"height":1200,"url":"https:\/\/tupique.com\/wp-content\/uploads\/2026\/04\/4711387718148_S71011273_P00.jpg","type":"image\/jpeg"}],"twitter_card":"summary_large_image","twitter_misc":{"Tempo estimado de leitura":"1 minuto"},"schema":{"@context":"https:\/\/schema.org","@graph":[{"@type":"WebPage","@id":"https:\/\/tupique.com\/product\/motherboard-asus-90mb1is0-m0eay0-amd-am5-amd\/","url":"https:\/\/tupique.com\/product\/motherboard-asus-90mb1is0-m0eay0-amd-am5-amd\/","name":"Motherboard Asus 90MB1IS0-M0EAY0 AMD AM5 AMD - Tupique","isPartOf":{"@id":"https:\/\/tupique.com\/#website"},"primaryImageOfPage":{"@id":"https:\/\/tupique.com\/product\/motherboard-asus-90mb1is0-m0eay0-amd-am5-amd\/#primaryimage"},"image":{"@id":"https:\/\/tupique.com\/product\/motherboard-asus-90mb1is0-m0eay0-amd-am5-amd\/#primaryimage"},"thumbnailUrl":"https:\/\/tupique.com\/wp-content\/uploads\/2026\/04\/4711387718148_S71011273_P00.jpg","datePublished":"2026-04-02T20:34:22+00:00","dateModified":"2026-04-08T15:44:46+00:00","breadcrumb":{"@id":"https:\/\/tupique.com\/product\/motherboard-asus-90mb1is0-m0eay0-amd-am5-amd\/#breadcrumb"},"inLanguage":"pt-PT","potentialAction":[{"@type":"ReadAction","target":["https:\/\/tupique.com\/product\/motherboard-asus-90mb1is0-m0eay0-amd-am5-amd\/"]}]},{"@type":"ImageObject","inLanguage":"pt-PT","@id":"https:\/\/tupique.com\/product\/motherboard-asus-90mb1is0-m0eay0-amd-am5-amd\/#primaryimage","url":"https:\/\/tupique.com\/wp-content\/uploads\/2026\/04\/4711387718148_S71011273_P00.jpg","contentUrl":"https:\/\/tupique.com\/wp-content\/uploads\/2026\/04\/4711387718148_S71011273_P00.jpg","width":1200,"height":1200,"caption":"M0810490_0"},{"@type":"BreadcrumbList","@id":"https:\/\/tupique.com\/product\/motherboard-asus-90mb1is0-m0eay0-amd-am5-amd\/#breadcrumb","itemListElement":[{"@type":"ListItem","position":1,"name":"commencer","item":"https:\/\/tupique.com\/"},{"@type":"ListItem","position":2,"name":"Loja","item":"https:\/\/tupique.com\/loja\/"},{"@type":"ListItem","position":3,"name":"Motherboard Asus 90MB1IS0-M0EAY0 AMD AM5 AMD"}]},{"@type":"WebSite","@id":"https:\/\/tupique.com\/#website","url":"https:\/\/tupique.com\/","name":"Tupique","description":"","publisher":{"@id":"https:\/\/tupique.com\/#organization"},"potentialAction":[{"@type":"SearchAction","target":{"@type":"EntryPoint","urlTemplate":"https:\/\/tupique.com\/?s={search_term_string}"},"query-input":{"@type":"PropertyValueSpecification","valueRequired":true,"valueName":"search_term_string"}}],"inLanguage":"pt-PT"},{"@type":"Organization","@id":"https:\/\/tupique.com\/#organization","name":"Tupique","url":"https:\/\/tupique.com\/","logo":{"@type":"ImageObject","inLanguage":"pt-PT","@id":"https:\/\/tupique.com\/#\/schema\/logo\/image\/","url":"https:\/\/tupique.com\/wp-content\/uploads\/2026\/03\/logo-tupique-1.webp","contentUrl":"https:\/\/tupique.com\/wp-content\/uploads\/2026\/03\/logo-tupique-1.webp","width":500,"height":67,"caption":"Tupique"},"image":{"@id":"https:\/\/tupique.com\/#\/schema\/logo\/image\/"}}]}},"_links":{"self":[{"href":"https:\/\/tupique.com\/pt\/wp-json\/wp\/v2\/product\/80039","targetHints":{"allow":["GET"]}}],"collection":[{"href":"https:\/\/tupique.com\/pt\/wp-json\/wp\/v2\/product"}],"about":[{"href":"https:\/\/tupique.com\/pt\/wp-json\/wp\/v2\/types\/product"}],"replies":[{"embeddable":true,"href":"https:\/\/tupique.com\/pt\/wp-json\/wp\/v2\/comments?post=80039"}],"wp:featuredmedia":[{"embeddable":true,"href":"https:\/\/tupique.com\/pt\/wp-json\/wp\/v2\/media\/147537"}],"wp:attachment":[{"href":"https:\/\/tupique.com\/pt\/wp-json\/wp\/v2\/media?parent=80039"}],"wp:term":[{"taxonomy":"product_brand","embeddable":true,"href":"https:\/\/tupique.com\/pt\/wp-json\/wp\/v2\/product_brand?post=80039"},{"taxonomy":"product_cat","embeddable":true,"href":"https:\/\/tupique.com\/pt\/wp-json\/wp\/v2\/product_cat?post=80039"},{"taxonomy":"product_tag","embeddable":true,"href":"https:\/\/tupique.com\/pt\/wp-json\/wp\/v2\/product_tag?post=80039"}],"curies":[{"name":"wp","href":"https:\/\/api.w.org\/{rel}","templated":true}]}}