{"id":8126,"date":"2026-03-27T21:27:57","date_gmt":"2026-03-27T19:27:57","guid":{"rendered":"https:\/\/bigbuy.tupique.com\/produto\/stopwatch-qq-hs45j003y\/"},"modified":"2026-05-11T21:22:48","modified_gmt":"2026-05-11T19:22:48","slug":"stopwatch-qq-hs45j003y","status":"publish","type":"product","link":"https:\/\/tupique.com\/pt\/product\/stopwatch-qq-hs45j003y\/","title":{"rendered":"Chronom\u00e8tre Q&amp;Q HS45J003Y"},"content":{"rendered":"<p>Si vous \u00eates passionn\u00e9 d&#8217;<b>informatique et d&#8217;\u00e9lectronique<\/b>, si vous \u00eates \u00e0 la pointe de la technologie et qu&#8217;aucun d\u00e9tail ne vous \u00e9chappe, achetez <b>Chronom\u00e8tre Q&amp;Q HS45J003Y<\/b> au meilleur prix.<\/p>\n<ul>\n<li>Type: Chronom\u00e8tre<\/li>\n<li>Mati\u00e8re: Plastique<\/li>\n<li>Fonctions: Chronographe<\/li>\n<li>Inclut: Inclut un \u00e9tui ou une housse de la marque<\/li>\n<li>Imperm\u00e9abilit\u00e9: 5 atm<\/li>\n<li>Verre: Plastique<\/li>\n<li>Type de mouvement: Quartz<\/li>\n<\/ul>","protected":false},"excerpt":{"rendered":"<p>Si vous \u00eates passionn\u00e9 d&#8217;informatique et d&#8217;\u00e9lectronique, si vous \u00eates \u00e0 la pointe de la technologie et qu&#8217;aucun d\u00e9tail ne vous \u00e9chappe, achetez Chronom\u00e8tre Q&amp;Q HS45J003Y au meilleur prix. Type: Chronom\u00e8tre Mati\u00e8re: Plastique Fonctions: Chronographe Inclut: Inclut un \u00e9tui ou une housse de la marque Imperm\u00e9abilit\u00e9: 5 atm Verre: Plastique Type de mouvement: Quartz<\/p>","protected":false},"featured_media":184264,"comment_status":"open","ping_status":"closed","template":"","meta":[],"product_brand":[175],"product_cat":[2491,1855,1764],"product_tag":[163],"class_list":{"0":"post-8126","1":"product","2":"type-product","3":"status-publish","4":"has-post-thumbnail","6":"product_brand-brandp_6814","7":"product_cat-chronometres","8":"product_cat-running-et-athletisme","9":"product_cat-sports-loisirs","10":"product_tag-tag_17","12":"first","13":"instock","14":"taxable","15":"shipping-taxable","16":"purchasable","17":"product-type-simple"},"yoast_head":"<!-- This site is optimized with the Yoast SEO plugin v27.5 - https:\/\/yoast.com\/product\/yoast-seo-wordpress\/ -->\n<title>Chronom\u00e8tre Q&amp;Q HS45J003Y - Tupique<\/title>\n<meta name=\"robots\" content=\"index, follow, max-snippet:-1, max-image-preview:large, max-video-preview:-1\" \/>\n<link rel=\"canonical\" href=\"https:\/\/tupique.com\/pt\/product\/stopwatch-qq-hs45j003y\/\" \/>\n<meta property=\"og:locale\" content=\"pt_PT\" \/>\n<meta property=\"og:type\" content=\"article\" \/>\n<meta property=\"og:title\" content=\"Chronom\u00e8tre Q&amp;Q HS45J003Y - Tupique\" \/>\n<meta property=\"og:description\" content=\"Si vous \u00eates passionn\u00e9 d&#8217;informatique et d&#8217;\u00e9lectronique, si vous \u00eates \u00e0 la pointe de la technologie et qu&#8217;aucun d\u00e9tail ne vous \u00e9chappe, achetez Chronom\u00e8tre Q&amp;Q HS45J003Y au meilleur prix. Type: Chronom\u00e8tre Mati\u00e8re: Plastique Fonctions: Chronographe Inclut: Inclut un \u00e9tui ou une housse de la marque Imperm\u00e9abilit\u00e9: 5 atm Verre: Plastique Type de mouvement: Quartz\" \/>\n<meta property=\"og:url\" content=\"https:\/\/tupique.com\/pt\/product\/stopwatch-qq-hs45j003y\/\" \/>\n<meta property=\"og:site_name\" content=\"Tupique\" \/>\n<meta property=\"article:modified_time\" content=\"2026-05-11T19:22:48+00:00\" \/>\n<meta name=\"twitter:card\" content=\"summary_large_image\" \/>\n<script type=\"application\/ld+json\" class=\"yoast-schema-graph\">{\"@context\":\"https:\\\/\\\/schema.org\",\"@graph\":[{\"@type\":\"WebPage\",\"@id\":\"https:\\\/\\\/tupique.com\\\/product\\\/stopwatch-qq-hs45j003y\\\/\",\"url\":\"https:\\\/\\\/tupique.com\\\/product\\\/stopwatch-qq-hs45j003y\\\/\",\"name\":\"Chronom\u00e8tre Q&amp;Q HS45J003Y - Tupique\",\"isPartOf\":{\"@id\":\"https:\\\/\\\/tupique.com\\\/#website\"},\"primaryImageOfPage\":{\"@id\":\"https:\\\/\\\/tupique.com\\\/product\\\/stopwatch-qq-hs45j003y\\\/#primaryimage\"},\"image\":{\"@id\":\"https:\\\/\\\/tupique.com\\\/product\\\/stopwatch-qq-hs45j003y\\\/#primaryimage\"},\"thumbnailUrl\":\"https:\\\/\\\/tupique.com\\\/wp-content\\\/uploads\\\/2026\\\/05\\\/4966006491289_S7227697_P02.jpg\",\"datePublished\":\"2026-03-27T19:27:57+00:00\",\"dateModified\":\"2026-05-11T19:22:48+00:00\",\"breadcrumb\":{\"@id\":\"https:\\\/\\\/tupique.com\\\/product\\\/stopwatch-qq-hs45j003y\\\/#breadcrumb\"},\"inLanguage\":\"pt-PT\",\"potentialAction\":[{\"@type\":\"ReadAction\",\"target\":[\"https:\\\/\\\/tupique.com\\\/product\\\/stopwatch-qq-hs45j003y\\\/\"]}]},{\"@type\":\"ImageObject\",\"inLanguage\":\"pt-PT\",\"@id\":\"https:\\\/\\\/tupique.com\\\/product\\\/stopwatch-qq-hs45j003y\\\/#primaryimage\",\"url\":\"https:\\\/\\\/tupique.com\\\/wp-content\\\/uploads\\\/2026\\\/05\\\/4966006491289_S7227697_P02.jpg\",\"contentUrl\":\"https:\\\/\\\/tupique.com\\\/wp-content\\\/uploads\\\/2026\\\/05\\\/4966006491289_S7227697_P02.jpg\",\"width\":1200,\"height\":1200,\"caption\":\"S7227697_0\"},{\"@type\":\"BreadcrumbList\",\"@id\":\"https:\\\/\\\/tupique.com\\\/product\\\/stopwatch-qq-hs45j003y\\\/#breadcrumb\",\"itemListElement\":[{\"@type\":\"ListItem\",\"position\":1,\"name\":\"commencer\",\"item\":\"https:\\\/\\\/tupique.com\\\/\"},{\"@type\":\"ListItem\",\"position\":2,\"name\":\"Loja\",\"item\":\"https:\\\/\\\/tupique.com\\\/loja\\\/\"},{\"@type\":\"ListItem\",\"position\":3,\"name\":\"Chronom\u00e8tre Q&amp;Q HS45J003Y\"}]},{\"@type\":\"WebSite\",\"@id\":\"https:\\\/\\\/tupique.com\\\/#website\",\"url\":\"https:\\\/\\\/tupique.com\\\/\",\"name\":\"Tupique\",\"description\":\"\",\"publisher\":{\"@id\":\"https:\\\/\\\/tupique.com\\\/#organization\"},\"potentialAction\":[{\"@type\":\"SearchAction\",\"target\":{\"@type\":\"EntryPoint\",\"urlTemplate\":\"https:\\\/\\\/tupique.com\\\/?s={search_term_string}\"},\"query-input\":{\"@type\":\"PropertyValueSpecification\",\"valueRequired\":true,\"valueName\":\"search_term_string\"}}],\"inLanguage\":\"pt-PT\"},{\"@type\":\"Organization\",\"@id\":\"https:\\\/\\\/tupique.com\\\/#organization\",\"name\":\"Tupique\",\"url\":\"https:\\\/\\\/tupique.com\\\/\",\"logo\":{\"@type\":\"ImageObject\",\"inLanguage\":\"pt-PT\",\"@id\":\"https:\\\/\\\/tupique.com\\\/#\\\/schema\\\/logo\\\/image\\\/\",\"url\":\"https:\\\/\\\/tupique.com\\\/wp-content\\\/uploads\\\/2026\\\/03\\\/logo-tupique-1.webp\",\"contentUrl\":\"https:\\\/\\\/tupique.com\\\/wp-content\\\/uploads\\\/2026\\\/03\\\/logo-tupique-1.webp\",\"width\":500,\"height\":67,\"caption\":\"Tupique\"},\"image\":{\"@id\":\"https:\\\/\\\/tupique.com\\\/#\\\/schema\\\/logo\\\/image\\\/\"}}]}<\/script>\n<!-- \/ Yoast SEO plugin. -->","yoast_head_json":{"title":"Chronom\u00e8tre Q&amp;Q HS45J003Y - Tupique","robots":{"index":"index","follow":"follow","max-snippet":"max-snippet:-1","max-image-preview":"max-image-preview:large","max-video-preview":"max-video-preview:-1"},"canonical":"https:\/\/tupique.com\/pt\/product\/stopwatch-qq-hs45j003y\/","og_locale":"pt_PT","og_type":"article","og_title":"Chronom\u00e8tre Q&amp;Q HS45J003Y - Tupique","og_description":"Si vous \u00eates passionn\u00e9 d&#8217;informatique et d&#8217;\u00e9lectronique, si vous \u00eates \u00e0 la pointe de la technologie et qu&#8217;aucun d\u00e9tail ne vous \u00e9chappe, achetez Chronom\u00e8tre Q&amp;Q HS45J003Y au meilleur prix. Type: Chronom\u00e8tre Mati\u00e8re: Plastique Fonctions: Chronographe Inclut: Inclut un \u00e9tui ou une housse de la marque Imperm\u00e9abilit\u00e9: 5 atm Verre: Plastique Type de mouvement: Quartz","og_url":"https:\/\/tupique.com\/pt\/product\/stopwatch-qq-hs45j003y\/","og_site_name":"Tupique","article_modified_time":"2026-05-11T19:22:48+00:00","twitter_card":"summary_large_image","schema":{"@context":"https:\/\/schema.org","@graph":[{"@type":"WebPage","@id":"https:\/\/tupique.com\/product\/stopwatch-qq-hs45j003y\/","url":"https:\/\/tupique.com\/product\/stopwatch-qq-hs45j003y\/","name":"Chronom\u00e8tre Q&amp;Q HS45J003Y - Tupique","isPartOf":{"@id":"https:\/\/tupique.com\/#website"},"primaryImageOfPage":{"@id":"https:\/\/tupique.com\/product\/stopwatch-qq-hs45j003y\/#primaryimage"},"image":{"@id":"https:\/\/tupique.com\/product\/stopwatch-qq-hs45j003y\/#primaryimage"},"thumbnailUrl":"https:\/\/tupique.com\/wp-content\/uploads\/2026\/05\/4966006491289_S7227697_P02.jpg","datePublished":"2026-03-27T19:27:57+00:00","dateModified":"2026-05-11T19:22:48+00:00","breadcrumb":{"@id":"https:\/\/tupique.com\/product\/stopwatch-qq-hs45j003y\/#breadcrumb"},"inLanguage":"pt-PT","potentialAction":[{"@type":"ReadAction","target":["https:\/\/tupique.com\/product\/stopwatch-qq-hs45j003y\/"]}]},{"@type":"ImageObject","inLanguage":"pt-PT","@id":"https:\/\/tupique.com\/product\/stopwatch-qq-hs45j003y\/#primaryimage","url":"https:\/\/tupique.com\/wp-content\/uploads\/2026\/05\/4966006491289_S7227697_P02.jpg","contentUrl":"https:\/\/tupique.com\/wp-content\/uploads\/2026\/05\/4966006491289_S7227697_P02.jpg","width":1200,"height":1200,"caption":"S7227697_0"},{"@type":"BreadcrumbList","@id":"https:\/\/tupique.com\/product\/stopwatch-qq-hs45j003y\/#breadcrumb","itemListElement":[{"@type":"ListItem","position":1,"name":"commencer","item":"https:\/\/tupique.com\/"},{"@type":"ListItem","position":2,"name":"Loja","item":"https:\/\/tupique.com\/loja\/"},{"@type":"ListItem","position":3,"name":"Chronom\u00e8tre Q&amp;Q HS45J003Y"}]},{"@type":"WebSite","@id":"https:\/\/tupique.com\/#website","url":"https:\/\/tupique.com\/","name":"Tupique","description":"","publisher":{"@id":"https:\/\/tupique.com\/#organization"},"potentialAction":[{"@type":"SearchAction","target":{"@type":"EntryPoint","urlTemplate":"https:\/\/tupique.com\/?s={search_term_string}"},"query-input":{"@type":"PropertyValueSpecification","valueRequired":true,"valueName":"search_term_string"}}],"inLanguage":"pt-PT"},{"@type":"Organization","@id":"https:\/\/tupique.com\/#organization","name":"Tupique","url":"https:\/\/tupique.com\/","logo":{"@type":"ImageObject","inLanguage":"pt-PT","@id":"https:\/\/tupique.com\/#\/schema\/logo\/image\/","url":"https:\/\/tupique.com\/wp-content\/uploads\/2026\/03\/logo-tupique-1.webp","contentUrl":"https:\/\/tupique.com\/wp-content\/uploads\/2026\/03\/logo-tupique-1.webp","width":500,"height":67,"caption":"Tupique"},"image":{"@id":"https:\/\/tupique.com\/#\/schema\/logo\/image\/"}}]}},"_links":{"self":[{"href":"https:\/\/tupique.com\/pt\/wp-json\/wp\/v2\/product\/8126","targetHints":{"allow":["GET"]}}],"collection":[{"href":"https:\/\/tupique.com\/pt\/wp-json\/wp\/v2\/product"}],"about":[{"href":"https:\/\/tupique.com\/pt\/wp-json\/wp\/v2\/types\/product"}],"replies":[{"embeddable":true,"href":"https:\/\/tupique.com\/pt\/wp-json\/wp\/v2\/comments?post=8126"}],"wp:featuredmedia":[{"embeddable":true,"href":"https:\/\/tupique.com\/pt\/wp-json\/wp\/v2\/media\/184264"}],"wp:attachment":[{"href":"https:\/\/tupique.com\/pt\/wp-json\/wp\/v2\/media?parent=8126"}],"wp:term":[{"taxonomy":"product_brand","embeddable":true,"href":"https:\/\/tupique.com\/pt\/wp-json\/wp\/v2\/product_brand?post=8126"},{"taxonomy":"product_cat","embeddable":true,"href":"https:\/\/tupique.com\/pt\/wp-json\/wp\/v2\/product_cat?post=8126"},{"taxonomy":"product_tag","embeddable":true,"href":"https:\/\/tupique.com\/pt\/wp-json\/wp\/v2\/product_tag?post=8126"}],"curies":[{"name":"wp","href":"https:\/\/api.w.org\/{rel}","templated":true}]}}