{"id":8438,"date":"2026-03-27T21:47:20","date_gmt":"2026-03-27T19:47:20","guid":{"rendered":"https:\/\/bigbuy.tupique.com\/produto\/cooling-beer-dispenser-ball-innovagoods\/"},"modified":"2026-05-11T21:23:42","modified_gmt":"2026-05-11T19:23:42","slug":"cooling-beer-dispenser-ball-innovagoods","status":"publish","type":"product","link":"https:\/\/tupique.com\/pt\/product\/cooling-beer-dispenser-ball-innovagoods\/","title":{"rendered":"Distributeur de Bi\u00e8re R\u00e9frig\u00e9rant Ball InnovaGoods"},"content":{"rendered":"<div class=\"col-md-6\"><b>InnovaGoods<\/b> vient vous aider \u00e0 cuisiner facilement et de mani\u00e8re amusante en vous offrant les meilleures nouveaut\u00e9s pour votre cuisine, comme <b>Distributeur de Bi\u00e8re R\u00e9frig\u00e9rant Ball InnovaGoods <\/b> ! D\u00e9couvrez une vaste gamme de produits de qualit\u00e9 qui se d\u00e9marquent de par leur fonctionnalit\u00e9, leur efficacit\u00e9 et leur design innovant !<\/p>\n<p>Parfait pour servir et rafra\u00eechir les boissons, puisqu&#8217;il dispose, \u00e0 l&#8217;int\u00e9rieur, d&#8217;un compartiment ferm\u00e9 pour les gla\u00e7ons qui refroidit le contenu sans y ajouter de l&#8217;eau.<\/p>\n<ul>\n<li>Mat\u00e9riel: PMMA<\/li>\n<li>Couleur:\n<ul>\n<li>Transparent<\/li>\n<li>Argent\u00e9<\/li>\n<\/ul>\n<\/li>\n<li>Conception originale: Novateur et pratique<\/li>\n<li>Type: Distributeur de boissons<\/li>\n<li>Capacit\u00e9: 3,5 L<\/li>\n<li>R\u00e9frig\u00e9rant: R\u00e9servoir int\u00e9rieur ferm\u00e9 y amivible pour gla\u00e7ons<\/li>\n<li>Caracter\u00edsticas:\n<ul>\n<li>Visualisation rapide et facile du contenu<\/li>\n<li>Sans BPA<\/li>\n<\/ul>\n<\/li>\n<li>Facilit\u00e9 d&#8217;utilisation: Robinet commode et pratique pour servir<\/li>\n<li>D\u00e9montable: Facile \u00e0 nettoyer<\/li>\n<li>Polyvalent et adaptable: Id\u00e9al pour tout type de boissons<\/li>\n<li>Utilisation principale: Id\u00e9al pour les f\u00eates, les r\u00e9unions, les c\u00e9l\u00e9brations, etc.<\/li>\n<li>Dimensions approx.: \u00d824 x 42 cm<\/li>\n<li>Packaging et manuel en 24 langues: anglais, fran\u00e7ais, espagnol, allemand, italien, portugais, n\u00e9erlandais, polonais, hongrois, roumain, danois, su\u00e9dois, finnois, lituanien, norv\u00e9gien, slov\u00e8ne, grec, tch\u00e8que, bulgare, croate, slovaque, estonien, russe, letton<\/li>\n<\/ul>\n<p>Packaging et manuel en 24 langues: anglais, fran\u00e7ais, espagnol, allemand, italien, portugais, n\u00e9erlandais, polonais, hongrois, roumain, danois, su\u00e9dois, finnois, lituanien, norv\u00e9gien, slov\u00e8ne, grec, tch\u00e8que, bulgare, croate, slovaque, estonien, russe, letton.<\/p><\/div>\n<div class=\"col-md-6\">\n<div class=\"embed-responsive embed-responsive-16by9\"><iframe class=\"embed-responsive-item\" src=\"https:\/\/www.youtube.com\/embed\/lijRtuDuePI\" frameborder=\"0\" allowfullscreen><\/iframe><\/div>\n<\/div>","protected":false},"excerpt":{"rendered":"<p>InnovaGoods vient vous aider \u00e0 cuisiner facilement et de mani\u00e8re amusante en vous offrant les meilleures nouveaut\u00e9s pour votre cuisine, comme Distributeur de Bi\u00e8re R\u00e9frig\u00e9rant Ball InnovaGoods ! D\u00e9couvrez une vaste gamme de produits de qualit\u00e9 qui se d\u00e9marquent de par leur fonctionnalit\u00e9, leur efficacit\u00e9 et leur design innovant ! Parfait pour servir et rafra\u00eechir [&hellip;]<\/p>\n","protected":false},"featured_media":179017,"comment_status":"open","ping_status":"closed","template":"","meta":[],"product_brand":[256],"product_cat":[222,63,1794,60,221,109,157,220],"product_tag":[101,204,206,207],"woo-feed-brand":[],"class_list":{"0":"post-8438","1":"product","2":"type-product","3":"status-publish","4":"has-post-thumbnail","6":"product_brand-brandp_1281","7":"product_cat-accessoires-de-fetes","8":"product_cat-cadeaux-originaux","9":"product_cat-carafes-et-verres-originaux","10":"product_cat-cuisine-gourmet","11":"product_cat-deguisements","12":"product_cat-gourmet","13":"product_cat-jouets-deguisements","14":"product_cat-liqueurs-et-accessoires","15":"product_tag-tag_599","16":"product_tag-tag_1283","17":"product_tag-tag_1285","18":"product_tag-tag_1292","20":"first","21":"instock","22":"taxable","23":"shipping-taxable","24":"purchasable","25":"product-type-simple"},"yoast_head":"<!-- This site is optimized with the Yoast SEO plugin v27.5 - https:\/\/yoast.com\/product\/yoast-seo-wordpress\/ -->\n<title>Distributeur de Bi\u00e8re R\u00e9frig\u00e9rant Ball InnovaGoods | | Tupique<\/title>\n<meta name=\"description\" content=\"Envie d&#039;acheter Distributeur de Bi\u00e8re R\u00e9frig\u00e9rant Ball InnovaGoods\u00a0? Achetez Distributeur de Bi\u00e8re R\u00e9frig\u00e9rant Ball InnovaGoods maintenant avec Tupique en 3 versements sans int\u00e9r\u00eat.\" \/>\n<meta name=\"robots\" content=\"index, follow, max-snippet:-1, max-image-preview:large, max-video-preview:-1\" \/>\n<link rel=\"canonical\" href=\"https:\/\/tupique.com\/pt\/product\/cooling-beer-dispenser-ball-innovagoods\/\" \/>\n<meta property=\"og:locale\" content=\"pt_PT\" \/>\n<meta property=\"og:type\" content=\"article\" \/>\n<meta property=\"og:title\" content=\"Distributeur de Bi\u00e8re R\u00e9frig\u00e9rant Ball InnovaGoods | | Tupique\" \/>\n<meta property=\"og:description\" content=\"Envie d&#039;acheter Distributeur de Bi\u00e8re R\u00e9frig\u00e9rant Ball InnovaGoods\u00a0? Achetez Distributeur de Bi\u00e8re R\u00e9frig\u00e9rant Ball InnovaGoods maintenant avec Tupique en 3 versements sans int\u00e9r\u00eat.\" \/>\n<meta property=\"og:url\" content=\"https:\/\/tupique.com\/pt\/product\/cooling-beer-dispenser-ball-innovagoods\/\" \/>\n<meta property=\"og:site_name\" content=\"Tupique\" \/>\n<meta property=\"article:modified_time\" content=\"2026-05-11T19:23:42+00:00\" \/>\n<meta property=\"og:image\" content=\"https:\/\/tupique.com\/wp-content\/uploads\/2026\/05\/V0100594_000_MKT8.jpg\" \/>\n\t<meta property=\"og:image:width\" content=\"1200\" \/>\n\t<meta property=\"og:image:height\" content=\"1200\" \/>\n\t<meta property=\"og:image:type\" content=\"image\/jpeg\" \/>\n<meta name=\"twitter:card\" content=\"summary_large_image\" \/>\n<meta name=\"twitter:label1\" content=\"Tempo estimado de leitura\" \/>\n\t<meta name=\"twitter:data1\" content=\"1 minuto\" \/>\n<script type=\"application\/ld+json\" class=\"yoast-schema-graph\">{\"@context\":\"https:\\\/\\\/schema.org\",\"@graph\":[{\"@type\":\"WebPage\",\"@id\":\"https:\\\/\\\/tupique.com\\\/pt\\\/product\\\/cooling-beer-dispenser-ball-innovagoods\\\/\",\"url\":\"https:\\\/\\\/tupique.com\\\/pt\\\/product\\\/cooling-beer-dispenser-ball-innovagoods\\\/\",\"name\":\"Distributeur de Bi\u00e8re R\u00e9frig\u00e9rant Ball InnovaGoods | | Tupique\",\"isPartOf\":{\"@id\":\"https:\\\/\\\/tupique.com\\\/#website\"},\"primaryImageOfPage\":{\"@id\":\"https:\\\/\\\/tupique.com\\\/pt\\\/product\\\/cooling-beer-dispenser-ball-innovagoods\\\/#primaryimage\"},\"image\":{\"@id\":\"https:\\\/\\\/tupique.com\\\/pt\\\/product\\\/cooling-beer-dispenser-ball-innovagoods\\\/#primaryimage\"},\"thumbnailUrl\":\"https:\\\/\\\/tupique.com\\\/wp-content\\\/uploads\\\/2026\\\/05\\\/V0100594_000_MKT8.jpg\",\"datePublished\":\"2026-03-27T19:47:20+00:00\",\"dateModified\":\"2026-05-11T19:23:42+00:00\",\"description\":\"Envie d'acheter Distributeur de Bi\u00e8re R\u00e9frig\u00e9rant Ball InnovaGoods\u00a0? Achetez Distributeur de Bi\u00e8re R\u00e9frig\u00e9rant Ball InnovaGoods maintenant avec Tupique en 3 versements sans int\u00e9r\u00eat.\",\"breadcrumb\":{\"@id\":\"https:\\\/\\\/tupique.com\\\/pt\\\/product\\\/cooling-beer-dispenser-ball-innovagoods\\\/#breadcrumb\"},\"inLanguage\":\"pt-PT\",\"potentialAction\":[{\"@type\":\"ReadAction\",\"target\":[\"https:\\\/\\\/tupique.com\\\/pt\\\/product\\\/cooling-beer-dispenser-ball-innovagoods\\\/\"]}]},{\"@type\":\"ImageObject\",\"inLanguage\":\"pt-PT\",\"@id\":\"https:\\\/\\\/tupique.com\\\/pt\\\/product\\\/cooling-beer-dispenser-ball-innovagoods\\\/#primaryimage\",\"url\":\"https:\\\/\\\/tupique.com\\\/wp-content\\\/uploads\\\/2026\\\/05\\\/V0100594_000_MKT8.jpg\",\"contentUrl\":\"https:\\\/\\\/tupique.com\\\/wp-content\\\/uploads\\\/2026\\\/05\\\/V0100594_000_MKT8.jpg\",\"width\":1200,\"height\":1200,\"caption\":\"V0100594_0\"},{\"@type\":\"BreadcrumbList\",\"@id\":\"https:\\\/\\\/tupique.com\\\/pt\\\/product\\\/cooling-beer-dispenser-ball-innovagoods\\\/#breadcrumb\",\"itemListElement\":[{\"@type\":\"ListItem\",\"position\":1,\"name\":\"commencer\",\"item\":\"https:\\\/\\\/tupique.com\\\/\"},{\"@type\":\"ListItem\",\"position\":2,\"name\":\"Loja\",\"item\":\"https:\\\/\\\/tupique.com\\\/pt\\\/loja\\\/\"},{\"@type\":\"ListItem\",\"position\":3,\"name\":\"Distributeur de Bi\u00e8re R\u00e9frig\u00e9rant Ball InnovaGoods\"}]},{\"@type\":\"WebSite\",\"@id\":\"https:\\\/\\\/tupique.com\\\/#website\",\"url\":\"https:\\\/\\\/tupique.com\\\/\",\"name\":\"Tupique\",\"description\":\"\",\"publisher\":{\"@id\":\"https:\\\/\\\/tupique.com\\\/#organization\"},\"potentialAction\":[{\"@type\":\"SearchAction\",\"target\":{\"@type\":\"EntryPoint\",\"urlTemplate\":\"https:\\\/\\\/tupique.com\\\/?s={search_term_string}\"},\"query-input\":{\"@type\":\"PropertyValueSpecification\",\"valueRequired\":true,\"valueName\":\"search_term_string\"}}],\"inLanguage\":\"pt-PT\"},{\"@type\":\"Organization\",\"@id\":\"https:\\\/\\\/tupique.com\\\/#organization\",\"name\":\"Tupique\",\"url\":\"https:\\\/\\\/tupique.com\\\/\",\"logo\":{\"@type\":\"ImageObject\",\"inLanguage\":\"pt-PT\",\"@id\":\"https:\\\/\\\/tupique.com\\\/#\\\/schema\\\/logo\\\/image\\\/\",\"url\":\"https:\\\/\\\/tupique.com\\\/wp-content\\\/uploads\\\/2026\\\/03\\\/logo-tupique-1.webp\",\"contentUrl\":\"https:\\\/\\\/tupique.com\\\/wp-content\\\/uploads\\\/2026\\\/03\\\/logo-tupique-1.webp\",\"width\":500,\"height\":67,\"caption\":\"Tupique\"},\"image\":{\"@id\":\"https:\\\/\\\/tupique.com\\\/#\\\/schema\\\/logo\\\/image\\\/\"}}]}<\/script>\n<!-- \/ Yoast SEO plugin. -->","yoast_head_json":{"title":"Distributeur de Bi\u00e8re R\u00e9frig\u00e9rant Ball InnovaGoods | | Tupique","description":"Envie d'acheter Distributeur de Bi\u00e8re R\u00e9frig\u00e9rant Ball InnovaGoods\u00a0? Achetez Distributeur de Bi\u00e8re R\u00e9frig\u00e9rant Ball InnovaGoods maintenant avec Tupique en 3 versements sans int\u00e9r\u00eat.","robots":{"index":"index","follow":"follow","max-snippet":"max-snippet:-1","max-image-preview":"max-image-preview:large","max-video-preview":"max-video-preview:-1"},"canonical":"https:\/\/tupique.com\/pt\/product\/cooling-beer-dispenser-ball-innovagoods\/","og_locale":"pt_PT","og_type":"article","og_title":"Distributeur de Bi\u00e8re R\u00e9frig\u00e9rant Ball InnovaGoods | | Tupique","og_description":"Envie d'acheter Distributeur de Bi\u00e8re R\u00e9frig\u00e9rant Ball InnovaGoods\u00a0? Achetez Distributeur de Bi\u00e8re R\u00e9frig\u00e9rant Ball InnovaGoods maintenant avec Tupique en 3 versements sans int\u00e9r\u00eat.","og_url":"https:\/\/tupique.com\/pt\/product\/cooling-beer-dispenser-ball-innovagoods\/","og_site_name":"Tupique","article_modified_time":"2026-05-11T19:23:42+00:00","og_image":[{"width":1200,"height":1200,"url":"https:\/\/tupique.com\/wp-content\/uploads\/2026\/05\/V0100594_000_MKT8.jpg","type":"image\/jpeg"}],"twitter_card":"summary_large_image","twitter_misc":{"Tempo estimado de leitura":"1 minuto"},"schema":{"@context":"https:\/\/schema.org","@graph":[{"@type":"WebPage","@id":"https:\/\/tupique.com\/pt\/product\/cooling-beer-dispenser-ball-innovagoods\/","url":"https:\/\/tupique.com\/pt\/product\/cooling-beer-dispenser-ball-innovagoods\/","name":"Distributeur de Bi\u00e8re R\u00e9frig\u00e9rant Ball InnovaGoods | | Tupique","isPartOf":{"@id":"https:\/\/tupique.com\/#website"},"primaryImageOfPage":{"@id":"https:\/\/tupique.com\/pt\/product\/cooling-beer-dispenser-ball-innovagoods\/#primaryimage"},"image":{"@id":"https:\/\/tupique.com\/pt\/product\/cooling-beer-dispenser-ball-innovagoods\/#primaryimage"},"thumbnailUrl":"https:\/\/tupique.com\/wp-content\/uploads\/2026\/05\/V0100594_000_MKT8.jpg","datePublished":"2026-03-27T19:47:20+00:00","dateModified":"2026-05-11T19:23:42+00:00","description":"Envie d'acheter Distributeur de Bi\u00e8re R\u00e9frig\u00e9rant Ball InnovaGoods\u00a0? Achetez Distributeur de Bi\u00e8re R\u00e9frig\u00e9rant Ball InnovaGoods maintenant avec Tupique en 3 versements sans int\u00e9r\u00eat.","breadcrumb":{"@id":"https:\/\/tupique.com\/pt\/product\/cooling-beer-dispenser-ball-innovagoods\/#breadcrumb"},"inLanguage":"pt-PT","potentialAction":[{"@type":"ReadAction","target":["https:\/\/tupique.com\/pt\/product\/cooling-beer-dispenser-ball-innovagoods\/"]}]},{"@type":"ImageObject","inLanguage":"pt-PT","@id":"https:\/\/tupique.com\/pt\/product\/cooling-beer-dispenser-ball-innovagoods\/#primaryimage","url":"https:\/\/tupique.com\/wp-content\/uploads\/2026\/05\/V0100594_000_MKT8.jpg","contentUrl":"https:\/\/tupique.com\/wp-content\/uploads\/2026\/05\/V0100594_000_MKT8.jpg","width":1200,"height":1200,"caption":"V0100594_0"},{"@type":"BreadcrumbList","@id":"https:\/\/tupique.com\/pt\/product\/cooling-beer-dispenser-ball-innovagoods\/#breadcrumb","itemListElement":[{"@type":"ListItem","position":1,"name":"commencer","item":"https:\/\/tupique.com\/"},{"@type":"ListItem","position":2,"name":"Loja","item":"https:\/\/tupique.com\/pt\/loja\/"},{"@type":"ListItem","position":3,"name":"Distributeur de Bi\u00e8re R\u00e9frig\u00e9rant Ball InnovaGoods"}]},{"@type":"WebSite","@id":"https:\/\/tupique.com\/#website","url":"https:\/\/tupique.com\/","name":"Tupique","description":"","publisher":{"@id":"https:\/\/tupique.com\/#organization"},"potentialAction":[{"@type":"SearchAction","target":{"@type":"EntryPoint","urlTemplate":"https:\/\/tupique.com\/?s={search_term_string}"},"query-input":{"@type":"PropertyValueSpecification","valueRequired":true,"valueName":"search_term_string"}}],"inLanguage":"pt-PT"},{"@type":"Organization","@id":"https:\/\/tupique.com\/#organization","name":"Tupique","url":"https:\/\/tupique.com\/","logo":{"@type":"ImageObject","inLanguage":"pt-PT","@id":"https:\/\/tupique.com\/#\/schema\/logo\/image\/","url":"https:\/\/tupique.com\/wp-content\/uploads\/2026\/03\/logo-tupique-1.webp","contentUrl":"https:\/\/tupique.com\/wp-content\/uploads\/2026\/03\/logo-tupique-1.webp","width":500,"height":67,"caption":"Tupique"},"image":{"@id":"https:\/\/tupique.com\/#\/schema\/logo\/image\/"}}]}},"_links":{"self":[{"href":"https:\/\/tupique.com\/pt\/wp-json\/wp\/v2\/product\/8438","targetHints":{"allow":["GET"]}}],"collection":[{"href":"https:\/\/tupique.com\/pt\/wp-json\/wp\/v2\/product"}],"about":[{"href":"https:\/\/tupique.com\/pt\/wp-json\/wp\/v2\/types\/product"}],"replies":[{"embeddable":true,"href":"https:\/\/tupique.com\/pt\/wp-json\/wp\/v2\/comments?post=8438"}],"wp:featuredmedia":[{"embeddable":true,"href":"https:\/\/tupique.com\/pt\/wp-json\/wp\/v2\/media\/179017"}],"wp:attachment":[{"href":"https:\/\/tupique.com\/pt\/wp-json\/wp\/v2\/media?parent=8438"}],"wp:term":[{"taxonomy":"product_brand","embeddable":true,"href":"https:\/\/tupique.com\/pt\/wp-json\/wp\/v2\/product_brand?post=8438"},{"taxonomy":"product_cat","embeddable":true,"href":"https:\/\/tupique.com\/pt\/wp-json\/wp\/v2\/product_cat?post=8438"},{"taxonomy":"product_tag","embeddable":true,"href":"https:\/\/tupique.com\/pt\/wp-json\/wp\/v2\/product_tag?post=8438"},{"taxonomy":"woo-feed-brand","embeddable":true,"href":"https:\/\/tupique.com\/pt\/wp-json\/wp\/v2\/woo-feed-brand?post=8438"}],"curies":[{"name":"wp","href":"https:\/\/api.w.org\/{rel}","templated":true}]}}