{"id":8447,"date":"2026-03-27T21:47:34","date_gmt":"2026-03-27T19:47:34","guid":{"rendered":"https:\/\/bigbuy.tupique.com\/produto\/chess-wine-set-innovagoods-37-pieces\/"},"modified":"2026-05-11T21:23:42","modified_gmt":"2026-05-11T19:23:42","slug":"chess-wine-set-innovagoods-37-pieces","status":"publish","type":"product","link":"https:\/\/tupique.com\/pt\/product\/chess-wine-set-innovagoods-37-pieces\/","title":{"rendered":"Ensemble d&#8217;Accessoires \u00e0 Vin et \u00c9checs InnovaGoods 37 Pi\u00e8ces"},"content":{"rendered":"<div class=\"col-md-6\"><b>InnovaGoods<\/b> vient vous aider \u00e0 cuisiner facilement et de mani\u00e8re amusante en vous offrant les meilleures nouveaut\u00e9s pour votre cuisine, comme <b>Ensemble d&#8217;Accessoires \u00e0 Vin et \u00c9checs InnovaGoods 37 Pi\u00e8ces <\/b>! D\u00e9couvrez une vaste gamme de produits de qualit\u00e9 qui se d\u00e9marquent de par leur fonctionnalit\u00e9, leur efficacit\u00e9 et leur design innovant!<\/p>\n<p>\n<p>Son design original et fonctionnel en font une excellente option \u00e0 offrir. Parfait et tr\u00e8s pratique pour les f\u00eates et les c\u00e9l\u00e9brations, puisque c&#8217;est un jeu d&#8217;\u00e9checs mais aussi un ensemble complet d&#8217;<strong><\/strong>accessoires pour le vin.<strong><\/strong><\/p>\n<\/p>\n<p><\/p>\n<ul>\n<li>Mat\u00e9riel:\n<ul>\n<li>Bois<\/li>\n<li>Acier inoxydable<\/li>\n<\/ul>\n<\/li>\n<li>Couleur: Multicouleur<\/li>\n<li>Conception originale: Novateur et pratique<\/li>\n<li>Style exclusif et \u00e9l\u00e9gant: Id\u00e9al pour faire un cadeau<\/li>\n<li>Multifonction: 2-in-1<\/li>\n<li>Ensemble d&#8217;Accessoires \u00e0 Vin et \u00c9checs: 37 Pi\u00e8ces<\/li>\n<li>Inclut:\n<ul>\n<li>Thermom\u00e8tre<\/li>\n<li>Bague anti-goutte<\/li>\n<li>Bouchon de Dosage<\/li>\n<li>Tire-bouchon avec coupe-sceau et d\u00e9capsuleur<\/li>\n<li>32 pi\u00e8ces d&#8217;\u00e9checs<\/li>\n<li>Bo\u00eete avec \u00e9chiquier imprim\u00e9 sur le couvercle<\/li>\n<\/ul>\n<\/li>\n<li>Dimensions approx.: 15 x 5 x 17 cm<\/li>\n<li>Packaging en 24 langues: anglais, fran\u00e7ais, espagnol, allemand, italien, portugais, n\u00e9erlandais, polonais, hongrois, roumain, danois, su\u00e9dois, finnois, lituanien, norv\u00e9gien, slov\u00e8ne, grec, tch\u00e8que, bulgare, croate, slovaque, estonien, russe, letton<\/li>\n<\/ul>\n<\/div>\n<div class=\"col-md-6\">\n<div class=\"embed-responsive embed-responsive-16by9\"><iframe class=\"embed-responsive-item\" src=\"https:\/\/www.youtube.com\/embed\/5GCqUq1G30I\" frameborder=\"0\" allowfullscreen><\/iframe><\/div>\n<\/div>","protected":false},"excerpt":{"rendered":"<p>InnovaGoods vient vous aider \u00e0 cuisiner facilement et de mani\u00e8re amusante en vous offrant les meilleures nouveaut\u00e9s pour votre cuisine, comme Ensemble d&#8217;Accessoires \u00e0 Vin et \u00c9checs InnovaGoods 37 Pi\u00e8ces ! D\u00e9couvrez une vaste gamme de produits de qualit\u00e9 qui se d\u00e9marquent de par leur fonctionnalit\u00e9, leur efficacit\u00e9 et leur design innovant! Son design original [&hellip;]<\/p>\n","protected":false},"featured_media":179027,"comment_status":"open","ping_status":"closed","template":"","meta":[],"product_brand":[256],"product_cat":[60,109,223],"product_tag":[103,208],"woo-feed-brand":[],"class_list":{"0":"post-8447","1":"product","2":"type-product","3":"status-publish","4":"has-post-thumbnail","6":"product_brand-brandp_1281","7":"product_cat-cuisine-gourmet","8":"product_cat-gourmet","9":"product_cat-oenologie","10":"product_tag-tag_1261","11":"product_tag-tag_587","13":"first","14":"instock","15":"taxable","16":"shipping-taxable","17":"purchasable","18":"product-type-simple"},"yoast_head":"<!-- This site is optimized with the Yoast SEO plugin v27.6 - https:\/\/yoast.com\/product\/yoast-seo-wordpress\/ -->\n<title>Ensemble d&#039;Accessoires \u00e0 Vin et \u00c9checs InnovaGoods 37 Pi\u00e8ces | | Tupique<\/title>\n<meta name=\"description\" content=\"Envie d&#039;acheter Ensemble d&#039;Accessoires \u00e0 Vin et \u00c9checs InnovaGoods 37 Pi\u00e8ces\u00a0? Achetez Ensemble d&#039;Accessoires \u00e0 Vin et \u00c9checs InnovaGoods 37 Pi\u00e8ces maintenant avec Tupique en 3 versements sans int\u00e9r\u00eat.\" \/>\n<meta name=\"robots\" content=\"index, follow, max-snippet:-1, max-image-preview:large, max-video-preview:-1\" \/>\n<link rel=\"canonical\" href=\"https:\/\/tupique.com\/pt\/product\/chess-wine-set-innovagoods-37-pieces\/\" \/>\n<meta property=\"og:locale\" content=\"pt_PT\" \/>\n<meta property=\"og:type\" content=\"article\" \/>\n<meta property=\"og:title\" content=\"Ensemble d&#039;Accessoires \u00e0 Vin et \u00c9checs InnovaGoods 37 Pi\u00e8ces | | Tupique\" \/>\n<meta property=\"og:description\" content=\"Envie d&#039;acheter Ensemble d&#039;Accessoires \u00e0 Vin et \u00c9checs InnovaGoods 37 Pi\u00e8ces\u00a0? Achetez Ensemble d&#039;Accessoires \u00e0 Vin et \u00c9checs InnovaGoods 37 Pi\u00e8ces maintenant avec Tupique en 3 versements sans int\u00e9r\u00eat.\" \/>\n<meta property=\"og:url\" content=\"https:\/\/tupique.com\/pt\/product\/chess-wine-set-innovagoods-37-pieces\/\" \/>\n<meta property=\"og:site_name\" content=\"Tupique\" \/>\n<meta property=\"article:modified_time\" content=\"2026-05-11T19:23:42+00:00\" \/>\n<meta property=\"og:image\" content=\"https:\/\/tupique.com\/wp-content\/uploads\/2026\/05\/V0100602_000_MKT4.jpg\" \/>\n\t<meta property=\"og:image:width\" content=\"1200\" \/>\n\t<meta property=\"og:image:height\" content=\"1200\" \/>\n\t<meta property=\"og:image:type\" content=\"image\/jpeg\" \/>\n<meta name=\"twitter:card\" content=\"summary_large_image\" \/>\n<meta name=\"twitter:label1\" content=\"Tempo estimado de leitura\" \/>\n\t<meta name=\"twitter:data1\" content=\"1 minuto\" \/>\n<script type=\"application\/ld+json\" class=\"yoast-schema-graph\">{\"@context\":\"https:\\\/\\\/schema.org\",\"@graph\":[{\"@type\":\"WebPage\",\"@id\":\"https:\\\/\\\/tupique.com\\\/pt\\\/product\\\/chess-wine-set-innovagoods-37-pieces\\\/\",\"url\":\"https:\\\/\\\/tupique.com\\\/pt\\\/product\\\/chess-wine-set-innovagoods-37-pieces\\\/\",\"name\":\"Ensemble d'Accessoires \u00e0 Vin et \u00c9checs InnovaGoods 37 Pi\u00e8ces | | Tupique\",\"isPartOf\":{\"@id\":\"https:\\\/\\\/tupique.com\\\/#website\"},\"primaryImageOfPage\":{\"@id\":\"https:\\\/\\\/tupique.com\\\/pt\\\/product\\\/chess-wine-set-innovagoods-37-pieces\\\/#primaryimage\"},\"image\":{\"@id\":\"https:\\\/\\\/tupique.com\\\/pt\\\/product\\\/chess-wine-set-innovagoods-37-pieces\\\/#primaryimage\"},\"thumbnailUrl\":\"https:\\\/\\\/tupique.com\\\/wp-content\\\/uploads\\\/2026\\\/05\\\/V0100602_000_MKT4.jpg\",\"datePublished\":\"2026-03-27T19:47:34+00:00\",\"dateModified\":\"2026-05-11T19:23:42+00:00\",\"description\":\"Envie d'acheter Ensemble d'Accessoires \u00e0 Vin et \u00c9checs InnovaGoods 37 Pi\u00e8ces\u00a0? Achetez Ensemble d'Accessoires \u00e0 Vin et \u00c9checs InnovaGoods 37 Pi\u00e8ces maintenant avec Tupique en 3 versements sans int\u00e9r\u00eat.\",\"breadcrumb\":{\"@id\":\"https:\\\/\\\/tupique.com\\\/pt\\\/product\\\/chess-wine-set-innovagoods-37-pieces\\\/#breadcrumb\"},\"inLanguage\":\"pt-PT\",\"potentialAction\":[{\"@type\":\"ReadAction\",\"target\":[\"https:\\\/\\\/tupique.com\\\/pt\\\/product\\\/chess-wine-set-innovagoods-37-pieces\\\/\"]}]},{\"@type\":\"ImageObject\",\"inLanguage\":\"pt-PT\",\"@id\":\"https:\\\/\\\/tupique.com\\\/pt\\\/product\\\/chess-wine-set-innovagoods-37-pieces\\\/#primaryimage\",\"url\":\"https:\\\/\\\/tupique.com\\\/wp-content\\\/uploads\\\/2026\\\/05\\\/V0100602_000_MKT4.jpg\",\"contentUrl\":\"https:\\\/\\\/tupique.com\\\/wp-content\\\/uploads\\\/2026\\\/05\\\/V0100602_000_MKT4.jpg\",\"width\":1200,\"height\":1200,\"caption\":\"V0100602_0\"},{\"@type\":\"BreadcrumbList\",\"@id\":\"https:\\\/\\\/tupique.com\\\/pt\\\/product\\\/chess-wine-set-innovagoods-37-pieces\\\/#breadcrumb\",\"itemListElement\":[{\"@type\":\"ListItem\",\"position\":1,\"name\":\"commencer\",\"item\":\"https:\\\/\\\/tupique.com\\\/\"},{\"@type\":\"ListItem\",\"position\":2,\"name\":\"Loja\",\"item\":\"https:\\\/\\\/tupique.com\\\/pt\\\/loja\\\/\"},{\"@type\":\"ListItem\",\"position\":3,\"name\":\"Ensemble d&#8217;Accessoires \u00e0 Vin et \u00c9checs InnovaGoods 37 Pi\u00e8ces\"}]},{\"@type\":\"WebSite\",\"@id\":\"https:\\\/\\\/tupique.com\\\/#website\",\"url\":\"https:\\\/\\\/tupique.com\\\/\",\"name\":\"Tupique\",\"description\":\"\",\"publisher\":{\"@id\":\"https:\\\/\\\/tupique.com\\\/#organization\"},\"potentialAction\":[{\"@type\":\"SearchAction\",\"target\":{\"@type\":\"EntryPoint\",\"urlTemplate\":\"https:\\\/\\\/tupique.com\\\/?s={search_term_string}\"},\"query-input\":{\"@type\":\"PropertyValueSpecification\",\"valueRequired\":true,\"valueName\":\"search_term_string\"}}],\"inLanguage\":\"pt-PT\"},{\"@type\":\"Organization\",\"@id\":\"https:\\\/\\\/tupique.com\\\/#organization\",\"name\":\"Tupique\",\"url\":\"https:\\\/\\\/tupique.com\\\/\",\"logo\":{\"@type\":\"ImageObject\",\"inLanguage\":\"pt-PT\",\"@id\":\"https:\\\/\\\/tupique.com\\\/#\\\/schema\\\/logo\\\/image\\\/\",\"url\":\"https:\\\/\\\/tupique.com\\\/wp-content\\\/uploads\\\/2026\\\/03\\\/logo-tupique-1.webp\",\"contentUrl\":\"https:\\\/\\\/tupique.com\\\/wp-content\\\/uploads\\\/2026\\\/03\\\/logo-tupique-1.webp\",\"width\":500,\"height\":67,\"caption\":\"Tupique\"},\"image\":{\"@id\":\"https:\\\/\\\/tupique.com\\\/#\\\/schema\\\/logo\\\/image\\\/\"}}]}<\/script>\n<!-- \/ Yoast SEO plugin. -->","yoast_head_json":{"title":"Ensemble d'Accessoires \u00e0 Vin et \u00c9checs InnovaGoods 37 Pi\u00e8ces | | Tupique","description":"Envie d'acheter Ensemble d'Accessoires \u00e0 Vin et \u00c9checs InnovaGoods 37 Pi\u00e8ces\u00a0? Achetez Ensemble d'Accessoires \u00e0 Vin et \u00c9checs InnovaGoods 37 Pi\u00e8ces maintenant avec Tupique en 3 versements sans int\u00e9r\u00eat.","robots":{"index":"index","follow":"follow","max-snippet":"max-snippet:-1","max-image-preview":"max-image-preview:large","max-video-preview":"max-video-preview:-1"},"canonical":"https:\/\/tupique.com\/pt\/product\/chess-wine-set-innovagoods-37-pieces\/","og_locale":"pt_PT","og_type":"article","og_title":"Ensemble d'Accessoires \u00e0 Vin et \u00c9checs InnovaGoods 37 Pi\u00e8ces | | Tupique","og_description":"Envie d'acheter Ensemble d'Accessoires \u00e0 Vin et \u00c9checs InnovaGoods 37 Pi\u00e8ces\u00a0? Achetez Ensemble d'Accessoires \u00e0 Vin et \u00c9checs InnovaGoods 37 Pi\u00e8ces maintenant avec Tupique en 3 versements sans int\u00e9r\u00eat.","og_url":"https:\/\/tupique.com\/pt\/product\/chess-wine-set-innovagoods-37-pieces\/","og_site_name":"Tupique","article_modified_time":"2026-05-11T19:23:42+00:00","og_image":[{"width":1200,"height":1200,"url":"https:\/\/tupique.com\/wp-content\/uploads\/2026\/05\/V0100602_000_MKT4.jpg","type":"image\/jpeg"}],"twitter_card":"summary_large_image","twitter_misc":{"Tempo estimado de leitura":"1 minuto"},"schema":{"@context":"https:\/\/schema.org","@graph":[{"@type":"WebPage","@id":"https:\/\/tupique.com\/pt\/product\/chess-wine-set-innovagoods-37-pieces\/","url":"https:\/\/tupique.com\/pt\/product\/chess-wine-set-innovagoods-37-pieces\/","name":"Ensemble d'Accessoires \u00e0 Vin et \u00c9checs InnovaGoods 37 Pi\u00e8ces | | Tupique","isPartOf":{"@id":"https:\/\/tupique.com\/#website"},"primaryImageOfPage":{"@id":"https:\/\/tupique.com\/pt\/product\/chess-wine-set-innovagoods-37-pieces\/#primaryimage"},"image":{"@id":"https:\/\/tupique.com\/pt\/product\/chess-wine-set-innovagoods-37-pieces\/#primaryimage"},"thumbnailUrl":"https:\/\/tupique.com\/wp-content\/uploads\/2026\/05\/V0100602_000_MKT4.jpg","datePublished":"2026-03-27T19:47:34+00:00","dateModified":"2026-05-11T19:23:42+00:00","description":"Envie d'acheter Ensemble d'Accessoires \u00e0 Vin et \u00c9checs InnovaGoods 37 Pi\u00e8ces\u00a0? Achetez Ensemble d'Accessoires \u00e0 Vin et \u00c9checs InnovaGoods 37 Pi\u00e8ces maintenant avec Tupique en 3 versements sans int\u00e9r\u00eat.","breadcrumb":{"@id":"https:\/\/tupique.com\/pt\/product\/chess-wine-set-innovagoods-37-pieces\/#breadcrumb"},"inLanguage":"pt-PT","potentialAction":[{"@type":"ReadAction","target":["https:\/\/tupique.com\/pt\/product\/chess-wine-set-innovagoods-37-pieces\/"]}]},{"@type":"ImageObject","inLanguage":"pt-PT","@id":"https:\/\/tupique.com\/pt\/product\/chess-wine-set-innovagoods-37-pieces\/#primaryimage","url":"https:\/\/tupique.com\/wp-content\/uploads\/2026\/05\/V0100602_000_MKT4.jpg","contentUrl":"https:\/\/tupique.com\/wp-content\/uploads\/2026\/05\/V0100602_000_MKT4.jpg","width":1200,"height":1200,"caption":"V0100602_0"},{"@type":"BreadcrumbList","@id":"https:\/\/tupique.com\/pt\/product\/chess-wine-set-innovagoods-37-pieces\/#breadcrumb","itemListElement":[{"@type":"ListItem","position":1,"name":"commencer","item":"https:\/\/tupique.com\/"},{"@type":"ListItem","position":2,"name":"Loja","item":"https:\/\/tupique.com\/pt\/loja\/"},{"@type":"ListItem","position":3,"name":"Ensemble d&#8217;Accessoires \u00e0 Vin et \u00c9checs InnovaGoods 37 Pi\u00e8ces"}]},{"@type":"WebSite","@id":"https:\/\/tupique.com\/#website","url":"https:\/\/tupique.com\/","name":"Tupique","description":"","publisher":{"@id":"https:\/\/tupique.com\/#organization"},"potentialAction":[{"@type":"SearchAction","target":{"@type":"EntryPoint","urlTemplate":"https:\/\/tupique.com\/?s={search_term_string}"},"query-input":{"@type":"PropertyValueSpecification","valueRequired":true,"valueName":"search_term_string"}}],"inLanguage":"pt-PT"},{"@type":"Organization","@id":"https:\/\/tupique.com\/#organization","name":"Tupique","url":"https:\/\/tupique.com\/","logo":{"@type":"ImageObject","inLanguage":"pt-PT","@id":"https:\/\/tupique.com\/#\/schema\/logo\/image\/","url":"https:\/\/tupique.com\/wp-content\/uploads\/2026\/03\/logo-tupique-1.webp","contentUrl":"https:\/\/tupique.com\/wp-content\/uploads\/2026\/03\/logo-tupique-1.webp","width":500,"height":67,"caption":"Tupique"},"image":{"@id":"https:\/\/tupique.com\/#\/schema\/logo\/image\/"}}]}},"_links":{"self":[{"href":"https:\/\/tupique.com\/pt\/wp-json\/wp\/v2\/product\/8447","targetHints":{"allow":["GET"]}}],"collection":[{"href":"https:\/\/tupique.com\/pt\/wp-json\/wp\/v2\/product"}],"about":[{"href":"https:\/\/tupique.com\/pt\/wp-json\/wp\/v2\/types\/product"}],"replies":[{"embeddable":true,"href":"https:\/\/tupique.com\/pt\/wp-json\/wp\/v2\/comments?post=8447"}],"wp:featuredmedia":[{"embeddable":true,"href":"https:\/\/tupique.com\/pt\/wp-json\/wp\/v2\/media\/179027"}],"wp:attachment":[{"href":"https:\/\/tupique.com\/pt\/wp-json\/wp\/v2\/media?parent=8447"}],"wp:term":[{"taxonomy":"product_brand","embeddable":true,"href":"https:\/\/tupique.com\/pt\/wp-json\/wp\/v2\/product_brand?post=8447"},{"taxonomy":"product_cat","embeddable":true,"href":"https:\/\/tupique.com\/pt\/wp-json\/wp\/v2\/product_cat?post=8447"},{"taxonomy":"product_tag","embeddable":true,"href":"https:\/\/tupique.com\/pt\/wp-json\/wp\/v2\/product_tag?post=8447"},{"taxonomy":"woo-feed-brand","embeddable":true,"href":"https:\/\/tupique.com\/pt\/wp-json\/wp\/v2\/woo-feed-brand?post=8447"}],"curies":[{"name":"wp","href":"https:\/\/api.w.org\/{rel}","templated":true}]}}