{"id":8459,"date":"2026-03-27T21:47:48","date_gmt":"2026-03-27T19:47:48","guid":{"rendered":"https:\/\/bigbuy.tupique.com\/produto\/quick-defrosting-plate-qheat-innovagoods\/"},"modified":"2026-05-11T21:23:42","modified_gmt":"2026-05-11T19:23:42","slug":"quick-defrosting-plate-qheat-innovagoods","status":"publish","type":"product","link":"https:\/\/tupique.com\/pt\/product\/quick-defrosting-plate-qheat-innovagoods\/","title":{"rendered":"Plaque de D\u00e9cong\u00e9lation rapide des Aliments Qheat InnovaGoods"},"content":{"rendered":"<div class=\"col-md-6\"><b>InnovaGoods<\/b> vient vous aider \u00e0 cuisiner facilement et de mani\u00e8re amusante en vous offrant les meilleures nouveaut\u00e9s pour votre cuisine, comme <b>Plaque de D\u00e9cong\u00e9lation rapide des Aliments Qheat InnovaGoods <\/b> ! D\u00e9couvrez une vaste gamme de produits de qualit\u00e9 qui se d\u00e9marquent de par leur fonctionnalit\u00e9, leur efficacit\u00e9 et leur design innovant !<\/p>\n<p>Sa superconductivit\u00e9 thermique acc\u00e9l\u00e8re la <b>d\u00e9cong\u00e9lation d&#8217;aliments<\/b>&nbsp;sans avoir besoin d&#8217;\u00e9lectricit\u00e9. Elle est tr\u00e8s utile pour d\u00e9congeler rapidement la viande, le poisson ou tout aliment. Cette m\u00e9thode de d\u00e9cong\u00e9lation est bas\u00e9e sur le principe du transfert thermique, beaucoup plus naturel et \u00e9conomique que le four \u00e0 micro-ondes. Il suffit de poser les aliments congel\u00e9s sur le <b>plateau m\u00e9tallique antiadh\u00e9sif<\/b>&nbsp;et ils d\u00e9cong\u00e8leront quatre fois plus vite sans perdre leurs propri\u00e9t\u00e9s et nutriments. <\/p>\n<p><\/p>\n<ul>\n<li>Mat\u00e9riel: Alliage m\u00e9tallique<\/li>\n<li>Couleur: Noir<\/li>\n<li>Type: Plateau<\/li>\n<li>\u00c9paisseur env.: 1,5 mm<\/li>\n<li>4 petits pieds \u00e0 la base: Fixation ferme<\/li>\n<li>Propri\u00e9t\u00e9s: Anti-adh\u00e9rente<\/li>\n<li>Caract\u00e9ristiques: Fonction de d\u00e9givrage<\/li>\n<li>\u00c9co-responsable: \u00c9conomie d&#8217;\u00e9nergie<\/li>\n<li>Universel: Convient pour la viande, le poisson, la charcuterie, les l\u00e9gumes, etc.<\/li>\n<li>Facile \u00e0 utiliser et \u00e0 nettoyer: Gain de temps et \u00e9conomie d&#8217;efforts<\/li>\n<li>Dimensions approx.: 35 x 20,5 x 1 cm<\/li>\n<\/ul>\n<p>Packaging en 24 langues: anglais, fran\u00e7ais, espagnol, allemand, italien, portugais, n\u00e9erlandais, polonais, hongrois, roumain, danois, su\u00e9dois, finnois, lituanien, norv\u00e9gien, slov\u00e8ne, grec, tch\u00e8que, bulgare, croate, slovaque, estonien, russe, letton.<\/p><\/div>\n<div class=\"col-md-6\">\n<div class=\"embed-responsive embed-responsive-16by9\"><iframe class=\"embed-responsive-item\" src=\"https:\/\/www.youtube.com\/embed\/geu9iNeCczI\" frameborder=\"0\" allowfullscreen><\/iframe><\/div>\n<\/div>","protected":false},"excerpt":{"rendered":"<p>InnovaGoods vient vous aider \u00e0 cuisiner facilement et de mani\u00e8re amusante en vous offrant les meilleures nouveaut\u00e9s pour votre cuisine, comme Plaque de D\u00e9cong\u00e9lation rapide des Aliments Qheat InnovaGoods ! D\u00e9couvrez une vaste gamme de produits de qualit\u00e9 qui se d\u00e9marquent de par leur fonctionnalit\u00e9, leur efficacit\u00e9 et leur design innovant ! Sa superconductivit\u00e9 thermique [&hellip;]<\/p>\n","protected":false},"featured_media":179035,"comment_status":"open","ping_status":"closed","template":"","meta":[],"product_brand":[256],"product_cat":[1818,225,63,227,60,1796,224],"product_tag":[55,210],"woo-feed-brand":[],"class_list":{"0":"post-8459","1":"product","2":"type-product","3":"status-publish","4":"has-post-thumbnail","6":"product_brand-brandp_1281","7":"product_cat-accessoires-de-cuisine","8":"product_cat-autres-accessoires-et-ustensiles-de-cuisine","9":"product_cat-cadeaux-originaux","10":"product_cat-cadeaux-pour-la-cuisine","11":"product_cat-cuisine-gourmet","12":"product_cat-teleachat-vu-a-la-television","13":"product_cat-ustensiles-et-accessoires-de-cuisine","14":"product_tag-tag_926","15":"product_tag-tag_25","17":"first","18":"instock","19":"taxable","20":"shipping-taxable","21":"purchasable","22":"product-type-simple"},"yoast_head":"<!-- This site is optimized with the Yoast SEO plugin v27.6 - https:\/\/yoast.com\/product\/yoast-seo-wordpress\/ -->\n<title>Plaque de D\u00e9cong\u00e9lation rapide des Aliments Qheat InnovaGoods | | Tupique<\/title>\n<meta name=\"description\" content=\"Envie d&#039;acheter Plaque de D\u00e9cong\u00e9lation rapide des Aliments Qheat InnovaGoods\u00a0? Achetez Plaque de D\u00e9cong\u00e9lation rapide des Aliments Qheat InnovaGoods maintenant avec Tupique en 3 versements sans int\u00e9r\u00eat.\" \/>\n<meta name=\"robots\" content=\"index, follow, max-snippet:-1, max-image-preview:large, max-video-preview:-1\" \/>\n<link rel=\"canonical\" href=\"https:\/\/tupique.com\/pt\/product\/quick-defrosting-plate-qheat-innovagoods\/\" \/>\n<meta property=\"og:locale\" content=\"pt_PT\" \/>\n<meta property=\"og:type\" content=\"article\" \/>\n<meta property=\"og:title\" content=\"Plaque de D\u00e9cong\u00e9lation rapide des Aliments Qheat InnovaGoods | | Tupique\" \/>\n<meta property=\"og:description\" content=\"Envie d&#039;acheter Plaque de D\u00e9cong\u00e9lation rapide des Aliments Qheat InnovaGoods\u00a0? Achetez Plaque de D\u00e9cong\u00e9lation rapide des Aliments Qheat InnovaGoods maintenant avec Tupique en 3 versements sans int\u00e9r\u00eat.\" \/>\n<meta property=\"og:url\" content=\"https:\/\/tupique.com\/pt\/product\/quick-defrosting-plate-qheat-innovagoods\/\" \/>\n<meta property=\"og:site_name\" content=\"Tupique\" \/>\n<meta property=\"article:modified_time\" content=\"2026-05-11T19:23:42+00:00\" \/>\n<meta property=\"og:image\" content=\"https:\/\/tupique.com\/wp-content\/uploads\/2026\/05\/V0100802_000_MKT5.jpg\" \/>\n\t<meta property=\"og:image:width\" content=\"1200\" \/>\n\t<meta property=\"og:image:height\" content=\"1200\" \/>\n\t<meta property=\"og:image:type\" content=\"image\/jpeg\" \/>\n<meta name=\"twitter:card\" content=\"summary_large_image\" \/>\n<meta name=\"twitter:label1\" content=\"Tempo estimado de leitura\" \/>\n\t<meta name=\"twitter:data1\" content=\"1 minuto\" \/>\n<script type=\"application\/ld+json\" class=\"yoast-schema-graph\">{\"@context\":\"https:\\\/\\\/schema.org\",\"@graph\":[{\"@type\":\"WebPage\",\"@id\":\"https:\\\/\\\/tupique.com\\\/en\\\/product\\\/quick-defrosting-plate-qheat-innovagoods\\\/\",\"url\":\"https:\\\/\\\/tupique.com\\\/en\\\/product\\\/quick-defrosting-plate-qheat-innovagoods\\\/\",\"name\":\"Plaque de D\u00e9cong\u00e9lation rapide des Aliments Qheat InnovaGoods | | Tupique\",\"isPartOf\":{\"@id\":\"https:\\\/\\\/tupique.com\\\/#website\"},\"primaryImageOfPage\":{\"@id\":\"https:\\\/\\\/tupique.com\\\/en\\\/product\\\/quick-defrosting-plate-qheat-innovagoods\\\/#primaryimage\"},\"image\":{\"@id\":\"https:\\\/\\\/tupique.com\\\/en\\\/product\\\/quick-defrosting-plate-qheat-innovagoods\\\/#primaryimage\"},\"thumbnailUrl\":\"https:\\\/\\\/tupique.com\\\/wp-content\\\/uploads\\\/2026\\\/05\\\/V0100802_000_MKT5.jpg\",\"datePublished\":\"2026-03-27T19:47:48+00:00\",\"dateModified\":\"2026-05-11T19:23:42+00:00\",\"description\":\"Envie d'acheter Plaque de D\u00e9cong\u00e9lation rapide des Aliments Qheat InnovaGoods\u00a0? Achetez Plaque de D\u00e9cong\u00e9lation rapide des Aliments Qheat InnovaGoods maintenant avec Tupique en 3 versements sans int\u00e9r\u00eat.\",\"breadcrumb\":{\"@id\":\"https:\\\/\\\/tupique.com\\\/en\\\/product\\\/quick-defrosting-plate-qheat-innovagoods\\\/#breadcrumb\"},\"inLanguage\":\"pt-PT\",\"potentialAction\":[{\"@type\":\"ReadAction\",\"target\":[\"https:\\\/\\\/tupique.com\\\/en\\\/product\\\/quick-defrosting-plate-qheat-innovagoods\\\/\"]}]},{\"@type\":\"ImageObject\",\"inLanguage\":\"pt-PT\",\"@id\":\"https:\\\/\\\/tupique.com\\\/en\\\/product\\\/quick-defrosting-plate-qheat-innovagoods\\\/#primaryimage\",\"url\":\"https:\\\/\\\/tupique.com\\\/wp-content\\\/uploads\\\/2026\\\/05\\\/V0100802_000_MKT5.jpg\",\"contentUrl\":\"https:\\\/\\\/tupique.com\\\/wp-content\\\/uploads\\\/2026\\\/05\\\/V0100802_000_MKT5.jpg\",\"width\":1200,\"height\":1200,\"caption\":\"V0100802_0\"},{\"@type\":\"BreadcrumbList\",\"@id\":\"https:\\\/\\\/tupique.com\\\/en\\\/product\\\/quick-defrosting-plate-qheat-innovagoods\\\/#breadcrumb\",\"itemListElement\":[{\"@type\":\"ListItem\",\"position\":1,\"name\":\"commencer\",\"item\":\"https:\\\/\\\/tupique.com\\\/\"},{\"@type\":\"ListItem\",\"position\":2,\"name\":\"Loja\",\"item\":\"https:\\\/\\\/tupique.com\\\/pt\\\/loja\\\/\"},{\"@type\":\"ListItem\",\"position\":3,\"name\":\"Plaque de D\u00e9cong\u00e9lation rapide des Aliments Qheat InnovaGoods\"}]},{\"@type\":\"WebSite\",\"@id\":\"https:\\\/\\\/tupique.com\\\/#website\",\"url\":\"https:\\\/\\\/tupique.com\\\/\",\"name\":\"Tupique\",\"description\":\"\",\"publisher\":{\"@id\":\"https:\\\/\\\/tupique.com\\\/#organization\"},\"potentialAction\":[{\"@type\":\"SearchAction\",\"target\":{\"@type\":\"EntryPoint\",\"urlTemplate\":\"https:\\\/\\\/tupique.com\\\/?s={search_term_string}\"},\"query-input\":{\"@type\":\"PropertyValueSpecification\",\"valueRequired\":true,\"valueName\":\"search_term_string\"}}],\"inLanguage\":\"pt-PT\"},{\"@type\":\"Organization\",\"@id\":\"https:\\\/\\\/tupique.com\\\/#organization\",\"name\":\"Tupique\",\"url\":\"https:\\\/\\\/tupique.com\\\/\",\"logo\":{\"@type\":\"ImageObject\",\"inLanguage\":\"pt-PT\",\"@id\":\"https:\\\/\\\/tupique.com\\\/#\\\/schema\\\/logo\\\/image\\\/\",\"url\":\"https:\\\/\\\/tupique.com\\\/wp-content\\\/uploads\\\/2026\\\/03\\\/logo-tupique-1.webp\",\"contentUrl\":\"https:\\\/\\\/tupique.com\\\/wp-content\\\/uploads\\\/2026\\\/03\\\/logo-tupique-1.webp\",\"width\":500,\"height\":67,\"caption\":\"Tupique\"},\"image\":{\"@id\":\"https:\\\/\\\/tupique.com\\\/#\\\/schema\\\/logo\\\/image\\\/\"}}]}<\/script>\n<!-- \/ Yoast SEO plugin. -->","yoast_head_json":{"title":"Plaque de D\u00e9cong\u00e9lation rapide des Aliments Qheat InnovaGoods | | Tupique","description":"Envie d'acheter Plaque de D\u00e9cong\u00e9lation rapide des Aliments Qheat InnovaGoods\u00a0? Achetez Plaque de D\u00e9cong\u00e9lation rapide des Aliments Qheat InnovaGoods maintenant avec Tupique en 3 versements sans int\u00e9r\u00eat.","robots":{"index":"index","follow":"follow","max-snippet":"max-snippet:-1","max-image-preview":"max-image-preview:large","max-video-preview":"max-video-preview:-1"},"canonical":"https:\/\/tupique.com\/pt\/product\/quick-defrosting-plate-qheat-innovagoods\/","og_locale":"pt_PT","og_type":"article","og_title":"Plaque de D\u00e9cong\u00e9lation rapide des Aliments Qheat InnovaGoods | | Tupique","og_description":"Envie d'acheter Plaque de D\u00e9cong\u00e9lation rapide des Aliments Qheat InnovaGoods\u00a0? Achetez Plaque de D\u00e9cong\u00e9lation rapide des Aliments Qheat InnovaGoods maintenant avec Tupique en 3 versements sans int\u00e9r\u00eat.","og_url":"https:\/\/tupique.com\/pt\/product\/quick-defrosting-plate-qheat-innovagoods\/","og_site_name":"Tupique","article_modified_time":"2026-05-11T19:23:42+00:00","og_image":[{"width":1200,"height":1200,"url":"https:\/\/tupique.com\/wp-content\/uploads\/2026\/05\/V0100802_000_MKT5.jpg","type":"image\/jpeg"}],"twitter_card":"summary_large_image","twitter_misc":{"Tempo estimado de leitura":"1 minuto"},"schema":{"@context":"https:\/\/schema.org","@graph":[{"@type":"WebPage","@id":"https:\/\/tupique.com\/en\/product\/quick-defrosting-plate-qheat-innovagoods\/","url":"https:\/\/tupique.com\/en\/product\/quick-defrosting-plate-qheat-innovagoods\/","name":"Plaque de D\u00e9cong\u00e9lation rapide des Aliments Qheat InnovaGoods | | Tupique","isPartOf":{"@id":"https:\/\/tupique.com\/#website"},"primaryImageOfPage":{"@id":"https:\/\/tupique.com\/en\/product\/quick-defrosting-plate-qheat-innovagoods\/#primaryimage"},"image":{"@id":"https:\/\/tupique.com\/en\/product\/quick-defrosting-plate-qheat-innovagoods\/#primaryimage"},"thumbnailUrl":"https:\/\/tupique.com\/wp-content\/uploads\/2026\/05\/V0100802_000_MKT5.jpg","datePublished":"2026-03-27T19:47:48+00:00","dateModified":"2026-05-11T19:23:42+00:00","description":"Envie d'acheter Plaque de D\u00e9cong\u00e9lation rapide des Aliments Qheat InnovaGoods\u00a0? Achetez Plaque de D\u00e9cong\u00e9lation rapide des Aliments Qheat InnovaGoods maintenant avec Tupique en 3 versements sans int\u00e9r\u00eat.","breadcrumb":{"@id":"https:\/\/tupique.com\/en\/product\/quick-defrosting-plate-qheat-innovagoods\/#breadcrumb"},"inLanguage":"pt-PT","potentialAction":[{"@type":"ReadAction","target":["https:\/\/tupique.com\/en\/product\/quick-defrosting-plate-qheat-innovagoods\/"]}]},{"@type":"ImageObject","inLanguage":"pt-PT","@id":"https:\/\/tupique.com\/en\/product\/quick-defrosting-plate-qheat-innovagoods\/#primaryimage","url":"https:\/\/tupique.com\/wp-content\/uploads\/2026\/05\/V0100802_000_MKT5.jpg","contentUrl":"https:\/\/tupique.com\/wp-content\/uploads\/2026\/05\/V0100802_000_MKT5.jpg","width":1200,"height":1200,"caption":"V0100802_0"},{"@type":"BreadcrumbList","@id":"https:\/\/tupique.com\/en\/product\/quick-defrosting-plate-qheat-innovagoods\/#breadcrumb","itemListElement":[{"@type":"ListItem","position":1,"name":"commencer","item":"https:\/\/tupique.com\/"},{"@type":"ListItem","position":2,"name":"Loja","item":"https:\/\/tupique.com\/pt\/loja\/"},{"@type":"ListItem","position":3,"name":"Plaque de D\u00e9cong\u00e9lation rapide des Aliments Qheat InnovaGoods"}]},{"@type":"WebSite","@id":"https:\/\/tupique.com\/#website","url":"https:\/\/tupique.com\/","name":"Tupique","description":"","publisher":{"@id":"https:\/\/tupique.com\/#organization"},"potentialAction":[{"@type":"SearchAction","target":{"@type":"EntryPoint","urlTemplate":"https:\/\/tupique.com\/?s={search_term_string}"},"query-input":{"@type":"PropertyValueSpecification","valueRequired":true,"valueName":"search_term_string"}}],"inLanguage":"pt-PT"},{"@type":"Organization","@id":"https:\/\/tupique.com\/#organization","name":"Tupique","url":"https:\/\/tupique.com\/","logo":{"@type":"ImageObject","inLanguage":"pt-PT","@id":"https:\/\/tupique.com\/#\/schema\/logo\/image\/","url":"https:\/\/tupique.com\/wp-content\/uploads\/2026\/03\/logo-tupique-1.webp","contentUrl":"https:\/\/tupique.com\/wp-content\/uploads\/2026\/03\/logo-tupique-1.webp","width":500,"height":67,"caption":"Tupique"},"image":{"@id":"https:\/\/tupique.com\/#\/schema\/logo\/image\/"}}]}},"_links":{"self":[{"href":"https:\/\/tupique.com\/pt\/wp-json\/wp\/v2\/product\/8459","targetHints":{"allow":["GET"]}}],"collection":[{"href":"https:\/\/tupique.com\/pt\/wp-json\/wp\/v2\/product"}],"about":[{"href":"https:\/\/tupique.com\/pt\/wp-json\/wp\/v2\/types\/product"}],"replies":[{"embeddable":true,"href":"https:\/\/tupique.com\/pt\/wp-json\/wp\/v2\/comments?post=8459"}],"wp:featuredmedia":[{"embeddable":true,"href":"https:\/\/tupique.com\/pt\/wp-json\/wp\/v2\/media\/179035"}],"wp:attachment":[{"href":"https:\/\/tupique.com\/pt\/wp-json\/wp\/v2\/media?parent=8459"}],"wp:term":[{"taxonomy":"product_brand","embeddable":true,"href":"https:\/\/tupique.com\/pt\/wp-json\/wp\/v2\/product_brand?post=8459"},{"taxonomy":"product_cat","embeddable":true,"href":"https:\/\/tupique.com\/pt\/wp-json\/wp\/v2\/product_cat?post=8459"},{"taxonomy":"product_tag","embeddable":true,"href":"https:\/\/tupique.com\/pt\/wp-json\/wp\/v2\/product_tag?post=8459"},{"taxonomy":"woo-feed-brand","embeddable":true,"href":"https:\/\/tupique.com\/pt\/wp-json\/wp\/v2\/woo-feed-brand?post=8459"}],"curies":[{"name":"wp","href":"https:\/\/api.w.org\/{rel}","templated":true}]}}