{"id":8513,"date":"2026-03-27T21:48:59","date_gmt":"2026-03-27T19:48:59","guid":{"rendered":"https:\/\/bigbuy.tupique.com\/produto\/microwave-double-steamer-codowave-innovagoods\/"},"modified":"2026-05-11T21:23:43","modified_gmt":"2026-05-11T19:23:43","slug":"microwave-double-steamer-codowave-innovagoods","status":"publish","type":"product","link":"https:\/\/tupique.com\/pt\/product\/microwave-double-steamer-codowave-innovagoods\/","title":{"rendered":"Cozinhador a Vapor Duplo para Micro-ondas Codowave InnovaGoods"},"content":{"rendered":"<div class=\"col-md-6\"><b>InnovaGoods<\/b> vient vous aider \u00e0 cuisiner facilement et de mani\u00e8re amusante en vous offrant les meilleures nouveaut\u00e9s pour votre cuisine, comme <b>Cozinhador a Vapor Duplo para Micro-ondas Codowave InnovaGoods <\/b> ! D\u00e9couvrez une vaste gamme de produits de qualit\u00e9 qui se d\u00e9marquent de par leur fonctionnalit\u00e9, leur efficacit\u00e9 et leur design innovant !<\/p>\n<p>Tr\u00e8s pratique pour cuisiner les aliments \u00e0 la vapeur au micro-ondes, en conservant plus de nutriments et de propri\u00e9t\u00e9s. Indispensable pour les cuisines qui optent pour une alimentation saine et \u00e9quilibr\u00e9e avec peu de gras, car il permet de pr\u00e9parer les recettes les plus saines rapidement, confortablement et facilement.<\/p>\n<ul>\n<li>Mat\u00e9riel: polypropyl\u00e8ne<\/li>\n<li>Couleur: Vert citron<\/li>\n<li>Design innovant et fonctionnel: Gain de temps et \u00e9conomie d&#8217;efforts<\/li>\n<li>Type: Cuiseur vapeur<\/li>\n<li>Double compartiment: 2 Compartiments<\/li>\n<li>Couvercle avec valve: Vanne d&#8217;\u00e9jection de vapeur<\/li>\n<li>Caract\u00e9ristiques: 2 poign\u00e9es d&#8217;accroche<\/li>\n<li>Fonctions: Cuisiner \u00e0 la vapeur<\/li>\n<li>Convient pour le micro-ondes: Cuisine rapide et saine , faible teneur en graisses<\/li>\n<li>Facilit\u00e9 d&#8217;utilisation: Utilisation pratique et simple<\/li>\n<li>Facile \u00e0 d\u00e9monter et \u00e0 nettoyer: Convient aux lave-vaisselles<\/li>\n<li>L\u00e9ger et maniable: Facile \u00e0 transporter et \u00e0 ranger<\/li>\n<li>Dimensions approx.: \u00d822 x 12\/17 cm<\/li>\n<\/ul>\n<p>Packaging en 24 langues: anglais, fran\u00e7ais, espagnol, allemand, italien, portugais, n\u00e9erlandais, polonais, hongrois, roumain, danois, su\u00e9dois, finnois, lituanien, norv\u00e9gien, slov\u00e8ne, grec, tch\u00e8que, bulgare, croate, slovaque, estonien, russe, letton.<\/p><\/div>\n<div class=\"col-md-6\">\n<div class=\"embed-responsive embed-responsive-16by9\"><iframe class=\"embed-responsive-item\" src=\"https:\/\/www.youtube.com\/embed\/RDA4h96cAkQ\" frameborder=\"0\" allowfullscreen><\/iframe><\/div>\n<\/div>","protected":false},"excerpt":{"rendered":"<p>InnovaGoods vient vous aider \u00e0 cuisiner facilement et de mani\u00e8re amusante en vous offrant les meilleures nouveaut\u00e9s pour votre cuisine, comme Cuiseur-Vapeur Double pour Micro-Ondes Codowave InnovaGoods ! D\u00e9couvrez une vaste gamme de produits de qualit\u00e9 qui se d\u00e9marquent de par leur fonctionnalit\u00e9, leur efficacit\u00e9 et leur design innovant ! Tr\u00e8s pratique pour cuisiner les [&hellip;]<\/p>\n","protected":false},"featured_media":179437,"comment_status":"open","ping_status":"closed","template":"","meta":[],"product_brand":[256],"product_cat":[1818,225,1852,63,227,60,1796,224],"product_tag":[55,165],"class_list":{"0":"post-8513","1":"product","2":"type-product","3":"status-publish","4":"has-post-thumbnail","6":"product_brand-brandp_1281","7":"product_cat-accessoires-de-cuisine","8":"product_cat-autres-accessoires-et-ustensiles-de-cuisine","9":"product_cat-boites-dejeuner-recipients-alimentaires-et-saladiers","10":"product_cat-cadeaux-originaux","11":"product_cat-cadeaux-pour-la-cuisine","12":"product_cat-cuisine-gourmet","13":"product_cat-teleachat-vu-a-la-television","14":"product_cat-ustensiles-et-accessoires-de-cuisine","15":"product_tag-tag_926","16":"product_tag-tag_69","18":"first","19":"instock","20":"taxable","21":"shipping-taxable","22":"purchasable","23":"product-type-simple"},"yoast_head":"<!-- This site is optimized with the Yoast SEO plugin v27.5 - https:\/\/yoast.com\/product\/yoast-seo-wordpress\/ -->\n<title>Cuiseur-Vapeur Double pour Micro-Ondes Codowave InnovaGoods - Tupique<\/title>\n<meta name=\"robots\" content=\"index, follow, max-snippet:-1, max-image-preview:large, max-video-preview:-1\" \/>\n<link rel=\"canonical\" href=\"https:\/\/tupique.com\/pt\/product\/microwave-double-steamer-codowave-innovagoods\/\" \/>\n<meta property=\"og:locale\" content=\"pt_PT\" \/>\n<meta property=\"og:type\" content=\"article\" \/>\n<meta property=\"og:title\" content=\"Cuiseur-Vapeur Double pour Micro-Ondes Codowave InnovaGoods - Tupique\" \/>\n<meta property=\"og:description\" content=\"InnovaGoods vient vous aider \u00e0 cuisiner facilement et de mani\u00e8re amusante en vous offrant les meilleures nouveaut\u00e9s pour votre cuisine, comme Cuiseur-Vapeur Double pour Micro-Ondes Codowave InnovaGoods ! D\u00e9couvrez une vaste gamme de produits de qualit\u00e9 qui se d\u00e9marquent de par leur fonctionnalit\u00e9, leur efficacit\u00e9 et leur design innovant ! Tr\u00e8s pratique pour cuisiner les [&hellip;]\" \/>\n<meta property=\"og:url\" content=\"https:\/\/tupique.com\/pt\/product\/microwave-double-steamer-codowave-innovagoods\/\" \/>\n<meta property=\"og:site_name\" content=\"Tupique\" \/>\n<meta property=\"article:modified_time\" content=\"2026-05-11T19:23:43+00:00\" \/>\n<meta name=\"twitter:card\" content=\"summary_large_image\" \/>\n<meta name=\"twitter:label1\" content=\"Tempo estimado de leitura\" \/>\n\t<meta name=\"twitter:data1\" content=\"1 minuto\" \/>\n<script type=\"application\/ld+json\" class=\"yoast-schema-graph\">{\"@context\":\"https:\\\/\\\/schema.org\",\"@graph\":[{\"@type\":\"WebPage\",\"@id\":\"https:\\\/\\\/tupique.com\\\/product\\\/microwave-double-steamer-codowave-innovagoods\\\/\",\"url\":\"https:\\\/\\\/tupique.com\\\/product\\\/microwave-double-steamer-codowave-innovagoods\\\/\",\"name\":\"Cuiseur-Vapeur Double pour Micro-Ondes Codowave InnovaGoods - Tupique\",\"isPartOf\":{\"@id\":\"https:\\\/\\\/tupique.com\\\/#website\"},\"primaryImageOfPage\":{\"@id\":\"https:\\\/\\\/tupique.com\\\/product\\\/microwave-double-steamer-codowave-innovagoods\\\/#primaryimage\"},\"image\":{\"@id\":\"https:\\\/\\\/tupique.com\\\/product\\\/microwave-double-steamer-codowave-innovagoods\\\/#primaryimage\"},\"thumbnailUrl\":\"https:\\\/\\\/tupique.com\\\/wp-content\\\/uploads\\\/2026\\\/05\\\/V0101128_000_MKT5.jpg\",\"datePublished\":\"2026-03-27T19:48:59+00:00\",\"dateModified\":\"2026-05-11T19:23:43+00:00\",\"breadcrumb\":{\"@id\":\"https:\\\/\\\/tupique.com\\\/product\\\/microwave-double-steamer-codowave-innovagoods\\\/#breadcrumb\"},\"inLanguage\":\"pt-PT\",\"potentialAction\":[{\"@type\":\"ReadAction\",\"target\":[\"https:\\\/\\\/tupique.com\\\/product\\\/microwave-double-steamer-codowave-innovagoods\\\/\"]}]},{\"@type\":\"ImageObject\",\"inLanguage\":\"pt-PT\",\"@id\":\"https:\\\/\\\/tupique.com\\\/product\\\/microwave-double-steamer-codowave-innovagoods\\\/#primaryimage\",\"url\":\"https:\\\/\\\/tupique.com\\\/wp-content\\\/uploads\\\/2026\\\/05\\\/V0101128_000_MKT5.jpg\",\"contentUrl\":\"https:\\\/\\\/tupique.com\\\/wp-content\\\/uploads\\\/2026\\\/05\\\/V0101128_000_MKT5.jpg\",\"width\":1200,\"height\":1200,\"caption\":\"V0101128_0\"},{\"@type\":\"BreadcrumbList\",\"@id\":\"https:\\\/\\\/tupique.com\\\/product\\\/microwave-double-steamer-codowave-innovagoods\\\/#breadcrumb\",\"itemListElement\":[{\"@type\":\"ListItem\",\"position\":1,\"name\":\"commencer\",\"item\":\"https:\\\/\\\/tupique.com\\\/\"},{\"@type\":\"ListItem\",\"position\":2,\"name\":\"Loja\",\"item\":\"https:\\\/\\\/tupique.com\\\/loja\\\/\"},{\"@type\":\"ListItem\",\"position\":3,\"name\":\"Cuiseur-Vapeur Double pour Micro-Ondes Codowave InnovaGoods\"}]},{\"@type\":\"WebSite\",\"@id\":\"https:\\\/\\\/tupique.com\\\/#website\",\"url\":\"https:\\\/\\\/tupique.com\\\/\",\"name\":\"Tupique\",\"description\":\"\",\"publisher\":{\"@id\":\"https:\\\/\\\/tupique.com\\\/#organization\"},\"potentialAction\":[{\"@type\":\"SearchAction\",\"target\":{\"@type\":\"EntryPoint\",\"urlTemplate\":\"https:\\\/\\\/tupique.com\\\/?s={search_term_string}\"},\"query-input\":{\"@type\":\"PropertyValueSpecification\",\"valueRequired\":true,\"valueName\":\"search_term_string\"}}],\"inLanguage\":\"pt-PT\"},{\"@type\":\"Organization\",\"@id\":\"https:\\\/\\\/tupique.com\\\/#organization\",\"name\":\"Tupique\",\"url\":\"https:\\\/\\\/tupique.com\\\/\",\"logo\":{\"@type\":\"ImageObject\",\"inLanguage\":\"pt-PT\",\"@id\":\"https:\\\/\\\/tupique.com\\\/#\\\/schema\\\/logo\\\/image\\\/\",\"url\":\"https:\\\/\\\/tupique.com\\\/wp-content\\\/uploads\\\/2026\\\/03\\\/logo-tupique-1.webp\",\"contentUrl\":\"https:\\\/\\\/tupique.com\\\/wp-content\\\/uploads\\\/2026\\\/03\\\/logo-tupique-1.webp\",\"width\":500,\"height\":67,\"caption\":\"Tupique\"},\"image\":{\"@id\":\"https:\\\/\\\/tupique.com\\\/#\\\/schema\\\/logo\\\/image\\\/\"}}]}<\/script>\n<!-- \/ Yoast SEO plugin. -->","yoast_head_json":{"title":"Cuiseur-Vapeur Double pour Micro-Ondes Codowave InnovaGoods - Tupique","robots":{"index":"index","follow":"follow","max-snippet":"max-snippet:-1","max-image-preview":"max-image-preview:large","max-video-preview":"max-video-preview:-1"},"canonical":"https:\/\/tupique.com\/pt\/product\/microwave-double-steamer-codowave-innovagoods\/","og_locale":"pt_PT","og_type":"article","og_title":"Cuiseur-Vapeur Double pour Micro-Ondes Codowave InnovaGoods - Tupique","og_description":"InnovaGoods vient vous aider \u00e0 cuisiner facilement et de mani\u00e8re amusante en vous offrant les meilleures nouveaut\u00e9s pour votre cuisine, comme Cuiseur-Vapeur Double pour Micro-Ondes Codowave InnovaGoods ! D\u00e9couvrez une vaste gamme de produits de qualit\u00e9 qui se d\u00e9marquent de par leur fonctionnalit\u00e9, leur efficacit\u00e9 et leur design innovant ! Tr\u00e8s pratique pour cuisiner les [&hellip;]","og_url":"https:\/\/tupique.com\/pt\/product\/microwave-double-steamer-codowave-innovagoods\/","og_site_name":"Tupique","article_modified_time":"2026-05-11T19:23:43+00:00","twitter_card":"summary_large_image","twitter_misc":{"Tempo estimado de leitura":"1 minuto"},"schema":{"@context":"https:\/\/schema.org","@graph":[{"@type":"WebPage","@id":"https:\/\/tupique.com\/product\/microwave-double-steamer-codowave-innovagoods\/","url":"https:\/\/tupique.com\/product\/microwave-double-steamer-codowave-innovagoods\/","name":"Cuiseur-Vapeur Double pour Micro-Ondes Codowave InnovaGoods - Tupique","isPartOf":{"@id":"https:\/\/tupique.com\/#website"},"primaryImageOfPage":{"@id":"https:\/\/tupique.com\/product\/microwave-double-steamer-codowave-innovagoods\/#primaryimage"},"image":{"@id":"https:\/\/tupique.com\/product\/microwave-double-steamer-codowave-innovagoods\/#primaryimage"},"thumbnailUrl":"https:\/\/tupique.com\/wp-content\/uploads\/2026\/05\/V0101128_000_MKT5.jpg","datePublished":"2026-03-27T19:48:59+00:00","dateModified":"2026-05-11T19:23:43+00:00","breadcrumb":{"@id":"https:\/\/tupique.com\/product\/microwave-double-steamer-codowave-innovagoods\/#breadcrumb"},"inLanguage":"pt-PT","potentialAction":[{"@type":"ReadAction","target":["https:\/\/tupique.com\/product\/microwave-double-steamer-codowave-innovagoods\/"]}]},{"@type":"ImageObject","inLanguage":"pt-PT","@id":"https:\/\/tupique.com\/product\/microwave-double-steamer-codowave-innovagoods\/#primaryimage","url":"https:\/\/tupique.com\/wp-content\/uploads\/2026\/05\/V0101128_000_MKT5.jpg","contentUrl":"https:\/\/tupique.com\/wp-content\/uploads\/2026\/05\/V0101128_000_MKT5.jpg","width":1200,"height":1200,"caption":"V0101128_0"},{"@type":"BreadcrumbList","@id":"https:\/\/tupique.com\/product\/microwave-double-steamer-codowave-innovagoods\/#breadcrumb","itemListElement":[{"@type":"ListItem","position":1,"name":"commencer","item":"https:\/\/tupique.com\/"},{"@type":"ListItem","position":2,"name":"Loja","item":"https:\/\/tupique.com\/loja\/"},{"@type":"ListItem","position":3,"name":"Cuiseur-Vapeur Double pour Micro-Ondes Codowave InnovaGoods"}]},{"@type":"WebSite","@id":"https:\/\/tupique.com\/#website","url":"https:\/\/tupique.com\/","name":"Tupique","description":"","publisher":{"@id":"https:\/\/tupique.com\/#organization"},"potentialAction":[{"@type":"SearchAction","target":{"@type":"EntryPoint","urlTemplate":"https:\/\/tupique.com\/?s={search_term_string}"},"query-input":{"@type":"PropertyValueSpecification","valueRequired":true,"valueName":"search_term_string"}}],"inLanguage":"pt-PT"},{"@type":"Organization","@id":"https:\/\/tupique.com\/#organization","name":"Tupique","url":"https:\/\/tupique.com\/","logo":{"@type":"ImageObject","inLanguage":"pt-PT","@id":"https:\/\/tupique.com\/#\/schema\/logo\/image\/","url":"https:\/\/tupique.com\/wp-content\/uploads\/2026\/03\/logo-tupique-1.webp","contentUrl":"https:\/\/tupique.com\/wp-content\/uploads\/2026\/03\/logo-tupique-1.webp","width":500,"height":67,"caption":"Tupique"},"image":{"@id":"https:\/\/tupique.com\/#\/schema\/logo\/image\/"}}]}},"_links":{"self":[{"href":"https:\/\/tupique.com\/pt\/wp-json\/wp\/v2\/product\/8513","targetHints":{"allow":["GET"]}}],"collection":[{"href":"https:\/\/tupique.com\/pt\/wp-json\/wp\/v2\/product"}],"about":[{"href":"https:\/\/tupique.com\/pt\/wp-json\/wp\/v2\/types\/product"}],"replies":[{"embeddable":true,"href":"https:\/\/tupique.com\/pt\/wp-json\/wp\/v2\/comments?post=8513"}],"wp:featuredmedia":[{"embeddable":true,"href":"https:\/\/tupique.com\/pt\/wp-json\/wp\/v2\/media\/179437"}],"wp:attachment":[{"href":"https:\/\/tupique.com\/pt\/wp-json\/wp\/v2\/media?parent=8513"}],"wp:term":[{"taxonomy":"product_brand","embeddable":true,"href":"https:\/\/tupique.com\/pt\/wp-json\/wp\/v2\/product_brand?post=8513"},{"taxonomy":"product_cat","embeddable":true,"href":"https:\/\/tupique.com\/pt\/wp-json\/wp\/v2\/product_cat?post=8513"},{"taxonomy":"product_tag","embeddable":true,"href":"https:\/\/tupique.com\/pt\/wp-json\/wp\/v2\/product_tag?post=8513"}],"curies":[{"name":"wp","href":"https:\/\/api.w.org\/{rel}","templated":true}]}}